{"id":19300,"date":"2025-12-04T14:36:06","date_gmt":"2025-12-04T06:36:06","guid":{"rendered":"https:\/\/dezsmt.com\/?post_type=product&#038;p=19300"},"modified":"2025-12-17T16:15:45","modified_gmt":"2025-12-17T08:15:45","slug":"wave-soldring-cooling-conveyor","status":"publish","type":"product","link":"https:\/\/dezsmt.com\/tr\/product-center\/wave-soldring-cooling-conveyor\/","title":{"rendered":"WAVE SOLDRING SO\u011eUTMA KONVEY\u00d6R\u00dc"},"content":{"rendered":"<h3><strong><b><img decoding=\"async\" class=\"alignnone size-medium wp-image-19461\" src=\"https:\/\/dezsmt.com\/wp-content\/uploads\/2025\/12\/2-300x300.png\" alt=\"\" width=\"300\" height=\"300\" title=\"\" srcset=\"https:\/\/dezsmt.com\/wp-content\/uploads\/2025\/12\/2-300x300.png 300w, https:\/\/dezsmt.com\/wp-content\/uploads\/2025\/12\/2-150x150.png 150w, https:\/\/dezsmt.com\/wp-content\/uploads\/2025\/12\/2-12x12.png 12w, https:\/\/dezsmt.com\/wp-content\/uploads\/2025\/12\/2-600x600.png 600w, https:\/\/dezsmt.com\/wp-content\/uploads\/2025\/12\/2-100x100.png 100w, https:\/\/dezsmt.com\/wp-content\/uploads\/2025\/12\/2.png 750w\" sizes=\"(max-width: 300px) 100vw, 300px\" \/><\/b><\/strong><\/h3>\n<h3><span class=\"ez-toc-section\" id=\"WAVE_SOLDRING_COOLING_CONVEYOR\"><\/span><strong><b>WAVE SOLDRING SO\u011eUTMA KONVEY\u00d6R\u00dc<\/b><\/strong><span class=\"ez-toc-section-end\"><\/span><\/h3>\n<h3><span class=\"ez-toc-section\" id=\"Features\"><\/span><strong><b>\u00d6zellikler:<\/b><\/strong><span class=\"ez-toc-section-end\"><\/span><\/h3>\n<p>So\u011futma fanlar\u0131yla donat\u0131lm\u0131\u015f e\u011fimli y\u00fcksek s\u0131cakl\u0131k antistatik bantl\u0131 konvey\u00f6rler, dalga lehimleme i\u015fleminden sonra DIP \u00fcretim hatlar\u0131nda yayg\u0131n olarak kullan\u0131lmaktad\u0131r.<\/p>\n<p>Kullan\u0131m\u0131 kolay h\u0131z ayar d\u00fc\u011fmesi<\/p>\n<p>Yeni lehimlenmi\u015f PCB&#039;lerin cebri hava so\u011futmas\u0131 i\u00e7in \u00e7ok say\u0131da \u00fcstten so\u011futma fan\u0131 mod\u00fcl\u00fc ile donat\u0131lm\u0131\u015ft\u0131r.<\/p>\n<p>Dalga lehimleme makinesinin \u00e7\u0131k\u0131\u015f ucunda so\u011futma ve ta\u015f\u0131ma amac\u0131yla kullan\u0131l\u0131r.<\/p>\n<p>\u0130ste\u011fe ba\u011fl\u0131 olarak \u00f6zel makine boyutlar\u0131 temin edilebilir.<\/p>\n<p><strong><b>Teknik parametreler<\/b><\/strong><\/p>\n<p>A\u00e7\u0131klama: Bu makine, dalga lehimleme y\u00f6ntemiyle \u00fcretilen bask\u0131l\u0131 devre kartlar\u0131n\u0131n (PCB) iletiminde kullan\u0131l\u0131r.<\/p>\n<h3><span class=\"ez-toc-section\" id=\"Belt_Type_Flat_Belt\"><\/span>Kemer Tipi: D\u00fcz Kemer<span class=\"ez-toc-section-end\"><\/span><\/h3>\n<p>Ta\u015f\u0131ma H\u0131z\u0131: 0,5-20 m\/dak<\/p>\n<p>G\u00fc\u00e7 kayna\u011f\u0131: AC 110 V veya 220 V; Tek fazl\u0131 G\u00fc\u00e7 t\u00fcketimi: 100 VA<\/p>\n<p>Ta\u015f\u0131ma Y\u00fcksekli\u011fi: 900 \u00b1 20 mm veya m\u00fc\u015fteri taraf\u0131ndan belirtilen<\/p>\n<p>Y\u00f6n\u00fc Belirtme: Soldan sa\u011fa (LR) veya sa\u011fdan sola (RL)<\/p>\n<table>\n<tbody>\n<tr>\n<td colspan=\"4\" width=\"568\">\n<h3 style=\"text-align: center;\"><span class=\"ez-toc-section\" id=\"Specification_Parameters\"><\/span>Teknik \u00d6zellik Parametreleri<span class=\"ez-toc-section-end\"><\/span><\/h3>\n<\/td>\n<\/tr>\n<tr>\n<td width=\"89\">\n<h4>Model<\/h4>\n<\/td>\n<td width=\"135\">\n<h4>PCB boyutu (MM)<\/h4>\n<\/td>\n<td width=\"106\">\n<h4>A\u011f\u0131rl\u0131k (KG)<\/h4>\n<\/td>\n<td width=\"236\">\n<h4>Boyutlar (Uzunluk*Geni\u015flik*Y\u00fckseklik MM)<\/h4>\n<\/td>\n<\/tr>\n<tr>\n<td width=\"89\">DEZ-400W<\/td>\n<td width=\"135\">50*50-445*350<\/p>\n<p>&nbsp;<\/td>\n<td width=\"106\">35<\/p>\n<p>&nbsp;<\/td>\n<td width=\"236\">1200*520*1400<\/p>\n<p>&nbsp;<\/td>\n<\/tr>\n<tr>\n<td width=\"89\">DEZ-500W<\/p>\n<p>&nbsp;<\/td>\n<td width=\"135\">50*50-530*460<\/p>\n<p>&nbsp;<\/td>\n<td width=\"106\">45<\/td>\n<td width=\"236\">1200*620*1400<\/td>\n<\/tr>\n<\/tbody>\n<\/table>","protected":false},"excerpt":{"rendered":"<p>E\u011fimli PCB So\u011futma Konvey\u00f6r\u00fc | Zorlamal\u0131 hava fan mod\u00fclleri ve antistatik bant ile dalga lehimleme sonras\u0131 so\u011futma i\u00e7in tasarlanm\u0131\u015ft\u0131r. Ayarlanabilir h\u0131z ve \u00f6zelle\u015ftirilebilir uzunluk, DIP \u00fcretim hatt\u0131n\u0131z i\u00e7in optimum PCB so\u011futmas\u0131n\u0131 sa\u011flar.<\/p>","protected":false},"featured_media":19353,"template":"","meta":{"_lmt_disableupdate":"no","_lmt_disable":"","site-sidebar-layout":"default","site-content-layout":"","ast-site-content-layout":"default","site-content-style":"default","site-sidebar-style":"default","ast-global-header-display":"","ast-banner-title-visibility":"","ast-main-header-display":"","ast-hfb-above-header-display":"","ast-hfb-below-header-display":"","ast-hfb-mobile-header-display":"","site-post-title":"","ast-breadcrumbs-content":"","ast-featured-img":"","footer-sml-layout":"","ast-disable-related-posts":"","theme-transparent-header-meta":"default","adv-header-id-meta":"","stick-header-meta":"default","header-above-stick-meta":"","header-main-stick-meta":"","header-below-stick-meta":"","astra-migrate-meta-layouts":"set","ast-page-background-enabled":"default","ast-page-background-meta":{"desktop":{"background-color":"","background-image":"","background-repeat":"repeat","background-position":"center center","background-size":"auto","background-attachment":"scroll","background-type":"","background-media":"","overlay-type":"","overlay-color":"","overlay-opacity":"","overlay-gradient":""},"tablet":{"background-color":"","background-image":"","background-repeat":"repeat","background-position":"center center","background-size":"auto","background-attachment":"scroll","background-type":"","background-media":"","overlay-type":"","overlay-color":"","overlay-opacity":"","overlay-gradient":""},"mobile":{"background-color":"","background-image":"","background-repeat":"repeat","background-position":"center center","background-size":"auto","background-attachment":"scroll","background-type":"","background-media":"","overlay-type":"","overlay-color":"","overlay-opacity":"","overlay-gradient":""}},"ast-content-background-meta":{"desktop":{"background-color":"var(--ast-global-color-5)","background-image":"","background-repeat":"repeat","background-position":"center center","background-size":"auto","background-attachment":"scroll","background-type":"","background-media":"","overlay-type":"","overlay-color":"","overlay-opacity":"","overlay-gradient":""},"tablet":{"background-color":"var(--ast-global-color-5)","background-image":"","background-repeat":"repeat","background-position":"center center","background-size":"auto","background-attachment":"scroll","background-type":"","background-media":"","overlay-type":"","overlay-color":"","overlay-opacity":"","overlay-gradient":""},"mobile":{"background-color":"var(--ast-global-color-5)","background-image":"","background-repeat":"repeat","background-position":"center center","background-size":"auto","background-attachment":"scroll","background-type":"","background-media":"","overlay-type":"","overlay-color":"","overlay-opacity":"","overlay-gradient":""}}},"product_brand":[],"product_cat":[113],"product_tag":[],"class_list":{"0":"post-19300","1":"product","2":"type-product","3":"status-publish","4":"has-post-thumbnail","6":"product_cat-smt-handling-machine","7":"desktop-align-left","8":"tablet-align-left","9":"mobile-align-left","10":"ast-product-gallery-layout-horizontal-slider","11":"ast-product-gallery-with-no-image","12":"ast-product-tabs-layout-horizontal","14":"first","15":"instock","16":"shipping-taxable","17":"product-type-simple"},"_links":{"self":[{"href":"https:\/\/dezsmt.com\/tr\/wp-json\/wp\/v2\/product\/19300","targetHints":{"allow":["GET"]}}],"collection":[{"href":"https:\/\/dezsmt.com\/tr\/wp-json\/wp\/v2\/product"}],"about":[{"href":"https:\/\/dezsmt.com\/tr\/wp-json\/wp\/v2\/types\/product"}],"version-history":[{"count":6,"href":"https:\/\/dezsmt.com\/tr\/wp-json\/wp\/v2\/product\/19300\/revisions"}],"predecessor-version":[{"id":19471,"href":"https:\/\/dezsmt.com\/tr\/wp-json\/wp\/v2\/product\/19300\/revisions\/19471"}],"wp:featuredmedia":[{"embeddable":true,"href":"https:\/\/dezsmt.com\/tr\/wp-json\/wp\/v2\/media\/19353"}],"wp:attachment":[{"href":"https:\/\/dezsmt.com\/tr\/wp-json\/wp\/v2\/media?parent=19300"}],"wp:term":[{"taxonomy":"product_brand","embeddable":true,"href":"https:\/\/dezsmt.com\/tr\/wp-json\/wp\/v2\/product_brand?post=19300"},{"taxonomy":"product_cat","embeddable":true,"href":"https:\/\/dezsmt.com\/tr\/wp-json\/wp\/v2\/product_cat?post=19300"},{"taxonomy":"product_tag","embeddable":true,"href":"https:\/\/dezsmt.com\/tr\/wp-json\/wp\/v2\/product_tag?post=19300"}],"curies":[{"name":"wp","href":"https:\/\/api.w.org\/{rel}","templated":true}]}}