{"id":19296,"date":"2025-12-04T14:37:25","date_gmt":"2025-12-04T06:37:25","guid":{"rendered":"https:\/\/dezsmt.com\/?post_type=product&#038;p=19296"},"modified":"2025-12-17T16:10:18","modified_gmt":"2025-12-17T08:10:18","slug":"wave-soldring-cooling-conveyor-2","status":"publish","type":"product","link":"https:\/\/dezsmt.com\/tr\/product-center\/wave-soldring-cooling-conveyor-2\/","title":{"rendered":"WAVE SOLDRING SO\u011eUTMA KONVEY\u00d6R\u00dc"},"content":{"rendered":"<h3><strong><b><img decoding=\"async\" class=\"alignnone size-medium wp-image-19461\" src=\"https:\/\/dezsmt.com\/wp-content\/uploads\/2025\/12\/2-300x300.png\" alt=\"\" width=\"300\" height=\"300\" title=\"\" srcset=\"https:\/\/dezsmt.com\/wp-content\/uploads\/2025\/12\/2-300x300.png 300w, https:\/\/dezsmt.com\/wp-content\/uploads\/2025\/12\/2-150x150.png 150w, https:\/\/dezsmt.com\/wp-content\/uploads\/2025\/12\/2-12x12.png 12w, https:\/\/dezsmt.com\/wp-content\/uploads\/2025\/12\/2-600x600.png 600w, https:\/\/dezsmt.com\/wp-content\/uploads\/2025\/12\/2-100x100.png 100w, https:\/\/dezsmt.com\/wp-content\/uploads\/2025\/12\/2.png 750w\" sizes=\"(max-width: 300px) 100vw, 300px\" \/><\/b><\/strong><\/h3>\n<h3><span class=\"ez-toc-section\" id=\"WAVE_SOLDRING_COOLING_CONVEYOR\"><\/span><strong><b>WAVE SOLDRING SO\u011eUTMA KONVEY\u00d6R\u00dc<\/b><\/strong><span class=\"ez-toc-section-end\"><\/span><\/h3>\n<h3><span class=\"ez-toc-section\" id=\"Features\"><\/span><strong><b>\u00d6zellikler:<\/b><\/strong><span class=\"ez-toc-section-end\"><\/span><\/h3>\n<p>Kullan\u0131m\u0131 kolay h\u0131z ayar d\u00fc\u011fmesi<\/p>\n<p>Zincir tipi ta\u015f\u0131ma tasar\u0131m\u0131, y\u00fcksek y\u00fck ta\u015f\u0131ma kapasitesi ve istikrarl\u0131 iletim.<\/p>\n<p>\u0130ste\u011fe ba\u011fl\u0131 dikd\u00f6rtgen kaynakl\u0131 \u00e7er\u00e7eve veya al\u00fcminyum profil \u00e7er\u00e7eve<\/p>\n<p>Paralel ve d\u00fczg\u00fcn manuel geni\u015flik ayar\u0131 (lead vidas\u0131 arac\u0131l\u0131\u011f\u0131yla).<\/p>\n<p>Ta\u015f\u0131ma h\u0131z\u0131 ve y\u00fcksekli\u011fi ayarlanabilir.<\/p>\n<p>Konvey\u00f6rler aras\u0131ndaki iletim mesafesini en aza indirin.<\/p>\n<p>\u0130ste\u011fe ba\u011fl\u0131 olarak \u00f6zel makine boyutlar\u0131 temin edilebilir.<\/p>\n<h3><span class=\"ez-toc-section\" id=\"Technical_parameters\"><\/span><strong><b>Teknik parametreler<\/b><\/strong><span class=\"ez-toc-section-end\"><\/span><\/h3>\n<p>A\u00e7\u0131klama: Bu makine, dalga lehimleme y\u00f6ntemiyle \u00fcretilen bask\u0131l\u0131 devre kartlar\u0131n\u0131n (PCB) iletiminde kullan\u0131l\u0131r.<\/p>\n<p>Kay\u0131\u015f Tipi: Zincir veya user \u00f6zelle\u015ftirmesi<\/p>\n<p>Ta\u015f\u0131ma H\u0131z\u0131: 0,5-20 m\/dak<\/p>\n<p>G\u00fc\u00e7 kayna\u011f\u0131: AC 110 V veya 220 V; Tek fazl\u0131 G\u00fc\u00e7 t\u00fcketimi: 100 VA<\/p>\n<p>Ta\u015f\u0131ma Y\u00fcksekli\u011fi: 900 \u00b1 20 mm veya m\u00fc\u015fteri taraf\u0131ndan belirtilen<\/p>\n<p>Y\u00f6n\u00fc Belirtme: Soldan sa\u011fa (LR) veya sa\u011fdan sola (RL)<\/p>\n<table>\n<tbody>\n<tr>\n<td colspan=\"4\" width=\"568\">\n<h3 style=\"text-align: center;\"><span class=\"ez-toc-section\" id=\"Specification_Parameters\"><\/span>Teknik \u00d6zellik Parametreleri<span class=\"ez-toc-section-end\"><\/span><\/h3>\n<\/td>\n<\/tr>\n<tr>\n<td width=\"89\">\n<h4>Model<\/h4>\n<\/td>\n<td width=\"135\">\n<h4>PCB boyutu (MM)<\/h4>\n<\/td>\n<td width=\"106\">\n<h4>A\u011f\u0131rl\u0131k (KG)<\/h4>\n<\/td>\n<td width=\"236\">\n<h4>Boyutlar (Uzunluk*Geni\u015flik*Y\u00fckseklik MM)<\/h4>\n<\/td>\n<\/tr>\n<tr>\n<td width=\"89\">DEZ-S-BN<\/p>\n<p>&nbsp;<\/td>\n<td width=\"135\">50*50-445*350<\/p>\n<p>&nbsp;<\/td>\n<td width=\"106\">35<\/p>\n<p>&nbsp;<\/td>\n<td width=\"236\">800*600*750<\/p>\n<p>&nbsp;<\/td>\n<\/tr>\n<tr>\n<td width=\"89\">DEZ-M-BN<\/p>\n<p>&nbsp;<\/td>\n<td width=\"135\">50*50-530*460<\/p>\n<p>&nbsp;<\/td>\n<td width=\"106\">45<\/td>\n<td width=\"236\">800*700*750<\/td>\n<\/tr>\n<\/tbody>\n<\/table>","protected":false},"excerpt":{"rendered":"<p>A\u011f\u0131r Hizmet Tipi Dalga Lehimleme Konvey\u00f6r\u00fc | Stabil PCB ta\u015f\u0131ma i\u00e7in zincir tipi tasar\u0131m. Manuel geni\u015flik\/y\u00fckseklik\/h\u0131z ayar\u0131 ve iste\u011fe ba\u011fl\u0131 kaynakl\u0131 veya al\u00fcminyum \u00e7er\u00e7eveler i\u00e7erir. Y\u00fcksek hacimli lehimleme hatlar\u0131nda g\u00fcvenilirlik i\u00e7in \u00fcretilmi\u015ftir.<\/p>","protected":false},"featured_media":19352,"template":"","meta":{"_lmt_disableupdate":"no","_lmt_disable":"","site-sidebar-layout":"default","site-content-layout":"","ast-site-content-layout":"default","site-content-style":"default","site-sidebar-style":"default","ast-global-header-display":"","ast-banner-title-visibility":"","ast-main-header-display":"","ast-hfb-above-header-display":"","ast-hfb-below-header-display":"","ast-hfb-mobile-header-display":"","site-post-title":"","ast-breadcrumbs-content":"","ast-featured-img":"","footer-sml-layout":"","ast-disable-related-posts":"","theme-transparent-header-meta":"default","adv-header-id-meta":"","stick-header-meta":"default","header-above-stick-meta":"","header-main-stick-meta":"","header-below-stick-meta":"","astra-migrate-meta-layouts":"set","ast-page-background-enabled":"default","ast-page-background-meta":{"desktop":{"background-color":"","background-image":"","background-repeat":"repeat","background-position":"center center","background-size":"auto","background-attachment":"scroll","background-type":"","background-media":"","overlay-type":"","overlay-color":"","overlay-opacity":"","overlay-gradient":""},"tablet":{"background-color":"","background-image":"","background-repeat":"repeat","background-position":"center center","background-size":"auto","background-attachment":"scroll","background-type":"","background-media":"","overlay-type":"","overlay-color":"","overlay-opacity":"","overlay-gradient":""},"mobile":{"background-color":"","background-image":"","background-repeat":"repeat","background-position":"center center","background-size":"auto","background-attachment":"scroll","background-type":"","background-media":"","overlay-type":"","overlay-color":"","overlay-opacity":"","overlay-gradient":""}},"ast-content-background-meta":{"desktop":{"background-color":"var(--ast-global-color-5)","background-image":"","background-repeat":"repeat","background-position":"center center","background-size":"auto","background-attachment":"scroll","background-type":"","background-media":"","overlay-type":"","overlay-color":"","overlay-opacity":"","overlay-gradient":""},"tablet":{"background-color":"var(--ast-global-color-5)","background-image":"","background-repeat":"repeat","background-position":"center center","background-size":"auto","background-attachment":"scroll","background-type":"","background-media":"","overlay-type":"","overlay-color":"","overlay-opacity":"","overlay-gradient":""},"mobile":{"background-color":"var(--ast-global-color-5)","background-image":"","background-repeat":"repeat","background-position":"center center","background-size":"auto","background-attachment":"scroll","background-type":"","background-media":"","overlay-type":"","overlay-color":"","overlay-opacity":"","overlay-gradient":""}}},"product_brand":[],"product_cat":[113],"product_tag":[],"class_list":{"0":"post-19296","1":"product","2":"type-product","3":"status-publish","4":"has-post-thumbnail","6":"product_cat-smt-handling-machine","7":"desktop-align-left","8":"tablet-align-left","9":"mobile-align-left","10":"ast-product-gallery-layout-horizontal-slider","11":"ast-product-gallery-with-no-image","12":"ast-product-tabs-layout-horizontal","14":"first","15":"instock","16":"shipping-taxable","17":"product-type-simple"},"_links":{"self":[{"href":"https:\/\/dezsmt.com\/tr\/wp-json\/wp\/v2\/product\/19296","targetHints":{"allow":["GET"]}}],"collection":[{"href":"https:\/\/dezsmt.com\/tr\/wp-json\/wp\/v2\/product"}],"about":[{"href":"https:\/\/dezsmt.com\/tr\/wp-json\/wp\/v2\/types\/product"}],"version-history":[{"count":6,"href":"https:\/\/dezsmt.com\/tr\/wp-json\/wp\/v2\/product\/19296\/revisions"}],"predecessor-version":[{"id":19469,"href":"https:\/\/dezsmt.com\/tr\/wp-json\/wp\/v2\/product\/19296\/revisions\/19469"}],"wp:featuredmedia":[{"embeddable":true,"href":"https:\/\/dezsmt.com\/tr\/wp-json\/wp\/v2\/media\/19352"}],"wp:attachment":[{"href":"https:\/\/dezsmt.com\/tr\/wp-json\/wp\/v2\/media?parent=19296"}],"wp:term":[{"taxonomy":"product_brand","embeddable":true,"href":"https:\/\/dezsmt.com\/tr\/wp-json\/wp\/v2\/product_brand?post=19296"},{"taxonomy":"product_cat","embeddable":true,"href":"https:\/\/dezsmt.com\/tr\/wp-json\/wp\/v2\/product_cat?post=19296"},{"taxonomy":"product_tag","embeddable":true,"href":"https:\/\/dezsmt.com\/tr\/wp-json\/wp\/v2\/product_tag?post=19296"}],"curies":[{"name":"wp","href":"https:\/\/api.w.org\/{rel}","templated":true}]}}