{"id":19268,"date":"2025-12-02T11:19:23","date_gmt":"2025-12-02T03:19:23","guid":{"rendered":"https:\/\/dezsmt.com\/?post_type=product&#038;p=19268"},"modified":"2025-12-17T16:44:42","modified_gmt":"2025-12-17T08:44:42","slug":"standard-magazine-loader","status":"publish","type":"product","link":"https:\/\/dezsmt.com\/tr\/product-center\/standard-magazine-loader\/","title":{"rendered":"STANDART \u015eARJ\u00d6R Y\u00dcKLEY\u0130C\u0130"},"content":{"rendered":"<h3><img decoding=\"async\" class=\"alignnone size-medium wp-image-19461\" src=\"https:\/\/dezsmt.com\/wp-content\/uploads\/2025\/12\/2-300x300.png\" alt=\"\" width=\"300\" height=\"300\" title=\"\" srcset=\"https:\/\/dezsmt.com\/wp-content\/uploads\/2025\/12\/2-300x300.png 300w, https:\/\/dezsmt.com\/wp-content\/uploads\/2025\/12\/2-150x150.png 150w, https:\/\/dezsmt.com\/wp-content\/uploads\/2025\/12\/2-12x12.png 12w, https:\/\/dezsmt.com\/wp-content\/uploads\/2025\/12\/2-600x600.png 600w, https:\/\/dezsmt.com\/wp-content\/uploads\/2025\/12\/2-100x100.png 100w, https:\/\/dezsmt.com\/wp-content\/uploads\/2025\/12\/2.png 750w\" sizes=\"(max-width: 300px) 100vw, 300px\" \/><\/h3>\n<h3>STANDART \u015eARJ\u00d6R Y\u00dcKLEY\u0130C\u0130<\/h3>\n<h3><strong><b>\u00d6zellikler:<\/b><\/strong><\/h3>\n<p>Sa\u011flam yap\u0131sal tasar\u0131m<\/p>\n<p>\u0130ki kontrol paneli se\u00e7ene\u011fi mevcuttur: Kullan\u0131m\u0131 kolay, hafif dokunu\u015flu LED membran anahtar veya dokunmatik ekran.<\/p>\n<p>\u00dcst ve alt pn\u00f6matik kelep\u00e7eler, \u015farj\u00f6r\u00fcn do\u011fru konumland\u0131r\u0131lmas\u0131n\u0131 sa\u011flar.<\/p>\n<p>\u00d6zel hava devresi tasar\u0131m\u0131, PCB&#039;nin hasar g\u00f6rmesini \u00f6nler.<\/p>\n<p>Otomatik ar\u0131za kodu tespiti ve g\u00f6r\u00fcnt\u00fcleme fonksiyonu<\/p>\n<p>Uzun \u00f6m\u00fcrl\u00fc a\u015f\u0131nmaya dayan\u0131kl\u0131 kablolar service<\/p>\n<p>Uyumlu SMEMA aray\u00fcz\u00fc<\/p>\n<h3><strong><b>Teknik parametreler<\/b><\/strong><\/h3>\n<p>A\u00e7\u0131klama: Bu ekipman, bask\u0131l\u0131 devre kartlar\u0131n\u0131 (PCB) y\u00fczey montajl\u0131 montaj (SMT) \u00fcretim hatt\u0131na y\u00fcklemek i\u00e7in kullan\u0131l\u0131r.<\/p>\n<p>\u015earj\u00f6r Kapasitesi: 1 \u015earj\u00f6r (\u00dcst) ve 2 \u015earj\u00f6r (Alt).<\/p>\n<p>Besleme S\u00fcresi: Yakla\u015f\u0131k 6 saniye veya belirtin.<\/p>\n<p>\u015earj\u00f6r de\u011fi\u015ftirme s\u00fcresi: Yakla\u015f\u0131k 30 saniye veya belirtin.<\/p>\n<p>Step motor aral\u0131\u011f\u0131: 10, 20, 30, 40 mm veya user taraf\u0131ndan belirtilen.<\/p>\n<p>G\u00fc\u00e7 Kayna\u011f\u0131: AC 110V veya 220V; Tek fazl\u0131.<\/p>\n<p>G\u00fc\u00e7: Maks. 300 VA.<\/p>\n<p>Hava Bas\u0131nc\u0131 \/ T\u00fcketim: 4\u20136 bar, Maks. 10 L\/dak.<\/p>\n<p>Ta\u015f\u0131ma Y\u00fcksekli\u011fi: 900 \u00b1 20 mm veya m\u00fc\u015fteri taraf\u0131ndan belirtilen<\/p>\n<p>\u0130letme Y\u00f6n\u00fc: Soldan Sa\u011fa (LR) veya Sa\u011fdan Sola (RL).<\/p>\n<table>\n<tbody>\n<tr>\n<td width=\"82\">\n<h4>Model<\/h4>\n<\/td>\n<td width=\"116\">\n<h4>PCB boyutu (MM)<\/h4>\n<\/td>\n<td width=\"155\">\n<h4>Dergi (Uzunluk*Geni\u015flik*Y\u00fckseklik MM)<\/h4>\n<\/td>\n<td width=\"94\">\n<h4>A\u011f\u0131rl\u0131k (KG)<\/h4>\n<\/td>\n<td width=\"137\">\n<h4>Boyutlar (Uzunluk*Geni\u015flik*Y\u00fckseklik MM)<\/h4>\n<\/td>\n<\/tr>\n<tr>\n<td width=\"82\">DEZ-S-TN<\/td>\n<td width=\"116\">50*80-330*250<\/td>\n<td width=\"155\">355*320*563<\/td>\n<td width=\"94\">140<\/td>\n<td width=\"137\">1330*765*1250<\/td>\n<\/tr>\n<tr>\n<td width=\"82\">DEZ-M-TN<\/td>\n<td width=\"116\">50*80-445*330<\/td>\n<td width=\"155\">460*400*563<\/td>\n<td width=\"94\">200<\/td>\n<td width=\"137\">1650*845*1250<\/td>\n<\/tr>\n<tr>\n<td width=\"82\">DEZ-L-TN<\/td>\n<td width=\"116\">50*80-530*390<\/td>\n<td width=\"155\">535*460*563<\/td>\n<td width=\"94\">240<\/td>\n<td width=\"137\">1800*909*1250<\/td>\n<\/tr>\n<tr>\n<td width=\"82\">DEZ-XL-TN<\/td>\n<td width=\"116\">50*80-530*460<\/td>\n<td width=\"155\">535*530*563<\/td>\n<td width=\"94\">300<\/td>\n<td width=\"137\">1800*980*1250<\/td>\n<\/tr>\n<tr>\n<td width=\"82\">DEZ-XXL-TN<\/td>\n<td width=\"116\">50*80-610*460<\/td>\n<td width=\"155\">630*530*563<\/td>\n<td width=\"94\">350<\/td>\n<td width=\"137\">2065*1230*1250<\/td>\n<\/tr>\n<\/tbody>\n<\/table>","protected":false},"excerpt":{"rendered":"<p>PCB Y\u00fckleyici \u2013 Pn\u00f6matik s\u0131k\u0131\u015ft\u0131rma, dokunmatik ekran\/LED kontrolleri, SMEMA uyumlulu\u011fu ve \u00f6zelle\u015ftirilebilir step motor aral\u0131\u011f\u0131 ile PCB&#039;leri SMT hatlar\u0131na verimli bir \u015fekilde y\u00fckler. G\u00fcvenilir \u00fcretim otomasyonu i\u00e7in hata tespiti ve 6 saniyelik h\u0131zl\u0131 besleme \u00f6zelli\u011fine sahiptir.<\/p>","protected":false},"featured_media":19346,"template":"","meta":{"_lmt_disableupdate":"no","_lmt_disable":"","site-sidebar-layout":"default","site-content-layout":"","ast-site-content-layout":"default","site-content-style":"default","site-sidebar-style":"default","ast-global-header-display":"","ast-banner-title-visibility":"","ast-main-header-display":"","ast-hfb-above-header-display":"","ast-hfb-below-header-display":"","ast-hfb-mobile-header-display":"","site-post-title":"","ast-breadcrumbs-content":"","ast-featured-img":"","footer-sml-layout":"","ast-disable-related-posts":"","theme-transparent-header-meta":"default","adv-header-id-meta":"","stick-header-meta":"default","header-above-stick-meta":"","header-main-stick-meta":"","header-below-stick-meta":"","astra-migrate-meta-layouts":"set","ast-page-background-enabled":"default","ast-page-background-meta":{"desktop":{"background-color":"","background-image":"","background-repeat":"repeat","background-position":"center center","background-size":"auto","background-attachment":"scroll","background-type":"","background-media":"","overlay-type":"","overlay-color":"","overlay-opacity":"","overlay-gradient":""},"tablet":{"background-color":"","background-image":"","background-repeat":"repeat","background-position":"center center","background-size":"auto","background-attachment":"scroll","background-type":"","background-media":"","overlay-type":"","overlay-color":"","overlay-opacity":"","overlay-gradient":""},"mobile":{"background-color":"","background-image":"","background-repeat":"repeat","background-position":"center center","background-size":"auto","background-attachment":"scroll","background-type":"","background-media":"","overlay-type":"","overlay-color":"","overlay-opacity":"","overlay-gradient":""}},"ast-content-background-meta":{"desktop":{"background-color":"var(--ast-global-color-5)","background-image":"","background-repeat":"repeat","background-position":"center center","background-size":"auto","background-attachment":"scroll","background-type":"","background-media":"","overlay-type":"","overlay-color":"","overlay-opacity":"","overlay-gradient":""},"tablet":{"background-color":"var(--ast-global-color-5)","background-image":"","background-repeat":"repeat","background-position":"center center","background-size":"auto","background-attachment":"scroll","background-type":"","background-media":"","overlay-type":"","overlay-color":"","overlay-opacity":"","overlay-gradient":""},"mobile":{"background-color":"var(--ast-global-color-5)","background-image":"","background-repeat":"repeat","background-position":"center center","background-size":"auto","background-attachment":"scroll","background-type":"","background-media":"","overlay-type":"","overlay-color":"","overlay-opacity":"","overlay-gradient":""}}},"product_brand":[],"product_cat":[113],"product_tag":[],"class_list":{"0":"post-19268","1":"product","2":"type-product","3":"status-publish","4":"has-post-thumbnail","6":"product_cat-smt-handling-machine","7":"desktop-align-left","8":"tablet-align-left","9":"mobile-align-left","10":"ast-product-gallery-layout-horizontal-slider","11":"ast-product-tabs-layout-horizontal","13":"first","14":"instock","15":"shipping-taxable","16":"product-type-simple"},"_links":{"self":[{"href":"https:\/\/dezsmt.com\/tr\/wp-json\/wp\/v2\/product\/19268","targetHints":{"allow":["GET"]}}],"collection":[{"href":"https:\/\/dezsmt.com\/tr\/wp-json\/wp\/v2\/product"}],"about":[{"href":"https:\/\/dezsmt.com\/tr\/wp-json\/wp\/v2\/types\/product"}],"version-history":[{"count":6,"href":"https:\/\/dezsmt.com\/tr\/wp-json\/wp\/v2\/product\/19268\/revisions"}],"predecessor-version":[{"id":19477,"href":"https:\/\/dezsmt.com\/tr\/wp-json\/wp\/v2\/product\/19268\/revisions\/19477"}],"wp:featuredmedia":[{"embeddable":true,"href":"https:\/\/dezsmt.com\/tr\/wp-json\/wp\/v2\/media\/19346"}],"wp:attachment":[{"href":"https:\/\/dezsmt.com\/tr\/wp-json\/wp\/v2\/media?parent=19268"}],"wp:term":[{"taxonomy":"product_brand","embeddable":true,"href":"https:\/\/dezsmt.com\/tr\/wp-json\/wp\/v2\/product_brand?post=19268"},{"taxonomy":"product_cat","embeddable":true,"href":"https:\/\/dezsmt.com\/tr\/wp-json\/wp\/v2\/product_cat?post=19268"},{"taxonomy":"product_tag","embeddable":true,"href":"https:\/\/dezsmt.com\/tr\/wp-json\/wp\/v2\/product_tag?post=19268"}],"curies":[{"name":"wp","href":"https:\/\/api.w.org\/{rel}","templated":true}]}}