{"id":19261,"date":"2025-12-04T14:43:44","date_gmt":"2025-12-04T06:43:44","guid":{"rendered":"https:\/\/dezsmt.com\/?post_type=product&#038;p=19261"},"modified":"2025-12-17T16:03:42","modified_gmt":"2025-12-17T08:03:42","slug":"inspection-high-end-conveyor","status":"publish","type":"product","link":"https:\/\/dezsmt.com\/tr\/product-center\/inspection-high-end-conveyor\/","title":{"rendered":"DENET\u0130M Y\u00dcKSEK SON KONVEY\u00d6R"},"content":{"rendered":"<h3><strong><b><img decoding=\"async\" class=\"alignnone size-medium wp-image-19461\" src=\"https:\/\/dezsmt.com\/wp-content\/uploads\/2025\/12\/2-300x300.png\" alt=\"\" width=\"300\" height=\"300\" title=\"\" srcset=\"https:\/\/dezsmt.com\/wp-content\/uploads\/2025\/12\/2-300x300.png 300w, https:\/\/dezsmt.com\/wp-content\/uploads\/2025\/12\/2-150x150.png 150w, https:\/\/dezsmt.com\/wp-content\/uploads\/2025\/12\/2-12x12.png 12w, https:\/\/dezsmt.com\/wp-content\/uploads\/2025\/12\/2-600x600.png 600w, https:\/\/dezsmt.com\/wp-content\/uploads\/2025\/12\/2-100x100.png 100w, https:\/\/dezsmt.com\/wp-content\/uploads\/2025\/12\/2.png 750w\" sizes=\"(max-width: 300px) 100vw, 300px\" \/><\/b><\/strong><\/h3>\n<h3><span class=\"ez-toc-section\" id=\"INSPECTION_HIGH_END_CONVEYOR\"><\/span><strong><b>DENET\u0130M Y\u00dcKSEK SON KONVEY\u00d6R<\/b><\/strong><span class=\"ez-toc-section-end\"><\/span><\/h3>\n<h3><span class=\"ez-toc-section\" id=\"Features\"><\/span><strong><b>\u00d6zellikler:<\/b><\/strong><span class=\"ez-toc-section-end\"><\/span><\/h3>\n<p>S\u00fcrt\u00fcnmeden kaynaklanan elektrostatik de\u015farj (ESD) hasar\u0131n\u0131 \u00f6nlemek i\u00e7in ESD kay\u0131\u015flar\u0131 kullan\u0131r.<\/p>\n<p>A\u011f\u0131rl\u0131kl\u0131 tasar\u0131m, dengeyi art\u0131r\u0131r.<\/p>\n<p>Denetim modu ve otomatik mod<\/p>\n<p>\u00c7ok b\u00f6lgeli konum do\u011frulu\u011funu sa\u011flama<\/p>\n<p>Ergonomik tasar\u0131m, kollar\u0131 dinlendirmeyi sa\u011flar.<\/p>\n<p>M\u00fc\u015fterinin iste\u011fine g\u00f6re \u00f6zel makine uzunlu\u011fu<\/p>\n<p>\u00c7ok b\u00f6lgeli sistemlerden istedi\u011finiz say\u0131da sipari\u015f verebilirsiniz.<\/p>\n<p>De\u011fi\u015fken h\u0131z kontrol\u00fc<\/p>\n<p>Hassas laser ve dayan\u0131kl\u0131 kesim paslanmaz \u00e7elik yap\u0131<\/p>\n<p>Uyumlu SMEMA aray\u00fcz\u00fc<\/p>\n<h3><span class=\"ez-toc-section\" id=\"Technical_parameters\"><\/span><strong><b>Teknik parametreler<\/b><\/strong><span class=\"ez-toc-section-end\"><\/span><\/h3>\n<p>A\u00e7\u0131klama: Bu device, PCB montaj ekipman\u0131n\u0131n SMT makinesi veya operat\u00f6r test istasyonuna e\u015fde\u011ferdir.<\/p>\n<p>Kay\u0131\u015f tipi: EMS yass\u0131 kay\u0131\u015f<\/p>\n<p>Ta\u015f\u0131ma h\u0131z\u0131: 0,5-20 m\/dak veya m\u00fc\u015fteri taraf\u0131ndan belirtilen<\/p>\n<p>G\u00fc\u00e7 kayna\u011f\u0131: AC 1P 110V\/220V<\/p>\n<p>G\u00fc\u00e7: Maks. 100VA<\/p>\n<p>Ta\u015f\u0131ma y\u00fcksekli\u011fi: 900\u00b120 mm (veya iste\u011fe g\u00f6re ayarlanabilir)<\/p>\n<p>Ta\u015f\u0131ma y\u00f6n\u00fc: Soldan sa\u011fa veya sa\u011fdan sola<\/p>\n<table>\n<tbody>\n<tr>\n<td colspan=\"4\" width=\"600\">\n<h3 style=\"text-align: center;\"><span class=\"ez-toc-section\" id=\"Specification_Parameters\"><\/span>Teknik \u00d6zellik Parametreleri<span class=\"ez-toc-section-end\"><\/span><\/h3>\n<\/td>\n<\/tr>\n<tr>\n<td width=\"142\">\n<h4>Model<\/h4>\n<\/td>\n<td width=\"142\">\n<h4>PCB boyutu (MM)<\/h4>\n<\/td>\n<td width=\"142\">\n<h4>A\u011f\u0131rl\u0131k (KG)<\/h4>\n<\/td>\n<td width=\"174\">\n<h4>Boyutlar (Uzunluk*Geni\u015flik*Y\u00fckseklik MM)<\/h4>\n<\/td>\n<\/tr>\n<tr>\n<td width=\"142\">DEZ-050S-N<\/td>\n<td width=\"142\">50*50-460*460<\/td>\n<td width=\"142\">75<\/td>\n<td width=\"174\">500*852*930<\/td>\n<\/tr>\n<tr>\n<td width=\"142\">DEZ-100M-N<\/td>\n<td width=\"142\">50*50-460*460<\/td>\n<td width=\"142\">95<\/td>\n<td width=\"174\">1000*852*930<\/td>\n<\/tr>\n<\/tbody>\n<\/table>","protected":false},"excerpt":{"rendered":"<p>ESD G\u00fcvenli Muayene Konvey\u00f6r\u00fc | ESD d\u00fcz bant, PCB&#039;lerde statik hasar\u0131 \u00f6nler, laser kesimli paslanmaz \u00e7elik \u00e7er\u00e7eve, \u00e7ok b\u00f6lgeli muayene, SMEMA uyumlu. Hassas SMT uygulamalar\u0131 i\u00e7in \u00f6zelle\u015ftirilebilir h\u0131z ve uzunluk. \u00dcST D\u00dcZEY MUAYENE KONVEY\u00d6R\u00dc<\/p>","protected":false},"featured_media":19344,"template":"","meta":{"_lmt_disableupdate":"no","_lmt_disable":"","site-sidebar-layout":"default","site-content-layout":"","ast-site-content-layout":"default","site-content-style":"default","site-sidebar-style":"default","ast-global-header-display":"","ast-banner-title-visibility":"","ast-main-header-display":"","ast-hfb-above-header-display":"","ast-hfb-below-header-display":"","ast-hfb-mobile-header-display":"","site-post-title":"","ast-breadcrumbs-content":"","ast-featured-img":"","footer-sml-layout":"","ast-disable-related-posts":"","theme-transparent-header-meta":"default","adv-header-id-meta":"","stick-header-meta":"default","header-above-stick-meta":"","header-main-stick-meta":"","header-below-stick-meta":"","astra-migrate-meta-layouts":"set","ast-page-background-enabled":"default","ast-page-background-meta":{"desktop":{"background-color":"","background-image":"","background-repeat":"repeat","background-position":"center center","background-size":"auto","background-attachment":"scroll","background-type":"","background-media":"","overlay-type":"","overlay-color":"","overlay-opacity":"","overlay-gradient":""},"tablet":{"background-color":"","background-image":"","background-repeat":"repeat","background-position":"center center","background-size":"auto","background-attachment":"scroll","background-type":"","background-media":"","overlay-type":"","overlay-color":"","overlay-opacity":"","overlay-gradient":""},"mobile":{"background-color":"","background-image":"","background-repeat":"repeat","background-position":"center center","background-size":"auto","background-attachment":"scroll","background-type":"","background-media":"","overlay-type":"","overlay-color":"","overlay-opacity":"","overlay-gradient":""}},"ast-content-background-meta":{"desktop":{"background-color":"var(--ast-global-color-5)","background-image":"","background-repeat":"repeat","background-position":"center center","background-size":"auto","background-attachment":"scroll","background-type":"","background-media":"","overlay-type":"","overlay-color":"","overlay-opacity":"","overlay-gradient":""},"tablet":{"background-color":"var(--ast-global-color-5)","background-image":"","background-repeat":"repeat","background-position":"center center","background-size":"auto","background-attachment":"scroll","background-type":"","background-media":"","overlay-type":"","overlay-color":"","overlay-opacity":"","overlay-gradient":""},"mobile":{"background-color":"var(--ast-global-color-5)","background-image":"","background-repeat":"repeat","background-position":"center center","background-size":"auto","background-attachment":"scroll","background-type":"","background-media":"","overlay-type":"","overlay-color":"","overlay-opacity":"","overlay-gradient":""}}},"product_brand":[],"product_cat":[113],"product_tag":[],"class_list":{"0":"post-19261","1":"product","2":"type-product","3":"status-publish","4":"has-post-thumbnail","6":"product_cat-smt-handling-machine","7":"desktop-align-left","8":"tablet-align-left","9":"mobile-align-left","10":"ast-product-gallery-layout-horizontal-slider","11":"ast-product-tabs-layout-horizontal","13":"first","14":"instock","15":"shipping-taxable","16":"product-type-simple"},"_links":{"self":[{"href":"https:\/\/dezsmt.com\/tr\/wp-json\/wp\/v2\/product\/19261","targetHints":{"allow":["GET"]}}],"collection":[{"href":"https:\/\/dezsmt.com\/tr\/wp-json\/wp\/v2\/product"}],"about":[{"href":"https:\/\/dezsmt.com\/tr\/wp-json\/wp\/v2\/types\/product"}],"version-history":[{"count":5,"href":"https:\/\/dezsmt.com\/tr\/wp-json\/wp\/v2\/product\/19261\/revisions"}],"predecessor-version":[{"id":19463,"href":"https:\/\/dezsmt.com\/tr\/wp-json\/wp\/v2\/product\/19261\/revisions\/19463"}],"wp:featuredmedia":[{"embeddable":true,"href":"https:\/\/dezsmt.com\/tr\/wp-json\/wp\/v2\/media\/19344"}],"wp:attachment":[{"href":"https:\/\/dezsmt.com\/tr\/wp-json\/wp\/v2\/media?parent=19261"}],"wp:term":[{"taxonomy":"product_brand","embeddable":true,"href":"https:\/\/dezsmt.com\/tr\/wp-json\/wp\/v2\/product_brand?post=19261"},{"taxonomy":"product_cat","embeddable":true,"href":"https:\/\/dezsmt.com\/tr\/wp-json\/wp\/v2\/product_cat?post=19261"},{"taxonomy":"product_tag","embeddable":true,"href":"https:\/\/dezsmt.com\/tr\/wp-json\/wp\/v2\/product_tag?post=19261"}],"curies":[{"name":"wp","href":"https:\/\/api.w.org\/{rel}","templated":true}]}}