{"id":17816,"date":"2025-05-05T14:47:05","date_gmt":"2025-05-05T06:47:05","guid":{"rendered":"https:\/\/dezsmt.com\/product-center\/l9421-02_txpr1011e-90-kv-microfocus-x-ray-source\/"},"modified":"2025-12-03T18:24:34","modified_gmt":"2025-12-03T10:24:34","slug":"l9421-02_txpr1011e-90-kv-microfocus-x-ray-source","status":"publish","type":"product","link":"https:\/\/dezsmt.com\/tr\/product-center\/l9421-02_txpr1011e-90-kv-microfocus-x-ray-source\/","title":{"rendered":"L9421-02_TXPR1011E 90 kV Mikrofokus X-ray Kayna\u011f\u0131"},"content":{"rendered":"<div data-elementor-type=\"product-post\" data-elementor-id=\"17816\" class=\"elementor elementor-17816\" data-elementor-post-type=\"product\">\n\t\t\t\t<div class=\"elementor-element elementor-element-6852f709 e-flex e-con-boxed e-con e-parent\" data-id=\"6852f709\" data-element_type=\"container\" data-e-type=\"container\" data-settings=\"{&quot;ekit_has_onepagescroll_dot&quot;:&quot;yes&quot;}\">\n\t\t\t\t\t<div class=\"e-con-inner\">\n\t\t\t\t<div class=\"elementor-element elementor-element-9d8c905 e-n-tabs-mobile elementor-widget elementor-widget-n-tabs\" data-id=\"9d8c905\" data-element_type=\"widget\" data-e-type=\"widget\" data-settings=\"{&quot;tabs_justify_horizontal&quot;:&quot;stretch&quot;,&quot;horizontal_scroll&quot;:&quot;disable&quot;,&quot;ekit_we_effect_on&quot;:&quot;none&quot;}\" data-widget_type=\"nested-tabs.default\">\n\t\t\t\t\t\t\t<div class=\"e-n-tabs\" data-widget-number=\"165202181\" aria-label=\"Sekmeler. Enter ve Space ile \u00f6geleri kapatabilir, Escape ile \u00f6geleri kapatabilir ve Y\u00f6n tu\u015flar\u0131 ile \u00f6geler aras\u0131nda gezinebilirsiniz.\">\n\t\t\t<div class=\"e-n-tabs-heading\" role=\"tablist\">\n\t\t\t\t\t<button id=\"e-n-tab-title-1652021811\" data-tab-title-id=\"e-n-tab-title-1652021811\" class=\"e-n-tab-title\" aria-selected=\"true\" data-tab-index=\"1\" role=\"tab\" tabindex=\"0\" aria-controls=\"e-n-tab-content-1652021811\" style=\"--n-tabs-title-order: 1;\">\n\t\t\t\t\t\t<span class=\"e-n-tab-title-text\">\n\t\t\t\t\u00d6ne \u00c7\u0131kan \u00d6zellikler\t\t\t<\/span>\n\t\t<\/button>\n\t\t\t\t<button id=\"e-n-tab-title-1652021812\" data-tab-title-id=\"e-n-tab-title-1652021812\" class=\"e-n-tab-title\" aria-selected=\"false\" data-tab-index=\"2\" role=\"tab\" tabindex=\"-1\" aria-controls=\"e-n-tab-content-1652021812\" style=\"--n-tabs-title-order: 2;\">\n\t\t\t\t\t\t<span class=\"e-n-tab-title-text\">\n\t\t\t\tVideo\t\t\t<\/span>\n\t\t<\/button>\n\t\t\t\t\t<\/div>\n\t\t\t<div class=\"e-n-tabs-content\">\n\t\t\t\t<div id=\"e-n-tab-content-1652021811\" role=\"tabpanel\" aria-labelledby=\"e-n-tab-title-1652021811\" data-tab-index=\"1\" style=\"--n-tabs-title-order: 1;\" class=\"e-active elementor-element elementor-element-1f149b6 e-con-full e-flex e-con e-child\" data-id=\"1f149b6\" data-element_type=\"container\" data-e-type=\"container\" data-settings=\"{&quot;ekit_has_onepagescroll_dot&quot;:&quot;yes&quot;}\">\n\t\t\t\t<div class=\"elementor-element elementor-element-5641eb0e elementor-widget elementor-widget-text-editor\" data-id=\"5641eb0e\" data-element_type=\"widget\" data-e-type=\"widget\" data-settings=\"{&quot;ekit_we_effect_on&quot;:&quot;none&quot;}\" data-widget_type=\"text-editor.default\">\n\t\t\t\t\t\t\t\t\t<p><strong>Temel \u00d6zellikler<\/strong>:<br \/>Maksimum 8 W ile y\u00fcksek g\u00fc\u00e7 \u00e7\u0131k\u0131\u015f\u0131.<br \/>39\u00a1\u00e3'lik geni\u015f X-\u0131\u015f\u0131n\u0131 \u0131\u015f\u0131n a\u00e7\u0131s\u0131.<br \/>RS-232C aray\u00fcz\u00fc \u00fczerinden harici kontrol.<br \/>Entegre y\u00fcksek voltajl\u0131 g\u00fc\u00e7 kayna\u011f\u0131.<br \/>Tahribats\u0131z muayene yetenekleri.<br \/>Elektronik bile\u015fenler, bask\u0131l\u0131 devre kartlar\u0131, plastik bile\u015fenler ve metal bile\u015fenler i\u00e7in uygundur.<br \/>X \u0131\u015f\u0131n\u0131na maruz kalmay\u0131 \u00f6nleyen g\u00fcvenlik \u00f6zellikleri.<\/p><p><strong>Teknik Veri Sayfas\u0131<\/strong>:<br \/>- Genel Derecelendirmeler:<br \/>- Giri\u015f Gerilimi (DC): +24 V<br \/>- G\u00fc\u00e7 T\u00fcketimi (Maks.): 96 W<br \/>- \u00c7al\u0131\u015fma Ortam\u0131 S\u0131cakl\u0131\u011f\u0131: +10 ila +40\u00a1\u00e3C<br \/>- Depolama S\u0131cakl\u0131\u011f\u0131: 0 ila +50\u00a1\u00e3C<br \/>- \u00c7al\u0131\u015fma ve Depolama Nemi: 85%'nin alt\u0131nda (Yo\u011fu\u015fma yok)<br \/>- A\u011f\u0131rl\u0131k: Yakla\u015f\u0131k 10 kg<br \/>- Uygunluk Standartlar\u0131: CE (EMC: IEC 61326-1, Grup 1, S\u0131n\u0131f A)<br \/>- S\u00fcrekli \u00c7al\u0131\u015fma: Dahili y\u00fcksek voltajl\u0131 g\u00fc\u00e7 kayna\u011f\u0131<br \/>- X-ray T\u00fcp\u00fc:<br \/>- So\u011futma Y\u00f6ntemi: Konveksiyon So\u011futma<br \/>- Pencere Malzemesi\/Kal\u0131nl\u0131\u011f\u0131: Berilyum\/150 \u03bcm<br \/>- Hedef Malzeme: Tungsten<br \/>- T\u00fcp Gerilimi \u00c7al\u0131\u015fma Aral\u0131\u011f\u0131: 20 ila 90 kV<br \/>- T\u00fcp Ak\u0131m\u0131 \u00c7al\u0131\u015fma Aral\u0131\u011f\u0131: 10 ila 200 \u03bcA<br \/>- Maksimum \u00c7\u0131k\u0131\u015f: 8 W<br \/>- X-\u0131\u015f\u0131n\u0131 Odak Noktas\u0131 Boyutu: 8 \u03bcm (5 \u03bcm'de 7 \u03bcm)<br \/>- X-\u0131\u015f\u0131n\u0131 I\u015f\u0131n A\u00e7\u0131s\u0131 (Konik): 39\u00a1\u00e3<br \/>- Odak Nesne Mesafesi (FOD): 9,5 mm<br \/>- X-ray Kontrol Par\u00e7as\u0131:<br \/>- Fonksiyon Korumas\u0131: Harici Kontrol<br \/>- Uygulanabilir \u0130\u015fletim Sistemi: Windows- 2000 Professional, *P Professional<br \/>- Bilgisayar \u00c7al\u0131\u015fma Ko\u015fullar\u0131: \u0130\u015eLEMCI: Intel Pentium veya Daha Y\u00fcksek, Bellek: 64 MB veya Daha Fazla<br \/>- Kullan\u0131m \u00d6nlemleri:<br \/>- Bu device'den yay\u0131lan X-\u0131\u015f\u0131n\u0131 insan v\u00fccudu i\u00e7in zararl\u0131d\u0131r. Uygun koruma gereklidir.<br \/>- X \u0131\u015f\u0131n\u0131 t\u00fcp\u00fc \u00fcnitesi, herhangi bir X \u0131\u015f\u0131n\u0131 s\u0131z\u0131nt\u0131s\u0131n\u0131 \u00f6nlemek i\u00e7in X \u0131\u015f\u0131n\u0131 korumal\u0131 bir tesise veya alana kurulmal\u0131d\u0131r.<br \/>- Yanl\u0131\u015f \u00e7al\u0131\u015fmay\u0131 \u00f6nlemek i\u00e7in X-ray kontrol \u00fcnitesindeki kilitleme sistemi her zaman kullan\u0131lmal\u0131d\u0131r.<br \/>- Operasyonel Dikkat:<br \/>- \u00dcr\u00fcn, h\u00fck\u00fcmetin mesleki radyasyon tehlikesi d\u00fczenlemelerine tabi olabilir. Yerel y\u00f6netmeliklere g\u00f6re gerekli ba\u015fvurular yap\u0131lmal\u0131d\u0131r.<\/p>\t\t\t\t\t\t\t\t<\/div>\n\t\t\t\t<\/div>\n\t\t<div id=\"e-n-tab-content-1652021812\" role=\"tabpanel\" aria-labelledby=\"e-n-tab-title-1652021812\" data-tab-index=\"2\" style=\"--n-tabs-title-order: 2;\" class=\"elementor-element elementor-element-ba6df67 e-con-full e-flex e-con e-child\" data-id=\"ba6df67\" data-element_type=\"container\" data-e-type=\"container\" data-settings=\"{&quot;ekit_has_onepagescroll_dot&quot;:&quot;yes&quot;}\">\n\t\t\t\t<div class=\"elementor-element elementor-element-446865d elementor-widget elementor-widget-video\" data-id=\"446865d\" data-element_type=\"widget\" data-e-type=\"widget\" data-settings=\"{&quot;youtube_url&quot;:&quot;https:\\\/\\\/www.youtube.com\\\/watch?v=WaNCJ-UYnao&quot;,&quot;video_type&quot;:&quot;youtube&quot;,&quot;controls&quot;:&quot;yes&quot;,&quot;ekit_we_effect_on&quot;:&quot;none&quot;}\" data-widget_type=\"video.default\">\n\t\t\t\t\t\t\t<div class=\"elementor-wrapper elementor-open-inline\">\n\t\t\t<div class=\"elementor-video\"><\/div>\t\t<\/div>\n\t\t\t\t\t\t<\/div>\n\t\t\t\t<\/div>\n\t\t\t\t\t<\/div>\n\t\t<\/div>\n\t\t\t\t\t\t<\/div>\n\t\t\t\t\t<\/div>\n\t\t\t\t<\/div>\n\t\t\t\t<\/div>","protected":false},"excerpt":{"rendered":"<p>L9421-02_TXPR1011E 90kV Mikro Odakl\u0131 X-\u0131\u015f\u0131n\u0131 Kayna\u011f\u0131 | Tahribats\u0131z muayene\/BT uygulamalar\u0131 i\u00e7in 8 \u03bcm odak noktas\u0131 ve 39\u00b0 \u0131\u015f\u0131n a\u00e7\u0131s\u0131yla y\u00fcksek \u00e7\u00f6z\u00fcn\u00fcrl\u00fckl\u00fc g\u00f6r\u00fcnt\u00fcleme sa\u011flar. Entegre y\u00fcksek voltaj g\u00fc\u00e7 kayna\u011f\u0131 ve RS-232C kontrol\u00fcne sahiptir. PCB ve bile\u015fen incelemesi i\u00e7in idealdir.<\/p>","protected":false},"featured_media":17818,"template":"","meta":{"_lmt_disableupdate":"no","_lmt_disable":"","site-sidebar-layout":"default","site-content-layout":"","ast-site-content-layout":"default","site-content-style":"default","site-sidebar-style":"default","ast-global-header-display":"","ast-banner-title-visibility":"","ast-main-header-display":"","ast-hfb-above-header-display":"","ast-hfb-below-header-display":"","ast-hfb-mobile-header-display":"","site-post-title":"","ast-breadcrumbs-content":"","ast-featured-img":"","footer-sml-layout":"","ast-disable-related-posts":"","theme-transparent-header-meta":"default","adv-header-id-meta":"","stick-header-meta":"default","header-above-stick-meta":"","header-main-stick-meta":"","header-below-stick-meta":"","astra-migrate-meta-layouts":"set","ast-page-background-enabled":"default","ast-page-background-meta":{"desktop":{"background-color":"","background-image":"","background-repeat":"repeat","background-position":"center center","background-size":"auto","background-attachment":"scroll","background-type":"","background-media":"","overlay-type":"","overlay-color":"","overlay-opacity":"","overlay-gradient":""},"tablet":{"background-color":"","background-image":"","background-repeat":"repeat","background-position":"center center","background-size":"auto","background-attachment":"scroll","background-type":"","background-media":"","overlay-type":"","overlay-color":"","overlay-opacity":"","overlay-gradient":""},"mobile":{"background-color":"","background-image":"","background-repeat":"repeat","background-position":"center center","background-size":"auto","background-attachment":"scroll","background-type":"","background-media":"","overlay-type":"","overlay-color":"","overlay-opacity":"","overlay-gradient":""}},"ast-content-background-meta":{"desktop":{"background-color":"var(--ast-global-color-5)","background-image":"","background-repeat":"repeat","background-position":"center center","background-size":"auto","background-attachment":"scroll","background-type":"","background-media":"","overlay-type":"","overlay-color":"","overlay-opacity":"","overlay-gradient":""},"tablet":{"background-color":"var(--ast-global-color-5)","background-image":"","background-repeat":"repeat","background-position":"center center","background-size":"auto","background-attachment":"scroll","background-type":"","background-media":"","overlay-type":"","overlay-color":"","overlay-opacity":"","overlay-gradient":""},"mobile":{"background-color":"var(--ast-global-color-5)","background-image":"","background-repeat":"repeat","background-position":"center center","background-size":"auto","background-attachment":"scroll","background-type":"","background-media":"","overlay-type":"","overlay-color":"","overlay-opacity":"","overlay-gradient":""}}},"product_brand":[],"product_cat":[107],"product_tag":[],"class_list":{"0":"post-17816","1":"product","2":"type-product","3":"status-publish","4":"has-post-thumbnail","6":"product_cat-microfocus-x-ray-tube","7":"desktop-align-left","8":"tablet-align-left","9":"mobile-align-left","10":"ast-product-gallery-layout-horizontal-slider","11":"ast-product-gallery-with-no-image","12":"ast-product-tabs-layout-horizontal","14":"first","15":"instock","16":"shipping-taxable","17":"purchasable","18":"product-type-simple"},"_links":{"self":[{"href":"https:\/\/dezsmt.com\/tr\/wp-json\/wp\/v2\/product\/17816","targetHints":{"allow":["GET"]}}],"collection":[{"href":"https:\/\/dezsmt.com\/tr\/wp-json\/wp\/v2\/product"}],"about":[{"href":"https:\/\/dezsmt.com\/tr\/wp-json\/wp\/v2\/types\/product"}],"version-history":[{"count":2,"href":"https:\/\/dezsmt.com\/tr\/wp-json\/wp\/v2\/product\/17816\/revisions"}],"predecessor-version":[{"id":19309,"href":"https:\/\/dezsmt.com\/tr\/wp-json\/wp\/v2\/product\/17816\/revisions\/19309"}],"wp:featuredmedia":[{"embeddable":true,"href":"https:\/\/dezsmt.com\/tr\/wp-json\/wp\/v2\/media\/17818"}],"wp:attachment":[{"href":"https:\/\/dezsmt.com\/tr\/wp-json\/wp\/v2\/media?parent=17816"}],"wp:term":[{"taxonomy":"product_brand","embeddable":true,"href":"https:\/\/dezsmt.com\/tr\/wp-json\/wp\/v2\/product_brand?post=17816"},{"taxonomy":"product_cat","embeddable":true,"href":"https:\/\/dezsmt.com\/tr\/wp-json\/wp\/v2\/product_cat?post=17816"},{"taxonomy":"product_tag","embeddable":true,"href":"https:\/\/dezsmt.com\/tr\/wp-json\/wp\/v2\/product_tag?post=17816"}],"curies":[{"name":"wp","href":"https:\/\/api.w.org\/{rel}","templated":true}]}}