{"id":17815,"date":"2025-05-05T14:47:05","date_gmt":"2025-05-05T06:47:05","guid":{"rendered":"https:\/\/dezsmt.com\/product-center\/l9181-05_txpr1004e-130-kv-microfocus-x-ray-source\/"},"modified":"2025-12-17T17:23:13","modified_gmt":"2025-12-17T09:23:13","slug":"l9181-05_txpr1004e-130-kv-microfocus-x-ray-source","status":"publish","type":"product","link":"https:\/\/dezsmt.com\/tr\/product-center\/l9181-05_txpr1004e-130-kv-microfocus-x-ray-source\/","title":{"rendered":"L9181-05_TXPR1004E 130 kV Mikrofokus X-ray Kayna\u011f\u0131"},"content":{"rendered":"<div data-elementor-type=\"product-post\" data-elementor-id=\"17815\" class=\"elementor elementor-17815\" data-elementor-post-type=\"product\">\n\t\t\t\t<div class=\"elementor-element elementor-element-4d5f9bb e-flex e-con-boxed e-con e-parent\" data-id=\"4d5f9bb\" data-element_type=\"container\" data-e-type=\"container\" data-settings=\"{&quot;ekit_has_onepagescroll_dot&quot;:&quot;yes&quot;}\">\n\t\t\t\t\t<div class=\"e-con-inner\">\n\t\t\t\t<div class=\"elementor-element elementor-element-e943728 e-n-tabs-mobile elementor-widget elementor-widget-n-tabs\" data-id=\"e943728\" data-element_type=\"widget\" data-e-type=\"widget\" data-settings=\"{&quot;tabs_justify_horizontal&quot;:&quot;stretch&quot;,&quot;horizontal_scroll&quot;:&quot;disable&quot;,&quot;ekit_we_effect_on&quot;:&quot;none&quot;}\" data-widget_type=\"nested-tabs.default\">\n\t\t\t\t\t\t\t<div class=\"e-n-tabs\" data-widget-number=\"244594472\" aria-label=\"Sekmeler. Enter ve Space ile \u00f6geleri kapatabilir, Escape ile \u00f6geleri kapatabilir ve Y\u00f6n tu\u015flar\u0131 ile \u00f6geler aras\u0131nda gezinebilirsiniz.\">\n\t\t\t<div class=\"e-n-tabs-heading\" role=\"tablist\">\n\t\t\t\t\t<button id=\"e-n-tab-title-2445944721\" data-tab-title-id=\"e-n-tab-title-2445944721\" class=\"e-n-tab-title\" aria-selected=\"true\" data-tab-index=\"1\" role=\"tab\" tabindex=\"0\" aria-controls=\"e-n-tab-content-2445944721\" style=\"--n-tabs-title-order: 1;\">\n\t\t\t\t\t\t<span class=\"e-n-tab-title-text\">\n\t\t\t\t\u00d6ne \u00c7\u0131kan \u00d6zellikler\t\t\t<\/span>\n\t\t<\/button>\n\t\t\t\t<button id=\"e-n-tab-title-2445944722\" data-tab-title-id=\"e-n-tab-title-2445944722\" class=\"e-n-tab-title\" aria-selected=\"false\" data-tab-index=\"2\" role=\"tab\" tabindex=\"-1\" aria-controls=\"e-n-tab-content-2445944722\" style=\"--n-tabs-title-order: 2;\">\n\t\t\t\t\t\t<span class=\"e-n-tab-title-text\">\n\t\t\t\tVideo\t\t\t<\/span>\n\t\t<\/button>\n\t\t\t\t\t<\/div>\n\t\t\t<div class=\"e-n-tabs-content\">\n\t\t\t\t<div id=\"e-n-tab-content-2445944721\" role=\"tabpanel\" aria-labelledby=\"e-n-tab-title-2445944721\" data-tab-index=\"1\" style=\"--n-tabs-title-order: 1;\" class=\"e-active elementor-element elementor-element-d9ea261 e-con-full e-flex e-con e-child\" data-id=\"d9ea261\" data-element_type=\"container\" data-e-type=\"container\" data-settings=\"{&quot;ekit_has_onepagescroll_dot&quot;:&quot;yes&quot;}\">\n\t\t\t\t<div class=\"elementor-element elementor-element-7a897463 elementor-widget elementor-widget-text-editor\" data-id=\"7a897463\" data-element_type=\"widget\" data-e-type=\"widget\" data-settings=\"{&quot;ekit_we_effect_on&quot;:&quot;none&quot;}\" data-widget_type=\"text-editor.default\">\n\t\t\t\t\t\t\t\t\t<p><strong>Temel \u00d6zellikler<\/strong>:<br \/>Maksimum 39 W ile y\u00fcksek g\u00fc\u00e7 \u00e7\u0131k\u0131\u015f\u0131.<br \/>100\u00a1\u00e3'lik geni\u015f X-\u0131\u015f\u0131n\u0131 \u0131\u015f\u0131n a\u00e7\u0131s\u0131.<br \/>RS-232C aray\u00fcz\u00fc \u00fczerinden harici kontrol.<br \/>Entegre y\u00fcksek voltajl\u0131 g\u00fc\u00e7 kayna\u011f\u0131.<br \/>Tahribats\u0131z muayene yetenekleri.<br \/>Elektronik bile\u015fenler, bask\u0131l\u0131 devre kartlar\u0131, plastik bile\u015fenler ve metal bile\u015fenler i\u00e7in uygundur.<br \/>X \u0131\u015f\u0131n\u0131na maruz kalmay\u0131 \u00f6nleyen g\u00fcvenlik \u00f6zellikleri.<\/p><p><strong>Teknik Veri Sayfas\u0131<\/strong>:<br \/>- Genel Derecelendirmeler:<br \/>- X-\u0131\u015f\u0131n\u0131 T\u00fcp\u00fc Voltaj Ayar Aral\u0131\u011f\u0131: 0 ila 130 kV<br \/>- X-\u0131\u015f\u0131n\u0131 T\u00fcp\u00fc Ak\u0131m Ayar Aral\u0131\u011f\u0131: 0 ila 300 \u03bcA<br \/>- X-\u0131\u015f\u0131n\u0131 T\u00fcp\u00fc Voltaj\u0131 \u00c7al\u0131\u015fma Aral\u0131\u011f\u0131: 40 ila 130 kV<br \/>- X-\u0131\u015f\u0131n\u0131 T\u00fcp\u00fc Ak\u0131m \u00c7al\u0131\u015fma Aral\u0131\u011f\u0131: 10 ila 300 \u03bcA<br \/>- Maksimum \u00c7\u0131k\u0131\u015f: 39 W<br \/>- X-\u0131\u015f\u0131n\u0131 Odak Noktas\u0131 Boyutu (Nominal De\u011fer): 16 ila 50 \u03bcm<br \/>- X-ray \u00c7\u0131k\u0131\u015f Penceresi Malzemesi\/Kal\u0131nl\u0131\u011f\u0131: Berilyum\/0,5 mm<br \/>- X-\u0131\u015f\u0131n\u0131 I\u015f\u0131n A\u00e7\u0131s\u0131: Yakla\u015f\u0131k 100\u00a1\u00e3<br \/>- Odak Nesne Mesafesi (FOD): Yakla\u015f\u0131k 13 mm<br \/>- Hedef Malzeme: Tungsten<br \/>- A\u011f\u0131rl\u0131k: Yakla\u015f\u0131k 10,4 kg<br \/>- \u0130leti\u015fim Y\u00f6ntemi: RS-232C (9-pin D-sub konnekt\u00f6r)<br \/>- Giri\u015f Gerilimi (DC): +24 V (+2.4, -0)<br \/>- G\u00fc\u00e7 T\u00fcketimi: 120 W'tan az<br \/>- Nominal \u00c7\u0131k\u0131\u015f: S\u00fcrekli derecelendirme<br \/>- \u00c7al\u0131\u015fma Ortam\u0131 S\u0131cakl\u0131\u011f\u0131: +10 ila +40\u00a1\u00e3C<br \/>- Depolama Ortam S\u0131cakl\u0131\u011f\u0131: 0 ila +50\u00a1\u00e3C<br \/>- \u00c7al\u0131\u015fma ve Depolama Nemi: 20 ila 85% (Yo\u011fu\u015fma yok)<br \/>- G\u00fcvenlik Standard\u0131: RoHS direktifi, EMC, EN 50581 Kategori 8, 9<br \/>- Kontrol Yaz\u0131l\u0131m\u0131:<br \/>- Uygulanabilir bilgisayar: PC\/AT uyumlu<br \/>- Uygulanabilir \u0130\u015fletim Sistemi: Windows- 7, 8.1, 10<br \/>- Aray\u00fcz: RS-232C aray\u00fcz\u00fc<\/p><p>\u00a0<\/p><p>L9181-05_TXPR1004E 130 kV Mikro odakl\u0131 X-\u0131\u015f\u0131n\u0131 Kayna\u011f\u0131<\/p>\t\t\t\t\t\t\t\t<\/div>\n\t\t\t\t<\/div>\n\t\t<div id=\"e-n-tab-content-2445944722\" role=\"tabpanel\" aria-labelledby=\"e-n-tab-title-2445944722\" data-tab-index=\"2\" style=\"--n-tabs-title-order: 2;\" class=\"elementor-element elementor-element-be2f2d1 e-con-full e-flex e-con e-child\" data-id=\"be2f2d1\" data-element_type=\"container\" data-e-type=\"container\" data-settings=\"{&quot;ekit_has_onepagescroll_dot&quot;:&quot;yes&quot;}\">\n\t\t\t\t<div class=\"elementor-element elementor-element-39bc7db elementor-widget elementor-widget-video\" data-id=\"39bc7db\" data-element_type=\"widget\" data-e-type=\"widget\" data-settings=\"{&quot;youtube_url&quot;:&quot;https:\\\/\\\/www.youtube.com\\\/watch?v=WaNCJ-UYnao&quot;,&quot;video_type&quot;:&quot;youtube&quot;,&quot;controls&quot;:&quot;yes&quot;,&quot;ekit_we_effect_on&quot;:&quot;none&quot;}\" data-widget_type=\"video.default\">\n\t\t\t\t\t\t\t<div class=\"elementor-wrapper elementor-open-inline\">\n\t\t\t<div class=\"elementor-video\"><\/div>\t\t<\/div>\n\t\t\t\t\t\t<\/div>\n\t\t\t\t<\/div>\n\t\t\t\t\t<\/div>\n\t\t<\/div>\n\t\t\t\t\t\t<\/div>\n\t\t\t\t\t<\/div>\n\t\t\t\t<\/div>\n\t\t\t\t<\/div>","protected":false},"excerpt":{"rendered":"<p>L9181-05_TXPR1004E, tahribats\u0131z muayene ve X-ray CT i\u00e7in tasarlanm\u0131\u015f 130 kV mikro odakl\u0131 bir X-ray kayna\u011f\u0131d\u0131r. Y\u00fcksek g\u00fc\u00e7 \u00e7\u0131k\u0131\u015f\u0131 ve geni\u015f bir X \u0131\u015f\u0131n\u0131 demeti a\u00e7\u0131s\u0131 sunarak \u00e7e\u015fitli end\u00fcstriyel uygulamalar i\u00e7in idealdir.<\/p>","protected":false},"featured_media":17818,"template":"","meta":{"_lmt_disableupdate":"no","_lmt_disable":"","site-sidebar-layout":"default","site-content-layout":"","ast-site-content-layout":"default","site-content-style":"default","site-sidebar-style":"default","ast-global-header-display":"","ast-banner-title-visibility":"","ast-main-header-display":"","ast-hfb-above-header-display":"","ast-hfb-below-header-display":"","ast-hfb-mobile-header-display":"","site-post-title":"","ast-breadcrumbs-content":"","ast-featured-img":"","footer-sml-layout":"","ast-disable-related-posts":"","theme-transparent-header-meta":"default","adv-header-id-meta":"","stick-header-meta":"default","header-above-stick-meta":"","header-main-stick-meta":"","header-below-stick-meta":"","astra-migrate-meta-layouts":"set","ast-page-background-enabled":"default","ast-page-background-meta":{"desktop":{"background-color":"","background-image":"","background-repeat":"repeat","background-position":"center center","background-size":"auto","background-attachment":"scroll","background-type":"","background-media":"","overlay-type":"","overlay-color":"","overlay-opacity":"","overlay-gradient":""},"tablet":{"background-color":"","background-image":"","background-repeat":"repeat","background-position":"center center","background-size":"auto","background-attachment":"scroll","background-type":"","background-media":"","overlay-type":"","overlay-color":"","overlay-opacity":"","overlay-gradient":""},"mobile":{"background-color":"","background-image":"","background-repeat":"repeat","background-position":"center center","background-size":"auto","background-attachment":"scroll","background-type":"","background-media":"","overlay-type":"","overlay-color":"","overlay-opacity":"","overlay-gradient":""}},"ast-content-background-meta":{"desktop":{"background-color":"var(--ast-global-color-5)","background-image":"","background-repeat":"repeat","background-position":"center center","background-size":"auto","background-attachment":"scroll","background-type":"","background-media":"","overlay-type":"","overlay-color":"","overlay-opacity":"","overlay-gradient":""},"tablet":{"background-color":"var(--ast-global-color-5)","background-image":"","background-repeat":"repeat","background-position":"center center","background-size":"auto","background-attachment":"scroll","background-type":"","background-media":"","overlay-type":"","overlay-color":"","overlay-opacity":"","overlay-gradient":""},"mobile":{"background-color":"var(--ast-global-color-5)","background-image":"","background-repeat":"repeat","background-position":"center center","background-size":"auto","background-attachment":"scroll","background-type":"","background-media":"","overlay-type":"","overlay-color":"","overlay-opacity":"","overlay-gradient":""}}},"product_brand":[],"product_cat":[107],"product_tag":[],"class_list":{"0":"post-17815","1":"product","2":"type-product","3":"status-publish","4":"has-post-thumbnail","6":"product_cat-microfocus-x-ray-tube","7":"desktop-align-left","8":"tablet-align-left","9":"mobile-align-left","10":"ast-product-gallery-layout-horizontal-slider","11":"ast-product-gallery-with-no-image","12":"ast-product-tabs-layout-horizontal","14":"first","15":"instock","16":"shipping-taxable","17":"purchasable","18":"product-type-simple"},"_links":{"self":[{"href":"https:\/\/dezsmt.com\/tr\/wp-json\/wp\/v2\/product\/17815","targetHints":{"allow":["GET"]}}],"collection":[{"href":"https:\/\/dezsmt.com\/tr\/wp-json\/wp\/v2\/product"}],"about":[{"href":"https:\/\/dezsmt.com\/tr\/wp-json\/wp\/v2\/types\/product"}],"version-history":[{"count":3,"href":"https:\/\/dezsmt.com\/tr\/wp-json\/wp\/v2\/product\/17815\/revisions"}],"predecessor-version":[{"id":19493,"href":"https:\/\/dezsmt.com\/tr\/wp-json\/wp\/v2\/product\/17815\/revisions\/19493"}],"wp:featuredmedia":[{"embeddable":true,"href":"https:\/\/dezsmt.com\/tr\/wp-json\/wp\/v2\/media\/17818"}],"wp:attachment":[{"href":"https:\/\/dezsmt.com\/tr\/wp-json\/wp\/v2\/media?parent=17815"}],"wp:term":[{"taxonomy":"product_brand","embeddable":true,"href":"https:\/\/dezsmt.com\/tr\/wp-json\/wp\/v2\/product_brand?post=17815"},{"taxonomy":"product_cat","embeddable":true,"href":"https:\/\/dezsmt.com\/tr\/wp-json\/wp\/v2\/product_cat?post=17815"},{"taxonomy":"product_tag","embeddable":true,"href":"https:\/\/dezsmt.com\/tr\/wp-json\/wp\/v2\/product_tag?post=17815"}],"curies":[{"name":"wp","href":"https:\/\/api.w.org\/{rel}","templated":true}]}}