{"id":17813,"date":"2025-05-05T14:47:04","date_gmt":"2025-05-05T06:47:04","guid":{"rendered":"https:\/\/dezsmt.com\/product-center\/st-r820-bga-rework-station\/"},"modified":"2025-12-11T15:23:54","modified_gmt":"2025-12-11T07:23:54","slug":"dez-r820-bga-rework-station","status":"publish","type":"product","link":"https:\/\/dezsmt.com\/tr\/product-center\/dez-r820-bga-rework-station\/","title":{"rendered":"DEZ-R820 BGA Rework Station"},"content":{"rendered":"<div data-elementor-type=\"product-post\" data-elementor-id=\"17813\" class=\"elementor elementor-17813\" data-elementor-post-type=\"product\">\n\t\t\t\t<div class=\"elementor-element elementor-element-559efc1e e-flex e-con-boxed e-con e-parent\" data-id=\"559efc1e\" data-element_type=\"container\" data-settings=\"{&quot;ekit_has_onepagescroll_dot&quot;:&quot;yes&quot;}\">\n\t\t\t\t\t<div class=\"e-con-inner\">\n\t\t\t\t<div class=\"elementor-element elementor-element-3986728 e-n-tabs-mobile elementor-widget elementor-widget-n-tabs\" data-id=\"3986728\" data-element_type=\"widget\" data-settings=\"{&quot;tabs_justify_horizontal&quot;:&quot;stretch&quot;,&quot;horizontal_scroll&quot;:&quot;disable&quot;,&quot;ekit_we_effect_on&quot;:&quot;none&quot;}\" data-widget_type=\"nested-tabs.default\">\n\t\t\t\t\t\t\t<div class=\"e-n-tabs\" data-widget-number=\"60319528\" aria-label=\"Sekmeler. Enter ve Space ile \u00f6geleri kapatabilir, Escape ile \u00f6geleri kapatabilir ve Y\u00f6n tu\u015flar\u0131 ile \u00f6geler aras\u0131nda gezinebilirsiniz.\">\n\t\t\t<div class=\"e-n-tabs-heading\" role=\"tablist\">\n\t\t\t\t\t<button id=\"e-n-tab-title-603195281\" data-tab-title-id=\"e-n-tab-title-603195281\" class=\"e-n-tab-title\" aria-selected=\"true\" data-tab-index=\"1\" role=\"tab\" tabindex=\"0\" aria-controls=\"e-n-tab-content-603195281\" style=\"--n-tabs-title-order: 1;\">\n\t\t\t\t\t\t<span class=\"e-n-tab-title-text\">\n\t\t\t\t\u00d6ne \u00c7\u0131kan \u00d6zellikler\t\t\t<\/span>\n\t\t<\/button>\n\t\t\t\t<button id=\"e-n-tab-title-603195282\" data-tab-title-id=\"e-n-tab-title-603195282\" class=\"e-n-tab-title\" aria-selected=\"false\" data-tab-index=\"2\" role=\"tab\" tabindex=\"-1\" aria-controls=\"e-n-tab-content-603195282\" style=\"--n-tabs-title-order: 2;\">\n\t\t\t\t\t\t<span class=\"e-n-tab-title-text\">\n\t\t\t\tVideo\t\t\t<\/span>\n\t\t<\/button>\n\t\t\t\t\t<\/div>\n\t\t\t<div class=\"e-n-tabs-content\">\n\t\t\t\t<div id=\"e-n-tab-content-603195281\" role=\"tabpanel\" aria-labelledby=\"e-n-tab-title-603195281\" data-tab-index=\"1\" style=\"--n-tabs-title-order: 1;\" class=\"e-active elementor-element elementor-element-0f8365a e-con-full e-flex e-con e-child\" data-id=\"0f8365a\" data-element_type=\"container\" data-settings=\"{&quot;ekit_has_onepagescroll_dot&quot;:&quot;yes&quot;}\">\n\t\t\t\t<div class=\"elementor-element elementor-element-36cd0ed8 elementor-widget elementor-widget-text-editor\" data-id=\"36cd0ed8\" data-element_type=\"widget\" data-settings=\"{&quot;ekit_we_effect_on&quot;:&quot;none&quot;}\" data-widget_type=\"text-editor.default\">\n\t\t\t\t\t\t\t\t\t<p><strong>Temel \u00d6zellikler<\/strong>:<br \/>Hassas s\u0131cakl\u0131k kontrol\u00fc i\u00e7in \u00fc\u00e7 ba\u011f\u0131ms\u0131z kontrol \u0131s\u0131t\u0131c\u0131s\u0131.<br \/>Ayarlanabilir CCD renkli optik sistem ile hassas optik hizalama sistemi.<br \/>Y\u00fcksek \u00e7\u00f6z\u00fcn\u00fcrl\u00fckl\u00fc insan-makine aray\u00fcz\u00fcne sahip \u00e7ok fonksiyonlu i\u015fletim sistemi.<br \/>CE sertifikas\u0131 ile \u00fcst\u00fcn g\u00fcvenlik fonksiyonlar\u0131.<br \/>\u00c7e\u015fitli PCB boyutlar\u0131 ve BGA \u00e7ipleri i\u00e7in uygundur.<br \/>V-oluklu PCB deste\u011fi ile kolay ve do\u011fru konumland\u0131rma.<br \/>Koruma i\u00e7in esnek ve \u00e7\u0131kar\u0131labilir \u00fcniversal fikst\u00fcr.<br \/>Ger\u00e7ek zamanl\u0131 s\u0131cakl\u0131k izleme ve veri depolama.<\/p><p><strong>Teknik Veri Sayfas\u0131<\/strong>:<br \/>- G\u00fc\u00e7:<br \/>- AC 220V\u00b110\u00a3\u00a5 50\/60 Hz<br \/>- Toplam G\u00fc\u00e7: Maksimum 5300W<br \/>- Is\u0131t\u0131c\u0131 G\u00fcc\u00fc: \u00dcst \u0131s\u0131t\u0131c\u0131 1200 W, Alt \u0131s\u0131t\u0131c\u0131 1200 W, IR \u0131s\u0131t\u0131c\u0131 2700 W<br \/>- Elektrik Malzemeleri:<br \/>- \u0130stihbarat Programlanabilir Kontrol\u00f6r, bilgisayar ba\u011flant\u0131s\u0131n\u0131 destekler<br \/>- S\u0131cakl\u0131k Kontrol\u00fc:<br \/>- K tipi termokupl (Kapal\u0131 D\u00f6ng\u00fc), ba\u011f\u0131ms\u0131z s\u0131cakl\u0131k kontrol\u00fc, \u00b13 \u2103 i\u00e7inde do\u011fruluk<br \/>- Konumland\u0131rma:<br \/>- V-oluk, PCB deste\u011fi<br \/>- PCB Boyutu:<br \/>- Maks 415\u00d7370 mm, Min 65\u00d765 mm<br \/>- BGA \u00c7ip:<br \/>- Maks 80x80mm, Min 2\u00d72 mm<br \/>- Boyutlar:<br \/>- L680xW630xH900 mm<br \/>- Sens\u00f6rler:<br \/>- 1 adet<br \/>- A\u011f\u0131rl\u0131k:<br \/>- 79kg<br \/>- \u00dcr\u00fcn Ad\u0131: Tam Otomatik BGA Rework \u0130stasyonu<br \/>- Model #: ST-R820<br \/>- Toplam G\u00fc\u00e7: 5300W<br \/>- \u00dcst \u0131s\u0131t\u0131c\u0131: 1200W<br \/>- Alt \u0131s\u0131t\u0131c\u0131: 1200W<br \/>- IR \u0131s\u0131t\u0131c\u0131: 2700W<br \/>- IR Is\u0131tma Alan\u0131: 280380mm<br \/>- Gerilim: AC220V\u00b110% 50\/60Hz<br \/>- Hareket Y\u00f6n\u00fc: Z Ekseni<br \/>- Pozisyon Sistemi: V-oluk, PCB deste\u011fi<br \/>- S\u0131cakl\u0131k Kontrol\u00fc: K-tipi Kapal\u0131 D\u00f6ng\u00fc termokupl \u00b13 \u2103 i\u00e7inde hassasiyetle<br \/>- S\u0131cakl\u0131k Hassasiyeti: \u00b13 derece<br \/>- PCB Boyutu: Maks 415370 mm, Min 6565 mm<br \/>- Elektrik Malzemeleri: Servo S\u00fcr\u00fcc\u00fc (Panasonic) + Dokunmatik ekran (Tayvan) + Panasonic PLC + Is\u0131tma plakas\u0131 (Almanya)<br \/>- Kamera B\u00fcy\u00fctme: 5X ~ 50X<br \/>- Optik Sistem: Japon orijinal y\u00fcksek \u00e7\u00f6z\u00fcn\u00fcrl\u00fckl\u00fc CCD renkli g\u00f6r\u00fcnt\u00fcleme sistemi, Joystick kontrol\u00fc<br \/>- BGA \u00c7ip: Maks 8080mm, Min 22 mm<br \/>- Dokunmatik ekran: 10 in\u00e7, \u00c7\u00f6z\u00fcn\u00fcrl\u00fck 640480, Panel Visa dokunmatik ekran, harici USB aray\u00fcz\u00fc<br \/>- Harici S\u0131cakl\u0131k Sens\u00f6r\u00fc: 1 adet<br \/>- \u00c7al\u0131\u015fma Modu: G\u00fc\u00e7 tahriki (Opsiyonel gaz tahriki + nitrojen)<br \/>- Yerle\u015ftirme Do\u011frulu\u011fu: \u00b10,02 mm<br \/>- Boyut: L680W630H900 mm (LCD stand dahil de\u011fildir)<br \/>- Net a\u011f\u0131rl\u0131k: 79kg<br \/>- Sertifikalar: CE ve Patent sertifikas\u0131<br \/>- Paketleme L780W800H1090mm<br \/>- Br\u00fct A\u011f\u0131rl\u0131k: 105KG<\/p>\t\t\t\t\t\t\t\t<\/div>\n\t\t\t\t<\/div>\n\t\t<div id=\"e-n-tab-content-603195282\" role=\"tabpanel\" aria-labelledby=\"e-n-tab-title-603195282\" data-tab-index=\"2\" style=\"--n-tabs-title-order: 2;\" class=\"elementor-element elementor-element-322ed20 e-con-full e-flex e-con e-child\" data-id=\"322ed20\" data-element_type=\"container\" data-settings=\"{&quot;ekit_has_onepagescroll_dot&quot;:&quot;yes&quot;}\">\n\t\t\t\t<div class=\"elementor-element elementor-element-7e4c4a3 elementor-widget elementor-widget-video\" data-id=\"7e4c4a3\" data-element_type=\"widget\" data-settings=\"{&quot;youtube_url&quot;:&quot;https:\\\/\\\/www.youtube.com\\\/watch?v=WaNCJ-UYnao&quot;,&quot;video_type&quot;:&quot;youtube&quot;,&quot;controls&quot;:&quot;yes&quot;,&quot;ekit_we_effect_on&quot;:&quot;none&quot;}\" data-widget_type=\"video.default\">\n\t\t\t\t\t\t\t<div class=\"elementor-wrapper elementor-open-inline\">\n\t\t\t<div class=\"elementor-video\"><\/div>\t\t<\/div>\n\t\t\t\t\t\t<\/div>\n\t\t\t\t<\/div>\n\t\t\t\t\t<\/div>\n\t\t<\/div>\n\t\t\t\t\t\t<\/div>\n\t\t\t\t\t<\/div>\n\t\t\t\t<\/div>\n\t\t\t\t<\/div>","protected":false},"excerpt":{"rendered":"<p>ST-R820, PCB'lerdeki BGA \u00e7iplerinin hassas bir \u015fekilde yeniden i\u015flenmesi i\u00e7in tasarlanm\u0131\u015f optik hizalamal\u0131 bir BGA yeniden i\u015fleme istasyonudur. Y\u00fcksek do\u011fruluk ve g\u00fcvenilirlik sunar, bu da onu elektronik \u00fcretimi ve onar\u0131m\u0131 i\u00e7in ideal hale getirir.<\/p>","protected":false},"featured_media":19377,"template":"","meta":{"_lmt_disableupdate":"no","_lmt_disable":"","site-sidebar-layout":"default","site-content-layout":"","ast-site-content-layout":"default","site-content-style":"default","site-sidebar-style":"default","ast-global-header-display":"","ast-banner-title-visibility":"","ast-main-header-display":"","ast-hfb-above-header-display":"","ast-hfb-below-header-display":"","ast-hfb-mobile-header-display":"","site-post-title":"","ast-breadcrumbs-content":"","ast-featured-img":"","footer-sml-layout":"","ast-disable-related-posts":"","theme-transparent-header-meta":"default","adv-header-id-meta":"","stick-header-meta":"default","header-above-stick-meta":"","header-main-stick-meta":"","header-below-stick-meta":"","astra-migrate-meta-layouts":"set","ast-page-background-enabled":"default","ast-page-background-meta":{"desktop":{"background-color":"","background-image":"","background-repeat":"repeat","background-position":"center center","background-size":"auto","background-attachment":"scroll","background-type":"","background-media":"","overlay-type":"","overlay-color":"","overlay-opacity":"","overlay-gradient":""},"tablet":{"background-color":"","background-image":"","background-repeat":"repeat","background-position":"center center","background-size":"auto","background-attachment":"scroll","background-type":"","background-media":"","overlay-type":"","overlay-color":"","overlay-opacity":"","overlay-gradient":""},"mobile":{"background-color":"","background-image":"","background-repeat":"repeat","background-position":"center center","background-size":"auto","background-attachment":"scroll","background-type":"","background-media":"","overlay-type":"","overlay-color":"","overlay-opacity":"","overlay-gradient":""}},"ast-content-background-meta":{"desktop":{"background-color":"var(--ast-global-color-5)","background-image":"","background-repeat":"repeat","background-position":"center center","background-size":"auto","background-attachment":"scroll","background-type":"","background-media":"","overlay-type":"","overlay-color":"","overlay-opacity":"","overlay-gradient":""},"tablet":{"background-color":"var(--ast-global-color-5)","background-image":"","background-repeat":"repeat","background-position":"center center","background-size":"auto","background-attachment":"scroll","background-type":"","background-media":"","overlay-type":"","overlay-color":"","overlay-opacity":"","overlay-gradient":""},"mobile":{"background-color":"var(--ast-global-color-5)","background-image":"","background-repeat":"repeat","background-position":"center center","background-size":"auto","background-attachment":"scroll","background-type":"","background-media":"","overlay-type":"","overlay-color":"","overlay-opacity":"","overlay-gradient":""}}},"product_brand":[],"product_cat":[106],"product_tag":[],"class_list":{"0":"post-17813","1":"product","2":"type-product","3":"status-publish","4":"has-post-thumbnail","6":"product_cat-bga-rework-station","7":"desktop-align-left","8":"tablet-align-left","9":"mobile-align-left","10":"ast-product-gallery-layout-horizontal-slider","11":"ast-product-gallery-with-no-image","12":"ast-product-tabs-layout-horizontal","14":"first","15":"instock","16":"shipping-taxable","17":"purchasable","18":"product-type-simple"},"_links":{"self":[{"href":"https:\/\/dezsmt.com\/tr\/wp-json\/wp\/v2\/product\/17813","targetHints":{"allow":["GET"]}}],"collection":[{"href":"https:\/\/dezsmt.com\/tr\/wp-json\/wp\/v2\/product"}],"about":[{"href":"https:\/\/dezsmt.com\/tr\/wp-json\/wp\/v2\/types\/product"}],"version-history":[{"count":5,"href":"https:\/\/dezsmt.com\/tr\/wp-json\/wp\/v2\/product\/17813\/revisions"}],"predecessor-version":[{"id":19442,"href":"https:\/\/dezsmt.com\/tr\/wp-json\/wp\/v2\/product\/17813\/revisions\/19442"}],"wp:featuredmedia":[{"embeddable":true,"href":"https:\/\/dezsmt.com\/tr\/wp-json\/wp\/v2\/media\/19377"}],"wp:attachment":[{"href":"https:\/\/dezsmt.com\/tr\/wp-json\/wp\/v2\/media?parent=17813"}],"wp:term":[{"taxonomy":"product_brand","embeddable":true,"href":"https:\/\/dezsmt.com\/tr\/wp-json\/wp\/v2\/product_brand?post=17813"},{"taxonomy":"product_cat","embeddable":true,"href":"https:\/\/dezsmt.com\/tr\/wp-json\/wp\/v2\/product_cat?post=17813"},{"taxonomy":"product_tag","embeddable":true,"href":"https:\/\/dezsmt.com\/tr\/wp-json\/wp\/v2\/product_tag?post=17813"}],"curies":[{"name":"wp","href":"https:\/\/api.w.org\/{rel}","templated":true}]}}