{"id":17812,"date":"2025-05-05T14:47:04","date_gmt":"2025-05-05T06:47:04","guid":{"rendered":"https:\/\/dezsmt.com\/product-center\/dez-x7600-x-ray-inspection-system\/"},"modified":"2025-12-05T15:51:46","modified_gmt":"2025-12-05T07:51:46","slug":"dez-x7600-x-ray-inspection-system","status":"publish","type":"product","link":"https:\/\/dezsmt.com\/tr\/product-center\/dez-x7600-x-ray-inspection-system\/","title":{"rendered":"DEZ-X7600 X-RAY Muayene Sistemi"},"content":{"rendered":"<div data-elementor-type=\"product-post\" data-elementor-id=\"17812\" class=\"elementor elementor-17812\" data-elementor-post-type=\"product\">\n\t\t\t\t<div class=\"elementor-element elementor-element-7889c6fd e-flex e-con-boxed e-con e-parent\" data-id=\"7889c6fd\" data-element_type=\"container\" data-settings=\"{&quot;ekit_has_onepagescroll_dot&quot;:&quot;yes&quot;}\">\n\t\t\t\t\t<div class=\"e-con-inner\">\n\t\t\t\t<div class=\"elementor-element elementor-element-665ed4e e-n-tabs-mobile elementor-widget elementor-widget-n-tabs\" data-id=\"665ed4e\" data-element_type=\"widget\" data-settings=\"{&quot;tabs_justify_horizontal&quot;:&quot;stretch&quot;,&quot;horizontal_scroll&quot;:&quot;disable&quot;,&quot;ekit_we_effect_on&quot;:&quot;none&quot;}\" data-widget_type=\"nested-tabs.default\">\n\t\t\t\t\t\t\t<div class=\"e-n-tabs\" data-widget-number=\"107343182\" aria-label=\"Sekmeler. Enter ve Space ile \u00f6geleri kapatabilir, Escape ile \u00f6geleri kapatabilir ve Y\u00f6n tu\u015flar\u0131 ile \u00f6geler aras\u0131nda gezinebilirsiniz.\">\n\t\t\t<div class=\"e-n-tabs-heading\" role=\"tablist\">\n\t\t\t\t\t<button id=\"e-n-tab-title-1073431821\" data-tab-title-id=\"e-n-tab-title-1073431821\" class=\"e-n-tab-title\" aria-selected=\"true\" data-tab-index=\"1\" role=\"tab\" tabindex=\"0\" aria-controls=\"e-n-tab-content-1073431821\" style=\"--n-tabs-title-order: 1;\">\n\t\t\t\t\t\t<span class=\"e-n-tab-title-text\">\n\t\t\t\t\u00d6ne \u00c7\u0131kan \u00d6zellikler\t\t\t<\/span>\n\t\t<\/button>\n\t\t\t\t<button id=\"e-n-tab-title-1073431822\" data-tab-title-id=\"e-n-tab-title-1073431822\" class=\"e-n-tab-title\" aria-selected=\"false\" data-tab-index=\"2\" role=\"tab\" tabindex=\"-1\" aria-controls=\"e-n-tab-content-1073431822\" style=\"--n-tabs-title-order: 2;\">\n\t\t\t\t\t\t<span class=\"e-n-tab-title-text\">\n\t\t\t\tVideo\t\t\t<\/span>\n\t\t<\/button>\n\t\t\t\t\t<\/div>\n\t\t\t<div class=\"e-n-tabs-content\">\n\t\t\t\t<div id=\"e-n-tab-content-1073431821\" role=\"tabpanel\" aria-labelledby=\"e-n-tab-title-1073431821\" data-tab-index=\"1\" style=\"--n-tabs-title-order: 1;\" class=\"e-active elementor-element elementor-element-62e903b e-con-full e-flex e-con e-child\" data-id=\"62e903b\" data-element_type=\"container\" data-settings=\"{&quot;ekit_has_onepagescroll_dot&quot;:&quot;yes&quot;}\">\n\t\t\t\t<div class=\"elementor-element elementor-element-267baf3d elementor-widget elementor-widget-text-editor\" data-id=\"267baf3d\" data-element_type=\"widget\" data-settings=\"{&quot;ekit_we_effect_on&quot;:&quot;none&quot;}\" data-widget_type=\"text-editor.default\">\n\t\t\t\t\t\t\t\t\t<p><strong>Temel \u00d6zellikler<\/strong>:<br \/>130mm * 130mm alg\u0131lama alan\u0131 ile y\u00fcksek \u00e7\u00f6z\u00fcn\u00fcrl\u00fckl\u00fc g\u00f6r\u00fcnt\u00fcleme.<br \/>Ger\u00e7ek zamanl\u0131 izleme ve kay\u0131t yetenekleri.<br \/>\u00d6zel gereksinimler i\u00e7in \u00f6zelle\u015ftirilebilir alg\u0131lama algoritmalar\u0131.<br \/>Sezgisel navigasyon ile User dostu aray\u00fcz.<br \/>Y\u00fcksek performans \u00f6zelliklerine sahip sa\u011flam end\u00fcstriyel bilgisayar.<br \/>Radyasyondan korunma \u00f6zellikleri ile g\u00fcvenli ve g\u00fcvenilir \u00e7al\u0131\u015fma.<br \/>\u00c7e\u015fitli elektronik ve yar\u0131 iletken uygulamalar\u0131 i\u00e7in uygundur.<\/p><p><strong>Teknik Veri Sayfas\u0131<\/strong>:<br \/>- X-ray Kayna\u011f\u0131:<br \/>- Marka: Hamamatsu, Japonya<br \/>- Tip Kapal\u0131 Mikrofokus<br \/>- Gerilim: 130kv<br \/>- Ak\u0131m: 10-300uA<br \/>- Odak Boyutu: 5\u03bcm<br \/>- Maksimum G\u00fc\u00e7: 39W<br \/>- G\u00f6r\u00fcnt\u00fcleme Birimi:<br \/>- Marka: iRAY<br \/>- Tip Amorphous Silikon D\u00fcz Panel Dedekt\u00f6r<br \/>- G\u00f6r\u00fcnt\u00fcleme Alan\u0131: 130mm * 130mm<br \/>- I\u015f\u0131\u011fa Duyarl\u0131 Birim Boyutu: 85\u03bcm<br \/>- Piksel Matrisi: 1536 * 1536<br \/>- \u00c7\u00f6z\u00fcn\u00fcrl\u00fck: 5.8Lp\/mm<br \/>- G\u00f6r\u00fcnt\u00fc Kare H\u0131z\u0131: 20fps<br \/>- E\u011fim A\u00e7\u0131s\u0131: 0-90\u00a1\u00e3 g\u00f6r\u00fc\u015f a\u00e7\u0131s\u0131 (sola ve sa\u011fa 45\u00a1\u00e3)<br \/>- B\u00fcy\u00fctme Oran\u0131: Geometrik b\u00fcy\u00fctme oran\u0131 150 kat<br \/>- Bilgisayar sunucusu:<br \/>- Marka Advantech End\u00fcstriyel Bilgisayar<br \/>- Yap\u0131land\u0131rma: CPU: I5 7700, RAM: 8G, HDD: 1TB<br \/>- Monit\u00f6r: 24\u2033 FHD LCD Ekran<br \/>- Y\u00fckleme Platformu:<br \/>- Y\u00fckleme Alan\u0131: 520mm * 520mm<br \/>- Maksimum Muayene Alan\u0131: 510mm * 450mm<br \/>- Hareket Seyahati (Z ekseni): Alg\u0131lama Paneli Z1=300mm, X-ray Kayna\u011f\u0131 Z2=300mm<br \/>- Hareket Seyahati (X ekseni): * eksen=510mm, Y eksen=450mm<br \/>- Maksimum Numune A\u011f\u0131rl\u0131\u011f\u0131: 12kg<br \/>- Hareket Kontrol Y\u00f6ntemi: Joystick, Fare ve Klavye<br \/>- Navigasyon Sistemi:<br \/>- Yap\u0131land\u0131rma: Hikvision Y\u00fcksek \u00c7\u00f6z\u00fcn\u00fcrl\u00fckl\u00fc Kamera<br \/>- Yaz\u0131l\u0131m Sistemi:<br \/>- Tescilli yaz\u0131l\u0131m fikri m\u00fclkiyeti ile ba\u011f\u0131ms\u0131z olarak geli\u015ftirilmi\u015ftir<br \/>- Fonksiyonlar: Otomatik g\u00f6r\u00fcnt\u00fc ayar\u0131, otomatik navigasyon, hesaplama \u00f6zelli\u011fi, \u00f6zelle\u015ftirilebilir alg\u0131lama algoritmalar\u0131, konum d\u00fczenleme i\u015flevi<br \/>- Makine Parametreleri:<br \/>- A\u011f\u0131rl\u0131k: Yakla\u015f\u0131k 1650Kg<br \/>- G\u00fc\u00e7 Kayna\u011f\u0131: 220V\/50Hz<br \/>- Maksimum G\u00fc\u00e7: 2.0KW<br \/>- Ekipman Boyutlar\u0131: 1400mm(L) * 1350mm(W) * 1750mm(H)<br \/>- Radyasyon S\u0131z\u0131nt\u0131 Dozu: &lt;0,5\u03bcSv\/h<\/p><p>- X-\u0131\u015f\u0131n\u0131 G\u00fcvenli\u011fi: Radyasyon s\u0131z\u0131nt\u0131 dozu &lt;0,5\u03bcSv\/h, \u00e7elik-lead-\u00e7elik yap\u0131dan olu\u015fan muhafazan\u0131n koruyucu malzemesi, \u00f6n kap\u0131 penceresi radyasyon korumas\u0131 i\u00e7in leaded cam kullan\u0131r, g\u00fcvenlik kilidi \u00f6zelli\u011fi, durum g\u00f6sterge \u0131\u015f\u0131klar\u0131, radyoizotoplar ve radyasyon devices i\u00e7in muafiyet dosyalama<br \/>- Yap\u0131land\u0131rma Listesi:<br \/>- X-\u0131\u015f\u0131n\u0131 Kayna\u011f\u0131: 1 set (Hamamatsu, Japonya, Kapal\u0131 Mikrofokus X-\u0131\u015f\u0131n\u0131 Kayna\u011f\u0131 130KV)<br \/>- G\u00f6r\u00fcnt\u00fcleme \u00dcnitesi: 1 adet (iRAY, Amorphous Silikon D\u00fcz Panel Dedekt\u00f6r 130mm * 130mm)<br \/>- Bilgisayar Ana Bilgisayar\u0131: 1 adet (Advantech End\u00fcstriyel Bilgisayar)<br \/>- Monit\u00f6r: 1 adet (24 in\u00e7 HD Monit\u00f6r)<br \/>- Hassas Kontrol Bile\u015fenleri: 1 set (Googol Hareket Kontrol Kart\u0131, Motor, vb.)<br \/>- Ba\u015f Oda ve Hareket Par\u00e7alar\u0131: 1 set (Kendi Haklar\u0131)<br \/>- Yaz\u0131l\u0131m: 1 set (Kendi Haklar\u0131)<\/p>\t\t\t\t\t\t\t\t<\/div>\n\t\t\t\t<\/div>\n\t\t<div id=\"e-n-tab-content-1073431822\" role=\"tabpanel\" aria-labelledby=\"e-n-tab-title-1073431822\" data-tab-index=\"2\" style=\"--n-tabs-title-order: 2;\" class=\"elementor-element elementor-element-b348fe1 e-con-full e-flex e-con e-child\" data-id=\"b348fe1\" data-element_type=\"container\" data-settings=\"{&quot;ekit_has_onepagescroll_dot&quot;:&quot;yes&quot;}\">\n\t\t\t\t<div class=\"elementor-element elementor-element-a2a5ab9 elementor-widget elementor-widget-video\" data-id=\"a2a5ab9\" data-element_type=\"widget\" data-settings=\"{&quot;youtube_url&quot;:&quot;https:\\\/\\\/www.youtube.com\\\/watch?v=WaNCJ-UYnao&quot;,&quot;video_type&quot;:&quot;youtube&quot;,&quot;controls&quot;:&quot;yes&quot;,&quot;ekit_we_effect_on&quot;:&quot;none&quot;}\" data-widget_type=\"video.default\">\n\t\t\t\t\t\t\t<div class=\"elementor-wrapper elementor-open-inline\">\n\t\t\t<div class=\"elementor-video\"><\/div>\t\t<\/div>\n\t\t\t\t\t\t<\/div>\n\t\t\t\t<\/div>\n\t\t\t\t\t<\/div>\n\t\t<\/div>\n\t\t\t\t\t\t<\/div>\n\t\t\t\t\t<\/div>\n\t\t\t\t<\/div>\n\t\t\t\t<\/div>","protected":false},"excerpt":{"rendered":"<p>DEZ-X7600, elektronik bile\u015fenlerin ve PCB'lerin tahribats\u0131z testleri i\u00e7in tasarlanm\u0131\u015f bir X-ray kontrol sistemidir. Y\u00fcksek \u00e7\u00f6z\u00fcn\u00fcrl\u00fckl\u00fc g\u00f6r\u00fcnt\u00fcleme ve hassas alg\u0131lama \u00f6zellikleri sayesinde kalite kontrol ve ar\u0131za analizi i\u00e7in idealdir.<\/p>","protected":false},"featured_media":19412,"template":"","meta":{"_lmt_disableupdate":"no","_lmt_disable":"","site-sidebar-layout":"default","site-content-layout":"","ast-site-content-layout":"default","site-content-style":"default","site-sidebar-style":"default","ast-global-header-display":"","ast-banner-title-visibility":"","ast-main-header-display":"","ast-hfb-above-header-display":"","ast-hfb-below-header-display":"","ast-hfb-mobile-header-display":"","site-post-title":"","ast-breadcrumbs-content":"","ast-featured-img":"","footer-sml-layout":"","ast-disable-related-posts":"","theme-transparent-header-meta":"default","adv-header-id-meta":"","stick-header-meta":"default","header-above-stick-meta":"","header-main-stick-meta":"","header-below-stick-meta":"","astra-migrate-meta-layouts":"set","ast-page-background-enabled":"default","ast-page-background-meta":{"desktop":{"background-color":"","background-image":"","background-repeat":"repeat","background-position":"center center","background-size":"auto","background-attachment":"scroll","background-type":"","background-media":"","overlay-type":"","overlay-color":"","overlay-opacity":"","overlay-gradient":""},"tablet":{"background-color":"","background-image":"","background-repeat":"repeat","background-position":"center center","background-size":"auto","background-attachment":"scroll","background-type":"","background-media":"","overlay-type":"","overlay-color":"","overlay-opacity":"","overlay-gradient":""},"mobile":{"background-color":"","background-image":"","background-repeat":"repeat","background-position":"center center","background-size":"auto","background-attachment":"scroll","background-type":"","background-media":"","overlay-type":"","overlay-color":"","overlay-opacity":"","overlay-gradient":""}},"ast-content-background-meta":{"desktop":{"background-color":"var(--ast-global-color-5)","background-image":"","background-repeat":"repeat","background-position":"center center","background-size":"auto","background-attachment":"scroll","background-type":"","background-media":"","overlay-type":"","overlay-color":"","overlay-opacity":"","overlay-gradient":""},"tablet":{"background-color":"var(--ast-global-color-5)","background-image":"","background-repeat":"repeat","background-position":"center center","background-size":"auto","background-attachment":"scroll","background-type":"","background-media":"","overlay-type":"","overlay-color":"","overlay-opacity":"","overlay-gradient":""},"mobile":{"background-color":"var(--ast-global-color-5)","background-image":"","background-repeat":"repeat","background-position":"center center","background-size":"auto","background-attachment":"scroll","background-type":"","background-media":"","overlay-type":"","overlay-color":"","overlay-opacity":"","overlay-gradient":""}}},"product_brand":[],"product_cat":[105],"product_tag":[],"class_list":{"0":"post-17812","1":"product","2":"type-product","3":"status-publish","4":"has-post-thumbnail","6":"product_cat-x-ray-inspection-system","7":"desktop-align-left","8":"tablet-align-left","9":"mobile-align-left","10":"ast-product-gallery-layout-horizontal-slider","11":"ast-product-tabs-layout-horizontal","13":"first","14":"instock","15":"shipping-taxable","16":"purchasable","17":"product-type-simple"},"_links":{"self":[{"href":"https:\/\/dezsmt.com\/tr\/wp-json\/wp\/v2\/product\/17812","targetHints":{"allow":["GET"]}}],"collection":[{"href":"https:\/\/dezsmt.com\/tr\/wp-json\/wp\/v2\/product"}],"about":[{"href":"https:\/\/dezsmt.com\/tr\/wp-json\/wp\/v2\/types\/product"}],"version-history":[{"count":1,"href":"https:\/\/dezsmt.com\/tr\/wp-json\/wp\/v2\/product\/17812\/revisions"}],"predecessor-version":[{"id":19403,"href":"https:\/\/dezsmt.com\/tr\/wp-json\/wp\/v2\/product\/17812\/revisions\/19403"}],"wp:featuredmedia":[{"embeddable":true,"href":"https:\/\/dezsmt.com\/tr\/wp-json\/wp\/v2\/media\/19412"}],"wp:attachment":[{"href":"https:\/\/dezsmt.com\/tr\/wp-json\/wp\/v2\/media?parent=17812"}],"wp:term":[{"taxonomy":"product_brand","embeddable":true,"href":"https:\/\/dezsmt.com\/tr\/wp-json\/wp\/v2\/product_brand?post=17812"},{"taxonomy":"product_cat","embeddable":true,"href":"https:\/\/dezsmt.com\/tr\/wp-json\/wp\/v2\/product_cat?post=17812"},{"taxonomy":"product_tag","embeddable":true,"href":"https:\/\/dezsmt.com\/tr\/wp-json\/wp\/v2\/product_tag?post=17812"}],"curies":[{"name":"wp","href":"https:\/\/api.w.org\/{rel}","templated":true}]}}