{"id":17806,"date":"2025-05-05T14:47:01","date_gmt":"2025-05-05T06:47:01","guid":{"rendered":"https:\/\/dezsmt.com\/product-center\/dez-c7320-inline-dry-ice-cleaning-machine\/"},"modified":"2025-12-04T18:07:54","modified_gmt":"2025-12-04T10:07:54","slug":"dez-c7320-inline-dry-ice-cleaning-machine","status":"publish","type":"product","link":"https:\/\/dezsmt.com\/tr\/product-center\/dez-c7320-inline-dry-ice-cleaning-machine\/","title":{"rendered":"DEZ-C7320 Inline Kuru Buz Temizleme Makinesi"},"content":{"rendered":"<div data-elementor-type=\"product-post\" data-elementor-id=\"17806\" class=\"elementor elementor-17806\" data-elementor-post-type=\"product\">\n\t\t\t\t<div class=\"elementor-element elementor-element-2e89b38b e-flex e-con-boxed e-con e-parent\" data-id=\"2e89b38b\" data-element_type=\"container\" data-e-type=\"container\" data-settings=\"{&quot;ekit_has_onepagescroll_dot&quot;:&quot;yes&quot;}\">\n\t\t\t\t\t<div class=\"e-con-inner\">\n\t\t\t\t<div class=\"elementor-element elementor-element-0e04b90 e-n-tabs-mobile elementor-widget elementor-widget-n-tabs\" data-id=\"0e04b90\" data-element_type=\"widget\" data-e-type=\"widget\" data-settings=\"{&quot;tabs_justify_horizontal&quot;:&quot;stretch&quot;,&quot;horizontal_scroll&quot;:&quot;disable&quot;,&quot;ekit_we_effect_on&quot;:&quot;none&quot;}\" data-widget_type=\"nested-tabs.default\">\n\t\t\t\t\t\t\t<div class=\"e-n-tabs\" data-widget-number=\"14699408\" aria-label=\"Sekmeler. Enter ve Space ile \u00f6geleri kapatabilir, Escape ile \u00f6geleri kapatabilir ve Y\u00f6n tu\u015flar\u0131 ile \u00f6geler aras\u0131nda gezinebilirsiniz.\">\n\t\t\t<div class=\"e-n-tabs-heading\" role=\"tablist\">\n\t\t\t\t\t<button id=\"e-n-tab-title-146994081\" data-tab-title-id=\"e-n-tab-title-146994081\" class=\"e-n-tab-title\" aria-selected=\"true\" data-tab-index=\"1\" role=\"tab\" tabindex=\"0\" aria-controls=\"e-n-tab-content-146994081\" style=\"--n-tabs-title-order: 1;\">\n\t\t\t\t\t\t<span class=\"e-n-tab-title-text\">\n\t\t\t\t\u00d6ne \u00c7\u0131kan \u00d6zellikler\t\t\t<\/span>\n\t\t<\/button>\n\t\t\t\t<button id=\"e-n-tab-title-146994082\" data-tab-title-id=\"e-n-tab-title-146994082\" class=\"e-n-tab-title\" aria-selected=\"false\" data-tab-index=\"2\" role=\"tab\" tabindex=\"-1\" aria-controls=\"e-n-tab-content-146994082\" style=\"--n-tabs-title-order: 2;\">\n\t\t\t\t\t\t<span class=\"e-n-tab-title-text\">\n\t\t\t\tVideo\t\t\t<\/span>\n\t\t<\/button>\n\t\t\t\t\t<\/div>\n\t\t\t<div class=\"e-n-tabs-content\">\n\t\t\t\t<div id=\"e-n-tab-content-146994081\" role=\"tabpanel\" aria-labelledby=\"e-n-tab-title-146994081\" data-tab-index=\"1\" style=\"--n-tabs-title-order: 1;\" class=\"e-active elementor-element elementor-element-dda203b e-con-full e-flex e-con e-child\" data-id=\"dda203b\" data-element_type=\"container\" data-e-type=\"container\" data-settings=\"{&quot;ekit_has_onepagescroll_dot&quot;:&quot;yes&quot;}\">\n\t\t\t\t<div class=\"elementor-element elementor-element-81d1b85 elementor-widget elementor-widget-text-editor\" data-id=\"81d1b85\" data-element_type=\"widget\" data-e-type=\"widget\" data-settings=\"{&quot;ekit_we_effect_on&quot;:&quot;none&quot;}\" data-widget_type=\"text-editor.default\">\n\t\t\t\t\t\t\t\t\t<p><strong>Temel \u00d6zellikler<\/strong>:<br \/>A\u015f\u0131nd\u0131r\u0131c\u0131 olmayan temizlik i\u00e7in kuru buz kullan\u0131r.<br \/>\u0130kincil at\u0131k veya kal\u0131nt\u0131 yok.<br \/>\u00c7evre dostu ve operat\u00f6rler i\u00e7in g\u00fcvenli.<br \/>Otomotiv, elektronik ve imalat dahil olmak \u00fczere geni\u015f uygulama yelpazesi.<br \/>D\u00fc\u015f\u00fck i\u015fletme maliyetleri ile uygun maliyetli.<br \/>Ayarlanabilir parametreler ile kullan\u0131m\u0131 kolayd\u0131r.<br \/>Ar\u0131za s\u00fcresini azalt\u0131r ve \u00fcretkenli\u011fi art\u0131r\u0131r.<br \/>Y\u00fczeylere zarar vermeden tahribats\u0131z temizlik.<\/p><p><strong>Teknik Veri Sayfas\u0131<\/strong>:<br \/>- Model DEZ-C7320<br \/>- Temizlik Boyutu: 400x350mm<br \/>- G\u00fc\u00e7 Kayna\u011f\u0131: AC220V (50-60HZ)<br \/>- G\u00fc\u00e7: 0.25KW<br \/>- Hazne Kapasitesi: 5-10Kg<br \/>- Kuru Buz Kapasitesi: 140125250MM (Yakla\u015f\u0131k 5Kg)<br \/>- Kuru Buz P\u00fcsk\u00fcrtme Hacmi: 0,1-0,6KG\/dak (ayarlanabilir)<br \/>- Buz Borusu: 1\/2 D\u00fc\u015f\u00fck s\u0131cakl\u0131kta kuru buz<br \/>- Gaz Ak\u0131\u015f\u0131\/Bas\u0131nc\u0131: 0.5-4.03\/dk \/0.1~0.8Mpa (ayarlanabilir)<br \/>- Giri\u015f Koruma Seviyesi: IP55<br \/>- Toplam A\u011f\u0131rl\u0131k: 120kg<br \/>- Ekipman Boyutu: 940x830x1810mm (\u00fc\u00e7 renkli \u0131\u015f\u0131k olmadan)<\/p>\t\t\t\t\t\t\t\t<\/div>\n\t\t\t\t<\/div>\n\t\t<div id=\"e-n-tab-content-146994082\" role=\"tabpanel\" aria-labelledby=\"e-n-tab-title-146994082\" data-tab-index=\"2\" style=\"--n-tabs-title-order: 2;\" class=\"elementor-element elementor-element-6c7b4b7 e-con-full e-flex e-con e-child\" data-id=\"6c7b4b7\" data-element_type=\"container\" data-e-type=\"container\" data-settings=\"{&quot;ekit_has_onepagescroll_dot&quot;:&quot;yes&quot;}\">\n\t\t\t\t<div class=\"elementor-element elementor-element-c9d26f5 elementor-widget elementor-widget-video\" data-id=\"c9d26f5\" data-element_type=\"widget\" data-e-type=\"widget\" data-settings=\"{&quot;youtube_url&quot;:&quot;https:\\\/\\\/www.youtube.com\\\/watch?v=WaNCJ-UYnao&quot;,&quot;video_type&quot;:&quot;youtube&quot;,&quot;controls&quot;:&quot;yes&quot;,&quot;ekit_we_effect_on&quot;:&quot;none&quot;}\" data-widget_type=\"video.default\">\n\t\t\t\t\t\t\t<div class=\"elementor-wrapper elementor-open-inline\">\n\t\t\t<div class=\"elementor-video\"><\/div>\t\t<\/div>\n\t\t\t\t\t\t<\/div>\n\t\t\t\t<\/div>\n\t\t\t\t\t<\/div>\n\t\t<\/div>\n\t\t\t\t\t\t<\/div>\n\t\t\t\t\t<\/div>\n\t\t\t\t<\/div>\n\t\t\t\t<\/div>","protected":false},"excerpt":{"rendered":"<p>DEZ-C7320, end\u00fcstriyel temizlik i\u00e7in tasarlanm\u0131\u015f bir inline kuru buz temizleme makinesidir. A\u015f\u0131nd\u0131r\u0131c\u0131 olmayan, toksik olmayan ve \u00e7evre dostu bir temizlik \u00e7\u00f6z\u00fcm\u00fc sunarak \u00e7e\u015fitli end\u00fcstriler i\u00e7in idealdir.<\/p>","protected":false},"featured_media":19381,"template":"","meta":{"_lmt_disableupdate":"no","_lmt_disable":"","site-sidebar-layout":"default","site-content-layout":"","ast-site-content-layout":"default","site-content-style":"default","site-sidebar-style":"default","ast-global-header-display":"","ast-banner-title-visibility":"","ast-main-header-display":"","ast-hfb-above-header-display":"","ast-hfb-below-header-display":"","ast-hfb-mobile-header-display":"","site-post-title":"","ast-breadcrumbs-content":"","ast-featured-img":"","footer-sml-layout":"","ast-disable-related-posts":"","theme-transparent-header-meta":"default","adv-header-id-meta":"","stick-header-meta":"default","header-above-stick-meta":"","header-main-stick-meta":"","header-below-stick-meta":"","astra-migrate-meta-layouts":"set","ast-page-background-enabled":"default","ast-page-background-meta":{"desktop":{"background-color":"","background-image":"","background-repeat":"repeat","background-position":"center center","background-size":"auto","background-attachment":"scroll","background-type":"","background-media":"","overlay-type":"","overlay-color":"","overlay-opacity":"","overlay-gradient":""},"tablet":{"background-color":"","background-image":"","background-repeat":"repeat","background-position":"center center","background-size":"auto","background-attachment":"scroll","background-type":"","background-media":"","overlay-type":"","overlay-color":"","overlay-opacity":"","overlay-gradient":""},"mobile":{"background-color":"","background-image":"","background-repeat":"repeat","background-position":"center center","background-size":"auto","background-attachment":"scroll","background-type":"","background-media":"","overlay-type":"","overlay-color":"","overlay-opacity":"","overlay-gradient":""}},"ast-content-background-meta":{"desktop":{"background-color":"var(--ast-global-color-5)","background-image":"","background-repeat":"repeat","background-position":"center center","background-size":"auto","background-attachment":"scroll","background-type":"","background-media":"","overlay-type":"","overlay-color":"","overlay-opacity":"","overlay-gradient":""},"tablet":{"background-color":"var(--ast-global-color-5)","background-image":"","background-repeat":"repeat","background-position":"center center","background-size":"auto","background-attachment":"scroll","background-type":"","background-media":"","overlay-type":"","overlay-color":"","overlay-opacity":"","overlay-gradient":""},"mobile":{"background-color":"var(--ast-global-color-5)","background-image":"","background-repeat":"repeat","background-position":"center center","background-size":"auto","background-attachment":"scroll","background-type":"","background-media":"","overlay-type":"","overlay-color":"","overlay-opacity":"","overlay-gradient":""}}},"product_brand":[],"product_cat":[109],"product_tag":[],"class_list":{"0":"post-17806","1":"product","2":"type-product","3":"status-publish","4":"has-post-thumbnail","6":"product_cat-dry-ice-cleaning-machine","7":"desktop-align-left","8":"tablet-align-left","9":"mobile-align-left","10":"ast-product-gallery-layout-horizontal-slider","11":"ast-product-gallery-with-no-image","12":"ast-product-tabs-layout-horizontal","14":"first","15":"instock","16":"shipping-taxable","17":"purchasable","18":"product-type-simple"},"_links":{"self":[{"href":"https:\/\/dezsmt.com\/tr\/wp-json\/wp\/v2\/product\/17806","targetHints":{"allow":["GET"]}}],"collection":[{"href":"https:\/\/dezsmt.com\/tr\/wp-json\/wp\/v2\/product"}],"about":[{"href":"https:\/\/dezsmt.com\/tr\/wp-json\/wp\/v2\/types\/product"}],"version-history":[{"count":1,"href":"https:\/\/dezsmt.com\/tr\/wp-json\/wp\/v2\/product\/17806\/revisions"}],"predecessor-version":[{"id":19382,"href":"https:\/\/dezsmt.com\/tr\/wp-json\/wp\/v2\/product\/17806\/revisions\/19382"}],"wp:featuredmedia":[{"embeddable":true,"href":"https:\/\/dezsmt.com\/tr\/wp-json\/wp\/v2\/media\/19381"}],"wp:attachment":[{"href":"https:\/\/dezsmt.com\/tr\/wp-json\/wp\/v2\/media?parent=17806"}],"wp:term":[{"taxonomy":"product_brand","embeddable":true,"href":"https:\/\/dezsmt.com\/tr\/wp-json\/wp\/v2\/product_brand?post=17806"},{"taxonomy":"product_cat","embeddable":true,"href":"https:\/\/dezsmt.com\/tr\/wp-json\/wp\/v2\/product_cat?post=17806"},{"taxonomy":"product_tag","embeddable":true,"href":"https:\/\/dezsmt.com\/tr\/wp-json\/wp\/v2\/product_tag?post=17806"}],"curies":[{"name":"wp","href":"https:\/\/api.w.org\/{rel}","templated":true}]}}