{"id":17805,"date":"2025-05-05T14:47:00","date_gmt":"2025-05-05T06:47:00","guid":{"rendered":"https:\/\/dezsmt.com\/product-center\/dez-c7310-dry-ice-cleaning-equipment\/"},"modified":"2025-12-04T18:08:35","modified_gmt":"2025-12-04T10:08:35","slug":"dez-c7310-dry-ice-cleaning-equipment","status":"publish","type":"product","link":"https:\/\/dezsmt.com\/tr\/product-center\/dez-c7310-dry-ice-cleaning-equipment\/","title":{"rendered":"DEZ-C7310 Kuru Buz Temizleme Ekipman\u0131"},"content":{"rendered":"<div data-elementor-type=\"product-post\" data-elementor-id=\"17805\" class=\"elementor elementor-17805\" data-elementor-post-type=\"product\">\n\t\t\t\t<div class=\"elementor-element elementor-element-284fcc63 e-flex e-con-boxed e-con e-parent\" data-id=\"284fcc63\" data-element_type=\"container\" data-settings=\"{&quot;ekit_has_onepagescroll_dot&quot;:&quot;yes&quot;}\">\n\t\t\t\t\t<div class=\"e-con-inner\">\n\t\t\t\t<div class=\"elementor-element elementor-element-d0f8fe4 e-n-tabs-mobile elementor-widget elementor-widget-n-tabs\" data-id=\"d0f8fe4\" data-element_type=\"widget\" data-settings=\"{&quot;tabs_justify_horizontal&quot;:&quot;stretch&quot;,&quot;horizontal_scroll&quot;:&quot;disable&quot;,&quot;ekit_we_effect_on&quot;:&quot;none&quot;}\" data-widget_type=\"nested-tabs.default\">\n\t\t\t\t\t\t\t<div class=\"e-n-tabs\" data-widget-number=\"219123684\" aria-label=\"Sekmeler. Enter ve Space ile \u00f6geleri kapatabilir, Escape ile \u00f6geleri kapatabilir ve Y\u00f6n tu\u015flar\u0131 ile \u00f6geler aras\u0131nda gezinebilirsiniz.\">\n\t\t\t<div class=\"e-n-tabs-heading\" role=\"tablist\">\n\t\t\t\t\t<button id=\"e-n-tab-title-2191236841\" data-tab-title-id=\"e-n-tab-title-2191236841\" class=\"e-n-tab-title\" aria-selected=\"true\" data-tab-index=\"1\" role=\"tab\" tabindex=\"0\" aria-controls=\"e-n-tab-content-2191236841\" style=\"--n-tabs-title-order: 1;\">\n\t\t\t\t\t\t<span class=\"e-n-tab-title-text\">\n\t\t\t\t\u00d6ne \u00c7\u0131kan \u00d6zellikler\t\t\t<\/span>\n\t\t<\/button>\n\t\t\t\t<button id=\"e-n-tab-title-2191236842\" data-tab-title-id=\"e-n-tab-title-2191236842\" class=\"e-n-tab-title\" aria-selected=\"false\" data-tab-index=\"2\" role=\"tab\" tabindex=\"-1\" aria-controls=\"e-n-tab-content-2191236842\" style=\"--n-tabs-title-order: 2;\">\n\t\t\t\t\t\t<span class=\"e-n-tab-title-text\">\n\t\t\t\tVideo\t\t\t<\/span>\n\t\t<\/button>\n\t\t\t\t\t<\/div>\n\t\t\t<div class=\"e-n-tabs-content\">\n\t\t\t\t<div id=\"e-n-tab-content-2191236841\" role=\"tabpanel\" aria-labelledby=\"e-n-tab-title-2191236841\" data-tab-index=\"1\" style=\"--n-tabs-title-order: 1;\" class=\"e-active elementor-element elementor-element-e62524d e-con-full e-flex e-con e-child\" data-id=\"e62524d\" data-element_type=\"container\" data-settings=\"{&quot;ekit_has_onepagescroll_dot&quot;:&quot;yes&quot;}\">\n\t\t\t\t<div class=\"elementor-element elementor-element-6203153b elementor-widget elementor-widget-text-editor\" data-id=\"6203153b\" data-element_type=\"widget\" data-settings=\"{&quot;ekit_we_effect_on&quot;:&quot;none&quot;}\" data-widget_type=\"text-editor.default\">\n\t\t\t\t\t\t\t\t\t<p><strong>Temel \u00d6zellikler<\/strong>:<br \/>A\u015f\u0131nd\u0131r\u0131c\u0131 olmayan temizlik i\u00e7in kuru buz kullan\u0131r.<br \/>\u0130kincil at\u0131k veya kal\u0131nt\u0131 yok.<br \/>\u00c7evre dostu ve operat\u00f6rler i\u00e7in g\u00fcvenli.<br \/>Elektronik ve otomotiv elektroni\u011fi dahil olmak \u00fczere geni\u015f uygulama yelpazesi.<br \/>D\u00fc\u015f\u00fck i\u015fletme maliyetleri ile uygun maliyetli.<br \/>Ayarlanabilir parametreler ile kullan\u0131m\u0131 kolayd\u0131r.<br \/>Ar\u0131za s\u00fcresini azalt\u0131r ve \u00fcretkenli\u011fi art\u0131r\u0131r.<br \/>Y\u00fczeylere zarar vermeden tahribats\u0131z temizlik.<\/p><p><strong>Teknik Veri Sayfas\u0131<\/strong>:<br \/>- G\u00fc\u00e7 Kayna\u011f\u0131: AC220V 50HZ<br \/>- Ana Motor G\u00fcc\u00fc: 0.25KW<br \/>- Egzoz Motor G\u00fcc\u00fc: 500W<br \/>- Gaz Ak\u0131\u015f\u0131: 0,5~4,0 metrek\u00fcp\/dak (ayarlanabilir parametreler)<br \/>- Bas\u0131n\u00e7: 01~0.8Mpa (parametreler ayarlanabilir)<br \/>- Kuru Buz P\u00fcsk\u00fcrtme Miktar\u0131: 0.1-0.6KG\/dk (parametreler ayarlanabilir)<br \/>- Uygulanabilir Kuru Buz: 140125250MM (yakla\u015f\u0131k 5Kg)<br \/>- Hazne Kapasitesi: 5-10Kg<br \/>- Ekipman Boyutu: L680W750H1680 (mm) (\u00d6zelle\u015ftirilmi\u015f modellerin boyutu biraz farkl\u0131 olabilir)<\/p>\t\t\t\t\t\t\t\t<\/div>\n\t\t\t\t<\/div>\n\t\t<div id=\"e-n-tab-content-2191236842\" role=\"tabpanel\" aria-labelledby=\"e-n-tab-title-2191236842\" data-tab-index=\"2\" style=\"--n-tabs-title-order: 2;\" class=\"elementor-element elementor-element-9e6ec8b e-con-full e-flex e-con e-child\" data-id=\"9e6ec8b\" data-element_type=\"container\" data-settings=\"{&quot;ekit_has_onepagescroll_dot&quot;:&quot;yes&quot;}\">\n\t\t\t\t<div class=\"elementor-element elementor-element-16a9915 elementor-widget elementor-widget-video\" data-id=\"16a9915\" data-element_type=\"widget\" data-settings=\"{&quot;youtube_url&quot;:&quot;https:\\\/\\\/www.youtube.com\\\/watch?v=WaNCJ-UYnao&quot;,&quot;video_type&quot;:&quot;youtube&quot;,&quot;controls&quot;:&quot;yes&quot;,&quot;ekit_we_effect_on&quot;:&quot;none&quot;}\" data-widget_type=\"video.default\">\n\t\t\t\t\t\t\t<div class=\"elementor-wrapper elementor-open-inline\">\n\t\t\t<div class=\"elementor-video\"><\/div>\t\t<\/div>\n\t\t\t\t\t\t<\/div>\n\t\t\t\t<\/div>\n\t\t\t\t\t<\/div>\n\t\t<\/div>\n\t\t\t\t\t\t<\/div>\n\t\t\t\t\t<\/div>\n\t\t\t\t<\/div>\n\t\t\t\t<\/div>","protected":false},"excerpt":{"rendered":"<p>DEZ-C7310, PCBA'lar\u0131n ve di\u011fer elektronik cihazlar\u0131n temizlenmesi i\u00e7in tasarlanm\u0131\u015f bir kuru buz temizleme makinesidir. A\u015f\u0131nd\u0131r\u0131c\u0131 olmayan, toksik olmayan ve \u00e7evre dostu bir temizlik \u00e7\u00f6z\u00fcm\u00fc sunarak elektronik end\u00fcstrisi i\u00e7in idealdir.<\/p>","protected":false},"featured_media":19380,"template":"","meta":{"_lmt_disableupdate":"no","_lmt_disable":"","site-sidebar-layout":"default","site-content-layout":"","ast-site-content-layout":"default","site-content-style":"default","site-sidebar-style":"default","ast-global-header-display":"","ast-banner-title-visibility":"","ast-main-header-display":"","ast-hfb-above-header-display":"","ast-hfb-below-header-display":"","ast-hfb-mobile-header-display":"","site-post-title":"","ast-breadcrumbs-content":"","ast-featured-img":"","footer-sml-layout":"","ast-disable-related-posts":"","theme-transparent-header-meta":"default","adv-header-id-meta":"","stick-header-meta":"default","header-above-stick-meta":"","header-main-stick-meta":"","header-below-stick-meta":"","astra-migrate-meta-layouts":"set","ast-page-background-enabled":"default","ast-page-background-meta":{"desktop":{"background-color":"","background-image":"","background-repeat":"repeat","background-position":"center center","background-size":"auto","background-attachment":"scroll","background-type":"","background-media":"","overlay-type":"","overlay-color":"","overlay-opacity":"","overlay-gradient":""},"tablet":{"background-color":"","background-image":"","background-repeat":"repeat","background-position":"center center","background-size":"auto","background-attachment":"scroll","background-type":"","background-media":"","overlay-type":"","overlay-color":"","overlay-opacity":"","overlay-gradient":""},"mobile":{"background-color":"","background-image":"","background-repeat":"repeat","background-position":"center center","background-size":"auto","background-attachment":"scroll","background-type":"","background-media":"","overlay-type":"","overlay-color":"","overlay-opacity":"","overlay-gradient":""}},"ast-content-background-meta":{"desktop":{"background-color":"var(--ast-global-color-5)","background-image":"","background-repeat":"repeat","background-position":"center center","background-size":"auto","background-attachment":"scroll","background-type":"","background-media":"","overlay-type":"","overlay-color":"","overlay-opacity":"","overlay-gradient":""},"tablet":{"background-color":"var(--ast-global-color-5)","background-image":"","background-repeat":"repeat","background-position":"center center","background-size":"auto","background-attachment":"scroll","background-type":"","background-media":"","overlay-type":"","overlay-color":"","overlay-opacity":"","overlay-gradient":""},"mobile":{"background-color":"var(--ast-global-color-5)","background-image":"","background-repeat":"repeat","background-position":"center center","background-size":"auto","background-attachment":"scroll","background-type":"","background-media":"","overlay-type":"","overlay-color":"","overlay-opacity":"","overlay-gradient":""}}},"product_brand":[],"product_cat":[109],"product_tag":[],"class_list":{"0":"post-17805","1":"product","2":"type-product","3":"status-publish","4":"has-post-thumbnail","6":"product_cat-dry-ice-cleaning-machine","7":"desktop-align-left","8":"tablet-align-left","9":"mobile-align-left","10":"ast-product-gallery-layout-horizontal-slider","11":"ast-product-gallery-with-no-image","12":"ast-product-tabs-layout-horizontal","14":"first","15":"instock","16":"shipping-taxable","17":"purchasable","18":"product-type-simple"},"_links":{"self":[{"href":"https:\/\/dezsmt.com\/tr\/wp-json\/wp\/v2\/product\/17805","targetHints":{"allow":["GET"]}}],"collection":[{"href":"https:\/\/dezsmt.com\/tr\/wp-json\/wp\/v2\/product"}],"about":[{"href":"https:\/\/dezsmt.com\/tr\/wp-json\/wp\/v2\/types\/product"}],"version-history":[{"count":1,"href":"https:\/\/dezsmt.com\/tr\/wp-json\/wp\/v2\/product\/17805\/revisions"}],"predecessor-version":[{"id":19383,"href":"https:\/\/dezsmt.com\/tr\/wp-json\/wp\/v2\/product\/17805\/revisions\/19383"}],"wp:featuredmedia":[{"embeddable":true,"href":"https:\/\/dezsmt.com\/tr\/wp-json\/wp\/v2\/media\/19380"}],"wp:attachment":[{"href":"https:\/\/dezsmt.com\/tr\/wp-json\/wp\/v2\/media?parent=17805"}],"wp:term":[{"taxonomy":"product_brand","embeddable":true,"href":"https:\/\/dezsmt.com\/tr\/wp-json\/wp\/v2\/product_brand?post=17805"},{"taxonomy":"product_cat","embeddable":true,"href":"https:\/\/dezsmt.com\/tr\/wp-json\/wp\/v2\/product_cat?post=17805"},{"taxonomy":"product_tag","embeddable":true,"href":"https:\/\/dezsmt.com\/tr\/wp-json\/wp\/v2\/product_tag?post=17805"}],"curies":[{"name":"wp","href":"https:\/\/api.w.org\/{rel}","templated":true}]}}