{"id":17802,"date":"2025-05-05T14:47:00","date_gmt":"2025-05-05T06:47:00","guid":{"rendered":"https:\/\/dezsmt.com\/product-center\/dez-c9610-inline-pcba-water-based-cleaning-machine\/"},"modified":"2026-01-15T19:44:56","modified_gmt":"2026-01-15T11:44:56","slug":"dez-c9610-inline-pcba-water-based-cleaning-machine","status":"publish","type":"product","link":"https:\/\/dezsmt.com\/tr\/product-center\/dez-c9610-inline-pcba-water-based-cleaning-machine\/","title":{"rendered":"DEZ-C1360 Inline PCBA Su Bazl\u0131 Temizleme Makinesi"},"content":{"rendered":"<p><button id=\"e-n-tab-title-1751623251\" style=\"--n-tabs-title-order: 1;\" tabindex=\"0\" role=\"tab\" aria-selected=\"true\" data-tab-index=\"1\" aria-controls=\"e-n-tab-content-1751623251\"><br \/>\n\u00d6ne \u00c7\u0131kan \u00d6zellikler<br \/>\n<\/button><br \/>\n<button id=\"e-n-tab-title-1751623252\" style=\"--n-tabs-title-order: 2;\" tabindex=\"-1\" role=\"tab\" aria-selected=\"false\" data-tab-index=\"2\" aria-controls=\"e-n-tab-content-1751623252\"><br \/>\nVideo<br \/>\n<\/button><\/p>\n<p><strong>Temel \u00d6zellikler<\/strong>:<br \/>\n\u00dc\u00e7 i\u015flem b\u00f6l\u00fcm\u00fc: kimyasal temizleme, saf su ile durulama ve g\u00fc\u00e7l\u00fc s\u0131cak hava ile kurutma.<br \/>\nAyarlanabilir h\u0131z ile tam geni\u015flikte konvey\u00f6r band\u0131.<br \/>\nDayan\u0131kl\u0131l\u0131k i\u00e7in paslanmaz \u00e7elik has\u0131r sepet ta\u015f\u0131ma.<br \/>\nSezgisel aray\u00fcze sahip dokunmatik ekran kontrol sistemi.<br \/>\nFarkl\u0131 temizlik gereksinimleri i\u00e7in \u00e7e\u015fitli d\u00f6ng\u00fc \u015femalar\u0131.<br \/>\nEtkili temizlik i\u00e7in h\u0131zl\u0131 y\u0131kama, \u00e7ok y\u00f6nl\u00fc nozullar.<br \/>\nHer temizlik b\u00f6l\u00fcm\u00fc i\u00e7in ba\u011f\u0131ms\u0131z su tanklar\u0131.<br \/>\nEnerji tasarrufu i\u00e7in \u00e7ift katmanl\u0131 \u0131s\u0131 yal\u0131t\u0131ml\u0131 cam pencere.<\/p>\n<p><strong>Teknik Veri Sayfas\u0131<\/strong>:<br \/>\n- Model:DEZ-1360<\/p>\n<p>- Makine Boyutu: L3610 * W1600 * H1620mm<\/p>\n<p>- G\u00fc\u00e7:75kW<\/p>\n<p>- A\u011f\u0131rl\u0131k: Yakla\u015f\u0131k. 2000kg<\/p>\n<p>- Temizleme \u00dcr\u00fcn Boyutu: 50-500mm, (\u00d6zelle\u015ftirilebilir)<\/p>\n<p>-\u00dcr\u00fcn kal\u0131nl\u0131\u011f\u0131: 0-500mm<\/p>\n<p>-\u00dcr\u00fcn A\u011f\u0131rl\u0131\u011f\u0131: &lt;10kg<\/p>\n<p>-Kurutma B\u00f6lgesi Say\u0131s\u0131:\u0130ki<\/p>\n<p>-Kurutma y\u00f6ntemi: S\u0131cak Hava ile kurutma<\/p>\n<p>-Kurutma B\u00f6lgelerindeki Hava B\u0131\u00e7aklar\u0131n\u0131n Say\u0131s\u0131: 4 Yukar\u0131 ve 4 A\u015fa\u011f\u0131<\/p>\n<p>- Kimyasal temizleme solventi s\u0131cakl\u0131\u011f\u0131: 25-75 \u2103<\/p>\n<p>-Hava b\u0131\u00e7a\u011f\u0131 a\u00e7\u0131s\u0131: ayarlanabilir<\/p>\n<p>- Ta\u015f\u0131ma H\u0131z\u0131: 0mm-1000mm\/Min.~Maks.<\/p>\n<p>- Kontrol Y\u00f6ntemi: Dokunmatik ekran + PLC kontrol<\/p>\n<p>- Makine G\u00f6vde Malzemesi: \u0130thal PP korozyona dayan\u0131kl\u0131 malzeme<\/p>\n<p>-Geri d\u00f6n\u00fc\u015f\u00fcm kimyasal tank\u0131n\u0131n malzemesi: \u0130thal PP korozyona dayan\u0131kl\u0131 malzeme<\/p>\n<p>-DI Durulama B\u00f6l\u00fcm\u00fc Su Tank\u0131 Malzeme:\u0130thal PP korozyona dayan\u0131kl\u0131 malzeme<\/p>\n<p>- Has\u0131r Kemer Malzemesi: Paslanmaz \u00e7elik SUS316<\/p>\n<p>- G\u00fc\u00e7 Kayna\u011f\u0131: AC 380V, 3 fazl\u0131, 5 telli<\/p>\n<p>- DI Su Kalitesi: &gt;15M\u03a9<\/p>\n<p>- DI Su Giri\u015fi: 1m\u00b3\/h<\/p>\n<p>- Hava Hacmi: 1800 CFM<\/p>\n<p>- G\u00fcr\u00fclt\u00fc: &lt; 70 dB<\/p>\n<p>-Konvey\u00f6r geni\u015fli\u011fi: 500mm<\/p>\n<p>-Ob1TP4Uyar\u0131 penceresi\uff1aEvet<\/p>\n<p>-Otomatik s\u0131v\u0131 besleme sistemi: opsiyonel<\/p>\n<p>-Boru montaj\u0131: H\u0131zl\u0131 ba\u011flant\u0131 modu, kolay de\u011fi\u015ftirme<\/p>\n<p>&nbsp;<\/p>\n<div class=\"ast-oembed-container\" style=\"height: 100%;\"><iframe title=\"Dezsmart Fabrika turu \u00c7in&#039;de Smt temizleme ve kaynak fabrikas\u0131 #factory #smt #ems #selectivesolder\" width=\"500\" height=\"281\" src=\"https:\/\/www.youtube.com\/embed\/WaNCJ-UYnao?feature=oembed\" frameborder=\"0\" allow=\"accelerometer; autoplay; clipboard-write; encrypted-media; gyroscope; picture-in-picture; web-share\" referrerpolicy=\"strict-origin-when-cross-origin\" allowfullscreen><\/iframe><\/div>","protected":false},"excerpt":{"rendered":"<p>DEZ-C9610, PCBA'lar\u0131n temizlenmesi i\u00e7in tasarlanm\u0131\u015f bir inline PCBA temizleme makinesidir. \u00c7ok a\u015famal\u0131 kapsaml\u0131 bir temizleme i\u015flemi sunarak y\u00fcksek temizlik ve \u00fcretkenlik sa\u011flar.<\/p>","protected":false},"featured_media":17828,"template":"","meta":{"_lmt_disableupdate":"no","_lmt_disable":"","site-sidebar-layout":"default","site-content-layout":"","ast-site-content-layout":"default","site-content-style":"default","site-sidebar-style":"default","ast-global-header-display":"","ast-banner-title-visibility":"","ast-main-header-display":"","ast-hfb-above-header-display":"","ast-hfb-below-header-display":"","ast-hfb-mobile-header-display":"","site-post-title":"","ast-breadcrumbs-content":"","ast-featured-img":"","footer-sml-layout":"","ast-disable-related-posts":"","theme-transparent-header-meta":"default","adv-header-id-meta":"","stick-header-meta":"default","header-above-stick-meta":"","header-main-stick-meta":"","header-below-stick-meta":"","astra-migrate-meta-layouts":"set","ast-page-background-enabled":"default","ast-page-background-meta":{"desktop":{"background-color":"","background-image":"","background-repeat":"repeat","background-position":"center center","background-size":"auto","background-attachment":"scroll","background-type":"","background-media":"","overlay-type":"","overlay-color":"","overlay-opacity":"","overlay-gradient":""},"tablet":{"background-color":"","background-image":"","background-repeat":"repeat","background-position":"center center","background-size":"auto","background-attachment":"scroll","background-type":"","background-media":"","overlay-type":"","overlay-color":"","overlay-opacity":"","overlay-gradient":""},"mobile":{"background-color":"","background-image":"","background-repeat":"repeat","background-position":"center center","background-size":"auto","background-attachment":"scroll","background-type":"","background-media":"","overlay-type":"","overlay-color":"","overlay-opacity":"","overlay-gradient":""}},"ast-content-background-meta":{"desktop":{"background-color":"var(--ast-global-color-5)","background-image":"","background-repeat":"repeat","background-position":"center center","background-size":"auto","background-attachment":"scroll","background-type":"","background-media":"","overlay-type":"","overlay-color":"","overlay-opacity":"","overlay-gradient":""},"tablet":{"background-color":"var(--ast-global-color-5)","background-image":"","background-repeat":"repeat","background-position":"center center","background-size":"auto","background-attachment":"scroll","background-type":"","background-media":"","overlay-type":"","overlay-color":"","overlay-opacity":"","overlay-gradient":""},"mobile":{"background-color":"var(--ast-global-color-5)","background-image":"","background-repeat":"repeat","background-position":"center center","background-size":"auto","background-attachment":"scroll","background-type":"","background-media":"","overlay-type":"","overlay-color":"","overlay-opacity":"","overlay-gradient":""}}},"product_brand":[],"product_cat":[101],"product_tag":[],"class_list":{"0":"post-17802","1":"product","2":"type-product","3":"status-publish","4":"has-post-thumbnail","6":"product_cat-pcba-cleaning-machine","7":"desktop-align-left","8":"tablet-align-left","9":"mobile-align-left","10":"ast-product-gallery-layout-horizontal-slider","11":"ast-product-gallery-with-no-image","12":"ast-product-tabs-layout-horizontal","14":"first","15":"instock","16":"shipping-taxable","17":"purchasable","18":"product-type-simple"},"_links":{"self":[{"href":"https:\/\/dezsmt.com\/tr\/wp-json\/wp\/v2\/product\/17802","targetHints":{"allow":["GET"]}}],"collection":[{"href":"https:\/\/dezsmt.com\/tr\/wp-json\/wp\/v2\/product"}],"about":[{"href":"https:\/\/dezsmt.com\/tr\/wp-json\/wp\/v2\/types\/product"}],"version-history":[{"count":4,"href":"https:\/\/dezsmt.com\/tr\/wp-json\/wp\/v2\/product\/17802\/revisions"}],"predecessor-version":[{"id":19623,"href":"https:\/\/dezsmt.com\/tr\/wp-json\/wp\/v2\/product\/17802\/revisions\/19623"}],"wp:featuredmedia":[{"embeddable":true,"href":"https:\/\/dezsmt.com\/tr\/wp-json\/wp\/v2\/media\/17828"}],"wp:attachment":[{"href":"https:\/\/dezsmt.com\/tr\/wp-json\/wp\/v2\/media?parent=17802"}],"wp:term":[{"taxonomy":"product_brand","embeddable":true,"href":"https:\/\/dezsmt.com\/tr\/wp-json\/wp\/v2\/product_brand?post=17802"},{"taxonomy":"product_cat","embeddable":true,"href":"https:\/\/dezsmt.com\/tr\/wp-json\/wp\/v2\/product_cat?post=17802"},{"taxonomy":"product_tag","embeddable":true,"href":"https:\/\/dezsmt.com\/tr\/wp-json\/wp\/v2\/product_tag?post=17802"}],"curies":[{"name":"wp","href":"https:\/\/api.w.org\/{rel}","templated":true}]}}