{"id":17801,"date":"2025-05-05T14:46:59","date_gmt":"2025-05-05T06:46:59","guid":{"rendered":"https:\/\/dezsmt.com\/product-center\/dez-c1520-inline-pcba-water-based-cleaning-machine\/"},"modified":"2025-05-12T19:00:48","modified_gmt":"2025-05-12T11:00:48","slug":"dez-c1520-inline-pcba-water-based-cleaning-machine","status":"publish","type":"product","link":"https:\/\/dezsmt.com\/tr\/product-center\/dez-c1520-inline-pcba-water-based-cleaning-machine\/","title":{"rendered":"DEZ-C1520 Inline PCBA Su Bazl\u0131 Temizleme Makinesi"},"content":{"rendered":"<div data-elementor-type=\"product-post\" data-elementor-id=\"17801\" class=\"elementor elementor-17801\" data-elementor-post-type=\"product\">\n\t\t\t\t<div class=\"elementor-element elementor-element-3cec047b e-flex e-con-boxed e-con e-parent\" data-id=\"3cec047b\" data-element_type=\"container\" data-e-type=\"container\" data-settings=\"{&quot;ekit_has_onepagescroll_dot&quot;:&quot;yes&quot;}\">\n\t\t\t\t\t<div class=\"e-con-inner\">\n\t\t\t\t<div class=\"elementor-element elementor-element-954290e e-n-tabs-mobile elementor-widget elementor-widget-n-tabs\" data-id=\"954290e\" data-element_type=\"widget\" data-e-type=\"widget\" data-settings=\"{&quot;tabs_justify_horizontal&quot;:&quot;stretch&quot;,&quot;horizontal_scroll&quot;:&quot;disable&quot;,&quot;ekit_we_effect_on&quot;:&quot;none&quot;}\" data-widget_type=\"nested-tabs.default\">\n\t\t\t\t\t\t\t<div class=\"e-n-tabs\" data-widget-number=\"156510478\" aria-label=\"Sekmeler. Enter ve Space ile \u00f6geleri kapatabilir, Escape ile \u00f6geleri kapatabilir ve Y\u00f6n tu\u015flar\u0131 ile \u00f6geler aras\u0131nda gezinebilirsiniz.\">\n\t\t\t<div class=\"e-n-tabs-heading\" role=\"tablist\">\n\t\t\t\t\t<button id=\"e-n-tab-title-1565104781\" data-tab-title-id=\"e-n-tab-title-1565104781\" class=\"e-n-tab-title\" aria-selected=\"true\" data-tab-index=\"1\" role=\"tab\" tabindex=\"0\" aria-controls=\"e-n-tab-content-1565104781\" style=\"--n-tabs-title-order: 1;\">\n\t\t\t\t\t\t<span class=\"e-n-tab-title-text\">\n\t\t\t\t\u00d6ne \u00c7\u0131kan \u00d6zellikler\t\t\t<\/span>\n\t\t<\/button>\n\t\t\t\t<button id=\"e-n-tab-title-1565104782\" data-tab-title-id=\"e-n-tab-title-1565104782\" class=\"e-n-tab-title\" aria-selected=\"false\" data-tab-index=\"2\" role=\"tab\" tabindex=\"-1\" aria-controls=\"e-n-tab-content-1565104782\" style=\"--n-tabs-title-order: 2;\">\n\t\t\t\t\t\t<span class=\"e-n-tab-title-text\">\n\t\t\t\tVideo\t\t\t<\/span>\n\t\t<\/button>\n\t\t\t\t\t<\/div>\n\t\t\t<div class=\"e-n-tabs-content\">\n\t\t\t\t<div id=\"e-n-tab-content-1565104781\" role=\"tabpanel\" aria-labelledby=\"e-n-tab-title-1565104781\" data-tab-index=\"1\" style=\"--n-tabs-title-order: 1;\" class=\"e-active elementor-element elementor-element-cd67a90 e-con-full e-flex e-con e-child\" data-id=\"cd67a90\" data-element_type=\"container\" data-e-type=\"container\" data-settings=\"{&quot;ekit_has_onepagescroll_dot&quot;:&quot;yes&quot;}\">\n\t\t\t\t<div class=\"elementor-element elementor-element-2b36f317 elementor-widget elementor-widget-text-editor\" data-id=\"2b36f317\" data-element_type=\"widget\" data-e-type=\"widget\" data-settings=\"{&quot;ekit_we_effect_on&quot;:&quot;none&quot;}\" data-widget_type=\"text-editor.default\">\n\t\t\t\t\t\t\t\t\t<p><strong>Temel \u00d6zellikler<\/strong>:<br \/>\u00dc\u00e7 i\u015flem b\u00f6l\u00fcm\u00fc: kimyasal y\u0131kama, saf su ile durulama ve g\u00fc\u00e7l\u00fc s\u0131cak hava ile kurutma.<br \/>Ayarlanabilir h\u0131z ile tam geni\u015flikte konvey\u00f6r band\u0131.<br \/>Dayan\u0131kl\u0131l\u0131k i\u00e7in paslanmaz \u00e7elik has\u0131r sepet ta\u015f\u0131ma.<br \/>Sezgisel aray\u00fcze sahip dokunmatik ekran kontrol sistemi.<br \/>Farkl\u0131 temizlik gereksinimleri i\u00e7in \u00e7e\u015fitli d\u00f6ng\u00fc \u015femalar\u0131.<br \/>Etkili temizlik i\u00e7in h\u0131zl\u0131 y\u0131kama, \u00e7ok y\u00f6nl\u00fc nozullar.<br \/>Her temizlik b\u00f6l\u00fcm\u00fc i\u00e7in ba\u011f\u0131ms\u0131z su tanklar\u0131.<br \/>Enerji tasarrufu i\u00e7in \u00e7ift katmanl\u0131 \u0131s\u0131 yal\u0131t\u0131ml\u0131 cam pencere.<\/p><p><strong>Teknik Veri Sayfas\u0131<\/strong>:<br \/>- Boyutlar:<br \/>- Makine Boyutu: L5210 * W1760 * H1680mm<br \/>- Temizleme Bo\u015flu\u011fu Boyutu: L690 * W620 * H715 (mm)<br \/>- Y\u0131kama Sepeti Boyutu: 610 * W560 * H100 (mm) (\u00e7ift katmanl\u0131 tasar\u0131m)<br \/>- G\u00fc\u00e7 Gereksinimleri:<br \/>- Makine G\u00fcc\u00fc: Yakla\u015f\u0131k 100kw<br \/>- G\u00fc\u00e7 Kullan\u0131n: Yakla\u015f\u0131k 65-85KW<br \/>- G\u00fc\u00e7: AC380V 50HZ<br \/>- A\u011f\u0131rl\u0131k: Yakla\u015f\u0131k 2200kg<br \/>- Performans:<br \/>- Temizleme \u00dcr\u00fcn Boyutu: 500mm (G) * 400mm (L) * 80mm (H)<br \/>- Temizleme S\u0131v\u0131s\u0131 T\u00fcketimi: 1,5-2,5L\/H<br \/>- DI Su T\u00fcketimi: 5L-10L\/dk<br \/>- Ta\u015f\u0131ma H\u0131z\u0131: 10mm\/dak-1500mm\/dak<br \/>- G\u00fcr\u00fclt\u00fc: &lt;80 Db - Kimyasal Y\u0131kama Alan\u0131 P\u00fcsk\u00fcrtme Bas\u0131nc\u0131: 0-0.6Mpa<br \/>- DI Durulama Alan\u0131 P\u00fcsk\u00fcrtme Bas\u0131nc\u0131: 0-0,6Mpa<br \/>- \u00dcr\u00fcn A\u011f\u0131rl\u0131\u011f\u0131: \u226410kg - Kimyasal Y\u0131kama B\u00f6l\u00fcm\u00fc Su Tank\u0131 S\u0131cakl\u0131\u011f\u0131: 25-75\u2103<br \/>- R\u00fczgar B\u0131\u00e7a\u011f\u0131 A\u00e7\u0131s\u0131: A\u00e7\u0131 ayarlanabilir, kald\u0131rma ayarlanabilir<br \/>- Nozul Takma Y\u00f6ntemi: Kolay de\u011fi\u015ftirme i\u00e7in h\u0131zl\u0131 ba\u011flant\u0131<br \/>- Has\u0131r Bant Geni\u015fli\u011fi: 600mm, \u00f6zelle\u015ftirilebilir<br \/>- Su Borusu Montaj Y\u00f6ntemi: Kolay bak\u0131m i\u00e7in h\u0131zl\u0131 ba\u011flant\u0131<br \/>- Filtrasyon Do\u011frulu\u011fu (ikincil): 100u<br \/>- DI Su Kalitesi Gereksinimleri:  - &gt;15M\u00a6\u00b8<br \/>- DI Su Giri\u015f Gereksinimleri:<br \/>- 1.0 m3\/h<br \/>- Hava Hacmi Gereksinimleri:<br \/>- 1200 CFM<\/p>\t\t\t\t\t\t\t\t<\/div>\n\t\t\t\t<\/div>\n\t\t<div id=\"e-n-tab-content-1565104782\" role=\"tabpanel\" aria-labelledby=\"e-n-tab-title-1565104782\" data-tab-index=\"2\" style=\"--n-tabs-title-order: 2;\" class=\"elementor-element elementor-element-d356c96 e-con-full e-flex e-con e-child\" data-id=\"d356c96\" data-element_type=\"container\" data-e-type=\"container\" data-settings=\"{&quot;ekit_has_onepagescroll_dot&quot;:&quot;yes&quot;}\">\n\t\t\t\t<div class=\"elementor-element elementor-element-e307933 elementor-widget elementor-widget-video\" data-id=\"e307933\" data-element_type=\"widget\" data-e-type=\"widget\" data-settings=\"{&quot;youtube_url&quot;:&quot;https:\\\/\\\/www.youtube.com\\\/watch?v=WaNCJ-UYnao&quot;,&quot;video_type&quot;:&quot;youtube&quot;,&quot;controls&quot;:&quot;yes&quot;,&quot;ekit_we_effect_on&quot;:&quot;none&quot;}\" data-widget_type=\"video.default\">\n\t\t\t\t\t\t\t<div class=\"elementor-wrapper elementor-open-inline\">\n\t\t\t<div class=\"elementor-video\"><\/div>\t\t<\/div>\n\t\t\t\t\t\t<\/div>\n\t\t\t\t<\/div>\n\t\t\t\t\t<\/div>\n\t\t<\/div>\n\t\t\t\t\t\t<\/div>\n\t\t\t\t\t<\/div>\n\t\t\t\t<\/div>\n\t\t\t\t<\/div>","protected":false},"excerpt":{"rendered":"<p>DEZ-C1520, PCBA kartlar\u0131n\u0131 temizlemek i\u00e7in tasarlanm\u0131\u015f bir inline su bazl\u0131 sprey temizleme makinesidir. \u00c7ok a\u015famal\u0131 kapsaml\u0131 bir temizleme i\u015flemi sunarak y\u00fcksek temizlik ve \u00fcretkenlik sa\u011flar.<\/p>","protected":false},"featured_media":17839,"template":"","meta":{"_lmt_disableupdate":"no","_lmt_disable":"","site-sidebar-layout":"default","site-content-layout":"","ast-site-content-layout":"default","site-content-style":"default","site-sidebar-style":"default","ast-global-header-display":"","ast-banner-title-visibility":"","ast-main-header-display":"","ast-hfb-above-header-display":"","ast-hfb-below-header-display":"","ast-hfb-mobile-header-display":"","site-post-title":"","ast-breadcrumbs-content":"","ast-featured-img":"","footer-sml-layout":"","ast-disable-related-posts":"","theme-transparent-header-meta":"default","adv-header-id-meta":"","stick-header-meta":"default","header-above-stick-meta":"","header-main-stick-meta":"","header-below-stick-meta":"","astra-migrate-meta-layouts":"set","ast-page-background-enabled":"default","ast-page-background-meta":{"desktop":{"background-color":"","background-image":"","background-repeat":"repeat","background-position":"center center","background-size":"auto","background-attachment":"scroll","background-type":"","background-media":"","overlay-type":"","overlay-color":"","overlay-opacity":"","overlay-gradient":""},"tablet":{"background-color":"","background-image":"","background-repeat":"repeat","background-position":"center center","background-size":"auto","background-attachment":"scroll","background-type":"","background-media":"","overlay-type":"","overlay-color":"","overlay-opacity":"","overlay-gradient":""},"mobile":{"background-color":"","background-image":"","background-repeat":"repeat","background-position":"center center","background-size":"auto","background-attachment":"scroll","background-type":"","background-media":"","overlay-type":"","overlay-color":"","overlay-opacity":"","overlay-gradient":""}},"ast-content-background-meta":{"desktop":{"background-color":"var(--ast-global-color-5)","background-image":"","background-repeat":"repeat","background-position":"center center","background-size":"auto","background-attachment":"scroll","background-type":"","background-media":"","overlay-type":"","overlay-color":"","overlay-opacity":"","overlay-gradient":""},"tablet":{"background-color":"var(--ast-global-color-5)","background-image":"","background-repeat":"repeat","background-position":"center center","background-size":"auto","background-attachment":"scroll","background-type":"","background-media":"","overlay-type":"","overlay-color":"","overlay-opacity":"","overlay-gradient":""},"mobile":{"background-color":"var(--ast-global-color-5)","background-image":"","background-repeat":"repeat","background-position":"center center","background-size":"auto","background-attachment":"scroll","background-type":"","background-media":"","overlay-type":"","overlay-color":"","overlay-opacity":"","overlay-gradient":""}}},"product_brand":[],"product_cat":[101],"product_tag":[],"class_list":{"0":"post-17801","1":"product","2":"type-product","3":"status-publish","4":"has-post-thumbnail","6":"product_cat-pcba-cleaning-machine","7":"desktop-align-left","8":"tablet-align-left","9":"mobile-align-left","10":"ast-product-gallery-layout-horizontal-slider","11":"ast-product-gallery-with-no-image","12":"ast-product-tabs-layout-horizontal","14":"first","15":"instock","16":"shipping-taxable","17":"purchasable","18":"product-type-simple"},"_links":{"self":[{"href":"https:\/\/dezsmt.com\/tr\/wp-json\/wp\/v2\/product\/17801","targetHints":{"allow":["GET"]}}],"collection":[{"href":"https:\/\/dezsmt.com\/tr\/wp-json\/wp\/v2\/product"}],"about":[{"href":"https:\/\/dezsmt.com\/tr\/wp-json\/wp\/v2\/types\/product"}],"version-history":[{"count":0,"href":"https:\/\/dezsmt.com\/tr\/wp-json\/wp\/v2\/product\/17801\/revisions"}],"wp:featuredmedia":[{"embeddable":true,"href":"https:\/\/dezsmt.com\/tr\/wp-json\/wp\/v2\/media\/17839"}],"wp:attachment":[{"href":"https:\/\/dezsmt.com\/tr\/wp-json\/wp\/v2\/media?parent=17801"}],"wp:term":[{"taxonomy":"product_brand","embeddable":true,"href":"https:\/\/dezsmt.com\/tr\/wp-json\/wp\/v2\/product_brand?post=17801"},{"taxonomy":"product_cat","embeddable":true,"href":"https:\/\/dezsmt.com\/tr\/wp-json\/wp\/v2\/product_cat?post=17801"},{"taxonomy":"product_tag","embeddable":true,"href":"https:\/\/dezsmt.com\/tr\/wp-json\/wp\/v2\/product_tag?post=17801"}],"curies":[{"name":"wp","href":"https:\/\/api.w.org\/{rel}","templated":true}]}}