{"id":17797,"date":"2025-05-05T14:46:57","date_gmt":"2025-05-05T06:46:57","guid":{"rendered":"https:\/\/dezsmt.com\/product-center\/dez-c730-pneumatic-stencil-cleaning-machine\/"},"modified":"2025-12-04T17:27:55","modified_gmt":"2025-12-04T09:27:55","slug":"dez-c730-pneumatic-stencil-cleaning-machine","status":"publish","type":"product","link":"https:\/\/dezsmt.com\/tr\/product-center\/dez-c730-pneumatic-stencil-cleaning-machine\/","title":{"rendered":"DEZ-C730 Pn\u00f6matik \u015eablon Temizleme Makinesi"},"content":{"rendered":"<div data-elementor-type=\"product-post\" data-elementor-id=\"17797\" class=\"elementor elementor-17797\" data-elementor-post-type=\"product\">\n\t\t\t\t<div class=\"elementor-element elementor-element-3448ddf3 e-flex e-con-boxed e-con e-parent\" data-id=\"3448ddf3\" data-element_type=\"container\" data-e-type=\"container\" data-settings=\"{&quot;ekit_has_onepagescroll_dot&quot;:&quot;yes&quot;}\">\n\t\t\t\t\t<div class=\"e-con-inner\">\n\t\t\t\t<div class=\"elementor-element elementor-element-3fe4981 e-n-tabs-mobile elementor-widget elementor-widget-n-tabs\" data-id=\"3fe4981\" data-element_type=\"widget\" data-e-type=\"widget\" data-settings=\"{&quot;tabs_justify_horizontal&quot;:&quot;stretch&quot;,&quot;horizontal_scroll&quot;:&quot;disable&quot;,&quot;ekit_we_effect_on&quot;:&quot;none&quot;}\" data-widget_type=\"nested-tabs.default\">\n\t\t\t\t\t\t\t<div class=\"e-n-tabs\" data-widget-number=\"66996609\" aria-label=\"Sekmeler. Enter ve Space ile \u00f6geleri kapatabilir, Escape ile \u00f6geleri kapatabilir ve Y\u00f6n tu\u015flar\u0131 ile \u00f6geler aras\u0131nda gezinebilirsiniz.\">\n\t\t\t<div class=\"e-n-tabs-heading\" role=\"tablist\">\n\t\t\t\t\t<button id=\"e-n-tab-title-669966091\" data-tab-title-id=\"e-n-tab-title-669966091\" class=\"e-n-tab-title\" aria-selected=\"true\" data-tab-index=\"1\" role=\"tab\" tabindex=\"0\" aria-controls=\"e-n-tab-content-669966091\" style=\"--n-tabs-title-order: 1;\">\n\t\t\t\t\t\t<span class=\"e-n-tab-title-text\">\n\t\t\t\tgenel bak\u0131\u015f\t\t\t<\/span>\n\t\t<\/button>\n\t\t\t\t<button id=\"e-n-tab-title-669966092\" data-tab-title-id=\"e-n-tab-title-669966092\" class=\"e-n-tab-title\" aria-selected=\"false\" data-tab-index=\"2\" role=\"tab\" tabindex=\"-1\" aria-controls=\"e-n-tab-content-669966092\" style=\"--n-tabs-title-order: 2;\">\n\t\t\t\t\t\t<span class=\"e-n-tab-title-text\">\n\t\t\t\t\u00d6zellik \u00f6zellikleri\t\t\t<\/span>\n\t\t<\/button>\n\t\t\t\t<button id=\"e-n-tab-title-669966093\" data-tab-title-id=\"e-n-tab-title-669966093\" class=\"e-n-tab-title\" aria-selected=\"false\" data-tab-index=\"3\" role=\"tab\" tabindex=\"-1\" aria-controls=\"e-n-tab-content-669966093\" style=\"--n-tabs-title-order: 3;\">\n\t\t\t\t\t\t<span class=\"e-n-tab-title-text\">\n\t\t\t\tVideo\t\t\t<\/span>\n\t\t<\/button>\n\t\t\t\t\t<\/div>\n\t\t\t<div class=\"e-n-tabs-content\">\n\t\t\t\t<div id=\"e-n-tab-content-669966091\" role=\"tabpanel\" aria-labelledby=\"e-n-tab-title-669966091\" data-tab-index=\"1\" style=\"--n-tabs-title-order: 1;\" class=\"e-active elementor-element elementor-element-0506d16 e-con-full e-flex e-con e-child\" data-id=\"0506d16\" data-element_type=\"container\" data-e-type=\"container\" data-settings=\"{&quot;ekit_has_onepagescroll_dot&quot;:&quot;yes&quot;}\">\n\t\t\t\t<div class=\"elementor-element elementor-element-dd77363 elementor-widget elementor-widget-heading\" data-id=\"dd77363\" data-element_type=\"widget\" data-e-type=\"widget\" data-settings=\"{&quot;ekit_we_effect_on&quot;:&quot;none&quot;}\" data-widget_type=\"heading.default\">\n\t\t\t\t\t<h4 class=\"elementor-heading-title elementor-size-default\">Temel avantajlar:<\/h4>\t\t\t\t<\/div>\n\t\t\t\t<div class=\"elementor-element elementor-element-2e12587 elementor-widget elementor-widget-text-editor\" data-id=\"2e12587\" data-element_type=\"widget\" data-e-type=\"widget\" data-settings=\"{&quot;ekit_we_effect_on&quot;:&quot;none&quot;}\" data-widget_type=\"text-editor.default\">\n\t\t\t\t\t\t\t\t\t<ul><li>\u00dcst\u00fcn g\u00fcvenlik performans\u0131: Herhangi bir g\u00fc\u00e7 giri\u015fi olmadan g\u00fc\u00e7 olarak yaln\u0131zca bas\u0131n\u00e7l\u0131 havaya dayan\u0131r ve elektrik kullan\u0131m\u0131n\u0131n neden oldu\u011fu g\u00fcvenlik tehlikelerini ortadan kald\u0131r\u0131r.<\/li><li>Y\u00fcksek verimlilik, \u00e7evre koruma ve ekonomi: Temizleme s\u0131v\u0131s\u0131 geri d\u00f6n\u00fc\u015ft\u00fcr\u00fclebilir, bu da s\u0131v\u0131 t\u00fcketimini ve maliyetini b\u00fcy\u00fck \u00f6l\u00e7\u00fcde azalt\u0131r ve operat\u00f6rler ile s\u0131v\u0131lar aras\u0131ndaki temas\u0131 azaltarak insan v\u00fccuduna verilen zarar\u0131 azalt\u0131r; tamamen paslanmaz \u00e7elik g\u00f6vde a\u015f\u0131nmaya ve korozyona dayan\u0131kl\u0131d\u0131r ve \u00e7evre koruma standartlar\u0131n\u0131 kar\u015f\u0131lar.<\/li><li>Kararl\u0131 ve dayan\u0131kl\u0131: T\u00fcm \u00f6nemli bile\u015fenler ithal markalard\u0131r, ekipman\u0131n istikrarl\u0131 \u00e7al\u0131\u015fmas\u0131n\u0131 ve uzun service \u00f6mr\u00fcn\u00fc sa\u011flar ve garanti s\u00fcresinden sonra sat\u0131\u015f sonras\u0131 service maliyetlerini azalt\u0131r.<\/li><li>Kullan\u0131m\u0131 kolay: \u0130nsanc\u0131lla\u015ft\u0131r\u0131lm\u0131\u015f tasar\u0131m, tek tu\u015fla \u00e7al\u0131\u015ft\u0131rma, basit ve kullan\u0131\u015fl\u0131 olan t\u00fcm temizleme ve kurutma i\u015flemini tamamlayabilir, temizleme etkisinin tutarl\u0131l\u0131\u011f\u0131n\u0131 sa\u011flayabilir ve \u00fcretim verimlili\u011fini art\u0131rabilir.<\/li><\/ul>\t\t\t\t\t\t\t\t<\/div>\n\t\t\t\t<div class=\"elementor-element elementor-element-81cc7b0 elementor-widget elementor-widget-heading\" data-id=\"81cc7b0\" data-element_type=\"widget\" data-e-type=\"widget\" data-settings=\"{&quot;ekit_we_effect_on&quot;:&quot;none&quot;}\" data-widget_type=\"heading.default\">\n\t\t\t\t\t<h4 class=\"elementor-heading-title elementor-size-default\">\u0130\u015f ak\u0131\u015f\u0131 ve temel i\u015flevler:<\/h4>\t\t\t\t<\/div>\n\t\t\t\t<div class=\"elementor-element elementor-element-56e9fc5 elementor-widget elementor-widget-text-editor\" data-id=\"56e9fc5\" data-element_type=\"widget\" data-e-type=\"widget\" data-settings=\"{&quot;ekit_we_effect_on&quot;:&quot;none&quot;}\" data-widget_type=\"text-editor.default\">\n\t\t\t\t\t\t\t\t\t<p>\u0130\u015f ak\u0131\u015f\u0131:<\/p><ul><li>Operat\u00f6r, temizlenecek ele\u011fi manuel olarak temizleme haznesine yerle\u015ftirerek g\u00fcvenli bir \u015fekilde yerle\u015ftirildi\u011finden emin olur.<\/li><li>Ekran\u0131n kirlilik derecesine ve malzemesine g\u00f6re, ekipman \u00fczerindeki temizleme s\u00fcresini (normalde 2-8 dakika) ve hava ile kurutma s\u00fcresini (normalde 2-8 dakika) ayarlay\u0131n.<\/li><li>Ba\u015flat d\u00fc\u011fmesine bas\u0131n, ekipman otomatik olarak temizleme haznesini kapat\u0131r ve tam otomatik \u00e7al\u0131\u015fma durumuna girer: \u00f6nce nozul d\u00f6nd\u00fcr\u00fclerek ekran\u0131n her iki taraf\u0131 y\u00fcksek bas\u0131n\u00e7la temizlenir ve ard\u0131ndan temizleme tamamland\u0131ktan sonra otomatik olarak hava ile kurutma moduna ge\u00e7er ve ekran bas\u0131n\u00e7l\u0131 hava ile kurutulur.<\/li><li>Ayarlanan toplam \u00e7al\u0131\u015fma s\u00fcresine ula\u015f\u0131ld\u0131\u011f\u0131nda, ekipman otomatik olarak \u00e7al\u0131\u015fmay\u0131 durdurur ve temizli\u011fin tamamland\u0131\u011f\u0131n\u0131 bildirir.<\/li><li>Operat\u00f6r bir sonraki temizleme i\u015flemine ge\u00e7mek i\u00e7in zaman s\u0131f\u0131rlama fonksiyonunu a\u00e7ar. T\u00fcm s\u00fcre\u00e7 ara ad\u0131mlarda manuel m\u00fcdahale gerektirmez.<\/li><\/ul><p>Temel i\u015flevler<\/p><ol><li>Otomatik temizleme ve hava ile kurutma: \u0130stikrarl\u0131 temizleme etkisi sa\u011flamak i\u00e7in temizleme haznesine yerle\u015ftirilen ele\u011fi otomatik olarak temizleyin ve havayla kurutun.<\/li><li>Temizlik s\u0131v\u0131s\u0131 geri d\u00f6n\u00fc\u015f\u00fcm\u00fc: Temizleme s\u0131v\u0131s\u0131n\u0131n geri d\u00f6n\u00fc\u015f\u00fcm\u00fcn\u00fc ger\u00e7ekle\u015ftirin, t\u00fcketimi azalt\u0131n ve maliyetleri d\u00fc\u015f\u00fcr\u00fcn.<\/li><li>Egzoz gaz\u0131 ar\u0131t\u0131m\u0131: Hava kurutmayla \u00fcretilen egzoz gaz\u0131, s\u0131v\u0131 buharla\u015fmas\u0131n\u0131, koku emisyonunu ve bas\u0131n\u00e7l\u0131 hava t\u00fcketimini azaltmak i\u00e7in dahili \u00f6zel egzoz device arac\u0131l\u0131\u011f\u0131yla bo\u015falt\u0131l\u0131r.<\/li><li>Uygun bak\u0131m: De\u011fi\u015ftirilebilir mod\u00fcler kontrol\u00f6r ve h\u0131zl\u0131 fi\u015f tasar\u0131m\u0131, bak\u0131m\u0131 basit ve kolay hale getirir.<\/li><\/ol>\t\t\t\t\t\t\t\t<\/div>\n\t\t\t\t<div class=\"elementor-element elementor-element-29eb0cd elementor-widget elementor-widget-heading\" data-id=\"29eb0cd\" data-element_type=\"widget\" data-e-type=\"widget\" data-settings=\"{&quot;ekit_we_effect_on&quot;:&quot;none&quot;}\" data-widget_type=\"heading.default\">\n\t\t\t\t\t<h4 class=\"elementor-heading-title elementor-size-default\">Ekipman yap\u0131s\u0131:<\/h4>\t\t\t\t<\/div>\n\t\t\t\t<div class=\"elementor-element elementor-element-2bc6ceb elementor-widget elementor-widget-heading\" data-id=\"2bc6ceb\" data-element_type=\"widget\" data-e-type=\"widget\" data-settings=\"{&quot;ekit_we_effect_on&quot;:&quot;none&quot;}\" data-widget_type=\"heading.default\">\n\t\t\t\t\t<h4 class=\"elementor-heading-title elementor-size-default\">1: 360\u00b0 \u00e7ok y\u00f6nl\u00fc temizleme ba\u015fl\u0131\u011f\u0131<\/h4>\t\t\t\t<\/div>\n\t\t\t\t<div class=\"elementor-element elementor-element-8f693dd elementor-widget elementor-widget-image\" data-id=\"8f693dd\" data-element_type=\"widget\" data-e-type=\"widget\" data-settings=\"{&quot;ekit_we_effect_on&quot;:&quot;none&quot;}\" data-widget_type=\"image.default\">\n\t\t\t\t\t\t\t\t\t\t\t\t\t\t\t<img decoding=\"async\" src=\"https:\/\/dezsmt.com\/wp-content\/uploads\/elementor\/thumbs\/\u4e3b\u56fe14-scaled-r8qn1iwiz99awkwrovwn8c7ngqqb4awyflvnimf540.jpg\" title=\"\u4e3b\u56fe14\" alt=\"\u4e3b\u56fe14\" loading=\"lazy\" \/>\t\t\t\t\t\t\t\t\t\t\t\t\t\t\t<\/div>\n\t\t\t\t<div class=\"elementor-element elementor-element-810894f elementor-widget elementor-widget-text-editor\" data-id=\"810894f\" data-element_type=\"widget\" data-e-type=\"widget\" data-settings=\"{&quot;ekit_we_effect_on&quot;:&quot;none&quot;}\" data-widget_type=\"text-editor.default\">\n\t\t\t\t\t\t\t\t\t<p>360 derece y\u00fcksek yo\u011funluklu izobarik \u00e7ift tarafl\u0131 d\u00f6ner temizleme nozulu ile donat\u0131lm\u0131\u015f olan y\u00fcksek bas\u0131n\u00e7l\u0131 jet kuvveti g\u00fc\u00e7l\u00fcd\u00fcr ve ekrandaki art\u0131k kirleri tamamen \u00e7\u0131karabilir; temizleme i\u015flemi ekran\u0131n gerginli\u011fine zarar vermez ve hem temizleme etkisini hem de ekran\u0131n korunmas\u0131n\u0131 dikkate al\u0131r.<\/p>\t\t\t\t\t\t\t\t<\/div>\n\t\t\t\t<div class=\"elementor-element elementor-element-f2852ad elementor-widget elementor-widget-heading\" data-id=\"f2852ad\" data-element_type=\"widget\" data-e-type=\"widget\" data-settings=\"{&quot;ekit_we_effect_on&quot;:&quot;none&quot;}\" data-widget_type=\"heading.default\">\n\t\t\t\t\t<h4 class=\"elementor-heading-title elementor-size-default\">2: Tam paslanmaz \u00e7elik g\u00f6vde<\/h4>\t\t\t\t<\/div>\n\t\t\t\t<div class=\"elementor-element elementor-element-78f12f0 elementor-widget elementor-widget-image\" data-id=\"78f12f0\" data-element_type=\"widget\" data-e-type=\"widget\" data-settings=\"{&quot;ekit_we_effect_on&quot;:&quot;none&quot;}\" data-widget_type=\"image.default\">\n\t\t\t\t\t\t\t\t\t\t\t\t\t\t\t<img decoding=\"async\" src=\"https:\/\/dezsmt.com\/wp-content\/uploads\/elementor\/thumbs\/\u4e3b\u56fe12-scaled-r8qoeqqatymstjf3anseaf3j82575razj7lx57g1b4.jpg\" title=\"\u4e3b\u56fe12\" alt=\"\u4e3b\u56fe12\" loading=\"lazy\" \/>\t\t\t\t\t\t\t\t\t\t\t\t\t\t\t<\/div>\n\t\t\t\t<div class=\"elementor-element elementor-element-70a7a05 elementor-widget elementor-widget-text-editor\" data-id=\"70a7a05\" data-element_type=\"widget\" data-e-type=\"widget\" data-settings=\"{&quot;ekit_we_effect_on&quot;:&quot;none&quot;}\" data-widget_type=\"text-editor.default\">\n\t\t\t\t\t\t\t\t\t<p>G\u00f6vde, sadece g\u00fczel ve temiz bir g\u00f6r\u00fcn\u00fcme sahip olmakla kalmay\u0131p ayn\u0131 zamanda g\u00fc\u00e7l\u00fc a\u015f\u0131nma direnci ve korozyon direncine sahip olan y\u00fcksek kaliteli paslanmaz \u00e7elikten yap\u0131lm\u0131\u015ft\u0131r. End\u00fcstriyel ortamda temizleme s\u0131v\u0131s\u0131na ve toz erozyonuna uzun s\u00fcreli dald\u0131rmaya uyum sa\u011flayabilir ve \u00e7evre koruma standartlar\u0131n\u0131 ve end\u00fcstri hijyen gereksinimlerini kar\u015f\u0131lar.<\/p>\t\t\t\t\t\t\t\t<\/div>\n\t\t\t\t<div class=\"elementor-element elementor-element-580e779 elementor-widget elementor-widget-heading\" data-id=\"580e779\" data-element_type=\"widget\" data-e-type=\"widget\" data-settings=\"{&quot;ekit_we_effect_on&quot;:&quot;none&quot;}\" data-widget_type=\"heading.default\">\n\t\t\t\t\t<h4 class=\"elementor-heading-title elementor-size-default\">3: \u00d6zel egzoz yap\u0131s\u0131<\/h4>\t\t\t\t<\/div>\n\t\t\t\t<div class=\"elementor-element elementor-element-59323ee elementor-widget elementor-widget-text-editor\" data-id=\"59323ee\" data-element_type=\"widget\" data-e-type=\"widget\" data-settings=\"{&quot;ekit_we_effect_on&quot;:&quot;none&quot;}\" data-widget_type=\"text-editor.default\">\n\t\t\t\t\t\t\t\t\t<p>Ekipman, \u00f6zel olarak tasarlanm\u0131\u015f bir egzoz device ile entegre edilmi\u015ftir. Havayla kurutulmu\u015f egzoz gaz\u0131n\u0131 bo\u015falt\u0131rken, baz\u0131 u\u00e7ucu s\u0131v\u0131 molek\u00fcllerini etkili bir \u015fekilde yakalayabilir ve s\u0131v\u0131 kayb\u0131n\u0131 azaltabilir; ayn\u0131 zamanda, S \u015feklindeki egzoz borusu egzoz gaz\u0131 bo\u015faltma yolunu uzat\u0131r, s\u0131v\u0131 kokusunun yay\u0131lmas\u0131n\u0131 daha da azalt\u0131r ve \u00e7al\u0131\u015fma at\u00f6lyesinin hava kalitesini iyile\u015ftirir.<\/p>\t\t\t\t\t\t\t\t<\/div>\n\t\t\t\t<div class=\"elementor-element elementor-element-05bd869 elementor-widget elementor-widget-heading\" data-id=\"05bd869\" data-element_type=\"widget\" data-e-type=\"widget\" data-settings=\"{&quot;ekit_we_effect_on&quot;:&quot;none&quot;}\" data-widget_type=\"heading.default\">\n\t\t\t\t\t<h4 class=\"elementor-heading-title elementor-size-default\">4: Yan duvar hava giri\u015fi ve hava kurutma tasar\u0131m\u0131<\/h4>\t\t\t\t<\/div>\n\t\t\t\t<div class=\"elementor-element elementor-element-fdcdfed elementor-widget elementor-widget-text-editor\" data-id=\"fdcdfed\" data-element_type=\"widget\" data-e-type=\"widget\" data-settings=\"{&quot;ekit_we_effect_on&quot;:&quot;none&quot;}\" data-widget_type=\"text-editor.default\">\n\t\t\t\t\t\t\t\t\t<p>Yan duvar\u0131n y\u00f6nl\u00fc hava giri\u015fi sayesinde, bas\u0131n\u00e7l\u0131 hava temizleme odas\u0131nda d\u00fczg\u00fcn bir hava ak\u0131\u015f\u0131 olu\u015fturur, elek y\u00fczeyindeki s\u0131v\u0131n\u0131n buharla\u015fmas\u0131n\u0131 h\u0131zland\u0131r\u0131r, hava kurutma verimlili\u011fini art\u0131r\u0131r ve eleklerin temizlendikten sonra sonraki \u00fcretimi ve kullan\u0131m\u0131 etkilemeden h\u0131zl\u0131 bir \u015fekilde kurutma standard\u0131na ula\u015fmas\u0131n\u0131 sa\u011flar.<\/p>\t\t\t\t\t\t\t\t<\/div>\n\t\t\t\t<\/div>\n\t\t<div id=\"e-n-tab-content-669966092\" role=\"tabpanel\" aria-labelledby=\"e-n-tab-title-669966092\" data-tab-index=\"2\" style=\"--n-tabs-title-order: 2;\" class=\"elementor-element elementor-element-b210d29 e-con-full e-flex e-con e-child\" data-id=\"b210d29\" data-element_type=\"container\" data-e-type=\"container\" data-settings=\"{&quot;ekit_has_onepagescroll_dot&quot;:&quot;yes&quot;}\">\n\t\t\t\t<div class=\"elementor-element elementor-element-b0b6b28 elementor-widget elementor-widget-text-editor\" data-id=\"b0b6b28\" data-element_type=\"widget\" data-e-type=\"widget\" data-settings=\"{&quot;ekit_we_effect_on&quot;:&quot;none&quot;}\" data-widget_type=\"text-editor.default\">\n\t\t\t\t\t\t\t\t\t<p>\n<table id=\"tablepress-49\" class=\"tablepress tablepress-id-49\">\n<thead>\n<tr class=\"row-1\">\n\t<th class=\"column-1\">Temizlik Boyutu<\/th><th class=\"column-2\">750(L) \u00d7 750(W) \u00d7 40mm(H) \u3010\u00d6zel Boyut Opsiyonel\u3011<\/th>\n<\/tr>\n<\/thead>\n<tbody class=\"row-striping row-hover\">\n<tr class=\"row-2\">\n\t<td class=\"column-1\">Maksimum tank kapasitesi<\/td><td class=\"column-2\">40L (Maks)<\/td>\n<\/tr>\n<tr class=\"row-3\">\n\t<td class=\"column-1\">Optimum s\u0131v\u0131 kullan\u0131m\u0131<\/td><td class=\"column-2\">30L<\/td>\n<\/tr>\n<tr class=\"row-4\">\n\t<td class=\"column-1\">Temizleme y\u00f6ntemi<\/td><td class=\"column-2\">360\u00b0 d\u00f6nebilen \u00e7ift tarafl\u0131 izobarik sprey rulosu y\u00fcksek bas\u0131n\u00e7l\u0131 sprey (sprey temizleme ve bas\u0131n\u00e7l\u0131 hava ile kurutma)<\/td>\n<\/tr>\n<tr class=\"row-5\">\n\t<td class=\"column-1\">Temizlik s\u00fcresi<\/td><td class=\"column-2\">2~4 dakika (geleneksel s\u00fcre\u00e7)<\/td>\n<\/tr>\n<tr class=\"row-6\">\n\t<td class=\"column-1\">Kuruma s\u00fcresi<\/td><td class=\"column-2\">2 ila 5 dakika (geleneksel s\u00fcre\u00e7)<\/td>\n<\/tr>\n<tr class=\"row-7\">\n\t<td class=\"column-1\">Harici hava kayna\u011f\u0131<\/td><td class=\"column-2\">0,45 \uff5e 0,6 (Mpa)<\/td>\n<\/tr>\n<tr class=\"row-8\">\n\t<td class=\"column-1\">Bas\u0131n\u00e7l\u0131 hava<\/td><td class=\"column-2\">400 \uff5e 600L\/Dakika<\/td>\n<\/tr>\n<tr class=\"row-9\">\n\t<td class=\"column-1\">Egzoz portu boyutu<\/td><td class=\"column-2\">\u03a6125\u00d725mm (H)<\/td>\n<\/tr>\n<tr class=\"row-10\">\n\t<td class=\"column-1\">filtreleme sistemi<\/td><td class=\"column-2\">Birinci a\u015fama filtre kutusu filtrasyonu: 1mm (kirlilikleri ve etiketleri filtreleyin)<\/td>\n<\/tr>\n<tr class=\"row-11\">\n\t<td class=\"column-1\"><\/td><td class=\"column-2\">\u0130kincil filtrasyon 5um, \u00dc\u00e7\u00fcnc\u00fc a\u015fama filtre eleman\u0131 filtrasyonu: 1um (mikro partik\u00fcl safs\u0131zl\u0131klar\u0131)<\/td>\n<\/tr>\n<tr class=\"row-12\">\n\t<td class=\"column-1\">Makine Net A\u011f\u0131rl\u0131\u011f\u0131<\/td><td class=\"column-2\">~200Kg<\/td>\n<\/tr>\n<tr class=\"row-13\">\n\t<td class=\"column-1\">Makine boyutu<\/td><td class=\"column-2\">1000(L) \u00d7 710(W) \u00d7 1720mm(H)<\/td>\n<\/tr>\n<\/tbody>\n<\/table>\n<\/p>\t\t\t\t\t\t\t\t<\/div>\n\t\t\t\t<\/div>\n\t\t<div id=\"e-n-tab-content-669966093\" role=\"tabpanel\" aria-labelledby=\"e-n-tab-title-669966093\" data-tab-index=\"3\" style=\"--n-tabs-title-order: 3;\" class=\"elementor-element elementor-element-03c38e2 e-flex e-con-boxed e-con e-child\" data-id=\"03c38e2\" data-element_type=\"container\" data-e-type=\"container\" data-settings=\"{&quot;ekit_has_onepagescroll_dot&quot;:&quot;yes&quot;}\">\n\t\t\t\t\t<div class=\"e-con-inner\">\n\t\t\t\t<div class=\"elementor-element elementor-element-c31e93a elementor-widget elementor-widget-video\" data-id=\"c31e93a\" data-element_type=\"widget\" data-e-type=\"widget\" data-settings=\"{&quot;youtube_url&quot;:&quot;https:\\\/\\\/www.youtube.com\\\/watch?v=johqZGIG2c4&quot;,&quot;video_type&quot;:&quot;youtube&quot;,&quot;controls&quot;:&quot;yes&quot;,&quot;ekit_we_effect_on&quot;:&quot;none&quot;}\" data-widget_type=\"video.default\">\n\t\t\t\t\t\t\t<div class=\"elementor-wrapper elementor-open-inline\">\n\t\t\t<div class=\"elementor-video\"><\/div>\t\t<\/div>\n\t\t\t\t\t\t<\/div>\n\t\t\t\t\t<\/div>\n\t\t\t\t<\/div>\n\t\t\t\t\t<\/div>\n\t\t<\/div>\n\t\t\t\t\t\t<\/div>\n\t\t\t\t\t<\/div>\n\t\t\t\t<\/div>\n\t\t\t\t<\/div>","protected":false},"excerpt":{"rendered":"<p>DEZ-C730 pn\u00f6matik \u015fablon temizleme makinesi, bas\u0131n\u00e7l\u0131 hava ile \u00e7al\u0131\u015fan y\u00fcksek performansl\u0131 tamamen pn\u00f6matik bir temizleme ekipman\u0131d\u0131r. SMT \u015fablonlar\u0131n\u0131, bak\u0131r \u015fablonlar\u0131, serigraf \u015fablonlar\u0131n\u0131, kau\u00e7uk \u015fablonlar\u0131 ve di\u011fer ekranlar\u0131 temizlemek i\u00e7in \u00f6zel olarak tasarlanm\u0131\u015ft\u0131r.<\/p>","protected":false},"featured_media":19370,"template":"","meta":{"_lmt_disableupdate":"no","_lmt_disable":"","site-sidebar-layout":"default","site-content-layout":"","ast-site-content-layout":"default","site-content-style":"default","site-sidebar-style":"default","ast-global-header-display":"","ast-banner-title-visibility":"","ast-main-header-display":"","ast-hfb-above-header-display":"","ast-hfb-below-header-display":"","ast-hfb-mobile-header-display":"","site-post-title":"","ast-breadcrumbs-content":"","ast-featured-img":"","footer-sml-layout":"","ast-disable-related-posts":"","theme-transparent-header-meta":"default","adv-header-id-meta":"","stick-header-meta":"default","header-above-stick-meta":"","header-main-stick-meta":"","header-below-stick-meta":"","astra-migrate-meta-layouts":"set","ast-page-background-enabled":"default","ast-page-background-meta":{"desktop":{"background-color":"","background-image":"","background-repeat":"repeat","background-position":"center center","background-size":"auto","background-attachment":"scroll","background-type":"","background-media":"","overlay-type":"","overlay-color":"","overlay-opacity":"","overlay-gradient":""},"tablet":{"background-color":"","background-image":"","background-repeat":"repeat","background-position":"center center","background-size":"auto","background-attachment":"scroll","background-type":"","background-media":"","overlay-type":"","overlay-color":"","overlay-opacity":"","overlay-gradient":""},"mobile":{"background-color":"","background-image":"","background-repeat":"repeat","background-position":"center center","background-size":"auto","background-attachment":"scroll","background-type":"","background-media":"","overlay-type":"","overlay-color":"","overlay-opacity":"","overlay-gradient":""}},"ast-content-background-meta":{"desktop":{"background-color":"var(--ast-global-color-5)","background-image":"","background-repeat":"repeat","background-position":"center center","background-size":"auto","background-attachment":"scroll","background-type":"","background-media":"","overlay-type":"","overlay-color":"","overlay-opacity":"","overlay-gradient":""},"tablet":{"background-color":"var(--ast-global-color-5)","background-image":"","background-repeat":"repeat","background-position":"center center","background-size":"auto","background-attachment":"scroll","background-type":"","background-media":"","overlay-type":"","overlay-color":"","overlay-opacity":"","overlay-gradient":""},"mobile":{"background-color":"var(--ast-global-color-5)","background-image":"","background-repeat":"repeat","background-position":"center center","background-size":"auto","background-attachment":"scroll","background-type":"","background-media":"","overlay-type":"","overlay-color":"","overlay-opacity":"","overlay-gradient":""}}},"product_brand":[],"product_cat":[102],"product_tag":[],"class_list":{"0":"post-17797","1":"product","2":"type-product","3":"status-publish","4":"has-post-thumbnail","6":"product_cat-stencil-cleaning-machine","7":"desktop-align-left","8":"tablet-align-left","9":"mobile-align-left","10":"ast-product-gallery-layout-horizontal-slider","11":"ast-product-tabs-layout-horizontal","13":"first","14":"instock","15":"shipping-taxable","16":"purchasable","17":"product-type-simple"},"_links":{"self":[{"href":"https:\/\/dezsmt.com\/tr\/wp-json\/wp\/v2\/product\/17797","targetHints":{"allow":["GET"]}}],"collection":[{"href":"https:\/\/dezsmt.com\/tr\/wp-json\/wp\/v2\/product"}],"about":[{"href":"https:\/\/dezsmt.com\/tr\/wp-json\/wp\/v2\/types\/product"}],"version-history":[{"count":11,"href":"https:\/\/dezsmt.com\/tr\/wp-json\/wp\/v2\/product\/17797\/revisions"}],"predecessor-version":[{"id":19374,"href":"https:\/\/dezsmt.com\/tr\/wp-json\/wp\/v2\/product\/17797\/revisions\/19374"}],"wp:featuredmedia":[{"embeddable":true,"href":"https:\/\/dezsmt.com\/tr\/wp-json\/wp\/v2\/media\/19370"}],"wp:attachment":[{"href":"https:\/\/dezsmt.com\/tr\/wp-json\/wp\/v2\/media?parent=17797"}],"wp:term":[{"taxonomy":"product_brand","embeddable":true,"href":"https:\/\/dezsmt.com\/tr\/wp-json\/wp\/v2\/product_brand?post=17797"},{"taxonomy":"product_cat","embeddable":true,"href":"https:\/\/dezsmt.com\/tr\/wp-json\/wp\/v2\/product_cat?post=17797"},{"taxonomy":"product_tag","embeddable":true,"href":"https:\/\/dezsmt.com\/tr\/wp-json\/wp\/v2\/product_tag?post=17797"}],"curies":[{"name":"wp","href":"https:\/\/api.w.org\/{rel}","templated":true}]}}