{"id":19300,"date":"2025-12-04T14:36:06","date_gmt":"2025-12-04T06:36:06","guid":{"rendered":"https:\/\/dezsmt.com\/?post_type=product&#038;p=19300"},"modified":"2025-12-17T16:15:45","modified_gmt":"2025-12-17T08:15:45","slug":"wave-soldring-cooling-conveyor","status":"publish","type":"product","link":"https:\/\/dezsmt.com\/pt\/product-center\/wave-soldring-cooling-conveyor\/","title":{"rendered":"TRANSPORTADOR DE RESFRIAMENTO DE SOLDAGEM POR ONDA"},"content":{"rendered":"<h3><strong><b><img decoding=\"async\" class=\"alignnone size-medium wp-image-19461\" src=\"https:\/\/dezsmt.com\/wp-content\/uploads\/2025\/12\/2-300x300.png\" alt=\"\" width=\"300\" height=\"300\" title=\"\" srcset=\"https:\/\/dezsmt.com\/wp-content\/uploads\/2025\/12\/2-300x300.png 300w, https:\/\/dezsmt.com\/wp-content\/uploads\/2025\/12\/2-150x150.png 150w, https:\/\/dezsmt.com\/wp-content\/uploads\/2025\/12\/2-12x12.png 12w, https:\/\/dezsmt.com\/wp-content\/uploads\/2025\/12\/2-600x600.png 600w, https:\/\/dezsmt.com\/wp-content\/uploads\/2025\/12\/2-100x100.png 100w, https:\/\/dezsmt.com\/wp-content\/uploads\/2025\/12\/2.png 750w\" sizes=\"(max-width: 300px) 100vw, 300px\" \/><\/b><\/strong><\/h3>\n<h3><span class=\"ez-toc-section\" id=\"WAVE_SOLDRING_COOLING_CONVEYOR\"><\/span><strong><b>TRANSPORTADOR DE RESFRIAMENTO DE SOLDAGEM POR ONDA<\/b><\/strong><span class=\"ez-toc-section-end\"><\/span><\/h3>\n<h3><span class=\"ez-toc-section\" id=\"Features\"><\/span><strong><b>Caracter\u00edsticas:<\/b><\/strong><span class=\"ez-toc-section-end\"><\/span><\/h3>\n<p>Esteiras transportadoras antiest\u00e1ticas inclinadas de alta temperatura, equipadas com ventiladores de refrigera\u00e7\u00e3o, s\u00e3o amplamente utilizadas em linhas de produ\u00e7\u00e3o DIP ap\u00f3s a soldagem por onda.<\/p>\n<p>Bot\u00e3o de ajuste de velocidade f\u00e1cil de usar<\/p>\n<p>Equipado com m\u00faltiplos m\u00f3dulos de ventoinhas de refrigera\u00e7\u00e3o superiores para resfriamento for\u00e7ado por ar de placas de circuito impresso rec\u00e9m-soldadas.<\/p>\n<p>Utilizado para refrigera\u00e7\u00e3o e transporte na extremidade de sa\u00edda da m\u00e1quina de solda por onda.<\/p>\n<p>Tamanhos de m\u00e1quinas personalizados dispon\u00edveis mediante solicita\u00e7\u00e3o.<\/p>\n<p><strong><b>Par\u00e2metros t\u00e9cnicos<\/b><\/strong><\/p>\n<p>Descri\u00e7\u00e3o: Esta m\u00e1quina \u00e9 utilizada para a transmiss\u00e3o de sinais de soldagem por onda em placas de circuito impresso (PCBs).<\/p>\n<h3><span class=\"ez-toc-section\" id=\"Belt_Type_Flat_Belt\"><\/span>Tipo de correia: Correia plana<span class=\"ez-toc-section-end\"><\/span><\/h3>\n<p>Velocidade de transporte: 0,5-20 m\/min<\/p>\n<p>Alimenta\u00e7\u00e3o: CA 110 V ou 220 V; Monof\u00e1sico; Consumo de energia: 100 VA<\/p>\n<p>Altura de transporte: 900 \u00b1 20 mm ou conforme especificado pelo cliente.<\/p>\n<p>Dire\u00e7\u00e3o de transporte: da esquerda para a direita (LR) ou da direita para a esquerda (RL)<\/p>\n<table>\n<tbody>\n<tr>\n<td colspan=\"4\" width=\"568\">\n<h3 style=\"text-align: center;\"><span class=\"ez-toc-section\" id=\"Specification_Parameters\"><\/span>Par\u00e2metros de especifica\u00e7\u00e3o<span class=\"ez-toc-section-end\"><\/span><\/h3>\n<\/td>\n<\/tr>\n<tr>\n<td width=\"89\">\n<h4>Modelo<\/h4>\n<\/td>\n<td width=\"135\">\n<h4>Dimens\u00f5es da placa de circuito impresso (mm)<\/h4>\n<\/td>\n<td width=\"106\">\n<h4>Peso (KG)<\/h4>\n<\/td>\n<td width=\"236\">\n<h4>Dimens\u00f5es (C*L*A MM)<\/h4>\n<\/td>\n<\/tr>\n<tr>\n<td width=\"89\">DEZ-400W<\/td>\n<td width=\"135\">50*50-445*350<\/p>\n<p>&nbsp;<\/td>\n<td width=\"106\">35<\/p>\n<p>&nbsp;<\/td>\n<td width=\"236\">1200*520*1400<\/p>\n<p>&nbsp;<\/td>\n<\/tr>\n<tr>\n<td width=\"89\">DEZ-500W<\/p>\n<p>&nbsp;<\/td>\n<td width=\"135\">50*50-530*460<\/p>\n<p>&nbsp;<\/td>\n<td width=\"106\">45<\/td>\n<td width=\"236\">1200*620*1400<\/td>\n<\/tr>\n<\/tbody>\n<\/table>","protected":false},"excerpt":{"rendered":"<p>Esteira de Resfriamento Inclinada para PCBs | Projetada para resfriamento p\u00f3s-soldagem por onda com m\u00f3dulos de ventiladores de ar for\u00e7ado e correia antiest\u00e1tica. Velocidade ajust\u00e1vel e comprimento personaliz\u00e1vel garantem o resfriamento ideal da PCB para sua linha de produ\u00e7\u00e3o DIP.<\/p>","protected":false},"featured_media":19353,"template":"","meta":{"_lmt_disableupdate":"no","_lmt_disable":"","site-sidebar-layout":"default","site-content-layout":"","ast-site-content-layout":"default","site-content-style":"default","site-sidebar-style":"default","ast-global-header-display":"","ast-banner-title-visibility":"","ast-main-header-display":"","ast-hfb-above-header-display":"","ast-hfb-below-header-display":"","ast-hfb-mobile-header-display":"","site-post-title":"","ast-breadcrumbs-content":"","ast-featured-img":"","footer-sml-layout":"","ast-disable-related-posts":"","theme-transparent-header-meta":"default","adv-header-id-meta":"","stick-header-meta":"default","header-above-stick-meta":"","header-main-stick-meta":"","header-below-stick-meta":"","astra-migrate-meta-layouts":"set","ast-page-background-enabled":"default","ast-page-background-meta":{"desktop":{"background-color":"","background-image":"","background-repeat":"repeat","background-position":"center center","background-size":"auto","background-attachment":"scroll","background-type":"","background-media":"","overlay-type":"","overlay-color":"","overlay-opacity":"","overlay-gradient":""},"tablet":{"background-color":"","background-image":"","background-repeat":"repeat","background-position":"center center","background-size":"auto","background-attachment":"scroll","background-type":"","background-media":"","overlay-type":"","overlay-color":"","overlay-opacity":"","overlay-gradient":""},"mobile":{"background-color":"","background-image":"","background-repeat":"repeat","background-position":"center center","background-size":"auto","background-attachment":"scroll","background-type":"","background-media":"","overlay-type":"","overlay-color":"","overlay-opacity":"","overlay-gradient":""}},"ast-content-background-meta":{"desktop":{"background-color":"var(--ast-global-color-5)","background-image":"","background-repeat":"repeat","background-position":"center center","background-size":"auto","background-attachment":"scroll","background-type":"","background-media":"","overlay-type":"","overlay-color":"","overlay-opacity":"","overlay-gradient":""},"tablet":{"background-color":"var(--ast-global-color-5)","background-image":"","background-repeat":"repeat","background-position":"center center","background-size":"auto","background-attachment":"scroll","background-type":"","background-media":"","overlay-type":"","overlay-color":"","overlay-opacity":"","overlay-gradient":""},"mobile":{"background-color":"var(--ast-global-color-5)","background-image":"","background-repeat":"repeat","background-position":"center center","background-size":"auto","background-attachment":"scroll","background-type":"","background-media":"","overlay-type":"","overlay-color":"","overlay-opacity":"","overlay-gradient":""}}},"product_brand":[],"product_cat":[113],"product_tag":[],"class_list":{"0":"post-19300","1":"product","2":"type-product","3":"status-publish","4":"has-post-thumbnail","6":"product_cat-smt-handling-machine","7":"desktop-align-left","8":"tablet-align-left","9":"mobile-align-left","10":"ast-product-gallery-layout-horizontal-slider","11":"ast-product-gallery-with-no-image","12":"ast-product-tabs-layout-horizontal","14":"first","15":"instock","16":"shipping-taxable","17":"product-type-simple"},"_links":{"self":[{"href":"https:\/\/dezsmt.com\/pt\/wp-json\/wp\/v2\/product\/19300","targetHints":{"allow":["GET"]}}],"collection":[{"href":"https:\/\/dezsmt.com\/pt\/wp-json\/wp\/v2\/product"}],"about":[{"href":"https:\/\/dezsmt.com\/pt\/wp-json\/wp\/v2\/types\/product"}],"version-history":[{"count":6,"href":"https:\/\/dezsmt.com\/pt\/wp-json\/wp\/v2\/product\/19300\/revisions"}],"predecessor-version":[{"id":19471,"href":"https:\/\/dezsmt.com\/pt\/wp-json\/wp\/v2\/product\/19300\/revisions\/19471"}],"wp:featuredmedia":[{"embeddable":true,"href":"https:\/\/dezsmt.com\/pt\/wp-json\/wp\/v2\/media\/19353"}],"wp:attachment":[{"href":"https:\/\/dezsmt.com\/pt\/wp-json\/wp\/v2\/media?parent=19300"}],"wp:term":[{"taxonomy":"product_brand","embeddable":true,"href":"https:\/\/dezsmt.com\/pt\/wp-json\/wp\/v2\/product_brand?post=19300"},{"taxonomy":"product_cat","embeddable":true,"href":"https:\/\/dezsmt.com\/pt\/wp-json\/wp\/v2\/product_cat?post=19300"},{"taxonomy":"product_tag","embeddable":true,"href":"https:\/\/dezsmt.com\/pt\/wp-json\/wp\/v2\/product_tag?post=19300"}],"curies":[{"name":"wp","href":"https:\/\/api.w.org\/{rel}","templated":true}]}}