{"id":19292,"date":"2025-12-04T14:38:52","date_gmt":"2025-12-04T06:38:52","guid":{"rendered":"https:\/\/dezsmt.com\/?post_type=product&#038;p=19292"},"modified":"2025-12-17T16:08:02","modified_gmt":"2025-12-17T08:08:02","slug":"dual-lane-unloader","status":"publish","type":"product","link":"https:\/\/dezsmt.com\/pt\/product-center\/dual-lane-unloader\/","title":{"rendered":"DESCARREGADOR DE DUAS FAIXAS"},"content":{"rendered":"<h3><strong><b><img decoding=\"async\" class=\"alignnone size-medium wp-image-19461\" src=\"https:\/\/dezsmt.com\/wp-content\/uploads\/2025\/12\/2-300x300.png\" alt=\"\" width=\"300\" height=\"300\" title=\"\" srcset=\"https:\/\/dezsmt.com\/wp-content\/uploads\/2025\/12\/2-300x300.png 300w, https:\/\/dezsmt.com\/wp-content\/uploads\/2025\/12\/2-150x150.png 150w, https:\/\/dezsmt.com\/wp-content\/uploads\/2025\/12\/2-12x12.png 12w, https:\/\/dezsmt.com\/wp-content\/uploads\/2025\/12\/2-600x600.png 600w, https:\/\/dezsmt.com\/wp-content\/uploads\/2025\/12\/2-100x100.png 100w, https:\/\/dezsmt.com\/wp-content\/uploads\/2025\/12\/2.png 750w\" sizes=\"(max-width: 300px) 100vw, 300px\" \/><\/b><\/strong><\/h3>\n<h3><span class=\"ez-toc-section\" id=\"DUAL_LANE_UNLOADER\"><\/span><strong><b>DESCARREGADOR DE DUAS FAIXAS<\/b><\/strong><span class=\"ez-toc-section-end\"><\/span><\/h3>\n<h3><span class=\"ez-toc-section\" id=\"Features\"><\/span><strong><b>Caracter\u00edsticas:<\/b><\/strong><span class=\"ez-toc-section-end\"><\/span><\/h3>\n<p>Estrutura de duas pistas para descarregamento de placas, projetada para linhas de produ\u00e7\u00e3o de duas pistas.<\/p>\n<p>Dois pain\u00e9is de controle dispon\u00edveis para sele\u00e7\u00e3o: um interruptor de membrana LED de f\u00e1cil opera\u00e7\u00e3o e toque leve ou uma tela sens\u00edvel ao toque.<\/p>\n<p>As bra\u00e7adeiras pneum\u00e1ticas superior e inferior garantem o posicionamento preciso do carregador.<\/p>\n<p>O design especial do circuito de ar evita danos \u00e0 placa de circuito impresso.<\/p>\n<p>Fun\u00e7\u00e3o autom\u00e1tica de detec\u00e7\u00e3o e exibi\u00e7\u00e3o de c\u00f3digos de falha<\/p>\n<p>Cabos resistentes ao desgaste para longa vida \u00fatil service<\/p>\n<p>Interface SMEMA compat\u00edvel<\/p>\n<h3><span class=\"ez-toc-section\" id=\"Technical_parameters\"><\/span><strong><b>Par\u00e2metros t\u00e9cnicos<\/b><\/strong><span class=\"ez-toc-section-end\"><\/span><\/h3>\n<p>Descri\u00e7\u00e3o: Este equipamento \u00e9 utilizado para carregar placas de circuito impresso (PCBs) na linha de produ\u00e7\u00e3o SMT.<\/p>\n<p>Capacidade do carregador: 1 carregador (superior) e 1 carregador (inferior).<\/p>\n<p>Tempo de alimenta\u00e7\u00e3o: 6 segundos aprox. ou especifique<\/p>\n<p>Tempo de substitui\u00e7\u00e3o do carregador: Aproximadamente 30 segundos ou especifique<\/p>\n<p>Passo do motor de passo: 10, 20, 30, 40 mm ou especificado por user.<\/p>\n<p>Alimenta\u00e7\u00e3o: CA 110V ou 220V; Monof\u00e1sica.<\/p>\n<p>Pot\u00eancia: M\u00e1x. 300 VA.<\/p>\n<p>Press\u00e3o\/Consumo de Ar: 4\u20136 bar, M\u00e1x. 10 L\/min.<\/p>\n<p>Altura de transporte: 900 \u00b1 20 mm ou conforme especificado pelo cliente.<\/p>\n<p>Dire\u00e7\u00e3o de transmiss\u00e3o: da esquerda para a direita (LR) ou da direita para a esquerda (RL).<\/p>\n<table>\n<tbody>\n<tr>\n<td colspan=\"5\" width=\"568\">\n<h3 style=\"text-align: center;\"><span class=\"ez-toc-section\" id=\"Specification_Parameters\"><\/span>Par\u00e2metros de especifica\u00e7\u00e3o<span class=\"ez-toc-section-end\"><\/span><\/h3>\n<\/td>\n<\/tr>\n<tr>\n<td width=\"96\">\n<h4>Modelo<\/h4>\n<\/td>\n<td width=\"115\">\n<h4>Dimens\u00f5es da placa de circuito impresso (mm)<\/h4>\n<\/td>\n<td width=\"134\">\n<h4>Dimens\u00f5es (C*L*A MM)<\/h4>\n<\/td>\n<td width=\"87\">\n<h4>Peso (KG)<\/h4>\n<\/td>\n<td width=\"134\">\n<h4>Dimens\u00f5es (C*L*A MM)<\/h4>\n<\/td>\n<\/tr>\n<tr>\n<td width=\"96\">DEZ-S-TN<\/p>\n<p>&nbsp;<\/td>\n<td width=\"115\">50*80-330*250<\/p>\n<p>&nbsp;<\/td>\n<td width=\"134\">355*320*563<\/td>\n<td width=\"87\">320<\/td>\n<td width=\"134\">1800*1435*1250<\/p>\n<p>&nbsp;<\/td>\n<\/tr>\n<tr>\n<td width=\"96\">DEZ-M-TN<\/p>\n<p>&nbsp;<\/td>\n<td width=\"115\">50*80-445*330<\/p>\n<p>&nbsp;<\/td>\n<td width=\"134\">460*400*563<\/td>\n<td width=\"87\">350<\/td>\n<td width=\"134\">2065*1690*1250<\/p>\n<p>&nbsp;<\/td>\n<\/tr>\n<tr>\n<td width=\"96\">DEZ-L-TN<\/p>\n<p>&nbsp;<\/td>\n<td width=\"115\">50*80-530*390<\/p>\n<p>&nbsp;<\/td>\n<td width=\"134\">535*460*563<\/td>\n<td width=\"87\">380<\/td>\n<td width=\"134\">2330*1810*1250<\/p>\n<p>&nbsp;<\/td>\n<\/tr>\n<tr>\n<td width=\"96\">DEZ-XL-TN<\/td>\n<td width=\"115\">50*80-530*460<\/p>\n<p>&nbsp;<\/td>\n<td width=\"134\">535*530*563<\/p>\n<p>&nbsp;<\/td>\n<td width=\"87\">410<\/td>\n<td width=\"134\">2330*1950*1250<\/td>\n<\/tr>\n<\/tbody>\n<\/table>","protected":false},"excerpt":{"rendered":"<p>Descarregador de PCB de Duas Vias | Projetado para linhas SMT de alta capacidade e duas vias. Apresenta descarregamento r\u00e1pido em aproximadamente 6 segundos, fixa\u00e7\u00e3o pneum\u00e1tica precisa e interface SMEMA. O passo do motor de passo e as op\u00e7\u00f5es de controle personaliz\u00e1veis otimizam seu fluxo de trabalho de produ\u00e7\u00e3o.<\/p>","protected":false},"featured_media":19359,"template":"","meta":{"_lmt_disableupdate":"no","_lmt_disable":"","site-sidebar-layout":"default","site-content-layout":"","ast-site-content-layout":"default","site-content-style":"default","site-sidebar-style":"default","ast-global-header-display":"","ast-banner-title-visibility":"","ast-main-header-display":"","ast-hfb-above-header-display":"","ast-hfb-below-header-display":"","ast-hfb-mobile-header-display":"","site-post-title":"","ast-breadcrumbs-content":"","ast-featured-img":"","footer-sml-layout":"","ast-disable-related-posts":"","theme-transparent-header-meta":"default","adv-header-id-meta":"","stick-header-meta":"default","header-above-stick-meta":"","header-main-stick-meta":"","header-below-stick-meta":"","astra-migrate-meta-layouts":"set","ast-page-background-enabled":"default","ast-page-background-meta":{"desktop":{"background-color":"","background-image":"","background-repeat":"repeat","background-position":"center center","background-size":"auto","background-attachment":"scroll","background-type":"","background-media":"","overlay-type":"","overlay-color":"","overlay-opacity":"","overlay-gradient":""},"tablet":{"background-color":"","background-image":"","background-repeat":"repeat","background-position":"center center","background-size":"auto","background-attachment":"scroll","background-type":"","background-media":"","overlay-type":"","overlay-color":"","overlay-opacity":"","overlay-gradient":""},"mobile":{"background-color":"","background-image":"","background-repeat":"repeat","background-position":"center center","background-size":"auto","background-attachment":"scroll","background-type":"","background-media":"","overlay-type":"","overlay-color":"","overlay-opacity":"","overlay-gradient":""}},"ast-content-background-meta":{"desktop":{"background-color":"var(--ast-global-color-5)","background-image":"","background-repeat":"repeat","background-position":"center center","background-size":"auto","background-attachment":"scroll","background-type":"","background-media":"","overlay-type":"","overlay-color":"","overlay-opacity":"","overlay-gradient":""},"tablet":{"background-color":"var(--ast-global-color-5)","background-image":"","background-repeat":"repeat","background-position":"center center","background-size":"auto","background-attachment":"scroll","background-type":"","background-media":"","overlay-type":"","overlay-color":"","overlay-opacity":"","overlay-gradient":""},"mobile":{"background-color":"var(--ast-global-color-5)","background-image":"","background-repeat":"repeat","background-position":"center center","background-size":"auto","background-attachment":"scroll","background-type":"","background-media":"","overlay-type":"","overlay-color":"","overlay-opacity":"","overlay-gradient":""}}},"product_brand":[],"product_cat":[113],"product_tag":[],"class_list":{"0":"post-19292","1":"product","2":"type-product","3":"status-publish","4":"has-post-thumbnail","6":"product_cat-smt-handling-machine","7":"desktop-align-left","8":"tablet-align-left","9":"mobile-align-left","10":"ast-product-gallery-layout-horizontal-slider","11":"ast-product-tabs-layout-horizontal","13":"first","14":"instock","15":"shipping-taxable","16":"product-type-simple"},"_links":{"self":[{"href":"https:\/\/dezsmt.com\/pt\/wp-json\/wp\/v2\/product\/19292","targetHints":{"allow":["GET"]}}],"collection":[{"href":"https:\/\/dezsmt.com\/pt\/wp-json\/wp\/v2\/product"}],"about":[{"href":"https:\/\/dezsmt.com\/pt\/wp-json\/wp\/v2\/types\/product"}],"version-history":[{"count":5,"href":"https:\/\/dezsmt.com\/pt\/wp-json\/wp\/v2\/product\/19292\/revisions"}],"predecessor-version":[{"id":19467,"href":"https:\/\/dezsmt.com\/pt\/wp-json\/wp\/v2\/product\/19292\/revisions\/19467"}],"wp:featuredmedia":[{"embeddable":true,"href":"https:\/\/dezsmt.com\/pt\/wp-json\/wp\/v2\/media\/19359"}],"wp:attachment":[{"href":"https:\/\/dezsmt.com\/pt\/wp-json\/wp\/v2\/media?parent=19292"}],"wp:term":[{"taxonomy":"product_brand","embeddable":true,"href":"https:\/\/dezsmt.com\/pt\/wp-json\/wp\/v2\/product_brand?post=19292"},{"taxonomy":"product_cat","embeddable":true,"href":"https:\/\/dezsmt.com\/pt\/wp-json\/wp\/v2\/product_cat?post=19292"},{"taxonomy":"product_tag","embeddable":true,"href":"https:\/\/dezsmt.com\/pt\/wp-json\/wp\/v2\/product_tag?post=19292"}],"curies":[{"name":"wp","href":"https:\/\/api.w.org\/{rel}","templated":true}]}}