{"id":17813,"date":"2025-05-05T14:47:04","date_gmt":"2025-05-05T06:47:04","guid":{"rendered":"https:\/\/dezsmt.com\/product-center\/st-r820-bga-rework-station\/"},"modified":"2025-12-11T15:23:54","modified_gmt":"2025-12-11T07:23:54","slug":"dez-r820-bga-rework-station","status":"publish","type":"product","link":"https:\/\/dezsmt.com\/pt\/product-center\/dez-r820-bga-rework-station\/","title":{"rendered":"Esta\u00e7\u00e3o de retrabalho DEZ-R820 BGA"},"content":{"rendered":"<div data-elementor-type=\"product-post\" data-elementor-id=\"17813\" class=\"elementor elementor-17813\" data-elementor-post-type=\"product\">\n\t\t\t\t<div class=\"elementor-element elementor-element-559efc1e e-flex e-con-boxed e-con e-parent\" data-id=\"559efc1e\" data-element_type=\"container\" data-settings=\"{&quot;ekit_has_onepagescroll_dot&quot;:&quot;yes&quot;}\">\n\t\t\t\t\t<div class=\"e-con-inner\">\n\t\t\t\t<div class=\"elementor-element elementor-element-3986728 e-n-tabs-mobile elementor-widget elementor-widget-n-tabs\" data-id=\"3986728\" data-element_type=\"widget\" data-settings=\"{&quot;tabs_justify_horizontal&quot;:&quot;stretch&quot;,&quot;horizontal_scroll&quot;:&quot;disable&quot;,&quot;ekit_we_effect_on&quot;:&quot;none&quot;}\" data-widget_type=\"nested-tabs.default\">\n\t\t\t\t\t\t\t<div class=\"e-n-tabs\" data-widget-number=\"60319528\" aria-label=\"Separadores. Abra itens com Enter ou Espa\u00e7o, feche com Escape e navegue utilizando as teclas de seta.\">\n\t\t\t<div class=\"e-n-tabs-heading\" role=\"tablist\">\n\t\t\t\t\t<button id=\"e-n-tab-title-603195281\" data-tab-title-id=\"e-n-tab-title-603195281\" class=\"e-n-tab-title\" aria-selected=\"true\" data-tab-index=\"1\" role=\"tab\" tabindex=\"0\" aria-controls=\"e-n-tab-content-603195281\" style=\"--n-tabs-title-order: 1;\">\n\t\t\t\t\t\t<span class=\"e-n-tab-title-text\">\n\t\t\t\tCarater\u00edsticas\t\t\t<\/span>\n\t\t<\/button>\n\t\t\t\t<button id=\"e-n-tab-title-603195282\" data-tab-title-id=\"e-n-tab-title-603195282\" class=\"e-n-tab-title\" aria-selected=\"false\" data-tab-index=\"2\" role=\"tab\" tabindex=\"-1\" aria-controls=\"e-n-tab-content-603195282\" style=\"--n-tabs-title-order: 2;\">\n\t\t\t\t\t\t<span class=\"e-n-tab-title-text\">\n\t\t\t\tV\u00eddeo\t\t\t<\/span>\n\t\t<\/button>\n\t\t\t\t\t<\/div>\n\t\t\t<div class=\"e-n-tabs-content\">\n\t\t\t\t<div id=\"e-n-tab-content-603195281\" role=\"tabpanel\" aria-labelledby=\"e-n-tab-title-603195281\" data-tab-index=\"1\" style=\"--n-tabs-title-order: 1;\" class=\"e-active elementor-element elementor-element-0f8365a e-con-full e-flex e-con e-child\" data-id=\"0f8365a\" data-element_type=\"container\" data-settings=\"{&quot;ekit_has_onepagescroll_dot&quot;:&quot;yes&quot;}\">\n\t\t\t\t<div class=\"elementor-element elementor-element-36cd0ed8 elementor-widget elementor-widget-text-editor\" data-id=\"36cd0ed8\" data-element_type=\"widget\" data-settings=\"{&quot;ekit_we_effect_on&quot;:&quot;none&quot;}\" data-widget_type=\"text-editor.default\">\n\t\t\t\t\t\t\t\t\t<p><strong>Carater\u00edsticas principais<\/strong>:<br \/>Tr\u00eas aquecedores de controlo independentes para um controlo preciso da temperatura.<br \/>Sistema de alinhamento \u00f3tico preciso com sistema \u00f3tico a cores CCD ajust\u00e1vel.<br \/>Sistema operativo multifuncional com interface homem-m\u00e1quina de alta defini\u00e7\u00e3o.<br \/>Fun\u00e7\u00f5es de seguran\u00e7a superiores com certifica\u00e7\u00e3o CE.<br \/>Adequado para v\u00e1rios tamanhos de PCB e chips BGA.<br \/>Posicionamento f\u00e1cil e preciso com suporte para PCB com ranhura em V.<br \/>Fixa\u00e7\u00e3o universal flex\u00edvel e amov\u00edvel para prote\u00e7\u00e3o.<br \/>Monitoriza\u00e7\u00e3o da temperatura em tempo real e armazenamento de dados.<\/p><p><strong>Ficha de dados t\u00e9cnicos<\/strong>:<br \/>- Pot\u00eancia:<br \/>- AC 220V\u00b110\u00a3\u00a5 50\/60 Hz<br \/>- Pot\u00eancia total: M\u00e1ximo 5300W<br \/>- Pot\u00eancia do aquecedor: aquecedor superior de 1200 W, aquecedor inferior de 1200 W, aquecedor de infravermelhos de 2700 W<br \/>- Materiais el\u00e9ctricos:<br \/>- Controlador program\u00e1vel de intelig\u00eancia, suporte para liga\u00e7\u00e3o de computador<br \/>- Controlo da temperatura:<br \/>- Termopar tipo K (circuito fechado), controlo independente da temperatura, precis\u00e3o de \u00b13\u2103<br \/>- Posicionamento:<br \/>- Ranhura em V, suporte de PCB<br \/>- Tamanho da placa de circuito impresso:<br \/>- M\u00e1ximo 415\u00d7370 mm, M\u00ednimo 65\u00d765 mm<br \/>- Chip BGA:<br \/>- M\u00e1ximo 80x80mm, M\u00ednimo 2\u00d72 mm<br \/>- Dimens\u00f5es:<br \/>- L680xW630xH900 mm<br \/>- Sensores:<br \/>- 1 unidade<br \/>- Peso:<br \/>- 79 kg<br \/>- Nome do produto: Esta\u00e7\u00e3o de retrabalho BGA totalmente autom\u00e1tica<br \/>- Modelo #: ST-R820<br \/>- Pot\u00eancia total: 5300W<br \/>- Aquecedor superior: 1200W<br \/>- Aquecedor inferior: 1200W<br \/>- Aquecedor de infravermelhos: 2700W<br \/>- \u00c1rea de aquecimento por infravermelhos: 280380mm<br \/>- Tens\u00e3o: AC220V\u00b110% 50\/60Hz<br \/>- Dire\u00e7\u00e3o do movimento: Eixo Z<br \/>- Sistema de posicionamento: Ranhura em V, suporte para PCB<br \/>- Controlo da temperatura: Termopar de circuito fechado tipo K com precis\u00e3o dentro de \u00b13\u2103<br \/>- Precis\u00e3o da temperatura: \u00b13 graus<br \/>- Tamanho da placa de circuito impresso: M\u00e1ximo 415370 mm, M\u00ednimo 6565 mm<br \/>- Materiais el\u00e9ctricos: Servo-drive (Panasonic) + ecr\u00e3 t\u00e1til (Taiwan) + PLC Panasonic + placa de aquecimento (Alemanha)<br \/>- Amplia\u00e7\u00e3o da c\u00e2mara: 5X~50X<br \/>- Sistema \u00f3tico: Sistema de imagem a cores CCD de alta defini\u00e7\u00e3o original japon\u00eas, controlo por joystick<br \/>- Chip BGA: M\u00e1ximo 8080mm, M\u00ednimo 22 mm<br \/>- Ecr\u00e3 t\u00e1til: 10 polegadas, resolu\u00e7\u00e3o 640480, ecr\u00e3 t\u00e1til Panel Visa, interface USB externa<br \/>- Sensor de temperatura externo: 1 unidade<br \/>- Modo de funcionamento: Acionamento el\u00e9trico (Op\u00e7\u00e3o de acionamento a g\u00e1s + nitrog\u00e9nio)<br \/>- Precis\u00e3o de coloca\u00e7\u00e3o: \u00b10,02mm<br \/>- Dimens\u00e3o: L680W630H900 mm (suporte LCD n\u00e3o inclu\u00eddo)<br \/>- Peso l\u00edquido: 79KG<br \/>- Certifica\u00e7\u00f5es: CE e certificado de patente<br \/>- Embalagem: L780W800H1090mm<br \/>- Peso bruto: 105KG<\/p>\t\t\t\t\t\t\t\t<\/div>\n\t\t\t\t<\/div>\n\t\t<div id=\"e-n-tab-content-603195282\" role=\"tabpanel\" aria-labelledby=\"e-n-tab-title-603195282\" data-tab-index=\"2\" style=\"--n-tabs-title-order: 2;\" class=\"elementor-element elementor-element-322ed20 e-con-full e-flex e-con e-child\" data-id=\"322ed20\" data-element_type=\"container\" data-settings=\"{&quot;ekit_has_onepagescroll_dot&quot;:&quot;yes&quot;}\">\n\t\t\t\t<div class=\"elementor-element elementor-element-7e4c4a3 elementor-widget elementor-widget-video\" data-id=\"7e4c4a3\" data-element_type=\"widget\" data-settings=\"{&quot;youtube_url&quot;:&quot;https:\\\/\\\/www.youtube.com\\\/watch?v=WaNCJ-UYnao&quot;,&quot;video_type&quot;:&quot;youtube&quot;,&quot;controls&quot;:&quot;yes&quot;,&quot;ekit_we_effect_on&quot;:&quot;none&quot;}\" data-widget_type=\"video.default\">\n\t\t\t\t\t\t\t<div class=\"elementor-wrapper elementor-open-inline\">\n\t\t\t<div class=\"elementor-video\"><\/div>\t\t<\/div>\n\t\t\t\t\t\t<\/div>\n\t\t\t\t<\/div>\n\t\t\t\t\t<\/div>\n\t\t<\/div>\n\t\t\t\t\t\t<\/div>\n\t\t\t\t\t<\/div>\n\t\t\t\t<\/div>\n\t\t\t\t<\/div>","protected":false},"excerpt":{"rendered":"<p>A ST-R820 \u00e9 uma esta\u00e7\u00e3o de retrabalho BGA com alinhamento \u00f3tico concebida para o retrabalho preciso de chips BGA em PCBs. Oferece uma elevada precis\u00e3o e fiabilidade, tornando-a ideal para o fabrico e repara\u00e7\u00e3o de produtos electr\u00f3nicos.<\/p>","protected":false},"featured_media":19377,"template":"","meta":{"_lmt_disableupdate":"no","_lmt_disable":"","site-sidebar-layout":"default","site-content-layout":"","ast-site-content-layout":"default","site-content-style":"default","site-sidebar-style":"default","ast-global-header-display":"","ast-banner-title-visibility":"","ast-main-header-display":"","ast-hfb-above-header-display":"","ast-hfb-below-header-display":"","ast-hfb-mobile-header-display":"","site-post-title":"","ast-breadcrumbs-content":"","ast-featured-img":"","footer-sml-layout":"","ast-disable-related-posts":"","theme-transparent-header-meta":"default","adv-header-id-meta":"","stick-header-meta":"default","header-above-stick-meta":"","header-main-stick-meta":"","header-below-stick-meta":"","astra-migrate-meta-layouts":"set","ast-page-background-enabled":"default","ast-page-background-meta":{"desktop":{"background-color":"","background-image":"","background-repeat":"repeat","background-position":"center center","background-size":"auto","background-attachment":"scroll","background-type":"","background-media":"","overlay-type":"","overlay-color":"","overlay-opacity":"","overlay-gradient":""},"tablet":{"background-color":"","background-image":"","background-repeat":"repeat","background-position":"center center","background-size":"auto","background-attachment":"scroll","background-type":"","background-media":"","overlay-type":"","overlay-color":"","overlay-opacity":"","overlay-gradient":""},"mobile":{"background-color":"","background-image":"","background-repeat":"repeat","background-position":"center center","background-size":"auto","background-attachment":"scroll","background-type":"","background-media":"","overlay-type":"","overlay-color":"","overlay-opacity":"","overlay-gradient":""}},"ast-content-background-meta":{"desktop":{"background-color":"var(--ast-global-color-5)","background-image":"","background-repeat":"repeat","background-position":"center center","background-size":"auto","background-attachment":"scroll","background-type":"","background-media":"","overlay-type":"","overlay-color":"","overlay-opacity":"","overlay-gradient":""},"tablet":{"background-color":"var(--ast-global-color-5)","background-image":"","background-repeat":"repeat","background-position":"center center","background-size":"auto","background-attachment":"scroll","background-type":"","background-media":"","overlay-type":"","overlay-color":"","overlay-opacity":"","overlay-gradient":""},"mobile":{"background-color":"var(--ast-global-color-5)","background-image":"","background-repeat":"repeat","background-position":"center center","background-size":"auto","background-attachment":"scroll","background-type":"","background-media":"","overlay-type":"","overlay-color":"","overlay-opacity":"","overlay-gradient":""}}},"product_brand":[],"product_cat":[106],"product_tag":[],"class_list":{"0":"post-17813","1":"product","2":"type-product","3":"status-publish","4":"has-post-thumbnail","6":"product_cat-bga-rework-station","7":"desktop-align-left","8":"tablet-align-left","9":"mobile-align-left","10":"ast-product-gallery-layout-horizontal-slider","11":"ast-product-gallery-with-no-image","12":"ast-product-tabs-layout-horizontal","14":"first","15":"instock","16":"shipping-taxable","17":"purchasable","18":"product-type-simple"},"_links":{"self":[{"href":"https:\/\/dezsmt.com\/pt\/wp-json\/wp\/v2\/product\/17813","targetHints":{"allow":["GET"]}}],"collection":[{"href":"https:\/\/dezsmt.com\/pt\/wp-json\/wp\/v2\/product"}],"about":[{"href":"https:\/\/dezsmt.com\/pt\/wp-json\/wp\/v2\/types\/product"}],"version-history":[{"count":5,"href":"https:\/\/dezsmt.com\/pt\/wp-json\/wp\/v2\/product\/17813\/revisions"}],"predecessor-version":[{"id":19442,"href":"https:\/\/dezsmt.com\/pt\/wp-json\/wp\/v2\/product\/17813\/revisions\/19442"}],"wp:featuredmedia":[{"embeddable":true,"href":"https:\/\/dezsmt.com\/pt\/wp-json\/wp\/v2\/media\/19377"}],"wp:attachment":[{"href":"https:\/\/dezsmt.com\/pt\/wp-json\/wp\/v2\/media?parent=17813"}],"wp:term":[{"taxonomy":"product_brand","embeddable":true,"href":"https:\/\/dezsmt.com\/pt\/wp-json\/wp\/v2\/product_brand?post=17813"},{"taxonomy":"product_cat","embeddable":true,"href":"https:\/\/dezsmt.com\/pt\/wp-json\/wp\/v2\/product_cat?post=17813"},{"taxonomy":"product_tag","embeddable":true,"href":"https:\/\/dezsmt.com\/pt\/wp-json\/wp\/v2\/product_tag?post=17813"}],"curies":[{"name":"wp","href":"https:\/\/api.w.org\/{rel}","templated":true}]}}