{"id":17812,"date":"2025-05-05T14:47:04","date_gmt":"2025-05-05T06:47:04","guid":{"rendered":"https:\/\/dezsmt.com\/product-center\/dez-x7600-x-ray-inspection-system\/"},"modified":"2025-12-05T15:51:46","modified_gmt":"2025-12-05T07:51:46","slug":"dez-x7600-x-ray-inspection-system","status":"publish","type":"product","link":"https:\/\/dezsmt.com\/pt\/product-center\/dez-x7600-x-ray-inspection-system\/","title":{"rendered":"Sistema de Inspe\u00e7\u00e3o por Raios X DEZ-X7600"},"content":{"rendered":"<div data-elementor-type=\"product-post\" data-elementor-id=\"17812\" class=\"elementor elementor-17812\" data-elementor-post-type=\"product\">\n\t\t\t\t<div class=\"elementor-element elementor-element-7889c6fd e-flex e-con-boxed e-con e-parent\" data-id=\"7889c6fd\" data-element_type=\"container\" data-settings=\"{&quot;ekit_has_onepagescroll_dot&quot;:&quot;yes&quot;}\">\n\t\t\t\t\t<div class=\"e-con-inner\">\n\t\t\t\t<div class=\"elementor-element elementor-element-665ed4e e-n-tabs-mobile elementor-widget elementor-widget-n-tabs\" data-id=\"665ed4e\" data-element_type=\"widget\" data-settings=\"{&quot;tabs_justify_horizontal&quot;:&quot;stretch&quot;,&quot;horizontal_scroll&quot;:&quot;disable&quot;,&quot;ekit_we_effect_on&quot;:&quot;none&quot;}\" data-widget_type=\"nested-tabs.default\">\n\t\t\t\t\t\t\t<div class=\"e-n-tabs\" data-widget-number=\"107343182\" aria-label=\"Separadores. Abra itens com Enter ou Espa\u00e7o, feche com Escape e navegue utilizando as teclas de seta.\">\n\t\t\t<div class=\"e-n-tabs-heading\" role=\"tablist\">\n\t\t\t\t\t<button id=\"e-n-tab-title-1073431821\" data-tab-title-id=\"e-n-tab-title-1073431821\" class=\"e-n-tab-title\" aria-selected=\"true\" data-tab-index=\"1\" role=\"tab\" tabindex=\"0\" aria-controls=\"e-n-tab-content-1073431821\" style=\"--n-tabs-title-order: 1;\">\n\t\t\t\t\t\t<span class=\"e-n-tab-title-text\">\n\t\t\t\tCarater\u00edsticas\t\t\t<\/span>\n\t\t<\/button>\n\t\t\t\t<button id=\"e-n-tab-title-1073431822\" data-tab-title-id=\"e-n-tab-title-1073431822\" class=\"e-n-tab-title\" aria-selected=\"false\" data-tab-index=\"2\" role=\"tab\" tabindex=\"-1\" aria-controls=\"e-n-tab-content-1073431822\" style=\"--n-tabs-title-order: 2;\">\n\t\t\t\t\t\t<span class=\"e-n-tab-title-text\">\n\t\t\t\tV\u00eddeo\t\t\t<\/span>\n\t\t<\/button>\n\t\t\t\t\t<\/div>\n\t\t\t<div class=\"e-n-tabs-content\">\n\t\t\t\t<div id=\"e-n-tab-content-1073431821\" role=\"tabpanel\" aria-labelledby=\"e-n-tab-title-1073431821\" data-tab-index=\"1\" style=\"--n-tabs-title-order: 1;\" class=\"e-active elementor-element elementor-element-62e903b e-con-full e-flex e-con e-child\" data-id=\"62e903b\" data-element_type=\"container\" data-settings=\"{&quot;ekit_has_onepagescroll_dot&quot;:&quot;yes&quot;}\">\n\t\t\t\t<div class=\"elementor-element elementor-element-267baf3d elementor-widget elementor-widget-text-editor\" data-id=\"267baf3d\" data-element_type=\"widget\" data-settings=\"{&quot;ekit_we_effect_on&quot;:&quot;none&quot;}\" data-widget_type=\"text-editor.default\">\n\t\t\t\t\t\t\t\t\t<p><strong>Carater\u00edsticas principais<\/strong>:<br \/>Imagens de alta resolu\u00e7\u00e3o com uma \u00e1rea de dete\u00e7\u00e3o de 130 mm * 130 mm.<br \/>Capacidades de monitoriza\u00e7\u00e3o e grava\u00e7\u00e3o em tempo real.<br \/>Algoritmos de dete\u00e7\u00e3o personaliz\u00e1veis para requisitos espec\u00edficos.<br \/>Interface amig\u00e1vel User com navega\u00e7\u00e3o intuitiva.<br \/>Computador industrial robusto com especifica\u00e7\u00f5es de elevado desempenho.<br \/>Funcionamento seguro e fi\u00e1vel com carater\u00edsticas de prote\u00e7\u00e3o contra radia\u00e7\u00f5es.<br \/>Adequado para v\u00e1rias aplica\u00e7\u00f5es electr\u00f3nicas e de semicondutores.<\/p><p><strong>Ficha de dados t\u00e9cnicos<\/strong>:<br \/>- Fonte de raios X:<br \/>- Marca: Hamamatsu, Jap\u00e3o<br \/>- Tipo: Microfoco fechado<br \/>- Tens\u00e3o: 130kv<br \/>- Corrente: 10-300uA<br \/>- Tamanho da focagem: 5\u03bcm<br \/>- Pot\u00eancia m\u00e1xima: 39W<br \/>- Unidade de imagiologia:<br \/>- Marca: iRAY<br \/>- Tipo: Detetor de painel plano de sil\u00edcio Amorphous<br \/>- \u00c1rea de imagem: 130mm * 130mm<br \/>- Tamanho da unidade fotossens\u00edvel: 85\u03bcm<br \/>- Matriz de pixels: 1536 * 1536<br \/>- Resolu\u00e7\u00e3o: 5.8Lp\/mm<br \/>- Taxa de quadros da imagem: 20 fps<br \/>- \u00c2ngulo de inclina\u00e7\u00e3o: \u00e2ngulo de visualiza\u00e7\u00e3o de 0-90\u00a1\u00e3 (45\u00a1\u00e3 para a esquerda e para a direita)<br \/>- R\u00e1cio de amplia\u00e7\u00e3o: Amplia\u00e7\u00e3o geom\u00e9trica de 150 vezes<br \/>- Computador anfitri\u00e3o:<br \/>- Marca: Computador Industrial Advantech<br \/>- Configura\u00e7\u00e3o: CPU: I5 7700, RAM: 8G, HDD: 1TB<br \/>- Monitor: ecr\u00e3 LCD FHD de 24<br \/>- Plataforma de carga:<br \/>- \u00c1rea de carga: 520mm * 520mm<br \/>- \u00c1rea m\u00e1xima de inspe\u00e7\u00e3o: 510mm * 450mm<br \/>- Desloca\u00e7\u00e3o do movimento (eixo Z): Painel de dete\u00e7\u00e3o Z1=300mm, Fonte de raios X Z2=300mm<br \/>- Desloca\u00e7\u00e3o do movimento (eixo X): * eixo=510mm, eixo Y=450mm<br \/>- Peso m\u00e1ximo da amostra: 12 kg<br \/>- M\u00e9todo de controlo do movimento: Joystick, rato e teclado<br \/>- Sistema de navega\u00e7\u00e3o:<br \/>- Configura\u00e7\u00e3o: C\u00e2mara de alta defini\u00e7\u00e3o Hikvision<br \/>- Sistema de software:<br \/>- Desenvolvido de forma independente com propriedade intelectual de software propriet\u00e1rio<br \/>- Fun\u00e7\u00f5es: Defini\u00e7\u00e3o autom\u00e1tica de imagem, navega\u00e7\u00e3o autom\u00e1tica, funcionalidade de c\u00e1lculo, algoritmos de dete\u00e7\u00e3o personaliz\u00e1veis, funcionalidade de edi\u00e7\u00e3o de localiza\u00e7\u00e3o<br \/>- Par\u00e2metros da m\u00e1quina:<br \/>- Peso: Aproximadamente 1650Kg<br \/>- Alimenta\u00e7\u00e3o el\u00e9ctrica: 220V\/50Hz<br \/>- Pot\u00eancia m\u00e1xima: 2.0KW<br \/>- Dimens\u00f5es do equipamento: 1400mm(C) * 1350mm(L) * 1750mm(A)<br \/>- Dose de fuga de radia\u00e7\u00e3o: &lt;0,5\u03bcSv\/h<\/p><p>- Seguran\u00e7a dos raios X: Dose de fuga de radia\u00e7\u00e3o &lt;0,5\u03bcSv\/h, material de prote\u00e7\u00e3o do inv\u00f3lucro composto por uma estrutura de a\u00e7o-lead-a\u00e7o, a janela da porta da frente utiliza vidro leaded para prote\u00e7\u00e3o contra a radia\u00e7\u00e3o, fun\u00e7\u00e3o de interbloqueio de seguran\u00e7a, luzes indicadoras de estado, registo de isen\u00e7\u00e3o para radiois\u00f3topos e radia\u00e7\u00e3o devices<br \/>- Lista de configura\u00e7\u00e3o:<br \/>- Fonte de raios X: 1 conjunto (Hamamatsu, Jap\u00e3o, Fonte de raios X de microfoco fechado 130KV)<br \/>- Unidade de imagem: 1 pcs (iRAY, Amorphous Silicon Flat Panel Detetor 130mm * 130mm)<br \/>- Computador anfitri\u00e3o: 1 pcs (Computador Industrial Advantech)<br \/>- Monitor: 1 pcs (monitor HD de 24 polegadas)<br \/>- Componentes de controlo de precis\u00e3o: 1 conjunto (placa de controlo de movimento Googol, motor, etc.)<br \/>- Sala de Leitura e Partes de Movimento: 1 conjunto (Direitos Pr\u00f3prios)<br \/>- Software: 1 conjunto (direitos pr\u00f3prios)<\/p>\t\t\t\t\t\t\t\t<\/div>\n\t\t\t\t<\/div>\n\t\t<div id=\"e-n-tab-content-1073431822\" role=\"tabpanel\" aria-labelledby=\"e-n-tab-title-1073431822\" data-tab-index=\"2\" style=\"--n-tabs-title-order: 2;\" class=\"elementor-element elementor-element-b348fe1 e-con-full e-flex e-con e-child\" data-id=\"b348fe1\" data-element_type=\"container\" data-settings=\"{&quot;ekit_has_onepagescroll_dot&quot;:&quot;yes&quot;}\">\n\t\t\t\t<div class=\"elementor-element elementor-element-a2a5ab9 elementor-widget elementor-widget-video\" data-id=\"a2a5ab9\" data-element_type=\"widget\" data-settings=\"{&quot;youtube_url&quot;:&quot;https:\\\/\\\/www.youtube.com\\\/watch?v=WaNCJ-UYnao&quot;,&quot;video_type&quot;:&quot;youtube&quot;,&quot;controls&quot;:&quot;yes&quot;,&quot;ekit_we_effect_on&quot;:&quot;none&quot;}\" data-widget_type=\"video.default\">\n\t\t\t\t\t\t\t<div class=\"elementor-wrapper elementor-open-inline\">\n\t\t\t<div class=\"elementor-video\"><\/div>\t\t<\/div>\n\t\t\t\t\t\t<\/div>\n\t\t\t\t<\/div>\n\t\t\t\t\t<\/div>\n\t\t<\/div>\n\t\t\t\t\t\t<\/div>\n\t\t\t\t\t<\/div>\n\t\t\t\t<\/div>\n\t\t\t\t<\/div>","protected":false},"excerpt":{"rendered":"<p>O DEZ-X7600 \u00e9 um sistema de inspe\u00e7\u00e3o por raios X concebido para testes n\u00e3o destrutivos de componentes electr\u00f3nicos e PCBs. Oferece imagens de alta resolu\u00e7\u00e3o e capacidades de dete\u00e7\u00e3o precisas, tornando-o ideal para controlo de qualidade e an\u00e1lise de falhas.<\/p>","protected":false},"featured_media":19412,"template":"","meta":{"_lmt_disableupdate":"no","_lmt_disable":"","site-sidebar-layout":"default","site-content-layout":"","ast-site-content-layout":"default","site-content-style":"default","site-sidebar-style":"default","ast-global-header-display":"","ast-banner-title-visibility":"","ast-main-header-display":"","ast-hfb-above-header-display":"","ast-hfb-below-header-display":"","ast-hfb-mobile-header-display":"","site-post-title":"","ast-breadcrumbs-content":"","ast-featured-img":"","footer-sml-layout":"","ast-disable-related-posts":"","theme-transparent-header-meta":"default","adv-header-id-meta":"","stick-header-meta":"default","header-above-stick-meta":"","header-main-stick-meta":"","header-below-stick-meta":"","astra-migrate-meta-layouts":"set","ast-page-background-enabled":"default","ast-page-background-meta":{"desktop":{"background-color":"","background-image":"","background-repeat":"repeat","background-position":"center center","background-size":"auto","background-attachment":"scroll","background-type":"","background-media":"","overlay-type":"","overlay-color":"","overlay-opacity":"","overlay-gradient":""},"tablet":{"background-color":"","background-image":"","background-repeat":"repeat","background-position":"center center","background-size":"auto","background-attachment":"scroll","background-type":"","background-media":"","overlay-type":"","overlay-color":"","overlay-opacity":"","overlay-gradient":""},"mobile":{"background-color":"","background-image":"","background-repeat":"repeat","background-position":"center center","background-size":"auto","background-attachment":"scroll","background-type":"","background-media":"","overlay-type":"","overlay-color":"","overlay-opacity":"","overlay-gradient":""}},"ast-content-background-meta":{"desktop":{"background-color":"var(--ast-global-color-5)","background-image":"","background-repeat":"repeat","background-position":"center center","background-size":"auto","background-attachment":"scroll","background-type":"","background-media":"","overlay-type":"","overlay-color":"","overlay-opacity":"","overlay-gradient":""},"tablet":{"background-color":"var(--ast-global-color-5)","background-image":"","background-repeat":"repeat","background-position":"center center","background-size":"auto","background-attachment":"scroll","background-type":"","background-media":"","overlay-type":"","overlay-color":"","overlay-opacity":"","overlay-gradient":""},"mobile":{"background-color":"var(--ast-global-color-5)","background-image":"","background-repeat":"repeat","background-position":"center center","background-size":"auto","background-attachment":"scroll","background-type":"","background-media":"","overlay-type":"","overlay-color":"","overlay-opacity":"","overlay-gradient":""}}},"product_brand":[],"product_cat":[105],"product_tag":[],"class_list":{"0":"post-17812","1":"product","2":"type-product","3":"status-publish","4":"has-post-thumbnail","6":"product_cat-x-ray-inspection-system","7":"desktop-align-left","8":"tablet-align-left","9":"mobile-align-left","10":"ast-product-gallery-layout-horizontal-slider","11":"ast-product-tabs-layout-horizontal","13":"first","14":"instock","15":"shipping-taxable","16":"purchasable","17":"product-type-simple"},"_links":{"self":[{"href":"https:\/\/dezsmt.com\/pt\/wp-json\/wp\/v2\/product\/17812","targetHints":{"allow":["GET"]}}],"collection":[{"href":"https:\/\/dezsmt.com\/pt\/wp-json\/wp\/v2\/product"}],"about":[{"href":"https:\/\/dezsmt.com\/pt\/wp-json\/wp\/v2\/types\/product"}],"version-history":[{"count":1,"href":"https:\/\/dezsmt.com\/pt\/wp-json\/wp\/v2\/product\/17812\/revisions"}],"predecessor-version":[{"id":19403,"href":"https:\/\/dezsmt.com\/pt\/wp-json\/wp\/v2\/product\/17812\/revisions\/19403"}],"wp:featuredmedia":[{"embeddable":true,"href":"https:\/\/dezsmt.com\/pt\/wp-json\/wp\/v2\/media\/19412"}],"wp:attachment":[{"href":"https:\/\/dezsmt.com\/pt\/wp-json\/wp\/v2\/media?parent=17812"}],"wp:term":[{"taxonomy":"product_brand","embeddable":true,"href":"https:\/\/dezsmt.com\/pt\/wp-json\/wp\/v2\/product_brand?post=17812"},{"taxonomy":"product_cat","embeddable":true,"href":"https:\/\/dezsmt.com\/pt\/wp-json\/wp\/v2\/product_cat?post=17812"},{"taxonomy":"product_tag","embeddable":true,"href":"https:\/\/dezsmt.com\/pt\/wp-json\/wp\/v2\/product_tag?post=17812"}],"curies":[{"name":"wp","href":"https:\/\/api.w.org\/{rel}","templated":true}]}}