{"id":17804,"date":"2025-05-05T14:47:00","date_gmt":"2025-05-05T06:47:00","guid":{"rendered":"https:\/\/dezsmt.com\/product-center\/dez-c1650-dry-ice-cleaning-machine\/"},"modified":"2025-12-04T18:08:14","modified_gmt":"2025-12-04T10:08:14","slug":"dez-c1650-dry-ice-cleaning-machine","status":"publish","type":"product","link":"https:\/\/dezsmt.com\/pt\/product-center\/dez-c1650-dry-ice-cleaning-machine\/","title":{"rendered":"M\u00e1quina de limpeza com gelo seco DEZ-C1650"},"content":{"rendered":"<div data-elementor-type=\"product-post\" data-elementor-id=\"17804\" class=\"elementor elementor-17804\" data-elementor-post-type=\"product\">\n\t\t\t\t<div class=\"elementor-element elementor-element-4319cd57 e-flex e-con-boxed e-con e-parent\" data-id=\"4319cd57\" data-element_type=\"container\" data-settings=\"{&quot;ekit_has_onepagescroll_dot&quot;:&quot;yes&quot;}\">\n\t\t\t\t\t<div class=\"e-con-inner\">\n\t\t\t\t<div class=\"elementor-element elementor-element-7e022c7b e-n-tabs-mobile elementor-widget elementor-widget-n-tabs\" data-id=\"7e022c7b\" data-element_type=\"widget\" data-settings=\"{&quot;tabs_justify_horizontal&quot;:&quot;stretch&quot;,&quot;horizontal_scroll&quot;:&quot;disable&quot;,&quot;ekit_we_effect_on&quot;:&quot;none&quot;}\" data-widget_type=\"nested-tabs.default\">\n\t\t\t\t\t\t\t<div class=\"e-n-tabs\" data-widget-number=\"2114071675\" aria-label=\"Separadores. Abra itens com Enter ou Espa\u00e7o, feche com Escape e navegue utilizando as teclas de seta.\">\n\t\t\t<div class=\"e-n-tabs-heading\" role=\"tablist\">\n\t\t\t\t\t<button id=\"e-n-tab-title-21140716751\" data-tab-title-id=\"e-n-tab-title-21140716751\" class=\"e-n-tab-title\" aria-selected=\"true\" data-tab-index=\"1\" role=\"tab\" tabindex=\"0\" aria-controls=\"e-n-tab-content-21140716751\" style=\"--n-tabs-title-order: 1;\">\n\t\t\t\t\t\t<span class=\"e-n-tab-title-text\">\n\t\t\t\tVis\u00e3o geral\t\t\t<\/span>\n\t\t<\/button>\n\t\t\t\t<button id=\"e-n-tab-title-21140716752\" data-tab-title-id=\"e-n-tab-title-21140716752\" class=\"e-n-tab-title\" aria-selected=\"false\" data-tab-index=\"2\" role=\"tab\" tabindex=\"-1\" aria-controls=\"e-n-tab-content-21140716752\" style=\"--n-tabs-title-order: 2;\">\n\t\t\t\t\t\t<span class=\"e-n-tab-title-text\">\n\t\t\t\tCarater\u00edsticas\t\t\t<\/span>\n\t\t<\/button>\n\t\t\t\t<button id=\"e-n-tab-title-21140716753\" data-tab-title-id=\"e-n-tab-title-21140716753\" class=\"e-n-tab-title\" aria-selected=\"false\" data-tab-index=\"3\" role=\"tab\" tabindex=\"-1\" aria-controls=\"e-n-tab-content-21140716753\" style=\"--n-tabs-title-order: 3;\">\n\t\t\t\t\t\t<span class=\"e-n-tab-title-text\">\n\t\t\t\tV\u00eddeo\t\t\t<\/span>\n\t\t<\/button>\n\t\t\t\t\t<\/div>\n\t\t\t<div class=\"e-n-tabs-content\">\n\t\t\t\t<div id=\"e-n-tab-content-21140716751\" role=\"tabpanel\" aria-labelledby=\"e-n-tab-title-21140716751\" data-tab-index=\"1\" style=\"--n-tabs-title-order: 1;\" class=\"e-active elementor-element elementor-element-37ed79f4 e-flex e-con-boxed e-con e-child\" data-id=\"37ed79f4\" data-element_type=\"container\" data-settings=\"{&quot;ekit_has_onepagescroll_dot&quot;:&quot;yes&quot;}\">\n\t\t\t\t\t<div class=\"e-con-inner\">\n\t\t<div class=\"elementor-element elementor-element-13c92341 e-con-full e-flex e-con e-child\" data-id=\"13c92341\" data-element_type=\"container\" data-settings=\"{&quot;ekit_has_onepagescroll_dot&quot;:&quot;yes&quot;}\">\n\t\t\t\t<div class=\"elementor-element elementor-element-1cccabe9 elementor-widget elementor-widget-heading\" data-id=\"1cccabe9\" data-element_type=\"widget\" data-settings=\"{&quot;ekit_we_effect_on&quot;:&quot;none&quot;}\" data-widget_type=\"heading.default\">\n\t\t\t\t\t<h4 class=\"elementor-heading-title elementor-size-default\">1. Vis\u00e3o geral do produto<\/h4>\t\t\t\t<\/div>\n\t\t\t\t<div class=\"elementor-element elementor-element-3dff2109 elementor-widget elementor-widget-text-editor\" data-id=\"3dff2109\" data-element_type=\"widget\" data-settings=\"{&quot;ekit_we_effect_on&quot;:&quot;none&quot;}\" data-widget_type=\"text-editor.default\">\n\t\t\t\t\t\t\t\t\t<p>A m\u00e1quina de limpeza por gelo seco DezSmart DEZ-C1650 \u00e9 uma solu\u00e7\u00e3o de limpeza industrial revolucion\u00e1ria que redefine a efici\u00eancia, seguran\u00e7a e sustentabilidade. Utilizando gelo seco (di\u00f3xido de carbono s\u00f3lido, CO\u2082) como meio de limpeza, emprega um m\u00e9todo de descontamina\u00e7\u00e3o a seco que funciona diretamente nas linhas de produ\u00e7\u00e3o - sem necessidade de interromper as opera\u00e7\u00f5es ou desmontar o equipamento.<\/p><p>As part\u00edculas de gelo seco, com uma dureza de Mohs de apenas 2 (mais macias do que materiais como o cobre ou a calcite), asseguram uma limpeza n\u00e3o abrasiva, pr\u00e9serving as toler\u00e2ncias das m\u00e1quinas e evitando danos nos rolamentos ou superf\u00edcies. Ap\u00f3s a pulveriza\u00e7\u00e3o, o gelo seco sublima instantaneamente (transforma-se de s\u00f3lido em g\u00e1s), n\u00e3o deixando qualquer res\u00edduo e n\u00e3o gerando res\u00edduos secund\u00e1rios. Isto torna a DEZ-C1650 ideal para tarefas de limpeza sens\u00edveis ou de precis\u00e3o, combinando pot\u00eancia com suavidade para obter resultados superiores.<\/p>\t\t\t\t\t\t\t\t<\/div>\n\t\t\t\t<div class=\"elementor-element elementor-element-62934631 elementor-widget elementor-widget-heading\" data-id=\"62934631\" data-element_type=\"widget\" data-settings=\"{&quot;ekit_we_effect_on&quot;:&quot;none&quot;}\" data-widget_type=\"heading.default\">\n\t\t\t\t\t<h4 class=\"elementor-heading-title elementor-size-default\">2. \u00c2mbito de aplica\u00e7\u00e3o<\/h4>\t\t\t\t<\/div>\n\t\t\t\t<div class=\"elementor-element elementor-element-a645590 elementor-widget elementor-widget-image\" data-id=\"a645590\" data-element_type=\"widget\" data-settings=\"{&quot;ekit_we_effect_on&quot;:&quot;none&quot;}\" data-widget_type=\"image.default\">\n\t\t\t\t\t\t\t\t\t\t\t\t\t\t\t<img decoding=\"async\" width=\"1024\" height=\"576\" src=\"https:\/\/dezsmt.com\/wp-content\/uploads\/2025\/05\/\u5361\u5361\u622a\u56fe_2025-08-12-09_47_06.789-1024x576.png\" class=\"attachment-large size-large wp-image-18892\" alt=\"\" srcset=\"https:\/\/dezsmt.com\/wp-content\/uploads\/2025\/05\/\u5361\u5361\u622a\u56fe_2025-08-12-09_47_06.789-1024x576.png 1024w, https:\/\/dezsmt.com\/wp-content\/uploads\/2025\/05\/\u5361\u5361\u622a\u56fe_2025-08-12-09_47_06.789-300x169.png 300w, https:\/\/dezsmt.com\/wp-content\/uploads\/2025\/05\/\u5361\u5361\u622a\u56fe_2025-08-12-09_47_06.789-768x432.png 768w, https:\/\/dezsmt.com\/wp-content\/uploads\/2025\/05\/\u5361\u5361\u622a\u56fe_2025-08-12-09_47_06.789-18x10.png 18w, https:\/\/dezsmt.com\/wp-content\/uploads\/2025\/05\/\u5361\u5361\u622a\u56fe_2025-08-12-09_47_06.789-600x338.png 600w, https:\/\/dezsmt.com\/wp-content\/uploads\/2025\/05\/\u5361\u5361\u622a\u56fe_2025-08-12-09_47_06.789.png 1258w\" sizes=\"(max-width: 1024px) 100vw, 1024px\" title=\"\">\t\t\t\t\t\t\t\t\t\t\t\t\t\t\t<\/div>\n\t\t\t\t<div class=\"elementor-element elementor-element-600a8861 elementor-widget elementor-widget-text-editor\" data-id=\"600a8861\" data-element_type=\"widget\" data-settings=\"{&quot;ekit_we_effect_on&quot;:&quot;none&quot;}\" data-widget_type=\"text-editor.default\">\n\t\t\t\t\t\t\t\t\t<div class=\"auto-hide-last-sibling-br paragraph-JOTKXA paragraph-element br-paragraph-space\"><div class=\"auto-hide-last-sibling-br paragraph-JOTKXA paragraph-element br-paragraph-space\">O DEZ-C1650 \u00e9 vers\u00e1til em todas as ind\u00fastrias, lidando com diversos contaminantes em v\u00e1rios cen\u00e1rios:<\/div><p>\u00a0<\/p><ul class=\"auto-hide-last-sibling-br\"><li><strong>Ind\u00fastrias-chave<\/strong>: Fabrico de autom\u00f3veis, manuten\u00e7\u00e3o de moldes industriais, processamento petroqu\u00edmico, impress\u00e3o, produ\u00e7\u00e3o eletr\u00f3nica, ind\u00fastria nuclear e fabrico geral.<\/li><li><strong>Objectos de limpeza espec\u00edficos<\/strong>:<br \/><ul class=\"auto-hide-last-sibling-br\"><li>Moldes industriais (remo\u00e7\u00e3o de resina, agentes desmoldantes e detritos)<\/li><li>PCBA e componentes electr\u00f3nicos (fluxo, poeira e res\u00edduos de solda)<\/li><li>Pe\u00e7as autom\u00f3veis (moldes de pneus de motor e contaminantes de superf\u00edcies met\u00e1licas)<\/li><li>Dispositivos de soldadura por onda e rebarbas de pl\u00e1stico<\/li><li>Pe\u00e7as met\u00e1licas com manchas de \u00f3leo, fontes de alimenta\u00e7\u00e3o topo de gama e caldeiras<\/li><\/ul><\/li><\/ul><\/div>\t\t\t\t\t\t\t\t<\/div>\n\t\t\t\t<div class=\"elementor-element elementor-element-3b420e50 elementor-widget elementor-widget-heading\" data-id=\"3b420e50\" data-element_type=\"widget\" data-settings=\"{&quot;ekit_we_effect_on&quot;:&quot;none&quot;}\" data-widget_type=\"heading.default\">\n\t\t\t\t\t<h4 class=\"elementor-heading-title elementor-size-default\">3. Processo de trabalho<\/h4>\t\t\t\t<\/div>\n\t\t\t\t<div class=\"elementor-element elementor-element-fa3d3a3 elementor-widget elementor-widget-image\" data-id=\"fa3d3a3\" data-element_type=\"widget\" data-settings=\"{&quot;ekit_we_effect_on&quot;:&quot;none&quot;}\" data-widget_type=\"image.default\">\n\t\t\t\t\t\t\t\t\t\t\t\t\t\t\t<img decoding=\"async\" src=\"https:\/\/dezsmt.com\/wp-content\/uploads\/elementor\/thumbs\/\u539f\u7406-ra4ngz2hrdy4fq1awvrdxewgndvc44inrzj633ygso.jpg\" title=\"\u539f\u7406\" alt=\"\u539f\u7406\" loading=\"lazy\" \/>\t\t\t\t\t\t\t\t\t\t\t\t\t\t\t<\/div>\n\t\t\t\t<div class=\"elementor-element elementor-element-72197aff elementor-widget elementor-widget-text-editor\" data-id=\"72197aff\" data-element_type=\"widget\" data-settings=\"{&quot;ekit_we_effect_on&quot;:&quot;none&quot;}\" data-widget_type=\"text-editor.default\">\n\t\t\t\t\t\t\t\t\t<p>O DEZ-C1650 limpa atrav\u00e9s de tr\u00eas efeitos sin\u00e9rgicos, garantindo uma descontamina\u00e7\u00e3o completa:<\/p><ul><li>Impacto mec\u00e2nico: As part\u00edculas de gelo seco s\u00e3o projectadas a velocidades at\u00e9 150 m\/s a partir da pistola de limpeza, desalojando fisicamente os contaminantes da superf\u00edcie aquando do impacto.<\/li><li>Congelamento a baixa temperatura: A -78,5\u00b0C, o gelo seco congela instantaneamente e incrusta os poluentes (por exemplo, gordura, adesivos), tornando-os mais f\u00e1ceis de remover - especialmente eficaz em moldes quentes.<\/li><li>Explos\u00e3o de sublima\u00e7\u00e3o: Quando o gelo seco entra em contacto com a superf\u00edcie, sublima-se rapidamente, aumentando o seu volume 800 vezes. Esta expans\u00e3o explosiva cria uma micro onda de choque que afasta os contaminantes da superf\u00edcie, sem deixar vest\u00edgios.<\/li><\/ul><p>O processo \u00e9 ajust\u00e1vel: a press\u00e3o de pulveriza\u00e7\u00e3o (0,1~0,8Mpa) e a sa\u00edda de gelo seco (0,1-0,6KG\/min) podem ser afinadas para diferentes necessidades de limpeza, com a pulveriza\u00e7\u00e3o cont\u00ednua na mesma \u00e1rea limitada a 2 segundos para evitar quedas de temperatura superiores a 20\u00b0C.<\/p>\t\t\t\t\t\t\t\t<\/div>\n\t\t\t\t<div class=\"elementor-element elementor-element-73817b35 elementor-widget elementor-widget-heading\" data-id=\"73817b35\" data-element_type=\"widget\" data-settings=\"{&quot;ekit_we_effect_on&quot;:&quot;none&quot;}\" data-widget_type=\"heading.default\">\n\t\t\t\t\t<h4 class=\"elementor-heading-title elementor-size-default\">4. Vantagens do n\u00facleo<\/h4>\t\t\t\t<\/div>\n\t\t\t\t<div class=\"elementor-element elementor-element-3f9e38b3 elementor-widget elementor-widget-text-editor\" data-id=\"3f9e38b3\" data-element_type=\"widget\" data-settings=\"{&quot;ekit_we_effect_on&quot;:&quot;none&quot;}\" data-widget_type=\"text-editor.default\">\n\t\t\t\t\t\t\t\t\t<p>Em compara\u00e7\u00e3o com os m\u00e9todos de limpeza tradicionais, o DEZ-C1650 destaca-se com vantagens inigual\u00e1veis:<\/p><ul><li>Limpeza n\u00e3o destrutiva: A dureza de Mohs de 2 garante que n\u00e3o h\u00e1 abras\u00e3o ou danos nas superf\u00edcies, toler\u00e2ncias ou m\u00e1quinas - ao contr\u00e1rio da limpeza com jato de areia ou soda.<\/li><li>Zero res\u00edduos secund\u00e1rios: O gelo seco sublima-se em CO\u2082, n\u00e3o deixando res\u00edduos. N\u00e3o \u00e9 necess\u00e1ria a elimina\u00e7\u00e3o de \u00e1guas residuais ou detritos (ao contr\u00e1rio da \u00e1gua a alta press\u00e3o ou da limpeza qu\u00edmica).<\/li><li>Amigo do ambiente e seguro: Utiliza CO\u2082 n\u00e3o t\u00f3xico, cumprindo as normas USDA\/FDA\/EPA. Elimina a exposi\u00e7\u00e3o a produtos qu\u00edmicos nocivos (ao contr\u00e1rio da limpeza com solventes).<\/li><li>Processo seco: A aus\u00eancia de humidade significa que n\u00e3o h\u00e1 risco para a eletr\u00f3nica, os fios ou os interruptores. Reduz o crescimento bacteriano em ambientes de qualidade alimentar (ao contr\u00e1rio dos m\u00e9todos \u00e0 base de \u00e1gua).<\/li><li>Elevada efici\u00eancia: Permite a limpeza em linha, reduzindo o tempo de inatividade ao eliminar os passos de desmontagem, arrefecimento ou secagem (ao contr\u00e1rio dos m\u00e9todos manuais ou tradicionais).<\/li><li>Poupan\u00e7a de custos Apenas o compressor de ar consome energia; n\u00e3o h\u00e1 custos cont\u00ednuos de limpeza e elimina\u00e7\u00e3o do meio (o gelo seco sublima naturalmente).<\/li><li>Versatilidade: Os bicos intercambi\u00e1veis e os par\u00e2metros ajust\u00e1veis (press\u00e3o, sa\u00edda de gelo) adaptam-se a diversas tarefas, desde a eletr\u00f3nica delicada \u00e0 maquinaria pesada.<\/li><\/ul>\t\t\t\t\t\t\t\t<\/div>\n\t\t\t\t<div class=\"elementor-element elementor-element-3b477755 elementor-widget elementor-widget-heading\" data-id=\"3b477755\" data-element_type=\"widget\" data-settings=\"{&quot;ekit_we_effect_on&quot;:&quot;none&quot;}\" data-widget_type=\"heading.default\">\n\t\t\t\t\t<h4 class=\"elementor-heading-title elementor-size-default\">5. Estrutura do produto<\/h4>\t\t\t\t<\/div>\n\t\t\t\t<div class=\"elementor-element elementor-element-6e1a1363 elementor-widget elementor-widget-text-editor\" data-id=\"6e1a1363\" data-element_type=\"widget\" data-settings=\"{&quot;ekit_we_effect_on&quot;:&quot;none&quot;}\" data-widget_type=\"text-editor.default\">\n\t\t\t\t\t\t\t\t\t<p>O DEZ-C1650 foi concebido para durabilidade, controlo e compacidade:<\/p>\t\t\t\t\t\t\t\t<\/div>\n\t\t\t\t<div class=\"elementor-element elementor-element-1fab212e elementor-widget elementor-widget-text-editor\" data-id=\"1fab212e\" data-element_type=\"widget\" data-settings=\"{&quot;ekit_we_effect_on&quot;:&quot;none&quot;}\" data-widget_type=\"text-editor.default\">\n\t\t\t\t\t\t\t\t\t<p><strong>a. Par\u00e2metros-chave:<\/strong><\/p><ul class=\"auto-hide-last-sibling-br\"><li>Fonte de alimenta\u00e7\u00e3o: AC220V (50-60HZ)<\/li><li>Pot\u00eancia: 0,25KW (efici\u00eancia energ\u00e9tica)<\/li><li>Capacidade da tremonha: 5-10Kg (armazenamento de gelo seco)<\/li><li>Especifica\u00e7\u00e3o de gelo seco: 140<em>125<\/em>250mm (\u22485Kg por bloco)<\/li><li>Sa\u00edda de pulveriza\u00e7\u00e3o: 0,1-0,6KG\/min (ajust\u00e1vel)<\/li><li>Dimens\u00f5es: L590<em>W400<\/em>H515mm (design compacto para espa\u00e7os apertados)<\/li><li>Peso: 50KG<\/li><li>Press\u00e3o do ar: 0,1~0,8Mpa (ajust\u00e1vel para precis\u00e3o)<\/li><\/ul><div class=\"auto-hide-last-sibling-br paragraph-JOTKXA paragraph-element br-paragraph-space\"><strong>b.Carater\u00edsticas de controlo<\/strong>: Equipado com um painel user amig\u00e1vel para monitoramento de press\u00e3o em tempo real, ajuste de sa\u00edda de gelo e um motor sem escova para opera\u00e7\u00e3o est\u00e1vel. O tubo de gelo de baixa temperatura (1\/2\u2033) garante uma entrega eficiente de gelo seco.<\/div><p>\u00a0<\/p>\t\t\t\t\t\t\t\t<\/div>\n\t\t\t\t<\/div>\n\t\t\t\t<div class=\"elementor-element elementor-element-79162f64 elementor-widget elementor-widget-heading\" data-id=\"79162f64\" data-element_type=\"widget\" data-settings=\"{&quot;ekit_we_effect_on&quot;:&quot;none&quot;}\" data-widget_type=\"heading.default\">\n\t\t\t\t\t<h4 class=\"elementor-heading-title elementor-size-default\">6. caso de trabalho<\/h4>\t\t\t\t<\/div>\n\t\t\t\t<div class=\"elementor-element elementor-element-29493189 elementor-widget elementor-widget-text-editor\" data-id=\"29493189\" data-element_type=\"widget\" data-settings=\"{&quot;ekit_we_effect_on&quot;:&quot;none&quot;}\" data-widget_type=\"text-editor.default\">\n\t\t\t\t\t\t\t\t\t<div class=\"auto-hide-last-sibling-br paragraph-JOTKXA paragraph-element br-paragraph-space\">O DEZ-C1650 proporciona resultados vis\u00edveis em todas as aplica\u00e7\u00f5es:<\/div><ol class=\"auto-hide-last-sibling-br\"><li><strong>Limpeza de bolor<\/strong>: Um molde de inje\u00e7\u00e3o de pl\u00e1stico contaminado com res\u00edduos de resina foi limpo em 5 minutos. Ap\u00f3s a limpeza, a superf\u00edcie do molde ficou livre de incrusta\u00e7\u00f5es, reduzindo as taxas de defeitos nas produ\u00e7\u00f5es subsequentes.<\/li><li><strong>Limpeza de caldeiras<\/strong>: Uma caldeira industrial com dep\u00f3sitos de carbono foi tratada utilizando 0,4KG\/min de gelo seco a 0,6Mpa de press\u00e3o. Ap\u00f3s 8 minutos, os tubos da caldeira mostraram uma efici\u00eancia de transfer\u00eancia de calor restaurada, sem danos nas superf\u00edcies met\u00e1licas.<\/li><li><strong>Limpeza de PCBA<\/strong>: Os res\u00edduos de fluxo nas placas de circuitos electr\u00f3nicos foram removidos sem danificar os componentes - essencial para manter a condutividade e evitar curto-circuitos.<\/li><\/ol>\t\t\t\t\t\t\t\t<\/div>\n\t\t\t\t<div class=\"elementor-element elementor-element-60a6077 elementor-widget-divider--view-line elementor-widget elementor-widget-divider\" data-id=\"60a6077\" data-element_type=\"widget\" data-settings=\"{&quot;ekit_we_effect_on&quot;:&quot;none&quot;}\" data-widget_type=\"divider.default\">\n\t\t\t\t\t\t\t<div class=\"elementor-divider\">\n\t\t\t<span class=\"elementor-divider-separator\">\n\t\t\t\t\t\t<\/span>\n\t\t<\/div>\n\t\t\t\t\t\t<\/div>\n\t\t\t\t<div class=\"elementor-element elementor-element-6d5d3a2 elementor-widget elementor-widget-text-editor\" data-id=\"6d5d3a2\" data-element_type=\"widget\" data-settings=\"{&quot;ekit_we_effect_on&quot;:&quot;none&quot;}\" data-widget_type=\"text-editor.default\">\n\t\t\t\t\t\t\t\t\t<p>A m\u00e1quina de limpeza com gelo seco DezSmart DEZ-C1650 combina pot\u00eancia, seguran\u00e7a e sustentabilidade para resolver desafios de limpeza industrial. Quer necessite de limpar moldes sem desmontar, descontaminar componentes electr\u00f3nicos com seguran\u00e7a ou reduzir o tempo de inatividade nas linhas de produ\u00e7\u00e3o, esta m\u00e1quina proporciona uma efici\u00eancia e uma poupan\u00e7a de custos inigual\u00e1veis.<\/p><p>Pronto para atualizar o seu processo de limpeza? Visite <span style=\"color: #33cccc;\"><a style=\"color: #33cccc;\" href=\"https:\/\/dezsmt.com\/pt\/\">www.dezsmt.com<\/a><\/span> para saber mais ou solicitar uma demonstra\u00e7\u00e3o. Experimente hoje o futuro da limpeza industrial.<\/p>\t\t\t\t\t\t\t\t<\/div>\n\t\t\t\t\t<\/div>\n\t\t\t\t<\/div>\n\t\t<div id=\"e-n-tab-content-21140716752\" role=\"tabpanel\" aria-labelledby=\"e-n-tab-title-21140716752\" data-tab-index=\"2\" style=\"--n-tabs-title-order: 2;\" class=\"elementor-element elementor-element-436dde81 e-con-full e-flex e-con e-child\" data-id=\"436dde81\" data-element_type=\"container\" data-settings=\"{&quot;ekit_has_onepagescroll_dot&quot;:&quot;yes&quot;}\">\n\t\t\t\t<div class=\"elementor-element elementor-element-588090f6 elementor-widget elementor-widget-text-editor\" data-id=\"588090f6\" data-element_type=\"widget\" data-settings=\"{&quot;ekit_we_effect_on&quot;:&quot;none&quot;}\" data-widget_type=\"text-editor.default\">\n\t\t\t\t\t\t\t\t\t<p>\n<table id=\"tablepress-57\" class=\"tablepress tablepress-id-57\">\n<thead>\n<tr class=\"row-1\">\n\t<th class=\"column-1\">modelo<\/th><th class=\"column-2\">DEZ-C1650<\/th>\n<\/tr>\n<\/thead>\n<tbody class=\"row-striping row-hover\">\n<tr class=\"row-2\">\n\t<td class=\"column-1\">fonte de alimenta\u00e7\u00e3o<\/td><td class=\"column-2\">AC220V\uff0850-60HZ\uff09<\/td>\n<\/tr>\n<tr class=\"row-3\">\n\t<td class=\"column-1\">Pot\u00eancia<\/td><td class=\"column-2\">0,25KW<\/td>\n<\/tr>\n<tr class=\"row-4\">\n\t<td class=\"column-1\">Capacidade da tremonha<\/td><td class=\"column-2\">5-10Kg<\/td>\n<\/tr>\n<tr class=\"row-5\">\n\t<td class=\"column-1\">Capacidade de gelo seco<\/td><td class=\"column-2\">140*125*250MM (Cerca de 5Kg)<\/td>\n<\/tr>\n<tr class=\"row-6\">\n\t<td class=\"column-1\">Volume de pulveriza\u00e7\u00e3o de gelo seco<\/td><td class=\"column-2\">0,1-0,6KG\/min (ajust\u00e1vel)<\/td>\n<\/tr>\n<tr class=\"row-7\">\n\t<td class=\"column-1\">Tamanho\/peso da m\u00e1quina<\/td><td class=\"column-2\">L590*W400*H515\uff08mm\uff09\/50KG<\/td>\n<\/tr>\n<tr class=\"row-8\">\n\t<td class=\"column-1\">Tubo de geloGTL<\/td><td class=\"column-2\">1\/2 Gelo seco a baixa temperatura<\/td>\n<\/tr>\n<tr class=\"row-9\">\n\t<td class=\"column-1\">Caudal\/press\u00e3o do g\u00e1s<\/td><td class=\"column-2\">0.5-4.0\u00b3\/min \/0.1~0.8Mpa\uff08ajust\u00e1vel\uff09<\/td>\n<\/tr>\n<tr class=\"row-10\">\n\t<td class=\"column-1\">N\u00edvel de prote\u00e7\u00e3o contra a entrada<\/td><td class=\"column-2\">IP55<\/td>\n<\/tr>\n<\/tbody>\n<\/table>\n<!-- #tablepress-57 from cache --><\/p>\t\t\t\t\t\t\t\t<\/div>\n\t\t\t\t<\/div>\n\t\t<div id=\"e-n-tab-content-21140716753\" role=\"tabpanel\" aria-labelledby=\"e-n-tab-title-21140716753\" data-tab-index=\"3\" style=\"--n-tabs-title-order: 3;\" class=\"elementor-element elementor-element-793db18d e-con-full e-flex e-con e-child\" data-id=\"793db18d\" data-element_type=\"container\" data-settings=\"{&quot;ekit_has_onepagescroll_dot&quot;:&quot;yes&quot;}\">\n\t\t\t\t<div class=\"elementor-element elementor-element-28e6fa1e elementor-widget elementor-widget-video\" data-id=\"28e6fa1e\" data-element_type=\"widget\" data-settings=\"{&quot;youtube_url&quot;:&quot;https:\\\/\\\/www.youtube.com\\\/watch?v=C_T1_kKHfLQ&amp;t=63s&quot;,&quot;video_type&quot;:&quot;youtube&quot;,&quot;controls&quot;:&quot;yes&quot;,&quot;ekit_we_effect_on&quot;:&quot;none&quot;}\" data-widget_type=\"video.default\">\n\t\t\t\t\t\t\t<div class=\"elementor-wrapper elementor-open-inline\">\n\t\t\t<div class=\"elementor-video\"><\/div>\t\t<\/div>\n\t\t\t\t\t\t<\/div>\n\t\t\t\t<\/div>\n\t\t\t\t\t<\/div>\n\t\t<\/div>\n\t\t\t\t\t\t<\/div>\n\t\t\t\t\t<\/div>\n\t\t\t\t<\/div>\n\t\t\t\t<\/div>","protected":false},"excerpt":{"rendered":"<p>A DEZ-C7320 \u00e9 uma m\u00e1quina de limpeza com gelo seco em linha concebida para limpeza industrial. Oferece uma solu\u00e7\u00e3o de limpeza n\u00e3o abrasiva, n\u00e3o t\u00f3xica e amiga do ambiente, tornando-a ideal para v\u00e1rias ind\u00fastrias.<\/p>","protected":false},"featured_media":19379,"template":"","meta":{"_lmt_disableupdate":"no","_lmt_disable":"","site-sidebar-layout":"default","site-content-layout":"","ast-site-content-layout":"default","site-content-style":"default","site-sidebar-style":"default","ast-global-header-display":"","ast-banner-title-visibility":"","ast-main-header-display":"","ast-hfb-above-header-display":"","ast-hfb-below-header-display":"","ast-hfb-mobile-header-display":"","site-post-title":"","ast-breadcrumbs-content":"","ast-featured-img":"","footer-sml-layout":"","ast-disable-related-posts":"","theme-transparent-header-meta":"default","adv-header-id-meta":"","stick-header-meta":"default","header-above-stick-meta":"","header-main-stick-meta":"","header-below-stick-meta":"","astra-migrate-meta-layouts":"set","ast-page-background-enabled":"default","ast-page-background-meta":{"desktop":{"background-color":"","background-image":"","background-repeat":"repeat","background-position":"center center","background-size":"auto","background-attachment":"scroll","background-type":"","background-media":"","overlay-type":"","overlay-color":"","overlay-opacity":"","overlay-gradient":""},"tablet":{"background-color":"","background-image":"","background-repeat":"repeat","background-position":"center center","background-size":"auto","background-attachment":"scroll","background-type":"","background-media":"","overlay-type":"","overlay-color":"","overlay-opacity":"","overlay-gradient":""},"mobile":{"background-color":"","background-image":"","background-repeat":"repeat","background-position":"center center","background-size":"auto","background-attachment":"scroll","background-type":"","background-media":"","overlay-type":"","overlay-color":"","overlay-opacity":"","overlay-gradient":""}},"ast-content-background-meta":{"desktop":{"background-color":"var(--ast-global-color-5)","background-image":"","background-repeat":"repeat","background-position":"center center","background-size":"auto","background-attachment":"scroll","background-type":"","background-media":"","overlay-type":"","overlay-color":"","overlay-opacity":"","overlay-gradient":""},"tablet":{"background-color":"var(--ast-global-color-5)","background-image":"","background-repeat":"repeat","background-position":"center center","background-size":"auto","background-attachment":"scroll","background-type":"","background-media":"","overlay-type":"","overlay-color":"","overlay-opacity":"","overlay-gradient":""},"mobile":{"background-color":"var(--ast-global-color-5)","background-image":"","background-repeat":"repeat","background-position":"center center","background-size":"auto","background-attachment":"scroll","background-type":"","background-media":"","overlay-type":"","overlay-color":"","overlay-opacity":"","overlay-gradient":""}}},"product_brand":[],"product_cat":[109],"product_tag":[],"class_list":{"0":"post-17804","1":"product","2":"type-product","3":"status-publish","4":"has-post-thumbnail","6":"product_cat-dry-ice-cleaning-machine","7":"desktop-align-left","8":"tablet-align-left","9":"mobile-align-left","10":"ast-product-gallery-layout-horizontal-slider","11":"ast-product-tabs-layout-horizontal","13":"first","14":"instock","15":"shipping-taxable","16":"purchasable","17":"product-type-simple"},"_links":{"self":[{"href":"https:\/\/dezsmt.com\/pt\/wp-json\/wp\/v2\/product\/17804","targetHints":{"allow":["GET"]}}],"collection":[{"href":"https:\/\/dezsmt.com\/pt\/wp-json\/wp\/v2\/product"}],"about":[{"href":"https:\/\/dezsmt.com\/pt\/wp-json\/wp\/v2\/types\/product"}],"version-history":[{"count":4,"href":"https:\/\/dezsmt.com\/pt\/wp-json\/wp\/v2\/product\/17804\/revisions"}],"predecessor-version":[{"id":18906,"href":"https:\/\/dezsmt.com\/pt\/wp-json\/wp\/v2\/product\/17804\/revisions\/18906"}],"wp:featuredmedia":[{"embeddable":true,"href":"https:\/\/dezsmt.com\/pt\/wp-json\/wp\/v2\/media\/19379"}],"wp:attachment":[{"href":"https:\/\/dezsmt.com\/pt\/wp-json\/wp\/v2\/media?parent=17804"}],"wp:term":[{"taxonomy":"product_brand","embeddable":true,"href":"https:\/\/dezsmt.com\/pt\/wp-json\/wp\/v2\/product_brand?post=17804"},{"taxonomy":"product_cat","embeddable":true,"href":"https:\/\/dezsmt.com\/pt\/wp-json\/wp\/v2\/product_cat?post=17804"},{"taxonomy":"product_tag","embeddable":true,"href":"https:\/\/dezsmt.com\/pt\/wp-json\/wp\/v2\/product_tag?post=17804"}],"curies":[{"name":"wp","href":"https:\/\/api.w.org\/{rel}","templated":true}]}}