{"id":17803,"date":"2025-05-05T14:47:00","date_gmt":"2025-05-05T06:47:00","guid":{"rendered":"https:\/\/dezsmt.com\/product-center\/dez-cs300-integrated-deionized-water-system\/"},"modified":"2025-12-22T10:51:30","modified_gmt":"2025-12-22T02:51:30","slug":"dez-cs300-integrated-deionized-water-system","status":"publish","type":"product","link":"https:\/\/dezsmt.com\/pt\/product-center\/dez-cs300-integrated-deionized-water-system\/","title":{"rendered":"Sistema integrado de \u00e1gua desionizada DEZ-CS300"},"content":{"rendered":"<div data-elementor-type=\"product-post\" data-elementor-id=\"17803\" class=\"elementor elementor-17803\" data-elementor-post-type=\"product\">\n\t\t\t\t<div class=\"elementor-element elementor-element-7ab63100 e-flex e-con-boxed e-con e-parent\" data-id=\"7ab63100\" data-element_type=\"container\" data-e-type=\"container\" data-settings=\"{&quot;ekit_has_onepagescroll_dot&quot;:&quot;yes&quot;}\">\n\t\t\t\t\t<div class=\"e-con-inner\">\n\t\t\t\t<div class=\"elementor-element elementor-element-f32d776 e-n-tabs-mobile elementor-widget elementor-widget-n-tabs\" data-id=\"f32d776\" data-element_type=\"widget\" data-e-type=\"widget\" data-settings=\"{&quot;tabs_justify_horizontal&quot;:&quot;stretch&quot;,&quot;horizontal_scroll&quot;:&quot;disable&quot;,&quot;ekit_we_effect_on&quot;:&quot;none&quot;}\" data-widget_type=\"nested-tabs.default\">\n\t\t\t\t\t\t\t<div class=\"e-n-tabs\" data-widget-number=\"254990198\" aria-label=\"Separadores. Abra itens com Enter ou Espa\u00e7o, feche com Escape e navegue utilizando as teclas de seta.\">\n\t\t\t<div class=\"e-n-tabs-heading\" role=\"tablist\">\n\t\t\t\t\t<button id=\"e-n-tab-title-2549901981\" data-tab-title-id=\"e-n-tab-title-2549901981\" class=\"e-n-tab-title\" aria-selected=\"true\" data-tab-index=\"1\" role=\"tab\" tabindex=\"0\" aria-controls=\"e-n-tab-content-2549901981\" style=\"--n-tabs-title-order: 1;\">\n\t\t\t\t\t\t<span class=\"e-n-tab-title-text\">\n\t\t\t\tCarater\u00edsticas\t\t\t<\/span>\n\t\t<\/button>\n\t\t\t\t<button id=\"e-n-tab-title-2549901982\" data-tab-title-id=\"e-n-tab-title-2549901982\" class=\"e-n-tab-title\" aria-selected=\"false\" data-tab-index=\"2\" role=\"tab\" tabindex=\"-1\" aria-controls=\"e-n-tab-content-2549901982\" style=\"--n-tabs-title-order: 2;\">\n\t\t\t\t\t\t<span class=\"e-n-tab-title-text\">\n\t\t\t\tV\u00eddeo\t\t\t<\/span>\n\t\t<\/button>\n\t\t\t\t\t<\/div>\n\t\t\t<div class=\"e-n-tabs-content\">\n\t\t\t\t<div id=\"e-n-tab-content-2549901981\" role=\"tabpanel\" aria-labelledby=\"e-n-tab-title-2549901981\" data-tab-index=\"1\" style=\"--n-tabs-title-order: 1;\" class=\"e-active elementor-element elementor-element-67896d7 e-con-full e-flex e-con e-child\" data-id=\"67896d7\" data-element_type=\"container\" data-e-type=\"container\" data-settings=\"{&quot;ekit_has_onepagescroll_dot&quot;:&quot;yes&quot;}\">\n\t\t\t\t<div class=\"elementor-element elementor-element-6a660255 elementor-widget elementor-widget-text-editor\" data-id=\"6a660255\" data-element_type=\"widget\" data-e-type=\"widget\" data-settings=\"{&quot;ekit_we_effect_on&quot;:&quot;none&quot;}\" data-widget_type=\"text-editor.default\">\n\t\t\t\t\t\t\t\t\t<p><strong>Carater\u00edsticas principais<\/strong>:<br \/>Tecnologia avan\u00e7ada de combina\u00e7\u00e3o de osmose inversa\/MB.<br \/>Sistema de controlo totalmente autom\u00e1tico para uma qualidade de \u00e1gua est\u00e1vel.<br \/>Acess\u00f3rios de marca selecionada para um funcionamento fi\u00e1vel.<br \/>Design integrado totalmente fechado para uma pegada compacta.<br \/>Funcionamento energeticamente eficiente com baixo consumo de \u00e1gua.<br \/>Adequado para v\u00e1rias aplica\u00e7\u00f5es industriais que requerem \u00e1gua de elevada pureza.<\/p><p><strong>Ficha de dados t\u00e9cnicos<\/strong>:<br \/>- Sa\u00edda de \u00e1gua do sistema:<br \/>- Capacidade: 300kg\/h (com base na qualidade da \u00e1gua da torneira da cidade local com uma condutividade de entrada inferior a 500us\/cm)<br \/>- Requisitos de \u00e1gua bruta:<br \/>- Caudal: &gt;1,5t\/h<br \/>- Press\u00e3o: 0,3~0,4Mpa<br \/>- Taxa de recupera\u00e7\u00e3o de \u00e1gua:<br \/>- 45-50% (se a \u00e1gua pura for utilizada diretamente sem sistema de osmose inversa, a taxa de recupera\u00e7\u00e3o \u00e9 &gt;90%)<br \/>- Resistividade da \u00e1gua produzida:<br \/>- &gt;2-10M\u00a6\u00b8@, cm<br \/>- Dimens\u00f5es:<br \/>- 1100mm1100mm1600mm (comprimento * largura * altura)<br \/>- Peso l\u00edquido:<br \/>- 200 kg<br \/>- Fonte de alimenta\u00e7\u00e3o:<br \/>- 380V+10%, 50Hz<br \/>- Pot\u00eancia: 2,2kw<\/p>\t\t\t\t\t\t\t\t<\/div>\n\t\t\t\t<\/div>\n\t\t<div id=\"e-n-tab-content-2549901982\" role=\"tabpanel\" aria-labelledby=\"e-n-tab-title-2549901982\" data-tab-index=\"2\" style=\"--n-tabs-title-order: 2;\" class=\"elementor-element elementor-element-8ff103d e-con-full e-flex e-con e-child\" data-id=\"8ff103d\" data-element_type=\"container\" data-e-type=\"container\" data-settings=\"{&quot;ekit_has_onepagescroll_dot&quot;:&quot;yes&quot;}\">\n\t\t\t\t<div class=\"elementor-element elementor-element-c606c49 elementor-widget elementor-widget-video\" data-id=\"c606c49\" data-element_type=\"widget\" data-e-type=\"widget\" data-settings=\"{&quot;youtube_url&quot;:&quot;https:\\\/\\\/www.youtube.com\\\/watch?v=WaNCJ-UYnao&quot;,&quot;video_type&quot;:&quot;youtube&quot;,&quot;controls&quot;:&quot;yes&quot;,&quot;ekit_we_effect_on&quot;:&quot;none&quot;}\" data-widget_type=\"video.default\">\n\t\t\t\t\t\t\t<div class=\"elementor-wrapper elementor-open-inline\">\n\t\t\t<div class=\"elementor-video\"><\/div>\t\t<\/div>\n\t\t\t\t\t\t<\/div>\n\t\t\t\t<\/div>\n\t\t\t\t\t<\/div>\n\t\t<\/div>\n\t\t\t\t\t\t<\/div>\n\t\t\t\t\t<\/div>\n\t\t\t\t<\/div>\n\t\t\t\t<\/div>","protected":false},"excerpt":{"rendered":"<p>O DEZ-CS300 \u00e9 um sistema integrado de \u00e1gua desionizada concebido para fornecer \u00e1gua desionizada de alta qualidade para utiliza\u00e7\u00e3o industrial. Oferece um processo de produ\u00e7\u00e3o de \u00e1gua est\u00e1vel e eficiente, garantindo uma qualidade de \u00e1gua consistente.<\/p>","protected":false},"featured_media":17827,"template":"","meta":{"_lmt_disableupdate":"no","_lmt_disable":"","site-sidebar-layout":"default","site-content-layout":"","ast-site-content-layout":"default","site-content-style":"default","site-sidebar-style":"default","ast-global-header-display":"","ast-banner-title-visibility":"","ast-main-header-display":"","ast-hfb-above-header-display":"","ast-hfb-below-header-display":"","ast-hfb-mobile-header-display":"","site-post-title":"","ast-breadcrumbs-content":"","ast-featured-img":"","footer-sml-layout":"","ast-disable-related-posts":"","theme-transparent-header-meta":"default","adv-header-id-meta":"","stick-header-meta":"default","header-above-stick-meta":"","header-main-stick-meta":"","header-below-stick-meta":"","astra-migrate-meta-layouts":"set","ast-page-background-enabled":"default","ast-page-background-meta":{"desktop":{"background-color":"","background-image":"","background-repeat":"repeat","background-position":"center center","background-size":"auto","background-attachment":"scroll","background-type":"","background-media":"","overlay-type":"","overlay-color":"","overlay-opacity":"","overlay-gradient":""},"tablet":{"background-color":"","background-image":"","background-repeat":"repeat","background-position":"center center","background-size":"auto","background-attachment":"scroll","background-type":"","background-media":"","overlay-type":"","overlay-color":"","overlay-opacity":"","overlay-gradient":""},"mobile":{"background-color":"","background-image":"","background-repeat":"repeat","background-position":"center center","background-size":"auto","background-attachment":"scroll","background-type":"","background-media":"","overlay-type":"","overlay-color":"","overlay-opacity":"","overlay-gradient":""}},"ast-content-background-meta":{"desktop":{"background-color":"var(--ast-global-color-5)","background-image":"","background-repeat":"repeat","background-position":"center center","background-size":"auto","background-attachment":"scroll","background-type":"","background-media":"","overlay-type":"","overlay-color":"","overlay-opacity":"","overlay-gradient":""},"tablet":{"background-color":"var(--ast-global-color-5)","background-image":"","background-repeat":"repeat","background-position":"center center","background-size":"auto","background-attachment":"scroll","background-type":"","background-media":"","overlay-type":"","overlay-color":"","overlay-opacity":"","overlay-gradient":""},"mobile":{"background-color":"var(--ast-global-color-5)","background-image":"","background-repeat":"repeat","background-position":"center center","background-size":"auto","background-attachment":"scroll","background-type":"","background-media":"","overlay-type":"","overlay-color":"","overlay-opacity":"","overlay-gradient":""}}},"product_brand":[],"product_cat":[101],"product_tag":[],"class_list":{"0":"post-17803","1":"product","2":"type-product","3":"status-publish","4":"has-post-thumbnail","6":"product_cat-pcba-cleaning-machine","7":"desktop-align-left","8":"tablet-align-left","9":"mobile-align-left","10":"ast-product-gallery-layout-horizontal-slider","11":"ast-product-gallery-with-no-image","12":"ast-product-tabs-layout-horizontal","14":"first","15":"instock","16":"shipping-taxable","17":"purchasable","18":"product-type-simple"},"_links":{"self":[{"href":"https:\/\/dezsmt.com\/pt\/wp-json\/wp\/v2\/product\/17803","targetHints":{"allow":["GET"]}}],"collection":[{"href":"https:\/\/dezsmt.com\/pt\/wp-json\/wp\/v2\/product"}],"about":[{"href":"https:\/\/dezsmt.com\/pt\/wp-json\/wp\/v2\/types\/product"}],"version-history":[{"count":1,"href":"https:\/\/dezsmt.com\/pt\/wp-json\/wp\/v2\/product\/17803\/revisions"}],"predecessor-version":[{"id":19502,"href":"https:\/\/dezsmt.com\/pt\/wp-json\/wp\/v2\/product\/17803\/revisions\/19502"}],"wp:featuredmedia":[{"embeddable":true,"href":"https:\/\/dezsmt.com\/pt\/wp-json\/wp\/v2\/media\/17827"}],"wp:attachment":[{"href":"https:\/\/dezsmt.com\/pt\/wp-json\/wp\/v2\/media?parent=17803"}],"wp:term":[{"taxonomy":"product_brand","embeddable":true,"href":"https:\/\/dezsmt.com\/pt\/wp-json\/wp\/v2\/product_brand?post=17803"},{"taxonomy":"product_cat","embeddable":true,"href":"https:\/\/dezsmt.com\/pt\/wp-json\/wp\/v2\/product_cat?post=17803"},{"taxonomy":"product_tag","embeddable":true,"href":"https:\/\/dezsmt.com\/pt\/wp-json\/wp\/v2\/product_tag?post=17803"}],"curies":[{"name":"wp","href":"https:\/\/api.w.org\/{rel}","templated":true}]}}