{"id":17802,"date":"2025-05-05T14:47:00","date_gmt":"2025-05-05T06:47:00","guid":{"rendered":"https:\/\/dezsmt.com\/product-center\/dez-c9610-inline-pcba-water-based-cleaning-machine\/"},"modified":"2026-01-15T19:44:56","modified_gmt":"2026-01-15T11:44:56","slug":"dez-c9610-inline-pcba-water-based-cleaning-machine","status":"publish","type":"product","link":"https:\/\/dezsmt.com\/pt\/product-center\/dez-c9610-inline-pcba-water-based-cleaning-machine\/","title":{"rendered":"DEZ-C1360 M\u00e1quina de limpeza em linha para PCBA \u00e0 base de \u00e1gua"},"content":{"rendered":"<p><button id=\"e-n-tab-title-1751623251\" style=\"--n-tabs-title-order: 1;\" tabindex=\"0\" role=\"tab\" aria-selected=\"true\" data-tab-index=\"1\" aria-controls=\"e-n-tab-content-1751623251\"><br \/>\nCarater\u00edsticas<br \/>\n<\/button><br \/>\n<button id=\"e-n-tab-title-1751623252\" style=\"--n-tabs-title-order: 2;\" tabindex=\"-1\" role=\"tab\" aria-selected=\"false\" data-tab-index=\"2\" aria-controls=\"e-n-tab-content-1751623252\"><br \/>\nV\u00eddeo<br \/>\n<\/button><\/p>\n<p><strong>Carater\u00edsticas principais<\/strong>:<br \/>\nTr\u00eas sec\u00e7\u00f5es de processo: limpeza qu\u00edmica, enxaguamento com \u00e1gua pura e secagem com ar quente forte.<br \/>\nTapete transportador de largura total com velocidade ajust\u00e1vel.<br \/>\nCesto de transporte em malha de a\u00e7o inoxid\u00e1vel para maior durabilidade.<br \/>\nSistema de controlo por ecr\u00e3 t\u00e1til com interface intuitiva.<br \/>\nV\u00e1rios esquemas de ciclos para diferentes necessidades de limpeza.<br \/>\nBicos multidireccionais de lavagem r\u00e1pida para uma limpeza eficiente.<br \/>\nDep\u00f3sitos de \u00e1gua independentes para cada sec\u00e7\u00e3o de limpeza.<br \/>\nJanela de vidro com isolamento t\u00e9rmico de camada dupla para poupan\u00e7a de energia.<\/p>\n<p><strong>Ficha de dados t\u00e9cnicos<\/strong>:<br \/>\n- Modelo:DEZ-1360<\/p>\n<p>- Tamanho da m\u00e1quina: L3610 * W1600 * H1620mm<\/p>\n<p>- Pot\u00eancia:75kW<\/p>\n<p>- Peso: Aprox. 2000kg<\/p>\n<p>- Tamanho do produto de limpeza: 50-500mm, (personaliz\u00e1vel)<\/p>\n<p>-Espessura do produto: 0-500mm<\/p>\n<p>-Peso do produto:&lt;10kg<\/p>\n<p>-N\u00famero de zonas de secagem:Duas<\/p>\n<p>-M\u00e9todo de secagem: Secagem por ar quente<\/p>\n<p>-N\u00famero de facas de ar nas zonas de secagem: 4 para cima e 4 para baixo<\/p>\n<p>- Temperatura do solvente de limpeza qu\u00edmica: 25-75 \u2103<\/p>\n<p>-\u00c2ngulo da l\u00e2mina de ar: ajust\u00e1vel<\/p>\n<p>- Velocidade de transporte: 0mm-1000mm\/Min.~Max.<\/p>\n<p>- M\u00e9todo de controlo: Ecr\u00e3 t\u00e1til + controlo PLC<\/p>\n<p>- Material do corpo da m\u00e1quina: Material resistente \u00e0 corros\u00e3o PP importado<\/p>\n<p>-Material do dep\u00f3sito de produtos qu\u00edmicos para reciclagem: Material resistente \u00e0 corros\u00e3o PP importado<\/p>\n<p>-DI Tanque de \u00e1gua da sec\u00e7\u00e3o de enxaguamento Material: Material resistente \u00e0 corros\u00e3o PP importado<\/p>\n<p>- Material da correia de malha: A\u00e7o inoxid\u00e1vel SUS316<\/p>\n<p>- Alimenta\u00e7\u00e3o el\u00e9ctrica: AC 380V, trif\u00e1sico, 5 fios<\/p>\n<p>- Qualidade da \u00e1gua DI: &gt;15M\u03a9<\/p>\n<p>- Fluxo de \u00e1gua DI: 1m\u00b3\/h<\/p>\n<p>- Volume de ar: 1800 CFM<\/p>\n<p>- Ru\u00eddo: &lt; 70 dB<\/p>\n<p>-Largura do transportador: 500 mm<\/p>\n<p>-Ob1TP4Janela de ventila\u00e7\u00e3o\uff1aSim<\/p>\n<p>-Sistema autom\u00e1tico de alimenta\u00e7\u00e3o de l\u00edquidos: op\u00e7\u00e3o<\/p>\n<p>-Instala\u00e7\u00e3o do tubo: modo de jun\u00e7\u00e3o r\u00e1pida, substitui\u00e7\u00e3o f\u00e1cil<\/p>\n<p>&nbsp;<\/p>\n<div class=\"ast-oembed-container\" style=\"height: 100%;\"><iframe title=\"Dezsmart Factory tour F\u00e1brica de limpeza e soldadura Smt na China #factory #smt #ems #selectivesolder\" width=\"500\" height=\"281\" src=\"https:\/\/www.youtube.com\/embed\/WaNCJ-UYnao?feature=oembed\" frameborder=\"0\" allow=\"accelerometer; autoplay; clipboard-write; encrypted-media; gyroscope; picture-in-picture; web-share\" referrerpolicy=\"strict-origin-when-cross-origin\" allowfullscreen><\/iframe><\/div>","protected":false},"excerpt":{"rendered":"<p>A DEZ-C9610 \u00e9 uma m\u00e1quina de limpeza de PCBA em linha concebida para a limpeza de PCBAs. Oferece um processo de limpeza abrangente com v\u00e1rias fases, garantindo uma elevada limpeza e produtividade.<\/p>","protected":false},"featured_media":17828,"template":"","meta":{"_lmt_disableupdate":"no","_lmt_disable":"","site-sidebar-layout":"default","site-content-layout":"","ast-site-content-layout":"default","site-content-style":"default","site-sidebar-style":"default","ast-global-header-display":"","ast-banner-title-visibility":"","ast-main-header-display":"","ast-hfb-above-header-display":"","ast-hfb-below-header-display":"","ast-hfb-mobile-header-display":"","site-post-title":"","ast-breadcrumbs-content":"","ast-featured-img":"","footer-sml-layout":"","ast-disable-related-posts":"","theme-transparent-header-meta":"default","adv-header-id-meta":"","stick-header-meta":"default","header-above-stick-meta":"","header-main-stick-meta":"","header-below-stick-meta":"","astra-migrate-meta-layouts":"set","ast-page-background-enabled":"default","ast-page-background-meta":{"desktop":{"background-color":"","background-image":"","background-repeat":"repeat","background-position":"center center","background-size":"auto","background-attachment":"scroll","background-type":"","background-media":"","overlay-type":"","overlay-color":"","overlay-opacity":"","overlay-gradient":""},"tablet":{"background-color":"","background-image":"","background-repeat":"repeat","background-position":"center center","background-size":"auto","background-attachment":"scroll","background-type":"","background-media":"","overlay-type":"","overlay-color":"","overlay-opacity":"","overlay-gradient":""},"mobile":{"background-color":"","background-image":"","background-repeat":"repeat","background-position":"center center","background-size":"auto","background-attachment":"scroll","background-type":"","background-media":"","overlay-type":"","overlay-color":"","overlay-opacity":"","overlay-gradient":""}},"ast-content-background-meta":{"desktop":{"background-color":"var(--ast-global-color-5)","background-image":"","background-repeat":"repeat","background-position":"center center","background-size":"auto","background-attachment":"scroll","background-type":"","background-media":"","overlay-type":"","overlay-color":"","overlay-opacity":"","overlay-gradient":""},"tablet":{"background-color":"var(--ast-global-color-5)","background-image":"","background-repeat":"repeat","background-position":"center center","background-size":"auto","background-attachment":"scroll","background-type":"","background-media":"","overlay-type":"","overlay-color":"","overlay-opacity":"","overlay-gradient":""},"mobile":{"background-color":"var(--ast-global-color-5)","background-image":"","background-repeat":"repeat","background-position":"center center","background-size":"auto","background-attachment":"scroll","background-type":"","background-media":"","overlay-type":"","overlay-color":"","overlay-opacity":"","overlay-gradient":""}}},"product_brand":[],"product_cat":[101],"product_tag":[],"class_list":{"0":"post-17802","1":"product","2":"type-product","3":"status-publish","4":"has-post-thumbnail","6":"product_cat-pcba-cleaning-machine","7":"desktop-align-left","8":"tablet-align-left","9":"mobile-align-left","10":"ast-product-gallery-layout-horizontal-slider","11":"ast-product-gallery-with-no-image","12":"ast-product-tabs-layout-horizontal","14":"first","15":"instock","16":"shipping-taxable","17":"purchasable","18":"product-type-simple"},"_links":{"self":[{"href":"https:\/\/dezsmt.com\/pt\/wp-json\/wp\/v2\/product\/17802","targetHints":{"allow":["GET"]}}],"collection":[{"href":"https:\/\/dezsmt.com\/pt\/wp-json\/wp\/v2\/product"}],"about":[{"href":"https:\/\/dezsmt.com\/pt\/wp-json\/wp\/v2\/types\/product"}],"version-history":[{"count":4,"href":"https:\/\/dezsmt.com\/pt\/wp-json\/wp\/v2\/product\/17802\/revisions"}],"predecessor-version":[{"id":19623,"href":"https:\/\/dezsmt.com\/pt\/wp-json\/wp\/v2\/product\/17802\/revisions\/19623"}],"wp:featuredmedia":[{"embeddable":true,"href":"https:\/\/dezsmt.com\/pt\/wp-json\/wp\/v2\/media\/17828"}],"wp:attachment":[{"href":"https:\/\/dezsmt.com\/pt\/wp-json\/wp\/v2\/media?parent=17802"}],"wp:term":[{"taxonomy":"product_brand","embeddable":true,"href":"https:\/\/dezsmt.com\/pt\/wp-json\/wp\/v2\/product_brand?post=17802"},{"taxonomy":"product_cat","embeddable":true,"href":"https:\/\/dezsmt.com\/pt\/wp-json\/wp\/v2\/product_cat?post=17802"},{"taxonomy":"product_tag","embeddable":true,"href":"https:\/\/dezsmt.com\/pt\/wp-json\/wp\/v2\/product_tag?post=17802"}],"curies":[{"name":"wp","href":"https:\/\/api.w.org\/{rel}","templated":true}]}}