{"id":17797,"date":"2025-05-05T14:46:57","date_gmt":"2025-05-05T06:46:57","guid":{"rendered":"https:\/\/dezsmt.com\/product-center\/dez-c730-pneumatic-stencil-cleaning-machine\/"},"modified":"2025-12-04T17:27:55","modified_gmt":"2025-12-04T09:27:55","slug":"dez-c730-pneumatic-stencil-cleaning-machine","status":"publish","type":"product","link":"https:\/\/dezsmt.com\/pt\/product-center\/dez-c730-pneumatic-stencil-cleaning-machine\/","title":{"rendered":"DEZ-C730 M\u00e1quina pneum\u00e1tica de limpeza de est\u00eancil"},"content":{"rendered":"<div data-elementor-type=\"product-post\" data-elementor-id=\"17797\" class=\"elementor elementor-17797\" data-elementor-post-type=\"product\">\n\t\t\t\t<div class=\"elementor-element elementor-element-3448ddf3 e-flex e-con-boxed e-con e-parent\" data-id=\"3448ddf3\" data-element_type=\"container\" data-e-type=\"container\" data-settings=\"{&quot;ekit_has_onepagescroll_dot&quot;:&quot;yes&quot;}\">\n\t\t\t\t\t<div class=\"e-con-inner\">\n\t\t\t\t<div class=\"elementor-element elementor-element-3fe4981 e-n-tabs-mobile elementor-widget elementor-widget-n-tabs\" data-id=\"3fe4981\" data-element_type=\"widget\" data-e-type=\"widget\" data-settings=\"{&quot;tabs_justify_horizontal&quot;:&quot;stretch&quot;,&quot;horizontal_scroll&quot;:&quot;disable&quot;,&quot;ekit_we_effect_on&quot;:&quot;none&quot;}\" data-widget_type=\"nested-tabs.default\">\n\t\t\t\t\t\t\t<div class=\"e-n-tabs\" data-widget-number=\"66996609\" aria-label=\"Separadores. Abra itens com Enter ou Espa\u00e7o, feche com Escape e navegue utilizando as teclas de seta.\">\n\t\t\t<div class=\"e-n-tabs-heading\" role=\"tablist\">\n\t\t\t\t\t<button id=\"e-n-tab-title-669966091\" data-tab-title-id=\"e-n-tab-title-669966091\" class=\"e-n-tab-title\" aria-selected=\"true\" data-tab-index=\"1\" role=\"tab\" tabindex=\"0\" aria-controls=\"e-n-tab-content-669966091\" style=\"--n-tabs-title-order: 1;\">\n\t\t\t\t\t\t<span class=\"e-n-tab-title-text\">\n\t\t\t\tvis\u00e3o geral\t\t\t<\/span>\n\t\t<\/button>\n\t\t\t\t<button id=\"e-n-tab-title-669966092\" data-tab-title-id=\"e-n-tab-title-669966092\" class=\"e-n-tab-title\" aria-selected=\"false\" data-tab-index=\"2\" role=\"tab\" tabindex=\"-1\" aria-controls=\"e-n-tab-content-669966092\" style=\"--n-tabs-title-order: 2;\">\n\t\t\t\t\t\t<span class=\"e-n-tab-title-text\">\n\t\t\t\tCarater\u00edsticas\t\t\t<\/span>\n\t\t<\/button>\n\t\t\t\t<button id=\"e-n-tab-title-669966093\" data-tab-title-id=\"e-n-tab-title-669966093\" class=\"e-n-tab-title\" aria-selected=\"false\" data-tab-index=\"3\" role=\"tab\" tabindex=\"-1\" aria-controls=\"e-n-tab-content-669966093\" style=\"--n-tabs-title-order: 3;\">\n\t\t\t\t\t\t<span class=\"e-n-tab-title-text\">\n\t\t\t\tv\u00eddeo\t\t\t<\/span>\n\t\t<\/button>\n\t\t\t\t\t<\/div>\n\t\t\t<div class=\"e-n-tabs-content\">\n\t\t\t\t<div id=\"e-n-tab-content-669966091\" role=\"tabpanel\" aria-labelledby=\"e-n-tab-title-669966091\" data-tab-index=\"1\" style=\"--n-tabs-title-order: 1;\" class=\"e-active elementor-element elementor-element-0506d16 e-con-full e-flex e-con e-child\" data-id=\"0506d16\" data-element_type=\"container\" data-e-type=\"container\" data-settings=\"{&quot;ekit_has_onepagescroll_dot&quot;:&quot;yes&quot;}\">\n\t\t\t\t<div class=\"elementor-element elementor-element-dd77363 elementor-widget elementor-widget-heading\" data-id=\"dd77363\" data-element_type=\"widget\" data-e-type=\"widget\" data-settings=\"{&quot;ekit_we_effect_on&quot;:&quot;none&quot;}\" data-widget_type=\"heading.default\">\n\t\t\t\t\t<h4 class=\"elementor-heading-title elementor-size-default\">Principais vantagens:<\/h4>\t\t\t\t<\/div>\n\t\t\t\t<div class=\"elementor-element elementor-element-2e12587 elementor-widget elementor-widget-text-editor\" data-id=\"2e12587\" data-element_type=\"widget\" data-e-type=\"widget\" data-settings=\"{&quot;ekit_we_effect_on&quot;:&quot;none&quot;}\" data-widget_type=\"text-editor.default\">\n\t\t\t\t\t\t\t\t\t<ul><li>Excelente desempenho em termos de seguran\u00e7a: A sua pot\u00eancia depende apenas do ar comprimido, sem qualquer entrada de energia, eliminando os riscos de seguran\u00e7a causados pela utiliza\u00e7\u00e3o de eletricidade.<\/li><li>Elevada efici\u00eancia, prote\u00e7\u00e3o ambiental e economia: O l\u00edquido de limpeza pode ser reciclado, o que reduz consideravelmente o consumo e o custo do l\u00edquido, e reduz o contacto entre os operadores e os l\u00edquidos, reduzindo os danos para o corpo humano; o corpo totalmente em a\u00e7o inoxid\u00e1vel \u00e9 resistente ao desgaste e \u00e0 corros\u00e3o, e cumpre as normas de prote\u00e7\u00e3o ambiental.<\/li><li>Est\u00e1vel e dur\u00e1vel: Todos os componentes principais s\u00e3o de marcas importadas, assegurando um funcionamento est\u00e1vel e uma longa vida \u00fatil do equipamento, e reduzindo os custos p\u00f3s-venda ap\u00f3s o per\u00edodo de garantia.<\/li><li>F\u00e1cil de operar: Design humanizado, opera\u00e7\u00e3o com um bot\u00e3o pode completar todo o processo de limpeza e secagem, que \u00e9 simples e conveniente, pode garantir a consist\u00eancia do efeito de limpeza e melhorar a efici\u00eancia da produ\u00e7\u00e3o.<\/li><\/ul>\t\t\t\t\t\t\t\t<\/div>\n\t\t\t\t<div class=\"elementor-element elementor-element-81cc7b0 elementor-widget elementor-widget-heading\" data-id=\"81cc7b0\" data-element_type=\"widget\" data-e-type=\"widget\" data-settings=\"{&quot;ekit_we_effect_on&quot;:&quot;none&quot;}\" data-widget_type=\"heading.default\">\n\t\t\t\t\t<h4 class=\"elementor-heading-title elementor-size-default\">Fluxo de trabalho e fun\u00e7\u00f5es principais:<\/h4>\t\t\t\t<\/div>\n\t\t\t\t<div class=\"elementor-element elementor-element-56e9fc5 elementor-widget elementor-widget-text-editor\" data-id=\"56e9fc5\" data-element_type=\"widget\" data-e-type=\"widget\" data-settings=\"{&quot;ekit_we_effect_on&quot;:&quot;none&quot;}\" data-widget_type=\"text-editor.default\">\n\t\t\t\t\t\t\t\t\t<p>Fluxo de trabalho:<\/p><ul><li>O operador coloca manualmente o ecr\u00e3 a ser limpo na c\u00e2mara de limpeza para garantir que est\u00e1 bem colocado.<\/li><li>De acordo com o grau de contamina\u00e7\u00e3o e o material do ecr\u00e3, ajustar o tempo de limpeza (normalmente 2-8 minutos) e o tempo de secagem ao ar (normalmente 2-8 minutos) no equipamento.<\/li><li>Premir o interrutor de arranque, o equipamento fecha automaticamente a c\u00e2mara de limpeza e entra no estado de funcionamento totalmente autom\u00e1tico: em primeiro lugar, o ecr\u00e3 \u00e9 limpo de ambos os lados com alta press\u00e3o rodando o bocal e, em seguida, muda automaticamente para o modo de secagem ao ar ap\u00f3s a conclus\u00e3o da limpeza, e o ecr\u00e3 \u00e9 seco com ar comprimido.<\/li><li>Quando o tempo total de funcionamento definido \u00e9 atingido, o equipamento p\u00e1ra automaticamente de funcionar e avisa que a limpeza est\u00e1 conclu\u00edda.<\/li><li>O operador ativa a fun\u00e7\u00e3o de reposi\u00e7\u00e3o do tempo para avan\u00e7ar para o processo de limpeza seguinte. Todo o processo n\u00e3o necessita de interven\u00e7\u00e3o manual nos passos interm\u00e9dios.<\/li><\/ul><p>Fun\u00e7\u00f5es principais<\/p><ol><li>Limpeza autom\u00e1tica e secagem ao ar: Limpa automaticamente e seca ao ar a tela colocada na c\u00e2mara de limpeza para garantir um efeito de limpeza est\u00e1vel.<\/li><li>Reciclagem de l\u00edquidos de limpeza: Realizar a reciclagem do l\u00edquido de limpeza, reduzir o consumo e reduzir os custos.<\/li><li>Tratamento dos gases de escape: Os gases de escape gerados pela secagem ao ar s\u00e3o descarregados atrav\u00e9s do dispositivo de escape especial incorporadovice para reduzir a volatiliza\u00e7\u00e3o de l\u00edquidos, a emiss\u00e3o de odores e o consumo de ar comprimido.<\/li><li>Manuten\u00e7\u00e3o c\u00f3moda: O controlador modular substitu\u00edvel e o design de encaixe r\u00e1pido tornam a manuten\u00e7\u00e3o simples e c\u00f3moda.<\/li><\/ol>\t\t\t\t\t\t\t\t<\/div>\n\t\t\t\t<div class=\"elementor-element elementor-element-29eb0cd elementor-widget elementor-widget-heading\" data-id=\"29eb0cd\" data-element_type=\"widget\" data-e-type=\"widget\" data-settings=\"{&quot;ekit_we_effect_on&quot;:&quot;none&quot;}\" data-widget_type=\"heading.default\">\n\t\t\t\t\t<h4 class=\"elementor-heading-title elementor-size-default\">Estrutura do equipamento:<\/h4>\t\t\t\t<\/div>\n\t\t\t\t<div class=\"elementor-element elementor-element-2bc6ceb elementor-widget elementor-widget-heading\" data-id=\"2bc6ceb\" data-element_type=\"widget\" data-e-type=\"widget\" data-settings=\"{&quot;ekit_we_effect_on&quot;:&quot;none&quot;}\" data-widget_type=\"heading.default\">\n\t\t\t\t\t<h4 class=\"elementor-heading-title elementor-size-default\">1: Bocal de limpeza 360\u00b0 para todos os lados<\/h4>\t\t\t\t<\/div>\n\t\t\t\t<div class=\"elementor-element elementor-element-8f693dd elementor-widget elementor-widget-image\" data-id=\"8f693dd\" data-element_type=\"widget\" data-e-type=\"widget\" data-settings=\"{&quot;ekit_we_effect_on&quot;:&quot;none&quot;}\" data-widget_type=\"image.default\">\n\t\t\t\t\t\t\t\t\t\t\t\t\t\t\t<img decoding=\"async\" src=\"https:\/\/dezsmt.com\/wp-content\/uploads\/elementor\/thumbs\/\u4e3b\u56fe14-scaled-r8qn1iwiz99awkwrovwn8c7ngqqb4awyflvnimf540.jpg\" title=\"\u4e3b\u56fe14\" alt=\"\u4e3b\u56fe14\" loading=\"lazy\" \/>\t\t\t\t\t\t\t\t\t\t\t\t\t\t\t<\/div>\n\t\t\t\t<div class=\"elementor-element elementor-element-810894f elementor-widget elementor-widget-text-editor\" data-id=\"810894f\" data-element_type=\"widget\" data-e-type=\"widget\" data-settings=\"{&quot;ekit_we_effect_on&quot;:&quot;none&quot;}\" data-widget_type=\"text-editor.default\">\n\t\t\t\t\t\t\t\t\t<p>Equipado com um bocal de limpeza rotativo de dupla face isob\u00e1rico de alta densidade e 360 graus, a for\u00e7a do jato de alta press\u00e3o \u00e9 forte e pode remover completamente as impurezas residuais no ecr\u00e3; o processo de limpeza n\u00e3o danifica a tens\u00e3o do ecr\u00e3 e tem em conta tanto o efeito de limpeza como a prote\u00e7\u00e3o do ecr\u00e3.<\/p>\t\t\t\t\t\t\t\t<\/div>\n\t\t\t\t<div class=\"elementor-element elementor-element-f2852ad elementor-widget elementor-widget-heading\" data-id=\"f2852ad\" data-element_type=\"widget\" data-e-type=\"widget\" data-settings=\"{&quot;ekit_we_effect_on&quot;:&quot;none&quot;}\" data-widget_type=\"heading.default\">\n\t\t\t\t\t<h4 class=\"elementor-heading-title elementor-size-default\">2: Corpo totalmente em a\u00e7o inoxid\u00e1vel<\/h4>\t\t\t\t<\/div>\n\t\t\t\t<div class=\"elementor-element elementor-element-78f12f0 elementor-widget elementor-widget-image\" data-id=\"78f12f0\" data-element_type=\"widget\" data-e-type=\"widget\" data-settings=\"{&quot;ekit_we_effect_on&quot;:&quot;none&quot;}\" data-widget_type=\"image.default\">\n\t\t\t\t\t\t\t\t\t\t\t\t\t\t\t<img decoding=\"async\" src=\"https:\/\/dezsmt.com\/wp-content\/uploads\/elementor\/thumbs\/\u4e3b\u56fe12-scaled-r8qoeqqatymstjf3anseaf3j82575razj7lx57g1b4.jpg\" title=\"\u4e3b\u56fe12\" alt=\"\u4e3b\u56fe12\" loading=\"lazy\" \/>\t\t\t\t\t\t\t\t\t\t\t\t\t\t\t<\/div>\n\t\t\t\t<div class=\"elementor-element elementor-element-70a7a05 elementor-widget elementor-widget-text-editor\" data-id=\"70a7a05\" data-element_type=\"widget\" data-e-type=\"widget\" data-settings=\"{&quot;ekit_we_effect_on&quot;:&quot;none&quot;}\" data-widget_type=\"text-editor.default\">\n\t\t\t\t\t\t\t\t\t<p>O corpo \u00e9 feito de a\u00e7o inoxid\u00e1vel de alta qualidade, que n\u00e3o s\u00f3 tem um aspeto bonito e limpo, como tamb\u00e9m tem uma forte resist\u00eancia ao desgaste e \u00e0 corros\u00e3o. Pode adaptar-se \u00e0 imers\u00e3o prolongada no l\u00edquido de limpeza e \u00e0 eros\u00e3o do p\u00f3 no ambiente industrial, e cumpre as normas de prote\u00e7\u00e3o ambiental e os requisitos de higiene da ind\u00fastria.<\/p>\t\t\t\t\t\t\t\t<\/div>\n\t\t\t\t<div class=\"elementor-element elementor-element-580e779 elementor-widget elementor-widget-heading\" data-id=\"580e779\" data-element_type=\"widget\" data-e-type=\"widget\" data-settings=\"{&quot;ekit_we_effect_on&quot;:&quot;none&quot;}\" data-widget_type=\"heading.default\">\n\t\t\t\t\t<h4 class=\"elementor-heading-title elementor-size-default\">3: Estrutura de escape especial<\/h4>\t\t\t\t<\/div>\n\t\t\t\t<div class=\"elementor-element elementor-element-59323ee elementor-widget elementor-widget-text-editor\" data-id=\"59323ee\" data-element_type=\"widget\" data-e-type=\"widget\" data-settings=\"{&quot;ekit_we_effect_on&quot;:&quot;none&quot;}\" data-widget_type=\"text-editor.default\">\n\t\t\t\t\t\t\t\t\t<p>O equipamento est\u00e1 integrado com um tubo de escape especialmente concebido para o efeitovice. Ao descarregar os gases de escape secos ao ar, pode intercetar eficazmente algumas mol\u00e9culas l\u00edquidas vol\u00e1teis e reduzir a perda de l\u00edquido; ao mesmo tempo, o tubo de escape em forma de S estende o caminho de descarga dos gases de escape, reduz ainda mais a difus\u00e3o do odor l\u00edquido e melhora a qualidade do ar da oficina de opera\u00e7\u00e3o.<\/p>\t\t\t\t\t\t\t\t<\/div>\n\t\t\t\t<div class=\"elementor-element elementor-element-05bd869 elementor-widget elementor-widget-heading\" data-id=\"05bd869\" data-element_type=\"widget\" data-e-type=\"widget\" data-settings=\"{&quot;ekit_we_effect_on&quot;:&quot;none&quot;}\" data-widget_type=\"heading.default\">\n\t\t\t\t\t<h4 class=\"elementor-heading-title elementor-size-default\">4: Entrada de ar pela parede lateral e conce\u00e7\u00e3o da secagem do ar<\/h4>\t\t\t\t<\/div>\n\t\t\t\t<div class=\"elementor-element elementor-element-fdcdfed elementor-widget elementor-widget-text-editor\" data-id=\"fdcdfed\" data-element_type=\"widget\" data-e-type=\"widget\" data-settings=\"{&quot;ekit_we_effect_on&quot;:&quot;none&quot;}\" data-widget_type=\"text-editor.default\">\n\t\t\t\t\t\t\t\t\t<p>Atrav\u00e9s da entrada de ar direcional da parede lateral, o ar comprimido forma um fluxo de ar uniforme na sala de limpeza, acelera a evapora\u00e7\u00e3o do l\u00edquido na superf\u00edcie do ecr\u00e3, melhora a efici\u00eancia da secagem ao ar e assegura que o ecr\u00e3 pode atingir rapidamente o padr\u00e3o de secagem ap\u00f3s a limpeza, sem afetar a produ\u00e7\u00e3o e utiliza\u00e7\u00e3o subsequentes.<\/p>\t\t\t\t\t\t\t\t<\/div>\n\t\t\t\t<\/div>\n\t\t<div id=\"e-n-tab-content-669966092\" role=\"tabpanel\" aria-labelledby=\"e-n-tab-title-669966092\" data-tab-index=\"2\" style=\"--n-tabs-title-order: 2;\" class=\"elementor-element elementor-element-b210d29 e-con-full e-flex e-con e-child\" data-id=\"b210d29\" data-element_type=\"container\" data-e-type=\"container\" data-settings=\"{&quot;ekit_has_onepagescroll_dot&quot;:&quot;yes&quot;}\">\n\t\t\t\t<div class=\"elementor-element elementor-element-b0b6b28 elementor-widget elementor-widget-text-editor\" data-id=\"b0b6b28\" data-element_type=\"widget\" data-e-type=\"widget\" data-settings=\"{&quot;ekit_we_effect_on&quot;:&quot;none&quot;}\" data-widget_type=\"text-editor.default\">\n\t\t\t\t\t\t\t\t\t<p>\n<table id=\"tablepress-49\" class=\"tablepress tablepress-id-49\">\n<thead>\n<tr class=\"row-1\">\n\t<th class=\"column-1\">Tamanho da limpeza<\/th><th class=\"column-2\">750(L) \u00d7 750(W) \u00d7 40mm(H) \u3010Tamanho personalizado opcional\u3011<\/th>\n<\/tr>\n<\/thead>\n<tbody class=\"row-striping row-hover\">\n<tr class=\"row-2\">\n\t<td class=\"column-1\">Capacidade m\u00e1xima do dep\u00f3sito<\/td><td class=\"column-2\">40L(M\u00e1x.)<\/td>\n<\/tr>\n<tr class=\"row-3\">\n\t<td class=\"column-1\">Utiliza\u00e7\u00e3o \u00f3ptima dos l\u00edquidos<\/td><td class=\"column-2\">30L<\/td>\n<\/tr>\n<tr class=\"row-4\">\n\t<td class=\"column-1\">M\u00e9todo de limpeza<\/td><td class=\"column-2\">Rolo de pulveriza\u00e7\u00e3o isob\u00e1rico de dupla face com rota\u00e7\u00e3o de 360\u00b0, pulveriza\u00e7\u00e3o de alta press\u00e3o (limpeza por pulveriza\u00e7\u00e3o e secagem por ar comprimido)<\/td>\n<\/tr>\n<tr class=\"row-5\">\n\t<td class=\"column-1\">Tempo de limpeza<\/td><td class=\"column-2\">2~4 minutos (processo convencional)<\/td>\n<\/tr>\n<tr class=\"row-6\">\n\t<td class=\"column-1\">Tempo de secagem<\/td><td class=\"column-2\">2 a 5 minutos (processo convencional)<\/td>\n<\/tr>\n<tr class=\"row-7\">\n\t<td class=\"column-1\">Fonte de ar externa<\/td><td class=\"column-2\">0.45 \uff5e 0.6(Mpa)<\/td>\n<\/tr>\n<tr class=\"row-8\">\n\t<td class=\"column-1\">Ar comprimido<\/td><td class=\"column-2\">400\uff5e 600L\/Minutos<\/td>\n<\/tr>\n<tr class=\"row-9\">\n\t<td class=\"column-1\">Tamanho da porta de escape<\/td><td class=\"column-2\">\u03a6125\u00d725mm(H)<\/td>\n<\/tr>\n<tr class=\"row-10\">\n\t<td class=\"column-1\">sistema de filtragem<\/td><td class=\"column-2\">Primeira fase de filtragem em caixa de filtro: 1mm (filtra impurezas e etiquetas)<\/td>\n<\/tr>\n<tr class=\"row-11\">\n\t<td class=\"column-1\"><\/td><td class=\"column-2\">Filtragem secund\u00e1ria 5um, filtragem do elemento filtrante na terceira fase: 1um (impurezas de micro part\u00edculas)<\/td>\n<\/tr>\n<tr class=\"row-12\">\n\t<td class=\"column-1\">Peso l\u00edquido da m\u00e1quina<\/td><td class=\"column-2\">~200Kg<\/td>\n<\/tr>\n<tr class=\"row-13\">\n\t<td class=\"column-1\">Tamanho da m\u00e1quina<\/td><td class=\"column-2\">1000(C) \u00d7 710(L) \u00d7 1720mm(A)<\/td>\n<\/tr>\n<\/tbody>\n<\/table>\n<\/p>\t\t\t\t\t\t\t\t<\/div>\n\t\t\t\t<\/div>\n\t\t<div id=\"e-n-tab-content-669966093\" role=\"tabpanel\" aria-labelledby=\"e-n-tab-title-669966093\" data-tab-index=\"3\" style=\"--n-tabs-title-order: 3;\" class=\"elementor-element elementor-element-03c38e2 e-flex e-con-boxed e-con e-child\" data-id=\"03c38e2\" data-element_type=\"container\" data-e-type=\"container\" data-settings=\"{&quot;ekit_has_onepagescroll_dot&quot;:&quot;yes&quot;}\">\n\t\t\t\t\t<div class=\"e-con-inner\">\n\t\t\t\t<div class=\"elementor-element elementor-element-c31e93a elementor-widget elementor-widget-video\" data-id=\"c31e93a\" data-element_type=\"widget\" data-e-type=\"widget\" data-settings=\"{&quot;youtube_url&quot;:&quot;https:\\\/\\\/www.youtube.com\\\/watch?v=johqZGIG2c4&quot;,&quot;video_type&quot;:&quot;youtube&quot;,&quot;controls&quot;:&quot;yes&quot;,&quot;ekit_we_effect_on&quot;:&quot;none&quot;}\" data-widget_type=\"video.default\">\n\t\t\t\t\t\t\t<div class=\"elementor-wrapper elementor-open-inline\">\n\t\t\t<div class=\"elementor-video\"><\/div>\t\t<\/div>\n\t\t\t\t\t\t<\/div>\n\t\t\t\t\t<\/div>\n\t\t\t\t<\/div>\n\t\t\t\t\t<\/div>\n\t\t<\/div>\n\t\t\t\t\t\t<\/div>\n\t\t\t\t\t<\/div>\n\t\t\t\t<\/div>\n\t\t\t\t<\/div>","protected":false},"excerpt":{"rendered":"<p>A m\u00e1quina de limpeza pneum\u00e1tica de est\u00eancil DEZ-C730 \u00e9 um equipamento de limpeza totalmente pneum\u00e1tico de alto desempenho, alimentado por ar comprimido. Foi especialmente concebida para a limpeza de est\u00eanceis SMT, est\u00eanceis de cobre, est\u00eanceis de serigrafia, est\u00eanceis de borracha e outros ecr\u00e3s.<\/p>","protected":false},"featured_media":19370,"template":"","meta":{"_lmt_disableupdate":"no","_lmt_disable":"","site-sidebar-layout":"default","site-content-layout":"","ast-site-content-layout":"default","site-content-style":"default","site-sidebar-style":"default","ast-global-header-display":"","ast-banner-title-visibility":"","ast-main-header-display":"","ast-hfb-above-header-display":"","ast-hfb-below-header-display":"","ast-hfb-mobile-header-display":"","site-post-title":"","ast-breadcrumbs-content":"","ast-featured-img":"","footer-sml-layout":"","ast-disable-related-posts":"","theme-transparent-header-meta":"default","adv-header-id-meta":"","stick-header-meta":"default","header-above-stick-meta":"","header-main-stick-meta":"","header-below-stick-meta":"","astra-migrate-meta-layouts":"set","ast-page-background-enabled":"default","ast-page-background-meta":{"desktop":{"background-color":"","background-image":"","background-repeat":"repeat","background-position":"center center","background-size":"auto","background-attachment":"scroll","background-type":"","background-media":"","overlay-type":"","overlay-color":"","overlay-opacity":"","overlay-gradient":""},"tablet":{"background-color":"","background-image":"","background-repeat":"repeat","background-position":"center center","background-size":"auto","background-attachment":"scroll","background-type":"","background-media":"","overlay-type":"","overlay-color":"","overlay-opacity":"","overlay-gradient":""},"mobile":{"background-color":"","background-image":"","background-repeat":"repeat","background-position":"center center","background-size":"auto","background-attachment":"scroll","background-type":"","background-media":"","overlay-type":"","overlay-color":"","overlay-opacity":"","overlay-gradient":""}},"ast-content-background-meta":{"desktop":{"background-color":"var(--ast-global-color-5)","background-image":"","background-repeat":"repeat","background-position":"center center","background-size":"auto","background-attachment":"scroll","background-type":"","background-media":"","overlay-type":"","overlay-color":"","overlay-opacity":"","overlay-gradient":""},"tablet":{"background-color":"var(--ast-global-color-5)","background-image":"","background-repeat":"repeat","background-position":"center center","background-size":"auto","background-attachment":"scroll","background-type":"","background-media":"","overlay-type":"","overlay-color":"","overlay-opacity":"","overlay-gradient":""},"mobile":{"background-color":"var(--ast-global-color-5)","background-image":"","background-repeat":"repeat","background-position":"center center","background-size":"auto","background-attachment":"scroll","background-type":"","background-media":"","overlay-type":"","overlay-color":"","overlay-opacity":"","overlay-gradient":""}}},"product_brand":[],"product_cat":[102],"product_tag":[],"class_list":{"0":"post-17797","1":"product","2":"type-product","3":"status-publish","4":"has-post-thumbnail","6":"product_cat-stencil-cleaning-machine","7":"desktop-align-left","8":"tablet-align-left","9":"mobile-align-left","10":"ast-product-gallery-layout-horizontal-slider","11":"ast-product-tabs-layout-horizontal","13":"first","14":"instock","15":"shipping-taxable","16":"purchasable","17":"product-type-simple"},"_links":{"self":[{"href":"https:\/\/dezsmt.com\/pt\/wp-json\/wp\/v2\/product\/17797","targetHints":{"allow":["GET"]}}],"collection":[{"href":"https:\/\/dezsmt.com\/pt\/wp-json\/wp\/v2\/product"}],"about":[{"href":"https:\/\/dezsmt.com\/pt\/wp-json\/wp\/v2\/types\/product"}],"version-history":[{"count":11,"href":"https:\/\/dezsmt.com\/pt\/wp-json\/wp\/v2\/product\/17797\/revisions"}],"predecessor-version":[{"id":19374,"href":"https:\/\/dezsmt.com\/pt\/wp-json\/wp\/v2\/product\/17797\/revisions\/19374"}],"wp:featuredmedia":[{"embeddable":true,"href":"https:\/\/dezsmt.com\/pt\/wp-json\/wp\/v2\/media\/19370"}],"wp:attachment":[{"href":"https:\/\/dezsmt.com\/pt\/wp-json\/wp\/v2\/media?parent=17797"}],"wp:term":[{"taxonomy":"product_brand","embeddable":true,"href":"https:\/\/dezsmt.com\/pt\/wp-json\/wp\/v2\/product_brand?post=17797"},{"taxonomy":"product_cat","embeddable":true,"href":"https:\/\/dezsmt.com\/pt\/wp-json\/wp\/v2\/product_cat?post=17797"},{"taxonomy":"product_tag","embeddable":true,"href":"https:\/\/dezsmt.com\/pt\/wp-json\/wp\/v2\/product_tag?post=17797"}],"curies":[{"name":"wp","href":"https:\/\/api.w.org\/{rel}","templated":true}]}}