{"id":17792,"date":"2025-05-05T14:46:55","date_gmt":"2025-05-05T06:46:55","guid":{"rendered":"https:\/\/dezsmt.com\/product-center\/dez-c700-automatic-nozzle-cleaning-machine\/"},"modified":"2025-05-12T19:08:11","modified_gmt":"2025-05-12T11:08:11","slug":"dez-c700-automatic-nozzle-cleaning-machine","status":"publish","type":"product","link":"https:\/\/dezsmt.com\/pt\/product-center\/dez-c700-automatic-nozzle-cleaning-machine\/","title":{"rendered":"DEZ-C700 M\u00e1quina autom\u00e1tica de limpeza de bicos"},"content":{"rendered":"<div data-elementor-type=\"product-post\" data-elementor-id=\"17792\" class=\"elementor elementor-17792\" data-elementor-post-type=\"product\">\n\t\t\t\t<div class=\"elementor-element elementor-element-6868483d e-flex e-con-boxed e-con e-parent\" data-id=\"6868483d\" data-element_type=\"container\" data-e-type=\"container\" data-settings=\"{&quot;ekit_has_onepagescroll_dot&quot;:&quot;yes&quot;}\">\n\t\t\t\t\t<div class=\"e-con-inner\">\n\t\t\t\t<div class=\"elementor-element elementor-element-5b5fdb7 e-n-tabs-mobile elementor-widget elementor-widget-n-tabs\" data-id=\"5b5fdb7\" data-element_type=\"widget\" data-e-type=\"widget\" data-settings=\"{&quot;tabs_justify_horizontal&quot;:&quot;stretch&quot;,&quot;horizontal_scroll&quot;:&quot;disable&quot;,&quot;ekit_we_effect_on&quot;:&quot;none&quot;}\" data-widget_type=\"nested-tabs.default\">\n\t\t\t\t\t\t\t<div class=\"e-n-tabs\" data-widget-number=\"95813047\" aria-label=\"Separadores. Abra itens com Enter ou Espa\u00e7o, feche com Escape e navegue utilizando as teclas de seta.\">\n\t\t\t<div class=\"e-n-tabs-heading\" role=\"tablist\">\n\t\t\t\t\t<button id=\"e-n-tab-title-958130471\" data-tab-title-id=\"e-n-tab-title-958130471\" class=\"e-n-tab-title\" aria-selected=\"true\" data-tab-index=\"1\" role=\"tab\" tabindex=\"0\" aria-controls=\"e-n-tab-content-958130471\" style=\"--n-tabs-title-order: 1;\">\n\t\t\t\t\t\t<span class=\"e-n-tab-title-text\">\n\t\t\t\tCarater\u00edsticas\t\t\t<\/span>\n\t\t<\/button>\n\t\t\t\t<button id=\"e-n-tab-title-958130472\" data-tab-title-id=\"e-n-tab-title-958130472\" class=\"e-n-tab-title\" aria-selected=\"false\" data-tab-index=\"2\" role=\"tab\" tabindex=\"-1\" aria-controls=\"e-n-tab-content-958130472\" style=\"--n-tabs-title-order: 2;\">\n\t\t\t\t\t\t<span class=\"e-n-tab-title-text\">\n\t\t\t\tV\u00eddeo\t\t\t<\/span>\n\t\t<\/button>\n\t\t\t\t\t<\/div>\n\t\t\t<div class=\"e-n-tabs-content\">\n\t\t\t\t<div id=\"e-n-tab-content-958130471\" role=\"tabpanel\" aria-labelledby=\"e-n-tab-title-958130471\" data-tab-index=\"1\" style=\"--n-tabs-title-order: 1;\" class=\"e-active elementor-element elementor-element-7decb27 e-con-full e-flex e-con e-child\" data-id=\"7decb27\" data-element_type=\"container\" data-e-type=\"container\" data-settings=\"{&quot;ekit_has_onepagescroll_dot&quot;:&quot;yes&quot;}\">\n\t\t\t\t<div class=\"elementor-element elementor-element-65eb963 elementor-widget elementor-widget-text-editor\" data-id=\"65eb963\" data-element_type=\"widget\" data-e-type=\"widget\" data-settings=\"{&quot;ekit_we_effect_on&quot;:&quot;none&quot;}\" data-widget_type=\"text-editor.default\">\n\t\t\t\t\t\t\t\t\t<p><strong>Carater\u00edsticas principais<\/strong>:<br \/>Design aerodin\u00e2mico para um aspeto est\u00e9tico e facilidade de utiliza\u00e7\u00e3o.<br \/>Utiliza tr\u00eas bicos para limpar 30 bicos em sequ\u00eancia, aumentando a efici\u00eancia.<br \/>Janela de inspe\u00e7\u00e3o completa para facilitar a manuten\u00e7\u00e3o e o funcionamento.<br \/>Todas as pe\u00e7as em contacto com a \u00e1gua s\u00e3o feitas de a\u00e7o inoxid\u00e1vel 304 para maior durabilidade.<br \/>Design humanizado com arranque e paragem com um s\u00f3 toque.<br \/>Ecr\u00e3 t\u00e1til + controlo PLC para um desempenho est\u00e1vel.<br \/>Equipado com alarme de opera\u00e7\u00e3o falsa, trav\u00e3o de emerg\u00eancia e prote\u00e7\u00e3o contra sobrecarga.<br \/>Recolha centralizada de res\u00edduos para uma manuten\u00e7\u00e3o mais f\u00e1cil.<\/p><p><strong>Ficha de dados t\u00e9cnicos<\/strong>:<br \/>- Dimens\u00f5es:<br \/>- Tamanho (LWH): 520mm * 450mm * 620mm<br \/>- Requisitos de energia:<br \/>- Alimenta\u00e7\u00e3o el\u00e9ctrica: 220VAC 50\/60Hz<br \/>- Pot\u00eancia: 250W<br \/>- Pot\u00eancia total: 200W<br \/>- Press\u00e3o do ar: 0,5 - 0,6MPa<br \/>- Desempenho:<br \/>- Peso: Aproximadamente 40KG<br \/>- Fonte de ar: Ar comprimido puro<br \/>- Press\u00e3o de inje\u00e7\u00e3o: 0,4 MPa<br \/>- Consumo de ar: Inferior a 280NL\/min<br \/>- Tipo de l\u00edquido: \u00c1gua Industrial Purificada<br \/>- Consumo de l\u00edquido: 300cc\/hora<br \/>- Capacidade de armazenamento de l\u00edquidos: 800cc<br \/>- Liga\u00e7\u00f5es:<br \/>- Tubo de entrada: \u00a1\u00e98<br \/>- Tubo de drenagem: \u00a1\u00e96<br \/>- Especifica\u00e7\u00f5es do bocal:<br \/>- Tabuleiro de bicos: Fila \u00fanica predefinida de 3 bicos, 10 filas de 30 bicos<br \/>- Tamanhos de bocal de limpeza: 0402, 0201, 01005, 03015<\/p>\t\t\t\t\t\t\t\t<\/div>\n\t\t\t\t<\/div>\n\t\t<div id=\"e-n-tab-content-958130472\" role=\"tabpanel\" aria-labelledby=\"e-n-tab-title-958130472\" data-tab-index=\"2\" style=\"--n-tabs-title-order: 2;\" class=\"elementor-element elementor-element-f2d2cdc e-con-full e-flex e-con e-child\" data-id=\"f2d2cdc\" data-element_type=\"container\" data-e-type=\"container\" data-settings=\"{&quot;ekit_has_onepagescroll_dot&quot;:&quot;yes&quot;}\">\n\t\t\t\t<div class=\"elementor-element elementor-element-8a614c2 elementor-widget elementor-widget-video\" data-id=\"8a614c2\" data-element_type=\"widget\" data-e-type=\"widget\" data-settings=\"{&quot;youtube_url&quot;:&quot;https:\\\/\\\/www.youtube.com\\\/watch?v=WaNCJ-UYnao&quot;,&quot;video_type&quot;:&quot;youtube&quot;,&quot;controls&quot;:&quot;yes&quot;,&quot;ekit_we_effect_on&quot;:&quot;none&quot;}\" data-widget_type=\"video.default\">\n\t\t\t\t\t\t\t<div class=\"elementor-wrapper elementor-open-inline\">\n\t\t\t<div class=\"elementor-video\"><\/div>\t\t<\/div>\n\t\t\t\t\t\t<\/div>\n\t\t\t\t<\/div>\n\t\t\t\t\t<\/div>\n\t\t<\/div>\n\t\t\t\t\t\t<\/div>\n\t\t\t\t\t<\/div>\n\t\t\t\t<\/div>\n\t\t\t\t<\/div>","protected":false},"excerpt":{"rendered":"<p>A DEZ-C700 \u00e9 uma m\u00e1quina de limpeza autom\u00e1tica de bicos eficiente e economizadora de energia, concebida para limpar 30 bicos em sequ\u00eancia. Oferece alta efici\u00eancia, f\u00e1cil manuten\u00e7\u00e3o e constru\u00e7\u00e3o \u00e0 prova de ferrugem, tornando-a ideal para linhas de produ\u00e7\u00e3o SMT.<\/p>","protected":false},"featured_media":17842,"template":"","meta":{"_lmt_disableupdate":"no","_lmt_disable":"","site-sidebar-layout":"default","site-content-layout":"","ast-site-content-layout":"default","site-content-style":"default","site-sidebar-style":"default","ast-global-header-display":"","ast-banner-title-visibility":"","ast-main-header-display":"","ast-hfb-above-header-display":"","ast-hfb-below-header-display":"","ast-hfb-mobile-header-display":"","site-post-title":"","ast-breadcrumbs-content":"","ast-featured-img":"","footer-sml-layout":"","ast-disable-related-posts":"","theme-transparent-header-meta":"default","adv-header-id-meta":"","stick-header-meta":"default","header-above-stick-meta":"","header-main-stick-meta":"","header-below-stick-meta":"","astra-migrate-meta-layouts":"set","ast-page-background-enabled":"default","ast-page-background-meta":{"desktop":{"background-color":"","background-image":"","background-repeat":"repeat","background-position":"center center","background-size":"auto","background-attachment":"scroll","background-type":"","background-media":"","overlay-type":"","overlay-color":"","overlay-opacity":"","overlay-gradient":""},"tablet":{"background-color":"","background-image":"","background-repeat":"repeat","background-position":"center center","background-size":"auto","background-attachment":"scroll","background-type":"","background-media":"","overlay-type":"","overlay-color":"","overlay-opacity":"","overlay-gradient":""},"mobile":{"background-color":"","background-image":"","background-repeat":"repeat","background-position":"center center","background-size":"auto","background-attachment":"scroll","background-type":"","background-media":"","overlay-type":"","overlay-color":"","overlay-opacity":"","overlay-gradient":""}},"ast-content-background-meta":{"desktop":{"background-color":"var(--ast-global-color-5)","background-image":"","background-repeat":"repeat","background-position":"center center","background-size":"auto","background-attachment":"scroll","background-type":"","background-media":"","overlay-type":"","overlay-color":"","overlay-opacity":"","overlay-gradient":""},"tablet":{"background-color":"var(--ast-global-color-5)","background-image":"","background-repeat":"repeat","background-position":"center center","background-size":"auto","background-attachment":"scroll","background-type":"","background-media":"","overlay-type":"","overlay-color":"","overlay-opacity":"","overlay-gradient":""},"mobile":{"background-color":"var(--ast-global-color-5)","background-image":"","background-repeat":"repeat","background-position":"center center","background-size":"auto","background-attachment":"scroll","background-type":"","background-media":"","overlay-type":"","overlay-color":"","overlay-opacity":"","overlay-gradient":""}}},"product_brand":[],"product_cat":[103],"product_tag":[],"class_list":{"0":"post-17792","1":"product","2":"type-product","3":"status-publish","4":"has-post-thumbnail","6":"product_cat-nozzle-cleaning-machine","7":"desktop-align-left","8":"tablet-align-left","9":"mobile-align-left","10":"ast-product-gallery-layout-horizontal-slider","11":"ast-product-gallery-with-no-image","12":"ast-product-tabs-layout-horizontal","14":"first","15":"instock","16":"shipping-taxable","17":"purchasable","18":"product-type-simple"},"_links":{"self":[{"href":"https:\/\/dezsmt.com\/pt\/wp-json\/wp\/v2\/product\/17792","targetHints":{"allow":["GET"]}}],"collection":[{"href":"https:\/\/dezsmt.com\/pt\/wp-json\/wp\/v2\/product"}],"about":[{"href":"https:\/\/dezsmt.com\/pt\/wp-json\/wp\/v2\/types\/product"}],"version-history":[{"count":0,"href":"https:\/\/dezsmt.com\/pt\/wp-json\/wp\/v2\/product\/17792\/revisions"}],"wp:featuredmedia":[{"embeddable":true,"href":"https:\/\/dezsmt.com\/pt\/wp-json\/wp\/v2\/media\/17842"}],"wp:attachment":[{"href":"https:\/\/dezsmt.com\/pt\/wp-json\/wp\/v2\/media?parent=17792"}],"wp:term":[{"taxonomy":"product_brand","embeddable":true,"href":"https:\/\/dezsmt.com\/pt\/wp-json\/wp\/v2\/product_brand?post=17792"},{"taxonomy":"product_cat","embeddable":true,"href":"https:\/\/dezsmt.com\/pt\/wp-json\/wp\/v2\/product_cat?post=17792"},{"taxonomy":"product_tag","embeddable":true,"href":"https:\/\/dezsmt.com\/pt\/wp-json\/wp\/v2\/product_tag?post=17792"}],"curies":[{"name":"wp","href":"https:\/\/api.w.org\/{rel}","templated":true}]}}