{"id":4139,"date":"2022-01-06T09:58:20","date_gmt":"2022-01-06T09:58:20","guid":{"rendered":"https:\/\/leadrp.net\/?page_id=4139"},"modified":"2025-08-15T14:34:26","modified_gmt":"2025-08-15T06:34:26","slug":"blog","status":"publish","type":"page","link":"https:\/\/dezsmt.com\/pt\/blog\/","title":{"rendered":"Blogue"},"content":{"rendered":"<div data-elementor-type=\"wp-page\" data-elementor-id=\"4139\" class=\"elementor elementor-4139\" data-elementor-post-type=\"page\">\n\t\t\t\t<div class=\"elementor-element elementor-element-73a7e0b e-flex e-con-boxed e-con e-parent\" data-id=\"73a7e0b\" data-element_type=\"container\" data-settings=\"{&quot;background_background&quot;:&quot;classic&quot;,&quot;ekit_has_onepagescroll_dot&quot;:&quot;yes&quot;}\">\n\t\t\t\t\t<div class=\"e-con-inner\">\n\t\t<div class=\"elementor-element elementor-element-ed80382 e-con-full e-flex e-con e-child\" data-id=\"ed80382\" data-element_type=\"container\" data-settings=\"{&quot;ekit_has_onepagescroll_dot&quot;:&quot;yes&quot;}\">\n\t\t\t\t<div class=\"elementor-element elementor-element-e0470cf elementor-widget elementor-widget-heading\" data-id=\"e0470cf\" data-element_type=\"widget\" data-settings=\"{&quot;ekit_we_effect_on&quot;:&quot;none&quot;}\" data-widget_type=\"heading.default\">\n\t\t\t\t\t<h1 class=\"elementor-heading-title elementor-size-default\">O nosso blogue<\/h1>\t\t\t\t<\/div>\n\t\t\t\t<div class=\"elementor-element elementor-element-a00dff5 elementor-widget elementor-widget-text-editor\" data-id=\"a00dff5\" data-element_type=\"widget\" data-settings=\"{&quot;ekit_we_effect_on&quot;:&quot;none&quot;}\" data-widget_type=\"text-editor.default\">\n\t\t\t\t\t\t\t\t\t<p>Obtenha respostas diretas, dicas \u00fateis e explica\u00e7\u00f5es claras sobre a tecnologia de montagem de PCB e muito mais no nosso blogue.<\/p>\t\t\t\t\t\t\t\t<\/div>\n\t\t\t\t<\/div>\n\t\t\t\t\t<\/div>\n\t\t\t\t<\/div>\n\t\t\t\t<section class=\"elementor-section elementor-top-section elementor-element elementor-element-v663ux6 elementor-section-boxed elementor-section-height-default elementor-section-height-default\" data-id=\"v663ux6\" data-element_type=\"section\" data-settings=\"{&quot;background_background&quot;:&quot;gradient&quot;,&quot;ekit_has_onepagescroll_dot&quot;:&quot;yes&quot;}\">\n\t\t\t\t\t\t<div class=\"elementor-container elementor-column-gap-no\">\n\t\t\t\t\t<div class=\"elementor-column elementor-col-100 elementor-top-column elementor-element elementor-element-e570ee8\" data-id=\"e570ee8\" data-element_type=\"column\">\n\t\t\t<div class=\"elementor-widget-wrap elementor-element-populated\">\n\t\t\t\t\t\t<div class=\"elementor-element elementor-element-b2a4a8c elementor-grid-3 elementor-grid-tablet-2 elementor-grid-mobile-1 elementor-posts--thumbnail-top elementor-widget elementor-widget-posts\" data-id=\"b2a4a8c\" data-element_type=\"widget\" data-settings=\"{&quot;pagination_type&quot;:&quot;numbers_and_prev_next&quot;,&quot;classic_columns&quot;:&quot;3&quot;,&quot;classic_columns_tablet&quot;:&quot;2&quot;,&quot;classic_columns_mobile&quot;:&quot;1&quot;,&quot;classic_row_gap&quot;:{&quot;unit&quot;:&quot;px&quot;,&quot;size&quot;:35,&quot;sizes&quot;:[]},&quot;classic_row_gap_tablet&quot;:{&quot;unit&quot;:&quot;px&quot;,&quot;size&quot;:&quot;&quot;,&quot;sizes&quot;:[]},&quot;classic_row_gap_mobile&quot;:{&quot;unit&quot;:&quot;px&quot;,&quot;size&quot;:&quot;&quot;,&quot;sizes&quot;:[]},&quot;ekit_we_effect_on&quot;:&quot;none&quot;}\" data-widget_type=\"posts.classic\">\n\t\t\t\t<div class=\"elementor-widget-container\">\n\t\t\t\t\t\t\t<div class=\"elementor-posts-container elementor-posts elementor-posts--skin-classic elementor-grid\" role=\"list\">\n\t\t\t\t<article class=\"elementor-post elementor-grid-item post-19764 post type-post status-publish format-standard has-post-thumbnail hentry category-pcb-cleaning\" role=\"listitem\">\n\t\t\t\t<a class=\"elementor-post__thumbnail__link\" href=\"https:\/\/dezsmt.com\/pt\/how-to-achieve-perfect-soldering-on-complex-pcb-assemblies\/\" tabindex=\"-1\">\n\t\t\t<div class=\"elementor-post__thumbnail\"><img decoding=\"async\" width=\"768\" height=\"512\" src=\"https:\/\/dezsmt.com\/wp-content\/uploads\/2025\/05\/Dez-Smart-turnable-selective-soldering-machine-H3500A-768x512.webp\" class=\"attachment-medium_large size-medium_large wp-image-17824\" alt=\"\" title=\"\" srcset=\"https:\/\/dezsmt.com\/wp-content\/uploads\/2025\/05\/Dez-Smart-turnable-selective-soldering-machine-H3500A-768x512.webp 768w, https:\/\/dezsmt.com\/wp-content\/uploads\/2025\/05\/Dez-Smart-turnable-selective-soldering-machine-H3500A-300x200.webp 300w, https:\/\/dezsmt.com\/wp-content\/uploads\/2025\/05\/Dez-Smart-turnable-selective-soldering-machine-H3500A-600x400.webp 600w, https:\/\/dezsmt.com\/wp-content\/uploads\/2025\/05\/Dez-Smart-turnable-selective-soldering-machine-H3500A-1024x683.webp 1024w, https:\/\/dezsmt.com\/wp-content\/uploads\/2025\/05\/Dez-Smart-turnable-selective-soldering-machine-H3500A-18x12.webp 18w, https:\/\/dezsmt.com\/wp-content\/uploads\/2025\/05\/Dez-Smart-turnable-selective-soldering-machine-H3500A.webp 1200w\" sizes=\"(max-width: 768px) 100vw, 768px\" \/><\/div>\n\t\t<\/a>\n\t\t\t\t<div class=\"elementor-post__text\">\n\t\t\t\t<h3 class=\"elementor-post__title\">\n\t\t\t<a href=\"https:\/\/dezsmt.com\/pt\/how-to-achieve-perfect-soldering-on-complex-pcb-assemblies\/\">\n\t\t\t\tComo conseguir uma soldadura perfeita em conjuntos complexos de PCB\t\t\t<\/a>\n\t\t<\/h3>\n\t\t\t\t<div class=\"elementor-post__excerpt\">\n\t\t\t<p>1. Desafios da ind\u00fastria No fabrico moderno de produtos electr\u00f3nicos, as montagens de PCB est\u00e3o a tornar-se cada vez mais complexas, com uma mistura de componentes SMT e de furos passantes em placas de alta densidade. Os processos tradicionais de soldadura por onda enfrentam v\u00e1rios desafios cr\u00edticos: - Tens\u00e3o t\u00e9rmica excessiva<\/p>\n\t\t<\/div>\n\t\t\t\t\t<div class=\"elementor-post__read-more-wrapper\">\n\t\t\n\t\t<a class=\"elementor-post__read-more\" href=\"https:\/\/dezsmt.com\/pt\/how-to-achieve-perfect-soldering-on-complex-pcb-assemblies\/\" aria-label=\"Read more about How to Achieve Perfect Soldering on Complex PCB Assemblies\" tabindex=\"-1\">\n\t\t\tLer mais \"\t\t<\/a>\n\n\t\t\t\t\t<\/div>\n\t\t\t\t<\/div>\n\t\t\t\t<\/article>\n\t\t\t\t<article class=\"elementor-post elementor-grid-item post-19755 post type-post status-publish format-standard has-post-thumbnail hentry category-pcb-cleaning\" role=\"listitem\">\n\t\t\t\t<a class=\"elementor-post__thumbnail__link\" href=\"https:\/\/dezsmt.com\/pt\/dez-3100-exploring-turnable-selective-wave-soldering-technology\/\" tabindex=\"-1\">\n\t\t\t<div class=\"elementor-post__thumbnail\"><img decoding=\"async\" width=\"550\" height=\"550\" src=\"https:\/\/dezsmt.com\/wp-content\/uploads\/2026\/04\/\u672a\u547d\u540d.jpg\" class=\"attachment-medium_large size-medium_large wp-image-19761\" alt=\"\" title=\"\" srcset=\"https:\/\/dezsmt.com\/wp-content\/uploads\/2026\/04\/\u672a\u547d\u540d.jpg 550w, https:\/\/dezsmt.com\/wp-content\/uploads\/2026\/04\/\u672a\u547d\u540d-300x300.jpg 300w, https:\/\/dezsmt.com\/wp-content\/uploads\/2026\/04\/\u672a\u547d\u540d-150x150.jpg 150w, https:\/\/dezsmt.com\/wp-content\/uploads\/2026\/04\/\u672a\u547d\u540d-12x12.jpg 12w, https:\/\/dezsmt.com\/wp-content\/uploads\/2026\/04\/\u672a\u547d\u540d-100x100.jpg 100w\" sizes=\"(max-width: 550px) 100vw, 550px\" \/><\/div>\n\t\t<\/a>\n\t\t\t\t<div class=\"elementor-post__text\">\n\t\t\t\t<h3 class=\"elementor-post__title\">\n\t\t\t<a href=\"https:\/\/dezsmt.com\/pt\/dez-3100-exploring-turnable-selective-wave-soldering-technology\/\">\n\t\t\t\tDEZ-3100 Explorando a tecnologia de solda por onda seletiva girat\u00f3ria\t\t\t<\/a>\n\t\t<\/h3>\n\t\t\t\t<div class=\"elementor-post__excerpt\">\n\t\t\t<p>No panorama atual do fabrico de produtos electr\u00f3nicos, \u00e0 medida que a integra\u00e7\u00e3o de placas de circuito impresso se torna cada vez mais densa, a soldadura por onda tradicional de placas completas enfrenta desafios significativos. Isto \u00e9 especialmente verdade quando uma placa cont\u00e9m tanto Surface Mount Devices (SMD) como Through-Hole Technology (THT)<\/p>\n\t\t<\/div>\n\t\t\t\t\t<div class=\"elementor-post__read-more-wrapper\">\n\t\t\n\t\t<a class=\"elementor-post__read-more\" href=\"https:\/\/dezsmt.com\/pt\/dez-3100-exploring-turnable-selective-wave-soldering-technology\/\" aria-label=\"Read more about DEZ-3100 Exploring Turnable Selective Wave Soldering Technology\" tabindex=\"-1\">\n\t\t\tLer mais \"\t\t<\/a>\n\n\t\t\t\t\t<\/div>\n\t\t\t\t<\/div>\n\t\t\t\t<\/article>\n\t\t\t\t<article class=\"elementor-post elementor-grid-item post-19748 post type-post status-publish format-standard has-post-thumbnail hentry category-pcb-cleaning\" role=\"listitem\">\n\t\t\t\t<a class=\"elementor-post__thumbnail__link\" href=\"https:\/\/dezsmt.com\/pt\/dez-c743s-dual-chamber-pcba-cleaning-system\/\" tabindex=\"-1\">\n\t\t\t<div class=\"elementor-post__thumbnail\"><img decoding=\"async\" width=\"378\" height=\"302\" src=\"https:\/\/dezsmt.com\/wp-content\/uploads\/2026\/03\/\u56fe\u72471.png\" class=\"attachment-medium_large size-medium_large wp-image-19753\" alt=\"\" title=\"\" srcset=\"https:\/\/dezsmt.com\/wp-content\/uploads\/2026\/03\/\u56fe\u72471.png 737w, https:\/\/dezsmt.com\/wp-content\/uploads\/2026\/03\/\u56fe\u72471-300x186.png 300w, https:\/\/dezsmt.com\/wp-content\/uploads\/2026\/03\/\u56fe\u72471-18x12.png 18w, https:\/\/dezsmt.com\/wp-content\/uploads\/2026\/03\/\u56fe\u72471-600x373.png 600w\" sizes=\"(max-width: 378px) 100vw, 378px\" \/><\/div>\n\t\t<\/a>\n\t\t\t\t<div class=\"elementor-post__text\">\n\t\t\t\t<h3 class=\"elementor-post__title\">\n\t\t\t<a href=\"https:\/\/dezsmt.com\/pt\/dez-c743s-dual-chamber-pcba-cleaning-system\/\">\n\t\t\t\tSistema de limpeza de PCBA de c\u00e2mara dupla DEZ-C743S\t\t\t<\/a>\n\t\t<\/h3>\n\t\t\t\t<div class=\"elementor-post__excerpt\">\n\t\t\t<p>1. A mudan\u00e7a na ind\u00fastria: Porque \u00e9 que a limpeza aquosa est\u00e1 a substituir a tradicional IPA? Na ind\u00fastria SMT, \u00e0 medida que os componentes se tornam cada vez mais miniaturizados (tais como 01005, BGA e QFN) e os requisitos de fiabilidade aumentam, a limpeza manual tradicional com Isopropil<\/p>\n\t\t<\/div>\n\t\t\t\t\t<div class=\"elementor-post__read-more-wrapper\">\n\t\t\n\t\t<a class=\"elementor-post__read-more\" href=\"https:\/\/dezsmt.com\/pt\/dez-c743s-dual-chamber-pcba-cleaning-system\/\" aria-label=\"Read more about DEZ-C743S Dual-Chamber PCBA Cleaning System\" tabindex=\"-1\">\n\t\t\tLer mais \"\t\t<\/a>\n\n\t\t\t\t\t<\/div>\n\t\t\t\t<\/div>\n\t\t\t\t<\/article>\n\t\t\t\t<article class=\"elementor-post elementor-grid-item post-19743 post type-post status-publish format-standard has-post-thumbnail hentry category-pcb-cleaning\" role=\"listitem\">\n\t\t\t\t<a class=\"elementor-post__thumbnail__link\" href=\"https:\/\/dezsmt.com\/pt\/smt-production-challenges-and-smart-equipment-solutions\/\" tabindex=\"-1\">\n\t\t\t<div class=\"elementor-post__thumbnail\"><img decoding=\"async\" width=\"768\" height=\"768\" src=\"https:\/\/dezsmt.com\/wp-content\/uploads\/2026\/03\/\u751f\u6210-SMT-\u5370\u5237\u673a\u56fe\u7247-768x768.png\" class=\"attachment-medium_large size-medium_large wp-image-19692\" alt=\"\" title=\"\"><\/div>\n\t\t<\/a>\n\t\t\t\t<div class=\"elementor-post__text\">\n\t\t\t\t<h3 class=\"elementor-post__title\">\n\t\t\t<a href=\"https:\/\/dezsmt.com\/pt\/smt-production-challenges-and-smart-equipment-solutions\/\">\n\t\t\t\tDesafios da produ\u00e7\u00e3o SMT e solu\u00e7\u00f5es de equipamento inteligente\t\t\t<\/a>\n\t\t<\/h3>\n\t\t\t\t<div class=\"elementor-post__excerpt\">\n\t\t\t<p>No fabrico moderno de produtos electr\u00f3nicos, a produ\u00e7\u00e3o SMT est\u00e1 a tornar-se cada vez mais complexa, exigindo maior precis\u00e3o, limpeza e fiabilidade do processo. No entanto, muitos fabricantes ainda enfrentam desafios cr\u00edticos em termos de limpeza, qualidade de soldadura e efici\u00eancia de retrabalho. Como fabricante profissional<\/p>\n\t\t<\/div>\n\t\t\t\t\t<div class=\"elementor-post__read-more-wrapper\">\n\t\t\n\t\t<a class=\"elementor-post__read-more\" href=\"https:\/\/dezsmt.com\/pt\/smt-production-challenges-and-smart-equipment-solutions\/\" aria-label=\"Read more about SMT Production Challenges and Smart Equipment Solutions\" tabindex=\"-1\">\n\t\t\tLer mais \"\t\t<\/a>\n\n\t\t\t\t\t<\/div>\n\t\t\t\t<\/div>\n\t\t\t\t<\/article>\n\t\t\t\t<article class=\"elementor-post elementor-grid-item post-19734 post type-post status-publish format-standard has-post-thumbnail hentry category-pcb-cleaning\" role=\"listitem\">\n\t\t\t\t<a class=\"elementor-post__thumbnail__link\" href=\"https:\/\/dezsmt.com\/pt\/inline-selective-soldering-machine-dez-h3900-a-complete-technical-overview\/\" tabindex=\"-1\">\n\t\t\t<div class=\"elementor-post__thumbnail\"><img decoding=\"async\" width=\"768\" height=\"537\" src=\"https:\/\/dezsmt.com\/wp-content\/uploads\/2026\/03\/\u56fe\u7247-2-768x537.png\" class=\"attachment-medium_large size-medium_large wp-image-19735\" alt=\"\" title=\"\" srcset=\"https:\/\/dezsmt.com\/wp-content\/uploads\/2026\/03\/\u56fe\u7247-2-768x537.png 768w, https:\/\/dezsmt.com\/wp-content\/uploads\/2026\/03\/\u56fe\u7247-2-300x210.png 300w, https:\/\/dezsmt.com\/wp-content\/uploads\/2026\/03\/\u56fe\u7247-2-18x12.png 18w, https:\/\/dezsmt.com\/wp-content\/uploads\/2026\/03\/\u56fe\u7247-2-600x420.png 600w, https:\/\/dezsmt.com\/wp-content\/uploads\/2026\/03\/\u56fe\u7247-2.png 876w\" sizes=\"(max-width: 768px) 100vw, 768px\" \/><\/div>\n\t\t<\/a>\n\t\t\t\t<div class=\"elementor-post__text\">\n\t\t\t\t<h3 class=\"elementor-post__title\">\n\t\t\t<a href=\"https:\/\/dezsmt.com\/pt\/inline-selective-soldering-machine-dez-h3900-a-complete-technical-overview\/\">\n\t\t\t\tM\u00e1quina de soldadura selectiva em linha DEZ-H3900: Uma vis\u00e3o geral t\u00e9cnica completa\t\t\t<\/a>\n\t\t<\/h3>\n\t\t\t\t<div class=\"elementor-post__excerpt\">\n\t\t\t<p>Introdu\u00e7\u00e3o No fabrico moderno de produtos electr\u00f3nicos, a precis\u00e3o, a repetibilidade e a efici\u00eancia s\u00e3o fundamentais - especialmente para montagens complexas de PCB. A m\u00e1quina de soldadura selectiva em linha DEZ-H3900 foi concebida para satisfazer estas exig\u00eancias, oferecendo uma soldadura de alta precis\u00e3o com automa\u00e7\u00e3o avan\u00e7ada e programa\u00e7\u00e3o flex\u00edvel<\/p>\n\t\t<\/div>\n\t\t\t\t\t<div class=\"elementor-post__read-more-wrapper\">\n\t\t\n\t\t<a class=\"elementor-post__read-more\" href=\"https:\/\/dezsmt.com\/pt\/inline-selective-soldering-machine-dez-h3900-a-complete-technical-overview\/\" aria-label=\"Read more about Inline Selective Soldering Machine DEZ-H3900: A Complete Technical Overview\" tabindex=\"-1\">\n\t\t\tLer mais \"\t\t<\/a>\n\n\t\t\t\t\t<\/div>\n\t\t\t\t<\/div>\n\t\t\t\t<\/article>\n\t\t\t\t<article class=\"elementor-post elementor-grid-item post-19724 post type-post status-publish format-standard has-post-thumbnail hentry category-pcb-cleaning\" role=\"listitem\">\n\t\t\t\t<a class=\"elementor-post__thumbnail__link\" href=\"https:\/\/dezsmt.com\/pt\/why-stop-using-isopropyl-alcohol-ipa-to-clean-pcbs\/\" tabindex=\"-1\">\n\t\t\t<div class=\"elementor-post__thumbnail\"><img decoding=\"async\" width=\"550\" height=\"550\" src=\"https:\/\/dezsmt.com\/wp-content\/uploads\/2026\/03\/\u672a\u547d\u540d-1.jpg\" class=\"attachment-medium_large size-medium_large wp-image-19733\" alt=\"\" title=\"\" srcset=\"https:\/\/dezsmt.com\/wp-content\/uploads\/2026\/03\/\u672a\u547d\u540d-1.jpg 550w, https:\/\/dezsmt.com\/wp-content\/uploads\/2026\/03\/\u672a\u547d\u540d-1-300x300.jpg 300w, https:\/\/dezsmt.com\/wp-content\/uploads\/2026\/03\/\u672a\u547d\u540d-1-150x150.jpg 150w, https:\/\/dezsmt.com\/wp-content\/uploads\/2026\/03\/\u672a\u547d\u540d-1-12x12.jpg 12w, https:\/\/dezsmt.com\/wp-content\/uploads\/2026\/03\/\u672a\u547d\u540d-1-100x100.jpg 100w\" sizes=\"(max-width: 550px) 100vw, 550px\" \/><\/div>\n\t\t<\/a>\n\t\t\t\t<div class=\"elementor-post__text\">\n\t\t\t\t<h3 class=\"elementor-post__title\">\n\t\t\t<a href=\"https:\/\/dezsmt.com\/pt\/why-stop-using-isopropyl-alcohol-ipa-to-clean-pcbs\/\">\n\t\t\t\tPorqu\u00ea deixar de utilizar \u00e1lcool isoprop\u00edlico (IPA) para limpar PCBs?\t\t\t<\/a>\n\t\t<\/h3>\n\t\t\t\t<div class=\"elementor-post__excerpt\">\n\t\t\t<p>Introdu\u00e7\u00e3o Desde a d\u00e9cada de 1970, o \u00e1lcool isoprop\u00edlico (IPA) tem sido o \u201cvelho de confian\u00e7a\u201d na ind\u00fastria de limpeza de componentes electr\u00f3nicos. No entanto, na era atual do fabrico de alta precis\u00e3o, este m\u00e9todo veterano est\u00e1 a ficar aqu\u00e9m das expectativas. Confrontado com res\u00edduos de fluxo sem lead<\/p>\n\t\t<\/div>\n\t\t\t\t\t<div class=\"elementor-post__read-more-wrapper\">\n\t\t\n\t\t<a class=\"elementor-post__read-more\" href=\"https:\/\/dezsmt.com\/pt\/why-stop-using-isopropyl-alcohol-ipa-to-clean-pcbs\/\" aria-label=\"Read more about Why Stop Using Isopropyl Alcohol (IPA) to Clean PCBs?\" tabindex=\"-1\">\n\t\t\tLer mais \"\t\t<\/a>\n\n\t\t\t\t\t<\/div>\n\t\t\t\t<\/div>\n\t\t\t\t<\/article>\n\t\t\t\t<\/div>\n\t\t\n\t\t\t\t<div class=\"e-load-more-anchor\" data-page=\"1\" data-max-page=\"5\" data-next-page=\"https:\/\/dezsmt.com\/pt\/wp-json\/wp\/v2\/pages\/4139\/page\/2\/\"><\/div>\n\t\t\t\t<nav class=\"elementor-pagination\" aria-label=\"Pagination\">\n\t\t\t<span class=\"page-numbers prev\">\" Anterior<\/span>\n<span aria-current=\"page\" class=\"page-numbers current\"><span class=\"elementor-screen-only\">Page<\/span>1<\/span>\n<a class=\"page-numbers\" href=\"https:\/\/dezsmt.com\/pt\/wp-json\/wp\/v2\/pages\/4139\/page\/2\/\"><span class=\"elementor-screen-only\">Page<\/span>2<\/a>\n<a class=\"page-numbers\" href=\"https:\/\/dezsmt.com\/pt\/wp-json\/wp\/v2\/pages\/4139\/page\/3\/\"><span class=\"elementor-screen-only\">Page<\/span>3<\/a>\n<span class=\"page-numbers dots\">&hellip;<\/span>\n<a class=\"page-numbers\" href=\"https:\/\/dezsmt.com\/pt\/wp-json\/wp\/v2\/pages\/4139\/page\/5\/\"><span class=\"elementor-screen-only\">Page<\/span>5<\/a>\n<a class=\"page-numbers next\" href=\"https:\/\/dezsmt.com\/pt\/wp-json\/wp\/v2\/pages\/4139\/page\/2\/\">Seguinte \"<\/a>\t\t<\/nav>\n\t\t\t\t\t\t<\/div>\n\t\t\t\t<\/div>\n\t\t\t\t\t<\/div>\n\t\t<\/div>\n\t\t\t\t\t<\/div>\n\t\t<\/section>\n\t\t\t\t<\/div>","protected":false},"excerpt":{"rendered":"<p>Our Blog Get straight answers, useful tips, and clear explanations about PCB Assembly technology and more on our blog.<\/p>","protected":false},"author":5,"featured_media":0,"parent":0,"menu_order":0,"comment_status":"closed","ping_status":"closed","template":"","meta":{"_lmt_disableupdate":"no","_lmt_disable":"","site-sidebar-layout":"no-sidebar","site-content-layout":"page-builder","ast-site-content-layout":"full-width-container","site-content-style":"unboxed","site-sidebar-style":"unboxed","ast-global-header-display":"","ast-banner-title-visibility":"","ast-main-header-display":"","ast-hfb-above-header-display":"","ast-hfb-below-header-display":"","ast-hfb-mobile-header-display":"","site-post-title":"disabled","ast-breadcrumbs-content":"disabled","ast-featured-img":"disabled","footer-sml-layout":"","ast-disable-related-posts":"","theme-transparent-header-meta":"","adv-header-id-meta":"","stick-header-meta":"","header-above-stick-meta":"","header-main-stick-meta":"","header-below-stick-meta":"","astra-migrate-meta-layouts":"set","ast-page-background-enabled":"default","ast-page-background-meta":{"desktop":{"background-color":"","background-image":"","background-repeat":"repeat","background-position":"center center","background-size":"auto","background-attachment":"scroll","background-type":"","background-media":"","overlay-type":"","overlay-color":"","overlay-opacity":"","overlay-gradient":""},"tablet":{"background-color":"","background-image":"","background-repeat":"repeat","background-position":"center center","background-size":"auto","background-attachment":"scroll","background-type":"","background-media":"","overlay-type":"","overlay-color":"","overlay-opacity":"","overlay-gradient":""},"mobile":{"background-color":"","background-image":"","background-repeat":"repeat","background-position":"center center","background-size":"auto","background-attachment":"scroll","background-type":"","background-media":"","overlay-type":"","overlay-color":"","overlay-opacity":"","overlay-gradient":""}},"ast-content-background-meta":{"desktop":{"background-color":"var(--ast-global-color-5)","background-image":"","background-repeat":"repeat","background-position":"center center","background-size":"auto","background-attachment":"scroll","background-type":"","background-media":"","overlay-type":"","overlay-color":"","overlay-opacity":"","overlay-gradient":""},"tablet":{"background-color":"var(--ast-global-color-5)","background-image":"","background-repeat":"repeat","background-position":"center center","background-size":"auto","background-attachment":"scroll","background-type":"","background-media":"","overlay-type":"","overlay-color":"","overlay-opacity":"","overlay-gradient":""},"mobile":{"background-color":"var(--ast-global-color-5)","background-image":"","background-repeat":"repeat","background-position":"center center","background-size":"auto","background-attachment":"scroll","background-type":"","background-media":"","overlay-type":"","overlay-color":"","overlay-opacity":"","overlay-gradient":""}},"footnotes":""},"class_list":["post-4139","page","type-page","status-publish","hentry"],"_links":{"self":[{"href":"https:\/\/dezsmt.com\/pt\/wp-json\/wp\/v2\/pages\/4139","targetHints":{"allow":["GET"]}}],"collection":[{"href":"https:\/\/dezsmt.com\/pt\/wp-json\/wp\/v2\/pages"}],"about":[{"href":"https:\/\/dezsmt.com\/pt\/wp-json\/wp\/v2\/types\/page"}],"author":[{"embeddable":true,"href":"https:\/\/dezsmt.com\/pt\/wp-json\/wp\/v2\/users\/5"}],"replies":[{"embeddable":true,"href":"https:\/\/dezsmt.com\/pt\/wp-json\/wp\/v2\/comments?post=4139"}],"version-history":[{"count":6,"href":"https:\/\/dezsmt.com\/pt\/wp-json\/wp\/v2\/pages\/4139\/revisions"}],"predecessor-version":[{"id":18963,"href":"https:\/\/dezsmt.com\/pt\/wp-json\/wp\/v2\/pages\/4139\/revisions\/18963"}],"wp:attachment":[{"href":"https:\/\/dezsmt.com\/pt\/wp-json\/wp\/v2\/media?parent=4139"}],"curies":[{"name":"wp","href":"https:\/\/api.w.org\/{rel}","templated":true}]}}