{"id":17803,"date":"2025-05-05T14:47:00","date_gmt":"2025-05-05T06:47:00","guid":{"rendered":"https:\/\/dezsmt.com\/product-center\/dez-cs300-integrated-deionized-water-system\/"},"modified":"2025-12-22T10:51:30","modified_gmt":"2025-12-22T02:51:30","slug":"dez-cs300-integrated-deionized-water-system","status":"publish","type":"product","link":"https:\/\/dezsmt.com\/nl\/product-center\/dez-cs300-integrated-deionized-water-system\/","title":{"rendered":"DEZ-CS300 Ge\u00efntegreerd gede\u00efoniseerd watersysteem"},"content":{"rendered":"<div data-elementor-type=\"product-post\" data-elementor-id=\"17803\" class=\"elementor elementor-17803\" data-elementor-post-type=\"product\">\n\t\t\t\t<div class=\"elementor-element elementor-element-7ab63100 e-flex e-con-boxed e-con e-parent\" data-id=\"7ab63100\" data-element_type=\"container\" data-settings=\"{&quot;ekit_has_onepagescroll_dot&quot;:&quot;yes&quot;}\">\n\t\t\t\t\t<div class=\"e-con-inner\">\n\t\t\t\t<div class=\"elementor-element elementor-element-f32d776 e-n-tabs-mobile elementor-widget elementor-widget-n-tabs\" data-id=\"f32d776\" data-element_type=\"widget\" data-settings=\"{&quot;tabs_justify_horizontal&quot;:&quot;stretch&quot;,&quot;horizontal_scroll&quot;:&quot;disable&quot;,&quot;ekit_we_effect_on&quot;:&quot;none&quot;}\" data-widget_type=\"nested-tabs.default\">\n\t\t\t\t\t\t\t<div class=\"e-n-tabs\" data-widget-number=\"254990198\" aria-label=\"Tabbladen. Open items met enter of spatie, sluit af met escape en navigeer met de pijltjestoetsen.\">\n\t\t\t<div class=\"e-n-tabs-heading\" role=\"tablist\">\n\t\t\t\t\t<button id=\"e-n-tab-title-2549901981\" data-tab-title-id=\"e-n-tab-title-2549901981\" class=\"e-n-tab-title\" aria-selected=\"true\" data-tab-index=\"1\" role=\"tab\" tabindex=\"0\" aria-controls=\"e-n-tab-content-2549901981\" style=\"--n-tabs-title-order: 1;\">\n\t\t\t\t\t\t<span class=\"e-n-tab-title-text\">\n\t\t\t\tAanbevolen specificaties\t\t\t<\/span>\n\t\t<\/button>\n\t\t\t\t<button id=\"e-n-tab-title-2549901982\" data-tab-title-id=\"e-n-tab-title-2549901982\" class=\"e-n-tab-title\" aria-selected=\"false\" data-tab-index=\"2\" role=\"tab\" tabindex=\"-1\" aria-controls=\"e-n-tab-content-2549901982\" style=\"--n-tabs-title-order: 2;\">\n\t\t\t\t\t\t<span class=\"e-n-tab-title-text\">\n\t\t\t\tVideo\t\t\t<\/span>\n\t\t<\/button>\n\t\t\t\t\t<\/div>\n\t\t\t<div class=\"e-n-tabs-content\">\n\t\t\t\t<div id=\"e-n-tab-content-2549901981\" role=\"tabpanel\" aria-labelledby=\"e-n-tab-title-2549901981\" data-tab-index=\"1\" style=\"--n-tabs-title-order: 1;\" class=\"e-active elementor-element elementor-element-67896d7 e-con-full e-flex e-con e-child\" data-id=\"67896d7\" data-element_type=\"container\" data-settings=\"{&quot;ekit_has_onepagescroll_dot&quot;:&quot;yes&quot;}\">\n\t\t\t\t<div class=\"elementor-element elementor-element-6a660255 elementor-widget elementor-widget-text-editor\" data-id=\"6a660255\" data-element_type=\"widget\" data-settings=\"{&quot;ekit_we_effect_on&quot;:&quot;none&quot;}\" data-widget_type=\"text-editor.default\">\n\t\t\t\t\t\t\t\t\t<p><strong>Belangrijkste kenmerken<\/strong>:<br \/>Geavanceerde omgekeerde osmose\/MB-combinatietechnologie.<br \/>Volautomatisch regelsysteem voor een stabiele waterkwaliteit.<br \/>Kies merkaccessoires voor een betrouwbare werking.<br \/>Volledig gesloten ge\u00efntegreerd ontwerp voor compacte voetafdruk.<br \/>Energiezuinige werking met laag waterverbruik.<br \/>Geschikt voor diverse industri\u00eble toepassingen waarvoor zeer zuiver water nodig is.<\/p><p><strong>Technisch gegevensblad<\/strong>:<br \/>- Output systeemwater:<br \/>- Capaciteit: 300kg\/u (gebaseerd op de kwaliteit van leidingwater uit de stad met een inlaatgeleidbaarheid van minder dan 500us\/cm)<br \/>- Vereisten voor ruw water:<br \/>- Debiet: &gt;1,5t\/h<br \/>- Druk: 0,3~0,4Mpa<br \/>- Waterterugwinningssnelheid:<br \/>- 45-50% (als zuiver water direct wordt gebruikt zonder omgekeerd osmosesysteem, is het terugwinningspercentage &gt;90%)<br \/>- Weerstand van geproduceerd water:<br \/>- &gt;2-10M\u00a6\u00b8@, cm<br \/>- Afmetingen:<br \/>- 1100mm1100mm1600mm (lengte * breedte * hoogte)<br \/>- Nettogewicht:<br \/>- 200 kg<br \/>- Voeding:<br \/>- 380V+10%, 50Hz<br \/>- Vermogen: 2,2 kW<\/p>\t\t\t\t\t\t\t\t<\/div>\n\t\t\t\t<\/div>\n\t\t<div id=\"e-n-tab-content-2549901982\" role=\"tabpanel\" aria-labelledby=\"e-n-tab-title-2549901982\" data-tab-index=\"2\" style=\"--n-tabs-title-order: 2;\" class=\"elementor-element elementor-element-8ff103d e-con-full e-flex e-con e-child\" data-id=\"8ff103d\" data-element_type=\"container\" data-settings=\"{&quot;ekit_has_onepagescroll_dot&quot;:&quot;yes&quot;}\">\n\t\t\t\t<div class=\"elementor-element elementor-element-c606c49 elementor-widget elementor-widget-video\" data-id=\"c606c49\" data-element_type=\"widget\" data-settings=\"{&quot;youtube_url&quot;:&quot;https:\\\/\\\/www.youtube.com\\\/watch?v=WaNCJ-UYnao&quot;,&quot;video_type&quot;:&quot;youtube&quot;,&quot;controls&quot;:&quot;yes&quot;,&quot;ekit_we_effect_on&quot;:&quot;none&quot;}\" data-widget_type=\"video.default\">\n\t\t\t\t\t\t\t<div class=\"elementor-wrapper elementor-open-inline\">\n\t\t\t<div class=\"elementor-video\"><\/div>\t\t<\/div>\n\t\t\t\t\t\t<\/div>\n\t\t\t\t<\/div>\n\t\t\t\t\t<\/div>\n\t\t<\/div>\n\t\t\t\t\t\t<\/div>\n\t\t\t\t\t<\/div>\n\t\t\t\t<\/div>\n\t\t\t\t<\/div>","protected":false},"excerpt":{"rendered":"<p>De DEZ-CS300 is een ge\u00efntegreerd gede\u00efoniseerd watersysteem dat ontworpen is om gede\u00efoniseerd water van hoge kwaliteit te leveren voor industrieel gebruik. Het biedt een stabiel en effici\u00ebnt waterproductieproces en garandeert een consistente waterkwaliteit.<\/p>","protected":false},"featured_media":17827,"template":"","meta":{"_lmt_disableupdate":"no","_lmt_disable":"","site-sidebar-layout":"default","site-content-layout":"","ast-site-content-layout":"default","site-content-style":"default","site-sidebar-style":"default","ast-global-header-display":"","ast-banner-title-visibility":"","ast-main-header-display":"","ast-hfb-above-header-display":"","ast-hfb-below-header-display":"","ast-hfb-mobile-header-display":"","site-post-title":"","ast-breadcrumbs-content":"","ast-featured-img":"","footer-sml-layout":"","ast-disable-related-posts":"","theme-transparent-header-meta":"default","adv-header-id-meta":"","stick-header-meta":"default","header-above-stick-meta":"","header-main-stick-meta":"","header-below-stick-meta":"","astra-migrate-meta-layouts":"set","ast-page-background-enabled":"default","ast-page-background-meta":{"desktop":{"background-color":"","background-image":"","background-repeat":"repeat","background-position":"center center","background-size":"auto","background-attachment":"scroll","background-type":"","background-media":"","overlay-type":"","overlay-color":"","overlay-opacity":"","overlay-gradient":""},"tablet":{"background-color":"","background-image":"","background-repeat":"repeat","background-position":"center center","background-size":"auto","background-attachment":"scroll","background-type":"","background-media":"","overlay-type":"","overlay-color":"","overlay-opacity":"","overlay-gradient":""},"mobile":{"background-color":"","background-image":"","background-repeat":"repeat","background-position":"center center","background-size":"auto","background-attachment":"scroll","background-type":"","background-media":"","overlay-type":"","overlay-color":"","overlay-opacity":"","overlay-gradient":""}},"ast-content-background-meta":{"desktop":{"background-color":"var(--ast-global-color-5)","background-image":"","background-repeat":"repeat","background-position":"center center","background-size":"auto","background-attachment":"scroll","background-type":"","background-media":"","overlay-type":"","overlay-color":"","overlay-opacity":"","overlay-gradient":""},"tablet":{"background-color":"var(--ast-global-color-5)","background-image":"","background-repeat":"repeat","background-position":"center center","background-size":"auto","background-attachment":"scroll","background-type":"","background-media":"","overlay-type":"","overlay-color":"","overlay-opacity":"","overlay-gradient":""},"mobile":{"background-color":"var(--ast-global-color-5)","background-image":"","background-repeat":"repeat","background-position":"center center","background-size":"auto","background-attachment":"scroll","background-type":"","background-media":"","overlay-type":"","overlay-color":"","overlay-opacity":"","overlay-gradient":""}}},"product_brand":[],"product_cat":[101],"product_tag":[],"class_list":{"0":"post-17803","1":"product","2":"type-product","3":"status-publish","4":"has-post-thumbnail","6":"product_cat-pcba-cleaning-machine","7":"desktop-align-left","8":"tablet-align-left","9":"mobile-align-left","10":"ast-product-gallery-layout-horizontal-slider","11":"ast-product-gallery-with-no-image","12":"ast-product-tabs-layout-horizontal","14":"first","15":"instock","16":"shipping-taxable","17":"purchasable","18":"product-type-simple"},"_links":{"self":[{"href":"https:\/\/dezsmt.com\/nl\/wp-json\/wp\/v2\/product\/17803","targetHints":{"allow":["GET"]}}],"collection":[{"href":"https:\/\/dezsmt.com\/nl\/wp-json\/wp\/v2\/product"}],"about":[{"href":"https:\/\/dezsmt.com\/nl\/wp-json\/wp\/v2\/types\/product"}],"version-history":[{"count":1,"href":"https:\/\/dezsmt.com\/nl\/wp-json\/wp\/v2\/product\/17803\/revisions"}],"predecessor-version":[{"id":19502,"href":"https:\/\/dezsmt.com\/nl\/wp-json\/wp\/v2\/product\/17803\/revisions\/19502"}],"wp:featuredmedia":[{"embeddable":true,"href":"https:\/\/dezsmt.com\/nl\/wp-json\/wp\/v2\/media\/17827"}],"wp:attachment":[{"href":"https:\/\/dezsmt.com\/nl\/wp-json\/wp\/v2\/media?parent=17803"}],"wp:term":[{"taxonomy":"product_brand","embeddable":true,"href":"https:\/\/dezsmt.com\/nl\/wp-json\/wp\/v2\/product_brand?post=17803"},{"taxonomy":"product_cat","embeddable":true,"href":"https:\/\/dezsmt.com\/nl\/wp-json\/wp\/v2\/product_cat?post=17803"},{"taxonomy":"product_tag","embeddable":true,"href":"https:\/\/dezsmt.com\/nl\/wp-json\/wp\/v2\/product_tag?post=17803"}],"curies":[{"name":"wp","href":"https:\/\/api.w.org\/{rel}","templated":true}]}}