{"id":17797,"date":"2025-05-05T14:46:57","date_gmt":"2025-05-05T06:46:57","guid":{"rendered":"https:\/\/dezsmt.com\/product-center\/dez-c730-pneumatic-stencil-cleaning-machine\/"},"modified":"2025-12-04T17:27:55","modified_gmt":"2025-12-04T09:27:55","slug":"dez-c730-pneumatic-stencil-cleaning-machine","status":"publish","type":"product","link":"https:\/\/dezsmt.com\/it\/product-center\/dez-c730-pneumatic-stencil-cleaning-machine\/","title":{"rendered":"DEZ-C730 Macchina per la pulizia pneumatica delle matrici"},"content":{"rendered":"<div data-elementor-type=\"product-post\" data-elementor-id=\"17797\" class=\"elementor elementor-17797\" data-elementor-post-type=\"product\">\n\t\t\t\t<div class=\"elementor-element elementor-element-3448ddf3 e-flex e-con-boxed e-con e-parent\" data-id=\"3448ddf3\" data-element_type=\"container\" data-settings=\"{&quot;ekit_has_onepagescroll_dot&quot;:&quot;yes&quot;}\">\n\t\t\t\t\t<div class=\"e-con-inner\">\n\t\t\t\t<div class=\"elementor-element elementor-element-3fe4981 e-n-tabs-mobile elementor-widget elementor-widget-n-tabs\" data-id=\"3fe4981\" data-element_type=\"widget\" data-settings=\"{&quot;tabs_justify_horizontal&quot;:&quot;stretch&quot;,&quot;horizontal_scroll&quot;:&quot;disable&quot;,&quot;ekit_we_effect_on&quot;:&quot;none&quot;}\" data-widget_type=\"nested-tabs.default\">\n\t\t\t\t\t\t\t<div class=\"e-n-tabs\" data-widget-number=\"66996609\" aria-label=\"Schede. Apri gli elementi con Invio o Spazio, chiudili con Esc e naviga con i tasti freccia.\">\n\t\t\t<div class=\"e-n-tabs-heading\" role=\"tablist\">\n\t\t\t\t\t<button id=\"e-n-tab-title-669966091\" data-tab-title-id=\"e-n-tab-title-669966091\" class=\"e-n-tab-title\" aria-selected=\"true\" data-tab-index=\"1\" role=\"tab\" tabindex=\"0\" aria-controls=\"e-n-tab-content-669966091\" style=\"--n-tabs-title-order: 1;\">\n\t\t\t\t\t\t<span class=\"e-n-tab-title-text\">\n\t\t\t\tpanoramica\t\t\t<\/span>\n\t\t<\/button>\n\t\t\t\t<button id=\"e-n-tab-title-669966092\" data-tab-title-id=\"e-n-tab-title-669966092\" class=\"e-n-tab-title\" aria-selected=\"false\" data-tab-index=\"2\" role=\"tab\" tabindex=\"-1\" aria-controls=\"e-n-tab-content-669966092\" style=\"--n-tabs-title-order: 2;\">\n\t\t\t\t\t\t<span class=\"e-n-tab-title-text\">\n\t\t\t\tCaratteristiche tecniche\t\t\t<\/span>\n\t\t<\/button>\n\t\t\t\t<button id=\"e-n-tab-title-669966093\" data-tab-title-id=\"e-n-tab-title-669966093\" class=\"e-n-tab-title\" aria-selected=\"false\" data-tab-index=\"3\" role=\"tab\" tabindex=\"-1\" aria-controls=\"e-n-tab-content-669966093\" style=\"--n-tabs-title-order: 3;\">\n\t\t\t\t\t\t<span class=\"e-n-tab-title-text\">\n\t\t\t\tvideo\t\t\t<\/span>\n\t\t<\/button>\n\t\t\t\t\t<\/div>\n\t\t\t<div class=\"e-n-tabs-content\">\n\t\t\t\t<div id=\"e-n-tab-content-669966091\" role=\"tabpanel\" aria-labelledby=\"e-n-tab-title-669966091\" data-tab-index=\"1\" style=\"--n-tabs-title-order: 1;\" class=\"e-active elementor-element elementor-element-0506d16 e-con-full e-flex e-con e-child\" data-id=\"0506d16\" data-element_type=\"container\" data-settings=\"{&quot;ekit_has_onepagescroll_dot&quot;:&quot;yes&quot;}\">\n\t\t\t\t<div class=\"elementor-element elementor-element-dd77363 elementor-widget elementor-widget-heading\" data-id=\"dd77363\" data-element_type=\"widget\" data-settings=\"{&quot;ekit_we_effect_on&quot;:&quot;none&quot;}\" data-widget_type=\"heading.default\">\n\t\t\t\t\t<h4 class=\"elementor-heading-title elementor-size-default\">Vantaggi fondamentali:<\/h4>\t\t\t\t<\/div>\n\t\t\t\t<div class=\"elementor-element elementor-element-2e12587 elementor-widget elementor-widget-text-editor\" data-id=\"2e12587\" data-element_type=\"widget\" data-settings=\"{&quot;ekit_we_effect_on&quot;:&quot;none&quot;}\" data-widget_type=\"text-editor.default\">\n\t\t\t\t\t\t\t\t\t<ul><li>Eccezionali prestazioni di sicurezza: Si basa solo sull'aria compressa come alimentazione, senza alcun apporto di corrente, eliminando i rischi per la sicurezza causati dall'uso dell'elettricit\u00e0.<\/li><li>Alta efficienza, protezione dell'ambiente e risparmio: Il liquido di pulizia pu\u00f2 essere riciclato, il che riduce notevolmente il consumo di liquidi e i costi, e riduce il contatto tra operatori e liquidi, riducendo i danni al corpo umano; il corpo interamente in acciaio inossidabile \u00e8 resistente all'usura e alla corrosione e soddisfa gli standard di protezione ambientale.<\/li><li>Stabile e durevole: Tutti i componenti chiave sono di marche importate, per garantire un funzionamento stabile e una lunga service vita dell'apparecchiatura e ridurre i costi post-vendita service dopo il periodo di garanzia.<\/li><li>Facile da usare: Il design umanizzato e l'utilizzo di un solo pulsante consentono di completare l'intero processo di pulizia e asciugatura, in modo semplice e conveniente, garantendo l'uniformit\u00e0 dell'effetto di pulizia e migliorando l'efficienza della produzione.<\/li><\/ul>\t\t\t\t\t\t\t\t<\/div>\n\t\t\t\t<div class=\"elementor-element elementor-element-81cc7b0 elementor-widget elementor-widget-heading\" data-id=\"81cc7b0\" data-element_type=\"widget\" data-settings=\"{&quot;ekit_we_effect_on&quot;:&quot;none&quot;}\" data-widget_type=\"heading.default\">\n\t\t\t\t\t<h4 class=\"elementor-heading-title elementor-size-default\">Flusso di lavoro e funzioni principali:<\/h4>\t\t\t\t<\/div>\n\t\t\t\t<div class=\"elementor-element elementor-element-56e9fc5 elementor-widget elementor-widget-text-editor\" data-id=\"56e9fc5\" data-element_type=\"widget\" data-settings=\"{&quot;ekit_we_effect_on&quot;:&quot;none&quot;}\" data-widget_type=\"text-editor.default\">\n\t\t\t\t\t\t\t\t\t<p>Flusso di lavoro:<\/p><ul><li>L'operatore inserisce manualmente il vaglio da pulire nella camera di pulizia per assicurarsi che sia posizionato in modo sicuro.<\/li><li>In base al grado di contaminazione e al materiale del retino, regolare il tempo di pulizia (normalmente 2-8 minuti) e il tempo di asciugatura all'aria (normalmente 2-8 minuti) sull'apparecchiatura.<\/li><li>Premendo l'interruttore di avvio, l'apparecchiatura chiude automaticamente la camera di pulizia ed entra nello stato di funzionamento completamente automatico: dapprima lo schermo viene pulito su entrambi i lati ad alta pressione ruotando l'ugello, quindi passa automaticamente alla modalit\u00e0 di asciugatura ad aria al termine della pulizia e lo schermo viene asciugato con aria compressa.<\/li><li>Al raggiungimento del tempo totale di funzionamento impostato, l'apparecchiatura si arresta automaticamente e segnala il completamento della pulizia.<\/li><li>L'operatore attiva la funzione di ripristino del tempo per procedere al processo di pulizia successivo. L'intero processo non richiede l'intervento manuale nelle fasi intermedie.<\/li><\/ul><p>Funzioni principali<\/p><ol><li>Pulizia e asciugatura automatica: Pulisce e asciuga automaticamente lo schermo posto nella camera di pulizia per garantire un effetto di pulizia stabile.<\/li><li>Riciclaggio del liquido di pulizia: Realizzare il riciclo del liquido di pulizia, ridurre i consumi e i costi.<\/li><li>Trattamento dei gas di scarico: Il gas di scarico generato dall'essiccazione ad aria viene scaricato attraverso lo speciale sistema di scarico integrato per ridurre la volatilizzazione dei liquidi, l'emissione di odori e il consumo di aria compressa.<\/li><li>Manutenzione comoda: Il controller modulare sostituibile e il design a innesto rapido rendono la manutenzione semplice e conveniente.<\/li><\/ol>\t\t\t\t\t\t\t\t<\/div>\n\t\t\t\t<div class=\"elementor-element elementor-element-29eb0cd elementor-widget elementor-widget-heading\" data-id=\"29eb0cd\" data-element_type=\"widget\" data-settings=\"{&quot;ekit_we_effect_on&quot;:&quot;none&quot;}\" data-widget_type=\"heading.default\">\n\t\t\t\t\t<h4 class=\"elementor-heading-title elementor-size-default\">Struttura dell'apparecchiatura:<\/h4>\t\t\t\t<\/div>\n\t\t\t\t<div class=\"elementor-element elementor-element-2bc6ceb elementor-widget elementor-widget-heading\" data-id=\"2bc6ceb\" data-element_type=\"widget\" data-settings=\"{&quot;ekit_we_effect_on&quot;:&quot;none&quot;}\" data-widget_type=\"heading.default\">\n\t\t\t\t\t<h4 class=\"elementor-heading-title elementor-size-default\">1: ugello per la pulizia a 360\u00b0<\/h4>\t\t\t\t<\/div>\n\t\t\t\t<div class=\"elementor-element elementor-element-8f693dd elementor-widget elementor-widget-image\" data-id=\"8f693dd\" data-element_type=\"widget\" data-settings=\"{&quot;ekit_we_effect_on&quot;:&quot;none&quot;}\" data-widget_type=\"image.default\">\n\t\t\t\t\t\t\t\t\t\t\t\t\t\t\t<img decoding=\"async\" src=\"https:\/\/dezsmt.com\/wp-content\/uploads\/elementor\/thumbs\/\u4e3b\u56fe14-scaled-r8qn1iwiz99awkwrovwn8c7ngqqb4awyflvnimf540.jpg\" title=\"\u4e3b\u56fe14\" alt=\"\u4e3b\u56fe14\" loading=\"lazy\" \/>\t\t\t\t\t\t\t\t\t\t\t\t\t\t\t<\/div>\n\t\t\t\t<div class=\"elementor-element elementor-element-810894f elementor-widget elementor-widget-text-editor\" data-id=\"810894f\" data-element_type=\"widget\" data-settings=\"{&quot;ekit_we_effect_on&quot;:&quot;none&quot;}\" data-widget_type=\"text-editor.default\">\n\t\t\t\t\t\t\t\t\t<p>Dotato di un ugello di pulizia rotante bilaterale isobarico ad alta densit\u00e0 a 360 gradi, la forza del getto ad alta pressione \u00e8 forte e pu\u00f2 rimuovere completamente le impurit\u00e0 residue sullo schermo; il processo di pulizia non danneggia la tensione dello schermo e tiene conto sia dell'effetto di pulizia che della protezione dello schermo.<\/p>\t\t\t\t\t\t\t\t<\/div>\n\t\t\t\t<div class=\"elementor-element elementor-element-f2852ad elementor-widget elementor-widget-heading\" data-id=\"f2852ad\" data-element_type=\"widget\" data-settings=\"{&quot;ekit_we_effect_on&quot;:&quot;none&quot;}\" data-widget_type=\"heading.default\">\n\t\t\t\t\t<h4 class=\"elementor-heading-title elementor-size-default\">2: Corpo interamente in acciaio inox<\/h4>\t\t\t\t<\/div>\n\t\t\t\t<div class=\"elementor-element elementor-element-78f12f0 elementor-widget elementor-widget-image\" data-id=\"78f12f0\" data-element_type=\"widget\" data-settings=\"{&quot;ekit_we_effect_on&quot;:&quot;none&quot;}\" data-widget_type=\"image.default\">\n\t\t\t\t\t\t\t\t\t\t\t\t\t\t\t<img decoding=\"async\" src=\"https:\/\/dezsmt.com\/wp-content\/uploads\/elementor\/thumbs\/\u4e3b\u56fe12-scaled-r8qoeqqatymstjf3anseaf3j82575razj7lx57g1b4.jpg\" title=\"\u4e3b\u56fe12\" alt=\"\u4e3b\u56fe12\" loading=\"lazy\" \/>\t\t\t\t\t\t\t\t\t\t\t\t\t\t\t<\/div>\n\t\t\t\t<div class=\"elementor-element elementor-element-70a7a05 elementor-widget elementor-widget-text-editor\" data-id=\"70a7a05\" data-element_type=\"widget\" data-settings=\"{&quot;ekit_we_effect_on&quot;:&quot;none&quot;}\" data-widget_type=\"text-editor.default\">\n\t\t\t\t\t\t\t\t\t<p>Il corpo \u00e8 realizzato in acciaio inossidabile di alta qualit\u00e0, che non solo ha un aspetto bello e ordinato, ma ha anche una forte resistenza all'usura e alla corrosione. \u00c8 in grado di adattarsi all'immersione a lungo termine nel liquido detergente e all'erosione della polvere nell'ambiente industriale e soddisfa gli standard di protezione ambientale e i requisiti di igiene del settore.<\/p>\t\t\t\t\t\t\t\t<\/div>\n\t\t\t\t<div class=\"elementor-element elementor-element-580e779 elementor-widget elementor-widget-heading\" data-id=\"580e779\" data-element_type=\"widget\" data-settings=\"{&quot;ekit_we_effect_on&quot;:&quot;none&quot;}\" data-widget_type=\"heading.default\">\n\t\t\t\t\t<h4 class=\"elementor-heading-title elementor-size-default\">3: Struttura di scarico speciale<\/h4>\t\t\t\t<\/div>\n\t\t\t\t<div class=\"elementor-element elementor-element-59323ee elementor-widget elementor-widget-text-editor\" data-id=\"59323ee\" data-element_type=\"widget\" data-settings=\"{&quot;ekit_we_effect_on&quot;:&quot;none&quot;}\" data-widget_type=\"text-editor.default\">\n\t\t\t\t\t\t\t\t\t<p>L'apparecchiatura \u00e8 integrata con un tubo di scarico appositamente progettato. Quando scarica il gas di scarico essiccato all'aria, \u00e8 in grado di intercettare efficacemente alcune molecole liquide volatili e di ridurre la perdita di liquido; allo stesso tempo, il tubo di scarico a forma di S estende il percorso di scarico del gas di scarico, riduce ulteriormente la diffusione di odori liquidi e migliora la qualit\u00e0 dell'aria dell'officina operativa.<\/p>\t\t\t\t\t\t\t\t<\/div>\n\t\t\t\t<div class=\"elementor-element elementor-element-05bd869 elementor-widget elementor-widget-heading\" data-id=\"05bd869\" data-element_type=\"widget\" data-settings=\"{&quot;ekit_we_effect_on&quot;:&quot;none&quot;}\" data-widget_type=\"heading.default\">\n\t\t\t\t\t<h4 class=\"elementor-heading-title elementor-size-default\">4: Aspirazione dell'aria dalla parete laterale e design di asciugatura dell'aria<\/h4>\t\t\t\t<\/div>\n\t\t\t\t<div class=\"elementor-element elementor-element-fdcdfed elementor-widget elementor-widget-text-editor\" data-id=\"fdcdfed\" data-element_type=\"widget\" data-settings=\"{&quot;ekit_we_effect_on&quot;:&quot;none&quot;}\" data-widget_type=\"text-editor.default\">\n\t\t\t\t\t\t\t\t\t<p>Attraverso la presa d'aria direzionale della parete laterale, l'aria compressa forma un flusso d'aria uniforme nella sala di pulizia, accelera l'evaporazione del liquido sulla superficie del vaglio, migliora l'efficienza di asciugatura dell'aria e garantisce che il vaglio possa raggiungere rapidamente lo standard di asciugatura dopo la pulizia, senza influire sulla produzione e sull'utilizzo successivi.<\/p>\t\t\t\t\t\t\t\t<\/div>\n\t\t\t\t<\/div>\n\t\t<div id=\"e-n-tab-content-669966092\" role=\"tabpanel\" aria-labelledby=\"e-n-tab-title-669966092\" data-tab-index=\"2\" style=\"--n-tabs-title-order: 2;\" class=\"elementor-element elementor-element-b210d29 e-con-full e-flex e-con e-child\" data-id=\"b210d29\" data-element_type=\"container\" data-settings=\"{&quot;ekit_has_onepagescroll_dot&quot;:&quot;yes&quot;}\">\n\t\t\t\t<div class=\"elementor-element elementor-element-b0b6b28 elementor-widget elementor-widget-text-editor\" data-id=\"b0b6b28\" data-element_type=\"widget\" data-settings=\"{&quot;ekit_we_effect_on&quot;:&quot;none&quot;}\" data-widget_type=\"text-editor.default\">\n\t\t\t\t\t\t\t\t\t<p>\n<table id=\"tablepress-49\" class=\"tablepress tablepress-id-49\">\n<thead>\n<tr class=\"row-1\">\n\t<th class=\"column-1\">Dimensione della pulizia<\/th><th class=\"column-2\">750 (L) \u00d7 750 (W) \u00d7 40 mm (H) \u3010 Dimensione personalizzata opzionale\u3011<\/th>\n<\/tr>\n<\/thead>\n<tbody class=\"row-striping row-hover\">\n<tr class=\"row-2\">\n\t<td class=\"column-1\">Capacit\u00e0 massima del serbatoio<\/td><td class=\"column-2\">40L (max)<\/td>\n<\/tr>\n<tr class=\"row-3\">\n\t<td class=\"column-1\">Utilizzo ottimale dei liquidi<\/td><td class=\"column-2\">30L<\/td>\n<\/tr>\n<tr class=\"row-4\">\n\t<td class=\"column-1\">Metodo di pulizia<\/td><td class=\"column-2\">Rotolo isobarico rotante a 360\u00b0 ad alta pressione (pulizia a spruzzo e asciugatura ad aria compressa)<\/td>\n<\/tr>\n<tr class=\"row-5\">\n\t<td class=\"column-1\">Tempo di pulizia<\/td><td class=\"column-2\">2~4 minuti (processo convenzionale)<\/td>\n<\/tr>\n<tr class=\"row-6\">\n\t<td class=\"column-1\">Tempo di asciugatura<\/td><td class=\"column-2\">Da 2 a 5 minuti (processo convenzionale)<\/td>\n<\/tr>\n<tr class=\"row-7\">\n\t<td class=\"column-1\">Fonte d'aria esterna<\/td><td class=\"column-2\">0,45 \uff5e 0,6(Mpa)<\/td>\n<\/tr>\n<tr class=\"row-8\">\n\t<td class=\"column-1\">Aria compressa<\/td><td class=\"column-2\">400\uff5e 600L\/Minuti<\/td>\n<\/tr>\n<tr class=\"row-9\">\n\t<td class=\"column-1\">Dimensioni dell'attacco di scarico<\/td><td class=\"column-2\">\u03a6125\u00d725 mm (H)<\/td>\n<\/tr>\n<tr class=\"row-10\">\n\t<td class=\"column-1\">sistema di filtraggio<\/td><td class=\"column-2\">Primo stadio di filtrazione in cassetta: 1mm (filtra le impurit\u00e0 e le etichette)<\/td>\n<\/tr>\n<tr class=\"row-11\">\n\t<td class=\"column-1\"><\/td><td class=\"column-2\">Filtrazione secondaria 5um, terzo stadio di filtrazione dell'elemento filtrante: 1um (impurit\u00e0 da micro particelle)<\/td>\n<\/tr>\n<tr class=\"row-12\">\n\t<td class=\"column-1\">Peso netto della macchina<\/td><td class=\"column-2\">~200Kg<\/td>\n<\/tr>\n<tr class=\"row-13\">\n\t<td class=\"column-1\">Dimensioni della macchina<\/td><td class=\"column-2\">1000(L) \u00d7 710(L) \u00d7 1720mm(H)<\/td>\n<\/tr>\n<\/tbody>\n<\/table>\n<!-- #tablepress-49 from cache --><\/p>\t\t\t\t\t\t\t\t<\/div>\n\t\t\t\t<\/div>\n\t\t<div id=\"e-n-tab-content-669966093\" role=\"tabpanel\" aria-labelledby=\"e-n-tab-title-669966093\" data-tab-index=\"3\" style=\"--n-tabs-title-order: 3;\" class=\"elementor-element elementor-element-03c38e2 e-flex e-con-boxed e-con e-child\" data-id=\"03c38e2\" data-element_type=\"container\" data-settings=\"{&quot;ekit_has_onepagescroll_dot&quot;:&quot;yes&quot;}\">\n\t\t\t\t\t<div class=\"e-con-inner\">\n\t\t\t\t<div class=\"elementor-element elementor-element-c31e93a elementor-widget elementor-widget-video\" data-id=\"c31e93a\" data-element_type=\"widget\" data-settings=\"{&quot;youtube_url&quot;:&quot;https:\\\/\\\/www.youtube.com\\\/watch?v=johqZGIG2c4&quot;,&quot;video_type&quot;:&quot;youtube&quot;,&quot;controls&quot;:&quot;yes&quot;,&quot;ekit_we_effect_on&quot;:&quot;none&quot;}\" data-widget_type=\"video.default\">\n\t\t\t\t\t\t\t<div class=\"elementor-wrapper elementor-open-inline\">\n\t\t\t<div class=\"elementor-video\"><\/div>\t\t<\/div>\n\t\t\t\t\t\t<\/div>\n\t\t\t\t\t<\/div>\n\t\t\t\t<\/div>\n\t\t\t\t\t<\/div>\n\t\t<\/div>\n\t\t\t\t\t\t<\/div>\n\t\t\t\t\t<\/div>\n\t\t\t\t<\/div>\n\t\t\t\t<\/div>","protected":false},"excerpt":{"rendered":"<p>La macchina per la pulizia pneumatica degli stencil DEZ-C730 \u00e8 un'apparecchiatura di pulizia completamente pneumatica ad alte prestazioni alimentata ad aria compressa. \u00c8 progettata appositamente per la pulizia di stencil SMT, stencil di rame, stencil serigrafici, stencil di gomma e altri schermi.<\/p>","protected":false},"featured_media":19370,"template":"","meta":{"_lmt_disableupdate":"no","_lmt_disable":"","site-sidebar-layout":"default","site-content-layout":"","ast-site-content-layout":"default","site-content-style":"default","site-sidebar-style":"default","ast-global-header-display":"","ast-banner-title-visibility":"","ast-main-header-display":"","ast-hfb-above-header-display":"","ast-hfb-below-header-display":"","ast-hfb-mobile-header-display":"","site-post-title":"","ast-breadcrumbs-content":"","ast-featured-img":"","footer-sml-layout":"","ast-disable-related-posts":"","theme-transparent-header-meta":"default","adv-header-id-meta":"","stick-header-meta":"default","header-above-stick-meta":"","header-main-stick-meta":"","header-below-stick-meta":"","astra-migrate-meta-layouts":"set","ast-page-background-enabled":"default","ast-page-background-meta":{"desktop":{"background-color":"","background-image":"","background-repeat":"repeat","background-position":"center center","background-size":"auto","background-attachment":"scroll","background-type":"","background-media":"","overlay-type":"","overlay-color":"","overlay-opacity":"","overlay-gradient":""},"tablet":{"background-color":"","background-image":"","background-repeat":"repeat","background-position":"center center","background-size":"auto","background-attachment":"scroll","background-type":"","background-media":"","overlay-type":"","overlay-color":"","overlay-opacity":"","overlay-gradient":""},"mobile":{"background-color":"","background-image":"","background-repeat":"repeat","background-position":"center center","background-size":"auto","background-attachment":"scroll","background-type":"","background-media":"","overlay-type":"","overlay-color":"","overlay-opacity":"","overlay-gradient":""}},"ast-content-background-meta":{"desktop":{"background-color":"var(--ast-global-color-5)","background-image":"","background-repeat":"repeat","background-position":"center center","background-size":"auto","background-attachment":"scroll","background-type":"","background-media":"","overlay-type":"","overlay-color":"","overlay-opacity":"","overlay-gradient":""},"tablet":{"background-color":"var(--ast-global-color-5)","background-image":"","background-repeat":"repeat","background-position":"center center","background-size":"auto","background-attachment":"scroll","background-type":"","background-media":"","overlay-type":"","overlay-color":"","overlay-opacity":"","overlay-gradient":""},"mobile":{"background-color":"var(--ast-global-color-5)","background-image":"","background-repeat":"repeat","background-position":"center center","background-size":"auto","background-attachment":"scroll","background-type":"","background-media":"","overlay-type":"","overlay-color":"","overlay-opacity":"","overlay-gradient":""}}},"product_brand":[],"product_cat":[102],"product_tag":[],"class_list":{"0":"post-17797","1":"product","2":"type-product","3":"status-publish","4":"has-post-thumbnail","6":"product_cat-stencil-cleaning-machine","7":"desktop-align-left","8":"tablet-align-left","9":"mobile-align-left","10":"ast-product-gallery-layout-horizontal-slider","11":"ast-product-tabs-layout-horizontal","13":"first","14":"instock","15":"shipping-taxable","16":"purchasable","17":"product-type-simple"},"_links":{"self":[{"href":"https:\/\/dezsmt.com\/it\/wp-json\/wp\/v2\/product\/17797","targetHints":{"allow":["GET"]}}],"collection":[{"href":"https:\/\/dezsmt.com\/it\/wp-json\/wp\/v2\/product"}],"about":[{"href":"https:\/\/dezsmt.com\/it\/wp-json\/wp\/v2\/types\/product"}],"version-history":[{"count":11,"href":"https:\/\/dezsmt.com\/it\/wp-json\/wp\/v2\/product\/17797\/revisions"}],"predecessor-version":[{"id":19374,"href":"https:\/\/dezsmt.com\/it\/wp-json\/wp\/v2\/product\/17797\/revisions\/19374"}],"wp:featuredmedia":[{"embeddable":true,"href":"https:\/\/dezsmt.com\/it\/wp-json\/wp\/v2\/media\/19370"}],"wp:attachment":[{"href":"https:\/\/dezsmt.com\/it\/wp-json\/wp\/v2\/media?parent=17797"}],"wp:term":[{"taxonomy":"product_brand","embeddable":true,"href":"https:\/\/dezsmt.com\/it\/wp-json\/wp\/v2\/product_brand?post=17797"},{"taxonomy":"product_cat","embeddable":true,"href":"https:\/\/dezsmt.com\/it\/wp-json\/wp\/v2\/product_cat?post=17797"},{"taxonomy":"product_tag","embeddable":true,"href":"https:\/\/dezsmt.com\/it\/wp-json\/wp\/v2\/product_tag?post=17797"}],"curies":[{"name":"parola chiave","href":"https:\/\/api.w.org\/{rel}","templated":true}]}}