{"id":19296,"date":"2025-12-04T14:37:25","date_gmt":"2025-12-04T06:37:25","guid":{"rendered":"https:\/\/dezsmt.com\/?post_type=product&#038;p=19296"},"modified":"2025-12-17T16:10:18","modified_gmt":"2025-12-17T08:10:18","slug":"wave-soldring-cooling-conveyor-2","status":"publish","type":"product","link":"https:\/\/dezsmt.com\/fr\/product-center\/wave-soldring-cooling-conveyor-2\/","title":{"rendered":"CONVOYEUR DE REFROIDISSEMENT POUR SOUDAGE \u00c0 LA VAGUE"},"content":{"rendered":"<h3><strong><b><img decoding=\"async\" class=\"alignnone size-medium wp-image-19461\" src=\"https:\/\/dezsmt.com\/wp-content\/uploads\/2025\/12\/2-300x300.png\" alt=\"\" width=\"300\" height=\"300\" title=\"\" srcset=\"https:\/\/dezsmt.com\/wp-content\/uploads\/2025\/12\/2-300x300.png 300w, https:\/\/dezsmt.com\/wp-content\/uploads\/2025\/12\/2-150x150.png 150w, https:\/\/dezsmt.com\/wp-content\/uploads\/2025\/12\/2-12x12.png 12w, https:\/\/dezsmt.com\/wp-content\/uploads\/2025\/12\/2-600x600.png 600w, https:\/\/dezsmt.com\/wp-content\/uploads\/2025\/12\/2-100x100.png 100w, https:\/\/dezsmt.com\/wp-content\/uploads\/2025\/12\/2.png 750w\" sizes=\"(max-width: 300px) 100vw, 300px\" \/><\/b><\/strong><\/h3>\n<h3><span class=\"ez-toc-section\" id=\"WAVE_SOLDRING_COOLING_CONVEYOR\"><\/span><strong><b>CONVOYEUR DE REFROIDISSEMENT POUR SOUDAGE \u00c0 LA VAGUE<\/b><\/strong><span class=\"ez-toc-section-end\"><\/span><\/h3>\n<h3><span class=\"ez-toc-section\" id=\"Features\"><\/span><strong><b>Caract\u00e9ristiques:<\/b><\/strong><span class=\"ez-toc-section-end\"><\/span><\/h3>\n<p>Bouton de r\u00e9glage de vitesse facile \u00e0 utiliser<\/p>\n<p>Conception de transport de type cha\u00eene, capacit\u00e9 de charge \u00e9lev\u00e9e et transmission stable<\/p>\n<p>Cadre soud\u00e9 rectangulaire ou cadre en profil\u00e9 d&#039;aluminium (en option)<\/p>\n<p>R\u00e9glage manuel de la largeur parall\u00e8le et fluide (via la vis lead).<\/p>\n<p>Vitesse et hauteur de transport r\u00e9glables.<\/p>\n<p>R\u00e9duire au minimum l&#039;espace de transmission entre les convoyeurs<\/p>\n<p>Tailles de machines personnalis\u00e9es disponibles sur demande<\/p>\n<h3><span class=\"ez-toc-section\" id=\"Technical_parameters\"><\/span><strong><b>Param\u00e8tres techniques<\/b><\/strong><span class=\"ez-toc-section-end\"><\/span><\/h3>\n<p>Description : Cette machine est utilis\u00e9e pour la transmission des circuits imprim\u00e9s d&#039;entr\u00e9e de soudage \u00e0 la vague<\/p>\n<p>Type de courroie : Cha\u00eene ou personnalisation user<\/p>\n<p>Vitesse de convoyage : 0,5 \u00e0 20 m\/min<\/p>\n<p>Alimentation\u00a0: 110\u00a0V ou 220\u00a0V CA\u00a0; monophas\u00e9\u00a0; consommation \u00e9lectrique\u00a0: 100\u00a0VA<\/p>\n<p>Hauteur de convoyage\u00a0: 900 \u00b1 20 mm ou selon les sp\u00e9cifications du client<\/p>\n<p>Sens de transmission\u00a0: de gauche \u00e0 droite (GD) ou de droite \u00e0 gauche (DG)<\/p>\n<table>\n<tbody>\n<tr>\n<td colspan=\"4\" width=\"568\">\n<h3 style=\"text-align: center;\"><span class=\"ez-toc-section\" id=\"Specification_Parameters\"><\/span>Param\u00e8tres de sp\u00e9cification<span class=\"ez-toc-section-end\"><\/span><\/h3>\n<\/td>\n<\/tr>\n<tr>\n<td width=\"89\">\n<h4>Mod\u00e8le<\/h4>\n<\/td>\n<td width=\"135\">\n<h4>Taille du circuit imprim\u00e9 (MM)<\/h4>\n<\/td>\n<td width=\"106\">\n<h4>Poids (kg)<\/h4>\n<\/td>\n<td width=\"236\">\n<h4>Dimensions (L*l*H mm)<\/h4>\n<\/td>\n<\/tr>\n<tr>\n<td width=\"89\">DEZ-SBN<\/p>\n<p>&nbsp;<\/td>\n<td width=\"135\">50*50-445*350<\/p>\n<p>&nbsp;<\/td>\n<td width=\"106\">35<\/p>\n<p>&nbsp;<\/td>\n<td width=\"236\">800*600*750<\/p>\n<p>&nbsp;<\/td>\n<\/tr>\n<tr>\n<td width=\"89\">DEZ-M-BN<\/p>\n<p>&nbsp;<\/td>\n<td width=\"135\">50*50-530*460<\/p>\n<p>&nbsp;<\/td>\n<td width=\"106\">45<\/td>\n<td width=\"236\">800*700*750<\/td>\n<\/tr>\n<\/tbody>\n<\/table>","protected":false},"excerpt":{"rendered":"<p>Convoyeur de soudage \u00e0 vagues robuste | Conception \u00e0 cha\u00eene pour un transport stable des circuits imprim\u00e9s. R\u00e9glage manuel de la largeur, de la hauteur et de la vitesse. Ch\u00e2ssis soud\u00e9 ou en aluminium en option. Con\u00e7u pour une fiabilit\u00e9 optimale sur les lignes de soudage \u00e0 haut volume.<\/p>","protected":false},"featured_media":19352,"template":"","meta":{"_lmt_disableupdate":"no","_lmt_disable":"","site-sidebar-layout":"default","site-content-layout":"","ast-site-content-layout":"default","site-content-style":"default","site-sidebar-style":"default","ast-global-header-display":"","ast-banner-title-visibility":"","ast-main-header-display":"","ast-hfb-above-header-display":"","ast-hfb-below-header-display":"","ast-hfb-mobile-header-display":"","site-post-title":"","ast-breadcrumbs-content":"","ast-featured-img":"","footer-sml-layout":"","ast-disable-related-posts":"","theme-transparent-header-meta":"default","adv-header-id-meta":"","stick-header-meta":"default","header-above-stick-meta":"","header-main-stick-meta":"","header-below-stick-meta":"","astra-migrate-meta-layouts":"set","ast-page-background-enabled":"default","ast-page-background-meta":{"desktop":{"background-color":"","background-image":"","background-repeat":"repeat","background-position":"center center","background-size":"auto","background-attachment":"scroll","background-type":"","background-media":"","overlay-type":"","overlay-color":"","overlay-opacity":"","overlay-gradient":""},"tablet":{"background-color":"","background-image":"","background-repeat":"repeat","background-position":"center center","background-size":"auto","background-attachment":"scroll","background-type":"","background-media":"","overlay-type":"","overlay-color":"","overlay-opacity":"","overlay-gradient":""},"mobile":{"background-color":"","background-image":"","background-repeat":"repeat","background-position":"center center","background-size":"auto","background-attachment":"scroll","background-type":"","background-media":"","overlay-type":"","overlay-color":"","overlay-opacity":"","overlay-gradient":""}},"ast-content-background-meta":{"desktop":{"background-color":"var(--ast-global-color-5)","background-image":"","background-repeat":"repeat","background-position":"center center","background-size":"auto","background-attachment":"scroll","background-type":"","background-media":"","overlay-type":"","overlay-color":"","overlay-opacity":"","overlay-gradient":""},"tablet":{"background-color":"var(--ast-global-color-5)","background-image":"","background-repeat":"repeat","background-position":"center center","background-size":"auto","background-attachment":"scroll","background-type":"","background-media":"","overlay-type":"","overlay-color":"","overlay-opacity":"","overlay-gradient":""},"mobile":{"background-color":"var(--ast-global-color-5)","background-image":"","background-repeat":"repeat","background-position":"center center","background-size":"auto","background-attachment":"scroll","background-type":"","background-media":"","overlay-type":"","overlay-color":"","overlay-opacity":"","overlay-gradient":""}}},"product_brand":[],"product_cat":[113],"product_tag":[],"class_list":{"0":"post-19296","1":"product","2":"type-product","3":"status-publish","4":"has-post-thumbnail","6":"product_cat-smt-handling-machine","7":"desktop-align-left","8":"tablet-align-left","9":"mobile-align-left","10":"ast-product-gallery-layout-horizontal-slider","11":"ast-product-gallery-with-no-image","12":"ast-product-tabs-layout-horizontal","14":"first","15":"instock","16":"shipping-taxable","17":"product-type-simple"},"_links":{"self":[{"href":"https:\/\/dezsmt.com\/fr\/wp-json\/wp\/v2\/product\/19296","targetHints":{"allow":["GET"]}}],"collection":[{"href":"https:\/\/dezsmt.com\/fr\/wp-json\/wp\/v2\/product"}],"about":[{"href":"https:\/\/dezsmt.com\/fr\/wp-json\/wp\/v2\/types\/product"}],"version-history":[{"count":6,"href":"https:\/\/dezsmt.com\/fr\/wp-json\/wp\/v2\/product\/19296\/revisions"}],"predecessor-version":[{"id":19469,"href":"https:\/\/dezsmt.com\/fr\/wp-json\/wp\/v2\/product\/19296\/revisions\/19469"}],"wp:featuredmedia":[{"embeddable":true,"href":"https:\/\/dezsmt.com\/fr\/wp-json\/wp\/v2\/media\/19352"}],"wp:attachment":[{"href":"https:\/\/dezsmt.com\/fr\/wp-json\/wp\/v2\/media?parent=19296"}],"wp:term":[{"taxonomy":"product_brand","embeddable":true,"href":"https:\/\/dezsmt.com\/fr\/wp-json\/wp\/v2\/product_brand?post=19296"},{"taxonomy":"product_cat","embeddable":true,"href":"https:\/\/dezsmt.com\/fr\/wp-json\/wp\/v2\/product_cat?post=19296"},{"taxonomy":"product_tag","embeddable":true,"href":"https:\/\/dezsmt.com\/fr\/wp-json\/wp\/v2\/product_tag?post=19296"}],"curies":[{"name":"wp","href":"https:\/\/api.w.org\/{rel}","templated":true}]}}