{"id":19275,"date":"2025-12-04T14:34:33","date_gmt":"2025-12-04T06:34:33","guid":{"rendered":"https:\/\/dezsmt.com\/?post_type=product&#038;p=19275"},"modified":"2025-12-17T16:18:12","modified_gmt":"2025-12-17T08:18:12","slug":"l-type-loader","status":"publish","type":"product","link":"https:\/\/dezsmt.com\/fr\/product-center\/l-type-loader\/","title":{"rendered":"CHARGEUSE DE TYPE L"},"content":{"rendered":"<h3><img decoding=\"async\" class=\"alignnone size-medium wp-image-19461\" src=\"https:\/\/dezsmt.com\/wp-content\/uploads\/2025\/12\/2-300x300.png\" alt=\"\" width=\"300\" height=\"300\" title=\"\" srcset=\"https:\/\/dezsmt.com\/wp-content\/uploads\/2025\/12\/2-300x300.png 300w, https:\/\/dezsmt.com\/wp-content\/uploads\/2025\/12\/2-150x150.png 150w, https:\/\/dezsmt.com\/wp-content\/uploads\/2025\/12\/2-12x12.png 12w, https:\/\/dezsmt.com\/wp-content\/uploads\/2025\/12\/2-600x600.png 600w, https:\/\/dezsmt.com\/wp-content\/uploads\/2025\/12\/2-100x100.png 100w, https:\/\/dezsmt.com\/wp-content\/uploads\/2025\/12\/2.png 750w\" sizes=\"(max-width: 300px) 100vw, 300px\" \/><\/h3>\n<h3><span class=\"ez-toc-section\" id=\"L_TYPE_LOADER\"><\/span>CHARGEUSE DE TYPE L<span class=\"ez-toc-section-end\"><\/span><\/h3>\n<h3><span class=\"ez-toc-section\" id=\"Features\"><\/span><strong><b>Caract\u00e9ristiques:<\/b><\/strong><span class=\"ez-toc-section-end\"><\/span><\/h3>\n<p>Le chargeur en L est dispos\u00e9 \u00e0 angle droit (en forme de L) et plac\u00e9 dos \u00e0 dos contre l&#039;angle de l&#039;atelier. Cela permet d&#039;exploiter pleinement l&#039;espace d&#039;angle, souvent inutilis\u00e9.<\/p>\n<p>Deux panneaux de commande sont disponibles au choix\u00a0: un interrupteur \u00e0 membrane LED facile \u00e0 utiliser et \u00e0 faible sensibilit\u00e9 tactile, ou un \u00e9cran tactile.<\/p>\n<p>Les pinces pneumatiques sup\u00e9rieures et inf\u00e9rieures assurent un positionnement pr\u00e9cis du magasin<\/p>\n<p>La conception sp\u00e9ciale du circuit d&#039;air emp\u00eache d&#039;endommager le circuit imprim\u00e9.<\/p>\n<p>fonction de d\u00e9tection et d&#039;affichage automatique des codes d&#039;erreur<\/p>\n<p>C\u00e2bles r\u00e9sistants \u00e0 l&#039;usure pour une longue dur\u00e9e de vie service<\/p>\n<p>Interface SMEMA compatible<\/p>\n<h3><span class=\"ez-toc-section\" id=\"Technical_parameters\"><\/span><strong><b>Param\u00e8tres techniques<\/b><\/strong><span class=\"ez-toc-section-end\"><\/span><\/h3>\n<p>Description : Cet \u00e9quipement est utilis\u00e9 pour charger les circuits imprim\u00e9s sur la ligne de production SMT.<\/p>\n<p>Capacit\u00e9 du chargeur : 1 chargeur (sup\u00e9rieur) et 1 chargeur (inf\u00e9rieur).<\/p>\n<p>Dur\u00e9e du repas\u00a0: 6 secondes environ, ou pr\u00e9cisez.<\/p>\n<p>Temps de remplacement du chargeur\u00a0: environ 30 secondes ou \u00e0 pr\u00e9ciser<\/p>\n<p>Pas du moteur pas \u00e0 pas : 10, 20, 30, 40 mm ou sp\u00e9cifi\u00e9 user.<\/p>\n<p>Alimentation \u00e9lectrique : CA 110 V ou 220 V ; monophas\u00e9.<\/p>\n<p>Puissance : Max. 300 VA.<\/p>\n<p>Pression d&#039;air \/ Consommation : 4\u20136 bar, Max. 10 L\/min.<\/p>\n<p>Hauteur de convoyage\u00a0: 900 \u00b1 20 mm ou selon les sp\u00e9cifications du client<\/p>\n<p>Sens de transmission : de gauche \u00e0 droite (LR) ou de droite \u00e0 gauche (RL).<\/p>\n<table>\n<tbody>\n<tr>\n<td colspan=\"5\" width=\"568\">\n<h3 style=\"text-align: center;\"><span class=\"ez-toc-section\" id=\"Specification_Parameters\"><\/span>Param\u00e8tres de sp\u00e9cification<span class=\"ez-toc-section-end\"><\/span><\/h3>\n<\/td>\n<\/tr>\n<tr>\n<td width=\"96\">\n<h4>Mod\u00e8le<\/h4>\n<\/td>\n<td width=\"115\">\n<h4>Taille du circuit imprim\u00e9 (MM)<\/h4>\n<\/td>\n<td width=\"134\">\n<h4>Dimensions (L*l*H mm)<\/h4>\n<\/td>\n<td width=\"87\">\n<h4>Poids (kg)<\/h4>\n<\/td>\n<td width=\"134\">\n<h4>Dimensions (L*l*H mm)<\/h4>\n<\/td>\n<\/tr>\n<tr>\n<td width=\"96\">DEZ-S-TN<\/p>\n<p>&nbsp;<\/td>\n<td width=\"115\">50*80-330*250<\/p>\n<p>&nbsp;<\/td>\n<td width=\"134\">355*320*563<\/td>\n<td width=\"87\">160<\/td>\n<td width=\"134\">850*765*1250<\/td>\n<\/tr>\n<tr>\n<td width=\"96\">DEZ-M-TN<\/p>\n<p>&nbsp;<\/td>\n<td width=\"115\">50*80-445*330<\/p>\n<p>&nbsp;<\/td>\n<td width=\"134\">460*400*563<\/td>\n<td width=\"87\">220<\/td>\n<td width=\"134\">1170*845*1250<\/td>\n<\/tr>\n<tr>\n<td width=\"96\">DEZ-L-TN<\/p>\n<p>&nbsp;<\/td>\n<td width=\"115\">50*80-530*390<\/p>\n<p>&nbsp;<\/td>\n<td width=\"134\">535*460*563<\/td>\n<td width=\"87\">280<\/td>\n<td width=\"134\">1300*909*1250<\/td>\n<\/tr>\n<tr>\n<td width=\"96\">DEZ-XL-TN<\/p>\n<p>&nbsp;<\/td>\n<td width=\"115\">50*80-530*460<\/p>\n<p>&nbsp;<\/td>\n<td width=\"134\">535*530*563<\/p>\n<p>&nbsp;<\/td>\n<td width=\"87\">320<\/td>\n<td width=\"134\">1300*980*1250<\/td>\n<\/tr>\n<\/tbody>\n<\/table>","protected":false},"excerpt":{"rendered":"<p>Chargeur de circuits imprim\u00e9s de type L \u2013 Con\u00e7u pour optimiser l&#039;espace gr\u00e2ce \u00e0 sa conception en angle droit. Chargement rapide (~6 secondes), serrage pneumatique du magasin, commandes tactiles en option et interface SMEMA. Id\u00e9al pour les lignes de production CMS compactes.<\/p>","protected":false},"featured_media":19349,"template":"","meta":{"_lmt_disableupdate":"no","_lmt_disable":"","site-sidebar-layout":"default","site-content-layout":"","ast-site-content-layout":"default","site-content-style":"default","site-sidebar-style":"default","ast-global-header-display":"","ast-banner-title-visibility":"","ast-main-header-display":"","ast-hfb-above-header-display":"","ast-hfb-below-header-display":"","ast-hfb-mobile-header-display":"","site-post-title":"","ast-breadcrumbs-content":"","ast-featured-img":"","footer-sml-layout":"","ast-disable-related-posts":"","theme-transparent-header-meta":"default","adv-header-id-meta":"","stick-header-meta":"default","header-above-stick-meta":"","header-main-stick-meta":"","header-below-stick-meta":"","astra-migrate-meta-layouts":"set","ast-page-background-enabled":"default","ast-page-background-meta":{"desktop":{"background-color":"","background-image":"","background-repeat":"repeat","background-position":"center center","background-size":"auto","background-attachment":"scroll","background-type":"","background-media":"","overlay-type":"","overlay-color":"","overlay-opacity":"","overlay-gradient":""},"tablet":{"background-color":"","background-image":"","background-repeat":"repeat","background-position":"center center","background-size":"auto","background-attachment":"scroll","background-type":"","background-media":"","overlay-type":"","overlay-color":"","overlay-opacity":"","overlay-gradient":""},"mobile":{"background-color":"","background-image":"","background-repeat":"repeat","background-position":"center center","background-size":"auto","background-attachment":"scroll","background-type":"","background-media":"","overlay-type":"","overlay-color":"","overlay-opacity":"","overlay-gradient":""}},"ast-content-background-meta":{"desktop":{"background-color":"var(--ast-global-color-5)","background-image":"","background-repeat":"repeat","background-position":"center center","background-size":"auto","background-attachment":"scroll","background-type":"","background-media":"","overlay-type":"","overlay-color":"","overlay-opacity":"","overlay-gradient":""},"tablet":{"background-color":"var(--ast-global-color-5)","background-image":"","background-repeat":"repeat","background-position":"center center","background-size":"auto","background-attachment":"scroll","background-type":"","background-media":"","overlay-type":"","overlay-color":"","overlay-opacity":"","overlay-gradient":""},"mobile":{"background-color":"var(--ast-global-color-5)","background-image":"","background-repeat":"repeat","background-position":"center center","background-size":"auto","background-attachment":"scroll","background-type":"","background-media":"","overlay-type":"","overlay-color":"","overlay-opacity":"","overlay-gradient":""}}},"product_brand":[],"product_cat":[113],"product_tag":[],"class_list":{"0":"post-19275","1":"product","2":"type-product","3":"status-publish","4":"has-post-thumbnail","6":"product_cat-smt-handling-machine","7":"desktop-align-left","8":"tablet-align-left","9":"mobile-align-left","10":"ast-product-gallery-layout-horizontal-slider","11":"ast-product-tabs-layout-horizontal","13":"first","14":"instock","15":"shipping-taxable","16":"product-type-simple"},"_links":{"self":[{"href":"https:\/\/dezsmt.com\/fr\/wp-json\/wp\/v2\/product\/19275","targetHints":{"allow":["GET"]}}],"collection":[{"href":"https:\/\/dezsmt.com\/fr\/wp-json\/wp\/v2\/product"}],"about":[{"href":"https:\/\/dezsmt.com\/fr\/wp-json\/wp\/v2\/types\/product"}],"version-history":[{"count":6,"href":"https:\/\/dezsmt.com\/fr\/wp-json\/wp\/v2\/product\/19275\/revisions"}],"predecessor-version":[{"id":19473,"href":"https:\/\/dezsmt.com\/fr\/wp-json\/wp\/v2\/product\/19275\/revisions\/19473"}],"wp:featuredmedia":[{"embeddable":true,"href":"https:\/\/dezsmt.com\/fr\/wp-json\/wp\/v2\/media\/19349"}],"wp:attachment":[{"href":"https:\/\/dezsmt.com\/fr\/wp-json\/wp\/v2\/media?parent=19275"}],"wp:term":[{"taxonomy":"product_brand","embeddable":true,"href":"https:\/\/dezsmt.com\/fr\/wp-json\/wp\/v2\/product_brand?post=19275"},{"taxonomy":"product_cat","embeddable":true,"href":"https:\/\/dezsmt.com\/fr\/wp-json\/wp\/v2\/product_cat?post=19275"},{"taxonomy":"product_tag","embeddable":true,"href":"https:\/\/dezsmt.com\/fr\/wp-json\/wp\/v2\/product_tag?post=19275"}],"curies":[{"name":"wp","href":"https:\/\/api.w.org\/{rel}","templated":true}]}}