{"id":19259,"date":"2025-12-04T17:05:11","date_gmt":"2025-12-04T09:05:11","guid":{"rendered":"https:\/\/dezsmt.com\/?post_type=product&#038;p=19259"},"modified":"2025-12-17T16:00:52","modified_gmt":"2025-12-17T08:00:52","slug":"sitename-sitedesc","status":"publish","type":"product","link":"https:\/\/dezsmt.com\/fr\/product-center\/sitename-sitedesc\/","title":{"rendered":"CONVOYEUR D&#039;INSPECTION"},"content":{"rendered":"<h3><img decoding=\"async\" class=\"alignnone size-medium wp-image-19461\" src=\"https:\/\/dezsmt.com\/wp-content\/uploads\/2025\/12\/2-300x300.png\" alt=\"\" width=\"300\" height=\"300\" title=\"\" srcset=\"https:\/\/dezsmt.com\/wp-content\/uploads\/2025\/12\/2-300x300.png 300w, https:\/\/dezsmt.com\/wp-content\/uploads\/2025\/12\/2-150x150.png 150w, https:\/\/dezsmt.com\/wp-content\/uploads\/2025\/12\/2-12x12.png 12w, https:\/\/dezsmt.com\/wp-content\/uploads\/2025\/12\/2-600x600.png 600w, https:\/\/dezsmt.com\/wp-content\/uploads\/2025\/12\/2-100x100.png 100w, https:\/\/dezsmt.com\/wp-content\/uploads\/2025\/12\/2.png 750w\" sizes=\"(max-width: 300px) 100vw, 300px\" \/><\/h3>\n<h3><span class=\"ez-toc-section\" id=\"INSPECTION_CONVEYOR\"><\/span>CONVOYEUR D&#039;INSPECTION<span class=\"ez-toc-section-end\"><\/span><\/h3>\n<h3><span class=\"ez-toc-section\" id=\"Features\"><\/span><strong><b>Caract\u00e9ristiques:<\/b><\/strong><span class=\"ez-toc-section-end\"><\/span><\/h3>\n<p>Conception avec lampe d&#039;inspection pour faciliter le contr\u00f4le manuel de la qualit\u00e9 du produit<\/p>\n<p>La conception lest\u00e9e am\u00e9liore la stabilit\u00e9<\/p>\n<p>Mode d&#039;inspection et mode automatique<\/p>\n<p>Induire une pr\u00e9cision de positionnement multizone<\/p>\n<p>Conception ergonomique, repose-bras<\/p>\n<p>Longueur de la machine personnalis\u00e9e selon les exigences du client<\/p>\n<p>Indiquez le nombre de zones multiples sur demande.<\/p>\n<p>Commande de vitesse variable<\/p>\n<p>Interface SMEMA compatible<\/p>\n<h3><span class=\"ez-toc-section\" id=\"Technical_parameters\"><\/span><strong><b>Param\u00e8tres techniques<\/b><\/strong><span class=\"ez-toc-section-end\"><\/span><\/h3>\n<p>Description : Cet \u00e9quipement est utilis\u00e9 pour les op\u00e9rations de convoyage et de mise en tampon des circuits imprim\u00e9s sur une ligne de production SMT.<\/p>\n<p>Type de ceinture : Ceinture ronde ou plate au choix<\/p>\n<p>Vitesse de convoyage : 0,5 \u00e0 20 m\/min<\/p>\n<p>Alimentation\u00a0: 110\u00a0V ou 220\u00a0V CA\u00a0; monophas\u00e9\u00a0; consommation \u00e9lectrique\u00a0: 100\u00a0VA<\/p>\n<p>Hauteur de convoyage\u00a0: 900 \u00b1 20 mm ou selon les sp\u00e9cifications du client<\/p>\n<p>Sens de transmission\u00a0: de gauche \u00e0 droite (GD) ou de droite \u00e0 gauche (DG)<\/p>\n<table>\n<tbody>\n<tr>\n<td colspan=\"4\" width=\"600\">\n<h3 style=\"text-align: center;\"><span class=\"ez-toc-section\" id=\"Specification_Parameters\"><\/span><strong>Param\u00e8tres de sp\u00e9cification<\/strong><span class=\"ez-toc-section-end\"><\/span><\/h3>\n<\/td>\n<\/tr>\n<tr>\n<td width=\"142\">\n<h2><span class=\"ez-toc-section\" id=\"Model\"><\/span>Mod\u00e8le<span class=\"ez-toc-section-end\"><\/span><\/h2>\n<\/td>\n<td width=\"142\">\n<h2><span class=\"ez-toc-section\" id=\"PCB_sizeMM\"><\/span>Taille du circuit imprim\u00e9 (MM)<span class=\"ez-toc-section-end\"><\/span><\/h2>\n<\/td>\n<td width=\"142\">\n<h2><span class=\"ez-toc-section\" id=\"WeightKG\"><\/span>Poids (kg)<span class=\"ez-toc-section-end\"><\/span><\/h2>\n<\/td>\n<td width=\"174\">\n<h2><span class=\"ez-toc-section\" id=\"DimensionLWH_MM\"><\/span>Dimensions (L*l*H mm)<span class=\"ez-toc-section-end\"><\/span><\/h2>\n<\/td>\n<\/tr>\n<tr>\n<td width=\"142\">DEZ-050S-N<\/td>\n<td width=\"142\">50*50-445*350<\/td>\n<td width=\"142\">55<\/td>\n<td width=\"174\">500*676*900<\/td>\n<\/tr>\n<tr>\n<td width=\"142\">DEZ-050M-N<\/td>\n<td width=\"142\">50*50-460*460<\/td>\n<td width=\"142\">70<\/td>\n<td width=\"174\">500*786*900<\/td>\n<\/tr>\n<tr>\n<td width=\"142\">DEZ-100L-N<\/td>\n<td width=\"142\">50*50-445*350<\/td>\n<td width=\"142\">80<\/td>\n<td width=\"174\">1000*676*900<\/td>\n<\/tr>\n<tr>\n<td width=\"142\">DEZ-100XL-N<\/td>\n<td width=\"142\">\u00a0\u00a050*50-530*460<\/td>\n<td width=\"142\">95<\/td>\n<td width=\"174\">1000*786*900<\/td>\n<\/tr>\n<\/tbody>\n<\/table>","protected":false},"excerpt":{"rendered":"<p>Convoyeur d&#039;inspection | Lampe int\u00e9gr\u00e9e pour le contr\u00f4le qualit\u00e9 manuel des circuits imprim\u00e9s. Pr\u00e9cision multizone, interface SMEMA et vitesse variable (0,5-20 m\/min). Longueur personnalisable pour une int\u00e9gration optimale sur ligne CMS.<\/p>\n<p class=\"ds-markdown-paragraph\">","protected":false},"featured_media":19369,"template":"","meta":{"_lmt_disableupdate":"no","_lmt_disable":"","site-sidebar-layout":"default","site-content-layout":"","ast-site-content-layout":"default","site-content-style":"default","site-sidebar-style":"default","ast-global-header-display":"","ast-banner-title-visibility":"","ast-main-header-display":"","ast-hfb-above-header-display":"","ast-hfb-below-header-display":"","ast-hfb-mobile-header-display":"","site-post-title":"","ast-breadcrumbs-content":"","ast-featured-img":"","footer-sml-layout":"","ast-disable-related-posts":"","theme-transparent-header-meta":"default","adv-header-id-meta":"","stick-header-meta":"default","header-above-stick-meta":"","header-main-stick-meta":"","header-below-stick-meta":"","astra-migrate-meta-layouts":"set","ast-page-background-enabled":"default","ast-page-background-meta":{"desktop":{"background-color":"","background-image":"","background-repeat":"repeat","background-position":"center center","background-size":"auto","background-attachment":"scroll","background-type":"","background-media":"","overlay-type":"","overlay-color":"","overlay-opacity":"","overlay-gradient":""},"tablet":{"background-color":"","background-image":"","background-repeat":"repeat","background-position":"center center","background-size":"auto","background-attachment":"scroll","background-type":"","background-media":"","overlay-type":"","overlay-color":"","overlay-opacity":"","overlay-gradient":""},"mobile":{"background-color":"","background-image":"","background-repeat":"repeat","background-position":"center center","background-size":"auto","background-attachment":"scroll","background-type":"","background-media":"","overlay-type":"","overlay-color":"","overlay-opacity":"","overlay-gradient":""}},"ast-content-background-meta":{"desktop":{"background-color":"var(--ast-global-color-5)","background-image":"","background-repeat":"repeat","background-position":"center center","background-size":"auto","background-attachment":"scroll","background-type":"","background-media":"","overlay-type":"","overlay-color":"","overlay-opacity":"","overlay-gradient":""},"tablet":{"background-color":"var(--ast-global-color-5)","background-image":"","background-repeat":"repeat","background-position":"center center","background-size":"auto","background-attachment":"scroll","background-type":"","background-media":"","overlay-type":"","overlay-color":"","overlay-opacity":"","overlay-gradient":""},"mobile":{"background-color":"var(--ast-global-color-5)","background-image":"","background-repeat":"repeat","background-position":"center center","background-size":"auto","background-attachment":"scroll","background-type":"","background-media":"","overlay-type":"","overlay-color":"","overlay-opacity":"","overlay-gradient":""}}},"product_brand":[],"product_cat":[114],"product_tag":[],"class_list":{"0":"post-19259","1":"product","2":"type-product","3":"status-publish","4":"has-post-thumbnail","6":"product_cat-inspection-conveyor","7":"desktop-align-left","8":"tablet-align-left","9":"mobile-align-left","10":"ast-product-gallery-layout-horizontal-slider","11":"ast-product-gallery-with-no-image","12":"ast-product-tabs-layout-horizontal","14":"first","15":"instock","16":"shipping-taxable","17":"product-type-simple"},"_links":{"self":[{"href":"https:\/\/dezsmt.com\/fr\/wp-json\/wp\/v2\/product\/19259","targetHints":{"allow":["GET"]}}],"collection":[{"href":"https:\/\/dezsmt.com\/fr\/wp-json\/wp\/v2\/product"}],"about":[{"href":"https:\/\/dezsmt.com\/fr\/wp-json\/wp\/v2\/types\/product"}],"version-history":[{"count":7,"href":"https:\/\/dezsmt.com\/fr\/wp-json\/wp\/v2\/product\/19259\/revisions"}],"predecessor-version":[{"id":19462,"href":"https:\/\/dezsmt.com\/fr\/wp-json\/wp\/v2\/product\/19259\/revisions\/19462"}],"wp:featuredmedia":[{"embeddable":true,"href":"https:\/\/dezsmt.com\/fr\/wp-json\/wp\/v2\/media\/19369"}],"wp:attachment":[{"href":"https:\/\/dezsmt.com\/fr\/wp-json\/wp\/v2\/media?parent=19259"}],"wp:term":[{"taxonomy":"product_brand","embeddable":true,"href":"https:\/\/dezsmt.com\/fr\/wp-json\/wp\/v2\/product_brand?post=19259"},{"taxonomy":"product_cat","embeddable":true,"href":"https:\/\/dezsmt.com\/fr\/wp-json\/wp\/v2\/product_cat?post=19259"},{"taxonomy":"product_tag","embeddable":true,"href":"https:\/\/dezsmt.com\/fr\/wp-json\/wp\/v2\/product_tag?post=19259"}],"curies":[{"name":"wp","href":"https:\/\/api.w.org\/{rel}","templated":true}]}}