{"id":17816,"date":"2025-05-05T14:47:05","date_gmt":"2025-05-05T06:47:05","guid":{"rendered":"https:\/\/dezsmt.com\/product-center\/l9421-02_txpr1011e-90-kv-microfocus-x-ray-source\/"},"modified":"2025-12-03T18:24:34","modified_gmt":"2025-12-03T10:24:34","slug":"l9421-02_txpr1011e-90-kv-microfocus-x-ray-source","status":"publish","type":"product","link":"https:\/\/dezsmt.com\/fr\/product-center\/l9421-02_txpr1011e-90-kv-microfocus-x-ray-source\/","title":{"rendered":"L9421-02_TXPR1011E Source de rayons X microfocus de 90 kV"},"content":{"rendered":"<div data-elementor-type=\"product-post\" data-elementor-id=\"17816\" class=\"elementor elementor-17816\" data-elementor-post-type=\"product\">\n\t\t\t\t<div class=\"elementor-element elementor-element-6852f709 e-flex e-con-boxed e-con e-parent\" data-id=\"6852f709\" data-element_type=\"container\" data-e-type=\"container\" data-settings=\"{&quot;ekit_has_onepagescroll_dot&quot;:&quot;yes&quot;}\">\n\t\t\t\t\t<div class=\"e-con-inner\">\n\t\t\t\t<div class=\"elementor-element elementor-element-9d8c905 e-n-tabs-mobile elementor-widget elementor-widget-n-tabs\" data-id=\"9d8c905\" data-element_type=\"widget\" data-e-type=\"widget\" data-settings=\"{&quot;tabs_justify_horizontal&quot;:&quot;stretch&quot;,&quot;horizontal_scroll&quot;:&quot;disable&quot;,&quot;ekit_we_effect_on&quot;:&quot;none&quot;}\" data-widget_type=\"nested-tabs.default\">\n\t\t\t\t\t\t\t<div class=\"e-n-tabs\" data-widget-number=\"165202181\" aria-label=\"Onglets. Ouvrez des \u00e9l\u00e9ments avec Entrer ou Espace, fermez-les avec Echape et naviguez \u00e0 l&#039;aide des touches fl\u00e9ch\u00e9es.\">\n\t\t\t<div class=\"e-n-tabs-heading\" role=\"tablist\">\n\t\t\t\t\t<button id=\"e-n-tab-title-1652021811\" data-tab-title-id=\"e-n-tab-title-1652021811\" class=\"e-n-tab-title\" aria-selected=\"true\" data-tab-index=\"1\" role=\"tab\" tabindex=\"0\" aria-controls=\"e-n-tab-content-1652021811\" style=\"--n-tabs-title-order: 1;\">\n\t\t\t\t\t\t<span class=\"e-n-tab-title-text\">\n\t\t\t\tSpecs en vedette\t\t\t<\/span>\n\t\t<\/button>\n\t\t\t\t<button id=\"e-n-tab-title-1652021812\" data-tab-title-id=\"e-n-tab-title-1652021812\" class=\"e-n-tab-title\" aria-selected=\"false\" data-tab-index=\"2\" role=\"tab\" tabindex=\"-1\" aria-controls=\"e-n-tab-content-1652021812\" style=\"--n-tabs-title-order: 2;\">\n\t\t\t\t\t\t<span class=\"e-n-tab-title-text\">\n\t\t\t\tVid\u00e9o\t\t\t<\/span>\n\t\t<\/button>\n\t\t\t\t\t<\/div>\n\t\t\t<div class=\"e-n-tabs-content\">\n\t\t\t\t<div id=\"e-n-tab-content-1652021811\" role=\"tabpanel\" aria-labelledby=\"e-n-tab-title-1652021811\" data-tab-index=\"1\" style=\"--n-tabs-title-order: 1;\" class=\"e-active elementor-element elementor-element-1f149b6 e-con-full e-flex e-con e-child\" data-id=\"1f149b6\" data-element_type=\"container\" data-e-type=\"container\" data-settings=\"{&quot;ekit_has_onepagescroll_dot&quot;:&quot;yes&quot;}\">\n\t\t\t\t<div class=\"elementor-element elementor-element-5641eb0e elementor-widget elementor-widget-text-editor\" data-id=\"5641eb0e\" data-element_type=\"widget\" data-e-type=\"widget\" data-settings=\"{&quot;ekit_we_effect_on&quot;:&quot;none&quot;}\" data-widget_type=\"text-editor.default\">\n\t\t\t\t\t\t\t\t\t<p><strong>Caract\u00e9ristiques principales<\/strong>:<br \/>Puissance de sortie \u00e9lev\u00e9e avec un maximum de 8 W.<br \/>Grand angle du faisceau de rayons X de 39\u00a1\u00e3.<br \/>Contr\u00f4le externe via l'interface RS-232C.<br \/>Alimentation haute tension int\u00e9gr\u00e9e.<br \/>Capacit\u00e9s d'inspection non destructive.<br \/>Convient pour les composants \u00e9lectroniques, les cartes de circuits imprim\u00e9s, les composants en plastique et les composants m\u00e9talliques.<br \/>Dispositifs de s\u00e9curit\u00e9 pour \u00e9viter l'exposition aux rayons X.<\/p><p><strong>Fiche technique<\/strong>:<br \/>- Notations g\u00e9n\u00e9rales :<br \/>- Tension d'entr\u00e9e (DC) : +24 V<br \/>- Consommation \u00e9lectrique (max.) : 96 W<br \/>- Temp\u00e9rature ambiante de fonctionnement : +10 \u00e0 +40\u00a1\u00e3C<br \/>- Temp\u00e9rature de stockage : 0 \u00e0 +50\u00a1\u00e3C<br \/>- Humidit\u00e9 de fonctionnement et de stockage : Inf\u00e9rieure \u00e0 85% (pas de condensation)<br \/>- Poids : Environ 10 kg<br \/>- Normes de conformit\u00e9 : CE (CEM : IEC 61326-1, groupe 1, classe A)<br \/>- Fonctionnement continu : Alimentation haute tension int\u00e9gr\u00e9e<br \/>- Tube \u00e0 rayons X :<br \/>- M\u00e9thode de refroidissement : Refroidissement par convection<br \/>- Mat\u00e9riau de la fen\u00eatre\/\u00e9paisseur : B\u00e9ryllium\/150 \u03bcm<br \/>- Mat\u00e9riau de la cible : Tungst\u00e8ne<br \/>- Tension du tube Plage op\u00e9rationnelle : 20 \u00e0 90 kV<br \/>- Plage op\u00e9rationnelle du courant du tube : 10 \u00e0 200 \u03bcA<br \/>- Sortie maximale : 8 W<br \/>- Taille du point focal des rayons X : 8 \u03bcm (7 \u03bcm \u00e0 5 \u03bcm)<br \/>- Angle du faisceau de rayons X (conique) : 39\u00a1\u00e3<br \/>- Distance foyer-objet (FOD) : 9,5 mm<br \/>- Pi\u00e8ce de contr\u00f4le des rayons X :<br \/>- Protection de la fonction : Contr\u00f4le externe<br \/>- Syst\u00e8me d'exploitation applicable : Windows 2000 Professionnel, *P Professionnel<br \/>- Conditions de fonctionnement de l'ordinateur : CPU : Intel Pentium ou sup\u00e9rieur, M\u00e9moire : 64 Mo ou plus<br \/>- Pr\u00e9cautions d'emploi :<br \/>- Les rayons X \u00e9mis par ce device sont nocifs pour le corps humain. Une protection ad\u00e9quate est n\u00e9cessaire.<br \/>- Le tube \u00e0 rayons X doit \u00eatre install\u00e9 dans une installation ou une zone prot\u00e9g\u00e9e contre les rayons X afin d'\u00e9viter toute fuite de rayons X.<br \/>- Le syst\u00e8me de verrouillage de l'unit\u00e9 de contr\u00f4le des rayons X doit toujours \u00eatre utilis\u00e9 pour \u00e9viter toute erreur de manipulation.<br \/>- Mise en garde op\u00e9rationnelle :<br \/>- Le produit peut \u00eatre soumis \u00e0 des r\u00e9glementations gouvernementales sur les radiations professionnelles dangereuses. Les demandes n\u00e9cessaires doivent \u00eatre d\u00e9pos\u00e9es conform\u00e9ment aux r\u00e9glementations locales.<\/p>\t\t\t\t\t\t\t\t<\/div>\n\t\t\t\t<\/div>\n\t\t<div id=\"e-n-tab-content-1652021812\" role=\"tabpanel\" aria-labelledby=\"e-n-tab-title-1652021812\" data-tab-index=\"2\" style=\"--n-tabs-title-order: 2;\" class=\"elementor-element elementor-element-ba6df67 e-con-full e-flex e-con e-child\" data-id=\"ba6df67\" data-element_type=\"container\" data-e-type=\"container\" data-settings=\"{&quot;ekit_has_onepagescroll_dot&quot;:&quot;yes&quot;}\">\n\t\t\t\t<div class=\"elementor-element elementor-element-446865d elementor-widget elementor-widget-video\" data-id=\"446865d\" data-element_type=\"widget\" data-e-type=\"widget\" data-settings=\"{&quot;youtube_url&quot;:&quot;https:\\\/\\\/www.youtube.com\\\/watch?v=WaNCJ-UYnao&quot;,&quot;video_type&quot;:&quot;youtube&quot;,&quot;controls&quot;:&quot;yes&quot;,&quot;ekit_we_effect_on&quot;:&quot;none&quot;}\" data-widget_type=\"video.default\">\n\t\t\t\t\t\t\t<div class=\"elementor-wrapper elementor-open-inline\">\n\t\t\t<div class=\"elementor-video\"><\/div>\t\t<\/div>\n\t\t\t\t\t\t<\/div>\n\t\t\t\t<\/div>\n\t\t\t\t\t<\/div>\n\t\t<\/div>\n\t\t\t\t\t\t<\/div>\n\t\t\t\t\t<\/div>\n\t\t\t\t<\/div>\n\t\t\t\t<\/div>","protected":false},"excerpt":{"rendered":"<p>L9421-02_TXPR1011E 90kV Microfocus X-ray Source | Fournit une imagerie haute r\u00e9solution avec un spot focal de 8\u03bcm et un angle de faisceau de 39\u00b0 pour les applications NDT\/CT. Comprend une alimentation HV int\u00e9gr\u00e9e et une commande RS-232C. Id\u00e9al pour l'inspection des circuits imprim\u00e9s et des composants.<\/p>","protected":false},"featured_media":17818,"template":"","meta":{"_lmt_disableupdate":"no","_lmt_disable":"","site-sidebar-layout":"default","site-content-layout":"","ast-site-content-layout":"default","site-content-style":"default","site-sidebar-style":"default","ast-global-header-display":"","ast-banner-title-visibility":"","ast-main-header-display":"","ast-hfb-above-header-display":"","ast-hfb-below-header-display":"","ast-hfb-mobile-header-display":"","site-post-title":"","ast-breadcrumbs-content":"","ast-featured-img":"","footer-sml-layout":"","ast-disable-related-posts":"","theme-transparent-header-meta":"default","adv-header-id-meta":"","stick-header-meta":"default","header-above-stick-meta":"","header-main-stick-meta":"","header-below-stick-meta":"","astra-migrate-meta-layouts":"set","ast-page-background-enabled":"default","ast-page-background-meta":{"desktop":{"background-color":"","background-image":"","background-repeat":"repeat","background-position":"center center","background-size":"auto","background-attachment":"scroll","background-type":"","background-media":"","overlay-type":"","overlay-color":"","overlay-opacity":"","overlay-gradient":""},"tablet":{"background-color":"","background-image":"","background-repeat":"repeat","background-position":"center center","background-size":"auto","background-attachment":"scroll","background-type":"","background-media":"","overlay-type":"","overlay-color":"","overlay-opacity":"","overlay-gradient":""},"mobile":{"background-color":"","background-image":"","background-repeat":"repeat","background-position":"center center","background-size":"auto","background-attachment":"scroll","background-type":"","background-media":"","overlay-type":"","overlay-color":"","overlay-opacity":"","overlay-gradient":""}},"ast-content-background-meta":{"desktop":{"background-color":"var(--ast-global-color-5)","background-image":"","background-repeat":"repeat","background-position":"center center","background-size":"auto","background-attachment":"scroll","background-type":"","background-media":"","overlay-type":"","overlay-color":"","overlay-opacity":"","overlay-gradient":""},"tablet":{"background-color":"var(--ast-global-color-5)","background-image":"","background-repeat":"repeat","background-position":"center center","background-size":"auto","background-attachment":"scroll","background-type":"","background-media":"","overlay-type":"","overlay-color":"","overlay-opacity":"","overlay-gradient":""},"mobile":{"background-color":"var(--ast-global-color-5)","background-image":"","background-repeat":"repeat","background-position":"center center","background-size":"auto","background-attachment":"scroll","background-type":"","background-media":"","overlay-type":"","overlay-color":"","overlay-opacity":"","overlay-gradient":""}}},"product_brand":[],"product_cat":[107],"product_tag":[],"class_list":{"0":"post-17816","1":"product","2":"type-product","3":"status-publish","4":"has-post-thumbnail","6":"product_cat-microfocus-x-ray-tube","7":"desktop-align-left","8":"tablet-align-left","9":"mobile-align-left","10":"ast-product-gallery-layout-horizontal-slider","11":"ast-product-gallery-with-no-image","12":"ast-product-tabs-layout-horizontal","14":"first","15":"instock","16":"shipping-taxable","17":"purchasable","18":"product-type-simple"},"_links":{"self":[{"href":"https:\/\/dezsmt.com\/fr\/wp-json\/wp\/v2\/product\/17816","targetHints":{"allow":["GET"]}}],"collection":[{"href":"https:\/\/dezsmt.com\/fr\/wp-json\/wp\/v2\/product"}],"about":[{"href":"https:\/\/dezsmt.com\/fr\/wp-json\/wp\/v2\/types\/product"}],"version-history":[{"count":2,"href":"https:\/\/dezsmt.com\/fr\/wp-json\/wp\/v2\/product\/17816\/revisions"}],"predecessor-version":[{"id":19309,"href":"https:\/\/dezsmt.com\/fr\/wp-json\/wp\/v2\/product\/17816\/revisions\/19309"}],"wp:featuredmedia":[{"embeddable":true,"href":"https:\/\/dezsmt.com\/fr\/wp-json\/wp\/v2\/media\/17818"}],"wp:attachment":[{"href":"https:\/\/dezsmt.com\/fr\/wp-json\/wp\/v2\/media?parent=17816"}],"wp:term":[{"taxonomy":"product_brand","embeddable":true,"href":"https:\/\/dezsmt.com\/fr\/wp-json\/wp\/v2\/product_brand?post=17816"},{"taxonomy":"product_cat","embeddable":true,"href":"https:\/\/dezsmt.com\/fr\/wp-json\/wp\/v2\/product_cat?post=17816"},{"taxonomy":"product_tag","embeddable":true,"href":"https:\/\/dezsmt.com\/fr\/wp-json\/wp\/v2\/product_tag?post=17816"}],"curies":[{"name":"wp","href":"https:\/\/api.w.org\/{rel}","templated":true}]}}