{"id":17815,"date":"2025-05-05T14:47:05","date_gmt":"2025-05-05T06:47:05","guid":{"rendered":"https:\/\/dezsmt.com\/product-center\/l9181-05_txpr1004e-130-kv-microfocus-x-ray-source\/"},"modified":"2025-12-17T17:23:13","modified_gmt":"2025-12-17T09:23:13","slug":"l9181-05_txpr1004e-130-kv-microfocus-x-ray-source","status":"publish","type":"product","link":"https:\/\/dezsmt.com\/fr\/product-center\/l9181-05_txpr1004e-130-kv-microfocus-x-ray-source\/","title":{"rendered":"L9181-05_TXPR1004E Source de rayons X microfoyer 130 kV"},"content":{"rendered":"<div data-elementor-type=\"product-post\" data-elementor-id=\"17815\" class=\"elementor elementor-17815\" data-elementor-post-type=\"product\">\n\t\t\t\t<div class=\"elementor-element elementor-element-4d5f9bb e-flex e-con-boxed e-con e-parent\" data-id=\"4d5f9bb\" data-element_type=\"container\" data-e-type=\"container\" data-settings=\"{&quot;ekit_has_onepagescroll_dot&quot;:&quot;yes&quot;}\">\n\t\t\t\t\t<div class=\"e-con-inner\">\n\t\t\t\t<div class=\"elementor-element elementor-element-e943728 e-n-tabs-mobile elementor-widget elementor-widget-n-tabs\" data-id=\"e943728\" data-element_type=\"widget\" data-e-type=\"widget\" data-settings=\"{&quot;tabs_justify_horizontal&quot;:&quot;stretch&quot;,&quot;horizontal_scroll&quot;:&quot;disable&quot;,&quot;ekit_we_effect_on&quot;:&quot;none&quot;}\" data-widget_type=\"nested-tabs.default\">\n\t\t\t\t\t\t\t<div class=\"e-n-tabs\" data-widget-number=\"244594472\" aria-label=\"Onglets. Ouvrez des \u00e9l\u00e9ments avec Entrer ou Espace, fermez-les avec Echape et naviguez \u00e0 l&#039;aide des touches fl\u00e9ch\u00e9es.\">\n\t\t\t<div class=\"e-n-tabs-heading\" role=\"tablist\">\n\t\t\t\t\t<button id=\"e-n-tab-title-2445944721\" data-tab-title-id=\"e-n-tab-title-2445944721\" class=\"e-n-tab-title\" aria-selected=\"true\" data-tab-index=\"1\" role=\"tab\" tabindex=\"0\" aria-controls=\"e-n-tab-content-2445944721\" style=\"--n-tabs-title-order: 1;\">\n\t\t\t\t\t\t<span class=\"e-n-tab-title-text\">\n\t\t\t\tSpecs en vedette\t\t\t<\/span>\n\t\t<\/button>\n\t\t\t\t<button id=\"e-n-tab-title-2445944722\" data-tab-title-id=\"e-n-tab-title-2445944722\" class=\"e-n-tab-title\" aria-selected=\"false\" data-tab-index=\"2\" role=\"tab\" tabindex=\"-1\" aria-controls=\"e-n-tab-content-2445944722\" style=\"--n-tabs-title-order: 2;\">\n\t\t\t\t\t\t<span class=\"e-n-tab-title-text\">\n\t\t\t\tVid\u00e9o\t\t\t<\/span>\n\t\t<\/button>\n\t\t\t\t\t<\/div>\n\t\t\t<div class=\"e-n-tabs-content\">\n\t\t\t\t<div id=\"e-n-tab-content-2445944721\" role=\"tabpanel\" aria-labelledby=\"e-n-tab-title-2445944721\" data-tab-index=\"1\" style=\"--n-tabs-title-order: 1;\" class=\"e-active elementor-element elementor-element-d9ea261 e-con-full e-flex e-con e-child\" data-id=\"d9ea261\" data-element_type=\"container\" data-e-type=\"container\" data-settings=\"{&quot;ekit_has_onepagescroll_dot&quot;:&quot;yes&quot;}\">\n\t\t\t\t<div class=\"elementor-element elementor-element-7a897463 elementor-widget elementor-widget-text-editor\" data-id=\"7a897463\" data-element_type=\"widget\" data-e-type=\"widget\" data-settings=\"{&quot;ekit_we_effect_on&quot;:&quot;none&quot;}\" data-widget_type=\"text-editor.default\">\n\t\t\t\t\t\t\t\t\t<p><strong>Caract\u00e9ristiques principales<\/strong>:<br \/>Puissance de sortie \u00e9lev\u00e9e avec un maximum de 39 W.<br \/>Grand angle du faisceau de rayons X de 100\u00a1\u00e3.<br \/>Contr\u00f4le externe via l'interface RS-232C.<br \/>Alimentation haute tension int\u00e9gr\u00e9e.<br \/>Capacit\u00e9s d'inspection non destructive.<br \/>Convient pour les composants \u00e9lectroniques, les cartes de circuits imprim\u00e9s, les composants en plastique et les composants m\u00e9talliques.<br \/>Dispositifs de s\u00e9curit\u00e9 pour \u00e9viter l'exposition aux rayons X.<\/p><p><strong>Fiche technique<\/strong>:<br \/>- Notations g\u00e9n\u00e9rales :<br \/>- Plage de r\u00e9glage de la tension du tube \u00e0 rayons X : 0 \u00e0 130 kV<br \/>- Plage de r\u00e9glage du courant du tube \u00e0 rayons X : 0 \u00e0 300 \u03bcA<br \/>- Tension du tube \u00e0 rayons X Plage op\u00e9rationnelle : 40 \u00e0 130 kV<br \/>- Courant du tube \u00e0 rayons X Plage op\u00e9rationnelle : 10 \u00e0 300 \u03bcA<br \/>- Sortie maximale : 39 W<br \/>- Taille du point focal des rayons X (valeur nominale) : 16 \u00e0 50 \u03bcm<br \/>- Mat\u00e9riau\/\u00e9paisseur de la fen\u00eatre de sortie des rayons X : B\u00e9ryllium\/0,5 mm<br \/>- Angle du faisceau de rayons X : Environ 100\u00a1\u00e3<br \/>- Distance entre la mise au point et l'objet (FOD) : Environ 13 mm<br \/>- Mat\u00e9riau de la cible : Tungst\u00e8ne<br \/>- Poids : Environ 10,4 kg<br \/>- M\u00e9thode de communication : RS-232C (connecteur D-sub \u00e0 9 broches)<br \/>- Tension d'entr\u00e9e (DC) : +24 V (+2.4, -0)<br \/>- Consommation \u00e9lectrique : Moins de 120 W<br \/>- Sortie nominale : Puissance continue<br \/>- Temp\u00e9rature ambiante de fonctionnement : +10 \u00e0 +40\u00a1\u00e3C<br \/>- Temp\u00e9rature ambiante de stockage : 0 \u00e0 +50\u00a1\u00e3C<br \/>- Humidit\u00e9 de fonctionnement et de stockage : 20 \u00e0 85% (sans condensation)<br \/>- Normes de s\u00e9curit\u00e9 : Directive RoHS, EMC, EN 50581 Cat\u00e9gorie 8, 9<br \/>- Logiciel de contr\u00f4le :<br \/>- PC applicable : Compatible PC\/AT<br \/>- Syst\u00e8me d'exploitation applicable : Windows 7, 8.1, 10<br \/>- Interface : Interface RS-232C<\/p><p>\u00a0<\/p><p>Source de rayons X microfocalis\u00e9e L9181-05_TXPR1004E 130 kV<\/p>\t\t\t\t\t\t\t\t<\/div>\n\t\t\t\t<\/div>\n\t\t<div id=\"e-n-tab-content-2445944722\" role=\"tabpanel\" aria-labelledby=\"e-n-tab-title-2445944722\" data-tab-index=\"2\" style=\"--n-tabs-title-order: 2;\" class=\"elementor-element elementor-element-be2f2d1 e-con-full e-flex e-con e-child\" data-id=\"be2f2d1\" data-element_type=\"container\" data-e-type=\"container\" data-settings=\"{&quot;ekit_has_onepagescroll_dot&quot;:&quot;yes&quot;}\">\n\t\t\t\t<div class=\"elementor-element elementor-element-39bc7db elementor-widget elementor-widget-video\" data-id=\"39bc7db\" data-element_type=\"widget\" data-e-type=\"widget\" data-settings=\"{&quot;youtube_url&quot;:&quot;https:\\\/\\\/www.youtube.com\\\/watch?v=WaNCJ-UYnao&quot;,&quot;video_type&quot;:&quot;youtube&quot;,&quot;controls&quot;:&quot;yes&quot;,&quot;ekit_we_effect_on&quot;:&quot;none&quot;}\" data-widget_type=\"video.default\">\n\t\t\t\t\t\t\t<div class=\"elementor-wrapper elementor-open-inline\">\n\t\t\t<div class=\"elementor-video\"><\/div>\t\t<\/div>\n\t\t\t\t\t\t<\/div>\n\t\t\t\t<\/div>\n\t\t\t\t\t<\/div>\n\t\t<\/div>\n\t\t\t\t\t\t<\/div>\n\t\t\t\t\t<\/div>\n\t\t\t\t<\/div>\n\t\t\t\t<\/div>","protected":false},"excerpt":{"rendered":"<p>Le L9181-05_TXPR1004E est une source de rayons X microfocale de 130 kV con\u00e7ue pour le contr\u00f4le non destructif et la tomographie par rayons X. Elle offre une puissance de sortie \u00e9lev\u00e9e et un large angle de faisceau de rayons X, ce qui la rend id\u00e9ale pour diverses applications industrielles. Elle offre une puissance de sortie \u00e9lev\u00e9e et un large angle de faisceau de rayons X, ce qui la rend id\u00e9ale pour diverses applications industrielles.<\/p>","protected":false},"featured_media":17818,"template":"","meta":{"_lmt_disableupdate":"no","_lmt_disable":"","site-sidebar-layout":"default","site-content-layout":"","ast-site-content-layout":"default","site-content-style":"default","site-sidebar-style":"default","ast-global-header-display":"","ast-banner-title-visibility":"","ast-main-header-display":"","ast-hfb-above-header-display":"","ast-hfb-below-header-display":"","ast-hfb-mobile-header-display":"","site-post-title":"","ast-breadcrumbs-content":"","ast-featured-img":"","footer-sml-layout":"","ast-disable-related-posts":"","theme-transparent-header-meta":"default","adv-header-id-meta":"","stick-header-meta":"default","header-above-stick-meta":"","header-main-stick-meta":"","header-below-stick-meta":"","astra-migrate-meta-layouts":"set","ast-page-background-enabled":"default","ast-page-background-meta":{"desktop":{"background-color":"","background-image":"","background-repeat":"repeat","background-position":"center center","background-size":"auto","background-attachment":"scroll","background-type":"","background-media":"","overlay-type":"","overlay-color":"","overlay-opacity":"","overlay-gradient":""},"tablet":{"background-color":"","background-image":"","background-repeat":"repeat","background-position":"center center","background-size":"auto","background-attachment":"scroll","background-type":"","background-media":"","overlay-type":"","overlay-color":"","overlay-opacity":"","overlay-gradient":""},"mobile":{"background-color":"","background-image":"","background-repeat":"repeat","background-position":"center center","background-size":"auto","background-attachment":"scroll","background-type":"","background-media":"","overlay-type":"","overlay-color":"","overlay-opacity":"","overlay-gradient":""}},"ast-content-background-meta":{"desktop":{"background-color":"var(--ast-global-color-5)","background-image":"","background-repeat":"repeat","background-position":"center center","background-size":"auto","background-attachment":"scroll","background-type":"","background-media":"","overlay-type":"","overlay-color":"","overlay-opacity":"","overlay-gradient":""},"tablet":{"background-color":"var(--ast-global-color-5)","background-image":"","background-repeat":"repeat","background-position":"center center","background-size":"auto","background-attachment":"scroll","background-type":"","background-media":"","overlay-type":"","overlay-color":"","overlay-opacity":"","overlay-gradient":""},"mobile":{"background-color":"var(--ast-global-color-5)","background-image":"","background-repeat":"repeat","background-position":"center center","background-size":"auto","background-attachment":"scroll","background-type":"","background-media":"","overlay-type":"","overlay-color":"","overlay-opacity":"","overlay-gradient":""}}},"product_brand":[],"product_cat":[107],"product_tag":[],"class_list":{"0":"post-17815","1":"product","2":"type-product","3":"status-publish","4":"has-post-thumbnail","6":"product_cat-microfocus-x-ray-tube","7":"desktop-align-left","8":"tablet-align-left","9":"mobile-align-left","10":"ast-product-gallery-layout-horizontal-slider","11":"ast-product-gallery-with-no-image","12":"ast-product-tabs-layout-horizontal","14":"first","15":"instock","16":"shipping-taxable","17":"purchasable","18":"product-type-simple"},"_links":{"self":[{"href":"https:\/\/dezsmt.com\/fr\/wp-json\/wp\/v2\/product\/17815","targetHints":{"allow":["GET"]}}],"collection":[{"href":"https:\/\/dezsmt.com\/fr\/wp-json\/wp\/v2\/product"}],"about":[{"href":"https:\/\/dezsmt.com\/fr\/wp-json\/wp\/v2\/types\/product"}],"version-history":[{"count":3,"href":"https:\/\/dezsmt.com\/fr\/wp-json\/wp\/v2\/product\/17815\/revisions"}],"predecessor-version":[{"id":19493,"href":"https:\/\/dezsmt.com\/fr\/wp-json\/wp\/v2\/product\/17815\/revisions\/19493"}],"wp:featuredmedia":[{"embeddable":true,"href":"https:\/\/dezsmt.com\/fr\/wp-json\/wp\/v2\/media\/17818"}],"wp:attachment":[{"href":"https:\/\/dezsmt.com\/fr\/wp-json\/wp\/v2\/media?parent=17815"}],"wp:term":[{"taxonomy":"product_brand","embeddable":true,"href":"https:\/\/dezsmt.com\/fr\/wp-json\/wp\/v2\/product_brand?post=17815"},{"taxonomy":"product_cat","embeddable":true,"href":"https:\/\/dezsmt.com\/fr\/wp-json\/wp\/v2\/product_cat?post=17815"},{"taxonomy":"product_tag","embeddable":true,"href":"https:\/\/dezsmt.com\/fr\/wp-json\/wp\/v2\/product_tag?post=17815"}],"curies":[{"name":"wp","href":"https:\/\/api.w.org\/{rel}","templated":true}]}}