{"id":17813,"date":"2025-05-05T14:47:04","date_gmt":"2025-05-05T06:47:04","guid":{"rendered":"https:\/\/dezsmt.com\/product-center\/st-r820-bga-rework-station\/"},"modified":"2025-12-11T15:23:54","modified_gmt":"2025-12-11T07:23:54","slug":"dez-r820-bga-rework-station","status":"publish","type":"product","link":"https:\/\/dezsmt.com\/fr\/product-center\/dez-r820-bga-rework-station\/","title":{"rendered":"DEZ-R820 Station de reprise de BGA"},"content":{"rendered":"<div data-elementor-type=\"product-post\" data-elementor-id=\"17813\" class=\"elementor elementor-17813\" data-elementor-post-type=\"product\">\n\t\t\t\t<div class=\"elementor-element elementor-element-559efc1e e-flex e-con-boxed e-con e-parent\" data-id=\"559efc1e\" data-element_type=\"container\" data-settings=\"{&quot;ekit_has_onepagescroll_dot&quot;:&quot;yes&quot;}\">\n\t\t\t\t\t<div class=\"e-con-inner\">\n\t\t\t\t<div class=\"elementor-element elementor-element-3986728 e-n-tabs-mobile elementor-widget elementor-widget-n-tabs\" data-id=\"3986728\" data-element_type=\"widget\" data-settings=\"{&quot;tabs_justify_horizontal&quot;:&quot;stretch&quot;,&quot;horizontal_scroll&quot;:&quot;disable&quot;,&quot;ekit_we_effect_on&quot;:&quot;none&quot;}\" data-widget_type=\"nested-tabs.default\">\n\t\t\t\t\t\t\t<div class=\"e-n-tabs\" data-widget-number=\"60319528\" aria-label=\"Onglets. Ouvrez des \u00e9l\u00e9ments avec Entrer ou Espace, fermez-les avec Echape et naviguez \u00e0 l&#039;aide des touches fl\u00e9ch\u00e9es.\">\n\t\t\t<div class=\"e-n-tabs-heading\" role=\"tablist\">\n\t\t\t\t\t<button id=\"e-n-tab-title-603195281\" data-tab-title-id=\"e-n-tab-title-603195281\" class=\"e-n-tab-title\" aria-selected=\"true\" data-tab-index=\"1\" role=\"tab\" tabindex=\"0\" aria-controls=\"e-n-tab-content-603195281\" style=\"--n-tabs-title-order: 1;\">\n\t\t\t\t\t\t<span class=\"e-n-tab-title-text\">\n\t\t\t\tSpecs en vedette\t\t\t<\/span>\n\t\t<\/button>\n\t\t\t\t<button id=\"e-n-tab-title-603195282\" data-tab-title-id=\"e-n-tab-title-603195282\" class=\"e-n-tab-title\" aria-selected=\"false\" data-tab-index=\"2\" role=\"tab\" tabindex=\"-1\" aria-controls=\"e-n-tab-content-603195282\" style=\"--n-tabs-title-order: 2;\">\n\t\t\t\t\t\t<span class=\"e-n-tab-title-text\">\n\t\t\t\tVid\u00e9o\t\t\t<\/span>\n\t\t<\/button>\n\t\t\t\t\t<\/div>\n\t\t\t<div class=\"e-n-tabs-content\">\n\t\t\t\t<div id=\"e-n-tab-content-603195281\" role=\"tabpanel\" aria-labelledby=\"e-n-tab-title-603195281\" data-tab-index=\"1\" style=\"--n-tabs-title-order: 1;\" class=\"e-active elementor-element elementor-element-0f8365a e-con-full e-flex e-con e-child\" data-id=\"0f8365a\" data-element_type=\"container\" data-settings=\"{&quot;ekit_has_onepagescroll_dot&quot;:&quot;yes&quot;}\">\n\t\t\t\t<div class=\"elementor-element elementor-element-36cd0ed8 elementor-widget elementor-widget-text-editor\" data-id=\"36cd0ed8\" data-element_type=\"widget\" data-settings=\"{&quot;ekit_we_effect_on&quot;:&quot;none&quot;}\" data-widget_type=\"text-editor.default\">\n\t\t\t\t\t\t\t\t\t<p><strong>Caract\u00e9ristiques principales<\/strong>:<br \/>Trois radiateurs ind\u00e9pendants pour un contr\u00f4le pr\u00e9cis de la temp\u00e9rature.<br \/>Syst\u00e8me d'alignement optique pr\u00e9cis avec syst\u00e8me optique couleur CCD r\u00e9glable.<br \/>Syst\u00e8me d'exploitation multifonctionnel avec interface homme-machine haute d\u00e9finition.<br \/>Fonctions de s\u00e9curit\u00e9 sup\u00e9rieures avec certification CE.<br \/>Convient \u00e0 diff\u00e9rentes tailles de circuits imprim\u00e9s et de puces BGA.<br \/>Positionnement facile et pr\u00e9cis gr\u00e2ce au support de circuit imprim\u00e9 \u00e0 rainure en V.<br \/>Fixation universelle flexible et amovible pour la protection.<br \/>Contr\u00f4le de la temp\u00e9rature en temps r\u00e9el et stockage des donn\u00e9es.<\/p><p><strong>Fiche technique<\/strong>:<br \/>- Puissance :<br \/>- AC 220V\u00b110\u00a3\u00a5 50\/60 Hz<br \/>- Puissance totale : Max 5300W<br \/>- Puissance de chauffage : chauffage sup\u00e9rieur 1200 W, chauffage inf\u00e9rieur 1200 W, chauffage IR 2700 W<br \/>- Mat\u00e9riaux \u00e9lectriques :<br \/>- Contr\u00f4leur programmable intelligent, support pour connecter l'ordinateur<br \/>- Contr\u00f4le de la temp\u00e9rature :<br \/>- Thermocouple de type K (boucle ferm\u00e9e), contr\u00f4le ind\u00e9pendant de la temp\u00e9rature, pr\u00e9cision de \u00b13\u2103<br \/>- Positionnement :<br \/>- Rainure en V, support de carte de circuit imprim\u00e9<br \/>- Taille du PCB :<br \/>- Max 415\u00d7370 mm, Min 65\u00d765 mm<br \/>- Puce BGA :<br \/>- Max 80x80mm, Min 2\u00d72 mm<br \/>- Dimensions :<br \/>- L680xL630xH900 mm<br \/>- Capteurs :<br \/>- 1 pi\u00e8ce<br \/>- Poids :<br \/>- 79kg<br \/>- Nom du produit : Station de reprise BGA enti\u00e8rement automatique<br \/>- Mod\u00e8le # : ST-R820<br \/>- Puissance totale : 5300W<br \/>- Chauffage sup\u00e9rieur : 1200W<br \/>- Chauffage de fond : 1200W<br \/>- Chauffage IR : 2700W<br \/>- Zone de chauffage IR : 280380mm<br \/>- Tension : AC220V\u00b110% 50\/60Hz<br \/>- Direction du mouvement : Axe Z<br \/>- Syst\u00e8me de positionnement : Rainure en V, support PCB<br \/>- Contr\u00f4le de la temp\u00e9rature : Thermocouple \u00e0 boucle ferm\u00e9e de type K avec une pr\u00e9cision de \u00b13\u2103<br \/>- Pr\u00e9cision de la temp\u00e9rature : \u00b13 degr\u00e9s<br \/>- Taille du PCB : Max 415370 mm, Min 6565 mm<br \/>- Mat\u00e9riel \u00e9lectrique : Servomoteur (Panasonic) + \u00c9cran tactile (Taiwan) + Automate Panasonic + Plaque chauffante (Allemagne)<br \/>- Agrandissement de la cam\u00e9ra : 5X~50X<br \/>- Syst\u00e8me optique : Syst\u00e8me d'imagerie couleur CCD haute d\u00e9finition d'origine japonaise, commande par joystick<br \/>- Puce BGA : Max 8080mm, Min 22 mm<br \/>- \u00c9cran tactile : 10 pouces, r\u00e9solution 640480, \u00e9cran tactile Visa, interface USB externe<br \/>- Capteur de temp\u00e9rature externe : 1 pi\u00e8ce<br \/>- Mode de fonctionnement : Entra\u00eenement \u00e9lectrique (en option, entra\u00eenement au gaz + azote)<br \/>- Pr\u00e9cision de placement : \u00b10,02 mm<br \/>- Dimensions : L680L630H900 mm (support LCD non inclus)<br \/>- Poids net : 79KG<br \/>- Certifications : CE et certificat de brevet<br \/>- Emballage : L780W800H1090mm<br \/>- Poids brut : 105KG<\/p>\t\t\t\t\t\t\t\t<\/div>\n\t\t\t\t<\/div>\n\t\t<div id=\"e-n-tab-content-603195282\" role=\"tabpanel\" aria-labelledby=\"e-n-tab-title-603195282\" data-tab-index=\"2\" style=\"--n-tabs-title-order: 2;\" class=\"elementor-element elementor-element-322ed20 e-con-full e-flex e-con e-child\" data-id=\"322ed20\" data-element_type=\"container\" data-settings=\"{&quot;ekit_has_onepagescroll_dot&quot;:&quot;yes&quot;}\">\n\t\t\t\t<div class=\"elementor-element elementor-element-7e4c4a3 elementor-widget elementor-widget-video\" data-id=\"7e4c4a3\" data-element_type=\"widget\" data-settings=\"{&quot;youtube_url&quot;:&quot;https:\\\/\\\/www.youtube.com\\\/watch?v=WaNCJ-UYnao&quot;,&quot;video_type&quot;:&quot;youtube&quot;,&quot;controls&quot;:&quot;yes&quot;,&quot;ekit_we_effect_on&quot;:&quot;none&quot;}\" data-widget_type=\"video.default\">\n\t\t\t\t\t\t\t<div class=\"elementor-wrapper elementor-open-inline\">\n\t\t\t<div class=\"elementor-video\"><\/div>\t\t<\/div>\n\t\t\t\t\t\t<\/div>\n\t\t\t\t<\/div>\n\t\t\t\t\t<\/div>\n\t\t<\/div>\n\t\t\t\t\t\t<\/div>\n\t\t\t\t\t<\/div>\n\t\t\t\t<\/div>\n\t\t\t\t<\/div>","protected":false},"excerpt":{"rendered":"<p>Le ST-R820 est une station de reprise BGA avec alignement optique con\u00e7ue pour la reprise pr\u00e9cise des puces BGA sur les circuits imprim\u00e9s. Il offre une grande pr\u00e9cision et une grande fiabilit\u00e9, ce qui le rend id\u00e9al pour la fabrication et la r\u00e9paration de mat\u00e9riel \u00e9lectronique.<\/p>","protected":false},"featured_media":19377,"template":"","meta":{"_lmt_disableupdate":"no","_lmt_disable":"","site-sidebar-layout":"default","site-content-layout":"","ast-site-content-layout":"default","site-content-style":"default","site-sidebar-style":"default","ast-global-header-display":"","ast-banner-title-visibility":"","ast-main-header-display":"","ast-hfb-above-header-display":"","ast-hfb-below-header-display":"","ast-hfb-mobile-header-display":"","site-post-title":"","ast-breadcrumbs-content":"","ast-featured-img":"","footer-sml-layout":"","ast-disable-related-posts":"","theme-transparent-header-meta":"default","adv-header-id-meta":"","stick-header-meta":"default","header-above-stick-meta":"","header-main-stick-meta":"","header-below-stick-meta":"","astra-migrate-meta-layouts":"set","ast-page-background-enabled":"default","ast-page-background-meta":{"desktop":{"background-color":"","background-image":"","background-repeat":"repeat","background-position":"center center","background-size":"auto","background-attachment":"scroll","background-type":"","background-media":"","overlay-type":"","overlay-color":"","overlay-opacity":"","overlay-gradient":""},"tablet":{"background-color":"","background-image":"","background-repeat":"repeat","background-position":"center center","background-size":"auto","background-attachment":"scroll","background-type":"","background-media":"","overlay-type":"","overlay-color":"","overlay-opacity":"","overlay-gradient":""},"mobile":{"background-color":"","background-image":"","background-repeat":"repeat","background-position":"center center","background-size":"auto","background-attachment":"scroll","background-type":"","background-media":"","overlay-type":"","overlay-color":"","overlay-opacity":"","overlay-gradient":""}},"ast-content-background-meta":{"desktop":{"background-color":"var(--ast-global-color-5)","background-image":"","background-repeat":"repeat","background-position":"center center","background-size":"auto","background-attachment":"scroll","background-type":"","background-media":"","overlay-type":"","overlay-color":"","overlay-opacity":"","overlay-gradient":""},"tablet":{"background-color":"var(--ast-global-color-5)","background-image":"","background-repeat":"repeat","background-position":"center center","background-size":"auto","background-attachment":"scroll","background-type":"","background-media":"","overlay-type":"","overlay-color":"","overlay-opacity":"","overlay-gradient":""},"mobile":{"background-color":"var(--ast-global-color-5)","background-image":"","background-repeat":"repeat","background-position":"center center","background-size":"auto","background-attachment":"scroll","background-type":"","background-media":"","overlay-type":"","overlay-color":"","overlay-opacity":"","overlay-gradient":""}}},"product_brand":[],"product_cat":[106],"product_tag":[],"class_list":{"0":"post-17813","1":"product","2":"type-product","3":"status-publish","4":"has-post-thumbnail","6":"product_cat-bga-rework-station","7":"desktop-align-left","8":"tablet-align-left","9":"mobile-align-left","10":"ast-product-gallery-layout-horizontal-slider","11":"ast-product-gallery-with-no-image","12":"ast-product-tabs-layout-horizontal","14":"first","15":"instock","16":"shipping-taxable","17":"purchasable","18":"product-type-simple"},"_links":{"self":[{"href":"https:\/\/dezsmt.com\/fr\/wp-json\/wp\/v2\/product\/17813","targetHints":{"allow":["GET"]}}],"collection":[{"href":"https:\/\/dezsmt.com\/fr\/wp-json\/wp\/v2\/product"}],"about":[{"href":"https:\/\/dezsmt.com\/fr\/wp-json\/wp\/v2\/types\/product"}],"version-history":[{"count":5,"href":"https:\/\/dezsmt.com\/fr\/wp-json\/wp\/v2\/product\/17813\/revisions"}],"predecessor-version":[{"id":19442,"href":"https:\/\/dezsmt.com\/fr\/wp-json\/wp\/v2\/product\/17813\/revisions\/19442"}],"wp:featuredmedia":[{"embeddable":true,"href":"https:\/\/dezsmt.com\/fr\/wp-json\/wp\/v2\/media\/19377"}],"wp:attachment":[{"href":"https:\/\/dezsmt.com\/fr\/wp-json\/wp\/v2\/media?parent=17813"}],"wp:term":[{"taxonomy":"product_brand","embeddable":true,"href":"https:\/\/dezsmt.com\/fr\/wp-json\/wp\/v2\/product_brand?post=17813"},{"taxonomy":"product_cat","embeddable":true,"href":"https:\/\/dezsmt.com\/fr\/wp-json\/wp\/v2\/product_cat?post=17813"},{"taxonomy":"product_tag","embeddable":true,"href":"https:\/\/dezsmt.com\/fr\/wp-json\/wp\/v2\/product_tag?post=17813"}],"curies":[{"name":"wp","href":"https:\/\/api.w.org\/{rel}","templated":true}]}}