{"id":17812,"date":"2025-05-05T14:47:04","date_gmt":"2025-05-05T06:47:04","guid":{"rendered":"https:\/\/dezsmt.com\/product-center\/dez-x7600-x-ray-inspection-system\/"},"modified":"2025-12-05T15:51:46","modified_gmt":"2025-12-05T07:51:46","slug":"dez-x7600-x-ray-inspection-system","status":"publish","type":"product","link":"https:\/\/dezsmt.com\/fr\/product-center\/dez-x7600-x-ray-inspection-system\/","title":{"rendered":"Syst\u00e8me d'inspection par rayons X DEZ-X7600"},"content":{"rendered":"<div data-elementor-type=\"product-post\" data-elementor-id=\"17812\" class=\"elementor elementor-17812\" data-elementor-post-type=\"product\">\n\t\t\t\t<div class=\"elementor-element elementor-element-7889c6fd e-flex e-con-boxed e-con e-parent\" data-id=\"7889c6fd\" data-element_type=\"container\" data-settings=\"{&quot;ekit_has_onepagescroll_dot&quot;:&quot;yes&quot;}\">\n\t\t\t\t\t<div class=\"e-con-inner\">\n\t\t\t\t<div class=\"elementor-element elementor-element-665ed4e e-n-tabs-mobile elementor-widget elementor-widget-n-tabs\" data-id=\"665ed4e\" data-element_type=\"widget\" data-settings=\"{&quot;tabs_justify_horizontal&quot;:&quot;stretch&quot;,&quot;horizontal_scroll&quot;:&quot;disable&quot;,&quot;ekit_we_effect_on&quot;:&quot;none&quot;}\" data-widget_type=\"nested-tabs.default\">\n\t\t\t\t\t\t\t<div class=\"e-n-tabs\" data-widget-number=\"107343182\" aria-label=\"Onglets. Ouvrez des \u00e9l\u00e9ments avec Entrer ou Espace, fermez-les avec Echape et naviguez \u00e0 l&#039;aide des touches fl\u00e9ch\u00e9es.\">\n\t\t\t<div class=\"e-n-tabs-heading\" role=\"tablist\">\n\t\t\t\t\t<button id=\"e-n-tab-title-1073431821\" data-tab-title-id=\"e-n-tab-title-1073431821\" class=\"e-n-tab-title\" aria-selected=\"true\" data-tab-index=\"1\" role=\"tab\" tabindex=\"0\" aria-controls=\"e-n-tab-content-1073431821\" style=\"--n-tabs-title-order: 1;\">\n\t\t\t\t\t\t<span class=\"e-n-tab-title-text\">\n\t\t\t\tSpecs en vedette\t\t\t<\/span>\n\t\t<\/button>\n\t\t\t\t<button id=\"e-n-tab-title-1073431822\" data-tab-title-id=\"e-n-tab-title-1073431822\" class=\"e-n-tab-title\" aria-selected=\"false\" data-tab-index=\"2\" role=\"tab\" tabindex=\"-1\" aria-controls=\"e-n-tab-content-1073431822\" style=\"--n-tabs-title-order: 2;\">\n\t\t\t\t\t\t<span class=\"e-n-tab-title-text\">\n\t\t\t\tVid\u00e9o\t\t\t<\/span>\n\t\t<\/button>\n\t\t\t\t\t<\/div>\n\t\t\t<div class=\"e-n-tabs-content\">\n\t\t\t\t<div id=\"e-n-tab-content-1073431821\" role=\"tabpanel\" aria-labelledby=\"e-n-tab-title-1073431821\" data-tab-index=\"1\" style=\"--n-tabs-title-order: 1;\" class=\"e-active elementor-element elementor-element-62e903b e-con-full e-flex e-con e-child\" data-id=\"62e903b\" data-element_type=\"container\" data-settings=\"{&quot;ekit_has_onepagescroll_dot&quot;:&quot;yes&quot;}\">\n\t\t\t\t<div class=\"elementor-element elementor-element-267baf3d elementor-widget elementor-widget-text-editor\" data-id=\"267baf3d\" data-element_type=\"widget\" data-settings=\"{&quot;ekit_we_effect_on&quot;:&quot;none&quot;}\" data-widget_type=\"text-editor.default\">\n\t\t\t\t\t\t\t\t\t<p><strong>Caract\u00e9ristiques principales<\/strong>:<br \/>Imagerie \u00e0 haute r\u00e9solution avec une zone de d\u00e9tection de 130 mm * 130 mm.<br \/>Capacit\u00e9s de surveillance et d'enregistrement en temps r\u00e9el.<br \/>Algorithmes de d\u00e9tection personnalisables pour r\u00e9pondre \u00e0 des besoins sp\u00e9cifiques.<br \/>Interface conviviale User avec navigation intuitive.<br \/>Ordinateur industriel robuste avec des sp\u00e9cifications tr\u00e8s performantes.<br \/>Fonctionnement s\u00fbr et fiable avec des fonctions de protection contre les radiations.<br \/>Convient \u00e0 diverses applications \u00e9lectroniques et semi-conductrices.<\/p><p><strong>Fiche technique<\/strong>:<br \/>- Source de rayons X :<br \/>- Marque : Hamamatsu, Japon<br \/>- Type : Microfoyer ferm\u00e9<br \/>- Tension : 130 kv<br \/>- Courant : 10-300uA<br \/>- Taille du foyer : 5\u03bcm<br \/>- Puissance maximale : 39W<br \/>- Unit\u00e9 d'imagerie :<br \/>- Marque : iRAY<br \/>- Type : D\u00e9tecteur \u00e0 panneau plat en silicium Amorphous<br \/>- Zone d'imagerie : 130 mm * 130 mm<br \/>- Taille de l'unit\u00e9 photosensible : 85\u03bcm<br \/>- Matrice de pixels : 1536 * 1536<br \/>- R\u00e9solution : 5,8Lp\/mm<br \/>- Taux de rafra\u00eechissement de l'image : 20 images par seconde<br \/>- Angle d'inclinaison : 0-90\u00a1\u00e3 (45\u00a1\u00e3 \u00e0 gauche et \u00e0 droite)<br \/>- Rapport de grossissement : Grossissement g\u00e9om\u00e9trique de 150 fois<br \/>- H\u00f4te informatique :<br \/>- Marque : Advantech Industrial Computer<br \/>- Configuration : CPU : I5 7700, RAM : 8G, HDD : 1TB<br \/>- Moniteur : 24\u2033 FHD LCD Display<br \/>- Plate-forme de chargement :<br \/>- Zone de chargement : 520mm * 520mm<br \/>- Zone d'inspection maximale : 510 mm * 450 mm<br \/>- D\u00e9placement (axe Z) : Panneau de d\u00e9tection Z1=300mm, Source de rayons X Z2=300mm<br \/>- D\u00e9placement du mouvement (axe X) : axe *=510mm, axe Y=450mm<br \/>- Poids maximal de l'\u00e9chantillon : 12 kg<br \/>- M\u00e9thode de contr\u00f4le des mouvements : Manette, souris et clavier<br \/>- Syst\u00e8me de navigation :<br \/>- Configuration : Cam\u00e9ra haute d\u00e9finition Hikvision<br \/>- Syst\u00e8me logiciel :<br \/>- D\u00e9velopp\u00e9s de mani\u00e8re ind\u00e9pendante avec des logiciels de propri\u00e9t\u00e9 intellectuelle<br \/>- Fonctions : R\u00e9glage automatique de l'image, navigation automatique, fonction de calcul, algorithmes de d\u00e9tection personnalisables, fonctionnalit\u00e9 d'\u00e9dition de l'emplacement.<br \/>- Param\u00e8tres de la machine :<br \/>- Poids : Environ 1650 kg<br \/>- Alimentation \u00e9lectrique : 220V\/50Hz<br \/>- Puissance maximale : 2.0KW<br \/>- Dimensions de l'\u00e9quipement : 1400mm(L) * 1350mm(L) * 1750mm(H)<br \/>- Dose de fuite de rayonnement : &lt;0,5\u03bcSv\/h<\/p><p>- S\u00e9curit\u00e9 des rayons X : Dose de fuite de rayonnement &lt;0,5\u03bcSv\/h, mat\u00e9riau de protection du bo\u00eetier compos\u00e9 d&#039;une structure en acier-lead, la fen\u00eatre de la porte avant utilise du verre leaded pour la protection contre les rayonnements, dispositif de verrouillage de s\u00e9curit\u00e9, voyants d&#039;\u00e9tat, d\u00e9p\u00f4t d&#039;exemption pour les radio-isotopes et les rayonnements devices.<br \/>- Liste de configuration :<br \/>- Source de rayons X : 1 ensemble (Hamamatsu, Japon, Closed Microfocus X-ray Source 130KV)<br \/>- Unit\u00e9 d'imagerie : 1 pi\u00e8ce (iRAY, Amorphous Silicon Flat Panel Detector 130mm * 130mm)<br \/>- Ordinateur h\u00f4te : 1 pi\u00e8ce (ordinateur industriel Advantech)<br \/>- Moniteur : 1 pi\u00e8ce (moniteur HD de 24 pouces)<br \/>- Composants de contr\u00f4le de pr\u00e9cision : 1 jeu (carte de contr\u00f4le de mouvement Googol, moteur, etc.)<br \/>- Lead Room et Motion Parts : 1 set (Droits propres)<br \/>- Logiciel : 1 jeu (droits propres)<\/p>\t\t\t\t\t\t\t\t<\/div>\n\t\t\t\t<\/div>\n\t\t<div id=\"e-n-tab-content-1073431822\" role=\"tabpanel\" aria-labelledby=\"e-n-tab-title-1073431822\" data-tab-index=\"2\" style=\"--n-tabs-title-order: 2;\" class=\"elementor-element elementor-element-b348fe1 e-con-full e-flex e-con e-child\" data-id=\"b348fe1\" data-element_type=\"container\" data-settings=\"{&quot;ekit_has_onepagescroll_dot&quot;:&quot;yes&quot;}\">\n\t\t\t\t<div class=\"elementor-element elementor-element-a2a5ab9 elementor-widget elementor-widget-video\" data-id=\"a2a5ab9\" data-element_type=\"widget\" data-settings=\"{&quot;youtube_url&quot;:&quot;https:\\\/\\\/www.youtube.com\\\/watch?v=WaNCJ-UYnao&quot;,&quot;video_type&quot;:&quot;youtube&quot;,&quot;controls&quot;:&quot;yes&quot;,&quot;ekit_we_effect_on&quot;:&quot;none&quot;}\" data-widget_type=\"video.default\">\n\t\t\t\t\t\t\t<div class=\"elementor-wrapper elementor-open-inline\">\n\t\t\t<div class=\"elementor-video\"><\/div>\t\t<\/div>\n\t\t\t\t\t\t<\/div>\n\t\t\t\t<\/div>\n\t\t\t\t\t<\/div>\n\t\t<\/div>\n\t\t\t\t\t\t<\/div>\n\t\t\t\t\t<\/div>\n\t\t\t\t<\/div>\n\t\t\t\t<\/div>","protected":false},"excerpt":{"rendered":"<p>Le DEZ-X7600 est un syst\u00e8me d'inspection par rayons X con\u00e7u pour les essais non destructifs de composants \u00e9lectroniques et de circuits imprim\u00e9s. Il offre une imagerie haute r\u00e9solution et des capacit\u00e9s de d\u00e9tection pr\u00e9cises, ce qui le rend id\u00e9al pour le contr\u00f4le de la qualit\u00e9 et l'analyse des d\u00e9faillances.<\/p>","protected":false},"featured_media":19412,"template":"","meta":{"_lmt_disableupdate":"no","_lmt_disable":"","site-sidebar-layout":"default","site-content-layout":"","ast-site-content-layout":"default","site-content-style":"default","site-sidebar-style":"default","ast-global-header-display":"","ast-banner-title-visibility":"","ast-main-header-display":"","ast-hfb-above-header-display":"","ast-hfb-below-header-display":"","ast-hfb-mobile-header-display":"","site-post-title":"","ast-breadcrumbs-content":"","ast-featured-img":"","footer-sml-layout":"","ast-disable-related-posts":"","theme-transparent-header-meta":"default","adv-header-id-meta":"","stick-header-meta":"default","header-above-stick-meta":"","header-main-stick-meta":"","header-below-stick-meta":"","astra-migrate-meta-layouts":"set","ast-page-background-enabled":"default","ast-page-background-meta":{"desktop":{"background-color":"","background-image":"","background-repeat":"repeat","background-position":"center center","background-size":"auto","background-attachment":"scroll","background-type":"","background-media":"","overlay-type":"","overlay-color":"","overlay-opacity":"","overlay-gradient":""},"tablet":{"background-color":"","background-image":"","background-repeat":"repeat","background-position":"center center","background-size":"auto","background-attachment":"scroll","background-type":"","background-media":"","overlay-type":"","overlay-color":"","overlay-opacity":"","overlay-gradient":""},"mobile":{"background-color":"","background-image":"","background-repeat":"repeat","background-position":"center center","background-size":"auto","background-attachment":"scroll","background-type":"","background-media":"","overlay-type":"","overlay-color":"","overlay-opacity":"","overlay-gradient":""}},"ast-content-background-meta":{"desktop":{"background-color":"var(--ast-global-color-5)","background-image":"","background-repeat":"repeat","background-position":"center center","background-size":"auto","background-attachment":"scroll","background-type":"","background-media":"","overlay-type":"","overlay-color":"","overlay-opacity":"","overlay-gradient":""},"tablet":{"background-color":"var(--ast-global-color-5)","background-image":"","background-repeat":"repeat","background-position":"center center","background-size":"auto","background-attachment":"scroll","background-type":"","background-media":"","overlay-type":"","overlay-color":"","overlay-opacity":"","overlay-gradient":""},"mobile":{"background-color":"var(--ast-global-color-5)","background-image":"","background-repeat":"repeat","background-position":"center center","background-size":"auto","background-attachment":"scroll","background-type":"","background-media":"","overlay-type":"","overlay-color":"","overlay-opacity":"","overlay-gradient":""}}},"product_brand":[],"product_cat":[105],"product_tag":[],"class_list":{"0":"post-17812","1":"product","2":"type-product","3":"status-publish","4":"has-post-thumbnail","6":"product_cat-x-ray-inspection-system","7":"desktop-align-left","8":"tablet-align-left","9":"mobile-align-left","10":"ast-product-gallery-layout-horizontal-slider","11":"ast-product-tabs-layout-horizontal","13":"first","14":"instock","15":"shipping-taxable","16":"purchasable","17":"product-type-simple"},"_links":{"self":[{"href":"https:\/\/dezsmt.com\/fr\/wp-json\/wp\/v2\/product\/17812","targetHints":{"allow":["GET"]}}],"collection":[{"href":"https:\/\/dezsmt.com\/fr\/wp-json\/wp\/v2\/product"}],"about":[{"href":"https:\/\/dezsmt.com\/fr\/wp-json\/wp\/v2\/types\/product"}],"version-history":[{"count":1,"href":"https:\/\/dezsmt.com\/fr\/wp-json\/wp\/v2\/product\/17812\/revisions"}],"predecessor-version":[{"id":19403,"href":"https:\/\/dezsmt.com\/fr\/wp-json\/wp\/v2\/product\/17812\/revisions\/19403"}],"wp:featuredmedia":[{"embeddable":true,"href":"https:\/\/dezsmt.com\/fr\/wp-json\/wp\/v2\/media\/19412"}],"wp:attachment":[{"href":"https:\/\/dezsmt.com\/fr\/wp-json\/wp\/v2\/media?parent=17812"}],"wp:term":[{"taxonomy":"product_brand","embeddable":true,"href":"https:\/\/dezsmt.com\/fr\/wp-json\/wp\/v2\/product_brand?post=17812"},{"taxonomy":"product_cat","embeddable":true,"href":"https:\/\/dezsmt.com\/fr\/wp-json\/wp\/v2\/product_cat?post=17812"},{"taxonomy":"product_tag","embeddable":true,"href":"https:\/\/dezsmt.com\/fr\/wp-json\/wp\/v2\/product_tag?post=17812"}],"curies":[{"name":"wp","href":"https:\/\/api.w.org\/{rel}","templated":true}]}}