{"id":17805,"date":"2025-05-05T14:47:00","date_gmt":"2025-05-05T06:47:00","guid":{"rendered":"https:\/\/dezsmt.com\/product-center\/dez-c7310-dry-ice-cleaning-equipment\/"},"modified":"2025-12-04T18:08:35","modified_gmt":"2025-12-04T10:08:35","slug":"dez-c7310-dry-ice-cleaning-equipment","status":"publish","type":"product","link":"https:\/\/dezsmt.com\/fr\/product-center\/dez-c7310-dry-ice-cleaning-equipment\/","title":{"rendered":"DEZ-C7310 \u00c9quipement de nettoyage \u00e0 glace s\u00e8che"},"content":{"rendered":"<div data-elementor-type=\"product-post\" data-elementor-id=\"17805\" class=\"elementor elementor-17805\" data-elementor-post-type=\"product\">\n\t\t\t\t<div class=\"elementor-element elementor-element-284fcc63 e-flex e-con-boxed e-con e-parent\" data-id=\"284fcc63\" data-element_type=\"container\" data-settings=\"{&quot;ekit_has_onepagescroll_dot&quot;:&quot;yes&quot;}\">\n\t\t\t\t\t<div class=\"e-con-inner\">\n\t\t\t\t<div class=\"elementor-element elementor-element-d0f8fe4 e-n-tabs-mobile elementor-widget elementor-widget-n-tabs\" data-id=\"d0f8fe4\" data-element_type=\"widget\" data-settings=\"{&quot;tabs_justify_horizontal&quot;:&quot;stretch&quot;,&quot;horizontal_scroll&quot;:&quot;disable&quot;,&quot;ekit_we_effect_on&quot;:&quot;none&quot;}\" data-widget_type=\"nested-tabs.default\">\n\t\t\t\t\t\t\t<div class=\"e-n-tabs\" data-widget-number=\"219123684\" aria-label=\"Onglets. Ouvrez des \u00e9l\u00e9ments avec Entrer ou Espace, fermez-les avec Echape et naviguez \u00e0 l&#039;aide des touches fl\u00e9ch\u00e9es.\">\n\t\t\t<div class=\"e-n-tabs-heading\" role=\"tablist\">\n\t\t\t\t\t<button id=\"e-n-tab-title-2191236841\" data-tab-title-id=\"e-n-tab-title-2191236841\" class=\"e-n-tab-title\" aria-selected=\"true\" data-tab-index=\"1\" role=\"tab\" tabindex=\"0\" aria-controls=\"e-n-tab-content-2191236841\" style=\"--n-tabs-title-order: 1;\">\n\t\t\t\t\t\t<span class=\"e-n-tab-title-text\">\n\t\t\t\tSpecs en vedette\t\t\t<\/span>\n\t\t<\/button>\n\t\t\t\t<button id=\"e-n-tab-title-2191236842\" data-tab-title-id=\"e-n-tab-title-2191236842\" class=\"e-n-tab-title\" aria-selected=\"false\" data-tab-index=\"2\" role=\"tab\" tabindex=\"-1\" aria-controls=\"e-n-tab-content-2191236842\" style=\"--n-tabs-title-order: 2;\">\n\t\t\t\t\t\t<span class=\"e-n-tab-title-text\">\n\t\t\t\tVid\u00e9o\t\t\t<\/span>\n\t\t<\/button>\n\t\t\t\t\t<\/div>\n\t\t\t<div class=\"e-n-tabs-content\">\n\t\t\t\t<div id=\"e-n-tab-content-2191236841\" role=\"tabpanel\" aria-labelledby=\"e-n-tab-title-2191236841\" data-tab-index=\"1\" style=\"--n-tabs-title-order: 1;\" class=\"e-active elementor-element elementor-element-e62524d e-con-full e-flex e-con e-child\" data-id=\"e62524d\" data-element_type=\"container\" data-settings=\"{&quot;ekit_has_onepagescroll_dot&quot;:&quot;yes&quot;}\">\n\t\t\t\t<div class=\"elementor-element elementor-element-6203153b elementor-widget elementor-widget-text-editor\" data-id=\"6203153b\" data-element_type=\"widget\" data-settings=\"{&quot;ekit_we_effect_on&quot;:&quot;none&quot;}\" data-widget_type=\"text-editor.default\">\n\t\t\t\t\t\t\t\t\t<p><strong>Caract\u00e9ristiques principales<\/strong>:<br \/>Utilise de la glace s\u00e8che pour un nettoyage non abrasif.<br \/>Pas de d\u00e9chets secondaires ni de r\u00e9sidus.<br \/>Respectueux de l'environnement et s\u00fbr pour les op\u00e9rateurs.<br \/>Large \u00e9ventail d'applications, y compris l'\u00e9lectronique et l'\u00e9lectronique automobile.<br \/>Rentable avec de faibles co\u00fbts d'exploitation.<br \/>Facile \u00e0 utiliser avec des param\u00e8tres r\u00e9glables.<br \/>R\u00e9duit les temps d'arr\u00eat et am\u00e9liore la productivit\u00e9.<br \/>Nettoyage non destructif sans endommager les surfaces.<\/p><p><strong>Fiche technique<\/strong>:<br \/>- Alimentation \u00e9lectrique : AC220V 50HZ<br \/>- Puissance du moteur principal : 0,25KW<br \/>- Puissance du moteur d'\u00e9chappement : 500W<br \/>- D\u00e9bit de gaz : 0,5~4,0 m\u00e8tres cubes\/min (param\u00e8tres r\u00e9glables)<br \/>- Pression : 01~0,8Mpa (param\u00e8tres r\u00e9glables)<br \/>- Quantit\u00e9 de glace s\u00e8che pulv\u00e9ris\u00e9e : 0,1-0,6KG\/min (param\u00e8tres r\u00e9glables)<br \/>- Glace s\u00e8che applicable : 140125250MM (environ 5Kg)<br \/>- Capacit\u00e9 de la tr\u00e9mie : 5-10Kg<br \/>- Taille de l'\u00e9quipement : L680W750H1680(mm) (La taille des mod\u00e8les personnalis\u00e9s peut \u00eatre l\u00e9g\u00e8rement diff\u00e9rente)<\/p>\t\t\t\t\t\t\t\t<\/div>\n\t\t\t\t<\/div>\n\t\t<div id=\"e-n-tab-content-2191236842\" role=\"tabpanel\" aria-labelledby=\"e-n-tab-title-2191236842\" data-tab-index=\"2\" style=\"--n-tabs-title-order: 2;\" class=\"elementor-element elementor-element-9e6ec8b e-con-full e-flex e-con e-child\" data-id=\"9e6ec8b\" data-element_type=\"container\" data-settings=\"{&quot;ekit_has_onepagescroll_dot&quot;:&quot;yes&quot;}\">\n\t\t\t\t<div class=\"elementor-element elementor-element-16a9915 elementor-widget elementor-widget-video\" data-id=\"16a9915\" data-element_type=\"widget\" data-settings=\"{&quot;youtube_url&quot;:&quot;https:\\\/\\\/www.youtube.com\\\/watch?v=WaNCJ-UYnao&quot;,&quot;video_type&quot;:&quot;youtube&quot;,&quot;controls&quot;:&quot;yes&quot;,&quot;ekit_we_effect_on&quot;:&quot;none&quot;}\" data-widget_type=\"video.default\">\n\t\t\t\t\t\t\t<div class=\"elementor-wrapper elementor-open-inline\">\n\t\t\t<div class=\"elementor-video\"><\/div>\t\t<\/div>\n\t\t\t\t\t\t<\/div>\n\t\t\t\t<\/div>\n\t\t\t\t\t<\/div>\n\t\t<\/div>\n\t\t\t\t\t\t<\/div>\n\t\t\t\t\t<\/div>\n\t\t\t\t<\/div>\n\t\t\t\t<\/div>","protected":false},"excerpt":{"rendered":"<p>La DEZ-C7310 est une machine de nettoyage \u00e0 glace s\u00e8che con\u00e7ue pour nettoyer les PCBA et autres composants \u00e9lectroniques. Elle offre une solution de nettoyage non abrasive, non toxique et respectueuse de l'environnement, ce qui la rend id\u00e9ale pour l'industrie \u00e9lectronique.<\/p>","protected":false},"featured_media":19380,"template":"","meta":{"_lmt_disableupdate":"no","_lmt_disable":"","site-sidebar-layout":"default","site-content-layout":"","ast-site-content-layout":"default","site-content-style":"default","site-sidebar-style":"default","ast-global-header-display":"","ast-banner-title-visibility":"","ast-main-header-display":"","ast-hfb-above-header-display":"","ast-hfb-below-header-display":"","ast-hfb-mobile-header-display":"","site-post-title":"","ast-breadcrumbs-content":"","ast-featured-img":"","footer-sml-layout":"","ast-disable-related-posts":"","theme-transparent-header-meta":"default","adv-header-id-meta":"","stick-header-meta":"default","header-above-stick-meta":"","header-main-stick-meta":"","header-below-stick-meta":"","astra-migrate-meta-layouts":"set","ast-page-background-enabled":"default","ast-page-background-meta":{"desktop":{"background-color":"","background-image":"","background-repeat":"repeat","background-position":"center center","background-size":"auto","background-attachment":"scroll","background-type":"","background-media":"","overlay-type":"","overlay-color":"","overlay-opacity":"","overlay-gradient":""},"tablet":{"background-color":"","background-image":"","background-repeat":"repeat","background-position":"center center","background-size":"auto","background-attachment":"scroll","background-type":"","background-media":"","overlay-type":"","overlay-color":"","overlay-opacity":"","overlay-gradient":""},"mobile":{"background-color":"","background-image":"","background-repeat":"repeat","background-position":"center center","background-size":"auto","background-attachment":"scroll","background-type":"","background-media":"","overlay-type":"","overlay-color":"","overlay-opacity":"","overlay-gradient":""}},"ast-content-background-meta":{"desktop":{"background-color":"var(--ast-global-color-5)","background-image":"","background-repeat":"repeat","background-position":"center center","background-size":"auto","background-attachment":"scroll","background-type":"","background-media":"","overlay-type":"","overlay-color":"","overlay-opacity":"","overlay-gradient":""},"tablet":{"background-color":"var(--ast-global-color-5)","background-image":"","background-repeat":"repeat","background-position":"center center","background-size":"auto","background-attachment":"scroll","background-type":"","background-media":"","overlay-type":"","overlay-color":"","overlay-opacity":"","overlay-gradient":""},"mobile":{"background-color":"var(--ast-global-color-5)","background-image":"","background-repeat":"repeat","background-position":"center center","background-size":"auto","background-attachment":"scroll","background-type":"","background-media":"","overlay-type":"","overlay-color":"","overlay-opacity":"","overlay-gradient":""}}},"product_brand":[],"product_cat":[109],"product_tag":[],"class_list":{"0":"post-17805","1":"product","2":"type-product","3":"status-publish","4":"has-post-thumbnail","6":"product_cat-dry-ice-cleaning-machine","7":"desktop-align-left","8":"tablet-align-left","9":"mobile-align-left","10":"ast-product-gallery-layout-horizontal-slider","11":"ast-product-gallery-with-no-image","12":"ast-product-tabs-layout-horizontal","14":"first","15":"instock","16":"shipping-taxable","17":"purchasable","18":"product-type-simple"},"_links":{"self":[{"href":"https:\/\/dezsmt.com\/fr\/wp-json\/wp\/v2\/product\/17805","targetHints":{"allow":["GET"]}}],"collection":[{"href":"https:\/\/dezsmt.com\/fr\/wp-json\/wp\/v2\/product"}],"about":[{"href":"https:\/\/dezsmt.com\/fr\/wp-json\/wp\/v2\/types\/product"}],"version-history":[{"count":1,"href":"https:\/\/dezsmt.com\/fr\/wp-json\/wp\/v2\/product\/17805\/revisions"}],"predecessor-version":[{"id":19383,"href":"https:\/\/dezsmt.com\/fr\/wp-json\/wp\/v2\/product\/17805\/revisions\/19383"}],"wp:featuredmedia":[{"embeddable":true,"href":"https:\/\/dezsmt.com\/fr\/wp-json\/wp\/v2\/media\/19380"}],"wp:attachment":[{"href":"https:\/\/dezsmt.com\/fr\/wp-json\/wp\/v2\/media?parent=17805"}],"wp:term":[{"taxonomy":"product_brand","embeddable":true,"href":"https:\/\/dezsmt.com\/fr\/wp-json\/wp\/v2\/product_brand?post=17805"},{"taxonomy":"product_cat","embeddable":true,"href":"https:\/\/dezsmt.com\/fr\/wp-json\/wp\/v2\/product_cat?post=17805"},{"taxonomy":"product_tag","embeddable":true,"href":"https:\/\/dezsmt.com\/fr\/wp-json\/wp\/v2\/product_tag?post=17805"}],"curies":[{"name":"wp","href":"https:\/\/api.w.org\/{rel}","templated":true}]}}