{"id":17804,"date":"2025-05-05T14:47:00","date_gmt":"2025-05-05T06:47:00","guid":{"rendered":"https:\/\/dezsmt.com\/product-center\/dez-c1650-dry-ice-cleaning-machine\/"},"modified":"2025-12-04T18:08:14","modified_gmt":"2025-12-04T10:08:14","slug":"dez-c1650-dry-ice-cleaning-machine","status":"publish","type":"product","link":"https:\/\/dezsmt.com\/fr\/product-center\/dez-c1650-dry-ice-cleaning-machine\/","title":{"rendered":"DEZ-C1650 Machine de nettoyage \u00e0 glace s\u00e8che"},"content":{"rendered":"<div data-elementor-type=\"product-post\" data-elementor-id=\"17804\" class=\"elementor elementor-17804\" data-elementor-post-type=\"product\">\n\t\t\t\t<div class=\"elementor-element elementor-element-4319cd57 e-flex e-con-boxed e-con e-parent\" data-id=\"4319cd57\" data-element_type=\"container\" data-settings=\"{&quot;ekit_has_onepagescroll_dot&quot;:&quot;yes&quot;}\">\n\t\t\t\t\t<div class=\"e-con-inner\">\n\t\t\t\t<div class=\"elementor-element elementor-element-7e022c7b e-n-tabs-mobile elementor-widget elementor-widget-n-tabs\" data-id=\"7e022c7b\" data-element_type=\"widget\" data-settings=\"{&quot;tabs_justify_horizontal&quot;:&quot;stretch&quot;,&quot;horizontal_scroll&quot;:&quot;disable&quot;,&quot;ekit_we_effect_on&quot;:&quot;none&quot;}\" data-widget_type=\"nested-tabs.default\">\n\t\t\t\t\t\t\t<div class=\"e-n-tabs\" data-widget-number=\"2114071675\" aria-label=\"Onglets. Ouvrez des \u00e9l\u00e9ments avec Entrer ou Espace, fermez-les avec Echape et naviguez \u00e0 l&#039;aide des touches fl\u00e9ch\u00e9es.\">\n\t\t\t<div class=\"e-n-tabs-heading\" role=\"tablist\">\n\t\t\t\t\t<button id=\"e-n-tab-title-21140716751\" data-tab-title-id=\"e-n-tab-title-21140716751\" class=\"e-n-tab-title\" aria-selected=\"true\" data-tab-index=\"1\" role=\"tab\" tabindex=\"0\" aria-controls=\"e-n-tab-content-21140716751\" style=\"--n-tabs-title-order: 1;\">\n\t\t\t\t\t\t<span class=\"e-n-tab-title-text\">\n\t\t\t\tVue d'ensemble\t\t\t<\/span>\n\t\t<\/button>\n\t\t\t\t<button id=\"e-n-tab-title-21140716752\" data-tab-title-id=\"e-n-tab-title-21140716752\" class=\"e-n-tab-title\" aria-selected=\"false\" data-tab-index=\"2\" role=\"tab\" tabindex=\"-1\" aria-controls=\"e-n-tab-content-21140716752\" style=\"--n-tabs-title-order: 2;\">\n\t\t\t\t\t\t<span class=\"e-n-tab-title-text\">\n\t\t\t\tSpecs en vedette\t\t\t<\/span>\n\t\t<\/button>\n\t\t\t\t<button id=\"e-n-tab-title-21140716753\" data-tab-title-id=\"e-n-tab-title-21140716753\" class=\"e-n-tab-title\" aria-selected=\"false\" data-tab-index=\"3\" role=\"tab\" tabindex=\"-1\" aria-controls=\"e-n-tab-content-21140716753\" style=\"--n-tabs-title-order: 3;\">\n\t\t\t\t\t\t<span class=\"e-n-tab-title-text\">\n\t\t\t\tVid\u00e9o\t\t\t<\/span>\n\t\t<\/button>\n\t\t\t\t\t<\/div>\n\t\t\t<div class=\"e-n-tabs-content\">\n\t\t\t\t<div id=\"e-n-tab-content-21140716751\" role=\"tabpanel\" aria-labelledby=\"e-n-tab-title-21140716751\" data-tab-index=\"1\" style=\"--n-tabs-title-order: 1;\" class=\"e-active elementor-element elementor-element-37ed79f4 e-flex e-con-boxed e-con e-child\" data-id=\"37ed79f4\" data-element_type=\"container\" data-settings=\"{&quot;ekit_has_onepagescroll_dot&quot;:&quot;yes&quot;}\">\n\t\t\t\t\t<div class=\"e-con-inner\">\n\t\t<div class=\"elementor-element elementor-element-13c92341 e-con-full e-flex e-con e-child\" data-id=\"13c92341\" data-element_type=\"container\" data-settings=\"{&quot;ekit_has_onepagescroll_dot&quot;:&quot;yes&quot;}\">\n\t\t\t\t<div class=\"elementor-element elementor-element-1cccabe9 elementor-widget elementor-widget-heading\" data-id=\"1cccabe9\" data-element_type=\"widget\" data-settings=\"{&quot;ekit_we_effect_on&quot;:&quot;none&quot;}\" data-widget_type=\"heading.default\">\n\t\t\t\t\t<h4 class=\"elementor-heading-title elementor-size-default\">1. Pr\u00e9sentation du produit<\/h4>\t\t\t\t<\/div>\n\t\t\t\t<div class=\"elementor-element elementor-element-3dff2109 elementor-widget elementor-widget-text-editor\" data-id=\"3dff2109\" data-element_type=\"widget\" data-settings=\"{&quot;ekit_we_effect_on&quot;:&quot;none&quot;}\" data-widget_type=\"text-editor.default\">\n\t\t\t\t\t\t\t\t\t<p>La machine de nettoyage \u00e0 glace s\u00e8che DezSmart DEZ-C1650 est une solution de nettoyage industriel r\u00e9volutionnaire qui red\u00e9finit l'efficacit\u00e9, la s\u00e9curit\u00e9 et la durabilit\u00e9. Utilisant la glace s\u00e8che (dioxyde de carbone solide, CO\u2082) comme moyen de nettoyage, elle emploie une m\u00e9thode de d\u00e9contamination s\u00e8che qui fonctionne directement sur les lignes de production, sans qu'il soit n\u00e9cessaire d'interrompre les op\u00e9rations ou de d\u00e9monter l'\u00e9quipement.<\/p><p>Les particules de glace s\u00e8che, d'une duret\u00e9 de Mohs de seulement 2 (plus douces que des mat\u00e9riaux comme le cuivre ou la calcite), assurent un nettoyage non abrasif, r\u00e9duisant les tol\u00e9rances des machines et \u00e9vitant d'endommager les roulements ou les surfaces. Apr\u00e8s la pulv\u00e9risation, la glace s\u00e8che se sublime instantan\u00e9ment (elle passe de l'\u00e9tat solide \u00e0 l'\u00e9tat gazeux), ne laissant aucun r\u00e9sidu et ne produisant aucun d\u00e9chet secondaire. Le DEZ-C1650 est donc id\u00e9al pour les t\u00e2ches de nettoyage d\u00e9licates ou de pr\u00e9cision, combinant puissance et douceur pour obtenir des r\u00e9sultats sup\u00e9rieurs.<\/p>\t\t\t\t\t\t\t\t<\/div>\n\t\t\t\t<div class=\"elementor-element elementor-element-62934631 elementor-widget elementor-widget-heading\" data-id=\"62934631\" data-element_type=\"widget\" data-settings=\"{&quot;ekit_we_effect_on&quot;:&quot;none&quot;}\" data-widget_type=\"heading.default\">\n\t\t\t\t\t<h4 class=\"elementor-heading-title elementor-size-default\">2. Champ d'application<\/h4>\t\t\t\t<\/div>\n\t\t\t\t<div class=\"elementor-element elementor-element-a645590 elementor-widget elementor-widget-image\" data-id=\"a645590\" data-element_type=\"widget\" data-settings=\"{&quot;ekit_we_effect_on&quot;:&quot;none&quot;}\" data-widget_type=\"image.default\">\n\t\t\t\t\t\t\t\t\t\t\t\t\t\t\t<img decoding=\"async\" width=\"1024\" height=\"576\" src=\"https:\/\/dezsmt.com\/wp-content\/uploads\/2025\/05\/\u5361\u5361\u622a\u56fe_2025-08-12-09_47_06.789-1024x576.png\" class=\"attachment-large size-large wp-image-18892\" alt=\"\" srcset=\"https:\/\/dezsmt.com\/wp-content\/uploads\/2025\/05\/\u5361\u5361\u622a\u56fe_2025-08-12-09_47_06.789-1024x576.png 1024w, https:\/\/dezsmt.com\/wp-content\/uploads\/2025\/05\/\u5361\u5361\u622a\u56fe_2025-08-12-09_47_06.789-300x169.png 300w, https:\/\/dezsmt.com\/wp-content\/uploads\/2025\/05\/\u5361\u5361\u622a\u56fe_2025-08-12-09_47_06.789-768x432.png 768w, https:\/\/dezsmt.com\/wp-content\/uploads\/2025\/05\/\u5361\u5361\u622a\u56fe_2025-08-12-09_47_06.789-18x10.png 18w, https:\/\/dezsmt.com\/wp-content\/uploads\/2025\/05\/\u5361\u5361\u622a\u56fe_2025-08-12-09_47_06.789-600x338.png 600w, https:\/\/dezsmt.com\/wp-content\/uploads\/2025\/05\/\u5361\u5361\u622a\u56fe_2025-08-12-09_47_06.789.png 1258w\" sizes=\"(max-width: 1024px) 100vw, 1024px\" title=\"\">\t\t\t\t\t\t\t\t\t\t\t\t\t\t\t<\/div>\n\t\t\t\t<div class=\"elementor-element elementor-element-600a8861 elementor-widget elementor-widget-text-editor\" data-id=\"600a8861\" data-element_type=\"widget\" data-settings=\"{&quot;ekit_we_effect_on&quot;:&quot;none&quot;}\" data-widget_type=\"text-editor.default\">\n\t\t\t\t\t\t\t\t\t<div class=\"auto-hide-last-sibling-br paragraph-JOTKXA paragraph-element br-paragraph-space\"><div class=\"auto-hide-last-sibling-br paragraph-JOTKXA paragraph-element br-paragraph-space\">Le DEZ-C1650 est polyvalent et s'attaque \u00e0 divers contaminants dans diff\u00e9rents sc\u00e9narios :<\/div><p>\u00a0<\/p><ul class=\"auto-hide-last-sibling-br\"><li><strong>Industries cl\u00e9s<\/strong>: Fabrication automobile, maintenance de moules industriels, traitement p\u00e9trochimique, imprimerie, production \u00e9lectronique, industrie nucl\u00e9aire et fabrication g\u00e9n\u00e9rale.<\/li><li><strong>Objets de nettoyage sp\u00e9cifiques<\/strong>:<br \/><ul class=\"auto-hide-last-sibling-br\"><li>Moules industriels (\u00e9limination de la r\u00e9sine, des agents de d\u00e9moulage et des d\u00e9bris)<\/li><li>PCBA et composants \u00e9lectroniques (flux, poussi\u00e8re et r\u00e9sidus de soudure)<\/li><li>Pi\u00e8ces automobiles (moteurs \u6cb9\u6c61\uff0c moules de pneus et contaminants de la surface des m\u00e9taux)<\/li><li>Fixations de brasage \u00e0 la vague et bavures en plastique<\/li><li>Pi\u00e8ces m\u00e9talliques pr\u00e9sentant des taches d'huile, blocs d'alimentation haut de gamme et chaudi\u00e8res<\/li><\/ul><\/li><\/ul><\/div>\t\t\t\t\t\t\t\t<\/div>\n\t\t\t\t<div class=\"elementor-element elementor-element-3b420e50 elementor-widget elementor-widget-heading\" data-id=\"3b420e50\" data-element_type=\"widget\" data-settings=\"{&quot;ekit_we_effect_on&quot;:&quot;none&quot;}\" data-widget_type=\"heading.default\">\n\t\t\t\t\t<h4 class=\"elementor-heading-title elementor-size-default\">3. Processus de travail<\/h4>\t\t\t\t<\/div>\n\t\t\t\t<div class=\"elementor-element elementor-element-fa3d3a3 elementor-widget elementor-widget-image\" data-id=\"fa3d3a3\" data-element_type=\"widget\" data-settings=\"{&quot;ekit_we_effect_on&quot;:&quot;none&quot;}\" data-widget_type=\"image.default\">\n\t\t\t\t\t\t\t\t\t\t\t\t\t\t\t<img decoding=\"async\" src=\"https:\/\/dezsmt.com\/wp-content\/uploads\/elementor\/thumbs\/\u539f\u7406-ra4ngz2hrdy4fq1awvrdxewgndvc44inrzj633ygso.jpg\" title=\"\u539f\u7406\" alt=\"\u539f\u7406\" loading=\"lazy\" \/>\t\t\t\t\t\t\t\t\t\t\t\t\t\t\t<\/div>\n\t\t\t\t<div class=\"elementor-element elementor-element-72197aff elementor-widget elementor-widget-text-editor\" data-id=\"72197aff\" data-element_type=\"widget\" data-settings=\"{&quot;ekit_we_effect_on&quot;:&quot;none&quot;}\" data-widget_type=\"text-editor.default\">\n\t\t\t\t\t\t\t\t\t<p>Le DEZ-C1650 nettoie gr\u00e2ce \u00e0 trois effets synergiques, assurant une d\u00e9contamination compl\u00e8te :<\/p><ul><li>Impact m\u00e9canique : Les particules de glace s\u00e8che sont propuls\u00e9es \u00e0 une vitesse pouvant atteindre 150 m\/s depuis le pistolet de nettoyage, d\u00e9logeant physiquement les contaminants de la surface au moment de l'impact.<\/li><li>Cong\u00e9lation \u00e0 basse temp\u00e9rature : \u00c0 -78,5 \u00b0C, la glace s\u00e8che g\u00e8le instantan\u00e9ment et fragilise les polluants (par exemple, la graisse, les adh\u00e9sifs), les rendant plus faciles \u00e0 d\u00e9tacher, ce qui est particuli\u00e8rement efficace sur les moules chauds.<\/li><li>Explosion par sublimation : Lorsque la glace s\u00e8che entre en contact avec la surface, elle se sublime rapidement, multipliant son volume par 800. Cette expansion explosive cr\u00e9e une micro onde de choc qui d\u00e9colle les contaminants de la surface, sans laisser de trace.<\/li><\/ul><p>Le processus est r\u00e9glable : la pression de pulv\u00e9risation (0,1~0,8Mpa) et le d\u00e9bit de glace carbonique (0,1-0,6KG\/min) peuvent \u00eatre ajust\u00e9s avec pr\u00e9cision pour r\u00e9pondre aux diff\u00e9rents besoins de nettoyage, la pulv\u00e9risation continue sur la m\u00eame zone \u00e9tant limit\u00e9e \u00e0 2 secondes pour \u00e9viter que les chutes de temp\u00e9rature ne d\u00e9passent 20\u00b0C.<\/p>\t\t\t\t\t\t\t\t<\/div>\n\t\t\t\t<div class=\"elementor-element elementor-element-73817b35 elementor-widget elementor-widget-heading\" data-id=\"73817b35\" data-element_type=\"widget\" data-settings=\"{&quot;ekit_we_effect_on&quot;:&quot;none&quot;}\" data-widget_type=\"heading.default\">\n\t\t\t\t\t<h4 class=\"elementor-heading-title elementor-size-default\">4. Avantages principaux<\/h4>\t\t\t\t<\/div>\n\t\t\t\t<div class=\"elementor-element elementor-element-3f9e38b3 elementor-widget elementor-widget-text-editor\" data-id=\"3f9e38b3\" data-element_type=\"widget\" data-settings=\"{&quot;ekit_we_effect_on&quot;:&quot;none&quot;}\" data-widget_type=\"text-editor.default\">\n\t\t\t\t\t\t\t\t\t<p>Compar\u00e9 aux m\u00e9thodes de nettoyage traditionnelles, le DEZ-C1650 se distingue par des avantages in\u00e9gal\u00e9s :<\/p><ul><li>Nettoyage non destructif : Une duret\u00e9 de Mohs de 2 garantit l'absence d'abrasion ou d'endommagement des surfaces, des tol\u00e9rances ou des machines, contrairement au sablage ou au nettoyage \u00e0 la soude.<\/li><li>Z\u00e9ro d\u00e9chet secondaire : La glace s\u00e8che se sublime en CO\u2082, ne laissant aucun r\u00e9sidu. Il n'est pas n\u00e9cessaire d'\u00e9liminer les eaux us\u00e9es ou les d\u00e9bris (contrairement \u00e0 l'eau \u00e0 haute pression ou au nettoyage chimique).<\/li><li>Respectueux de l'environnement et s\u00fbr : Utilise du CO\u2082 non toxique, conforme aux normes USDA\/FDA\/EPA. \u00c9limine l'exposition aux produits chimiques nocifs (contrairement au nettoyage au solvant).<\/li><li>Processus sec : L'absence d'humidit\u00e9 signifie qu'il n'y a pas de risque pour l'\u00e9lectronique, les fils ou les interrupteurs. R\u00e9duit la croissance bact\u00e9rienne dans les environnements alimentaires (contrairement aux m\u00e9thodes \u00e0 base d'eau).<\/li><li>Haute efficacit\u00e9 : Permet un nettoyage en ligne, r\u00e9duisant les temps d'arr\u00eat en \u00e9liminant les \u00e9tapes de d\u00e9montage, de refroidissement ou de s\u00e9chage (contrairement aux m\u00e9thodes manuelles ou traditionnelles).<\/li><li>R\u00e9duction des co\u00fbts Seul le compresseur d'air consomme de l'\u00e9nergie ; il n'y a pas de co\u00fbts permanents pour le nettoyage et l'\u00e9limination du milieu (la glace s\u00e8che se sublime naturellement).<\/li><li>Polyvalence : Les buses interchangeables et les param\u00e8tres r\u00e9glables (pression, d\u00e9bit de glace) s'adaptent \u00e0 diverses t\u00e2ches, de l'\u00e9lectronique d\u00e9licate aux machines lourdes.<\/li><\/ul>\t\t\t\t\t\t\t\t<\/div>\n\t\t\t\t<div class=\"elementor-element elementor-element-3b477755 elementor-widget elementor-widget-heading\" data-id=\"3b477755\" data-element_type=\"widget\" data-settings=\"{&quot;ekit_we_effect_on&quot;:&quot;none&quot;}\" data-widget_type=\"heading.default\">\n\t\t\t\t\t<h4 class=\"elementor-heading-title elementor-size-default\">5. Structure du produit<\/h4>\t\t\t\t<\/div>\n\t\t\t\t<div class=\"elementor-element elementor-element-6e1a1363 elementor-widget elementor-widget-text-editor\" data-id=\"6e1a1363\" data-element_type=\"widget\" data-settings=\"{&quot;ekit_we_effect_on&quot;:&quot;none&quot;}\" data-widget_type=\"text-editor.default\">\n\t\t\t\t\t\t\t\t\t<p>Le DEZ-C1650 est con\u00e7u pour la durabilit\u00e9, le contr\u00f4le et la compacit\u00e9 :<\/p>\t\t\t\t\t\t\t\t<\/div>\n\t\t\t\t<div class=\"elementor-element elementor-element-1fab212e elementor-widget elementor-widget-text-editor\" data-id=\"1fab212e\" data-element_type=\"widget\" data-settings=\"{&quot;ekit_we_effect_on&quot;:&quot;none&quot;}\" data-widget_type=\"text-editor.default\">\n\t\t\t\t\t\t\t\t\t<p><strong>a.Param\u00e8tres cl\u00e9s :<\/strong><\/p><ul class=\"auto-hide-last-sibling-br\"><li>Alimentation \u00e9lectrique : AC220V (50-60HZ)<\/li><li>Puissance : 0,25KW (\u00e9conome en \u00e9nergie)<\/li><li>Capacit\u00e9 de la tr\u00e9mie : 5-10Kg (stockage de glace s\u00e8che)<\/li><li>Glace s\u00e8che Spec : 140<em>125<\/em>250mm (\u22485Kg par bloc)<\/li><li>D\u00e9bit de pulv\u00e9risation : 0,1-0,6KG\/min (r\u00e9glable)<\/li><li>Dimensions : L590<em>W400<\/em>H515mm (conception compacte pour les espaces restreints)<\/li><li>Poids : 50KG<\/li><li>Pression d'air : 0,1~0,8Mpa (r\u00e9glable pour la pr\u00e9cision)<\/li><\/ul><div class=\"auto-hide-last-sibling-br paragraph-JOTKXA paragraph-element br-paragraph-space\"><strong>b.Caract\u00e9ristiques de contr\u00f4le<\/strong>: \u00c9quip\u00e9 d'un panneau convivial user pour la surveillance de la pression en temps r\u00e9el, le r\u00e9glage de la production de glace et un moteur sans balais pour un fonctionnement stable. Le tuyau de glace \u00e0 basse temp\u00e9rature (1\/2\u2033) assure une distribution efficace de la glace s\u00e8che.<\/div><p>\u00a0<\/p>\t\t\t\t\t\t\t\t<\/div>\n\t\t\t\t<\/div>\n\t\t\t\t<div class=\"elementor-element elementor-element-79162f64 elementor-widget elementor-widget-heading\" data-id=\"79162f64\" data-element_type=\"widget\" data-settings=\"{&quot;ekit_we_effect_on&quot;:&quot;none&quot;}\" data-widget_type=\"heading.default\">\n\t\t\t\t\t<h4 class=\"elementor-heading-title elementor-size-default\">6. cas de travail<\/h4>\t\t\t\t<\/div>\n\t\t\t\t<div class=\"elementor-element elementor-element-29493189 elementor-widget elementor-widget-text-editor\" data-id=\"29493189\" data-element_type=\"widget\" data-settings=\"{&quot;ekit_we_effect_on&quot;:&quot;none&quot;}\" data-widget_type=\"text-editor.default\">\n\t\t\t\t\t\t\t\t\t<div class=\"auto-hide-last-sibling-br paragraph-JOTKXA paragraph-element br-paragraph-space\">Le DEZ-C1650 offre des r\u00e9sultats visibles dans toutes les applications :<\/div><ol class=\"auto-hide-last-sibling-br\"><li><strong>Nettoyage des moisissures<\/strong>: Un moule d'injection plastique contamin\u00e9 par des r\u00e9sidus de r\u00e9sine a \u00e9t\u00e9 nettoy\u00e9 en 5 minutes. Apr\u00e8s le nettoyage, la surface du moule \u00e9tait exempte de toute accumulation, ce qui a permis de r\u00e9duire les taux de d\u00e9fauts dans les cycles de production ult\u00e9rieurs.<\/li><li><strong>Nettoyage des chaudi\u00e8res<\/strong>: Une chaudi\u00e8re industrielle avec des d\u00e9p\u00f4ts de carbone a \u00e9t\u00e9 trait\u00e9e en utilisant 0,4KG\/min de glace s\u00e8che \u00e0 une pression de 0,6Mpa. Apr\u00e8s 8 minutes, les tubes de la chaudi\u00e8re ont retrouv\u00e9 leur efficacit\u00e9 de transfert de chaleur, sans dommage pour les surfaces m\u00e9talliques.<\/li><li><strong>Nettoyage de PCBA<\/strong>: Les r\u00e9sidus de flux sur les cartes \u00e9lectroniques ont \u00e9t\u00e9 \u00e9limin\u00e9s sans endommager les composants, ce qui est essentiel pour maintenir la conductivit\u00e9 et \u00e9viter les courts-circuits.<\/li><\/ol>\t\t\t\t\t\t\t\t<\/div>\n\t\t\t\t<div class=\"elementor-element elementor-element-60a6077 elementor-widget-divider--view-line elementor-widget elementor-widget-divider\" data-id=\"60a6077\" data-element_type=\"widget\" data-settings=\"{&quot;ekit_we_effect_on&quot;:&quot;none&quot;}\" data-widget_type=\"divider.default\">\n\t\t\t\t\t\t\t<div class=\"elementor-divider\">\n\t\t\t<span class=\"elementor-divider-separator\">\n\t\t\t\t\t\t<\/span>\n\t\t<\/div>\n\t\t\t\t\t\t<\/div>\n\t\t\t\t<div class=\"elementor-element elementor-element-6d5d3a2 elementor-widget elementor-widget-text-editor\" data-id=\"6d5d3a2\" data-element_type=\"widget\" data-settings=\"{&quot;ekit_we_effect_on&quot;:&quot;none&quot;}\" data-widget_type=\"text-editor.default\">\n\t\t\t\t\t\t\t\t\t<p>La machine de nettoyage cryog\u00e9nique DezSmart DEZ-C1650 allie puissance, s\u00e9curit\u00e9 et durabilit\u00e9 pour relever les d\u00e9fis du nettoyage industriel. Qu'il s'agisse de nettoyer des moules sans les d\u00e9monter, de d\u00e9contaminer des appareils \u00e9lectroniques en toute s\u00e9curit\u00e9 ou de r\u00e9duire les temps d'arr\u00eat des lignes de production, elle offre une efficacit\u00e9 et des \u00e9conomies in\u00e9gal\u00e9es.<\/p><p>Pr\u00eat \u00e0 moderniser votre processus de nettoyage ? Visitez le site <span style=\"color: #33cccc;\"><a style=\"color: #33cccc;\" href=\"https:\/\/dezsmt.com\/fr\/\">www.dezsmt.com<\/a><\/span> pour en savoir plus ou demander une d\u00e9monstration. D\u00e9couvrez d\u00e8s aujourd'hui l'avenir du nettoyage industriel.<\/p>\t\t\t\t\t\t\t\t<\/div>\n\t\t\t\t\t<\/div>\n\t\t\t\t<\/div>\n\t\t<div id=\"e-n-tab-content-21140716752\" role=\"tabpanel\" aria-labelledby=\"e-n-tab-title-21140716752\" data-tab-index=\"2\" style=\"--n-tabs-title-order: 2;\" class=\"elementor-element elementor-element-436dde81 e-con-full e-flex e-con e-child\" data-id=\"436dde81\" data-element_type=\"container\" data-settings=\"{&quot;ekit_has_onepagescroll_dot&quot;:&quot;yes&quot;}\">\n\t\t\t\t<div class=\"elementor-element elementor-element-588090f6 elementor-widget elementor-widget-text-editor\" data-id=\"588090f6\" data-element_type=\"widget\" data-settings=\"{&quot;ekit_we_effect_on&quot;:&quot;none&quot;}\" data-widget_type=\"text-editor.default\">\n\t\t\t\t\t\t\t\t\t<p>\n<table id=\"tablepress-57\" class=\"tablepress tablepress-id-57\">\n<thead>\n<tr class=\"row-1\">\n\t<th class=\"column-1\">mod\u00e8le<\/th><th class=\"column-2\">DEZ-C1650<\/th>\n<\/tr>\n<\/thead>\n<tbody class=\"row-striping row-hover\">\n<tr class=\"row-2\">\n\t<td class=\"column-1\">l'alimentation \u00e9lectrique<\/td><td class=\"column-2\">AC220V\uff0850-60HZ\uff09<\/td>\n<\/tr>\n<tr class=\"row-3\">\n\t<td class=\"column-1\">Puissance<\/td><td class=\"column-2\">0,25KW<\/td>\n<\/tr>\n<tr class=\"row-4\">\n\t<td class=\"column-1\">Capacit\u00e9 de la tr\u00e9mie<\/td><td class=\"column-2\">5-10Kg<\/td>\n<\/tr>\n<tr class=\"row-5\">\n\t<td class=\"column-1\">Capacit\u00e9 de glace s\u00e8che<\/td><td class=\"column-2\">140*125*250MM (Environ 5Kg)<\/td>\n<\/tr>\n<tr class=\"row-6\">\n\t<td class=\"column-1\">Volume de glace s\u00e8che pulv\u00e9ris\u00e9e<\/td><td class=\"column-2\">0,1-0,6KG\/min (r\u00e9glable)<\/td>\n<\/tr>\n<tr class=\"row-7\">\n\t<td class=\"column-1\">Taille\/poids de la machine<\/td><td class=\"column-2\">L590*W400*H515\uff08mm\uff09\/50KG<\/td>\n<\/tr>\n<tr class=\"row-8\">\n\t<td class=\"column-1\">Tuyau de glaceGTL<\/td><td class=\"column-2\">1\/2 Glace s\u00e8che \u00e0 basse temp\u00e9rature<\/td>\n<\/tr>\n<tr class=\"row-9\">\n\t<td class=\"column-1\">D\u00e9bit\/pression du gaz<\/td><td class=\"column-2\">0,5-4,0\u00b3\/min \/0,1~0,8Mpa\uff08adjustable\uff09<\/td>\n<\/tr>\n<tr class=\"row-10\">\n\t<td class=\"column-1\">Niveau de protection contre les agressions<\/td><td class=\"column-2\">IP55<\/td>\n<\/tr>\n<\/tbody>\n<\/table>\n<!-- #tablepress-57 from cache --><\/p>\t\t\t\t\t\t\t\t<\/div>\n\t\t\t\t<\/div>\n\t\t<div id=\"e-n-tab-content-21140716753\" role=\"tabpanel\" aria-labelledby=\"e-n-tab-title-21140716753\" data-tab-index=\"3\" style=\"--n-tabs-title-order: 3;\" class=\"elementor-element elementor-element-793db18d e-con-full e-flex e-con e-child\" data-id=\"793db18d\" data-element_type=\"container\" data-settings=\"{&quot;ekit_has_onepagescroll_dot&quot;:&quot;yes&quot;}\">\n\t\t\t\t<div class=\"elementor-element elementor-element-28e6fa1e elementor-widget elementor-widget-video\" data-id=\"28e6fa1e\" data-element_type=\"widget\" data-settings=\"{&quot;youtube_url&quot;:&quot;https:\\\/\\\/www.youtube.com\\\/watch?v=C_T1_kKHfLQ&amp;t=63s&quot;,&quot;video_type&quot;:&quot;youtube&quot;,&quot;controls&quot;:&quot;yes&quot;,&quot;ekit_we_effect_on&quot;:&quot;none&quot;}\" data-widget_type=\"video.default\">\n\t\t\t\t\t\t\t<div class=\"elementor-wrapper elementor-open-inline\">\n\t\t\t<div class=\"elementor-video\"><\/div>\t\t<\/div>\n\t\t\t\t\t\t<\/div>\n\t\t\t\t<\/div>\n\t\t\t\t\t<\/div>\n\t\t<\/div>\n\t\t\t\t\t\t<\/div>\n\t\t\t\t\t<\/div>\n\t\t\t\t<\/div>\n\t\t\t\t<\/div>","protected":false},"excerpt":{"rendered":"<p>La DEZ-C7320 est une machine de nettoyage \u00e0 glace s\u00e8che en ligne con\u00e7ue pour le nettoyage industriel. Elle offre une solution de nettoyage non abrasive, non toxique et respectueuse de l'environnement, ce qui la rend id\u00e9ale pour diverses industries.<\/p>","protected":false},"featured_media":19379,"template":"","meta":{"_lmt_disableupdate":"no","_lmt_disable":"","site-sidebar-layout":"default","site-content-layout":"","ast-site-content-layout":"default","site-content-style":"default","site-sidebar-style":"default","ast-global-header-display":"","ast-banner-title-visibility":"","ast-main-header-display":"","ast-hfb-above-header-display":"","ast-hfb-below-header-display":"","ast-hfb-mobile-header-display":"","site-post-title":"","ast-breadcrumbs-content":"","ast-featured-img":"","footer-sml-layout":"","ast-disable-related-posts":"","theme-transparent-header-meta":"default","adv-header-id-meta":"","stick-header-meta":"default","header-above-stick-meta":"","header-main-stick-meta":"","header-below-stick-meta":"","astra-migrate-meta-layouts":"set","ast-page-background-enabled":"default","ast-page-background-meta":{"desktop":{"background-color":"","background-image":"","background-repeat":"repeat","background-position":"center center","background-size":"auto","background-attachment":"scroll","background-type":"","background-media":"","overlay-type":"","overlay-color":"","overlay-opacity":"","overlay-gradient":""},"tablet":{"background-color":"","background-image":"","background-repeat":"repeat","background-position":"center center","background-size":"auto","background-attachment":"scroll","background-type":"","background-media":"","overlay-type":"","overlay-color":"","overlay-opacity":"","overlay-gradient":""},"mobile":{"background-color":"","background-image":"","background-repeat":"repeat","background-position":"center center","background-size":"auto","background-attachment":"scroll","background-type":"","background-media":"","overlay-type":"","overlay-color":"","overlay-opacity":"","overlay-gradient":""}},"ast-content-background-meta":{"desktop":{"background-color":"var(--ast-global-color-5)","background-image":"","background-repeat":"repeat","background-position":"center center","background-size":"auto","background-attachment":"scroll","background-type":"","background-media":"","overlay-type":"","overlay-color":"","overlay-opacity":"","overlay-gradient":""},"tablet":{"background-color":"var(--ast-global-color-5)","background-image":"","background-repeat":"repeat","background-position":"center center","background-size":"auto","background-attachment":"scroll","background-type":"","background-media":"","overlay-type":"","overlay-color":"","overlay-opacity":"","overlay-gradient":""},"mobile":{"background-color":"var(--ast-global-color-5)","background-image":"","background-repeat":"repeat","background-position":"center center","background-size":"auto","background-attachment":"scroll","background-type":"","background-media":"","overlay-type":"","overlay-color":"","overlay-opacity":"","overlay-gradient":""}}},"product_brand":[],"product_cat":[109],"product_tag":[],"class_list":{"0":"post-17804","1":"product","2":"type-product","3":"status-publish","4":"has-post-thumbnail","6":"product_cat-dry-ice-cleaning-machine","7":"desktop-align-left","8":"tablet-align-left","9":"mobile-align-left","10":"ast-product-gallery-layout-horizontal-slider","11":"ast-product-tabs-layout-horizontal","13":"first","14":"instock","15":"shipping-taxable","16":"purchasable","17":"product-type-simple"},"_links":{"self":[{"href":"https:\/\/dezsmt.com\/fr\/wp-json\/wp\/v2\/product\/17804","targetHints":{"allow":["GET"]}}],"collection":[{"href":"https:\/\/dezsmt.com\/fr\/wp-json\/wp\/v2\/product"}],"about":[{"href":"https:\/\/dezsmt.com\/fr\/wp-json\/wp\/v2\/types\/product"}],"version-history":[{"count":4,"href":"https:\/\/dezsmt.com\/fr\/wp-json\/wp\/v2\/product\/17804\/revisions"}],"predecessor-version":[{"id":18906,"href":"https:\/\/dezsmt.com\/fr\/wp-json\/wp\/v2\/product\/17804\/revisions\/18906"}],"wp:featuredmedia":[{"embeddable":true,"href":"https:\/\/dezsmt.com\/fr\/wp-json\/wp\/v2\/media\/19379"}],"wp:attachment":[{"href":"https:\/\/dezsmt.com\/fr\/wp-json\/wp\/v2\/media?parent=17804"}],"wp:term":[{"taxonomy":"product_brand","embeddable":true,"href":"https:\/\/dezsmt.com\/fr\/wp-json\/wp\/v2\/product_brand?post=17804"},{"taxonomy":"product_cat","embeddable":true,"href":"https:\/\/dezsmt.com\/fr\/wp-json\/wp\/v2\/product_cat?post=17804"},{"taxonomy":"product_tag","embeddable":true,"href":"https:\/\/dezsmt.com\/fr\/wp-json\/wp\/v2\/product_tag?post=17804"}],"curies":[{"name":"wp","href":"https:\/\/api.w.org\/{rel}","templated":true}]}}