{"id":17802,"date":"2025-05-05T14:47:00","date_gmt":"2025-05-05T06:47:00","guid":{"rendered":"https:\/\/dezsmt.com\/product-center\/dez-c9610-inline-pcba-water-based-cleaning-machine\/"},"modified":"2026-01-15T19:44:56","modified_gmt":"2026-01-15T11:44:56","slug":"dez-c9610-inline-pcba-water-based-cleaning-machine","status":"publish","type":"product","link":"https:\/\/dezsmt.com\/fr\/product-center\/dez-c9610-inline-pcba-water-based-cleaning-machine\/","title":{"rendered":"DEZ-C1360 Machine de nettoyage en ligne \u00e0 base d'eau pour PCBA"},"content":{"rendered":"<p><button id=\"e-n-tab-title-1751623251\" style=\"--n-tabs-title-order: 1;\" tabindex=\"0\" role=\"tab\" aria-selected=\"true\" data-tab-index=\"1\" aria-controls=\"e-n-tab-content-1751623251\"><br \/>\nSpecs en vedette<br \/>\n<\/button><br \/>\n<button id=\"e-n-tab-title-1751623252\" style=\"--n-tabs-title-order: 2;\" tabindex=\"-1\" role=\"tab\" aria-selected=\"false\" data-tab-index=\"2\" aria-controls=\"e-n-tab-content-1751623252\"><br \/>\nVid\u00e9o<br \/>\n<\/button><\/p>\n<p><strong>Caract\u00e9ristiques principales<\/strong>:<br \/>\nTrois sections de traitement : nettoyage chimique, rin\u00e7age \u00e0 l'eau pure et s\u00e9chage \u00e0 l'air chaud.<br \/>\nBande transporteuse sur toute la largeur avec vitesse r\u00e9glable.<br \/>\nPanier de transport en maille d'acier inoxydable pour une plus grande durabilit\u00e9.<br \/>\nSyst\u00e8me de commande \u00e0 \u00e9cran tactile avec interface intuitive.<br \/>\nDiff\u00e9rents sch\u00e9mas de cycles pour des besoins de nettoyage diff\u00e9rents.<br \/>\nBuses multidirectionnelles \u00e0 lavage rapide pour un nettoyage efficace.<br \/>\nR\u00e9servoirs d'eau ind\u00e9pendants pour chaque section de nettoyage.<br \/>\nVitrage \u00e0 double couche d'isolation thermique pour des \u00e9conomies d'\u00e9nergie.<\/p>\n<p><strong>Fiche technique<\/strong>:<br \/>\n- Mod\u00e8le:DEZ-1360<\/p>\n<p>- Taille de la machine : L3610 * L1600 * H1620mm<\/p>\n<p>- Puissance : 75 kW<\/p>\n<p>- Poids : Appro. 2000kg<\/p>\n<p>- Taille du produit de nettoyage : 50-500mm, (personnalisable)<\/p>\n<p>-\u00c9paisseur du produit : 0-500 mm<\/p>\n<p>-Poids du produit : &lt;10kg<\/p>\n<p>-Nombre de zones de s\u00e9chage : deux<\/p>\n<p>-M\u00e9thode de s\u00e9chage : S\u00e9chage \u00e0 l'air chaud<\/p>\n<p>-Nombre de lames d'air dans les zones de s\u00e9chage : 4 vers le haut et 4 vers le bas<\/p>\n<p>- Temp\u00e9rature du solvant de nettoyage chimique : 25-75\u2103<\/p>\n<p>-Angle de la lame d'air : r\u00e9glable<\/p>\n<p>- Vitesse de transport : 0mm-1000mm\/Min.~Max.<\/p>\n<p>- M\u00e9thode de contr\u00f4le : \u00c9cran tactile + contr\u00f4le PLC<\/p>\n<p>- Mat\u00e9riau du corps de la machine : Mat\u00e9riau import\u00e9 PP r\u00e9sistant \u00e0 la corrosion<\/p>\n<p>-Mat\u00e9riau du r\u00e9servoir de produits chimiques recycl\u00e9s : PP import\u00e9 r\u00e9sistant \u00e0 la corrosion.<\/p>\n<p>-R\u00e9servoir d'eau de la section de rin\u00e7age ID Mat\u00e9riau : Mat\u00e9riau d'importation PP r\u00e9sistant \u00e0 la corrosion<\/p>\n<p>- Mat\u00e9riau de la bande en maille : Acier inoxydable SUS316<\/p>\n<p>- Alimentation \u00e9lectrique : AC 380V, triphas\u00e9, 5 fils<\/p>\n<p>- Qualit\u00e9 de l'eau DI : &gt;15M\u03a9<\/p>\n<p>- D\u00e9bit d'eau DI : 1m\u00b3\/h<\/p>\n<p>- Volume d'air : 1800 CFM<\/p>\n<p>- Bruit : &lt; 70 dB<\/p>\n<p>-Largeur du convoyeur : 500 mm<\/p>\n<p>-Observation window\uff1aYes<\/p>\n<p>-Syst\u00e8me d'alimentation automatique en liquide : option<\/p>\n<p>-Installation de la tuyauterie : mode d'assemblage rapide, remplacement facile<\/p>\n<p>&nbsp;<\/p>\n<div class=\"ast-oembed-container\" style=\"height: 100%;\"><iframe title=\"Dezsmart Factory tour Usine de nettoyage et de soudage Smt en Chine #factory #smt #ems #selectivesolder\" width=\"500\" height=\"281\" src=\"https:\/\/www.youtube.com\/embed\/WaNCJ-UYnao?feature=oembed\" frameborder=\"0\" allow=\"accelerometer; autoplay; clipboard-write; encrypted-media; gyroscope; picture-in-picture; web-share\" referrerpolicy=\"strict-origin-when-cross-origin\" allowfullscreen><\/iframe><\/div>","protected":false},"excerpt":{"rendered":"<p>La DEZ-C9610 est une machine de nettoyage de PCBA en ligne con\u00e7ue pour nettoyer les PCBA. Elle offre un processus de nettoyage complet en plusieurs \u00e9tapes, garantissant une propret\u00e9 et une productivit\u00e9 \u00e9lev\u00e9es.<\/p>","protected":false},"featured_media":17828,"template":"","meta":{"_lmt_disableupdate":"no","_lmt_disable":"","site-sidebar-layout":"default","site-content-layout":"","ast-site-content-layout":"default","site-content-style":"default","site-sidebar-style":"default","ast-global-header-display":"","ast-banner-title-visibility":"","ast-main-header-display":"","ast-hfb-above-header-display":"","ast-hfb-below-header-display":"","ast-hfb-mobile-header-display":"","site-post-title":"","ast-breadcrumbs-content":"","ast-featured-img":"","footer-sml-layout":"","ast-disable-related-posts":"","theme-transparent-header-meta":"default","adv-header-id-meta":"","stick-header-meta":"default","header-above-stick-meta":"","header-main-stick-meta":"","header-below-stick-meta":"","astra-migrate-meta-layouts":"set","ast-page-background-enabled":"default","ast-page-background-meta":{"desktop":{"background-color":"","background-image":"","background-repeat":"repeat","background-position":"center center","background-size":"auto","background-attachment":"scroll","background-type":"","background-media":"","overlay-type":"","overlay-color":"","overlay-opacity":"","overlay-gradient":""},"tablet":{"background-color":"","background-image":"","background-repeat":"repeat","background-position":"center center","background-size":"auto","background-attachment":"scroll","background-type":"","background-media":"","overlay-type":"","overlay-color":"","overlay-opacity":"","overlay-gradient":""},"mobile":{"background-color":"","background-image":"","background-repeat":"repeat","background-position":"center center","background-size":"auto","background-attachment":"scroll","background-type":"","background-media":"","overlay-type":"","overlay-color":"","overlay-opacity":"","overlay-gradient":""}},"ast-content-background-meta":{"desktop":{"background-color":"var(--ast-global-color-5)","background-image":"","background-repeat":"repeat","background-position":"center center","background-size":"auto","background-attachment":"scroll","background-type":"","background-media":"","overlay-type":"","overlay-color":"","overlay-opacity":"","overlay-gradient":""},"tablet":{"background-color":"var(--ast-global-color-5)","background-image":"","background-repeat":"repeat","background-position":"center center","background-size":"auto","background-attachment":"scroll","background-type":"","background-media":"","overlay-type":"","overlay-color":"","overlay-opacity":"","overlay-gradient":""},"mobile":{"background-color":"var(--ast-global-color-5)","background-image":"","background-repeat":"repeat","background-position":"center center","background-size":"auto","background-attachment":"scroll","background-type":"","background-media":"","overlay-type":"","overlay-color":"","overlay-opacity":"","overlay-gradient":""}}},"product_brand":[],"product_cat":[101],"product_tag":[],"class_list":{"0":"post-17802","1":"product","2":"type-product","3":"status-publish","4":"has-post-thumbnail","6":"product_cat-pcba-cleaning-machine","7":"desktop-align-left","8":"tablet-align-left","9":"mobile-align-left","10":"ast-product-gallery-layout-horizontal-slider","11":"ast-product-gallery-with-no-image","12":"ast-product-tabs-layout-horizontal","14":"first","15":"instock","16":"shipping-taxable","17":"purchasable","18":"product-type-simple"},"_links":{"self":[{"href":"https:\/\/dezsmt.com\/fr\/wp-json\/wp\/v2\/product\/17802","targetHints":{"allow":["GET"]}}],"collection":[{"href":"https:\/\/dezsmt.com\/fr\/wp-json\/wp\/v2\/product"}],"about":[{"href":"https:\/\/dezsmt.com\/fr\/wp-json\/wp\/v2\/types\/product"}],"version-history":[{"count":4,"href":"https:\/\/dezsmt.com\/fr\/wp-json\/wp\/v2\/product\/17802\/revisions"}],"predecessor-version":[{"id":19623,"href":"https:\/\/dezsmt.com\/fr\/wp-json\/wp\/v2\/product\/17802\/revisions\/19623"}],"wp:featuredmedia":[{"embeddable":true,"href":"https:\/\/dezsmt.com\/fr\/wp-json\/wp\/v2\/media\/17828"}],"wp:attachment":[{"href":"https:\/\/dezsmt.com\/fr\/wp-json\/wp\/v2\/media?parent=17802"}],"wp:term":[{"taxonomy":"product_brand","embeddable":true,"href":"https:\/\/dezsmt.com\/fr\/wp-json\/wp\/v2\/product_brand?post=17802"},{"taxonomy":"product_cat","embeddable":true,"href":"https:\/\/dezsmt.com\/fr\/wp-json\/wp\/v2\/product_cat?post=17802"},{"taxonomy":"product_tag","embeddable":true,"href":"https:\/\/dezsmt.com\/fr\/wp-json\/wp\/v2\/product_tag?post=17802"}],"curies":[{"name":"wp","href":"https:\/\/api.w.org\/{rel}","templated":true}]}}