{"id":17801,"date":"2025-05-05T14:46:59","date_gmt":"2025-05-05T06:46:59","guid":{"rendered":"https:\/\/dezsmt.com\/product-center\/dez-c1520-inline-pcba-water-based-cleaning-machine\/"},"modified":"2025-05-12T19:00:48","modified_gmt":"2025-05-12T11:00:48","slug":"dez-c1520-inline-pcba-water-based-cleaning-machine","status":"publish","type":"product","link":"https:\/\/dezsmt.com\/fr\/product-center\/dez-c1520-inline-pcba-water-based-cleaning-machine\/","title":{"rendered":"DEZ-C1520 Machine de nettoyage en ligne \u00e0 base d'eau pour PCBA"},"content":{"rendered":"<div data-elementor-type=\"product-post\" data-elementor-id=\"17801\" class=\"elementor elementor-17801\" data-elementor-post-type=\"product\">\n\t\t\t\t<div class=\"elementor-element elementor-element-3cec047b e-flex e-con-boxed e-con e-parent\" data-id=\"3cec047b\" data-element_type=\"container\" data-e-type=\"container\" data-settings=\"{&quot;ekit_has_onepagescroll_dot&quot;:&quot;yes&quot;}\">\n\t\t\t\t\t<div class=\"e-con-inner\">\n\t\t\t\t<div class=\"elementor-element elementor-element-954290e e-n-tabs-mobile elementor-widget elementor-widget-n-tabs\" data-id=\"954290e\" data-element_type=\"widget\" data-e-type=\"widget\" data-settings=\"{&quot;tabs_justify_horizontal&quot;:&quot;stretch&quot;,&quot;horizontal_scroll&quot;:&quot;disable&quot;,&quot;ekit_we_effect_on&quot;:&quot;none&quot;}\" data-widget_type=\"nested-tabs.default\">\n\t\t\t\t\t\t\t<div class=\"e-n-tabs\" data-widget-number=\"156510478\" aria-label=\"Onglets. Ouvrez des \u00e9l\u00e9ments avec Entrer ou Espace, fermez-les avec Echape et naviguez \u00e0 l&#039;aide des touches fl\u00e9ch\u00e9es.\">\n\t\t\t<div class=\"e-n-tabs-heading\" role=\"tablist\">\n\t\t\t\t\t<button id=\"e-n-tab-title-1565104781\" data-tab-title-id=\"e-n-tab-title-1565104781\" class=\"e-n-tab-title\" aria-selected=\"true\" data-tab-index=\"1\" role=\"tab\" tabindex=\"0\" aria-controls=\"e-n-tab-content-1565104781\" style=\"--n-tabs-title-order: 1;\">\n\t\t\t\t\t\t<span class=\"e-n-tab-title-text\">\n\t\t\t\tSpecs en vedette\t\t\t<\/span>\n\t\t<\/button>\n\t\t\t\t<button id=\"e-n-tab-title-1565104782\" data-tab-title-id=\"e-n-tab-title-1565104782\" class=\"e-n-tab-title\" aria-selected=\"false\" data-tab-index=\"2\" role=\"tab\" tabindex=\"-1\" aria-controls=\"e-n-tab-content-1565104782\" style=\"--n-tabs-title-order: 2;\">\n\t\t\t\t\t\t<span class=\"e-n-tab-title-text\">\n\t\t\t\tVid\u00e9o\t\t\t<\/span>\n\t\t<\/button>\n\t\t\t\t\t<\/div>\n\t\t\t<div class=\"e-n-tabs-content\">\n\t\t\t\t<div id=\"e-n-tab-content-1565104781\" role=\"tabpanel\" aria-labelledby=\"e-n-tab-title-1565104781\" data-tab-index=\"1\" style=\"--n-tabs-title-order: 1;\" class=\"e-active elementor-element elementor-element-cd67a90 e-con-full e-flex e-con e-child\" data-id=\"cd67a90\" data-element_type=\"container\" data-e-type=\"container\" data-settings=\"{&quot;ekit_has_onepagescroll_dot&quot;:&quot;yes&quot;}\">\n\t\t\t\t<div class=\"elementor-element elementor-element-2b36f317 elementor-widget elementor-widget-text-editor\" data-id=\"2b36f317\" data-element_type=\"widget\" data-e-type=\"widget\" data-settings=\"{&quot;ekit_we_effect_on&quot;:&quot;none&quot;}\" data-widget_type=\"text-editor.default\">\n\t\t\t\t\t\t\t\t\t<p><strong>Caract\u00e9ristiques principales<\/strong>:<br \/>Trois sections de traitement : lavage chimique, rin\u00e7age \u00e0 l'eau pure et s\u00e9chage \u00e0 l'air chaud.<br \/>Bande transporteuse sur toute la largeur avec vitesse r\u00e9glable.<br \/>Panier de transport en maille d'acier inoxydable pour une plus grande durabilit\u00e9.<br \/>Syst\u00e8me de commande \u00e0 \u00e9cran tactile avec interface intuitive.<br \/>Diff\u00e9rents sch\u00e9mas de cycles pour des besoins de nettoyage diff\u00e9rents.<br \/>Buses multidirectionnelles \u00e0 lavage rapide pour un nettoyage efficace.<br \/>R\u00e9servoirs d'eau ind\u00e9pendants pour chaque section de nettoyage.<br \/>Vitrage \u00e0 double couche d'isolation thermique pour des \u00e9conomies d'\u00e9nergie.<\/p><p><strong>Fiche technique<\/strong>:<br \/>- Dimensions :<br \/>- Taille de la machine : L5210 * L1760 * H1680mm<br \/>- Taille de la cavit\u00e9 de nettoyage : L690 * L620 * H715mm<br \/>- Panier \u00e0 linge : 610 * L560 * H100mm (conception \u00e0 double couche)<br \/>- Exigences en mati\u00e8re d'alimentation :<br \/>- Puissance de la machine : Environ 100 kW<br \/>- Puissance d'utilisation : Environ 65-85KW<br \/>- Alimentation : AC380V 50HZ<br \/>- Poids : Environ 2200 kg<br \/>- Performance :<br \/>- Taille du produit de nettoyage : 500mm(L) * 400mm(L) * 80mm(H)<br \/>- Consommation de liquide de nettoyage : 1,5-2,5L\/H<br \/>- Consommation d'eau DI : 5L-10L\/min<br \/>- Vitesse de transport : 10mm\/min-1500mm\/min<br \/>- Bruit : &lt; 80 Db - Zone de lavage chimique Pression de pulv\u00e9risation : 0-0.6Mpa<br \/>- Zone de rin\u00e7age DI Pression de pulv\u00e9risation : 0-0.6Mpa<br \/>- Poids du produit : \u226410kg - Section de lavage chimique Temp\u00e9rature du r\u00e9servoir d'eau : 25-75\u2103<br \/>- Angle du couteau \u00e0 vent : Angle r\u00e9glable, \u00e9l\u00e9vation r\u00e9glable<br \/>- M\u00e9thode d'installation de la buse : Connecteur rapide pour un remplacement facile<br \/>- Largeur de la bande en maille : 600 mm, personnalisable<br \/>- M\u00e9thode d'installation de la conduite d'eau : Raccordement rapide pour faciliter l'entretien<br \/>- Pr\u00e9cision de la filtration (secondaire) : 100u<br \/>- Exigences en mati\u00e8re de qualit\u00e9 de l'eau DI :  - &gt;15M\u00a6\u00b8<br \/>- Exigences en mati\u00e8re de d\u00e9bit d'eau DI :<br \/>- 1,0 m3\/h<br \/>- Volume d'air requis :<br \/>- 1200 CFM<\/p>\t\t\t\t\t\t\t\t<\/div>\n\t\t\t\t<\/div>\n\t\t<div id=\"e-n-tab-content-1565104782\" role=\"tabpanel\" aria-labelledby=\"e-n-tab-title-1565104782\" data-tab-index=\"2\" style=\"--n-tabs-title-order: 2;\" class=\"elementor-element elementor-element-d356c96 e-con-full e-flex e-con e-child\" data-id=\"d356c96\" data-element_type=\"container\" data-e-type=\"container\" data-settings=\"{&quot;ekit_has_onepagescroll_dot&quot;:&quot;yes&quot;}\">\n\t\t\t\t<div class=\"elementor-element elementor-element-e307933 elementor-widget elementor-widget-video\" data-id=\"e307933\" data-element_type=\"widget\" data-e-type=\"widget\" data-settings=\"{&quot;youtube_url&quot;:&quot;https:\\\/\\\/www.youtube.com\\\/watch?v=WaNCJ-UYnao&quot;,&quot;video_type&quot;:&quot;youtube&quot;,&quot;controls&quot;:&quot;yes&quot;,&quot;ekit_we_effect_on&quot;:&quot;none&quot;}\" data-widget_type=\"video.default\">\n\t\t\t\t\t\t\t<div class=\"elementor-wrapper elementor-open-inline\">\n\t\t\t<div class=\"elementor-video\"><\/div>\t\t<\/div>\n\t\t\t\t\t\t<\/div>\n\t\t\t\t<\/div>\n\t\t\t\t\t<\/div>\n\t\t<\/div>\n\t\t\t\t\t\t<\/div>\n\t\t\t\t\t<\/div>\n\t\t\t\t<\/div>\n\t\t\t\t<\/div>","protected":false},"excerpt":{"rendered":"<p>La DEZ-C1520 est une machine de nettoyage par pulv\u00e9risation en ligne \u00e0 base d'eau con\u00e7ue pour le nettoyage des cartes PCBA. Elle offre un processus de nettoyage complet en plusieurs \u00e9tapes, garantissant une propret\u00e9 et une productivit\u00e9 \u00e9lev\u00e9es.<\/p>","protected":false},"featured_media":17839,"template":"","meta":{"_lmt_disableupdate":"no","_lmt_disable":"","site-sidebar-layout":"default","site-content-layout":"","ast-site-content-layout":"default","site-content-style":"default","site-sidebar-style":"default","ast-global-header-display":"","ast-banner-title-visibility":"","ast-main-header-display":"","ast-hfb-above-header-display":"","ast-hfb-below-header-display":"","ast-hfb-mobile-header-display":"","site-post-title":"","ast-breadcrumbs-content":"","ast-featured-img":"","footer-sml-layout":"","ast-disable-related-posts":"","theme-transparent-header-meta":"default","adv-header-id-meta":"","stick-header-meta":"default","header-above-stick-meta":"","header-main-stick-meta":"","header-below-stick-meta":"","astra-migrate-meta-layouts":"set","ast-page-background-enabled":"default","ast-page-background-meta":{"desktop":{"background-color":"","background-image":"","background-repeat":"repeat","background-position":"center center","background-size":"auto","background-attachment":"scroll","background-type":"","background-media":"","overlay-type":"","overlay-color":"","overlay-opacity":"","overlay-gradient":""},"tablet":{"background-color":"","background-image":"","background-repeat":"repeat","background-position":"center center","background-size":"auto","background-attachment":"scroll","background-type":"","background-media":"","overlay-type":"","overlay-color":"","overlay-opacity":"","overlay-gradient":""},"mobile":{"background-color":"","background-image":"","background-repeat":"repeat","background-position":"center center","background-size":"auto","background-attachment":"scroll","background-type":"","background-media":"","overlay-type":"","overlay-color":"","overlay-opacity":"","overlay-gradient":""}},"ast-content-background-meta":{"desktop":{"background-color":"var(--ast-global-color-5)","background-image":"","background-repeat":"repeat","background-position":"center center","background-size":"auto","background-attachment":"scroll","background-type":"","background-media":"","overlay-type":"","overlay-color":"","overlay-opacity":"","overlay-gradient":""},"tablet":{"background-color":"var(--ast-global-color-5)","background-image":"","background-repeat":"repeat","background-position":"center center","background-size":"auto","background-attachment":"scroll","background-type":"","background-media":"","overlay-type":"","overlay-color":"","overlay-opacity":"","overlay-gradient":""},"mobile":{"background-color":"var(--ast-global-color-5)","background-image":"","background-repeat":"repeat","background-position":"center center","background-size":"auto","background-attachment":"scroll","background-type":"","background-media":"","overlay-type":"","overlay-color":"","overlay-opacity":"","overlay-gradient":""}}},"product_brand":[],"product_cat":[101],"product_tag":[],"class_list":{"0":"post-17801","1":"product","2":"type-product","3":"status-publish","4":"has-post-thumbnail","6":"product_cat-pcba-cleaning-machine","7":"desktop-align-left","8":"tablet-align-left","9":"mobile-align-left","10":"ast-product-gallery-layout-horizontal-slider","11":"ast-product-gallery-with-no-image","12":"ast-product-tabs-layout-horizontal","14":"first","15":"instock","16":"shipping-taxable","17":"purchasable","18":"product-type-simple"},"_links":{"self":[{"href":"https:\/\/dezsmt.com\/fr\/wp-json\/wp\/v2\/product\/17801","targetHints":{"allow":["GET"]}}],"collection":[{"href":"https:\/\/dezsmt.com\/fr\/wp-json\/wp\/v2\/product"}],"about":[{"href":"https:\/\/dezsmt.com\/fr\/wp-json\/wp\/v2\/types\/product"}],"version-history":[{"count":0,"href":"https:\/\/dezsmt.com\/fr\/wp-json\/wp\/v2\/product\/17801\/revisions"}],"wp:featuredmedia":[{"embeddable":true,"href":"https:\/\/dezsmt.com\/fr\/wp-json\/wp\/v2\/media\/17839"}],"wp:attachment":[{"href":"https:\/\/dezsmt.com\/fr\/wp-json\/wp\/v2\/media?parent=17801"}],"wp:term":[{"taxonomy":"product_brand","embeddable":true,"href":"https:\/\/dezsmt.com\/fr\/wp-json\/wp\/v2\/product_brand?post=17801"},{"taxonomy":"product_cat","embeddable":true,"href":"https:\/\/dezsmt.com\/fr\/wp-json\/wp\/v2\/product_cat?post=17801"},{"taxonomy":"product_tag","embeddable":true,"href":"https:\/\/dezsmt.com\/fr\/wp-json\/wp\/v2\/product_tag?post=17801"}],"curies":[{"name":"wp","href":"https:\/\/api.w.org\/{rel}","templated":true}]}}