{"id":19296,"date":"2025-12-04T14:37:25","date_gmt":"2025-12-04T06:37:25","guid":{"rendered":"https:\/\/dezsmt.com\/?post_type=product&#038;p=19296"},"modified":"2025-12-17T16:10:18","modified_gmt":"2025-12-17T08:10:18","slug":"wave-soldring-cooling-conveyor-2","status":"publish","type":"product","link":"https:\/\/dezsmt.com\/es\/product-center\/wave-soldring-cooling-conveyor-2\/","title":{"rendered":"TRANSPORTADOR DE ENFRIAMIENTO POR SOLDADURA POR OLA"},"content":{"rendered":"<h3><strong><b><img decoding=\"async\" class=\"alignnone size-medium wp-image-19461\" src=\"https:\/\/dezsmt.com\/wp-content\/uploads\/2025\/12\/2-300x300.png\" alt=\"\" width=\"300\" height=\"300\" title=\"\" srcset=\"https:\/\/dezsmt.com\/wp-content\/uploads\/2025\/12\/2-300x300.png 300w, https:\/\/dezsmt.com\/wp-content\/uploads\/2025\/12\/2-150x150.png 150w, https:\/\/dezsmt.com\/wp-content\/uploads\/2025\/12\/2-12x12.png 12w, https:\/\/dezsmt.com\/wp-content\/uploads\/2025\/12\/2-600x600.png 600w, https:\/\/dezsmt.com\/wp-content\/uploads\/2025\/12\/2-100x100.png 100w, https:\/\/dezsmt.com\/wp-content\/uploads\/2025\/12\/2.png 750w\" sizes=\"(max-width: 300px) 100vw, 300px\" \/><\/b><\/strong><\/h3>\n<h3><span class=\"ez-toc-section\" id=\"WAVE_SOLDRING_COOLING_CONVEYOR\"><\/span><strong><b>TRANSPORTADOR DE ENFRIAMIENTO POR SOLDADURA POR OLA<\/b><\/strong><span class=\"ez-toc-section-end\"><\/span><\/h3>\n<h3><span class=\"ez-toc-section\" id=\"Features\"><\/span><strong><b>Caracter\u00edsticas:<\/b><\/strong><span class=\"ez-toc-section-end\"><\/span><\/h3>\n<p>Perilla de ajuste de velocidad f\u00e1cil de usar<\/p>\n<p>Dise\u00f1o de transporte tipo cadena, alta capacidad de carga y transmisi\u00f3n estable.<\/p>\n<p>Marco soldado rectangular opcional o marco de perfil de aluminio<\/p>\n<p>Ajuste de ancho manual paralelo y suave (mediante tornillo lead).<\/p>\n<p>Velocidad y altura de transporte regulables.<\/p>\n<p>Minimizar la holgura de transmisi\u00f3n entre transportadores<\/p>\n<p>Tama\u00f1os de m\u00e1quinas personalizados disponibles a pedido<\/p>\n<h3><span class=\"ez-toc-section\" id=\"Technical_parameters\"><\/span><strong><b>Par\u00e1metros t\u00e9cnicos<\/b><\/strong><span class=\"ez-toc-section-end\"><\/span><\/h3>\n<p>Descripci\u00f3n: Esta m\u00e1quina se utiliza para la transmisi\u00f3n de las PCB de entrada de soldadura por ola.<\/p>\n<p>Tipo de cintur\u00f3n: Cadena o personalizaci\u00f3n user<\/p>\n<p>Velocidad de transporte: 0,5-20 m\/min<\/p>\n<p>Alimentaci\u00f3n: CA 110 V o 220 V; monof\u00e1sica. Consumo de energ\u00eda: 100 VA.<\/p>\n<p>Altura de transporte: 900 \u00b1 20 mm o especificada por el cliente<\/p>\n<p>Direcci\u00f3n de transporte: de izquierda a derecha (LR) o de derecha a izquierda (RL)<\/p>\n<table>\n<tbody>\n<tr>\n<td colspan=\"4\" width=\"568\">\n<h3 style=\"text-align: center;\"><span class=\"ez-toc-section\" id=\"Specification_Parameters\"><\/span>Par\u00e1metros de especificaci\u00f3n<span class=\"ez-toc-section-end\"><\/span><\/h3>\n<\/td>\n<\/tr>\n<tr>\n<td width=\"89\">\n<h4>Modelo<\/h4>\n<\/td>\n<td width=\"135\">\n<h4>Tama\u00f1o de PCB (MM)<\/h4>\n<\/td>\n<td width=\"106\">\n<h4>Peso (KG)<\/h4>\n<\/td>\n<td width=\"236\">\n<h4>Dimensiones (largo x ancho x alto mm)<\/h4>\n<\/td>\n<\/tr>\n<tr>\n<td width=\"89\">DEZ-S-BN<\/p>\n<p>&nbsp;<\/td>\n<td width=\"135\">50*50-445*350<\/p>\n<p>&nbsp;<\/td>\n<td width=\"106\">35<\/p>\n<p>&nbsp;<\/td>\n<td width=\"236\">800*600*750<\/p>\n<p>&nbsp;<\/td>\n<\/tr>\n<tr>\n<td width=\"89\">DEZ-M-BN<\/p>\n<p>&nbsp;<\/td>\n<td width=\"135\">50*50-530*460<\/p>\n<p>&nbsp;<\/td>\n<td width=\"106\">45<\/td>\n<td width=\"236\">800*700*750<\/td>\n<\/tr>\n<\/tbody>\n<\/table>","protected":false},"excerpt":{"rendered":"<p>Transportador de soldadura por ola de alta resistencia | Dise\u00f1o de cadena para un transporte estable de PCB. Cuenta con ajuste manual de ancho, altura y velocidad, y marcos soldados o de aluminio opcionales. Dise\u00f1ado para ofrecer fiabilidad en l\u00edneas de soldadura de alto volumen.<\/p>","protected":false},"featured_media":19352,"template":"","meta":{"_lmt_disableupdate":"no","_lmt_disable":"","site-sidebar-layout":"default","site-content-layout":"","ast-site-content-layout":"default","site-content-style":"default","site-sidebar-style":"default","ast-global-header-display":"","ast-banner-title-visibility":"","ast-main-header-display":"","ast-hfb-above-header-display":"","ast-hfb-below-header-display":"","ast-hfb-mobile-header-display":"","site-post-title":"","ast-breadcrumbs-content":"","ast-featured-img":"","footer-sml-layout":"","ast-disable-related-posts":"","theme-transparent-header-meta":"default","adv-header-id-meta":"","stick-header-meta":"default","header-above-stick-meta":"","header-main-stick-meta":"","header-below-stick-meta":"","astra-migrate-meta-layouts":"set","ast-page-background-enabled":"default","ast-page-background-meta":{"desktop":{"background-color":"","background-image":"","background-repeat":"repeat","background-position":"center center","background-size":"auto","background-attachment":"scroll","background-type":"","background-media":"","overlay-type":"","overlay-color":"","overlay-opacity":"","overlay-gradient":""},"tablet":{"background-color":"","background-image":"","background-repeat":"repeat","background-position":"center center","background-size":"auto","background-attachment":"scroll","background-type":"","background-media":"","overlay-type":"","overlay-color":"","overlay-opacity":"","overlay-gradient":""},"mobile":{"background-color":"","background-image":"","background-repeat":"repeat","background-position":"center center","background-size":"auto","background-attachment":"scroll","background-type":"","background-media":"","overlay-type":"","overlay-color":"","overlay-opacity":"","overlay-gradient":""}},"ast-content-background-meta":{"desktop":{"background-color":"var(--ast-global-color-5)","background-image":"","background-repeat":"repeat","background-position":"center center","background-size":"auto","background-attachment":"scroll","background-type":"","background-media":"","overlay-type":"","overlay-color":"","overlay-opacity":"","overlay-gradient":""},"tablet":{"background-color":"var(--ast-global-color-5)","background-image":"","background-repeat":"repeat","background-position":"center center","background-size":"auto","background-attachment":"scroll","background-type":"","background-media":"","overlay-type":"","overlay-color":"","overlay-opacity":"","overlay-gradient":""},"mobile":{"background-color":"var(--ast-global-color-5)","background-image":"","background-repeat":"repeat","background-position":"center center","background-size":"auto","background-attachment":"scroll","background-type":"","background-media":"","overlay-type":"","overlay-color":"","overlay-opacity":"","overlay-gradient":""}}},"product_brand":[],"product_cat":[113],"product_tag":[],"class_list":{"0":"post-19296","1":"product","2":"type-product","3":"status-publish","4":"has-post-thumbnail","6":"product_cat-smt-handling-machine","7":"desktop-align-left","8":"tablet-align-left","9":"mobile-align-left","10":"ast-product-gallery-layout-horizontal-slider","11":"ast-product-gallery-with-no-image","12":"ast-product-tabs-layout-horizontal","14":"first","15":"instock","16":"shipping-taxable","17":"product-type-simple"},"_links":{"self":[{"href":"https:\/\/dezsmt.com\/es\/wp-json\/wp\/v2\/product\/19296","targetHints":{"allow":["GET"]}}],"collection":[{"href":"https:\/\/dezsmt.com\/es\/wp-json\/wp\/v2\/product"}],"about":[{"href":"https:\/\/dezsmt.com\/es\/wp-json\/wp\/v2\/types\/product"}],"version-history":[{"count":6,"href":"https:\/\/dezsmt.com\/es\/wp-json\/wp\/v2\/product\/19296\/revisions"}],"predecessor-version":[{"id":19469,"href":"https:\/\/dezsmt.com\/es\/wp-json\/wp\/v2\/product\/19296\/revisions\/19469"}],"wp:featuredmedia":[{"embeddable":true,"href":"https:\/\/dezsmt.com\/es\/wp-json\/wp\/v2\/media\/19352"}],"wp:attachment":[{"href":"https:\/\/dezsmt.com\/es\/wp-json\/wp\/v2\/media?parent=19296"}],"wp:term":[{"taxonomy":"product_brand","embeddable":true,"href":"https:\/\/dezsmt.com\/es\/wp-json\/wp\/v2\/product_brand?post=19296"},{"taxonomy":"product_cat","embeddable":true,"href":"https:\/\/dezsmt.com\/es\/wp-json\/wp\/v2\/product_cat?post=19296"},{"taxonomy":"product_tag","embeddable":true,"href":"https:\/\/dezsmt.com\/es\/wp-json\/wp\/v2\/product_tag?post=19296"}],"curies":[{"name":"wp","href":"https:\/\/api.w.org\/{rel}","templated":true}]}}