{"id":19288,"date":"2025-12-04T14:40:13","date_gmt":"2025-12-04T06:40:13","guid":{"rendered":"https:\/\/dezsmt.com\/?post_type=product&#038;p=19288"},"modified":"2025-12-17T16:07:00","modified_gmt":"2025-12-17T08:07:00","slug":"l-type-unloader","status":"publish","type":"product","link":"https:\/\/dezsmt.com\/es\/product-center\/l-type-unloader\/","title":{"rendered":"DESCARGADOR TIPO L"},"content":{"rendered":"<h3><strong><b><img decoding=\"async\" class=\"alignnone size-medium wp-image-19461\" src=\"https:\/\/dezsmt.com\/wp-content\/uploads\/2025\/12\/2-300x300.png\" alt=\"\" width=\"300\" height=\"300\" title=\"\" srcset=\"https:\/\/dezsmt.com\/wp-content\/uploads\/2025\/12\/2-300x300.png 300w, https:\/\/dezsmt.com\/wp-content\/uploads\/2025\/12\/2-150x150.png 150w, https:\/\/dezsmt.com\/wp-content\/uploads\/2025\/12\/2-12x12.png 12w, https:\/\/dezsmt.com\/wp-content\/uploads\/2025\/12\/2-600x600.png 600w, https:\/\/dezsmt.com\/wp-content\/uploads\/2025\/12\/2-100x100.png 100w, https:\/\/dezsmt.com\/wp-content\/uploads\/2025\/12\/2.png 750w\" sizes=\"(max-width: 300px) 100vw, 300px\" \/><\/b><\/strong><\/h3>\n<h3><span class=\"ez-toc-section\" id=\"L_TYPE_UNLOADER\"><\/span><strong><b>DESCARGADOR TIPO L<\/b><\/strong><span class=\"ez-toc-section-end\"><\/span><\/h3>\n<h3><span class=\"ez-toc-section\" id=\"Features\"><\/span><strong><b>Caracter\u00edsticas:<\/b><\/strong><span class=\"ez-toc-section-end\"><\/span><\/h3>\n<p>El cargador tipo L est\u00e1 dispuesto en un \u00e1ngulo de 90 grados (forma de L) y se coloca adosado a la esquina del taller. Esto aprovecha al m\u00e1ximo el espacio de la esquina, que a menudo queda desocupado.<\/p>\n<p>Dos paneles de control disponibles para elegir: interruptor de membrana LED de toque ligero y f\u00e1cil de operar o una pantalla t\u00e1ctil.<\/p>\n<p>Las abrazaderas neum\u00e1ticas superiores e inferiores garantizan un posicionamiento preciso del cargador.<\/p>\n<p>El dise\u00f1o especial del circuito de aire evita da\u00f1os a la PCB<\/p>\n<p>Funci\u00f3n de detecci\u00f3n y visualizaci\u00f3n autom\u00e1tica de c\u00f3digos de falla<\/p>\n<p>Cables resistentes al desgaste para una larga vida \u00fatil service<\/p>\n<p>Interfaz SMEMA compatible<\/p>\n<h3><span class=\"ez-toc-section\" id=\"Technical_parameters\"><\/span><strong><b>Par\u00e1metros t\u00e9cnicos<\/b><\/strong><span class=\"ez-toc-section-end\"><\/span><\/h3>\n<p>Descripci\u00f3n: Este equipo se utiliza para cargar PCB en la l\u00ednea de producci\u00f3n SMT.<\/p>\n<p>Capacidad del cargador: 1 cargador (superior) y 2 cargadores (inferior).<\/p>\n<p>Tiempo de alimentaci\u00f3n: Segundos 6 aprox. o especifique<\/p>\n<p>Tiempo de reemplazo del cargador: aproximadamente 30 segundos o especifique<\/p>\n<p>Paso del motor paso a paso: 10, 20, 30, 40 mm o especificado por user.<\/p>\n<p>Fuente de alimentaci\u00f3n: CA 110 V o 220 V; monof\u00e1sica.<\/p>\n<p>Potencia:M\u00e1x. 300 VA.<\/p>\n<p>Presi\u00f3n de aire\/Consumo:4\u20136 bar, M\u00e1x. 10 L\/min.<\/p>\n<p>Altura de transporte: 900 \u00b1 20 mm o especificada por el cliente<\/p>\n<p>Direcci\u00f3n de transporte: de izquierda a derecha (LR) o de derecha a izquierda (RL).<\/p>\n<table>\n<tbody>\n<tr>\n<td colspan=\"5\" width=\"568\">\n<h3 style=\"text-align: center;\"><span class=\"ez-toc-section\" id=\"Specification_Parameters\"><\/span>Par\u00e1metros de especificaci\u00f3n<span class=\"ez-toc-section-end\"><\/span><\/h3>\n<\/td>\n<\/tr>\n<tr>\n<td width=\"96\">\n<h4>Modelo<\/h4>\n<\/td>\n<td width=\"115\">\n<h4>Tama\u00f1o de PCB (MM)<\/h4>\n<\/td>\n<td width=\"134\">\n<h4>Dimensiones (largo x ancho x alto mm)<\/h4>\n<\/td>\n<td width=\"87\">\n<h4>Peso (KG)<\/h4>\n<\/td>\n<td width=\"134\">\n<h4>Dimensiones (largo x ancho x alto mm)<\/h4>\n<\/td>\n<\/tr>\n<tr>\n<td width=\"96\">DEZ-S-TN<\/p>\n<p>&nbsp;<\/td>\n<td width=\"115\">50*80-330*250<\/p>\n<p>&nbsp;<\/td>\n<td width=\"134\">355*320*563<\/td>\n<td width=\"87\">160<\/td>\n<td width=\"134\">850*765*1250<\/td>\n<\/tr>\n<tr>\n<td width=\"96\">DEZ-M-TN<\/p>\n<p>&nbsp;<\/td>\n<td width=\"115\">50*80-445*330<\/p>\n<p>&nbsp;<\/td>\n<td width=\"134\">460*400*563<\/td>\n<td width=\"87\">220<\/td>\n<td width=\"134\">1170*845*1250<\/td>\n<\/tr>\n<tr>\n<td width=\"96\">DEZ-L-TN<\/p>\n<p>&nbsp;<\/td>\n<td width=\"115\">50*80-530*390<\/p>\n<p>&nbsp;<\/td>\n<td width=\"134\">535*460*563<\/td>\n<td width=\"87\">280<\/td>\n<td width=\"134\">1300*909*1250<\/td>\n<\/tr>\n<tr>\n<td width=\"96\">DEZ-XL-TN<\/p>\n<p>&nbsp;<\/td>\n<td width=\"115\">50*80-530*460<\/p>\n<p>&nbsp;<\/td>\n<td width=\"134\">535*530*563<\/p>\n<p>&nbsp;<\/td>\n<td width=\"87\">320<\/td>\n<td width=\"134\">1300*980*1250<\/td>\n<\/tr>\n<\/tbody>\n<\/table>","protected":false},"excerpt":{"rendered":"<p>Descargador de PCB tipo L | Ahorra espacio en las esquinas del taller gracias a su dise\u00f1o de 90\u00b0. Ofrece una descarga r\u00e1pida en unos 6 segundos, sujeci\u00f3n neum\u00e1tica del cargador y compatibilidad con SMEMA. Ideal para l\u00edneas SMT eficientes y con ahorro de espacio.<\/p>","protected":false},"featured_media":19350,"template":"","meta":{"_lmt_disableupdate":"no","_lmt_disable":"","site-sidebar-layout":"default","site-content-layout":"","ast-site-content-layout":"default","site-content-style":"default","site-sidebar-style":"default","ast-global-header-display":"","ast-banner-title-visibility":"","ast-main-header-display":"","ast-hfb-above-header-display":"","ast-hfb-below-header-display":"","ast-hfb-mobile-header-display":"","site-post-title":"","ast-breadcrumbs-content":"","ast-featured-img":"","footer-sml-layout":"","ast-disable-related-posts":"","theme-transparent-header-meta":"default","adv-header-id-meta":"","stick-header-meta":"default","header-above-stick-meta":"","header-main-stick-meta":"","header-below-stick-meta":"","astra-migrate-meta-layouts":"set","ast-page-background-enabled":"default","ast-page-background-meta":{"desktop":{"background-color":"","background-image":"","background-repeat":"repeat","background-position":"center center","background-size":"auto","background-attachment":"scroll","background-type":"","background-media":"","overlay-type":"","overlay-color":"","overlay-opacity":"","overlay-gradient":""},"tablet":{"background-color":"","background-image":"","background-repeat":"repeat","background-position":"center center","background-size":"auto","background-attachment":"scroll","background-type":"","background-media":"","overlay-type":"","overlay-color":"","overlay-opacity":"","overlay-gradient":""},"mobile":{"background-color":"","background-image":"","background-repeat":"repeat","background-position":"center center","background-size":"auto","background-attachment":"scroll","background-type":"","background-media":"","overlay-type":"","overlay-color":"","overlay-opacity":"","overlay-gradient":""}},"ast-content-background-meta":{"desktop":{"background-color":"var(--ast-global-color-5)","background-image":"","background-repeat":"repeat","background-position":"center center","background-size":"auto","background-attachment":"scroll","background-type":"","background-media":"","overlay-type":"","overlay-color":"","overlay-opacity":"","overlay-gradient":""},"tablet":{"background-color":"var(--ast-global-color-5)","background-image":"","background-repeat":"repeat","background-position":"center center","background-size":"auto","background-attachment":"scroll","background-type":"","background-media":"","overlay-type":"","overlay-color":"","overlay-opacity":"","overlay-gradient":""},"mobile":{"background-color":"var(--ast-global-color-5)","background-image":"","background-repeat":"repeat","background-position":"center center","background-size":"auto","background-attachment":"scroll","background-type":"","background-media":"","overlay-type":"","overlay-color":"","overlay-opacity":"","overlay-gradient":""}}},"product_brand":[],"product_cat":[113],"product_tag":[],"class_list":{"0":"post-19288","1":"product","2":"type-product","3":"status-publish","4":"has-post-thumbnail","6":"product_cat-smt-handling-machine","7":"desktop-align-left","8":"tablet-align-left","9":"mobile-align-left","10":"ast-product-gallery-layout-horizontal-slider","11":"ast-product-tabs-layout-horizontal","13":"first","14":"instock","15":"shipping-taxable","16":"product-type-simple"},"_links":{"self":[{"href":"https:\/\/dezsmt.com\/es\/wp-json\/wp\/v2\/product\/19288","targetHints":{"allow":["GET"]}}],"collection":[{"href":"https:\/\/dezsmt.com\/es\/wp-json\/wp\/v2\/product"}],"about":[{"href":"https:\/\/dezsmt.com\/es\/wp-json\/wp\/v2\/types\/product"}],"version-history":[{"count":5,"href":"https:\/\/dezsmt.com\/es\/wp-json\/wp\/v2\/product\/19288\/revisions"}],"predecessor-version":[{"id":19466,"href":"https:\/\/dezsmt.com\/es\/wp-json\/wp\/v2\/product\/19288\/revisions\/19466"}],"wp:featuredmedia":[{"embeddable":true,"href":"https:\/\/dezsmt.com\/es\/wp-json\/wp\/v2\/media\/19350"}],"wp:attachment":[{"href":"https:\/\/dezsmt.com\/es\/wp-json\/wp\/v2\/media?parent=19288"}],"wp:term":[{"taxonomy":"product_brand","embeddable":true,"href":"https:\/\/dezsmt.com\/es\/wp-json\/wp\/v2\/product_brand?post=19288"},{"taxonomy":"product_cat","embeddable":true,"href":"https:\/\/dezsmt.com\/es\/wp-json\/wp\/v2\/product_cat?post=19288"},{"taxonomy":"product_tag","embeddable":true,"href":"https:\/\/dezsmt.com\/es\/wp-json\/wp\/v2\/product_tag?post=19288"}],"curies":[{"name":"wp","href":"https:\/\/api.w.org\/{rel}","templated":true}]}}