{"id":19261,"date":"2025-12-04T14:43:44","date_gmt":"2025-12-04T06:43:44","guid":{"rendered":"https:\/\/dezsmt.com\/?post_type=product&#038;p=19261"},"modified":"2025-12-17T16:03:42","modified_gmt":"2025-12-17T08:03:42","slug":"inspection-high-end-conveyor","status":"publish","type":"product","link":"https:\/\/dezsmt.com\/es\/product-center\/inspection-high-end-conveyor\/","title":{"rendered":"INSPECCI\u00d3N DE TRANSPORTADOR DE ALTA GAMA"},"content":{"rendered":"<h3><strong><b><img decoding=\"async\" class=\"alignnone size-medium wp-image-19461\" src=\"https:\/\/dezsmt.com\/wp-content\/uploads\/2025\/12\/2-300x300.png\" alt=\"\" width=\"300\" height=\"300\" title=\"\" srcset=\"https:\/\/dezsmt.com\/wp-content\/uploads\/2025\/12\/2-300x300.png 300w, https:\/\/dezsmt.com\/wp-content\/uploads\/2025\/12\/2-150x150.png 150w, https:\/\/dezsmt.com\/wp-content\/uploads\/2025\/12\/2-12x12.png 12w, https:\/\/dezsmt.com\/wp-content\/uploads\/2025\/12\/2-600x600.png 600w, https:\/\/dezsmt.com\/wp-content\/uploads\/2025\/12\/2-100x100.png 100w, https:\/\/dezsmt.com\/wp-content\/uploads\/2025\/12\/2.png 750w\" sizes=\"(max-width: 300px) 100vw, 300px\" \/><\/b><\/strong><\/h3>\n<h3><span class=\"ez-toc-section\" id=\"INSPECTION_HIGH_END_CONVEYOR\"><\/span><strong><b>INSPECCI\u00d3N DE TRANSPORTADOR DE ALTA GAMA<\/b><\/strong><span class=\"ez-toc-section-end\"><\/span><\/h3>\n<h3><span class=\"ez-toc-section\" id=\"Features\"><\/span><strong><b>Caracter\u00edsticas:<\/b><\/strong><span class=\"ez-toc-section-end\"><\/span><\/h3>\n<p>Utiliza correas ESD para evitar da\u00f1os por descarga electrost\u00e1tica (ESD) en las PCB causados por fricci\u00f3n.<\/p>\n<p>El dise\u00f1o ponderado mejora la estabilidad.<\/p>\n<p>Modo de inspecci\u00f3n y modo autom\u00e1tico<\/p>\n<p>Inducci\u00f3n de precisi\u00f3n de posici\u00f3n multizona<\/p>\n<p>Dise\u00f1o ergon\u00f3mico, hace que los brazos descansen.<\/p>\n<p>Longitud de m\u00e1quina personalizada seg\u00fan los requisitos del cliente.<\/p>\n<p>Solicite el n\u00famero de multizona a petici\u00f3n<\/p>\n<p>Control de velocidad variable<\/p>\n<p>Estructura de acero inoxidable de corte duradero y de precisi\u00f3n laser<\/p>\n<p>Interfaz SMEMA compatible<\/p>\n<h3><span class=\"ez-toc-section\" id=\"Technical_parameters\"><\/span><strong><b>Par\u00e1metros t\u00e9cnicos<\/b><\/strong><span class=\"ez-toc-section-end\"><\/span><\/h3>\n<p>Descripci\u00f3n: Este device es equivalente a una m\u00e1quina SMT o una estaci\u00f3n de prueba del operador del equipo de ensamblaje de PCB.<\/p>\n<p>Tipo de cintur\u00f3n: Cintur\u00f3n oblato EMS<\/p>\n<p>Velocidad de transporte: 0,5-20 m\/min o especificada por el cliente<\/p>\n<p>Fuente de alimentaci\u00f3n: CA 1P 110 V\/220 V<\/p>\n<p>Potencia: M\u00e1x. 100 VA<\/p>\n<p>Altura de transporte: 900 \u00b1 20 mm (o personalizada)<\/p>\n<p>Direcci\u00f3n de transporte: de izquierda a derecha o de derecha a izquierda<\/p>\n<table>\n<tbody>\n<tr>\n<td colspan=\"4\" width=\"600\">\n<h3 style=\"text-align: center;\"><span class=\"ez-toc-section\" id=\"Specification_Parameters\"><\/span>Par\u00e1metros de especificaci\u00f3n<span class=\"ez-toc-section-end\"><\/span><\/h3>\n<\/td>\n<\/tr>\n<tr>\n<td width=\"142\">\n<h4>Modelo<\/h4>\n<\/td>\n<td width=\"142\">\n<h4>Tama\u00f1o de PCB (MM)<\/h4>\n<\/td>\n<td width=\"142\">\n<h4>Peso (KG)<\/h4>\n<\/td>\n<td width=\"174\">\n<h4>Dimensiones (largo x ancho x alto mm)<\/h4>\n<\/td>\n<\/tr>\n<tr>\n<td width=\"142\">DEZ-050S-N<\/td>\n<td width=\"142\">50*50-460*460<\/td>\n<td width=\"142\">75<\/td>\n<td width=\"174\">500*852*930<\/td>\n<\/tr>\n<tr>\n<td width=\"142\">DEZ-100M-N<\/td>\n<td width=\"142\">50*50-460*460<\/td>\n<td width=\"142\">95<\/td>\n<td width=\"174\">1000*852*930<\/td>\n<\/tr>\n<\/tbody>\n<\/table>","protected":false},"excerpt":{"rendered":"<p>Transportador de inspecci\u00f3n ESD-Safe | Banda plana ESD que previene da\u00f1os por est\u00e1tica en PCB, marco de acero inoxidable cortado con laser, inspecci\u00f3n multizona, compatible con SMEMA. Velocidad y longitud personalizables para aplicaciones SMT de precisi\u00f3n. TRANSPORTADOR DE INSPECCI\u00d3N DE ALTA GAMA.<\/p>","protected":false},"featured_media":19344,"template":"","meta":{"_lmt_disableupdate":"no","_lmt_disable":"","site-sidebar-layout":"default","site-content-layout":"","ast-site-content-layout":"default","site-content-style":"default","site-sidebar-style":"default","ast-global-header-display":"","ast-banner-title-visibility":"","ast-main-header-display":"","ast-hfb-above-header-display":"","ast-hfb-below-header-display":"","ast-hfb-mobile-header-display":"","site-post-title":"","ast-breadcrumbs-content":"","ast-featured-img":"","footer-sml-layout":"","ast-disable-related-posts":"","theme-transparent-header-meta":"default","adv-header-id-meta":"","stick-header-meta":"default","header-above-stick-meta":"","header-main-stick-meta":"","header-below-stick-meta":"","astra-migrate-meta-layouts":"set","ast-page-background-enabled":"default","ast-page-background-meta":{"desktop":{"background-color":"","background-image":"","background-repeat":"repeat","background-position":"center center","background-size":"auto","background-attachment":"scroll","background-type":"","background-media":"","overlay-type":"","overlay-color":"","overlay-opacity":"","overlay-gradient":""},"tablet":{"background-color":"","background-image":"","background-repeat":"repeat","background-position":"center center","background-size":"auto","background-attachment":"scroll","background-type":"","background-media":"","overlay-type":"","overlay-color":"","overlay-opacity":"","overlay-gradient":""},"mobile":{"background-color":"","background-image":"","background-repeat":"repeat","background-position":"center center","background-size":"auto","background-attachment":"scroll","background-type":"","background-media":"","overlay-type":"","overlay-color":"","overlay-opacity":"","overlay-gradient":""}},"ast-content-background-meta":{"desktop":{"background-color":"var(--ast-global-color-5)","background-image":"","background-repeat":"repeat","background-position":"center center","background-size":"auto","background-attachment":"scroll","background-type":"","background-media":"","overlay-type":"","overlay-color":"","overlay-opacity":"","overlay-gradient":""},"tablet":{"background-color":"var(--ast-global-color-5)","background-image":"","background-repeat":"repeat","background-position":"center center","background-size":"auto","background-attachment":"scroll","background-type":"","background-media":"","overlay-type":"","overlay-color":"","overlay-opacity":"","overlay-gradient":""},"mobile":{"background-color":"var(--ast-global-color-5)","background-image":"","background-repeat":"repeat","background-position":"center center","background-size":"auto","background-attachment":"scroll","background-type":"","background-media":"","overlay-type":"","overlay-color":"","overlay-opacity":"","overlay-gradient":""}}},"product_brand":[],"product_cat":[113],"product_tag":[],"class_list":{"0":"post-19261","1":"product","2":"type-product","3":"status-publish","4":"has-post-thumbnail","6":"product_cat-smt-handling-machine","7":"desktop-align-left","8":"tablet-align-left","9":"mobile-align-left","10":"ast-product-gallery-layout-horizontal-slider","11":"ast-product-tabs-layout-horizontal","13":"first","14":"instock","15":"shipping-taxable","16":"product-type-simple"},"_links":{"self":[{"href":"https:\/\/dezsmt.com\/es\/wp-json\/wp\/v2\/product\/19261","targetHints":{"allow":["GET"]}}],"collection":[{"href":"https:\/\/dezsmt.com\/es\/wp-json\/wp\/v2\/product"}],"about":[{"href":"https:\/\/dezsmt.com\/es\/wp-json\/wp\/v2\/types\/product"}],"version-history":[{"count":5,"href":"https:\/\/dezsmt.com\/es\/wp-json\/wp\/v2\/product\/19261\/revisions"}],"predecessor-version":[{"id":19463,"href":"https:\/\/dezsmt.com\/es\/wp-json\/wp\/v2\/product\/19261\/revisions\/19463"}],"wp:featuredmedia":[{"embeddable":true,"href":"https:\/\/dezsmt.com\/es\/wp-json\/wp\/v2\/media\/19344"}],"wp:attachment":[{"href":"https:\/\/dezsmt.com\/es\/wp-json\/wp\/v2\/media?parent=19261"}],"wp:term":[{"taxonomy":"product_brand","embeddable":true,"href":"https:\/\/dezsmt.com\/es\/wp-json\/wp\/v2\/product_brand?post=19261"},{"taxonomy":"product_cat","embeddable":true,"href":"https:\/\/dezsmt.com\/es\/wp-json\/wp\/v2\/product_cat?post=19261"},{"taxonomy":"product_tag","embeddable":true,"href":"https:\/\/dezsmt.com\/es\/wp-json\/wp\/v2\/product_tag?post=19261"}],"curies":[{"name":"wp","href":"https:\/\/api.w.org\/{rel}","templated":true}]}}