{"id":19259,"date":"2025-12-04T17:05:11","date_gmt":"2025-12-04T09:05:11","guid":{"rendered":"https:\/\/dezsmt.com\/?post_type=product&#038;p=19259"},"modified":"2025-12-17T16:00:52","modified_gmt":"2025-12-17T08:00:52","slug":"sitename-sitedesc","status":"publish","type":"product","link":"https:\/\/dezsmt.com\/es\/product-center\/sitename-sitedesc\/","title":{"rendered":"TRANSPORTADOR DE INSPECCI\u00d3N"},"content":{"rendered":"<h3><img decoding=\"async\" class=\"alignnone size-medium wp-image-19461\" src=\"https:\/\/dezsmt.com\/wp-content\/uploads\/2025\/12\/2-300x300.png\" alt=\"\" width=\"300\" height=\"300\" title=\"\" srcset=\"https:\/\/dezsmt.com\/wp-content\/uploads\/2025\/12\/2-300x300.png 300w, https:\/\/dezsmt.com\/wp-content\/uploads\/2025\/12\/2-150x150.png 150w, https:\/\/dezsmt.com\/wp-content\/uploads\/2025\/12\/2-12x12.png 12w, https:\/\/dezsmt.com\/wp-content\/uploads\/2025\/12\/2-600x600.png 600w, https:\/\/dezsmt.com\/wp-content\/uploads\/2025\/12\/2-100x100.png 100w, https:\/\/dezsmt.com\/wp-content\/uploads\/2025\/12\/2.png 750w\" sizes=\"(max-width: 300px) 100vw, 300px\" \/><\/h3>\n<h3><span class=\"ez-toc-section\" id=\"INSPECTION_CONVEYOR\"><\/span>TRANSPORTADOR DE INSPECCI\u00d3N<span class=\"ez-toc-section-end\"><\/span><\/h3>\n<h3><span class=\"ez-toc-section\" id=\"Features\"><\/span><strong><b>Caracter\u00edsticas:<\/b><\/strong><span class=\"ez-toc-section-end\"><\/span><\/h3>\n<p>Dise\u00f1o con l\u00e1mpara de inspecci\u00f3n para facilitar la comprobaci\u00f3n manual de la calidad del producto.<\/p>\n<p>El dise\u00f1o ponderado mejora la estabilidad.<\/p>\n<p>Modo de inspecci\u00f3n y modo autom\u00e1tico<\/p>\n<p>Inducci\u00f3n de precisi\u00f3n de posici\u00f3n multizona<\/p>\n<p>Dise\u00f1o ergon\u00f3mico, hace que los brazos descansen.<\/p>\n<p>Longitud de m\u00e1quina personalizada seg\u00fan los requisitos del cliente.<\/p>\n<p>Solicite el n\u00famero de multizona a petici\u00f3n<\/p>\n<p>Control de velocidad variable<\/p>\n<p>Interfaz SMEMA compatible<\/p>\n<h3><span class=\"ez-toc-section\" id=\"Technical_parameters\"><\/span><strong><b>Par\u00e1metros t\u00e9cnicos<\/b><\/strong><span class=\"ez-toc-section-end\"><\/span><\/h3>\n<p>Descripci\u00f3n: Este equipo se utiliza para las operaciones de transporte y almacenamiento de PCB en una l\u00ednea de producci\u00f3n SMT.<\/p>\n<p>Tipo de cintur\u00f3n: Cintur\u00f3n redondo o cintur\u00f3n plano opcional<\/p>\n<p>Velocidad de transporte: 0,5-20 m\/min<\/p>\n<p>Alimentaci\u00f3n: CA 110 V o 220 V; monof\u00e1sica. Consumo de energ\u00eda: 100 VA.<\/p>\n<p>Altura de transporte: 900 \u00b1 20 mm o especificada por el cliente<\/p>\n<p>Direcci\u00f3n de transporte: de izquierda a derecha (LR) o de derecha a izquierda (RL)<\/p>\n<table>\n<tbody>\n<tr>\n<td colspan=\"4\" width=\"600\">\n<h3 style=\"text-align: center;\"><span class=\"ez-toc-section\" id=\"Specification_Parameters\"><\/span><strong>Par\u00e1metros de especificaci\u00f3n<\/strong><span class=\"ez-toc-section-end\"><\/span><\/h3>\n<\/td>\n<\/tr>\n<tr>\n<td width=\"142\">\n<h2><span class=\"ez-toc-section\" id=\"Model\"><\/span>Modelo<span class=\"ez-toc-section-end\"><\/span><\/h2>\n<\/td>\n<td width=\"142\">\n<h2><span class=\"ez-toc-section\" id=\"PCB_sizeMM\"><\/span>Tama\u00f1o de PCB (MM)<span class=\"ez-toc-section-end\"><\/span><\/h2>\n<\/td>\n<td width=\"142\">\n<h2><span class=\"ez-toc-section\" id=\"WeightKG\"><\/span>Peso (KG)<span class=\"ez-toc-section-end\"><\/span><\/h2>\n<\/td>\n<td width=\"174\">\n<h2><span class=\"ez-toc-section\" id=\"DimensionLWH_MM\"><\/span>Dimensiones (largo x ancho x alto mm)<span class=\"ez-toc-section-end\"><\/span><\/h2>\n<\/td>\n<\/tr>\n<tr>\n<td width=\"142\">DEZ-050S-N<\/td>\n<td width=\"142\">50*50-445*350<\/td>\n<td width=\"142\">55<\/td>\n<td width=\"174\">500*676*900<\/td>\n<\/tr>\n<tr>\n<td width=\"142\">DEZ-050M-N<\/td>\n<td width=\"142\">50*50-460*460<\/td>\n<td width=\"142\">70<\/td>\n<td width=\"174\">500*786*900<\/td>\n<\/tr>\n<tr>\n<td width=\"142\">DEZ-100L-N<\/td>\n<td width=\"142\">50*50-445*350<\/td>\n<td width=\"142\">80<\/td>\n<td width=\"174\">1000*676*900<\/td>\n<\/tr>\n<tr>\n<td width=\"142\">DEZ-100XL-N<\/td>\n<td width=\"142\">\u00a0\u00a050*50-530*460<\/td>\n<td width=\"142\">95<\/td>\n<td width=\"174\">1000*786*900<\/td>\n<\/tr>\n<\/tbody>\n<\/table>","protected":false},"excerpt":{"rendered":"<p>Cinta transportadora de inspecci\u00f3n | L\u00e1mpara integrada para la comprobaci\u00f3n manual de la calidad de las PCB. Ofrece precisi\u00f3n multizona, interfaz SMEMA y velocidad variable (0,5-20 m\/min). Longitud personalizable para una integraci\u00f3n perfecta en la l\u00ednea SMT.<\/p>\n<p class=\"ds-markdown-paragraph\">","protected":false},"featured_media":19369,"template":"","meta":{"_lmt_disableupdate":"no","_lmt_disable":"","site-sidebar-layout":"default","site-content-layout":"","ast-site-content-layout":"default","site-content-style":"default","site-sidebar-style":"default","ast-global-header-display":"","ast-banner-title-visibility":"","ast-main-header-display":"","ast-hfb-above-header-display":"","ast-hfb-below-header-display":"","ast-hfb-mobile-header-display":"","site-post-title":"","ast-breadcrumbs-content":"","ast-featured-img":"","footer-sml-layout":"","ast-disable-related-posts":"","theme-transparent-header-meta":"default","adv-header-id-meta":"","stick-header-meta":"default","header-above-stick-meta":"","header-main-stick-meta":"","header-below-stick-meta":"","astra-migrate-meta-layouts":"set","ast-page-background-enabled":"default","ast-page-background-meta":{"desktop":{"background-color":"","background-image":"","background-repeat":"repeat","background-position":"center center","background-size":"auto","background-attachment":"scroll","background-type":"","background-media":"","overlay-type":"","overlay-color":"","overlay-opacity":"","overlay-gradient":""},"tablet":{"background-color":"","background-image":"","background-repeat":"repeat","background-position":"center center","background-size":"auto","background-attachment":"scroll","background-type":"","background-media":"","overlay-type":"","overlay-color":"","overlay-opacity":"","overlay-gradient":""},"mobile":{"background-color":"","background-image":"","background-repeat":"repeat","background-position":"center center","background-size":"auto","background-attachment":"scroll","background-type":"","background-media":"","overlay-type":"","overlay-color":"","overlay-opacity":"","overlay-gradient":""}},"ast-content-background-meta":{"desktop":{"background-color":"var(--ast-global-color-5)","background-image":"","background-repeat":"repeat","background-position":"center center","background-size":"auto","background-attachment":"scroll","background-type":"","background-media":"","overlay-type":"","overlay-color":"","overlay-opacity":"","overlay-gradient":""},"tablet":{"background-color":"var(--ast-global-color-5)","background-image":"","background-repeat":"repeat","background-position":"center center","background-size":"auto","background-attachment":"scroll","background-type":"","background-media":"","overlay-type":"","overlay-color":"","overlay-opacity":"","overlay-gradient":""},"mobile":{"background-color":"var(--ast-global-color-5)","background-image":"","background-repeat":"repeat","background-position":"center center","background-size":"auto","background-attachment":"scroll","background-type":"","background-media":"","overlay-type":"","overlay-color":"","overlay-opacity":"","overlay-gradient":""}}},"product_brand":[],"product_cat":[114],"product_tag":[],"class_list":{"0":"post-19259","1":"product","2":"type-product","3":"status-publish","4":"has-post-thumbnail","6":"product_cat-inspection-conveyor","7":"desktop-align-left","8":"tablet-align-left","9":"mobile-align-left","10":"ast-product-gallery-layout-horizontal-slider","11":"ast-product-gallery-with-no-image","12":"ast-product-tabs-layout-horizontal","14":"first","15":"instock","16":"shipping-taxable","17":"product-type-simple"},"_links":{"self":[{"href":"https:\/\/dezsmt.com\/es\/wp-json\/wp\/v2\/product\/19259","targetHints":{"allow":["GET"]}}],"collection":[{"href":"https:\/\/dezsmt.com\/es\/wp-json\/wp\/v2\/product"}],"about":[{"href":"https:\/\/dezsmt.com\/es\/wp-json\/wp\/v2\/types\/product"}],"version-history":[{"count":7,"href":"https:\/\/dezsmt.com\/es\/wp-json\/wp\/v2\/product\/19259\/revisions"}],"predecessor-version":[{"id":19462,"href":"https:\/\/dezsmt.com\/es\/wp-json\/wp\/v2\/product\/19259\/revisions\/19462"}],"wp:featuredmedia":[{"embeddable":true,"href":"https:\/\/dezsmt.com\/es\/wp-json\/wp\/v2\/media\/19369"}],"wp:attachment":[{"href":"https:\/\/dezsmt.com\/es\/wp-json\/wp\/v2\/media?parent=19259"}],"wp:term":[{"taxonomy":"product_brand","embeddable":true,"href":"https:\/\/dezsmt.com\/es\/wp-json\/wp\/v2\/product_brand?post=19259"},{"taxonomy":"product_cat","embeddable":true,"href":"https:\/\/dezsmt.com\/es\/wp-json\/wp\/v2\/product_cat?post=19259"},{"taxonomy":"product_tag","embeddable":true,"href":"https:\/\/dezsmt.com\/es\/wp-json\/wp\/v2\/product_tag?post=19259"}],"curies":[{"name":"wp","href":"https:\/\/api.w.org\/{rel}","templated":true}]}}