{"id":17813,"date":"2025-05-05T14:47:04","date_gmt":"2025-05-05T06:47:04","guid":{"rendered":"https:\/\/dezsmt.com\/product-center\/st-r820-bga-rework-station\/"},"modified":"2025-12-11T15:23:54","modified_gmt":"2025-12-11T07:23:54","slug":"dez-r820-bga-rework-station","status":"publish","type":"product","link":"https:\/\/dezsmt.com\/es\/product-center\/dez-r820-bga-rework-station\/","title":{"rendered":"DEZ-R820 Estaci\u00f3n de retrabajo BGA"},"content":{"rendered":"<div data-elementor-type=\"product-post\" data-elementor-id=\"17813\" class=\"elementor elementor-17813\" data-elementor-post-type=\"product\">\n\t\t\t\t<div class=\"elementor-element elementor-element-559efc1e e-flex e-con-boxed e-con e-parent\" data-id=\"559efc1e\" data-element_type=\"container\" data-settings=\"{&quot;ekit_has_onepagescroll_dot&quot;:&quot;yes&quot;}\">\n\t\t\t\t\t<div class=\"e-con-inner\">\n\t\t\t\t<div class=\"elementor-element elementor-element-3986728 e-n-tabs-mobile elementor-widget elementor-widget-n-tabs\" data-id=\"3986728\" data-element_type=\"widget\" data-settings=\"{&quot;tabs_justify_horizontal&quot;:&quot;stretch&quot;,&quot;horizontal_scroll&quot;:&quot;disable&quot;,&quot;ekit_we_effect_on&quot;:&quot;none&quot;}\" data-widget_type=\"nested-tabs.default\">\n\t\t\t\t\t\t\t<div class=\"e-n-tabs\" data-widget-number=\"60319528\" aria-label=\"Pesta\u00f1as. Abre elementos con Intro o Espacio, ci\u00e9rralos con Escape y navega con las fechas.\">\n\t\t\t<div class=\"e-n-tabs-heading\" role=\"tablist\">\n\t\t\t\t\t<button id=\"e-n-tab-title-603195281\" data-tab-title-id=\"e-n-tab-title-603195281\" class=\"e-n-tab-title\" aria-selected=\"true\" data-tab-index=\"1\" role=\"tab\" tabindex=\"0\" aria-controls=\"e-n-tab-content-603195281\" style=\"--n-tabs-title-order: 1;\">\n\t\t\t\t\t\t<span class=\"e-n-tab-title-text\">\n\t\t\t\tEspecificaciones destacadas\t\t\t<\/span>\n\t\t<\/button>\n\t\t\t\t<button id=\"e-n-tab-title-603195282\" data-tab-title-id=\"e-n-tab-title-603195282\" class=\"e-n-tab-title\" aria-selected=\"false\" data-tab-index=\"2\" role=\"tab\" tabindex=\"-1\" aria-controls=\"e-n-tab-content-603195282\" style=\"--n-tabs-title-order: 2;\">\n\t\t\t\t\t\t<span class=\"e-n-tab-title-text\">\n\t\t\t\tV\u00eddeo\t\t\t<\/span>\n\t\t<\/button>\n\t\t\t\t\t<\/div>\n\t\t\t<div class=\"e-n-tabs-content\">\n\t\t\t\t<div id=\"e-n-tab-content-603195281\" role=\"tabpanel\" aria-labelledby=\"e-n-tab-title-603195281\" data-tab-index=\"1\" style=\"--n-tabs-title-order: 1;\" class=\"e-active elementor-element elementor-element-0f8365a e-con-full e-flex e-con e-child\" data-id=\"0f8365a\" data-element_type=\"container\" data-settings=\"{&quot;ekit_has_onepagescroll_dot&quot;:&quot;yes&quot;}\">\n\t\t\t\t<div class=\"elementor-element elementor-element-36cd0ed8 elementor-widget elementor-widget-text-editor\" data-id=\"36cd0ed8\" data-element_type=\"widget\" data-settings=\"{&quot;ekit_we_effect_on&quot;:&quot;none&quot;}\" data-widget_type=\"text-editor.default\">\n\t\t\t\t\t\t\t\t\t<p><strong>Caracter\u00edsticas principales<\/strong>:<br \/>Tres calefactores de control independientes para un control preciso de la temperatura.<br \/>Sistema de alineaci\u00f3n \u00f3ptica precisa con sistema \u00f3ptico de color CCD ajustable.<br \/>Sistema operativo multifunci\u00f3n con interfaz hombre-m\u00e1quina de alta definici\u00f3n.<br \/>Funciones de seguridad superiores con certificaci\u00f3n CE.<br \/>Adecuado para varios tama\u00f1os de placas de circuito impreso y chips BGA.<br \/>Posicionamiento f\u00e1cil y preciso con soporte para placas de circuito impreso con ranura en V.<br \/>Fijaci\u00f3n universal flexible y desmontable para protecci\u00f3n.<br \/>Control de la temperatura en tiempo real y almacenamiento de datos.<\/p><p><strong>Ficha t\u00e9cnica<\/strong>:<br \/>- Poder:<br \/>- CA 220V\u00b110\u00a3\u00a5 50\/60 Hz<br \/>- Potencia total: Max 5300W<br \/>- Potencia del calefactor: calefactor superior 1200 W, calefactor inferior 1200 W, calefactor IR 2700 W<br \/>- Materiales el\u00e9ctricos:<br \/>- Controlador programable de inteligencia, soporta conectar ordenador<br \/>- Control de temperatura:<br \/>- Termopar tipo K (circuito cerrado), control de temperatura independiente, precisi\u00f3n de \u00b13\u2103.<br \/>- Posicionamiento:<br \/>- Ranura en V, soporte PCB<br \/>- Tama\u00f1o PCB:<br \/>- M\u00e1x. 415\u00d7370 mm, M\u00edn. 65\u00d765 mm<br \/>- Chip BGA:<br \/>- M\u00e1x. 80x80 mm, m\u00edn. 2\u00d72 mm<br \/>- Dimensiones:<br \/>- L680xAn630xAl900 mm<br \/>- Sensores:<br \/>- 1 unidad<br \/>- Peso:<br \/>- 79 kg<br \/>- Nombre del producto: Estaci\u00f3n de retrabajo BGA totalmente autom\u00e1tica<br \/>- Modelo #: ST-R820<br \/>- Potencia total: 5300 W<br \/>- Calentador superior: 1200W<br \/>- Calentador inferior: 1200W<br \/>- Calentador IR: 2700W<br \/>- \u00c1rea de calentamiento IR: 280380mm<br \/>- Voltaje: AC220V\u00b110% 50\/60Hz<br \/>- Direcci\u00f3n de movimiento: Eje Z<br \/>- Sistema de posici\u00f3n: Ranura en V, soporte PCB<br \/>- Control de temperatura: Termopar de bucle cerrado tipo K con una precisi\u00f3n de \u00b13\u2103.<br \/>- Precisi\u00f3n de temperatura: \u00b13 grados<br \/>- Tama\u00f1o PCB: Max 415370 mm, Min 6565 mm<br \/>- Materiales el\u00e9ctricos: Servoaccionamiento (Panasonic) + Pantalla t\u00e1ctil (Taiw\u00e1n) + PLC Panasonic + Placa calefactora (Alemania)<br \/>- Ampliaci\u00f3n de la c\u00e1mara: 5X~50X<br \/>- Sistema \u00f3ptico: Sistema de imagen en color CCD de alta definici\u00f3n original japon\u00e9s, control por joystick<br \/>- Chip BGA: M\u00e1x. 8080 mm, m\u00edn. 22 mm<br \/>- Pantalla t\u00e1ctil: 10 pulgadas, resoluci\u00f3n 640480, pantalla t\u00e1ctil Panel Visa, interfaz USB externa<br \/>- Sensor de temperatura externo: 1 unidad<br \/>- Modo de trabajo: Accionamiento el\u00e9ctrico (Accionamiento a gas + nitr\u00f3geno opcional)<br \/>- Precisi\u00f3n de colocaci\u00f3n: \u00b10,02 mm<br \/>- Dimensiones: L680W630H900 mm (soporte LCD no incluido)<br \/>- Peso neto: 79KG<br \/>- Certificaciones: Certificado CE y Patente<br \/>- Embalaje: L780W800H1090mm<br \/>- Peso bruto: 105KG<\/p>\t\t\t\t\t\t\t\t<\/div>\n\t\t\t\t<\/div>\n\t\t<div id=\"e-n-tab-content-603195282\" role=\"tabpanel\" aria-labelledby=\"e-n-tab-title-603195282\" data-tab-index=\"2\" style=\"--n-tabs-title-order: 2;\" class=\"elementor-element elementor-element-322ed20 e-con-full e-flex e-con e-child\" data-id=\"322ed20\" data-element_type=\"container\" data-settings=\"{&quot;ekit_has_onepagescroll_dot&quot;:&quot;yes&quot;}\">\n\t\t\t\t<div class=\"elementor-element elementor-element-7e4c4a3 elementor-widget elementor-widget-video\" data-id=\"7e4c4a3\" data-element_type=\"widget\" data-settings=\"{&quot;youtube_url&quot;:&quot;https:\\\/\\\/www.youtube.com\\\/watch?v=WaNCJ-UYnao&quot;,&quot;video_type&quot;:&quot;youtube&quot;,&quot;controls&quot;:&quot;yes&quot;,&quot;ekit_we_effect_on&quot;:&quot;none&quot;}\" data-widget_type=\"video.default\">\n\t\t\t\t\t\t\t<div class=\"elementor-wrapper elementor-open-inline\">\n\t\t\t<div class=\"elementor-video\"><\/div>\t\t<\/div>\n\t\t\t\t\t\t<\/div>\n\t\t\t\t<\/div>\n\t\t\t\t\t<\/div>\n\t\t<\/div>\n\t\t\t\t\t\t<\/div>\n\t\t\t\t\t<\/div>\n\t\t\t\t<\/div>\n\t\t\t\t<\/div>","protected":false},"excerpt":{"rendered":"<p>La ST-R820 es una estaci\u00f3n de reprocesado BGA con alineaci\u00f3n \u00f3ptica dise\u00f1ada para el reprocesado preciso de chips BGA en placas de circuito impreso. Ofrece una gran precisi\u00f3n y fiabilidad, por lo que es ideal para la fabricaci\u00f3n y reparaci\u00f3n de componentes electr\u00f3nicos.<\/p>","protected":false},"featured_media":19377,"template":"","meta":{"_lmt_disableupdate":"no","_lmt_disable":"","site-sidebar-layout":"default","site-content-layout":"","ast-site-content-layout":"default","site-content-style":"default","site-sidebar-style":"default","ast-global-header-display":"","ast-banner-title-visibility":"","ast-main-header-display":"","ast-hfb-above-header-display":"","ast-hfb-below-header-display":"","ast-hfb-mobile-header-display":"","site-post-title":"","ast-breadcrumbs-content":"","ast-featured-img":"","footer-sml-layout":"","ast-disable-related-posts":"","theme-transparent-header-meta":"default","adv-header-id-meta":"","stick-header-meta":"default","header-above-stick-meta":"","header-main-stick-meta":"","header-below-stick-meta":"","astra-migrate-meta-layouts":"set","ast-page-background-enabled":"default","ast-page-background-meta":{"desktop":{"background-color":"","background-image":"","background-repeat":"repeat","background-position":"center center","background-size":"auto","background-attachment":"scroll","background-type":"","background-media":"","overlay-type":"","overlay-color":"","overlay-opacity":"","overlay-gradient":""},"tablet":{"background-color":"","background-image":"","background-repeat":"repeat","background-position":"center center","background-size":"auto","background-attachment":"scroll","background-type":"","background-media":"","overlay-type":"","overlay-color":"","overlay-opacity":"","overlay-gradient":""},"mobile":{"background-color":"","background-image":"","background-repeat":"repeat","background-position":"center center","background-size":"auto","background-attachment":"scroll","background-type":"","background-media":"","overlay-type":"","overlay-color":"","overlay-opacity":"","overlay-gradient":""}},"ast-content-background-meta":{"desktop":{"background-color":"var(--ast-global-color-5)","background-image":"","background-repeat":"repeat","background-position":"center center","background-size":"auto","background-attachment":"scroll","background-type":"","background-media":"","overlay-type":"","overlay-color":"","overlay-opacity":"","overlay-gradient":""},"tablet":{"background-color":"var(--ast-global-color-5)","background-image":"","background-repeat":"repeat","background-position":"center center","background-size":"auto","background-attachment":"scroll","background-type":"","background-media":"","overlay-type":"","overlay-color":"","overlay-opacity":"","overlay-gradient":""},"mobile":{"background-color":"var(--ast-global-color-5)","background-image":"","background-repeat":"repeat","background-position":"center center","background-size":"auto","background-attachment":"scroll","background-type":"","background-media":"","overlay-type":"","overlay-color":"","overlay-opacity":"","overlay-gradient":""}}},"product_brand":[],"product_cat":[106],"product_tag":[],"class_list":{"0":"post-17813","1":"product","2":"type-product","3":"status-publish","4":"has-post-thumbnail","6":"product_cat-bga-rework-station","7":"desktop-align-left","8":"tablet-align-left","9":"mobile-align-left","10":"ast-product-gallery-layout-horizontal-slider","11":"ast-product-gallery-with-no-image","12":"ast-product-tabs-layout-horizontal","14":"first","15":"instock","16":"shipping-taxable","17":"purchasable","18":"product-type-simple"},"_links":{"self":[{"href":"https:\/\/dezsmt.com\/es\/wp-json\/wp\/v2\/product\/17813","targetHints":{"allow":["GET"]}}],"collection":[{"href":"https:\/\/dezsmt.com\/es\/wp-json\/wp\/v2\/product"}],"about":[{"href":"https:\/\/dezsmt.com\/es\/wp-json\/wp\/v2\/types\/product"}],"version-history":[{"count":5,"href":"https:\/\/dezsmt.com\/es\/wp-json\/wp\/v2\/product\/17813\/revisions"}],"predecessor-version":[{"id":19442,"href":"https:\/\/dezsmt.com\/es\/wp-json\/wp\/v2\/product\/17813\/revisions\/19442"}],"wp:featuredmedia":[{"embeddable":true,"href":"https:\/\/dezsmt.com\/es\/wp-json\/wp\/v2\/media\/19377"}],"wp:attachment":[{"href":"https:\/\/dezsmt.com\/es\/wp-json\/wp\/v2\/media?parent=17813"}],"wp:term":[{"taxonomy":"product_brand","embeddable":true,"href":"https:\/\/dezsmt.com\/es\/wp-json\/wp\/v2\/product_brand?post=17813"},{"taxonomy":"product_cat","embeddable":true,"href":"https:\/\/dezsmt.com\/es\/wp-json\/wp\/v2\/product_cat?post=17813"},{"taxonomy":"product_tag","embeddable":true,"href":"https:\/\/dezsmt.com\/es\/wp-json\/wp\/v2\/product_tag?post=17813"}],"curies":[{"name":"wp","href":"https:\/\/api.w.org\/{rel}","templated":true}]}}