{"id":17812,"date":"2025-05-05T14:47:04","date_gmt":"2025-05-05T06:47:04","guid":{"rendered":"https:\/\/dezsmt.com\/product-center\/dez-x7600-x-ray-inspection-system\/"},"modified":"2025-12-05T15:51:46","modified_gmt":"2025-12-05T07:51:46","slug":"dez-x7600-x-ray-inspection-system","status":"publish","type":"product","link":"https:\/\/dezsmt.com\/es\/product-center\/dez-x7600-x-ray-inspection-system\/","title":{"rendered":"DEZ-X7600 Sistema de inspecci\u00f3n por rayos X"},"content":{"rendered":"<div data-elementor-type=\"product-post\" data-elementor-id=\"17812\" class=\"elementor elementor-17812\" data-elementor-post-type=\"product\">\n\t\t\t\t<div class=\"elementor-element elementor-element-7889c6fd e-flex e-con-boxed e-con e-parent\" data-id=\"7889c6fd\" data-element_type=\"container\" data-settings=\"{&quot;ekit_has_onepagescroll_dot&quot;:&quot;yes&quot;}\">\n\t\t\t\t\t<div class=\"e-con-inner\">\n\t\t\t\t<div class=\"elementor-element elementor-element-665ed4e e-n-tabs-mobile elementor-widget elementor-widget-n-tabs\" data-id=\"665ed4e\" data-element_type=\"widget\" data-settings=\"{&quot;tabs_justify_horizontal&quot;:&quot;stretch&quot;,&quot;horizontal_scroll&quot;:&quot;disable&quot;,&quot;ekit_we_effect_on&quot;:&quot;none&quot;}\" data-widget_type=\"nested-tabs.default\">\n\t\t\t\t\t\t\t<div class=\"e-n-tabs\" data-widget-number=\"107343182\" aria-label=\"Pesta\u00f1as. Abre elementos con Intro o Espacio, ci\u00e9rralos con Escape y navega con las fechas.\">\n\t\t\t<div class=\"e-n-tabs-heading\" role=\"tablist\">\n\t\t\t\t\t<button id=\"e-n-tab-title-1073431821\" data-tab-title-id=\"e-n-tab-title-1073431821\" class=\"e-n-tab-title\" aria-selected=\"true\" data-tab-index=\"1\" role=\"tab\" tabindex=\"0\" aria-controls=\"e-n-tab-content-1073431821\" style=\"--n-tabs-title-order: 1;\">\n\t\t\t\t\t\t<span class=\"e-n-tab-title-text\">\n\t\t\t\tEspecificaciones destacadas\t\t\t<\/span>\n\t\t<\/button>\n\t\t\t\t<button id=\"e-n-tab-title-1073431822\" data-tab-title-id=\"e-n-tab-title-1073431822\" class=\"e-n-tab-title\" aria-selected=\"false\" data-tab-index=\"2\" role=\"tab\" tabindex=\"-1\" aria-controls=\"e-n-tab-content-1073431822\" style=\"--n-tabs-title-order: 2;\">\n\t\t\t\t\t\t<span class=\"e-n-tab-title-text\">\n\t\t\t\tV\u00eddeo\t\t\t<\/span>\n\t\t<\/button>\n\t\t\t\t\t<\/div>\n\t\t\t<div class=\"e-n-tabs-content\">\n\t\t\t\t<div id=\"e-n-tab-content-1073431821\" role=\"tabpanel\" aria-labelledby=\"e-n-tab-title-1073431821\" data-tab-index=\"1\" style=\"--n-tabs-title-order: 1;\" class=\"e-active elementor-element elementor-element-62e903b e-con-full e-flex e-con e-child\" data-id=\"62e903b\" data-element_type=\"container\" data-settings=\"{&quot;ekit_has_onepagescroll_dot&quot;:&quot;yes&quot;}\">\n\t\t\t\t<div class=\"elementor-element elementor-element-267baf3d elementor-widget elementor-widget-text-editor\" data-id=\"267baf3d\" data-element_type=\"widget\" data-settings=\"{&quot;ekit_we_effect_on&quot;:&quot;none&quot;}\" data-widget_type=\"text-editor.default\">\n\t\t\t\t\t\t\t\t\t<p><strong>Caracter\u00edsticas principales<\/strong>:<br \/>Im\u00e1genes de alta resoluci\u00f3n con un \u00e1rea de detecci\u00f3n de 130 mm * 130 mm.<br \/>Funciones de supervisi\u00f3n y grabaci\u00f3n en tiempo real.<br \/>Algoritmos de detecci\u00f3n personalizables para requisitos espec\u00edficos.<br \/>Interfaz User f\u00e1cil de usar con navegaci\u00f3n intuitiva.<br \/>Ordenador industrial robusto con especificaciones de alto rendimiento.<br \/>Funcionamiento seguro y fiable con funciones de protecci\u00f3n contra las radiaciones.<br \/>Adecuado para diversas aplicaciones electr\u00f3nicas y de semiconductores.<\/p><p><strong>Ficha t\u00e9cnica<\/strong>:<br \/>- Fuente de rayos X:<br \/>- Marca: Hamamatsu, Jap\u00f3n<br \/>- Tipo: Microfoco cerrado<br \/>- Tensi\u00f3n: 130 kv<br \/>- Corriente: 10-300uA<br \/>- Tama\u00f1o del foco: 5\u03bcm<br \/>- Potencia m\u00e1xima: 39 W<br \/>- Unidad de imagen:<br \/>- Marca: iRAY<br \/>- Tipo: Detector de panel plano de silicio Amorphous<br \/>- \u00c1rea de imagen: 130mm * 130mm<br \/>- Tama\u00f1o de la unidad fotosensible: 85\u03bcm<br \/>- Matriz de p\u00edxeles: 1536 * 1536<br \/>- Resoluci\u00f3n: 5,8 Lp\/mm<br \/>- Frecuencia de imagen: 20fps<br \/>- \u00c1ngulo de inclinaci\u00f3n: \u00e1ngulo de visi\u00f3n de 0-90\u00a1\u00e3 (45\u00a1\u00e3 a izquierda y derecha)<br \/>- Relaci\u00f3n de ampliaci\u00f3n: Aumento geom\u00e9trico de 150 veces<br \/>- Anfitri\u00f3n inform\u00e1tico:<br \/>- Marca: Advantech Ordenador industrial<br \/>- Configuraci\u00f3n: CPU: I5 7700, RAM: 8G, HDD: 1TB<br \/>- Monitor: Pantalla LCD FHD de 24<br \/>- Plataforma de carga:<br \/>- \u00c1rea de carga: 520mm * 520mm<br \/>- \u00c1rea de inspecci\u00f3n m\u00e1x: 510mm * 450mm<br \/>- Recorrido de movimiento (eje Z): Panel de detecci\u00f3n Z1=300mm, Fuente de rayos X Z2=300mm<br \/>- Recorrido de movimiento (eje X): * eje=510mm, Y eje=450mm<br \/>- Peso m\u00e1ximo de la muestra: 12 kg<br \/>- M\u00e9todo de control de movimiento: Joystick, rat\u00f3n y teclado<br \/>- Sistema de navegaci\u00f3n:<br \/>- Configuraci\u00f3n: C\u00e1mara de alta definici\u00f3n Hikvision<br \/>- Sistema de software:<br \/>- Desarrollado de forma independiente con propiedad intelectual de software<br \/>- Funciones: Ajuste autom\u00e1tico de im\u00e1genes, navegaci\u00f3n autom\u00e1tica, funci\u00f3n de c\u00e1lculo, algoritmos de detecci\u00f3n personalizables, funci\u00f3n de edici\u00f3n de ubicaciones<br \/>- Par\u00e1metros de la m\u00e1quina:<br \/>- Peso: Aproximadamente 1650Kg<br \/>- Fuente de alimentaci\u00f3n: 220V\/50Hz<br \/>- Potencia m\u00e1xima: 2,0 kW<br \/>- Dimensiones del equipo: 1400mm(Largo) * 1350mm(Ancho) * 1750mm(Alto)<br \/>- Dosis de fuga de radiaci\u00f3n: &lt;0,5\u03bcSv\/h<\/p><p>- Seguridad de rayos X: Dosis de fuga de radiaci\u00f3n &lt;0,5\u03bcSv\/h, material protector de la carcasa compuesto de una estructura de acero-lead-acero, ventana de la puerta frontal utiliza vidrio leaded para protecci\u00f3n contra la radiaci\u00f3n, funci\u00f3n de enclavamiento de seguridad, luces indicadoras de estado, archivo de exenci\u00f3n para radiois\u00f3topos y radiaci\u00f3n devices.<br \/>- Lista de configuraci\u00f3n:<br \/>- Fuente de rayos X: 1 juego (Hamamatsu, Jap\u00f3n, fuente de rayos X de microenfoque cerrado 130KV)<br \/>- Unidad de imagen: 1 unidad (iRAY, Amorphous Detector de panel plano de silicio 130mm * 130mm)<br \/>- Ordenador central: 1 unidad (ordenador industrial Advantech)<br \/>- Monitor: 1 unidad (monitor HD de 24 pulgadas)<br \/>- Componentes de Control de Precisi\u00f3n: 1 juego (tarjeta de control de movimiento Googol, motor, etc.)<br \/>- Piezas de sala y movimiento: 1 juego (Derechos de autor)<br \/>- Software: 1 juego (Derechos propios)<\/p>\t\t\t\t\t\t\t\t<\/div>\n\t\t\t\t<\/div>\n\t\t<div id=\"e-n-tab-content-1073431822\" role=\"tabpanel\" aria-labelledby=\"e-n-tab-title-1073431822\" data-tab-index=\"2\" style=\"--n-tabs-title-order: 2;\" class=\"elementor-element elementor-element-b348fe1 e-con-full e-flex e-con e-child\" data-id=\"b348fe1\" data-element_type=\"container\" data-settings=\"{&quot;ekit_has_onepagescroll_dot&quot;:&quot;yes&quot;}\">\n\t\t\t\t<div class=\"elementor-element elementor-element-a2a5ab9 elementor-widget elementor-widget-video\" data-id=\"a2a5ab9\" data-element_type=\"widget\" data-settings=\"{&quot;youtube_url&quot;:&quot;https:\\\/\\\/www.youtube.com\\\/watch?v=WaNCJ-UYnao&quot;,&quot;video_type&quot;:&quot;youtube&quot;,&quot;controls&quot;:&quot;yes&quot;,&quot;ekit_we_effect_on&quot;:&quot;none&quot;}\" data-widget_type=\"video.default\">\n\t\t\t\t\t\t\t<div class=\"elementor-wrapper elementor-open-inline\">\n\t\t\t<div class=\"elementor-video\"><\/div>\t\t<\/div>\n\t\t\t\t\t\t<\/div>\n\t\t\t\t<\/div>\n\t\t\t\t\t<\/div>\n\t\t<\/div>\n\t\t\t\t\t\t<\/div>\n\t\t\t\t\t<\/div>\n\t\t\t\t<\/div>\n\t\t\t\t<\/div>","protected":false},"excerpt":{"rendered":"<p>El DEZ-X7600 es un sistema de inspecci\u00f3n por rayos X dise\u00f1ado para ensayos no destructivos de componentes electr\u00f3nicos y placas de circuito impreso. Ofrece im\u00e1genes de alta resoluci\u00f3n y capacidades de detecci\u00f3n precisas, por lo que es ideal para el control de calidad y el an\u00e1lisis de fallos.<\/p>","protected":false},"featured_media":19412,"template":"","meta":{"_lmt_disableupdate":"no","_lmt_disable":"","site-sidebar-layout":"default","site-content-layout":"","ast-site-content-layout":"default","site-content-style":"default","site-sidebar-style":"default","ast-global-header-display":"","ast-banner-title-visibility":"","ast-main-header-display":"","ast-hfb-above-header-display":"","ast-hfb-below-header-display":"","ast-hfb-mobile-header-display":"","site-post-title":"","ast-breadcrumbs-content":"","ast-featured-img":"","footer-sml-layout":"","ast-disable-related-posts":"","theme-transparent-header-meta":"default","adv-header-id-meta":"","stick-header-meta":"default","header-above-stick-meta":"","header-main-stick-meta":"","header-below-stick-meta":"","astra-migrate-meta-layouts":"set","ast-page-background-enabled":"default","ast-page-background-meta":{"desktop":{"background-color":"","background-image":"","background-repeat":"repeat","background-position":"center center","background-size":"auto","background-attachment":"scroll","background-type":"","background-media":"","overlay-type":"","overlay-color":"","overlay-opacity":"","overlay-gradient":""},"tablet":{"background-color":"","background-image":"","background-repeat":"repeat","background-position":"center center","background-size":"auto","background-attachment":"scroll","background-type":"","background-media":"","overlay-type":"","overlay-color":"","overlay-opacity":"","overlay-gradient":""},"mobile":{"background-color":"","background-image":"","background-repeat":"repeat","background-position":"center center","background-size":"auto","background-attachment":"scroll","background-type":"","background-media":"","overlay-type":"","overlay-color":"","overlay-opacity":"","overlay-gradient":""}},"ast-content-background-meta":{"desktop":{"background-color":"var(--ast-global-color-5)","background-image":"","background-repeat":"repeat","background-position":"center center","background-size":"auto","background-attachment":"scroll","background-type":"","background-media":"","overlay-type":"","overlay-color":"","overlay-opacity":"","overlay-gradient":""},"tablet":{"background-color":"var(--ast-global-color-5)","background-image":"","background-repeat":"repeat","background-position":"center center","background-size":"auto","background-attachment":"scroll","background-type":"","background-media":"","overlay-type":"","overlay-color":"","overlay-opacity":"","overlay-gradient":""},"mobile":{"background-color":"var(--ast-global-color-5)","background-image":"","background-repeat":"repeat","background-position":"center center","background-size":"auto","background-attachment":"scroll","background-type":"","background-media":"","overlay-type":"","overlay-color":"","overlay-opacity":"","overlay-gradient":""}}},"product_brand":[],"product_cat":[105],"product_tag":[],"class_list":{"0":"post-17812","1":"product","2":"type-product","3":"status-publish","4":"has-post-thumbnail","6":"product_cat-x-ray-inspection-system","7":"desktop-align-left","8":"tablet-align-left","9":"mobile-align-left","10":"ast-product-gallery-layout-horizontal-slider","11":"ast-product-tabs-layout-horizontal","13":"first","14":"instock","15":"shipping-taxable","16":"purchasable","17":"product-type-simple"},"_links":{"self":[{"href":"https:\/\/dezsmt.com\/es\/wp-json\/wp\/v2\/product\/17812","targetHints":{"allow":["GET"]}}],"collection":[{"href":"https:\/\/dezsmt.com\/es\/wp-json\/wp\/v2\/product"}],"about":[{"href":"https:\/\/dezsmt.com\/es\/wp-json\/wp\/v2\/types\/product"}],"version-history":[{"count":1,"href":"https:\/\/dezsmt.com\/es\/wp-json\/wp\/v2\/product\/17812\/revisions"}],"predecessor-version":[{"id":19403,"href":"https:\/\/dezsmt.com\/es\/wp-json\/wp\/v2\/product\/17812\/revisions\/19403"}],"wp:featuredmedia":[{"embeddable":true,"href":"https:\/\/dezsmt.com\/es\/wp-json\/wp\/v2\/media\/19412"}],"wp:attachment":[{"href":"https:\/\/dezsmt.com\/es\/wp-json\/wp\/v2\/media?parent=17812"}],"wp:term":[{"taxonomy":"product_brand","embeddable":true,"href":"https:\/\/dezsmt.com\/es\/wp-json\/wp\/v2\/product_brand?post=17812"},{"taxonomy":"product_cat","embeddable":true,"href":"https:\/\/dezsmt.com\/es\/wp-json\/wp\/v2\/product_cat?post=17812"},{"taxonomy":"product_tag","embeddable":true,"href":"https:\/\/dezsmt.com\/es\/wp-json\/wp\/v2\/product_tag?post=17812"}],"curies":[{"name":"wp","href":"https:\/\/api.w.org\/{rel}","templated":true}]}}