{"id":17805,"date":"2025-05-05T14:47:00","date_gmt":"2025-05-05T06:47:00","guid":{"rendered":"https:\/\/dezsmt.com\/product-center\/dez-c7310-dry-ice-cleaning-equipment\/"},"modified":"2025-12-04T18:08:35","modified_gmt":"2025-12-04T10:08:35","slug":"dez-c7310-dry-ice-cleaning-equipment","status":"publish","type":"product","link":"https:\/\/dezsmt.com\/es\/product-center\/dez-c7310-dry-ice-cleaning-equipment\/","title":{"rendered":"DEZ-C7310 Equipo de limpieza con hielo seco"},"content":{"rendered":"<div data-elementor-type=\"product-post\" data-elementor-id=\"17805\" class=\"elementor elementor-17805\" data-elementor-post-type=\"product\">\n\t\t\t\t<div class=\"elementor-element elementor-element-284fcc63 e-flex e-con-boxed e-con e-parent\" data-id=\"284fcc63\" data-element_type=\"container\" data-settings=\"{&quot;ekit_has_onepagescroll_dot&quot;:&quot;yes&quot;}\">\n\t\t\t\t\t<div class=\"e-con-inner\">\n\t\t\t\t<div class=\"elementor-element elementor-element-d0f8fe4 e-n-tabs-mobile elementor-widget elementor-widget-n-tabs\" data-id=\"d0f8fe4\" data-element_type=\"widget\" data-settings=\"{&quot;tabs_justify_horizontal&quot;:&quot;stretch&quot;,&quot;horizontal_scroll&quot;:&quot;disable&quot;,&quot;ekit_we_effect_on&quot;:&quot;none&quot;}\" data-widget_type=\"nested-tabs.default\">\n\t\t\t\t\t\t\t<div class=\"e-n-tabs\" data-widget-number=\"219123684\" aria-label=\"Pesta\u00f1as. Abre elementos con Intro o Espacio, ci\u00e9rralos con Escape y navega con las fechas.\">\n\t\t\t<div class=\"e-n-tabs-heading\" role=\"tablist\">\n\t\t\t\t\t<button id=\"e-n-tab-title-2191236841\" data-tab-title-id=\"e-n-tab-title-2191236841\" class=\"e-n-tab-title\" aria-selected=\"true\" data-tab-index=\"1\" role=\"tab\" tabindex=\"0\" aria-controls=\"e-n-tab-content-2191236841\" style=\"--n-tabs-title-order: 1;\">\n\t\t\t\t\t\t<span class=\"e-n-tab-title-text\">\n\t\t\t\tEspecificaciones destacadas\t\t\t<\/span>\n\t\t<\/button>\n\t\t\t\t<button id=\"e-n-tab-title-2191236842\" data-tab-title-id=\"e-n-tab-title-2191236842\" class=\"e-n-tab-title\" aria-selected=\"false\" data-tab-index=\"2\" role=\"tab\" tabindex=\"-1\" aria-controls=\"e-n-tab-content-2191236842\" style=\"--n-tabs-title-order: 2;\">\n\t\t\t\t\t\t<span class=\"e-n-tab-title-text\">\n\t\t\t\tV\u00eddeo\t\t\t<\/span>\n\t\t<\/button>\n\t\t\t\t\t<\/div>\n\t\t\t<div class=\"e-n-tabs-content\">\n\t\t\t\t<div id=\"e-n-tab-content-2191236841\" role=\"tabpanel\" aria-labelledby=\"e-n-tab-title-2191236841\" data-tab-index=\"1\" style=\"--n-tabs-title-order: 1;\" class=\"e-active elementor-element elementor-element-e62524d e-con-full e-flex e-con e-child\" data-id=\"e62524d\" data-element_type=\"container\" data-settings=\"{&quot;ekit_has_onepagescroll_dot&quot;:&quot;yes&quot;}\">\n\t\t\t\t<div class=\"elementor-element elementor-element-6203153b elementor-widget elementor-widget-text-editor\" data-id=\"6203153b\" data-element_type=\"widget\" data-settings=\"{&quot;ekit_we_effect_on&quot;:&quot;none&quot;}\" data-widget_type=\"text-editor.default\">\n\t\t\t\t\t\t\t\t\t<p><strong>Caracter\u00edsticas principales<\/strong>:<br \/>Utiliza hielo seco para una limpieza no abrasiva.<br \/>Sin desechos ni residuos secundarios.<br \/>Respetuoso con el medio ambiente y seguro para los operarios.<br \/>Amplia gama de aplicaciones, incluida la electr\u00f3nica y la electr\u00f3nica del autom\u00f3vil.<br \/>Rentabilidad con bajos costes operativos.<br \/>F\u00e1cil de usar con par\u00e1metros ajustables.<br \/>Reduce el tiempo de inactividad y mejora la productividad.<br \/>Limpieza no destructiva sin da\u00f1ar las superficies.<\/p><p><strong>Ficha t\u00e9cnica<\/strong>:<br \/>- Fuente de alimentaci\u00f3n: AC220V 50HZ<br \/>- Potencia del motor principal: 0,25 kW<br \/>- Potencia del motor de escape: 500 W<br \/>- Caudal de gas: 0,5~4,0 metros c\u00fabicos\/min (par\u00e1metros ajustables)<br \/>- Presi\u00f3n: 01~0.8Mpa (par\u00e1metros ajustables)<br \/>- Cantidad de pulverizaci\u00f3n de hielo seco: 0,1-0,6KG\/min (par\u00e1metros ajustables)<br \/>- Hielo seco aplicable: 140125250MM (unos 5Kg)<br \/>- Capacidad de la tolva: 5-10Kg<br \/>- Tama\u00f1o del equipo: L680W750H1680(mm) (El tama\u00f1o de los modelos personalizados puede ser ligeramente diferente)<\/p>\t\t\t\t\t\t\t\t<\/div>\n\t\t\t\t<\/div>\n\t\t<div id=\"e-n-tab-content-2191236842\" role=\"tabpanel\" aria-labelledby=\"e-n-tab-title-2191236842\" data-tab-index=\"2\" style=\"--n-tabs-title-order: 2;\" class=\"elementor-element elementor-element-9e6ec8b e-con-full e-flex e-con e-child\" data-id=\"9e6ec8b\" data-element_type=\"container\" data-settings=\"{&quot;ekit_has_onepagescroll_dot&quot;:&quot;yes&quot;}\">\n\t\t\t\t<div class=\"elementor-element elementor-element-16a9915 elementor-widget elementor-widget-video\" data-id=\"16a9915\" data-element_type=\"widget\" data-settings=\"{&quot;youtube_url&quot;:&quot;https:\\\/\\\/www.youtube.com\\\/watch?v=WaNCJ-UYnao&quot;,&quot;video_type&quot;:&quot;youtube&quot;,&quot;controls&quot;:&quot;yes&quot;,&quot;ekit_we_effect_on&quot;:&quot;none&quot;}\" data-widget_type=\"video.default\">\n\t\t\t\t\t\t\t<div class=\"elementor-wrapper elementor-open-inline\">\n\t\t\t<div class=\"elementor-video\"><\/div>\t\t<\/div>\n\t\t\t\t\t\t<\/div>\n\t\t\t\t<\/div>\n\t\t\t\t\t<\/div>\n\t\t<\/div>\n\t\t\t\t\t\t<\/div>\n\t\t\t\t\t<\/div>\n\t\t\t\t<\/div>\n\t\t\t\t<\/div>","protected":false},"excerpt":{"rendered":"<p>La DEZ-C7310 es una m\u00e1quina de limpieza criog\u00e9nica dise\u00f1ada para limpiar PCBA y otros componentes electr\u00f3nicos. Ofrece una soluci\u00f3n de limpieza no abrasiva, no t\u00f3xica y respetuosa con el medio ambiente, por lo que es ideal para la industria electr\u00f3nica.<\/p>","protected":false},"featured_media":19380,"template":"","meta":{"_lmt_disableupdate":"no","_lmt_disable":"","site-sidebar-layout":"default","site-content-layout":"","ast-site-content-layout":"default","site-content-style":"default","site-sidebar-style":"default","ast-global-header-display":"","ast-banner-title-visibility":"","ast-main-header-display":"","ast-hfb-above-header-display":"","ast-hfb-below-header-display":"","ast-hfb-mobile-header-display":"","site-post-title":"","ast-breadcrumbs-content":"","ast-featured-img":"","footer-sml-layout":"","ast-disable-related-posts":"","theme-transparent-header-meta":"default","adv-header-id-meta":"","stick-header-meta":"default","header-above-stick-meta":"","header-main-stick-meta":"","header-below-stick-meta":"","astra-migrate-meta-layouts":"set","ast-page-background-enabled":"default","ast-page-background-meta":{"desktop":{"background-color":"","background-image":"","background-repeat":"repeat","background-position":"center center","background-size":"auto","background-attachment":"scroll","background-type":"","background-media":"","overlay-type":"","overlay-color":"","overlay-opacity":"","overlay-gradient":""},"tablet":{"background-color":"","background-image":"","background-repeat":"repeat","background-position":"center center","background-size":"auto","background-attachment":"scroll","background-type":"","background-media":"","overlay-type":"","overlay-color":"","overlay-opacity":"","overlay-gradient":""},"mobile":{"background-color":"","background-image":"","background-repeat":"repeat","background-position":"center center","background-size":"auto","background-attachment":"scroll","background-type":"","background-media":"","overlay-type":"","overlay-color":"","overlay-opacity":"","overlay-gradient":""}},"ast-content-background-meta":{"desktop":{"background-color":"var(--ast-global-color-5)","background-image":"","background-repeat":"repeat","background-position":"center center","background-size":"auto","background-attachment":"scroll","background-type":"","background-media":"","overlay-type":"","overlay-color":"","overlay-opacity":"","overlay-gradient":""},"tablet":{"background-color":"var(--ast-global-color-5)","background-image":"","background-repeat":"repeat","background-position":"center center","background-size":"auto","background-attachment":"scroll","background-type":"","background-media":"","overlay-type":"","overlay-color":"","overlay-opacity":"","overlay-gradient":""},"mobile":{"background-color":"var(--ast-global-color-5)","background-image":"","background-repeat":"repeat","background-position":"center center","background-size":"auto","background-attachment":"scroll","background-type":"","background-media":"","overlay-type":"","overlay-color":"","overlay-opacity":"","overlay-gradient":""}}},"product_brand":[],"product_cat":[109],"product_tag":[],"class_list":{"0":"post-17805","1":"product","2":"type-product","3":"status-publish","4":"has-post-thumbnail","6":"product_cat-dry-ice-cleaning-machine","7":"desktop-align-left","8":"tablet-align-left","9":"mobile-align-left","10":"ast-product-gallery-layout-horizontal-slider","11":"ast-product-gallery-with-no-image","12":"ast-product-tabs-layout-horizontal","14":"first","15":"instock","16":"shipping-taxable","17":"purchasable","18":"product-type-simple"},"_links":{"self":[{"href":"https:\/\/dezsmt.com\/es\/wp-json\/wp\/v2\/product\/17805","targetHints":{"allow":["GET"]}}],"collection":[{"href":"https:\/\/dezsmt.com\/es\/wp-json\/wp\/v2\/product"}],"about":[{"href":"https:\/\/dezsmt.com\/es\/wp-json\/wp\/v2\/types\/product"}],"version-history":[{"count":1,"href":"https:\/\/dezsmt.com\/es\/wp-json\/wp\/v2\/product\/17805\/revisions"}],"predecessor-version":[{"id":19383,"href":"https:\/\/dezsmt.com\/es\/wp-json\/wp\/v2\/product\/17805\/revisions\/19383"}],"wp:featuredmedia":[{"embeddable":true,"href":"https:\/\/dezsmt.com\/es\/wp-json\/wp\/v2\/media\/19380"}],"wp:attachment":[{"href":"https:\/\/dezsmt.com\/es\/wp-json\/wp\/v2\/media?parent=17805"}],"wp:term":[{"taxonomy":"product_brand","embeddable":true,"href":"https:\/\/dezsmt.com\/es\/wp-json\/wp\/v2\/product_brand?post=17805"},{"taxonomy":"product_cat","embeddable":true,"href":"https:\/\/dezsmt.com\/es\/wp-json\/wp\/v2\/product_cat?post=17805"},{"taxonomy":"product_tag","embeddable":true,"href":"https:\/\/dezsmt.com\/es\/wp-json\/wp\/v2\/product_tag?post=17805"}],"curies":[{"name":"wp","href":"https:\/\/api.w.org\/{rel}","templated":true}]}}