{"id":17804,"date":"2025-05-05T14:47:00","date_gmt":"2025-05-05T06:47:00","guid":{"rendered":"https:\/\/dezsmt.com\/product-center\/dez-c1650-dry-ice-cleaning-machine\/"},"modified":"2025-12-04T18:08:14","modified_gmt":"2025-12-04T10:08:14","slug":"dez-c1650-dry-ice-cleaning-machine","status":"publish","type":"product","link":"https:\/\/dezsmt.com\/es\/product-center\/dez-c1650-dry-ice-cleaning-machine\/","title":{"rendered":"DEZ-C1650 M\u00e1quina de limpieza criog\u00e9nica"},"content":{"rendered":"<div data-elementor-type=\"product-post\" data-elementor-id=\"17804\" class=\"elementor elementor-17804\" data-elementor-post-type=\"product\">\n\t\t\t\t<div class=\"elementor-element elementor-element-4319cd57 e-flex e-con-boxed e-con e-parent\" data-id=\"4319cd57\" data-element_type=\"container\" data-settings=\"{&quot;ekit_has_onepagescroll_dot&quot;:&quot;yes&quot;}\">\n\t\t\t\t\t<div class=\"e-con-inner\">\n\t\t\t\t<div class=\"elementor-element elementor-element-7e022c7b e-n-tabs-mobile elementor-widget elementor-widget-n-tabs\" data-id=\"7e022c7b\" data-element_type=\"widget\" data-settings=\"{&quot;tabs_justify_horizontal&quot;:&quot;stretch&quot;,&quot;horizontal_scroll&quot;:&quot;disable&quot;,&quot;ekit_we_effect_on&quot;:&quot;none&quot;}\" data-widget_type=\"nested-tabs.default\">\n\t\t\t\t\t\t\t<div class=\"e-n-tabs\" data-widget-number=\"2114071675\" aria-label=\"Pesta\u00f1as. Abre elementos con Intro o Espacio, ci\u00e9rralos con Escape y navega con las fechas.\">\n\t\t\t<div class=\"e-n-tabs-heading\" role=\"tablist\">\n\t\t\t\t\t<button id=\"e-n-tab-title-21140716751\" data-tab-title-id=\"e-n-tab-title-21140716751\" class=\"e-n-tab-title\" aria-selected=\"true\" data-tab-index=\"1\" role=\"tab\" tabindex=\"0\" aria-controls=\"e-n-tab-content-21140716751\" style=\"--n-tabs-title-order: 1;\">\n\t\t\t\t\t\t<span class=\"e-n-tab-title-text\">\n\t\t\t\tVisi\u00f3n general\t\t\t<\/span>\n\t\t<\/button>\n\t\t\t\t<button id=\"e-n-tab-title-21140716752\" data-tab-title-id=\"e-n-tab-title-21140716752\" class=\"e-n-tab-title\" aria-selected=\"false\" data-tab-index=\"2\" role=\"tab\" tabindex=\"-1\" aria-controls=\"e-n-tab-content-21140716752\" style=\"--n-tabs-title-order: 2;\">\n\t\t\t\t\t\t<span class=\"e-n-tab-title-text\">\n\t\t\t\tEspecificaciones destacadas\t\t\t<\/span>\n\t\t<\/button>\n\t\t\t\t<button id=\"e-n-tab-title-21140716753\" data-tab-title-id=\"e-n-tab-title-21140716753\" class=\"e-n-tab-title\" aria-selected=\"false\" data-tab-index=\"3\" role=\"tab\" tabindex=\"-1\" aria-controls=\"e-n-tab-content-21140716753\" style=\"--n-tabs-title-order: 3;\">\n\t\t\t\t\t\t<span class=\"e-n-tab-title-text\">\n\t\t\t\tV\u00eddeo\t\t\t<\/span>\n\t\t<\/button>\n\t\t\t\t\t<\/div>\n\t\t\t<div class=\"e-n-tabs-content\">\n\t\t\t\t<div id=\"e-n-tab-content-21140716751\" role=\"tabpanel\" aria-labelledby=\"e-n-tab-title-21140716751\" data-tab-index=\"1\" style=\"--n-tabs-title-order: 1;\" class=\"e-active elementor-element elementor-element-37ed79f4 e-flex e-con-boxed e-con e-child\" data-id=\"37ed79f4\" data-element_type=\"container\" data-settings=\"{&quot;ekit_has_onepagescroll_dot&quot;:&quot;yes&quot;}\">\n\t\t\t\t\t<div class=\"e-con-inner\">\n\t\t<div class=\"elementor-element elementor-element-13c92341 e-con-full e-flex e-con e-child\" data-id=\"13c92341\" data-element_type=\"container\" data-settings=\"{&quot;ekit_has_onepagescroll_dot&quot;:&quot;yes&quot;}\">\n\t\t\t\t<div class=\"elementor-element elementor-element-1cccabe9 elementor-widget elementor-widget-heading\" data-id=\"1cccabe9\" data-element_type=\"widget\" data-settings=\"{&quot;ekit_we_effect_on&quot;:&quot;none&quot;}\" data-widget_type=\"heading.default\">\n\t\t\t\t\t<h4 class=\"elementor-heading-title elementor-size-default\">1. Descripci\u00f3n general del producto<\/h4>\t\t\t\t<\/div>\n\t\t\t\t<div class=\"elementor-element elementor-element-3dff2109 elementor-widget elementor-widget-text-editor\" data-id=\"3dff2109\" data-element_type=\"widget\" data-settings=\"{&quot;ekit_we_effect_on&quot;:&quot;none&quot;}\" data-widget_type=\"text-editor.default\">\n\t\t\t\t\t\t\t\t\t<p>La m\u00e1quina de limpieza con hielo seco DezSmart DEZ-C1650 es una revolucionaria soluci\u00f3n de limpieza industrial que redefine la eficiencia, la seguridad y la sostenibilidad. Utiliza hielo seco (di\u00f3xido de carbono s\u00f3lido, CO\u2082) como medio de limpieza y emplea un m\u00e9todo de descontaminaci\u00f3n en seco que funciona directamente en las l\u00edneas de producci\u00f3n, sin necesidad de detener las operaciones ni desmontar los equipos.<\/p><p>Las part\u00edculas de hielo seco, con una dureza Mohs de tan solo 2 (m\u00e1s blandas que materiales como el cobre o la calcita), garantizan una limpieza no abrasiva, respetando las tolerancias de la maquinaria y evitando da\u00f1os en rodamientos o superficies. Tras la pulverizaci\u00f3n, el hielo seco se sublima instant\u00e1neamente (pasa de s\u00f3lido a gas), sin dejar residuos ni generar residuos secundarios. Esto hace que el DEZ-C1650 sea ideal para tareas de limpieza delicadas o de precisi\u00f3n, combinando potencia y delicadeza para ofrecer resultados superiores.<\/p>\t\t\t\t\t\t\t\t<\/div>\n\t\t\t\t<div class=\"elementor-element elementor-element-62934631 elementor-widget elementor-widget-heading\" data-id=\"62934631\" data-element_type=\"widget\" data-settings=\"{&quot;ekit_we_effect_on&quot;:&quot;none&quot;}\" data-widget_type=\"heading.default\">\n\t\t\t\t\t<h4 class=\"elementor-heading-title elementor-size-default\">2. \u00c1mbito de aplicaci\u00f3n<\/h4>\t\t\t\t<\/div>\n\t\t\t\t<div class=\"elementor-element elementor-element-a645590 elementor-widget elementor-widget-image\" data-id=\"a645590\" data-element_type=\"widget\" data-settings=\"{&quot;ekit_we_effect_on&quot;:&quot;none&quot;}\" data-widget_type=\"image.default\">\n\t\t\t\t\t\t\t\t\t\t\t\t\t\t\t<img decoding=\"async\" width=\"1024\" height=\"576\" src=\"https:\/\/dezsmt.com\/wp-content\/uploads\/2025\/05\/\u5361\u5361\u622a\u56fe_2025-08-12-09_47_06.789-1024x576.png\" class=\"attachment-large size-large wp-image-18892\" alt=\"\" srcset=\"https:\/\/dezsmt.com\/wp-content\/uploads\/2025\/05\/\u5361\u5361\u622a\u56fe_2025-08-12-09_47_06.789-1024x576.png 1024w, https:\/\/dezsmt.com\/wp-content\/uploads\/2025\/05\/\u5361\u5361\u622a\u56fe_2025-08-12-09_47_06.789-300x169.png 300w, https:\/\/dezsmt.com\/wp-content\/uploads\/2025\/05\/\u5361\u5361\u622a\u56fe_2025-08-12-09_47_06.789-768x432.png 768w, https:\/\/dezsmt.com\/wp-content\/uploads\/2025\/05\/\u5361\u5361\u622a\u56fe_2025-08-12-09_47_06.789-18x10.png 18w, https:\/\/dezsmt.com\/wp-content\/uploads\/2025\/05\/\u5361\u5361\u622a\u56fe_2025-08-12-09_47_06.789-600x338.png 600w, https:\/\/dezsmt.com\/wp-content\/uploads\/2025\/05\/\u5361\u5361\u622a\u56fe_2025-08-12-09_47_06.789.png 1258w\" sizes=\"(max-width: 1024px) 100vw, 1024px\" title=\"\">\t\t\t\t\t\t\t\t\t\t\t\t\t\t\t<\/div>\n\t\t\t\t<div class=\"elementor-element elementor-element-600a8861 elementor-widget elementor-widget-text-editor\" data-id=\"600a8861\" data-element_type=\"widget\" data-settings=\"{&quot;ekit_we_effect_on&quot;:&quot;none&quot;}\" data-widget_type=\"text-editor.default\">\n\t\t\t\t\t\t\t\t\t<div class=\"auto-hide-last-sibling-br paragraph-JOTKXA paragraph-element br-paragraph-space\"><div class=\"auto-hide-last-sibling-br paragraph-JOTKXA paragraph-element br-paragraph-space\">El DEZ-C1650 es vers\u00e1til en todas las industrias y aborda diversos contaminantes en varios escenarios:<\/div><p>\u00a0<\/p><ul class=\"auto-hide-last-sibling-br\"><li><strong>Industrias clave<\/strong>:Fabricaci\u00f3n de autom\u00f3viles, mantenimiento de moldes industriales, procesamiento petroqu\u00edmico, impresi\u00f3n, producci\u00f3n de productos electr\u00f3nicos, industria nuclear y fabricaci\u00f3n en general.<\/li><li><strong>Objetos de limpieza espec\u00edficos<\/strong>:<br \/><ul class=\"auto-hide-last-sibling-br\"><li>Moldes industriales (eliminaci\u00f3n de resina, desmoldantes y residuos)<\/li><li>PCBA y componentes electr\u00f3nicos (fundente, polvo y residuos de soldadura)<\/li><li>Piezas de autom\u00f3viles (piezas de motor, moldes de neum\u00e1ticos y contaminantes de superficies met\u00e1licas)<\/li><li>Accesorios de soldadura por ola y rebabas de pl\u00e1stico<\/li><li>Piezas met\u00e1licas con manchas de aceite, fuentes de alimentaci\u00f3n de alta gama y calderas.<\/li><\/ul><\/li><\/ul><\/div>\t\t\t\t\t\t\t\t<\/div>\n\t\t\t\t<div class=\"elementor-element elementor-element-3b420e50 elementor-widget elementor-widget-heading\" data-id=\"3b420e50\" data-element_type=\"widget\" data-settings=\"{&quot;ekit_we_effect_on&quot;:&quot;none&quot;}\" data-widget_type=\"heading.default\">\n\t\t\t\t\t<h4 class=\"elementor-heading-title elementor-size-default\">3. Proceso de trabajo<\/h4>\t\t\t\t<\/div>\n\t\t\t\t<div class=\"elementor-element elementor-element-fa3d3a3 elementor-widget elementor-widget-image\" data-id=\"fa3d3a3\" data-element_type=\"widget\" data-settings=\"{&quot;ekit_we_effect_on&quot;:&quot;none&quot;}\" data-widget_type=\"image.default\">\n\t\t\t\t\t\t\t\t\t\t\t\t\t\t\t<img decoding=\"async\" src=\"https:\/\/dezsmt.com\/wp-content\/uploads\/elementor\/thumbs\/\u539f\u7406-ra4ngz2hrdy4fq1awvrdxewgndvc44inrzj633ygso.jpg\" title=\"\u539f\u7406\" alt=\"\u539f\u7406\" loading=\"lazy\" \/>\t\t\t\t\t\t\t\t\t\t\t\t\t\t\t<\/div>\n\t\t\t\t<div class=\"elementor-element elementor-element-72197aff elementor-widget elementor-widget-text-editor\" data-id=\"72197aff\" data-element_type=\"widget\" data-settings=\"{&quot;ekit_we_effect_on&quot;:&quot;none&quot;}\" data-widget_type=\"text-editor.default\">\n\t\t\t\t\t\t\t\t\t<p>El DEZ-C1650 limpia mediante tres efectos sin\u00e9rgicos, garantizando una descontaminaci\u00f3n completa:<\/p><ul><li>Impacto mec\u00e1nico: Las part\u00edculas de hielo seco son impulsadas a velocidades de hasta 150 m\/s desde la pistola de limpieza, desalojando f\u00edsicamente los contaminantes de la superficie al impactar.<\/li><li>Congelaci\u00f3n a baja temperatura: a -78,5 \u00b0C, el hielo seco congela y fragiliza instant\u00e1neamente los contaminantes (por ejemplo, grasa, adhesivos), lo que facilita su separaci\u00f3n; es especialmente eficaz en moldes calientes.<\/li><li>Explosi\u00f3n por Sublimaci\u00f3n: Al entrar en contacto con la superficie, el hielo seco se sublima r\u00e1pidamente, expandiendo su volumen 800 veces. Esta expansi\u00f3n explosiva crea una microonda de choque que desprende los contaminantes de la superficie sin dejar rastro.<\/li><\/ul><p>El proceso es ajustable: la presi\u00f3n de pulverizaci\u00f3n (0,1 ~ 0,8 Mpa) y la salida de hielo seco (0,1-0,6 KG\/min) se pueden ajustar para diferentes necesidades de limpieza, con pulverizaci\u00f3n continua en la misma \u00e1rea limitada a 2 segundos para evitar ca\u00eddas de temperatura que superen los 20 \u00b0C.<\/p>\t\t\t\t\t\t\t\t<\/div>\n\t\t\t\t<div class=\"elementor-element elementor-element-73817b35 elementor-widget elementor-widget-heading\" data-id=\"73817b35\" data-element_type=\"widget\" data-settings=\"{&quot;ekit_we_effect_on&quot;:&quot;none&quot;}\" data-widget_type=\"heading.default\">\n\t\t\t\t\t<h4 class=\"elementor-heading-title elementor-size-default\">4. Ventajas principales<\/h4>\t\t\t\t<\/div>\n\t\t\t\t<div class=\"elementor-element elementor-element-3f9e38b3 elementor-widget elementor-widget-text-editor\" data-id=\"3f9e38b3\" data-element_type=\"widget\" data-settings=\"{&quot;ekit_we_effect_on&quot;:&quot;none&quot;}\" data-widget_type=\"text-editor.default\">\n\t\t\t\t\t\t\t\t\t<p>En comparaci\u00f3n con los m\u00e9todos de limpieza tradicionales, el DEZ-C1650 se destaca con beneficios inigualables:<\/p><ul><li>Limpieza no destructiva: la dureza Mohs de 2 garantiza que no haya abrasi\u00f3n ni da\u00f1os en las superficies, tolerancias o maquinaria, a diferencia del chorro de arena o la limpieza con soda.<\/li><li>Cero residuos secundarios: El hielo seco se sublima en CO\u2082, sin dejar residuos. No requiere aguas residuales ni eliminaci\u00f3n de residuos (a diferencia del agua a alta presi\u00f3n o la limpieza qu\u00edmica).<\/li><li>Ecol\u00f3gico y seguro: Utiliza CO\u2082 no t\u00f3xico, cumpliendo con las normas USDA\/FDA\/EPA. Elimina la exposici\u00f3n a productos qu\u00edmicos nocivos (a diferencia de la limpieza con disolventes).<\/li><li>Proceso seco: Sin humedad, no existe riesgo para dispositivos electr\u00f3nicos, cables ni interruptores. Reduce la proliferaci\u00f3n bacteriana en entornos aptos para uso alimentario (a diferencia de los m\u00e9todos a base de agua).<\/li><li>Alta eficiencia: permite la limpieza en l\u00ednea, lo que reduce el tiempo de inactividad al eliminar los pasos de desmontaje, enfriamiento o secado (a diferencia de los m\u00e9todos manuales o tradicionales).<\/li><li>Ahorro de costes Solo el compresor de aire consume energ\u00eda; no hay costes constantes por la eliminaci\u00f3n del medio de limpieza (el hielo seco se sublima de forma natural).<\/li><li>Versatilidad: Boquillas intercambiables y par\u00e1metros ajustables (presi\u00f3n, salida de hielo) se adaptan a diversas tareas, desde electr\u00f3nica delicada hasta maquinaria pesada.<\/li><\/ul>\t\t\t\t\t\t\t\t<\/div>\n\t\t\t\t<div class=\"elementor-element elementor-element-3b477755 elementor-widget elementor-widget-heading\" data-id=\"3b477755\" data-element_type=\"widget\" data-settings=\"{&quot;ekit_we_effect_on&quot;:&quot;none&quot;}\" data-widget_type=\"heading.default\">\n\t\t\t\t\t<h4 class=\"elementor-heading-title elementor-size-default\">5. Estructura del producto<\/h4>\t\t\t\t<\/div>\n\t\t\t\t<div class=\"elementor-element elementor-element-6e1a1363 elementor-widget elementor-widget-text-editor\" data-id=\"6e1a1363\" data-element_type=\"widget\" data-settings=\"{&quot;ekit_we_effect_on&quot;:&quot;none&quot;}\" data-widget_type=\"text-editor.default\">\n\t\t\t\t\t\t\t\t\t<p>El DEZ-C1650 est\u00e1 dise\u00f1ado para brindar durabilidad, control y compacidad:<\/p>\t\t\t\t\t\t\t\t<\/div>\n\t\t\t\t<div class=\"elementor-element elementor-element-1fab212e elementor-widget elementor-widget-text-editor\" data-id=\"1fab212e\" data-element_type=\"widget\" data-settings=\"{&quot;ekit_we_effect_on&quot;:&quot;none&quot;}\" data-widget_type=\"text-editor.default\">\n\t\t\t\t\t\t\t\t\t<p><strong>a.Par\u00e1metros clave:<\/strong><\/p><ul class=\"auto-hide-last-sibling-br\"><li>Fuente de alimentaci\u00f3n: CA 220 V (50-60 Hz)<\/li><li>Potencia: 0,25 kW (eficiencia energ\u00e9tica)<\/li><li>Capacidad de la tolva: 5-10 kg (almacenamiento de hielo seco)<\/li><li>Especificaciones del hielo seco: 140<em>125<\/em>250 mm (\u22485 kg por bloque)<\/li><li>Salida de pulverizaci\u00f3n: 0,1-0,6 kg\/min (ajustable)<\/li><li>Dimensiones: L590<em>W400<\/em>H515mm (dise\u00f1o compacto para espacios reducidos)<\/li><li>Peso: 50 kg<\/li><li>Presi\u00f3n de aire: 0,1 ~ 0,8 Mpa (ajustable para mayor precisi\u00f3n)<\/li><\/ul><div class=\"auto-hide-last-sibling-br paragraph-JOTKXA paragraph-element br-paragraph-space\"><strong>b. Funciones de control<\/strong>Equipado con un panel compatible con user para monitorizar la presi\u00f3n en tiempo real, ajustar la producci\u00f3n de hielo y un motor sin escobillas para un funcionamiento estable. El tubo de hielo de baja temperatura (1\/2\u2033) garantiza un suministro eficiente de hielo seco.<\/div><p>\u00a0<\/p>\t\t\t\t\t\t\t\t<\/div>\n\t\t\t\t<\/div>\n\t\t\t\t<div class=\"elementor-element elementor-element-79162f64 elementor-widget elementor-widget-heading\" data-id=\"79162f64\" data-element_type=\"widget\" data-settings=\"{&quot;ekit_we_effect_on&quot;:&quot;none&quot;}\" data-widget_type=\"heading.default\">\n\t\t\t\t\t<h4 class=\"elementor-heading-title elementor-size-default\">6.Caso de trabajo<\/h4>\t\t\t\t<\/div>\n\t\t\t\t<div class=\"elementor-element elementor-element-29493189 elementor-widget elementor-widget-text-editor\" data-id=\"29493189\" data-element_type=\"widget\" data-settings=\"{&quot;ekit_we_effect_on&quot;:&quot;none&quot;}\" data-widget_type=\"text-editor.default\">\n\t\t\t\t\t\t\t\t\t<div class=\"auto-hide-last-sibling-br paragraph-JOTKXA paragraph-element br-paragraph-space\">El DEZ-C1650 ofrece resultados visibles en todas las aplicaciones:<\/div><ol class=\"auto-hide-last-sibling-br\"><li><strong>Limpieza de moho<\/strong>Un molde de inyecci\u00f3n de pl\u00e1stico contaminado con residuos de resina se limpi\u00f3 en 5 minutos. Tras la limpieza, la superficie del molde qued\u00f3 libre de acumulaciones, lo que redujo la tasa de defectos en las siguientes series de producci\u00f3n.<\/li><li><strong>Limpieza de calderas<\/strong>Una caldera industrial con dep\u00f3sitos de carb\u00f3n se trat\u00f3 con una salida de hielo seco de 0,4 kg\/min a una presi\u00f3n de 0,6 MPa. Despu\u00e9s de 8 minutos, los tubos de la caldera recuperaron su eficiencia de transferencia de calor, sin da\u00f1os en las superficies met\u00e1licas.<\/li><li><strong>Limpieza de PCBA<\/strong>Los residuos de fundente en las placas de circuitos electr\u00f3nicos se eliminaron sin da\u00f1ar los componentes, lo cual es fundamental para mantener la conductividad y prevenir cortocircuitos.<\/li><\/ol>\t\t\t\t\t\t\t\t<\/div>\n\t\t\t\t<div class=\"elementor-element elementor-element-60a6077 elementor-widget-divider--view-line elementor-widget elementor-widget-divider\" data-id=\"60a6077\" data-element_type=\"widget\" data-settings=\"{&quot;ekit_we_effect_on&quot;:&quot;none&quot;}\" data-widget_type=\"divider.default\">\n\t\t\t\t\t\t\t<div class=\"elementor-divider\">\n\t\t\t<span class=\"elementor-divider-separator\">\n\t\t\t\t\t\t<\/span>\n\t\t<\/div>\n\t\t\t\t\t\t<\/div>\n\t\t\t\t<div class=\"elementor-element elementor-element-6d5d3a2 elementor-widget elementor-widget-text-editor\" data-id=\"6d5d3a2\" data-element_type=\"widget\" data-settings=\"{&quot;ekit_we_effect_on&quot;:&quot;none&quot;}\" data-widget_type=\"text-editor.default\">\n\t\t\t\t\t\t\t\t\t<p>La m\u00e1quina de limpieza con hielo seco DezSmart DEZ-C1650 combina potencia, seguridad y sostenibilidad para resolver los desaf\u00edos de la limpieza industrial. Ya sea que necesite limpiar moldes sin desmontarlos, descontaminar componentes electr\u00f3nicos de forma segura o reducir el tiempo de inactividad en las l\u00edneas de producci\u00f3n, ofrece una eficiencia y un ahorro de costos inigualables.<\/p><p>\u00bfEst\u00e1 listo para mejorar su proceso de limpieza? Visite <span style=\"color: #33cccc;\"><a style=\"color: #33cccc;\" href=\"https:\/\/dezsmt.com\/es\/\">www.dezsmt.com<\/a><\/span> Para obtener m\u00e1s informaci\u00f3n o solicitar una demostraci\u00f3n, experimente hoy el futuro de la limpieza industrial.<\/p>\t\t\t\t\t\t\t\t<\/div>\n\t\t\t\t\t<\/div>\n\t\t\t\t<\/div>\n\t\t<div id=\"e-n-tab-content-21140716752\" role=\"tabpanel\" aria-labelledby=\"e-n-tab-title-21140716752\" data-tab-index=\"2\" style=\"--n-tabs-title-order: 2;\" class=\"elementor-element elementor-element-436dde81 e-con-full e-flex e-con e-child\" data-id=\"436dde81\" data-element_type=\"container\" data-settings=\"{&quot;ekit_has_onepagescroll_dot&quot;:&quot;yes&quot;}\">\n\t\t\t\t<div class=\"elementor-element elementor-element-588090f6 elementor-widget elementor-widget-text-editor\" data-id=\"588090f6\" data-element_type=\"widget\" data-settings=\"{&quot;ekit_we_effect_on&quot;:&quot;none&quot;}\" data-widget_type=\"text-editor.default\">\n\t\t\t\t\t\t\t\t\t<p>\n<table id=\"tablepress-57\" class=\"tablepress tablepress-id-57\">\n<thead>\n<tr class=\"row-1\">\n\t<th class=\"column-1\">modelo<\/th><th class=\"column-2\">DEZ-C1650<\/th>\n<\/tr>\n<\/thead>\n<tbody class=\"row-striping row-hover\">\n<tr class=\"row-2\">\n\t<td class=\"column-1\">suministro el\u00e9ctrico<\/td><td class=\"column-2\">CA 220 V (50-60 Hz)<\/td>\n<\/tr>\n<tr class=\"row-3\">\n\t<td class=\"column-1\">Potencia<\/td><td class=\"column-2\">0,25 kW<\/td>\n<\/tr>\n<tr class=\"row-4\">\n\t<td class=\"column-1\">Capacidad de la tolva<\/td><td class=\"column-2\">5-10 kg<\/td>\n<\/tr>\n<tr class=\"row-5\">\n\t<td class=\"column-1\">Capacidad de hielo seco<\/td><td class=\"column-2\">140*125*250MM (Aproximadamente 5 kg)<\/td>\n<\/tr>\n<tr class=\"row-6\">\n\t<td class=\"column-1\">Volumen de pulverizaci\u00f3n de hielo seco<\/td><td class=\"column-2\">0,1-0,6 kg\/min (ajustable)<\/td>\n<\/tr>\n<tr class=\"row-7\">\n\t<td class=\"column-1\">Tama\u00f1o\/peso de la m\u00e1quina<\/td><td class=\"column-2\">Largo 590 x Ancho 400 x Alto 515 (mm)\/50 kg<\/td>\n<\/tr>\n<tr class=\"row-8\">\n\t<td class=\"column-1\">Tubo de hielo GTL<\/td><td class=\"column-2\">1\/2 Hielo seco de baja temperatura<\/td>\n<\/tr>\n<tr class=\"row-9\">\n\t<td class=\"column-1\">Flujo\/presi\u00f3n de gas<\/td><td class=\"column-2\">0,5-4,0\u00b3\/min \/0,1~0,8Mpa (ajustable)<\/td>\n<\/tr>\n<tr class=\"row-10\">\n\t<td class=\"column-1\">Nivel de protecci\u00f3n de entrada<\/td><td class=\"column-2\">IP55<\/td>\n<\/tr>\n<\/tbody>\n<\/table>\n<!-- #tablepress-57 from cache --><\/p>\t\t\t\t\t\t\t\t<\/div>\n\t\t\t\t<\/div>\n\t\t<div id=\"e-n-tab-content-21140716753\" role=\"tabpanel\" aria-labelledby=\"e-n-tab-title-21140716753\" data-tab-index=\"3\" style=\"--n-tabs-title-order: 3;\" class=\"elementor-element elementor-element-793db18d e-con-full e-flex e-con e-child\" data-id=\"793db18d\" data-element_type=\"container\" data-settings=\"{&quot;ekit_has_onepagescroll_dot&quot;:&quot;yes&quot;}\">\n\t\t\t\t<div class=\"elementor-element elementor-element-28e6fa1e elementor-widget elementor-widget-video\" data-id=\"28e6fa1e\" data-element_type=\"widget\" data-settings=\"{&quot;youtube_url&quot;:&quot;https:\\\/\\\/www.youtube.com\\\/watch?v=C_T1_kKHfLQ&amp;t=63s&quot;,&quot;video_type&quot;:&quot;youtube&quot;,&quot;controls&quot;:&quot;yes&quot;,&quot;ekit_we_effect_on&quot;:&quot;none&quot;}\" data-widget_type=\"video.default\">\n\t\t\t\t\t\t\t<div class=\"elementor-wrapper elementor-open-inline\">\n\t\t\t<div class=\"elementor-video\"><\/div>\t\t<\/div>\n\t\t\t\t\t\t<\/div>\n\t\t\t\t<\/div>\n\t\t\t\t\t<\/div>\n\t\t<\/div>\n\t\t\t\t\t\t<\/div>\n\t\t\t\t\t<\/div>\n\t\t\t\t<\/div>\n\t\t\t\t<\/div>","protected":false},"excerpt":{"rendered":"<p>La DEZ-C7320 es una m\u00e1quina de limpieza criog\u00e9nica en l\u00ednea dise\u00f1ada para la limpieza industrial. Ofrece una soluci\u00f3n de limpieza no abrasiva, no t\u00f3xica y respetuosa con el medio ambiente, por lo que es ideal para diversas industrias.<\/p>","protected":false},"featured_media":19379,"template":"","meta":{"_lmt_disableupdate":"no","_lmt_disable":"","site-sidebar-layout":"default","site-content-layout":"","ast-site-content-layout":"default","site-content-style":"default","site-sidebar-style":"default","ast-global-header-display":"","ast-banner-title-visibility":"","ast-main-header-display":"","ast-hfb-above-header-display":"","ast-hfb-below-header-display":"","ast-hfb-mobile-header-display":"","site-post-title":"","ast-breadcrumbs-content":"","ast-featured-img":"","footer-sml-layout":"","ast-disable-related-posts":"","theme-transparent-header-meta":"default","adv-header-id-meta":"","stick-header-meta":"default","header-above-stick-meta":"","header-main-stick-meta":"","header-below-stick-meta":"","astra-migrate-meta-layouts":"set","ast-page-background-enabled":"default","ast-page-background-meta":{"desktop":{"background-color":"","background-image":"","background-repeat":"repeat","background-position":"center center","background-size":"auto","background-attachment":"scroll","background-type":"","background-media":"","overlay-type":"","overlay-color":"","overlay-opacity":"","overlay-gradient":""},"tablet":{"background-color":"","background-image":"","background-repeat":"repeat","background-position":"center center","background-size":"auto","background-attachment":"scroll","background-type":"","background-media":"","overlay-type":"","overlay-color":"","overlay-opacity":"","overlay-gradient":""},"mobile":{"background-color":"","background-image":"","background-repeat":"repeat","background-position":"center center","background-size":"auto","background-attachment":"scroll","background-type":"","background-media":"","overlay-type":"","overlay-color":"","overlay-opacity":"","overlay-gradient":""}},"ast-content-background-meta":{"desktop":{"background-color":"var(--ast-global-color-5)","background-image":"","background-repeat":"repeat","background-position":"center center","background-size":"auto","background-attachment":"scroll","background-type":"","background-media":"","overlay-type":"","overlay-color":"","overlay-opacity":"","overlay-gradient":""},"tablet":{"background-color":"var(--ast-global-color-5)","background-image":"","background-repeat":"repeat","background-position":"center center","background-size":"auto","background-attachment":"scroll","background-type":"","background-media":"","overlay-type":"","overlay-color":"","overlay-opacity":"","overlay-gradient":""},"mobile":{"background-color":"var(--ast-global-color-5)","background-image":"","background-repeat":"repeat","background-position":"center center","background-size":"auto","background-attachment":"scroll","background-type":"","background-media":"","overlay-type":"","overlay-color":"","overlay-opacity":"","overlay-gradient":""}}},"product_brand":[],"product_cat":[109],"product_tag":[],"class_list":{"0":"post-17804","1":"product","2":"type-product","3":"status-publish","4":"has-post-thumbnail","6":"product_cat-dry-ice-cleaning-machine","7":"desktop-align-left","8":"tablet-align-left","9":"mobile-align-left","10":"ast-product-gallery-layout-horizontal-slider","11":"ast-product-tabs-layout-horizontal","13":"first","14":"instock","15":"shipping-taxable","16":"purchasable","17":"product-type-simple"},"_links":{"self":[{"href":"https:\/\/dezsmt.com\/es\/wp-json\/wp\/v2\/product\/17804","targetHints":{"allow":["GET"]}}],"collection":[{"href":"https:\/\/dezsmt.com\/es\/wp-json\/wp\/v2\/product"}],"about":[{"href":"https:\/\/dezsmt.com\/es\/wp-json\/wp\/v2\/types\/product"}],"version-history":[{"count":4,"href":"https:\/\/dezsmt.com\/es\/wp-json\/wp\/v2\/product\/17804\/revisions"}],"predecessor-version":[{"id":18906,"href":"https:\/\/dezsmt.com\/es\/wp-json\/wp\/v2\/product\/17804\/revisions\/18906"}],"wp:featuredmedia":[{"embeddable":true,"href":"https:\/\/dezsmt.com\/es\/wp-json\/wp\/v2\/media\/19379"}],"wp:attachment":[{"href":"https:\/\/dezsmt.com\/es\/wp-json\/wp\/v2\/media?parent=17804"}],"wp:term":[{"taxonomy":"product_brand","embeddable":true,"href":"https:\/\/dezsmt.com\/es\/wp-json\/wp\/v2\/product_brand?post=17804"},{"taxonomy":"product_cat","embeddable":true,"href":"https:\/\/dezsmt.com\/es\/wp-json\/wp\/v2\/product_cat?post=17804"},{"taxonomy":"product_tag","embeddable":true,"href":"https:\/\/dezsmt.com\/es\/wp-json\/wp\/v2\/product_tag?post=17804"}],"curies":[{"name":"wp","href":"https:\/\/api.w.org\/{rel}","templated":true}]}}