{"id":17802,"date":"2025-05-05T14:47:00","date_gmt":"2025-05-05T06:47:00","guid":{"rendered":"https:\/\/dezsmt.com\/product-center\/dez-c9610-inline-pcba-water-based-cleaning-machine\/"},"modified":"2026-01-15T19:44:56","modified_gmt":"2026-01-15T11:44:56","slug":"dez-c9610-inline-pcba-water-based-cleaning-machine","status":"publish","type":"product","link":"https:\/\/dezsmt.com\/es\/product-center\/dez-c9610-inline-pcba-water-based-cleaning-machine\/","title":{"rendered":"DEZ-C1360 M\u00e1quina de limpieza en l\u00ednea de PCBA a base de agua"},"content":{"rendered":"<p><button id=\"e-n-tab-title-1751623251\" style=\"--n-tabs-title-order: 1;\" tabindex=\"0\" role=\"tab\" aria-selected=\"true\" data-tab-index=\"1\" aria-controls=\"e-n-tab-content-1751623251\"><br \/>\nEspecificaciones destacadas<br \/>\n<\/button><br \/>\n<button id=\"e-n-tab-title-1751623252\" style=\"--n-tabs-title-order: 2;\" tabindex=\"-1\" role=\"tab\" aria-selected=\"false\" data-tab-index=\"2\" aria-controls=\"e-n-tab-content-1751623252\"><br \/>\nV\u00eddeo<br \/>\n<\/button><\/p>\n<p><strong>Caracter\u00edsticas principales<\/strong>:<br \/>\nTres secciones de proceso: limpieza qu\u00edmica, aclarado con agua pura y secado con aire caliente fuerte.<br \/>\nCinta transportadora de ancho completo con velocidad ajustable.<br \/>\nTransporte de cesta de malla de acero inoxidable para mayor durabilidad.<br \/>\nSistema de control de pantalla t\u00e1ctil con interfaz intuitiva.<br \/>\nVarios esquemas de ciclos para diferentes requisitos de limpieza.<br \/>\nBoquillas multidireccionales de lavado r\u00e1pido para una limpieza eficaz.<br \/>\nDep\u00f3sitos de agua independientes para cada secci\u00f3n de limpieza.<br \/>\nVentana de cristal con aislamiento t\u00e9rmico de doble capa para ahorrar energ\u00eda.<\/p>\n<p><strong>Ficha t\u00e9cnica<\/strong>:<br \/>\n- Modelo:DEZ-1360<\/p>\n<p>- Tama\u00f1o de la m\u00e1quina: L3610 * W1600 * H1620mm<\/p>\n<p>- Potencia:75 kW<\/p>\n<p>- Peso: Aprox. 2000kg<\/p>\n<p>- Tama\u00f1o del producto de limpieza: 50-500mm,(Personalizable)<\/p>\n<p>-Grosor del producto:0-500 mm<\/p>\n<p>-Peso del producto:&lt;10kg<\/p>\n<p>-N\u00famero de zonas de secado:Dos<\/p>\n<p>-M\u00e9todo de secado: Secado por aire caliente<\/p>\n<p>-N\u00famero de cuchillas de aire en las zonas de secado:4 arriba y 4 abajo<\/p>\n<p>- Temperatura del disolvente de limpieza qu\u00edmica:25-75\u2103<\/p>\n<p>-\u00c1ngulo de la cuchilla de aire:ajustable<\/p>\n<p>- Velocidad de transporte: 0mm-1000mm\/Min.~M\u00e1x.<\/p>\n<p>- M\u00e9todo de control: Pantalla t\u00e1ctil + control PLC<\/p>\n<p>- Material del cuerpo de la m\u00e1quina: Importar PP material resistente a la corrosi\u00f3n<\/p>\n<p>-Material del dep\u00f3sito de reciclado qu\u00edmico: PP importado resistente a la corrosi\u00f3n.<\/p>\n<p>-DI Secci\u00f3n de aclarado Dep\u00f3sito de agua Material: PP importado resistente a la corrosi\u00f3n<\/p>\n<p>- Material de la correa de malla: Acero inoxidable SUS316<\/p>\n<p>- Fuente de alimentaci\u00f3n: CA 380 V, trif\u00e1sica, 5 hilos<\/p>\n<p>- Calidad del agua DI: &gt;15M\u03a9<\/p>\n<p>- Entrada de agua desionizada: 1m\u00b3\/h<\/p>\n<p>- Volumen de aire: 1800 CFM<\/p>\n<p>- Ruido: &lt; 70 dB<\/p>\n<p>-Anchura de la cinta: 500 mm<\/p>\n<p>-Observation window\uff1aS\u00ed<\/p>\n<p>-Sistema autom\u00e1tico de alimentaci\u00f3n de l\u00edquidos:opcional<\/p>\n<p>-Instalaci\u00f3n de tuber\u00edas: modo de uni\u00f3n r\u00e1pida, f\u00e1cil sustituci\u00f3n<\/p>\n<p>&nbsp;<\/p>\n<div class=\"ast-oembed-container\" style=\"height: 100%;\"><iframe title=\"Dezsmart Factory tour Smt limpieza y soldadura f\u00e1brica en China #factory #smt #ems #selectivesolder\" width=\"500\" height=\"281\" src=\"https:\/\/www.youtube.com\/embed\/WaNCJ-UYnao?feature=oembed\" frameborder=\"0\" allow=\"accelerometer; autoplay; clipboard-write; encrypted-media; gyroscope; picture-in-picture; web-share\" referrerpolicy=\"strict-origin-when-cross-origin\" allowfullscreen><\/iframe><\/div>","protected":false},"excerpt":{"rendered":"<p>La DEZ-C9610 es una m\u00e1quina de limpieza de PCBA en l\u00ednea dise\u00f1ada para limpiar PCBA. Ofrece un proceso de limpieza integral con m\u00faltiples etapas, lo que garantiza una gran limpieza y productividad.<\/p>","protected":false},"featured_media":17828,"template":"","meta":{"_lmt_disableupdate":"no","_lmt_disable":"","site-sidebar-layout":"default","site-content-layout":"","ast-site-content-layout":"default","site-content-style":"default","site-sidebar-style":"default","ast-global-header-display":"","ast-banner-title-visibility":"","ast-main-header-display":"","ast-hfb-above-header-display":"","ast-hfb-below-header-display":"","ast-hfb-mobile-header-display":"","site-post-title":"","ast-breadcrumbs-content":"","ast-featured-img":"","footer-sml-layout":"","ast-disable-related-posts":"","theme-transparent-header-meta":"default","adv-header-id-meta":"","stick-header-meta":"default","header-above-stick-meta":"","header-main-stick-meta":"","header-below-stick-meta":"","astra-migrate-meta-layouts":"set","ast-page-background-enabled":"default","ast-page-background-meta":{"desktop":{"background-color":"","background-image":"","background-repeat":"repeat","background-position":"center center","background-size":"auto","background-attachment":"scroll","background-type":"","background-media":"","overlay-type":"","overlay-color":"","overlay-opacity":"","overlay-gradient":""},"tablet":{"background-color":"","background-image":"","background-repeat":"repeat","background-position":"center center","background-size":"auto","background-attachment":"scroll","background-type":"","background-media":"","overlay-type":"","overlay-color":"","overlay-opacity":"","overlay-gradient":""},"mobile":{"background-color":"","background-image":"","background-repeat":"repeat","background-position":"center center","background-size":"auto","background-attachment":"scroll","background-type":"","background-media":"","overlay-type":"","overlay-color":"","overlay-opacity":"","overlay-gradient":""}},"ast-content-background-meta":{"desktop":{"background-color":"var(--ast-global-color-5)","background-image":"","background-repeat":"repeat","background-position":"center center","background-size":"auto","background-attachment":"scroll","background-type":"","background-media":"","overlay-type":"","overlay-color":"","overlay-opacity":"","overlay-gradient":""},"tablet":{"background-color":"var(--ast-global-color-5)","background-image":"","background-repeat":"repeat","background-position":"center center","background-size":"auto","background-attachment":"scroll","background-type":"","background-media":"","overlay-type":"","overlay-color":"","overlay-opacity":"","overlay-gradient":""},"mobile":{"background-color":"var(--ast-global-color-5)","background-image":"","background-repeat":"repeat","background-position":"center center","background-size":"auto","background-attachment":"scroll","background-type":"","background-media":"","overlay-type":"","overlay-color":"","overlay-opacity":"","overlay-gradient":""}}},"product_brand":[],"product_cat":[101],"product_tag":[],"class_list":{"0":"post-17802","1":"product","2":"type-product","3":"status-publish","4":"has-post-thumbnail","6":"product_cat-pcba-cleaning-machine","7":"desktop-align-left","8":"tablet-align-left","9":"mobile-align-left","10":"ast-product-gallery-layout-horizontal-slider","11":"ast-product-gallery-with-no-image","12":"ast-product-tabs-layout-horizontal","14":"first","15":"instock","16":"shipping-taxable","17":"purchasable","18":"product-type-simple"},"_links":{"self":[{"href":"https:\/\/dezsmt.com\/es\/wp-json\/wp\/v2\/product\/17802","targetHints":{"allow":["GET"]}}],"collection":[{"href":"https:\/\/dezsmt.com\/es\/wp-json\/wp\/v2\/product"}],"about":[{"href":"https:\/\/dezsmt.com\/es\/wp-json\/wp\/v2\/types\/product"}],"version-history":[{"count":4,"href":"https:\/\/dezsmt.com\/es\/wp-json\/wp\/v2\/product\/17802\/revisions"}],"predecessor-version":[{"id":19623,"href":"https:\/\/dezsmt.com\/es\/wp-json\/wp\/v2\/product\/17802\/revisions\/19623"}],"wp:featuredmedia":[{"embeddable":true,"href":"https:\/\/dezsmt.com\/es\/wp-json\/wp\/v2\/media\/17828"}],"wp:attachment":[{"href":"https:\/\/dezsmt.com\/es\/wp-json\/wp\/v2\/media?parent=17802"}],"wp:term":[{"taxonomy":"product_brand","embeddable":true,"href":"https:\/\/dezsmt.com\/es\/wp-json\/wp\/v2\/product_brand?post=17802"},{"taxonomy":"product_cat","embeddable":true,"href":"https:\/\/dezsmt.com\/es\/wp-json\/wp\/v2\/product_cat?post=17802"},{"taxonomy":"product_tag","embeddable":true,"href":"https:\/\/dezsmt.com\/es\/wp-json\/wp\/v2\/product_tag?post=17802"}],"curies":[{"name":"wp","href":"https:\/\/api.w.org\/{rel}","templated":true}]}}