{"id":17801,"date":"2025-05-05T14:46:59","date_gmt":"2025-05-05T06:46:59","guid":{"rendered":"https:\/\/dezsmt.com\/product-center\/dez-c1520-inline-pcba-water-based-cleaning-machine\/"},"modified":"2025-05-12T19:00:48","modified_gmt":"2025-05-12T11:00:48","slug":"dez-c1520-inline-pcba-water-based-cleaning-machine","status":"publish","type":"product","link":"https:\/\/dezsmt.com\/es\/product-center\/dez-c1520-inline-pcba-water-based-cleaning-machine\/","title":{"rendered":"DEZ-C1520 M\u00e1quina de limpieza en l\u00ednea de PCBA a base de agua"},"content":{"rendered":"<div data-elementor-type=\"product-post\" data-elementor-id=\"17801\" class=\"elementor elementor-17801\" data-elementor-post-type=\"product\">\n\t\t\t\t<div class=\"elementor-element elementor-element-3cec047b e-flex e-con-boxed e-con e-parent\" data-id=\"3cec047b\" data-element_type=\"container\" data-e-type=\"container\" data-settings=\"{&quot;ekit_has_onepagescroll_dot&quot;:&quot;yes&quot;}\">\n\t\t\t\t\t<div class=\"e-con-inner\">\n\t\t\t\t<div class=\"elementor-element elementor-element-954290e e-n-tabs-mobile elementor-widget elementor-widget-n-tabs\" data-id=\"954290e\" data-element_type=\"widget\" data-e-type=\"widget\" data-settings=\"{&quot;tabs_justify_horizontal&quot;:&quot;stretch&quot;,&quot;horizontal_scroll&quot;:&quot;disable&quot;,&quot;ekit_we_effect_on&quot;:&quot;none&quot;}\" data-widget_type=\"nested-tabs.default\">\n\t\t\t\t\t\t\t<div class=\"e-n-tabs\" data-widget-number=\"156510478\" aria-label=\"Pesta\u00f1as. Abre elementos con Intro o Espacio, ci\u00e9rralos con Escape y navega con las fechas.\">\n\t\t\t<div class=\"e-n-tabs-heading\" role=\"tablist\">\n\t\t\t\t\t<button id=\"e-n-tab-title-1565104781\" data-tab-title-id=\"e-n-tab-title-1565104781\" class=\"e-n-tab-title\" aria-selected=\"true\" data-tab-index=\"1\" role=\"tab\" tabindex=\"0\" aria-controls=\"e-n-tab-content-1565104781\" style=\"--n-tabs-title-order: 1;\">\n\t\t\t\t\t\t<span class=\"e-n-tab-title-text\">\n\t\t\t\tEspecificaciones destacadas\t\t\t<\/span>\n\t\t<\/button>\n\t\t\t\t<button id=\"e-n-tab-title-1565104782\" data-tab-title-id=\"e-n-tab-title-1565104782\" class=\"e-n-tab-title\" aria-selected=\"false\" data-tab-index=\"2\" role=\"tab\" tabindex=\"-1\" aria-controls=\"e-n-tab-content-1565104782\" style=\"--n-tabs-title-order: 2;\">\n\t\t\t\t\t\t<span class=\"e-n-tab-title-text\">\n\t\t\t\tV\u00eddeo\t\t\t<\/span>\n\t\t<\/button>\n\t\t\t\t\t<\/div>\n\t\t\t<div class=\"e-n-tabs-content\">\n\t\t\t\t<div id=\"e-n-tab-content-1565104781\" role=\"tabpanel\" aria-labelledby=\"e-n-tab-title-1565104781\" data-tab-index=\"1\" style=\"--n-tabs-title-order: 1;\" class=\"e-active elementor-element elementor-element-cd67a90 e-con-full e-flex e-con e-child\" data-id=\"cd67a90\" data-element_type=\"container\" data-e-type=\"container\" data-settings=\"{&quot;ekit_has_onepagescroll_dot&quot;:&quot;yes&quot;}\">\n\t\t\t\t<div class=\"elementor-element elementor-element-2b36f317 elementor-widget elementor-widget-text-editor\" data-id=\"2b36f317\" data-element_type=\"widget\" data-e-type=\"widget\" data-settings=\"{&quot;ekit_we_effect_on&quot;:&quot;none&quot;}\" data-widget_type=\"text-editor.default\">\n\t\t\t\t\t\t\t\t\t<p><strong>Caracter\u00edsticas principales<\/strong>:<br \/>Tres secciones de proceso: lavado qu\u00edmico, aclarado con agua pura y secado con aire caliente fuerte.<br \/>Cinta transportadora de ancho completo con velocidad ajustable.<br \/>Transporte de cesta de malla de acero inoxidable para mayor durabilidad.<br \/>Sistema de control de pantalla t\u00e1ctil con interfaz intuitiva.<br \/>Varios esquemas de ciclos para diferentes requisitos de limpieza.<br \/>Boquillas multidireccionales de lavado r\u00e1pido para una limpieza eficaz.<br \/>Dep\u00f3sitos de agua independientes para cada secci\u00f3n de limpieza.<br \/>Ventana de cristal con aislamiento t\u00e9rmico de doble capa para ahorrar energ\u00eda.<\/p><p><strong>Ficha t\u00e9cnica<\/strong>:<br \/>- Dimensiones:<br \/>- Tama\u00f1o de la m\u00e1quina: L5210 * W1760 * H1680mm<br \/>- Tama\u00f1o de la cavidad de limpieza: L690 * W620 * H715mm<br \/>- Tama\u00f1o de la cesta de lavado: 610 * W560 * H100mm (dise\u00f1o de doble capa)<br \/>- Requisitos de alimentaci\u00f3n:<br \/>- Potencia de la m\u00e1quina: Aproximadamente 100 kW<br \/>- Potencia de uso: Alrededor de 65-85KW<br \/>- Potencia: AC380V 50HZ<br \/>- Peso: Aproximadamente 2200kg<br \/>- Rendimiento:<br \/>- Tama\u00f1o del producto de limpieza: 500 mm (ancho) * 400 mm (largo) * 80 mm (alto)<br \/>- Consumo de l\u00edquido de limpieza: 1,5-2,5L\/H<br \/>- Consumo de agua DI: 5L-10L\/min<br \/>- Velocidad de transporte: 10mm\/min-1500mm\/min<br \/>- Ruido: &lt; 80 Db - \u00c1rea de lavado qu\u00edmico Presi\u00f3n de pulverizaci\u00f3n: 0-0,6Mpa<br \/>- \u00c1rea de enjuague DI Presi\u00f3n de pulverizaci\u00f3n: 0-0,6Mpa<br \/>- Peso del producto: \u226410kg - Secci\u00f3n de lavado qu\u00edmico Temperatura del dep\u00f3sito de agua: 25-75\u2103<br \/>- \u00c1ngulo de la cuchilla de viento: \u00c1ngulo ajustable, elevaci\u00f3n ajustable<br \/>- M\u00e9todo de instalaci\u00f3n de la boquilla: Conector r\u00e1pido para una f\u00e1cil sustituci\u00f3n<br \/>- Anchura de la cinta de malla: 600 mm, personalizable<br \/>- M\u00e9todo de instalaci\u00f3n de la tuber\u00eda de agua: Conexi\u00f3n r\u00e1pida para facilitar el mantenimiento<br \/>- Precisi\u00f3n de filtraci\u00f3n (secundaria): 100u<br \/>- Requisitos de calidad del agua desionizada:  - &gt;15M\u00a6\u00b8<br \/>- Requisitos de entrada de agua desionizada:<br \/>- 1,0 m3\/h<br \/>- Requisitos de volumen de aire:<br \/>- 1200 CFM<\/p>\t\t\t\t\t\t\t\t<\/div>\n\t\t\t\t<\/div>\n\t\t<div id=\"e-n-tab-content-1565104782\" role=\"tabpanel\" aria-labelledby=\"e-n-tab-title-1565104782\" data-tab-index=\"2\" style=\"--n-tabs-title-order: 2;\" class=\"elementor-element elementor-element-d356c96 e-con-full e-flex e-con e-child\" data-id=\"d356c96\" data-element_type=\"container\" data-e-type=\"container\" data-settings=\"{&quot;ekit_has_onepagescroll_dot&quot;:&quot;yes&quot;}\">\n\t\t\t\t<div class=\"elementor-element elementor-element-e307933 elementor-widget elementor-widget-video\" data-id=\"e307933\" data-element_type=\"widget\" data-e-type=\"widget\" data-settings=\"{&quot;youtube_url&quot;:&quot;https:\\\/\\\/www.youtube.com\\\/watch?v=WaNCJ-UYnao&quot;,&quot;video_type&quot;:&quot;youtube&quot;,&quot;controls&quot;:&quot;yes&quot;,&quot;ekit_we_effect_on&quot;:&quot;none&quot;}\" data-widget_type=\"video.default\">\n\t\t\t\t\t\t\t<div class=\"elementor-wrapper elementor-open-inline\">\n\t\t\t<div class=\"elementor-video\"><\/div>\t\t<\/div>\n\t\t\t\t\t\t<\/div>\n\t\t\t\t<\/div>\n\t\t\t\t\t<\/div>\n\t\t<\/div>\n\t\t\t\t\t\t<\/div>\n\t\t\t\t\t<\/div>\n\t\t\t\t<\/div>\n\t\t\t\t<\/div>","protected":false},"excerpt":{"rendered":"<p>La DEZ-C1520 es una m\u00e1quina de limpieza por pulverizaci\u00f3n de agua en l\u00ednea dise\u00f1ada para limpiar placas PCBA. Ofrece un proceso de limpieza integral con m\u00faltiples etapas, lo que garantiza una gran limpieza y productividad.<\/p>","protected":false},"featured_media":17839,"template":"","meta":{"_lmt_disableupdate":"no","_lmt_disable":"","site-sidebar-layout":"default","site-content-layout":"","ast-site-content-layout":"default","site-content-style":"default","site-sidebar-style":"default","ast-global-header-display":"","ast-banner-title-visibility":"","ast-main-header-display":"","ast-hfb-above-header-display":"","ast-hfb-below-header-display":"","ast-hfb-mobile-header-display":"","site-post-title":"","ast-breadcrumbs-content":"","ast-featured-img":"","footer-sml-layout":"","ast-disable-related-posts":"","theme-transparent-header-meta":"default","adv-header-id-meta":"","stick-header-meta":"default","header-above-stick-meta":"","header-main-stick-meta":"","header-below-stick-meta":"","astra-migrate-meta-layouts":"set","ast-page-background-enabled":"default","ast-page-background-meta":{"desktop":{"background-color":"","background-image":"","background-repeat":"repeat","background-position":"center center","background-size":"auto","background-attachment":"scroll","background-type":"","background-media":"","overlay-type":"","overlay-color":"","overlay-opacity":"","overlay-gradient":""},"tablet":{"background-color":"","background-image":"","background-repeat":"repeat","background-position":"center center","background-size":"auto","background-attachment":"scroll","background-type":"","background-media":"","overlay-type":"","overlay-color":"","overlay-opacity":"","overlay-gradient":""},"mobile":{"background-color":"","background-image":"","background-repeat":"repeat","background-position":"center center","background-size":"auto","background-attachment":"scroll","background-type":"","background-media":"","overlay-type":"","overlay-color":"","overlay-opacity":"","overlay-gradient":""}},"ast-content-background-meta":{"desktop":{"background-color":"var(--ast-global-color-5)","background-image":"","background-repeat":"repeat","background-position":"center center","background-size":"auto","background-attachment":"scroll","background-type":"","background-media":"","overlay-type":"","overlay-color":"","overlay-opacity":"","overlay-gradient":""},"tablet":{"background-color":"var(--ast-global-color-5)","background-image":"","background-repeat":"repeat","background-position":"center center","background-size":"auto","background-attachment":"scroll","background-type":"","background-media":"","overlay-type":"","overlay-color":"","overlay-opacity":"","overlay-gradient":""},"mobile":{"background-color":"var(--ast-global-color-5)","background-image":"","background-repeat":"repeat","background-position":"center center","background-size":"auto","background-attachment":"scroll","background-type":"","background-media":"","overlay-type":"","overlay-color":"","overlay-opacity":"","overlay-gradient":""}}},"product_brand":[],"product_cat":[101],"product_tag":[],"class_list":{"0":"post-17801","1":"product","2":"type-product","3":"status-publish","4":"has-post-thumbnail","6":"product_cat-pcba-cleaning-machine","7":"desktop-align-left","8":"tablet-align-left","9":"mobile-align-left","10":"ast-product-gallery-layout-horizontal-slider","11":"ast-product-gallery-with-no-image","12":"ast-product-tabs-layout-horizontal","14":"first","15":"instock","16":"shipping-taxable","17":"purchasable","18":"product-type-simple"},"_links":{"self":[{"href":"https:\/\/dezsmt.com\/es\/wp-json\/wp\/v2\/product\/17801","targetHints":{"allow":["GET"]}}],"collection":[{"href":"https:\/\/dezsmt.com\/es\/wp-json\/wp\/v2\/product"}],"about":[{"href":"https:\/\/dezsmt.com\/es\/wp-json\/wp\/v2\/types\/product"}],"version-history":[{"count":0,"href":"https:\/\/dezsmt.com\/es\/wp-json\/wp\/v2\/product\/17801\/revisions"}],"wp:featuredmedia":[{"embeddable":true,"href":"https:\/\/dezsmt.com\/es\/wp-json\/wp\/v2\/media\/17839"}],"wp:attachment":[{"href":"https:\/\/dezsmt.com\/es\/wp-json\/wp\/v2\/media?parent=17801"}],"wp:term":[{"taxonomy":"product_brand","embeddable":true,"href":"https:\/\/dezsmt.com\/es\/wp-json\/wp\/v2\/product_brand?post=17801"},{"taxonomy":"product_cat","embeddable":true,"href":"https:\/\/dezsmt.com\/es\/wp-json\/wp\/v2\/product_cat?post=17801"},{"taxonomy":"product_tag","embeddable":true,"href":"https:\/\/dezsmt.com\/es\/wp-json\/wp\/v2\/product_tag?post=17801"}],"curies":[{"name":"wp","href":"https:\/\/api.w.org\/{rel}","templated":true}]}}