{"id":17797,"date":"2025-05-05T14:46:57","date_gmt":"2025-05-05T06:46:57","guid":{"rendered":"https:\/\/dezsmt.com\/product-center\/dez-c730-pneumatic-stencil-cleaning-machine\/"},"modified":"2025-12-04T17:27:55","modified_gmt":"2025-12-04T09:27:55","slug":"dez-c730-pneumatic-stencil-cleaning-machine","status":"publish","type":"product","link":"https:\/\/dezsmt.com\/es\/product-center\/dez-c730-pneumatic-stencil-cleaning-machine\/","title":{"rendered":"DEZ-C730 M\u00e1quina neum\u00e1tica de limpieza de est\u00e9nciles"},"content":{"rendered":"<div data-elementor-type=\"product-post\" data-elementor-id=\"17797\" class=\"elementor elementor-17797\" data-elementor-post-type=\"product\">\n\t\t\t\t<div class=\"elementor-element elementor-element-3448ddf3 e-flex e-con-boxed e-con e-parent\" data-id=\"3448ddf3\" data-element_type=\"container\" data-e-type=\"container\" data-settings=\"{&quot;ekit_has_onepagescroll_dot&quot;:&quot;yes&quot;}\">\n\t\t\t\t\t<div class=\"e-con-inner\">\n\t\t\t\t<div class=\"elementor-element elementor-element-3fe4981 e-n-tabs-mobile elementor-widget elementor-widget-n-tabs\" data-id=\"3fe4981\" data-element_type=\"widget\" data-e-type=\"widget\" data-settings=\"{&quot;tabs_justify_horizontal&quot;:&quot;stretch&quot;,&quot;horizontal_scroll&quot;:&quot;disable&quot;,&quot;ekit_we_effect_on&quot;:&quot;none&quot;}\" data-widget_type=\"nested-tabs.default\">\n\t\t\t\t\t\t\t<div class=\"e-n-tabs\" data-widget-number=\"66996609\" aria-label=\"Pesta\u00f1as. Abre elementos con Intro o Espacio, ci\u00e9rralos con Escape y navega con las fechas.\">\n\t\t\t<div class=\"e-n-tabs-heading\" role=\"tablist\">\n\t\t\t\t\t<button id=\"e-n-tab-title-669966091\" data-tab-title-id=\"e-n-tab-title-669966091\" class=\"e-n-tab-title\" aria-selected=\"true\" data-tab-index=\"1\" role=\"tab\" tabindex=\"0\" aria-controls=\"e-n-tab-content-669966091\" style=\"--n-tabs-title-order: 1;\">\n\t\t\t\t\t\t<span class=\"e-n-tab-title-text\">\n\t\t\t\tvisi\u00f3n general\t\t\t<\/span>\n\t\t<\/button>\n\t\t\t\t<button id=\"e-n-tab-title-669966092\" data-tab-title-id=\"e-n-tab-title-669966092\" class=\"e-n-tab-title\" aria-selected=\"false\" data-tab-index=\"2\" role=\"tab\" tabindex=\"-1\" aria-controls=\"e-n-tab-content-669966092\" style=\"--n-tabs-title-order: 2;\">\n\t\t\t\t\t\t<span class=\"e-n-tab-title-text\">\n\t\t\t\tCaracter\u00edsticas\t\t\t<\/span>\n\t\t<\/button>\n\t\t\t\t<button id=\"e-n-tab-title-669966093\" data-tab-title-id=\"e-n-tab-title-669966093\" class=\"e-n-tab-title\" aria-selected=\"false\" data-tab-index=\"3\" role=\"tab\" tabindex=\"-1\" aria-controls=\"e-n-tab-content-669966093\" style=\"--n-tabs-title-order: 3;\">\n\t\t\t\t\t\t<span class=\"e-n-tab-title-text\">\n\t\t\t\tv\u00eddeo\t\t\t<\/span>\n\t\t<\/button>\n\t\t\t\t\t<\/div>\n\t\t\t<div class=\"e-n-tabs-content\">\n\t\t\t\t<div id=\"e-n-tab-content-669966091\" role=\"tabpanel\" aria-labelledby=\"e-n-tab-title-669966091\" data-tab-index=\"1\" style=\"--n-tabs-title-order: 1;\" class=\"e-active elementor-element elementor-element-0506d16 e-con-full e-flex e-con e-child\" data-id=\"0506d16\" data-element_type=\"container\" data-e-type=\"container\" data-settings=\"{&quot;ekit_has_onepagescroll_dot&quot;:&quot;yes&quot;}\">\n\t\t\t\t<div class=\"elementor-element elementor-element-dd77363 elementor-widget elementor-widget-heading\" data-id=\"dd77363\" data-element_type=\"widget\" data-e-type=\"widget\" data-settings=\"{&quot;ekit_we_effect_on&quot;:&quot;none&quot;}\" data-widget_type=\"heading.default\">\n\t\t\t\t\t<h4 class=\"elementor-heading-title elementor-size-default\">Ventajas fundamentales:<\/h4>\t\t\t\t<\/div>\n\t\t\t\t<div class=\"elementor-element elementor-element-2e12587 elementor-widget elementor-widget-text-editor\" data-id=\"2e12587\" data-element_type=\"widget\" data-e-type=\"widget\" data-settings=\"{&quot;ekit_we_effect_on&quot;:&quot;none&quot;}\" data-widget_type=\"text-editor.default\">\n\t\t\t\t\t\t\t\t\t<ul><li>Excelentes prestaciones de seguridad: S\u00f3lo depende del aire comprimido como energ\u00eda, sin ninguna entrada de corriente, eliminando los riesgos de seguridad causados por el uso de electricidad.<\/li><li>Alta eficacia, protecci\u00f3n del medio ambiente y econom\u00eda El l\u00edquido de limpieza puede reciclarse, lo que reduce en gran medida el consumo y el coste de l\u00edquidos, y reduce el contacto entre los operarios y los l\u00edquidos, reduciendo los da\u00f1os al cuerpo humano; el cuerpo totalmente de acero inoxidable es resistente al desgaste y a la corrosi\u00f3n, y cumple las normas de protecci\u00f3n medioambiental.<\/li><li>Estable y duradero: Todos los componentes clave son de marcas importadas, lo que garantiza un funcionamiento estable y una larga service vida \u00fatil del equipo, y reduce los costes de posventa service tras el periodo de garant\u00eda.<\/li><li>F\u00e1cil de operar: El dise\u00f1o humanizado, la operaci\u00f3n de un solo bot\u00f3n puede completar todo el proceso de limpieza y secado, que es simple y conveniente, puede asegurar la consistencia del efecto de limpieza, y mejorar la eficiencia de la producci\u00f3n.<\/li><\/ul>\t\t\t\t\t\t\t\t<\/div>\n\t\t\t\t<div class=\"elementor-element elementor-element-81cc7b0 elementor-widget elementor-widget-heading\" data-id=\"81cc7b0\" data-element_type=\"widget\" data-e-type=\"widget\" data-settings=\"{&quot;ekit_we_effect_on&quot;:&quot;none&quot;}\" data-widget_type=\"heading.default\">\n\t\t\t\t\t<h4 class=\"elementor-heading-title elementor-size-default\">Flujo de trabajo y funciones b\u00e1sicas:<\/h4>\t\t\t\t<\/div>\n\t\t\t\t<div class=\"elementor-element elementor-element-56e9fc5 elementor-widget elementor-widget-text-editor\" data-id=\"56e9fc5\" data-element_type=\"widget\" data-e-type=\"widget\" data-settings=\"{&quot;ekit_we_effect_on&quot;:&quot;none&quot;}\" data-widget_type=\"text-editor.default\">\n\t\t\t\t\t\t\t\t\t<p>Flujo de trabajo:<\/p><ul><li>El operario introduce manualmente la criba a limpiar en la c\u00e1mara de limpieza para asegurarse de que queda bien colocada.<\/li><li>Seg\u00fan el grado de contaminaci\u00f3n y el material de la pantalla, ajuste el tiempo de limpieza (normalmente de 2 a 8 minutos) y el tiempo de secado al aire (normalmente de 2 a 8 minutos) en el equipo.<\/li><li>Al pulsar el interruptor de arranque, el equipo cierra autom\u00e1ticamente la c\u00e1mara de limpieza y entra en el estado de funcionamiento totalmente autom\u00e1tico: en primer lugar, la pantalla se limpia por ambos lados con alta presi\u00f3n mediante la rotaci\u00f3n de la boquilla y, a continuaci\u00f3n, cambia autom\u00e1ticamente al modo de secado por aire una vez finalizada la limpieza, y la pantalla se seca con aire comprimido.<\/li><li>Cuando se alcanza el tiempo total de funcionamiento establecido, el equipo deja de funcionar autom\u00e1ticamente y avisa de que la limpieza ha finalizado.<\/li><li>El operario activa la funci\u00f3n de reposici\u00f3n del tiempo para pasar al siguiente proceso de limpieza. Todo el proceso no requiere intervenci\u00f3n manual en los pasos intermedios.<\/li><\/ul><p>Funciones principales<\/p><ol><li>Limpieza y secado al aire autom\u00e1ticos: Limpia autom\u00e1ticamente y seca al aire la pantalla colocada en la c\u00e1mara de limpieza para garantizar un efecto de limpieza estable.<\/li><li>Reciclaje del l\u00edquido de limpieza: Realice el reciclaje del l\u00edquido de limpieza, reduzca el consumo y reduzca los costes.<\/li><li>Tratamiento de los gases de escape: El gas de escape generado por el secado al aire se descarga a trav\u00e9s del device de escape especial incorporado para reducir la volatilizaci\u00f3n de l\u00edquidos, la emisi\u00f3n de olores y el consumo de aire comprimido.<\/li><li>Mantenimiento c\u00f3modo: El controlador modular reemplazable y el dise\u00f1o de enchufe r\u00e1pido hacen que el mantenimiento sea sencillo y c\u00f3modo.<\/li><\/ol>\t\t\t\t\t\t\t\t<\/div>\n\t\t\t\t<div class=\"elementor-element elementor-element-29eb0cd elementor-widget elementor-widget-heading\" data-id=\"29eb0cd\" data-element_type=\"widget\" data-e-type=\"widget\" data-settings=\"{&quot;ekit_we_effect_on&quot;:&quot;none&quot;}\" data-widget_type=\"heading.default\">\n\t\t\t\t\t<h4 class=\"elementor-heading-title elementor-size-default\">Estructura del equipo:<\/h4>\t\t\t\t<\/div>\n\t\t\t\t<div class=\"elementor-element elementor-element-2bc6ceb elementor-widget elementor-widget-heading\" data-id=\"2bc6ceb\" data-element_type=\"widget\" data-e-type=\"widget\" data-settings=\"{&quot;ekit_we_effect_on&quot;:&quot;none&quot;}\" data-widget_type=\"heading.default\">\n\t\t\t\t\t<h4 class=\"elementor-heading-title elementor-size-default\">1: Boquilla de limpieza de 360\u00b0 para todo tipo de superficies<\/h4>\t\t\t\t<\/div>\n\t\t\t\t<div class=\"elementor-element elementor-element-8f693dd elementor-widget elementor-widget-image\" data-id=\"8f693dd\" data-element_type=\"widget\" data-e-type=\"widget\" data-settings=\"{&quot;ekit_we_effect_on&quot;:&quot;none&quot;}\" data-widget_type=\"image.default\">\n\t\t\t\t\t\t\t\t\t\t\t\t\t\t\t<img decoding=\"async\" src=\"https:\/\/dezsmt.com\/wp-content\/uploads\/elementor\/thumbs\/\u4e3b\u56fe14-scaled-r8qn1iwiz99awkwrovwn8c7ngqqb4awyflvnimf540.jpg\" title=\"\u4e3b\u56fe14\" alt=\"\u4e3b\u56fe14\" loading=\"lazy\" \/>\t\t\t\t\t\t\t\t\t\t\t\t\t\t\t<\/div>\n\t\t\t\t<div class=\"elementor-element elementor-element-810894f elementor-widget elementor-widget-text-editor\" data-id=\"810894f\" data-element_type=\"widget\" data-e-type=\"widget\" data-settings=\"{&quot;ekit_we_effect_on&quot;:&quot;none&quot;}\" data-widget_type=\"text-editor.default\">\n\t\t\t\t\t\t\t\t\t<p>Equipado con una boquilla de limpieza isob\u00e1rica giratoria de doble cara de alta densidad de 360 grados, la fuerza del chorro de alta presi\u00f3n es fuerte, y puede eliminar completamente las impurezas residuales en la pantalla; el proceso de limpieza no da\u00f1a la tensi\u00f3n de la pantalla, y tiene en cuenta tanto el efecto de limpieza como la protecci\u00f3n de la pantalla.<\/p>\t\t\t\t\t\t\t\t<\/div>\n\t\t\t\t<div class=\"elementor-element elementor-element-f2852ad elementor-widget elementor-widget-heading\" data-id=\"f2852ad\" data-element_type=\"widget\" data-e-type=\"widget\" data-settings=\"{&quot;ekit_we_effect_on&quot;:&quot;none&quot;}\" data-widget_type=\"heading.default\">\n\t\t\t\t\t<h4 class=\"elementor-heading-title elementor-size-default\">2: Cuerpo completo de acero inoxidable<\/h4>\t\t\t\t<\/div>\n\t\t\t\t<div class=\"elementor-element elementor-element-78f12f0 elementor-widget elementor-widget-image\" data-id=\"78f12f0\" data-element_type=\"widget\" data-e-type=\"widget\" data-settings=\"{&quot;ekit_we_effect_on&quot;:&quot;none&quot;}\" data-widget_type=\"image.default\">\n\t\t\t\t\t\t\t\t\t\t\t\t\t\t\t<img decoding=\"async\" src=\"https:\/\/dezsmt.com\/wp-content\/uploads\/elementor\/thumbs\/\u4e3b\u56fe12-scaled-r8qoeqqatymstjf3anseaf3j82575razj7lx57g1b4.jpg\" title=\"\u4e3b\u56fe12\" alt=\"\u4e3b\u56fe12\" loading=\"lazy\" \/>\t\t\t\t\t\t\t\t\t\t\t\t\t\t\t<\/div>\n\t\t\t\t<div class=\"elementor-element elementor-element-70a7a05 elementor-widget elementor-widget-text-editor\" data-id=\"70a7a05\" data-element_type=\"widget\" data-e-type=\"widget\" data-settings=\"{&quot;ekit_we_effect_on&quot;:&quot;none&quot;}\" data-widget_type=\"text-editor.default\">\n\t\t\t\t\t\t\t\t\t<p>El cuerpo est\u00e1 fabricado en acero inoxidable de alta calidad, que no s\u00f3lo tiene un aspecto bonito y cuidado, sino que tambi\u00e9n presenta una gran resistencia al desgaste y a la corrosi\u00f3n. Puede adaptarse a la inmersi\u00f3n prolongada en el l\u00edquido limpiador y a la erosi\u00f3n del polvo en el entorno industrial, y cumple las normas de protecci\u00f3n medioambiental y los requisitos de higiene de la industria.<\/p>\t\t\t\t\t\t\t\t<\/div>\n\t\t\t\t<div class=\"elementor-element elementor-element-580e779 elementor-widget elementor-widget-heading\" data-id=\"580e779\" data-element_type=\"widget\" data-e-type=\"widget\" data-settings=\"{&quot;ekit_we_effect_on&quot;:&quot;none&quot;}\" data-widget_type=\"heading.default\">\n\t\t\t\t\t<h4 class=\"elementor-heading-title elementor-size-default\">3: Estructura de escape especial<\/h4>\t\t\t\t<\/div>\n\t\t\t\t<div class=\"elementor-element elementor-element-59323ee elementor-widget elementor-widget-text-editor\" data-id=\"59323ee\" data-element_type=\"widget\" data-e-type=\"widget\" data-settings=\"{&quot;ekit_we_effect_on&quot;:&quot;none&quot;}\" data-widget_type=\"text-editor.default\">\n\t\t\t\t\t\t\t\t\t<p>El equipo est\u00e1 integrado con un device de escape especialmente dise\u00f1ado. Al descargar el gas de escape secado al aire, puede interceptar eficazmente algunas mol\u00e9culas l\u00edquidas vol\u00e1tiles y reducir la p\u00e9rdida de l\u00edquido; al mismo tiempo, el tubo de escape en forma de S ampl\u00eda la trayectoria de descarga del gas de escape, reduce a\u00fan m\u00e1s la difusi\u00f3n del olor a l\u00edquido y mejora la calidad del aire del taller de operaciones.<\/p>\t\t\t\t\t\t\t\t<\/div>\n\t\t\t\t<div class=\"elementor-element elementor-element-05bd869 elementor-widget elementor-widget-heading\" data-id=\"05bd869\" data-element_type=\"widget\" data-e-type=\"widget\" data-settings=\"{&quot;ekit_we_effect_on&quot;:&quot;none&quot;}\" data-widget_type=\"heading.default\">\n\t\t\t\t\t<h4 class=\"elementor-heading-title elementor-size-default\">4: Entrada de aire por la pared lateral y dise\u00f1o de secado del aire<\/h4>\t\t\t\t<\/div>\n\t\t\t\t<div class=\"elementor-element elementor-element-fdcdfed elementor-widget elementor-widget-text-editor\" data-id=\"fdcdfed\" data-element_type=\"widget\" data-e-type=\"widget\" data-settings=\"{&quot;ekit_we_effect_on&quot;:&quot;none&quot;}\" data-widget_type=\"text-editor.default\">\n\t\t\t\t\t\t\t\t\t<p>A trav\u00e9s de la entrada de aire direccional de la pared lateral, el aire comprimido forma un flujo de aire uniforme en la sala de limpieza, acelera la evaporaci\u00f3n del l\u00edquido en la superficie de la pantalla, mejora la eficiencia del secado por aire y asegura que la pantalla pueda alcanzar r\u00e1pidamente el est\u00e1ndar de secado despu\u00e9s de la limpieza, sin afectar a la producci\u00f3n y uso posteriores.<\/p>\t\t\t\t\t\t\t\t<\/div>\n\t\t\t\t<\/div>\n\t\t<div id=\"e-n-tab-content-669966092\" role=\"tabpanel\" aria-labelledby=\"e-n-tab-title-669966092\" data-tab-index=\"2\" style=\"--n-tabs-title-order: 2;\" class=\"elementor-element elementor-element-b210d29 e-con-full e-flex e-con e-child\" data-id=\"b210d29\" data-element_type=\"container\" data-e-type=\"container\" data-settings=\"{&quot;ekit_has_onepagescroll_dot&quot;:&quot;yes&quot;}\">\n\t\t\t\t<div class=\"elementor-element elementor-element-b0b6b28 elementor-widget elementor-widget-text-editor\" data-id=\"b0b6b28\" data-element_type=\"widget\" data-e-type=\"widget\" data-settings=\"{&quot;ekit_we_effect_on&quot;:&quot;none&quot;}\" data-widget_type=\"text-editor.default\">\n\t\t\t\t\t\t\t\t\t<p>\n<table id=\"tablepress-49\" class=\"tablepress tablepress-id-49\">\n<thead>\n<tr class=\"row-1\">\n\t<th class=\"column-1\">Limpieza Tama\u00f1o<\/th><th class=\"column-2\">750(L) \u00d7 750(W) \u00d7 40mm(H) \u3010 Tama\u00f1o personalizado opcional\u3011<\/th>\n<\/tr>\n<\/thead>\n<tbody class=\"row-striping row-hover\">\n<tr class=\"row-2\">\n\t<td class=\"column-1\">Capacidad m\u00e1xima del dep\u00f3sito<\/td><td class=\"column-2\">40L(Max)<\/td>\n<\/tr>\n<tr class=\"row-3\">\n\t<td class=\"column-1\">Uso \u00f3ptimo del l\u00edquido<\/td><td class=\"column-2\">30L<\/td>\n<\/tr>\n<tr class=\"row-4\">\n\t<td class=\"column-1\">M\u00e9todo de limpieza<\/td><td class=\"column-2\">Rodillo pulverizador isob\u00e1rico de doble cara giratorio 360\u00b0 pulverizaci\u00f3n a alta presi\u00f3n (limpieza por pulverizaci\u00f3n y secado con aire comprimido)<\/td>\n<\/tr>\n<tr class=\"row-5\">\n\t<td class=\"column-1\">Tiempo de limpieza<\/td><td class=\"column-2\">2~4 minutos (proceso convencional)<\/td>\n<\/tr>\n<tr class=\"row-6\">\n\t<td class=\"column-1\">Tiempo de secado<\/td><td class=\"column-2\">De 2 a 5 minutos (proceso convencional)<\/td>\n<\/tr>\n<tr class=\"row-7\">\n\t<td class=\"column-1\">Fuente de aire exterior<\/td><td class=\"column-2\">0,45 \uff5e 0,6(Mpa)<\/td>\n<\/tr>\n<tr class=\"row-8\">\n\t<td class=\"column-1\">Aire comprimido<\/td><td class=\"column-2\">400\uff5e 600L\/Minutos<\/td>\n<\/tr>\n<tr class=\"row-9\">\n\t<td class=\"column-1\">Tama\u00f1o del orificio de escape<\/td><td class=\"column-2\">\u03a6125\u00d725mm(H)<\/td>\n<\/tr>\n<tr class=\"row-10\">\n\t<td class=\"column-1\">sistema de filtrado<\/td><td class=\"column-2\">Filtraci\u00f3n en caja de filtro de primera etapa: 1 mm (filtra impurezas y etiquetas)<\/td>\n<\/tr>\n<tr class=\"row-11\">\n\t<td class=\"column-1\"><\/td><td class=\"column-2\">Filtraci\u00f3n secundaria 5um, Filtraci\u00f3n del elemento filtrante de tercera etapa: 1um (impurezas de micropart\u00edculas)<\/td>\n<\/tr>\n<tr class=\"row-12\">\n\t<td class=\"column-1\">Peso neto de la m\u00e1quina<\/td><td class=\"column-2\">~200Kg<\/td>\n<\/tr>\n<tr class=\"row-13\">\n\t<td class=\"column-1\">Tama\u00f1o de la m\u00e1quina<\/td><td class=\"column-2\">1000(L) \u00d7 710(An) \u00d7 1720mm(Al)<\/td>\n<\/tr>\n<\/tbody>\n<\/table>\n<\/p>\t\t\t\t\t\t\t\t<\/div>\n\t\t\t\t<\/div>\n\t\t<div id=\"e-n-tab-content-669966093\" role=\"tabpanel\" aria-labelledby=\"e-n-tab-title-669966093\" data-tab-index=\"3\" style=\"--n-tabs-title-order: 3;\" class=\"elementor-element elementor-element-03c38e2 e-flex e-con-boxed e-con e-child\" data-id=\"03c38e2\" data-element_type=\"container\" data-e-type=\"container\" data-settings=\"{&quot;ekit_has_onepagescroll_dot&quot;:&quot;yes&quot;}\">\n\t\t\t\t\t<div class=\"e-con-inner\">\n\t\t\t\t<div class=\"elementor-element elementor-element-c31e93a elementor-widget elementor-widget-video\" data-id=\"c31e93a\" data-element_type=\"widget\" data-e-type=\"widget\" data-settings=\"{&quot;youtube_url&quot;:&quot;https:\\\/\\\/www.youtube.com\\\/watch?v=johqZGIG2c4&quot;,&quot;video_type&quot;:&quot;youtube&quot;,&quot;controls&quot;:&quot;yes&quot;,&quot;ekit_we_effect_on&quot;:&quot;none&quot;}\" data-widget_type=\"video.default\">\n\t\t\t\t\t\t\t<div class=\"elementor-wrapper elementor-open-inline\">\n\t\t\t<div class=\"elementor-video\"><\/div>\t\t<\/div>\n\t\t\t\t\t\t<\/div>\n\t\t\t\t\t<\/div>\n\t\t\t\t<\/div>\n\t\t\t\t\t<\/div>\n\t\t<\/div>\n\t\t\t\t\t\t<\/div>\n\t\t\t\t\t<\/div>\n\t\t\t\t<\/div>\n\t\t\t\t<\/div>","protected":false},"excerpt":{"rendered":"<p>DEZ-C730 m\u00e1quina neum\u00e1tica de limpieza de est\u00e9nciles es un equipo de limpieza totalmente neum\u00e1tico de alto rendimiento accionado por aire comprimido. Est\u00e1 especialmente dise\u00f1ado para la limpieza de plantillas SMT, plantillas de cobre, plantillas de pantalla de seda, plantillas de goma y otras pantallas.<\/p>","protected":false},"featured_media":19370,"template":"","meta":{"_lmt_disableupdate":"no","_lmt_disable":"","site-sidebar-layout":"default","site-content-layout":"","ast-site-content-layout":"default","site-content-style":"default","site-sidebar-style":"default","ast-global-header-display":"","ast-banner-title-visibility":"","ast-main-header-display":"","ast-hfb-above-header-display":"","ast-hfb-below-header-display":"","ast-hfb-mobile-header-display":"","site-post-title":"","ast-breadcrumbs-content":"","ast-featured-img":"","footer-sml-layout":"","ast-disable-related-posts":"","theme-transparent-header-meta":"default","adv-header-id-meta":"","stick-header-meta":"default","header-above-stick-meta":"","header-main-stick-meta":"","header-below-stick-meta":"","astra-migrate-meta-layouts":"set","ast-page-background-enabled":"default","ast-page-background-meta":{"desktop":{"background-color":"","background-image":"","background-repeat":"repeat","background-position":"center center","background-size":"auto","background-attachment":"scroll","background-type":"","background-media":"","overlay-type":"","overlay-color":"","overlay-opacity":"","overlay-gradient":""},"tablet":{"background-color":"","background-image":"","background-repeat":"repeat","background-position":"center center","background-size":"auto","background-attachment":"scroll","background-type":"","background-media":"","overlay-type":"","overlay-color":"","overlay-opacity":"","overlay-gradient":""},"mobile":{"background-color":"","background-image":"","background-repeat":"repeat","background-position":"center center","background-size":"auto","background-attachment":"scroll","background-type":"","background-media":"","overlay-type":"","overlay-color":"","overlay-opacity":"","overlay-gradient":""}},"ast-content-background-meta":{"desktop":{"background-color":"var(--ast-global-color-5)","background-image":"","background-repeat":"repeat","background-position":"center center","background-size":"auto","background-attachment":"scroll","background-type":"","background-media":"","overlay-type":"","overlay-color":"","overlay-opacity":"","overlay-gradient":""},"tablet":{"background-color":"var(--ast-global-color-5)","background-image":"","background-repeat":"repeat","background-position":"center center","background-size":"auto","background-attachment":"scroll","background-type":"","background-media":"","overlay-type":"","overlay-color":"","overlay-opacity":"","overlay-gradient":""},"mobile":{"background-color":"var(--ast-global-color-5)","background-image":"","background-repeat":"repeat","background-position":"center center","background-size":"auto","background-attachment":"scroll","background-type":"","background-media":"","overlay-type":"","overlay-color":"","overlay-opacity":"","overlay-gradient":""}}},"product_brand":[],"product_cat":[102],"product_tag":[],"class_list":{"0":"post-17797","1":"product","2":"type-product","3":"status-publish","4":"has-post-thumbnail","6":"product_cat-stencil-cleaning-machine","7":"desktop-align-left","8":"tablet-align-left","9":"mobile-align-left","10":"ast-product-gallery-layout-horizontal-slider","11":"ast-product-tabs-layout-horizontal","13":"first","14":"instock","15":"shipping-taxable","16":"purchasable","17":"product-type-simple"},"_links":{"self":[{"href":"https:\/\/dezsmt.com\/es\/wp-json\/wp\/v2\/product\/17797","targetHints":{"allow":["GET"]}}],"collection":[{"href":"https:\/\/dezsmt.com\/es\/wp-json\/wp\/v2\/product"}],"about":[{"href":"https:\/\/dezsmt.com\/es\/wp-json\/wp\/v2\/types\/product"}],"version-history":[{"count":11,"href":"https:\/\/dezsmt.com\/es\/wp-json\/wp\/v2\/product\/17797\/revisions"}],"predecessor-version":[{"id":19374,"href":"https:\/\/dezsmt.com\/es\/wp-json\/wp\/v2\/product\/17797\/revisions\/19374"}],"wp:featuredmedia":[{"embeddable":true,"href":"https:\/\/dezsmt.com\/es\/wp-json\/wp\/v2\/media\/19370"}],"wp:attachment":[{"href":"https:\/\/dezsmt.com\/es\/wp-json\/wp\/v2\/media?parent=17797"}],"wp:term":[{"taxonomy":"product_brand","embeddable":true,"href":"https:\/\/dezsmt.com\/es\/wp-json\/wp\/v2\/product_brand?post=17797"},{"taxonomy":"product_cat","embeddable":true,"href":"https:\/\/dezsmt.com\/es\/wp-json\/wp\/v2\/product_cat?post=17797"},{"taxonomy":"product_tag","embeddable":true,"href":"https:\/\/dezsmt.com\/es\/wp-json\/wp\/v2\/product_tag?post=17797"}],"curies":[{"name":"wp","href":"https:\/\/api.w.org\/{rel}","templated":true}]}}