{"id":17795,"date":"2025-05-05T14:46:57","date_gmt":"2025-05-05T06:46:57","guid":{"rendered":"https:\/\/dezsmt.com\/product-center\/dez-c780-pneumatic-stencil-cleaning-machine\/"},"modified":"2025-12-04T17:27:16","modified_gmt":"2025-12-04T09:27:16","slug":"dez-c780-pneumatic-stencil-cleaning-machine","status":"publish","type":"product","link":"https:\/\/dezsmt.com\/es\/product-center\/dez-c780-pneumatic-stencil-cleaning-machine\/","title":{"rendered":"DEZ-C780 M\u00e1quina neum\u00e1tica de limpieza de est\u00e9nciles"},"content":{"rendered":"<div data-elementor-type=\"product-post\" data-elementor-id=\"17795\" class=\"elementor elementor-17795\" data-elementor-post-type=\"product\">\n\t\t\t\t<div class=\"elementor-element elementor-element-423d2db8 e-flex e-con-boxed e-con e-parent\" data-id=\"423d2db8\" data-element_type=\"container\" data-e-type=\"container\" data-settings=\"{&quot;ekit_has_onepagescroll_dot&quot;:&quot;yes&quot;}\">\n\t\t\t\t\t<div class=\"e-con-inner\">\n\t\t\t\t<div class=\"elementor-element elementor-element-8b658b0 e-n-tabs-mobile elementor-widget elementor-widget-n-tabs\" data-id=\"8b658b0\" data-element_type=\"widget\" data-e-type=\"widget\" data-settings=\"{&quot;tabs_justify_horizontal&quot;:&quot;stretch&quot;,&quot;horizontal_scroll&quot;:&quot;disable&quot;,&quot;ekit_we_effect_on&quot;:&quot;none&quot;}\" data-widget_type=\"nested-tabs.default\">\n\t\t\t\t\t\t\t<div class=\"e-n-tabs\" data-widget-number=\"146167984\" aria-label=\"Pesta\u00f1as. Abre elementos con Intro o Espacio, ci\u00e9rralos con Escape y navega con las fechas.\">\n\t\t\t<div class=\"e-n-tabs-heading\" role=\"tablist\">\n\t\t\t\t\t<button id=\"e-n-tab-title-1461679841\" data-tab-title-id=\"e-n-tab-title-1461679841\" class=\"e-n-tab-title\" aria-selected=\"true\" data-tab-index=\"1\" role=\"tab\" tabindex=\"0\" aria-controls=\"e-n-tab-content-1461679841\" style=\"--n-tabs-title-order: 1;\">\n\t\t\t\t\t\t<span class=\"e-n-tab-title-text\">\n\t\t\t\tEspecificaciones destacadas\t\t\t<\/span>\n\t\t<\/button>\n\t\t\t\t<button id=\"e-n-tab-title-1461679842\" data-tab-title-id=\"e-n-tab-title-1461679842\" class=\"e-n-tab-title\" aria-selected=\"false\" data-tab-index=\"2\" role=\"tab\" tabindex=\"-1\" aria-controls=\"e-n-tab-content-1461679842\" style=\"--n-tabs-title-order: 2;\">\n\t\t\t\t\t\t<span class=\"e-n-tab-title-text\">\n\t\t\t\tV\u00eddeo\t\t\t<\/span>\n\t\t<\/button>\n\t\t\t\t\t<\/div>\n\t\t\t<div class=\"e-n-tabs-content\">\n\t\t\t\t<div id=\"e-n-tab-content-1461679841\" role=\"tabpanel\" aria-labelledby=\"e-n-tab-title-1461679841\" data-tab-index=\"1\" style=\"--n-tabs-title-order: 1;\" class=\"e-active elementor-element elementor-element-fbabe78 e-con-full e-flex e-con e-child\" data-id=\"fbabe78\" data-element_type=\"container\" data-e-type=\"container\" data-settings=\"{&quot;ekit_has_onepagescroll_dot&quot;:&quot;yes&quot;}\">\n\t\t\t\t<div class=\"elementor-element elementor-element-66bdad8a elementor-widget elementor-widget-text-editor\" data-id=\"66bdad8a\" data-element_type=\"widget\" data-e-type=\"widget\" data-settings=\"{&quot;ekit_we_effect_on&quot;:&quot;none&quot;}\" data-widget_type=\"text-editor.default\">\n\t\t\t\t\t\t\t\t\t<p><strong>Caracter\u00edsticas principales<\/strong>:<br \/>Funcionamiento totalmente neum\u00e1tico sin necesidad de electricidad, lo que garantiza la seguridad.<br \/>Entrada de aire por la pared lateral y dise\u00f1o de secado para un funcionamiento eficaz.<br \/>Dise\u00f1o humanizado con funcionamiento de un solo toque y funciones autom\u00e1ticas de llenado y descarga.<br \/>Controlador modular sustituible y dise\u00f1o de enchufe r\u00e1pido para facilitar el mantenimiento.<br \/>Sistema de filtraci\u00f3n en tres etapas para reciclar disolventes y reducir el consumo de l\u00edquidos.<br \/>Boquilla de limpieza isob\u00e1rica giratoria de doble cara de alta densidad para un gran poder de limpieza.<br \/>Integraci\u00f3n en el sistema de componentes de control globales de alta calidad para un rendimiento estable.<br \/>Cuerpo totalmente de acero inoxidable para mayor durabilidad y cumplimiento de las normas medioambientales.<\/p><p><strong>Ficha t\u00e9cnica<\/strong>:<br \/>- Tama\u00f1o de la plantilla:<br \/>- M\u00e1ximo: 750 mm (largo) * 750 mm (ancho) * 40 mm (alto)<br \/>- Los tama\u00f1os especiales deben personalizarse<br \/>- Capacidad del l\u00edquido limpiador:<br \/>- M\u00e1ximo: 40L*2<br \/>- Uso \u00f3ptimo: 30L<br \/>- M\u00e9todo de limpieza:<br \/>- Rodillo de chorro de alta presi\u00f3n (limpieza \u00a1\u00fa secado) giratorio de doble cara y 360\u00a1\u00e3 de igual presi\u00f3n<br \/>- La hora:<br \/>- Tiempo de limpieza: 2-8 minutos (proceso convencional)<br \/>- Tiempo de secado: 2-8 minutos (proceso convencional)<br \/>- Fuente de aire:<br \/>- Fuente de aire externa: 0,5Mpa a 0,6Mpa<br \/>- Filtraci\u00f3n:<br \/>- Filtraci\u00f3n en tres etapas<br \/>- Nivel 1: 10\u03bcm (filtra residuos y etiquetas)<br \/>- Nivel 2: 5\u03bcm (impurezas de tinta, pasta de plata)<br \/>- Nivel 3: 1\u03bcm (filtra part\u00edculas diminutas)<br \/>- Puerto de escape:<br \/>- Tama\u00f1o: \u00a6\u00b5125(ancho) * 25mm(alto)2<br \/>- Peso de la m\u00e1quina:<br \/>- Peso neto: Aproximadamente 500 kg<br \/>- Tama\u00f1o de la m\u00e1quina:<br \/>- Dimensiones: 1480mm(Largo) * 1050mm(Ancho) * 1730mm(Alto)<br \/>- Aire comprimido:<br \/>- Consumo: 400-600L\/Min2<\/p>\t\t\t\t\t\t\t\t<\/div>\n\t\t\t\t<\/div>\n\t\t<div id=\"e-n-tab-content-1461679842\" role=\"tabpanel\" aria-labelledby=\"e-n-tab-title-1461679842\" data-tab-index=\"2\" style=\"--n-tabs-title-order: 2;\" class=\"elementor-element elementor-element-ffbe609 e-con-full e-flex e-con e-child\" data-id=\"ffbe609\" data-element_type=\"container\" data-e-type=\"container\" data-settings=\"{&quot;ekit_has_onepagescroll_dot&quot;:&quot;yes&quot;}\">\n\t\t\t\t<div class=\"elementor-element elementor-element-5e1389d elementor-widget elementor-widget-video\" data-id=\"5e1389d\" data-element_type=\"widget\" data-e-type=\"widget\" data-settings=\"{&quot;youtube_url&quot;:&quot;https:\\\/\\\/www.youtube.com\\\/watch?v=WaNCJ-UYnao&quot;,&quot;video_type&quot;:&quot;youtube&quot;,&quot;controls&quot;:&quot;yes&quot;,&quot;ekit_we_effect_on&quot;:&quot;none&quot;}\" data-widget_type=\"video.default\">\n\t\t\t\t\t\t\t<div class=\"elementor-wrapper elementor-open-inline\">\n\t\t\t<div class=\"elementor-video\"><\/div>\t\t<\/div>\n\t\t\t\t\t\t<\/div>\n\t\t\t\t<\/div>\n\t\t\t\t\t<\/div>\n\t\t<\/div>\n\t\t\t\t\t\t<\/div>\n\t\t\t\t\t<\/div>\n\t\t\t\t<\/div>\n\t\t\t\t<\/div>","protected":false},"excerpt":{"rendered":"<p>La DEZ-C780 es una m\u00e1quina de limpieza de malla de acero de doble ranura totalmente neum\u00e1tica dise\u00f1ada para limpiar diversos tipos de mallas. Ofrece una limpieza y un secado eficaces, lo que garantiza resultados uniformes y una mayor productividad.<\/p>","protected":false},"featured_media":19372,"template":"","meta":{"_lmt_disableupdate":"no","_lmt_disable":"","site-sidebar-layout":"default","site-content-layout":"","ast-site-content-layout":"default","site-content-style":"default","site-sidebar-style":"default","ast-global-header-display":"","ast-banner-title-visibility":"","ast-main-header-display":"","ast-hfb-above-header-display":"","ast-hfb-below-header-display":"","ast-hfb-mobile-header-display":"","site-post-title":"","ast-breadcrumbs-content":"","ast-featured-img":"","footer-sml-layout":"","ast-disable-related-posts":"","theme-transparent-header-meta":"default","adv-header-id-meta":"","stick-header-meta":"default","header-above-stick-meta":"","header-main-stick-meta":"","header-below-stick-meta":"","astra-migrate-meta-layouts":"set","ast-page-background-enabled":"default","ast-page-background-meta":{"desktop":{"background-color":"","background-image":"","background-repeat":"repeat","background-position":"center center","background-size":"auto","background-attachment":"scroll","background-type":"","background-media":"","overlay-type":"","overlay-color":"","overlay-opacity":"","overlay-gradient":""},"tablet":{"background-color":"","background-image":"","background-repeat":"repeat","background-position":"center center","background-size":"auto","background-attachment":"scroll","background-type":"","background-media":"","overlay-type":"","overlay-color":"","overlay-opacity":"","overlay-gradient":""},"mobile":{"background-color":"","background-image":"","background-repeat":"repeat","background-position":"center center","background-size":"auto","background-attachment":"scroll","background-type":"","background-media":"","overlay-type":"","overlay-color":"","overlay-opacity":"","overlay-gradient":""}},"ast-content-background-meta":{"desktop":{"background-color":"var(--ast-global-color-5)","background-image":"","background-repeat":"repeat","background-position":"center center","background-size":"auto","background-attachment":"scroll","background-type":"","background-media":"","overlay-type":"","overlay-color":"","overlay-opacity":"","overlay-gradient":""},"tablet":{"background-color":"var(--ast-global-color-5)","background-image":"","background-repeat":"repeat","background-position":"center center","background-size":"auto","background-attachment":"scroll","background-type":"","background-media":"","overlay-type":"","overlay-color":"","overlay-opacity":"","overlay-gradient":""},"mobile":{"background-color":"var(--ast-global-color-5)","background-image":"","background-repeat":"repeat","background-position":"center center","background-size":"auto","background-attachment":"scroll","background-type":"","background-media":"","overlay-type":"","overlay-color":"","overlay-opacity":"","overlay-gradient":""}}},"product_brand":[],"product_cat":[102],"product_tag":[],"class_list":{"0":"post-17795","1":"product","2":"type-product","3":"status-publish","4":"has-post-thumbnail","6":"product_cat-stencil-cleaning-machine","7":"desktop-align-left","8":"tablet-align-left","9":"mobile-align-left","10":"ast-product-gallery-layout-horizontal-slider","11":"ast-product-gallery-with-no-image","12":"ast-product-tabs-layout-horizontal","14":"first","15":"instock","16":"shipping-taxable","17":"purchasable","18":"product-type-simple"},"_links":{"self":[{"href":"https:\/\/dezsmt.com\/es\/wp-json\/wp\/v2\/product\/17795","targetHints":{"allow":["GET"]}}],"collection":[{"href":"https:\/\/dezsmt.com\/es\/wp-json\/wp\/v2\/product"}],"about":[{"href":"https:\/\/dezsmt.com\/es\/wp-json\/wp\/v2\/types\/product"}],"version-history":[{"count":1,"href":"https:\/\/dezsmt.com\/es\/wp-json\/wp\/v2\/product\/17795\/revisions"}],"predecessor-version":[{"id":19373,"href":"https:\/\/dezsmt.com\/es\/wp-json\/wp\/v2\/product\/17795\/revisions\/19373"}],"wp:featuredmedia":[{"embeddable":true,"href":"https:\/\/dezsmt.com\/es\/wp-json\/wp\/v2\/media\/19372"}],"wp:attachment":[{"href":"https:\/\/dezsmt.com\/es\/wp-json\/wp\/v2\/media?parent=17795"}],"wp:term":[{"taxonomy":"product_brand","embeddable":true,"href":"https:\/\/dezsmt.com\/es\/wp-json\/wp\/v2\/product_brand?post=17795"},{"taxonomy":"product_cat","embeddable":true,"href":"https:\/\/dezsmt.com\/es\/wp-json\/wp\/v2\/product_cat?post=17795"},{"taxonomy":"product_tag","embeddable":true,"href":"https:\/\/dezsmt.com\/es\/wp-json\/wp\/v2\/product_tag?post=17795"}],"curies":[{"name":"wp","href":"https:\/\/api.w.org\/{rel}","templated":true}]}}