{"id":17792,"date":"2025-05-05T14:46:55","date_gmt":"2025-05-05T06:46:55","guid":{"rendered":"https:\/\/dezsmt.com\/product-center\/dez-c700-automatic-nozzle-cleaning-machine\/"},"modified":"2025-05-12T19:08:11","modified_gmt":"2025-05-12T11:08:11","slug":"dez-c700-automatic-nozzle-cleaning-machine","status":"publish","type":"product","link":"https:\/\/dezsmt.com\/es\/product-center\/dez-c700-automatic-nozzle-cleaning-machine\/","title":{"rendered":"DEZ-C700 M\u00e1quina autom\u00e1tica de limpieza de boquillas"},"content":{"rendered":"<div data-elementor-type=\"product-post\" data-elementor-id=\"17792\" class=\"elementor elementor-17792\" data-elementor-post-type=\"product\">\n\t\t\t\t<div class=\"elementor-element elementor-element-6868483d e-flex e-con-boxed e-con e-parent\" data-id=\"6868483d\" data-element_type=\"container\" data-e-type=\"container\" data-settings=\"{&quot;ekit_has_onepagescroll_dot&quot;:&quot;yes&quot;}\">\n\t\t\t\t\t<div class=\"e-con-inner\">\n\t\t\t\t<div class=\"elementor-element elementor-element-5b5fdb7 e-n-tabs-mobile elementor-widget elementor-widget-n-tabs\" data-id=\"5b5fdb7\" data-element_type=\"widget\" data-e-type=\"widget\" data-settings=\"{&quot;tabs_justify_horizontal&quot;:&quot;stretch&quot;,&quot;horizontal_scroll&quot;:&quot;disable&quot;,&quot;ekit_we_effect_on&quot;:&quot;none&quot;}\" data-widget_type=\"nested-tabs.default\">\n\t\t\t\t\t\t\t<div class=\"e-n-tabs\" data-widget-number=\"95813047\" aria-label=\"Pesta\u00f1as. Abre elementos con Intro o Espacio, ci\u00e9rralos con Escape y navega con las fechas.\">\n\t\t\t<div class=\"e-n-tabs-heading\" role=\"tablist\">\n\t\t\t\t\t<button id=\"e-n-tab-title-958130471\" data-tab-title-id=\"e-n-tab-title-958130471\" class=\"e-n-tab-title\" aria-selected=\"true\" data-tab-index=\"1\" role=\"tab\" tabindex=\"0\" aria-controls=\"e-n-tab-content-958130471\" style=\"--n-tabs-title-order: 1;\">\n\t\t\t\t\t\t<span class=\"e-n-tab-title-text\">\n\t\t\t\tEspecificaciones destacadas\t\t\t<\/span>\n\t\t<\/button>\n\t\t\t\t<button id=\"e-n-tab-title-958130472\" data-tab-title-id=\"e-n-tab-title-958130472\" class=\"e-n-tab-title\" aria-selected=\"false\" data-tab-index=\"2\" role=\"tab\" tabindex=\"-1\" aria-controls=\"e-n-tab-content-958130472\" style=\"--n-tabs-title-order: 2;\">\n\t\t\t\t\t\t<span class=\"e-n-tab-title-text\">\n\t\t\t\tV\u00eddeo\t\t\t<\/span>\n\t\t<\/button>\n\t\t\t\t\t<\/div>\n\t\t\t<div class=\"e-n-tabs-content\">\n\t\t\t\t<div id=\"e-n-tab-content-958130471\" role=\"tabpanel\" aria-labelledby=\"e-n-tab-title-958130471\" data-tab-index=\"1\" style=\"--n-tabs-title-order: 1;\" class=\"e-active elementor-element elementor-element-7decb27 e-con-full e-flex e-con e-child\" data-id=\"7decb27\" data-element_type=\"container\" data-e-type=\"container\" data-settings=\"{&quot;ekit_has_onepagescroll_dot&quot;:&quot;yes&quot;}\">\n\t\t\t\t<div class=\"elementor-element elementor-element-65eb963 elementor-widget elementor-widget-text-editor\" data-id=\"65eb963\" data-element_type=\"widget\" data-e-type=\"widget\" data-settings=\"{&quot;ekit_we_effect_on&quot;:&quot;none&quot;}\" data-widget_type=\"text-editor.default\">\n\t\t\t\t\t\t\t\t\t<p><strong>Caracter\u00edsticas principales<\/strong>:<br \/>Dise\u00f1o aerodin\u00e1mico para mayor est\u00e9tica y facilidad de uso.<br \/>Utiliza tres boquillas para limpiar 30 boquillas en secuencia, mejorando la eficacia.<br \/>Ventana de inspecci\u00f3n completa para facilitar el mantenimiento y el funcionamiento.<br \/>Todas las piezas en contacto con el agua son de acero inoxidable 304 para mayor durabilidad.<br \/>Dise\u00f1o humanizado con encendido y apagado con una sola pulsaci\u00f3n.<br \/>Pantalla t\u00e1ctil + control PLC para un rendimiento estable.<br \/>Equipado con alarma de funcionamiento falso, freno de emergencia y protecci\u00f3n contra sobrecarga.<br \/>Recogida centralizada de residuos para facilitar el mantenimiento.<\/p><p><strong>Ficha t\u00e9cnica<\/strong>:<br \/>- Dimensiones:<br \/>- Tama\u00f1o (LWH): 520mm * 450mm * 620mm<br \/>- Requisitos de alimentaci\u00f3n:<br \/>- Fuente de alimentaci\u00f3n: 220VAC 50\/60Hz<br \/>- Potencia: 250 W<br \/>- Potencia total: 200 W<br \/>- Presi\u00f3n del aire: 0,5 - 0,6MPa<br \/>- Rendimiento:<br \/>- Peso: Aproximadamente 40KG<br \/>- Fuente de aire: Aire comprimido puro<br \/>- Presi\u00f3n de inyecci\u00f3n: 0,4 MPa<br \/>- Consumo de aire: Inferior a 280NL\/min<br \/>- Tipo de l\u00edquido: Agua purificada industrial<br \/>- Consumo de l\u00edquido: 300cc\/hora<br \/>- Capacidad de almacenamiento de l\u00edquidos: 800 cc<br \/>- Conexiones:<br \/>- Tubo de entrada: \u00a1\u00e98<br \/>- Tubo de desag\u00fce: \u00a1\u00e96<br \/>- Especificaciones de la boquilla:<br \/>- Bandeja de boquillas: Por defecto una sola fila de 3 boquillas, 10 filas de 30 boquillas.<br \/>- Tama\u00f1os de boquilla de limpieza: 0402, 0201, 01005, 03015<\/p>\t\t\t\t\t\t\t\t<\/div>\n\t\t\t\t<\/div>\n\t\t<div id=\"e-n-tab-content-958130472\" role=\"tabpanel\" aria-labelledby=\"e-n-tab-title-958130472\" data-tab-index=\"2\" style=\"--n-tabs-title-order: 2;\" class=\"elementor-element elementor-element-f2d2cdc e-con-full e-flex e-con e-child\" data-id=\"f2d2cdc\" data-element_type=\"container\" data-e-type=\"container\" data-settings=\"{&quot;ekit_has_onepagescroll_dot&quot;:&quot;yes&quot;}\">\n\t\t\t\t<div class=\"elementor-element elementor-element-8a614c2 elementor-widget elementor-widget-video\" data-id=\"8a614c2\" data-element_type=\"widget\" data-e-type=\"widget\" data-settings=\"{&quot;youtube_url&quot;:&quot;https:\\\/\\\/www.youtube.com\\\/watch?v=WaNCJ-UYnao&quot;,&quot;video_type&quot;:&quot;youtube&quot;,&quot;controls&quot;:&quot;yes&quot;,&quot;ekit_we_effect_on&quot;:&quot;none&quot;}\" data-widget_type=\"video.default\">\n\t\t\t\t\t\t\t<div class=\"elementor-wrapper elementor-open-inline\">\n\t\t\t<div class=\"elementor-video\"><\/div>\t\t<\/div>\n\t\t\t\t\t\t<\/div>\n\t\t\t\t<\/div>\n\t\t\t\t\t<\/div>\n\t\t<\/div>\n\t\t\t\t\t\t<\/div>\n\t\t\t\t\t<\/div>\n\t\t\t\t<\/div>\n\t\t\t\t<\/div>","protected":false},"excerpt":{"rendered":"<p>La DEZ-C700 es una m\u00e1quina autom\u00e1tica de limpieza de boquillas eficiente y de bajo consumo dise\u00f1ada para limpiar 30 boquillas en secuencia. Ofrece alta eficiencia, f\u00e1cil mantenimiento y construcci\u00f3n a prueba de \u00f3xido, por lo que es ideal para l\u00edneas de producci\u00f3n SMT.<\/p>","protected":false},"featured_media":17842,"template":"","meta":{"_lmt_disableupdate":"no","_lmt_disable":"","site-sidebar-layout":"default","site-content-layout":"","ast-site-content-layout":"default","site-content-style":"default","site-sidebar-style":"default","ast-global-header-display":"","ast-banner-title-visibility":"","ast-main-header-display":"","ast-hfb-above-header-display":"","ast-hfb-below-header-display":"","ast-hfb-mobile-header-display":"","site-post-title":"","ast-breadcrumbs-content":"","ast-featured-img":"","footer-sml-layout":"","ast-disable-related-posts":"","theme-transparent-header-meta":"default","adv-header-id-meta":"","stick-header-meta":"default","header-above-stick-meta":"","header-main-stick-meta":"","header-below-stick-meta":"","astra-migrate-meta-layouts":"set","ast-page-background-enabled":"default","ast-page-background-meta":{"desktop":{"background-color":"","background-image":"","background-repeat":"repeat","background-position":"center center","background-size":"auto","background-attachment":"scroll","background-type":"","background-media":"","overlay-type":"","overlay-color":"","overlay-opacity":"","overlay-gradient":""},"tablet":{"background-color":"","background-image":"","background-repeat":"repeat","background-position":"center center","background-size":"auto","background-attachment":"scroll","background-type":"","background-media":"","overlay-type":"","overlay-color":"","overlay-opacity":"","overlay-gradient":""},"mobile":{"background-color":"","background-image":"","background-repeat":"repeat","background-position":"center center","background-size":"auto","background-attachment":"scroll","background-type":"","background-media":"","overlay-type":"","overlay-color":"","overlay-opacity":"","overlay-gradient":""}},"ast-content-background-meta":{"desktop":{"background-color":"var(--ast-global-color-5)","background-image":"","background-repeat":"repeat","background-position":"center center","background-size":"auto","background-attachment":"scroll","background-type":"","background-media":"","overlay-type":"","overlay-color":"","overlay-opacity":"","overlay-gradient":""},"tablet":{"background-color":"var(--ast-global-color-5)","background-image":"","background-repeat":"repeat","background-position":"center center","background-size":"auto","background-attachment":"scroll","background-type":"","background-media":"","overlay-type":"","overlay-color":"","overlay-opacity":"","overlay-gradient":""},"mobile":{"background-color":"var(--ast-global-color-5)","background-image":"","background-repeat":"repeat","background-position":"center center","background-size":"auto","background-attachment":"scroll","background-type":"","background-media":"","overlay-type":"","overlay-color":"","overlay-opacity":"","overlay-gradient":""}}},"product_brand":[],"product_cat":[103],"product_tag":[],"class_list":{"0":"post-17792","1":"product","2":"type-product","3":"status-publish","4":"has-post-thumbnail","6":"product_cat-nozzle-cleaning-machine","7":"desktop-align-left","8":"tablet-align-left","9":"mobile-align-left","10":"ast-product-gallery-layout-horizontal-slider","11":"ast-product-gallery-with-no-image","12":"ast-product-tabs-layout-horizontal","14":"first","15":"instock","16":"shipping-taxable","17":"purchasable","18":"product-type-simple"},"_links":{"self":[{"href":"https:\/\/dezsmt.com\/es\/wp-json\/wp\/v2\/product\/17792","targetHints":{"allow":["GET"]}}],"collection":[{"href":"https:\/\/dezsmt.com\/es\/wp-json\/wp\/v2\/product"}],"about":[{"href":"https:\/\/dezsmt.com\/es\/wp-json\/wp\/v2\/types\/product"}],"version-history":[{"count":0,"href":"https:\/\/dezsmt.com\/es\/wp-json\/wp\/v2\/product\/17792\/revisions"}],"wp:featuredmedia":[{"embeddable":true,"href":"https:\/\/dezsmt.com\/es\/wp-json\/wp\/v2\/media\/17842"}],"wp:attachment":[{"href":"https:\/\/dezsmt.com\/es\/wp-json\/wp\/v2\/media?parent=17792"}],"wp:term":[{"taxonomy":"product_brand","embeddable":true,"href":"https:\/\/dezsmt.com\/es\/wp-json\/wp\/v2\/product_brand?post=17792"},{"taxonomy":"product_cat","embeddable":true,"href":"https:\/\/dezsmt.com\/es\/wp-json\/wp\/v2\/product_cat?post=17792"},{"taxonomy":"product_tag","embeddable":true,"href":"https:\/\/dezsmt.com\/es\/wp-json\/wp\/v2\/product_tag?post=17792"}],"curies":[{"name":"wp","href":"https:\/\/api.w.org\/{rel}","templated":true}]}}