{"id":4139,"date":"2022-01-06T09:58:20","date_gmt":"2022-01-06T09:58:20","guid":{"rendered":"https:\/\/leadrp.net\/?page_id=4139"},"modified":"2025-08-15T14:34:26","modified_gmt":"2025-08-15T06:34:26","slug":"blog","status":"publish","type":"page","link":"https:\/\/dezsmt.com\/es\/blog\/","title":{"rendered":"Blog"},"content":{"rendered":"<div data-elementor-type=\"wp-page\" data-elementor-id=\"4139\" class=\"elementor elementor-4139\" data-elementor-post-type=\"page\">\n\t\t\t\t<div class=\"elementor-element elementor-element-73a7e0b e-flex e-con-boxed e-con e-parent\" data-id=\"73a7e0b\" data-element_type=\"container\" data-e-type=\"container\" data-settings=\"{&quot;background_background&quot;:&quot;classic&quot;,&quot;ekit_has_onepagescroll_dot&quot;:&quot;yes&quot;}\">\n\t\t\t\t\t<div class=\"e-con-inner\">\n\t\t<div class=\"elementor-element elementor-element-ed80382 e-con-full e-flex e-con e-child\" data-id=\"ed80382\" data-element_type=\"container\" data-e-type=\"container\" data-settings=\"{&quot;ekit_has_onepagescroll_dot&quot;:&quot;yes&quot;}\">\n\t\t\t\t<div class=\"elementor-element elementor-element-e0470cf elementor-widget elementor-widget-heading\" data-id=\"e0470cf\" data-element_type=\"widget\" data-e-type=\"widget\" data-settings=\"{&quot;ekit_we_effect_on&quot;:&quot;none&quot;}\" data-widget_type=\"heading.default\">\n\t\t\t\t\t<h1 class=\"elementor-heading-title elementor-size-default\">Nuestro blog<\/h1>\t\t\t\t<\/div>\n\t\t\t\t<div class=\"elementor-element elementor-element-a00dff5 elementor-widget elementor-widget-text-editor\" data-id=\"a00dff5\" data-element_type=\"widget\" data-e-type=\"widget\" data-settings=\"{&quot;ekit_we_effect_on&quot;:&quot;none&quot;}\" data-widget_type=\"text-editor.default\">\n\t\t\t\t\t\t\t\t\t<p>Nuestro blog Obtenga respuestas directas, consejos \u00fatiles y explicaciones claras sobre la tecnolog\u00eda de montaje de PCB y mucho m\u00e1s en nuestro blog.<\/p>\t\t\t\t\t\t\t\t<\/div>\n\t\t\t\t<\/div>\n\t\t\t\t\t<\/div>\n\t\t\t\t<\/div>\n\t\t\t\t<section class=\"elementor-section elementor-top-section elementor-element elementor-element-v663ux6 elementor-section-boxed elementor-section-height-default elementor-section-height-default\" data-id=\"v663ux6\" data-element_type=\"section\" data-e-type=\"section\" data-settings=\"{&quot;background_background&quot;:&quot;gradient&quot;,&quot;ekit_has_onepagescroll_dot&quot;:&quot;yes&quot;}\">\n\t\t\t\t\t\t<div class=\"elementor-container elementor-column-gap-no\">\n\t\t\t\t\t<div class=\"elementor-column elementor-col-100 elementor-top-column elementor-element elementor-element-e570ee8\" data-id=\"e570ee8\" data-element_type=\"column\" data-e-type=\"column\">\n\t\t\t<div class=\"elementor-widget-wrap elementor-element-populated\">\n\t\t\t\t\t\t<div class=\"elementor-element elementor-element-b2a4a8c elementor-grid-3 elementor-grid-tablet-2 elementor-grid-mobile-1 elementor-posts--thumbnail-top elementor-widget elementor-widget-posts\" data-id=\"b2a4a8c\" data-element_type=\"widget\" data-e-type=\"widget\" data-settings=\"{&quot;pagination_type&quot;:&quot;numbers_and_prev_next&quot;,&quot;classic_columns&quot;:&quot;3&quot;,&quot;classic_columns_tablet&quot;:&quot;2&quot;,&quot;classic_columns_mobile&quot;:&quot;1&quot;,&quot;classic_row_gap&quot;:{&quot;unit&quot;:&quot;px&quot;,&quot;size&quot;:35,&quot;sizes&quot;:[]},&quot;classic_row_gap_tablet&quot;:{&quot;unit&quot;:&quot;px&quot;,&quot;size&quot;:&quot;&quot;,&quot;sizes&quot;:[]},&quot;classic_row_gap_mobile&quot;:{&quot;unit&quot;:&quot;px&quot;,&quot;size&quot;:&quot;&quot;,&quot;sizes&quot;:[]},&quot;ekit_we_effect_on&quot;:&quot;none&quot;}\" data-widget_type=\"posts.classic\">\n\t\t\t\t<div class=\"elementor-widget-container\">\n\t\t\t\t\t\t\t<div class=\"elementor-posts-container elementor-posts elementor-posts--skin-classic elementor-grid\" role=\"list\">\r\n\t\t\t\t<article class=\"elementor-post elementor-grid-item post-19779 post type-post status-publish format-standard has-post-thumbnail hentry category-pcb-cleaning\" role=\"listitem\">\r\n\t\t\t\t<a class=\"elementor-post__thumbnail__link\" href=\"https:\/\/dezsmt.com\/es\/manual-stencil-inspection-machine-cost-effective-smt-stencil-quality-control\/\" tabindex=\"-1\">\r\n\t\t\t<div class=\"elementor-post__thumbnail\"><img decoding=\"async\" width=\"768\" height=\"1024\" src=\"https:\/\/dezsmt.com\/wp-content\/uploads\/2026\/04\/2_\u526f\u672c-768x1024.jpg\" class=\"attachment-medium_large size-medium_large wp-image-19787\" alt=\"\" title=\"\"><\/div>\r\n\t\t<\/a>\r\n\t\t\t\t<div class=\"elementor-post__text\">\r\n\t\t\t\t<h3 class=\"elementor-post__title\">\r\n\t\t\t<a href=\"https:\/\/dezsmt.com\/es\/manual-stencil-inspection-machine-cost-effective-smt-stencil-quality-control\/\">\r\n\t\t\t\tM\u00e1quina de inspecci\u00f3n manual de est\u00e9nciles: Control de calidad rentable de est\u00e9nciles SMT\t\t\t<\/a>\r\n\t\t<\/h3>\r\n\t\t\t\t<div class=\"elementor-post__excerpt\">\r\n\t\t\t<p>En la fabricaci\u00f3n SMT, hasta 65% de los defectos de impresi\u00f3n son atribuibles al est\u00e9ncil: aberturas obstruidas, pasta residual, rebabas en los bordes o desgaste sutil. Mientras que la inspecci\u00f3n automatizada de pasta de soldadura (SPI) en 3D comprueba el dep\u00f3sito impreso,<\/p>\n\t\t<\/div>\r\n\t\t\t\t\t<div class=\"elementor-post__read-more-wrapper\">\r\n\t\t\r\n\t\t<a class=\"elementor-post__read-more\" href=\"https:\/\/dezsmt.com\/es\/manual-stencil-inspection-machine-cost-effective-smt-stencil-quality-control\/\" aria-label=\"Read more about Manual Stencil Inspection Machine: Cost-Effective SMT Stencil Quality Control\" tabindex=\"-1\">\r\n\t\t\tLeer m\u00e1s &quot;\t\t<\/a>\r\n\r\n\t\t\t\t\t<\/div>\r\n\t\t\t\t<\/div>\r\n\t\t\t\t<\/article>\r\n\t\t\t\t<article class=\"elementor-post elementor-grid-item post-19771 post type-post status-publish format-standard has-post-thumbnail hentry category-pcb-cleaning\" role=\"listitem\">\r\n\t\t\t\t<a class=\"elementor-post__thumbnail__link\" href=\"https:\/\/dezsmt.com\/es\/dez-c758-inline-automatic-pcba-single-side-brush-cleaning-machine\/\" tabindex=\"-1\">\r\n\t\t\t<div class=\"elementor-post__thumbnail\"><img decoding=\"async\" width=\"768\" height=\"768\" src=\"https:\/\/dezsmt.com\/wp-content\/uploads\/2026\/04\/C758-PCBA\u6e05\u6d01\u673a-768x768.jpg\" class=\"attachment-medium_large size-medium_large wp-image-19776\" alt=\"\" title=\"\" srcset=\"https:\/\/dezsmt.com\/wp-content\/uploads\/2026\/04\/C758-PCBA\u6e05\u6d01\u673a-768x768.jpg 768w, https:\/\/dezsmt.com\/wp-content\/uploads\/2026\/04\/C758-PCBA\u6e05\u6d01\u673a-300x300.jpg 300w, https:\/\/dezsmt.com\/wp-content\/uploads\/2026\/04\/C758-PCBA\u6e05\u6d01\u673a-1024x1024.jpg 1024w, https:\/\/dezsmt.com\/wp-content\/uploads\/2026\/04\/C758-PCBA\u6e05\u6d01\u673a-150x150.jpg 150w, https:\/\/dezsmt.com\/wp-content\/uploads\/2026\/04\/C758-PCBA\u6e05\u6d01\u673a-1536x1536.jpg 1536w, https:\/\/dezsmt.com\/wp-content\/uploads\/2026\/04\/C758-PCBA\u6e05\u6d01\u673a-12x12.jpg 12w, https:\/\/dezsmt.com\/wp-content\/uploads\/2026\/04\/C758-PCBA\u6e05\u6d01\u673a-600x600.jpg 600w, https:\/\/dezsmt.com\/wp-content\/uploads\/2026\/04\/C758-PCBA\u6e05\u6d01\u673a-100x100.jpg 100w, https:\/\/dezsmt.com\/wp-content\/uploads\/2026\/04\/C758-PCBA\u6e05\u6d01\u673a.jpg 2000w\" sizes=\"(max-width: 768px) 100vw, 768px\" \/><\/div>\r\n\t\t<\/a>\r\n\t\t\t\t<div class=\"elementor-post__text\">\r\n\t\t\t\t<h3 class=\"elementor-post__title\">\r\n\t\t\t<a href=\"https:\/\/dezsmt.com\/es\/dez-c758-inline-automatic-pcba-single-side-brush-cleaning-machine\/\">\r\n\t\t\t\tDEZ-C758 M\u00e1quina autom\u00e1tica en l\u00ednea de limpieza con cepillo de un solo lado para PCBA\t\t\t<\/a>\r\n\t\t<\/h3>\r\n\t\t\t\t<div class=\"elementor-post__excerpt\">\r\n\t\t\t<p>En la producci\u00f3n SMT, el fundente residual, las bolas de soldadura, la tinta y el polvo que quedan en las placas PCBA tras la soldadura son factores clave que afectan a la fiabilidad del producto a largo plazo. Una limpieza incompleta puede lead a migraci\u00f3n electroqu\u00edmica, corrosi\u00f3n e incluso cortocircuitos.<\/p>\n\t\t<\/div>\r\n\t\t\t\t\t<div class=\"elementor-post__read-more-wrapper\">\r\n\t\t\r\n\t\t<a class=\"elementor-post__read-more\" href=\"https:\/\/dezsmt.com\/es\/dez-c758-inline-automatic-pcba-single-side-brush-cleaning-machine\/\" aria-label=\"Read more about DEZ-C758 Inline Automatic PCBA Single-Side Brush Cleaning Machine\" tabindex=\"-1\">\r\n\t\t\tLeer m\u00e1s &quot;\t\t<\/a>\r\n\r\n\t\t\t\t\t<\/div>\r\n\t\t\t\t<\/div>\r\n\t\t\t\t<\/article>\r\n\t\t\t\t<article class=\"elementor-post elementor-grid-item post-19764 post type-post status-publish format-standard has-post-thumbnail hentry category-pcb-cleaning\" role=\"listitem\">\r\n\t\t\t\t<a class=\"elementor-post__thumbnail__link\" href=\"https:\/\/dezsmt.com\/es\/how-to-achieve-perfect-soldering-on-complex-pcb-assemblies\/\" tabindex=\"-1\">\r\n\t\t\t<div class=\"elementor-post__thumbnail\"><img decoding=\"async\" width=\"768\" height=\"512\" src=\"https:\/\/dezsmt.com\/wp-content\/uploads\/2025\/05\/Dez-Smart-turnable-selective-soldering-machine-H3500A-768x512.webp\" class=\"attachment-medium_large size-medium_large wp-image-17824\" alt=\"\" title=\"\" srcset=\"https:\/\/dezsmt.com\/wp-content\/uploads\/2025\/05\/Dez-Smart-turnable-selective-soldering-machine-H3500A-768x512.webp 768w, https:\/\/dezsmt.com\/wp-content\/uploads\/2025\/05\/Dez-Smart-turnable-selective-soldering-machine-H3500A-300x200.webp 300w, https:\/\/dezsmt.com\/wp-content\/uploads\/2025\/05\/Dez-Smart-turnable-selective-soldering-machine-H3500A-600x400.webp 600w, https:\/\/dezsmt.com\/wp-content\/uploads\/2025\/05\/Dez-Smart-turnable-selective-soldering-machine-H3500A-1024x683.webp 1024w, https:\/\/dezsmt.com\/wp-content\/uploads\/2025\/05\/Dez-Smart-turnable-selective-soldering-machine-H3500A-18x12.webp 18w, https:\/\/dezsmt.com\/wp-content\/uploads\/2025\/05\/Dez-Smart-turnable-selective-soldering-machine-H3500A.webp 1200w\" sizes=\"(max-width: 768px) 100vw, 768px\" \/><\/div>\r\n\t\t<\/a>\r\n\t\t\t\t<div class=\"elementor-post__text\">\r\n\t\t\t\t<h3 class=\"elementor-post__title\">\r\n\t\t\t<a href=\"https:\/\/dezsmt.com\/es\/how-to-achieve-perfect-soldering-on-complex-pcb-assemblies\/\">\r\n\t\t\t\tC\u00f3mo lograr una soldadura perfecta en montajes complejos de placas de circuito impreso\t\t\t<\/a>\r\n\t\t<\/h3>\r\n\t\t\t\t<div class=\"elementor-post__excerpt\">\r\n\t\t\t<p>1. Desaf\u00edos de la industria En la fabricaci\u00f3n electr\u00f3nica moderna, los ensamblajes de placas de circuito impreso son cada vez m\u00e1s complejos, con una mezcla de componentes SMT y pasantes en placas de alta densidad. Los procesos tradicionales de soldadura por ola se enfrentan a varios retos cr\u00edticos: - Tensi\u00f3n t\u00e9rmica excesiva<\/p>\n\t\t<\/div>\r\n\t\t\t\t\t<div class=\"elementor-post__read-more-wrapper\">\r\n\t\t\r\n\t\t<a class=\"elementor-post__read-more\" href=\"https:\/\/dezsmt.com\/es\/how-to-achieve-perfect-soldering-on-complex-pcb-assemblies\/\" aria-label=\"Read more about How to Achieve Perfect Soldering on Complex PCB Assemblies\" tabindex=\"-1\">\r\n\t\t\tLeer m\u00e1s &quot;\t\t<\/a>\r\n\r\n\t\t\t\t\t<\/div>\r\n\t\t\t\t<\/div>\r\n\t\t\t\t<\/article>\r\n\t\t\t\t<article class=\"elementor-post elementor-grid-item post-19755 post type-post status-publish format-standard has-post-thumbnail hentry category-pcb-cleaning\" role=\"listitem\">\r\n\t\t\t\t<a class=\"elementor-post__thumbnail__link\" href=\"https:\/\/dezsmt.com\/es\/dez-3100-exploring-turnable-selective-wave-soldering-technology\/\" tabindex=\"-1\">\r\n\t\t\t<div class=\"elementor-post__thumbnail\"><img decoding=\"async\" width=\"550\" height=\"550\" src=\"https:\/\/dezsmt.com\/wp-content\/uploads\/2026\/04\/\u672a\u547d\u540d.jpg\" class=\"attachment-medium_large size-medium_large wp-image-19761\" alt=\"\" title=\"\" srcset=\"https:\/\/dezsmt.com\/wp-content\/uploads\/2026\/04\/\u672a\u547d\u540d.jpg 550w, https:\/\/dezsmt.com\/wp-content\/uploads\/2026\/04\/\u672a\u547d\u540d-300x300.jpg 300w, https:\/\/dezsmt.com\/wp-content\/uploads\/2026\/04\/\u672a\u547d\u540d-150x150.jpg 150w, https:\/\/dezsmt.com\/wp-content\/uploads\/2026\/04\/\u672a\u547d\u540d-12x12.jpg 12w, https:\/\/dezsmt.com\/wp-content\/uploads\/2026\/04\/\u672a\u547d\u540d-100x100.jpg 100w\" sizes=\"(max-width: 550px) 100vw, 550px\" \/><\/div>\r\n\t\t<\/a>\r\n\t\t\t\t<div class=\"elementor-post__text\">\r\n\t\t\t\t<h3 class=\"elementor-post__title\">\r\n\t\t\t<a href=\"https:\/\/dezsmt.com\/es\/dez-3100-exploring-turnable-selective-wave-soldering-technology\/\">\r\n\t\t\t\tDEZ-3100 Exploraci\u00f3n de la tecnolog\u00eda de soldadura por ola selectiva giratoria\t\t\t<\/a>\r\n\t\t<\/h3>\r\n\t\t\t\t<div class=\"elementor-post__excerpt\">\r\n\t\t\t<p>En el panorama actual de la fabricaci\u00f3n electr\u00f3nica, a medida que la integraci\u00f3n de placas de circuito impreso se hace cada vez m\u00e1s densa, la soldadura por ola tradicional de placa completa se enfrenta a importantes retos. Esto es especialmente cierto cuando una placa contiene tanto Devices de montaje superficial (SMD) como tecnolog\u00eda de agujero pasante (THT).<\/p>\n\t\t<\/div>\r\n\t\t\t\t\t<div class=\"elementor-post__read-more-wrapper\">\r\n\t\t\r\n\t\t<a class=\"elementor-post__read-more\" href=\"https:\/\/dezsmt.com\/es\/dez-3100-exploring-turnable-selective-wave-soldering-technology\/\" aria-label=\"Read more about DEZ-3100 Exploring Turnable Selective Wave Soldering Technology\" tabindex=\"-1\">\r\n\t\t\tLeer m\u00e1s &quot;\t\t<\/a>\r\n\r\n\t\t\t\t\t<\/div>\r\n\t\t\t\t<\/div>\r\n\t\t\t\t<\/article>\r\n\t\t\t\t<article class=\"elementor-post elementor-grid-item post-19748 post type-post status-publish format-standard has-post-thumbnail hentry category-pcb-cleaning\" role=\"listitem\">\r\n\t\t\t\t<a class=\"elementor-post__thumbnail__link\" href=\"https:\/\/dezsmt.com\/es\/dez-c743s-dual-chamber-pcba-cleaning-system\/\" tabindex=\"-1\">\r\n\t\t\t<div class=\"elementor-post__thumbnail\"><img decoding=\"async\" width=\"378\" height=\"302\" src=\"https:\/\/dezsmt.com\/wp-content\/uploads\/2026\/03\/\u56fe\u7247-3.png\" class=\"attachment-medium_large size-medium_large wp-image-19753\" alt=\"\" title=\"\" srcset=\"https:\/\/dezsmt.com\/wp-content\/uploads\/2026\/03\/\u56fe\u7247-3.png 378w, https:\/\/dezsmt.com\/wp-content\/uploads\/2026\/03\/\u56fe\u7247-3-300x240.png 300w, https:\/\/dezsmt.com\/wp-content\/uploads\/2026\/03\/\u56fe\u7247-3-15x12.png 15w\" sizes=\"(max-width: 378px) 100vw, 378px\" \/><\/div>\r\n\t\t<\/a>\r\n\t\t\t\t<div class=\"elementor-post__text\">\r\n\t\t\t\t<h3 class=\"elementor-post__title\">\r\n\t\t\t<a href=\"https:\/\/dezsmt.com\/es\/dez-c743s-dual-chamber-pcba-cleaning-system\/\">\r\n\t\t\t\tDEZ-C743S Sistema de limpieza de PCBA de doble c\u00e1mara\t\t\t<\/a>\r\n\t\t<\/h3>\r\n\t\t\t\t<div class=\"elementor-post__excerpt\">\r\n\t\t\t<p>1. El cambio en la industria: \u00bfPor qu\u00e9 la limpieza acuosa est\u00e1 sustituyendo al tradicional IPA? En la industria SMT, a medida que los componentes se miniaturizan cada vez m\u00e1s (como 01005, BGA y QFN) y los requisitos de fiabilidad se disparan, la limpieza manual tradicional con Isopropyl<\/p>\n\t\t<\/div>\r\n\t\t\t\t\t<div class=\"elementor-post__read-more-wrapper\">\r\n\t\t\r\n\t\t<a class=\"elementor-post__read-more\" href=\"https:\/\/dezsmt.com\/es\/dez-c743s-dual-chamber-pcba-cleaning-system\/\" aria-label=\"Read more about DEZ-C743S Dual-Chamber PCBA Cleaning System\" tabindex=\"-1\">\r\n\t\t\tLeer m\u00e1s &quot;\t\t<\/a>\r\n\r\n\t\t\t\t\t<\/div>\r\n\t\t\t\t<\/div>\r\n\t\t\t\t<\/article>\r\n\t\t\t\t<article class=\"elementor-post elementor-grid-item post-19743 post type-post status-publish format-standard has-post-thumbnail hentry category-pcb-cleaning\" role=\"listitem\">\r\n\t\t\t\t<a class=\"elementor-post__thumbnail__link\" href=\"https:\/\/dezsmt.com\/es\/smt-production-challenges-and-smart-equipment-solutions\/\" tabindex=\"-1\">\r\n\t\t\t<div class=\"elementor-post__thumbnail\"><img decoding=\"async\" width=\"768\" height=\"768\" src=\"https:\/\/dezsmt.com\/wp-content\/uploads\/2026\/03\/\u751f\u6210-SMT-\u5370\u5237\u673a\u56fe\u7247-768x768.png\" class=\"attachment-medium_large size-medium_large wp-image-19692\" alt=\"\" title=\"\"><\/div>\r\n\t\t<\/a>\r\n\t\t\t\t<div class=\"elementor-post__text\">\r\n\t\t\t\t<h3 class=\"elementor-post__title\">\r\n\t\t\t<a href=\"https:\/\/dezsmt.com\/es\/smt-production-challenges-and-smart-equipment-solutions\/\">\r\n\t\t\t\tRetos de la producci\u00f3n SMT y soluciones de equipos inteligentes\t\t\t<\/a>\r\n\t\t<\/h3>\r\n\t\t\t\t<div class=\"elementor-post__excerpt\">\r\n\t\t\t<p>En la fabricaci\u00f3n moderna de productos electr\u00f3nicos, la producci\u00f3n SMT es cada vez m\u00e1s compleja y requiere una mayor precisi\u00f3n, limpieza y fiabilidad del proceso. Sin embargo, muchos fabricantes siguen enfrent\u00e1ndose a retos cr\u00edticos en materia de limpieza, calidad de la soldadura y eficacia de la repetici\u00f3n de trabajos. Como fabricante profesional<\/p>\n\t\t<\/div>\r\n\t\t\t\t\t<div class=\"elementor-post__read-more-wrapper\">\r\n\t\t\r\n\t\t<a class=\"elementor-post__read-more\" href=\"https:\/\/dezsmt.com\/es\/smt-production-challenges-and-smart-equipment-solutions\/\" aria-label=\"Read more about SMT Production Challenges and Smart Equipment Solutions\" tabindex=\"-1\">\r\n\t\t\tLeer m\u00e1s &quot;\t\t<\/a>\r\n\r\n\t\t\t\t\t<\/div>\r\n\t\t\t\t<\/div>\r\n\t\t\t\t<\/article>\r\n\t\t\t\t<\/div>\r\n\t\t\r\n\t\t\t\t<div class=\"e-load-more-anchor\" data-page=\"1\" data-max-page=\"5\" data-next-page=\"https:\/\/dezsmt.com\/es\/wp-json\/wp\/v2\/pages\/4139\/page\/2\/\"><\/div>\r\n\t\t\t\t<nav class=\"elementor-pagination\" aria-label=\"Paginaci\u00f3n\">\r\n\t\t\t<span class=\"page-numbers prev\">&quot; Anterior<\/span>\n<span aria-current=\"page\" class=\"page-numbers current\"><span class=\"elementor-screen-only\">P\u00e1gina<\/span>1<\/span>\n<a class=\"page-numbers\" href=\"https:\/\/dezsmt.com\/es\/wp-json\/wp\/v2\/pages\/4139\/page\/2\/\"><span class=\"elementor-screen-only\">P\u00e1gina<\/span>2<\/a>\n<a class=\"page-numbers\" href=\"https:\/\/dezsmt.com\/es\/wp-json\/wp\/v2\/pages\/4139\/page\/3\/\"><span class=\"elementor-screen-only\">P\u00e1gina<\/span>3<\/a>\n<span class=\"page-numbers dots\">\u2026<\/span>\n<a class=\"page-numbers\" href=\"https:\/\/dezsmt.com\/es\/wp-json\/wp\/v2\/pages\/4139\/page\/5\/\"><span class=\"elementor-screen-only\">P\u00e1gina<\/span>5<\/a>\n<a class=\"page-numbers next\" href=\"https:\/\/dezsmt.com\/es\/wp-json\/wp\/v2\/pages\/4139\/page\/2\/\">Pr\u00f3ximo &quot;<\/a>\t\t<\/nav>\r\n\t\t\t\t\t\t<\/div>\n\t\t\t\t<\/div>\n\t\t\t\t\t<\/div>\n\t\t<\/div>\n\t\t\t\t\t<\/div>\n\t\t<\/section>\n\t\t\t\t<\/div>","protected":false},"excerpt":{"rendered":"<p>Nuestro blog Obtenga respuestas directas, consejos \u00fatiles y explicaciones claras sobre la tecnolog\u00eda de montaje de PCB y mucho m\u00e1s en nuestro blog.<\/p>","protected":false},"author":5,"featured_media":0,"parent":0,"menu_order":0,"comment_status":"closed","ping_status":"closed","template":"","meta":{"_lmt_disableupdate":"no","_lmt_disable":"","site-sidebar-layout":"no-sidebar","site-content-layout":"page-builder","ast-site-content-layout":"full-width-container","site-content-style":"unboxed","site-sidebar-style":"unboxed","ast-global-header-display":"","ast-banner-title-visibility":"","ast-main-header-display":"","ast-hfb-above-header-display":"","ast-hfb-below-header-display":"","ast-hfb-mobile-header-display":"","site-post-title":"disabled","ast-breadcrumbs-content":"disabled","ast-featured-img":"disabled","footer-sml-layout":"","ast-disable-related-posts":"","theme-transparent-header-meta":"","adv-header-id-meta":"","stick-header-meta":"","header-above-stick-meta":"","header-main-stick-meta":"","header-below-stick-meta":"","astra-migrate-meta-layouts":"set","ast-page-background-enabled":"default","ast-page-background-meta":{"desktop":{"background-color":"","background-image":"","background-repeat":"repeat","background-position":"center center","background-size":"auto","background-attachment":"scroll","background-type":"","background-media":"","overlay-type":"","overlay-color":"","overlay-opacity":"","overlay-gradient":""},"tablet":{"background-color":"","background-image":"","background-repeat":"repeat","background-position":"center center","background-size":"auto","background-attachment":"scroll","background-type":"","background-media":"","overlay-type":"","overlay-color":"","overlay-opacity":"","overlay-gradient":""},"mobile":{"background-color":"","background-image":"","background-repeat":"repeat","background-position":"center center","background-size":"auto","background-attachment":"scroll","background-type":"","background-media":"","overlay-type":"","overlay-color":"","overlay-opacity":"","overlay-gradient":""}},"ast-content-background-meta":{"desktop":{"background-color":"var(--ast-global-color-5)","background-image":"","background-repeat":"repeat","background-position":"center center","background-size":"auto","background-attachment":"scroll","background-type":"","background-media":"","overlay-type":"","overlay-color":"","overlay-opacity":"","overlay-gradient":""},"tablet":{"background-color":"var(--ast-global-color-5)","background-image":"","background-repeat":"repeat","background-position":"center center","background-size":"auto","background-attachment":"scroll","background-type":"","background-media":"","overlay-type":"","overlay-color":"","overlay-opacity":"","overlay-gradient":""},"mobile":{"background-color":"var(--ast-global-color-5)","background-image":"","background-repeat":"repeat","background-position":"center center","background-size":"auto","background-attachment":"scroll","background-type":"","background-media":"","overlay-type":"","overlay-color":"","overlay-opacity":"","overlay-gradient":""}},"footnotes":""},"class_list":["post-4139","page","type-page","status-publish","hentry"],"_links":{"self":[{"href":"https:\/\/dezsmt.com\/es\/wp-json\/wp\/v2\/pages\/4139","targetHints":{"allow":["GET"]}}],"collection":[{"href":"https:\/\/dezsmt.com\/es\/wp-json\/wp\/v2\/pages"}],"about":[{"href":"https:\/\/dezsmt.com\/es\/wp-json\/wp\/v2\/types\/page"}],"author":[{"embeddable":true,"href":"https:\/\/dezsmt.com\/es\/wp-json\/wp\/v2\/users\/5"}],"replies":[{"embeddable":true,"href":"https:\/\/dezsmt.com\/es\/wp-json\/wp\/v2\/comments?post=4139"}],"version-history":[{"count":6,"href":"https:\/\/dezsmt.com\/es\/wp-json\/wp\/v2\/pages\/4139\/revisions"}],"predecessor-version":[{"id":18963,"href":"https:\/\/dezsmt.com\/es\/wp-json\/wp\/v2\/pages\/4139\/revisions\/18963"}],"wp:attachment":[{"href":"https:\/\/dezsmt.com\/es\/wp-json\/wp\/v2\/media?parent=4139"}],"curies":[{"name":"wp","href":"https:\/\/api.w.org\/{rel}","templated":true}]}}